{"id":10117,"date":"2019-01-16T00:00:00","date_gmt":"2019-01-15T23:00:00","guid":{"rendered":""},"modified":"2025-08-28T12:41:50","modified_gmt":"2025-08-28T10:41:50","slug":"husky","status":"publish","type":"page","link":"https:\/\/uelzener.de\/magazin\/hund\/rasseportrait\/husky\/","title":{"rendered":"Der Husky: Ausdauernde Schlittenhunde"},"content":{"rendered":"<p>Sie begleiten den Menschen seit Jahrhunderten treu durch Schnee und Eis, ziehen ausdauernd Schlitten durch verschneite Landschaften und faszinieren uns mit ihrem intensiven Blick: Huskies. Wir stellen die K\u00f6nige des Winters vor.<\/p>\n<p>Immer hellwach und bereit f\u00fcr den n\u00e4chsten Spaziergang \u2013 das ist typisch f\u00fcr Huskies. Und nicht nur das: Die Laufwunder aus dem hohen Norden sind vielschichtige Charaktere. Ihr verwegenes Aussehen geht auf ihre sibirische Herkunft zur\u00fcck.<\/p>\n<h2>Der Charakter<\/h2>\n<p>Verspielt, sanftm\u00fctig, aber auch eigenwillig und stur \u2013 der Husky hat viele Facetten. Aufgrund seines kontaktfreudigen und freundlichen Wesens ist der Husky als <strong>Familienhund<\/strong> geeignet. Er ist allerdings anspruchsvoll: Langweilen sich die Hunde und sind nicht ausreichend ausgelastet, k\u00f6nnen sie sich schnell widerwillig und teilweise ablehnend gegen\u00fcber ihrem Halter zeigen. Deshalb brauchen sie konsequente Erziehung, t\u00e4glich viel Auslauf und Aufmerksamkeit.<\/p>\n<h2>Das Aussehen<\/h2>\n<p>So vielschichtig wie sein Charakter ist auch das Erscheinungsbild des Huskies. Sein dichtes, mittellanges Fell, perfekt geeignet f\u00fcr winterliche Temperaturen, kann von reinwei\u00df \u00fcber rot bis schwarz in allen Farbt\u00f6nen und Zeichnungen auftreten. Ihre Augenfarbe variiert zwischen dem typischen Blau und Braun. Kurios: Manche Tiere haben je ein blaues und ein braunes Auge. Mit einer durchschnittlichen Schulterh\u00f6he von 55 cm und einem Gewicht bis zu 28 kg sind die k\u00e4lteerprobten Nordlichter zudem keine Riesen.<\/p>\n<h2>Die Haltung<\/h2>\n<p>Die Erziehung der eigenwilligen Tiere mit ausgepr\u00e4gtem Jagdtrieb ist allerdings herausfordernd und nichts f\u00fcr Anf\u00e4nger. Mit konsequentem Training und viel Geduld kann der rassesensible Hundehalter jedoch auch diesem <strong><a href=\"https:\/\/www.uelzener.de\/blog\/tier\/jagdtrieb-beim-hund-durch-training-kontrollieren.html\">Hund den Jagdtrieb abgew\u00f6hnen<\/a><\/strong>. Aufgrund ihres hohen Bewegungsdrangs brauchen Huskies viel Auslauf \u2013 mehrere Stunden pro Tag sind Pflicht. Idealerweise sollten sie in einem Haus mit gro\u00dfem Garten in l\u00e4ndlichen Regionen leben, wo ihr Besitzer t\u00e4glich lange Spazierg\u00e4nge mit ihnen machen kann. Wer sportlich ist, kann an den Zughundesport Canicross ausprobieren.<\/p>\n\n<div class=\"related_articles boxed\">\n    <h2>Mehr zum Thema<\/h2>\n    \n    <div class=\"wrapper\"><div class=\"title align-center\"><h3><a href=\"https:\/\/uelzener.de\/magazin\/hund\/haeufige-fragen\/familienhunde\/\">Ein Familienhund soll es sein: Welche Rassen eignen sich?<\/a><\/h3><\/div><div class=\"img align-center\"><img decoding=\"async\" width=\"315\" height=\"180\" src=\"https:\/\/uelzener.de\/magazin\/app\/uploads\/2022\/10\/familienhund-315x180.jpg\" class=\"attachment-315x180 size-315x180 wp-post-image\" alt=\"Zwei Hunde sitzen im Stroh und schauen aufmerksam. Sind sie eine gute Wahl als Familienhund?\" srcset=\"https:\/\/uelzener.de\/magazin\/app\/uploads\/2022\/10\/familienhund-315x180.jpg 315w, https:\/\/uelzener.de\/magazin\/app\/uploads\/2022\/10\/familienhund-650x369.jpg 650w\" sizes=\"(max-width: 315px) 100vw, 315px\" \/><\/div><\/div><div class=\"wrapper\"><div class=\"title align-center\"><h3><a href=\"https:\/\/uelzener.de\/magazin\/hund\/erziehung-und-training\/zughundesport-canicross\/\">Zughundesport: Canicross<\/a><\/h3><\/div><div class=\"img align-center\"><img decoding=\"async\" width=\"315\" height=\"180\" src=\"https:\/\/uelzener.de\/magazin\/app\/uploads\/2023\/08\/canicross-315x180.jpg\" class=\"attachment-315x180 size-315x180 wp-post-image\" alt=\"Hund und Mensch rennen im Nieselregen beim Zughundesport Canicross.\" \/><\/div><\/div><\/div>\n\n<p>Rassetypische Erbkrankheiten gibt es nicht, vereinzelt k\u00f6nnen maligne Hyperthermie, eine Stoffwechselerkrankung, oder Zinkmangel auftreten. Stammkunde beim Hundefriseur? Nicht der Husky! Sein zweischichtiges, weiches Fell braucht nur wenig Pflege. Regelm\u00e4\u00dfiges B\u00fcrsten reicht aus, dann verfilzt es nicht.<\/p>\n<h2>Die Herkunft<\/h2>\n<p>Der Siberian Husky, so die vollst\u00e4ndige Rassenbezeichnung, stammt urspr\u00fcnglich aus Sibirien. Schon vor Jahrtausenden begleitete er die dort lebenden Nomadenv\u00f6lker durch die rauen Schneelandschaften. Zu Beginn des 20. Jahrhunderts wurden die wintererprobten Tiere in Alaska angesiedelt und erlangten durch ihre gute Eignung als Zugtiere bei Hundeschlittenrennen Ber\u00fchmtheit. Der Schlittenlenker Leonard Seppala begann ab 1910 mit der offiziellen Zucht der Rasse und sorgte so f\u00fcr die weitere Verbreitung. Heute ist die Rasse auch beliebt bei der <a href=\"https:\/\/uelzener.de\/magazin\/hund\/erziehung-und-training\/zughundesport-bikejoering\/\">Zughundesportart Bikej\u00f6ring<\/a>.<\/p>\n","protected":false},"excerpt":{"rendered":"<p>Sie begleiten den Menschen seit Jahrhunderten treu durch Schnee und Eis, ziehen ausdauernd Schlitten durch verschneite Landschaften und faszinieren uns mit ihrem intensiven Blick: Huskies. Wir stellen die K\u00f6nige des Winters vor. Immer hellwach und bereit f\u00fcr den n\u00e4chsten Spaziergang \u2013 das ist typisch f\u00fcr Huskies. Und nicht nur das: Die Laufwunder aus dem hohen [&hellip;]<\/p>\n","protected":false},"author":1,"featured_media":10707,"parent":2475,"menu_order":21,"comment_status":"closed","ping_status":"closed","template":"templates\/blog.php","meta":{"_acf_changed":false,"_crdt_document":"","footnotes":"","beyondwords_generate_audio":"","beyondwords_project_id":"","beyondwords_content_id":"","beyondwords_preview_token":"","beyondwords_player_style":"","beyondwords_language_id":"","beyondwords_title_voice_id":"","beyondwords_body_voice_id":"","beyondwords_summary_voice_id":"","beyondwords_error_message":"","beyondwords_disabled":"","beyondwords_delete_content":"","beyondwords_podcast_id":"","beyondwords_hash":"","publish_post_to_speechkit":"","speechkit_hash":"","speechkit_generate_audio":"","speechkit_project_id":"","speechkit_podcast_id":"","speechkit_error_message":"","speechkit_disabled":"","speechkit_access_key":"","speechkit_error":"","speechkit_info":"","speechkit_response":"","speechkit_retries":"","speechkit_status":"","speechkit_updated_at":"","_speechkit_link":"","_speechkit_text":""},"class_list":["post-10117","page","type-page","status-publish","has-post-thumbnail","hentry"],"acf":[],"yoast_head":"<!-- This site is optimized with the Yoast SEO Premium plugin  - https:\/\/yoast.com\/product\/yoast-seo-premium-wordpress\/ -->\n<title>Husky im Rasseportrait \u2013 Herkunft, Charakter &amp; Haltung | Uelzener<\/title>\n<meta name=\"description\" content=\"Erfahre alles zur Hunderasse Sibirischer Husky \u2713 Herkunft \u2713 Aussehen \u2713 Charakter \u2713 Haltung \u2713 Pflege \u25b6 Hier informieren!\" \/>\n<meta name=\"robots\" content=\"index, follow, max-snippet:-1, max-image-preview:large, max-video-preview:-1\" \/>\n<link rel=\"canonical\" href=\"https:\/\/uelzener.de\/magazin\/hund\/rasseportrait\/husky\/\" \/>\n<meta property=\"og:locale\" content=\"de_DE\" \/>\n<meta property=\"og:type\" content=\"article\" \/>\n<meta property=\"og:title\" content=\"Der Husky: Ausdauernde Schlittenhunde\" \/>\n<meta property=\"og:description\" content=\"Erfahre alles zur Hunderasse Sibirischer Husky \u2713 Herkunft \u2713 Aussehen \u2713 Charakter \u2713 Haltung \u2713 Pflege \u25b6 Hier informieren!\" \/>\n<meta property=\"og:url\" content=\"https:\/\/uelzener.de\/magazin\/hund\/rasseportrait\/husky\/\" \/>\n<meta property=\"og:site_name\" content=\"Uelzener Tier-Magazin\" \/>\n<meta property=\"article:publisher\" content=\"https:\/\/www.facebook.com\/Uelzener\" \/>\n<meta property=\"article:modified_time\" content=\"2025-08-28T10:41:50+00:00\" \/>\n<meta property=\"og:image\" content=\"https:\/\/uelzener.de\/magazin\/app\/uploads\/2019\/01\/802cc5d9-61a3-4b85-897f-c1f31c955c8f.jpg\" \/>\n\t<meta property=\"og:image:width\" content=\"650\" \/>\n\t<meta property=\"og:image:height\" content=\"433\" \/>\n\t<meta property=\"og:image:type\" content=\"image\/jpeg\" \/>\n<meta name=\"twitter:card\" content=\"summary_large_image\" \/>\n<meta name=\"twitter:label1\" content=\"Gesch\u00e4tzte Lesezeit\" \/>\n\t<meta name=\"twitter:data1\" content=\"3\u00a0Minuten\" \/>\n<script type=\"application\/ld+json\" class=\"yoast-schema-graph\">{\"@context\":\"https:\/\/schema.org\",\"@graph\":[{\"@type\":\"WebPage\",\"@id\":\"https:\/\/uelzener.de\/magazin\/hund\/rasseportrait\/husky\/\",\"url\":\"https:\/\/uelzener.de\/magazin\/hund\/rasseportrait\/husky\/\",\"name\":\"Husky im Rasseportrait \u2013 Herkunft, Charakter & Haltung | Uelzener\",\"isPartOf\":{\"@id\":\"https:\/\/uelzener.de\/magazin\/#website\"},\"primaryImageOfPage\":{\"@id\":\"https:\/\/uelzener.de\/magazin\/hund\/rasseportrait\/husky\/#primaryimage\"},\"image\":{\"@id\":\"https:\/\/uelzener.de\/magazin\/hund\/rasseportrait\/husky\/#primaryimage\"},\"thumbnailUrl\":\"https:\/\/uelzener.de\/magazin\/app\/uploads\/2019\/01\/802cc5d9-61a3-4b85-897f-c1f31c955c8f.jpg\",\"datePublished\":\"2019-01-15T23:00:00+00:00\",\"dateModified\":\"2025-08-28T10:41:50+00:00\",\"description\":\"Erfahre alles zur Hunderasse Sibirischer Husky \u2713 Herkunft \u2713 Aussehen \u2713 Charakter \u2713 Haltung \u2713 Pflege \u25b6 Hier informieren!\",\"breadcrumb\":{\"@id\":\"https:\/\/uelzener.de\/magazin\/hund\/rasseportrait\/husky\/#breadcrumb\"},\"inLanguage\":\"de\",\"potentialAction\":[{\"@type\":\"ReadAction\",\"target\":[\"https:\/\/uelzener.de\/magazin\/hund\/rasseportrait\/husky\/\"]}]},{\"@type\":\"ImageObject\",\"inLanguage\":\"de\",\"@id\":\"https:\/\/uelzener.de\/magazin\/hund\/rasseportrait\/husky\/#primaryimage\",\"url\":\"https:\/\/uelzener.de\/magazin\/app\/uploads\/2019\/01\/802cc5d9-61a3-4b85-897f-c1f31c955c8f.jpg\",\"contentUrl\":\"https:\/\/uelzener.de\/magazin\/app\/uploads\/2019\/01\/802cc5d9-61a3-4b85-897f-c1f31c955c8f.jpg\",\"width\":650,\"height\":433,\"caption\":\"Ein schwarz wei\u00dfer Husky springt freudig durch den hohen Schnee.\"},{\"@type\":\"WebSite\",\"@id\":\"https:\/\/uelzener.de\/magazin\/#website\",\"url\":\"https:\/\/uelzener.de\/magazin\/\",\"name\":\"Uelzener Tiermagazin\",\"description\":\"Online Tierratgeber der Uelzener Versicherungen\",\"publisher\":{\"@id\":\"https:\/\/uelzener.de\/magazin\/#organization\"},\"potentialAction\":[{\"@type\":\"SearchAction\",\"target\":{\"@type\":\"EntryPoint\",\"urlTemplate\":\"https:\/\/uelzener.de\/magazin\/?s={search_term_string}\"},\"query-input\":{\"@type\":\"PropertyValueSpecification\",\"valueRequired\":true,\"valueName\":\"search_term_string\"}}],\"inLanguage\":\"de\"},{\"@type\":\"Organization\",\"@id\":\"https:\/\/uelzener.de\/magazin\/#organization\",\"name\":\"Uelzener Versicherungen\",\"url\":\"https:\/\/uelzener.de\/magazin\/\",\"logo\":{\"@type\":\"ImageObject\",\"inLanguage\":\"de\",\"@id\":\"https:\/\/uelzener.de\/magazin\/#\/schema\/logo\/image\/\",\"url\":\"https:\/\/uelzener.de\/magazin\/app\/uploads\/2024\/11\/uelzener_allgemeine_versicherungsgesellschaft_a_g_logo.jpg\",\"contentUrl\":\"https:\/\/uelzener.de\/magazin\/app\/uploads\/2024\/11\/uelzener_allgemeine_versicherungsgesellschaft_a_g_logo.jpg\",\"width\":200,\"height\":200,\"caption\":\"Uelzener Versicherungen\"},\"image\":{\"@id\":\"https:\/\/uelzener.de\/magazin\/#\/schema\/logo\/image\/\"},\"sameAs\":[\"https:\/\/www.facebook.com\/Uelzener\",\"https:\/\/instagram.com\/uelzener\",\"https:\/\/www.xing.com\/pages\/uelzenerallgemeineversicherungs-gesellschafta-g\",\"https:\/\/www.youtube.com\/UelzenerVersicherungen\"]}]}<\/script>\n<!-- \/ Yoast SEO Premium plugin. -->","yoast_head_json":{"title":"Husky im Rasseportrait \u2013 Herkunft, Charakter & Haltung | Uelzener","description":"Erfahre alles zur Hunderasse Sibirischer Husky \u2713 Herkunft \u2713 Aussehen \u2713 Charakter \u2713 Haltung \u2713 Pflege \u25b6 Hier informieren!","robots":{"index":"index","follow":"follow","max-snippet":"max-snippet:-1","max-image-preview":"max-image-preview:large","max-video-preview":"max-video-preview:-1"},"canonical":"https:\/\/uelzener.de\/magazin\/hund\/rasseportrait\/husky\/","og_locale":"de_DE","og_type":"article","og_title":"Der Husky: Ausdauernde Schlittenhunde","og_description":"Erfahre alles zur Hunderasse Sibirischer Husky \u2713 Herkunft \u2713 Aussehen \u2713 Charakter \u2713 Haltung \u2713 Pflege \u25b6 Hier informieren!","og_url":"https:\/\/uelzener.de\/magazin\/hund\/rasseportrait\/husky\/","og_site_name":"Uelzener Tier-Magazin","article_publisher":"https:\/\/www.facebook.com\/Uelzener","article_modified_time":"2025-08-28T10:41:50+00:00","og_image":[{"width":650,"height":433,"url":"https:\/\/uelzener.de\/magazin\/app\/uploads\/2019\/01\/802cc5d9-61a3-4b85-897f-c1f31c955c8f.jpg","type":"image\/jpeg"}],"twitter_card":"summary_large_image","twitter_misc":{"Gesch\u00e4tzte Lesezeit":"3\u00a0Minuten"},"schema":{"@context":"https:\/\/schema.org","@graph":[{"@type":"WebPage","@id":"https:\/\/uelzener.de\/magazin\/hund\/rasseportrait\/husky\/","url":"https:\/\/uelzener.de\/magazin\/hund\/rasseportrait\/husky\/","name":"Husky im Rasseportrait \u2013 Herkunft, Charakter & Haltung | Uelzener","isPartOf":{"@id":"https:\/\/uelzener.de\/magazin\/#website"},"primaryImageOfPage":{"@id":"https:\/\/uelzener.de\/magazin\/hund\/rasseportrait\/husky\/#primaryimage"},"image":{"@id":"https:\/\/uelzener.de\/magazin\/hund\/rasseportrait\/husky\/#primaryimage"},"thumbnailUrl":"https:\/\/uelzener.de\/magazin\/app\/uploads\/2019\/01\/802cc5d9-61a3-4b85-897f-c1f31c955c8f.jpg","datePublished":"2019-01-15T23:00:00+00:00","dateModified":"2025-08-28T10:41:50+00:00","description":"Erfahre alles zur Hunderasse Sibirischer Husky \u2713 Herkunft \u2713 Aussehen \u2713 Charakter \u2713 Haltung \u2713 Pflege \u25b6 Hier informieren!","breadcrumb":{"@id":"https:\/\/uelzener.de\/magazin\/hund\/rasseportrait\/husky\/#breadcrumb"},"inLanguage":"de","potentialAction":[{"@type":"ReadAction","target":["https:\/\/uelzener.de\/magazin\/hund\/rasseportrait\/husky\/"]}]},{"@type":"ImageObject","inLanguage":"de","@id":"https:\/\/uelzener.de\/magazin\/hund\/rasseportrait\/husky\/#primaryimage","url":"https:\/\/uelzener.de\/magazin\/app\/uploads\/2019\/01\/802cc5d9-61a3-4b85-897f-c1f31c955c8f.jpg","contentUrl":"https:\/\/uelzener.de\/magazin\/app\/uploads\/2019\/01\/802cc5d9-61a3-4b85-897f-c1f31c955c8f.jpg","width":650,"height":433,"caption":"Ein schwarz wei\u00dfer Husky springt freudig durch den hohen Schnee."},{"@type":"WebSite","@id":"https:\/\/uelzener.de\/magazin\/#website","url":"https:\/\/uelzener.de\/magazin\/","name":"Uelzener Tiermagazin","description":"Online Tierratgeber der Uelzener Versicherungen","publisher":{"@id":"https:\/\/uelzener.de\/magazin\/#organization"},"potentialAction":[{"@type":"SearchAction","target":{"@type":"EntryPoint","urlTemplate":"https:\/\/uelzener.de\/magazin\/?s={search_term_string}"},"query-input":{"@type":"PropertyValueSpecification","valueRequired":true,"valueName":"search_term_string"}}],"inLanguage":"de"},{"@type":"Organization","@id":"https:\/\/uelzener.de\/magazin\/#organization","name":"Uelzener Versicherungen","url":"https:\/\/uelzener.de\/magazin\/","logo":{"@type":"ImageObject","inLanguage":"de","@id":"https:\/\/uelzener.de\/magazin\/#\/schema\/logo\/image\/","url":"https:\/\/uelzener.de\/magazin\/app\/uploads\/2024\/11\/uelzener_allgemeine_versicherungsgesellschaft_a_g_logo.jpg","contentUrl":"https:\/\/uelzener.de\/magazin\/app\/uploads\/2024\/11\/uelzener_allgemeine_versicherungsgesellschaft_a_g_logo.jpg","width":200,"height":200,"caption":"Uelzener Versicherungen"},"image":{"@id":"https:\/\/uelzener.de\/magazin\/#\/schema\/logo\/image\/"},"sameAs":["https:\/\/www.facebook.com\/Uelzener","https:\/\/instagram.com\/uelzener","https:\/\/www.xing.com\/pages\/uelzenerallgemeineversicherungs-gesellschafta-g","https:\/\/www.youtube.com\/UelzenerVersicherungen"]}]}},"_links":{"self":[{"href":"https:\/\/uelzener.de\/magazin\/wp-json\/wp\/v2\/pages\/10117","targetHints":{"allow":["GET"]}}],"collection":[{"href":"https:\/\/uelzener.de\/magazin\/wp-json\/wp\/v2\/pages"}],"about":[{"href":"https:\/\/uelzener.de\/magazin\/wp-json\/wp\/v2\/types\/page"}],"author":[{"embeddable":true,"href":"https:\/\/uelzener.de\/magazin\/wp-json\/wp\/v2\/users\/1"}],"replies":[{"embeddable":true,"href":"https:\/\/uelzener.de\/magazin\/wp-json\/wp\/v2\/comments?post=10117"}],"version-history":[{"count":13,"href":"https:\/\/uelzener.de\/magazin\/wp-json\/wp\/v2\/pages\/10117\/revisions"}],"predecessor-version":[{"id":19075,"href":"https:\/\/uelzener.de\/magazin\/wp-json\/wp\/v2\/pages\/10117\/revisions\/19075"}],"up":[{"embeddable":true,"href":"https:\/\/uelzener.de\/magazin\/wp-json\/wp\/v2\/pages\/2475"}],"wp:featuredmedia":[{"embeddable":true,"href":"https:\/\/uelzener.de\/magazin\/wp-json\/wp\/v2\/media\/10707"}],"wp:attachment":[{"href":"https:\/\/uelzener.de\/magazin\/wp-json\/wp\/v2\/media?parent=10117"}],"curies":[{"name":"wp","href":"https:\/\/api.w.org\/{rel}","templated":true}]}}