{"id":10116,"date":"2020-01-30T00:00:00","date_gmt":"2020-01-30T00:00:00","guid":{"rendered":""},"modified":"2024-05-10T09:28:59","modified_gmt":"2024-05-10T07:28:59","slug":"jagdtrieb-hund-abgewoehnen","status":"publish","type":"page","link":"https:\/\/uelzener.de\/magazin\/hund\/erziehung-und-training\/jagdtrieb-hund-abgewoehnen\/","title":{"rendered":"Jagdtrieb beim Hund abgew\u00f6hnen"},"content":{"rendered":"<p>Ein gem\u00fctlicher Spaziergang durch den Wald \u2013 daran ist mit einem jagdambitionierten Hund ohne Leine kaum zu denken: Kaum hat die Sp\u00fcrnase eine vielversprechende F\u00e4hrte aufgenommen, begibt sich der Vierbeiner auf die Jagd und verschwindet zwischen den B\u00fcschen. Was Du tun kannst, um Deinem Hund den Jagdtrieb abzugew\u00f6hnen und im Fall der F\u00e4lle sicher zu stoppen, erf\u00e4hrst Du in diesem Beitrag.<\/p>\n<h2>Der Jagdtrieb beim Hund<\/h2>\n<p>Das Jagdverhalten ist in allen Hunden in unterschiedlicher Auspr\u00e4gung angelegt \u2013 je nach Rasse oder Zucht <strong>variiert die Art und Intensit\u00e4t<\/strong> des Jagdverhaltens beim Hund. Anders als beim Wolf kommt es beim Hund bei der Jagd nicht auf den Jagderfolg im Sinne des Erlegens der Beute an, sondern das Aufsp\u00fcren und Hetzen des Wildes f\u00fchrt beim Hund bereits zur <strong>Aussch\u00fcttung von Gl\u00fcckshormonen<\/strong>. An einen gem\u00fctlichen Spaziergang durch den Wald oder waldnahe Gebiete ist bei einem Hund mit ausgepr\u00e4gtem Jagdinstinkt meistens nicht zu denken.<\/p>\n<h2>Wenn der Hund gerne jagt<\/h2>\n<p>Unsere Hunde jagen nicht, weil sie Hunger haben oder der Jagderfolg wahrscheinlich erscheint \u2013 sie jagen, weil das Hinterherhetzen und Aufsp\u00fcren des Wildes <strong>Endorphine freisetzt<\/strong>.<\/p>\n<p>So erkennst du \u00fcbrigens die <a href=\"https:\/\/uelzener.de\/magazin\/hund\/ernaehrung\/hund-hunger-anzeichen\/\">Anzeichen, wenn dein Hund wirklichen Hunger hat<\/a>.<\/p>\n<p>Ist Dein Hund ein leidenschaftlicher J\u00e4ger, der w\u00e4hrend eines Spaziergangs bereits mehrfach unkontrolliert Wild gehetzt hat, wird es auch mit einer konsequenten Hundeerziehung sehr schwierig bis unm\u00f6glich, jemals entspannt <a href=\"https:\/\/uelzener.de\/magazin\/hund\/erziehung-und-training\/ohne-leine-gassi-gehen-tipps-tricks\/\" target=\"_blank\" rel=\"noopener\">ohne Leine<\/a> in einem wildreichen Gel\u00e4nde unterwegs zu sein. Um das Verhalten des Tieres zu \u00e4ndern, ist ein <strong>Antijagdtraining<\/strong> bei einem auf diese Thematik <strong>spezialisierten Hundetrainer <\/strong>oder eine <a href=\"https:\/\/uelzener.de\/magazin\/hund\/erziehung-und-training\/hundeschule-ja-oder-nein\/\"><strong>Hundeschule<\/strong><\/a>\u00a0in diesem Fall eine gute Idee.<\/p>\n<p>Jeder Hund, ganz gleich welcher Rasse, sollte trainieren, Reizen auch in einem erh\u00f6hten Erregungszustand nicht nachzugeben. Um den Jagdtrieb des Hundes abzugew\u00f6hnen, muss das Tier lernen, sich selbst zu kontrollieren und die Situation auszuhalten. Bevor das Training intensiviert werden kann, ist es zun\u00e4chst wichtig, dass der Vierbeiner Bewegungsreizen standh\u00e4lt.<\/p>\n<h2>Jagdverhalten beim Hund fr\u00fch umlenken<\/h2>\n<p>Impulskontrolle ist hier das Stichwort. Es gibt viele Situationen im Alltag, in denen man das <strong>Training der Impulskontrolle<\/strong> mit einbinden kann. Beispielsweise sollte ein Hund nicht immer wieder unkontrolliert einem Spielzeug hinterherjagen. Im ersten Schritt muss daran gearbeitet werden, dass der Hund Bewegungsreize entspannt aushalten kann. Erst wenn der Vierbeiner <strong>ruhig und mental erreichbar bleibt<\/strong>, beginnen Frauchen oder Herrchen mit kontrollierten Apportierspielen. Schon beim Welpen k\u00f6nnen Hundehalter mit kleinen Dingen beginnen.<\/p>\n<p>Ein weiteres Beispiel f\u00fcr Impulskontrolle im Alltag ist das <strong>Warten auf eine Freigabe<\/strong>. Dies kann zum Beispiel \u00fcber Handzeichen oder eine Hundepfeife erfolgen. Eine Freigabe bietet sich an, bevor Dein Hund mit dem Fressen beginnt und bevor er aus der Haust\u00fcr oder aus dem Kofferraum st\u00fcrmt. Ist Dein Hund in solchen Situationen ansprechbar und wei\u00df sich zur\u00fcckzunehmen, bietet dies eine gute Grundlage f\u00fcr das weitere Training.<\/p>\n<h2>Zuverl\u00e4ssiges \u201eStopp\u201c-Kommando etablieren<\/h2>\n<p>Wenn der vorherige Punkt gut funktioniert und der Hund seinem Jagdtrieb sowie diversen Reizen nicht unkontrolliert nachgeht, kann das <strong>kontrollierte Ballspielen<\/strong> in das Training integriert werden. Diese Methode ist eine gro\u00dfe Hilfe, um Ihrem Hund den Jagdtrieb abzugew\u00f6hnen. Das Spiel mit dem Ball bietet eine Ersatzjagdbefriedigung. Voraussetzung daf\u00fcr ist, dass das <strong>Stopp-Kommando<\/strong> gut funktioniert. Du stoppst Deinen Hund, w\u00e4hrend Du das Spielzeug in eine Richtung wirfst. H\u00e4lt der Hund auf das Kommando hin an, wirft man mit gro\u00dfem Jubel seinen Lieblingsball in die andere Richtung. Die Belohnung f\u00fcr den Vierbeiner ist somit ein neues, aufregenderes Spiel. Der Hund soll dabei lernen: Es lohnt sich f\u00fcr mich, auf das Stopp-Kommando zu h\u00f6ren und auf meinen Menschen zu achten.<\/p>\n<p><img decoding=\"async\" src=\"\/magazin\/app\/uploads\/2021\/02\/a49e8a1a-f149-4e67-98a8-d7373b893771.jpg\" \/><\/p>\n<p>Wer die vorherigen \u00dcbungen gut gemeistert hat, kann den Trainingsort in den Wald verlegen. Hier bleibt der Hund zur Sicherheit erstmal <strong>angeleint<\/strong>. Dabei empfiehlt sich eine Schleppleine. Die <strong>Schleppleine bietet dem Hund ausreichend Bewegungsfreiheit<\/strong>, gibt aber zugleich auch dem Hundehalter etwas mehr Sicherheit beim Umgang mit einem Hund mit Jagdtrieb. Das \u201eStopp und Spiel\u201c sollte Dein Hund gut verinnerlicht und automatisiert haben, sodass er gar nicht erst \u00fcberlegen muss, was er tun sollte.<\/p>\n<h2>Hund mit Jagdtrieb frei laufen lassen<\/h2>\n<p>Wann und ob es \u00fcberhaupt jemals soweit sein wird, dass ein Hund mit Jagdtrieb frei laufen gelassen werden kann, ist nicht nur eine Frage der Hundeerziehung und des Antijagdtrainings, sondern auch eine Frage der inneren Einstellung des Hundebesitzers.<\/p>\n<p>Grunds\u00e4tzlich ist es ratsam, das richtige Mindset zu haben. Dazu sollte der innere Fokus von \u201eWehe, du gehst jetzt jagen!\u201c (aggressiv, hohes Erregungslevel) zu <strong>\u201eToll angezeigt und jetzt entspannen wir uns wieder\u201c<\/strong> (wohlwollend, freundlich, ruhig) gerichtet sein. Wenn Du die zuvor genannten Punkte beherzigst, bist Du schon einen ganzen Schritt weiter, um Deinem Hund den Jagdtrieb abzutrainieren.<\/p>\n<p>Abh\u00e4ngig von der Rasse und Pers\u00f6nlichkeit des Hundes kann das Abgew\u00f6hnen des Jagdverhaltens beim Hund allerdings langwierig sein. Es hilft, dranzubleiben und nicht aufzugeben. Lass Dich als Hundehalter nicht entmutigen, wenn ein Ausrutscher passiert. <strong>Konsequentes Training<\/strong> zahlt sich am Ende aus.<\/p>\n<h2>Jagen ist kein Kavaliersdelikt<\/h2>\n<p>Wichtig ist, sich im Klaren dar\u00fcber zu sein, dass Jagen und das m\u00f6gliche Erlegen einer Beute kein Kavaliersdelikt ist. Dass der Hund vermutlich kein Wild erlegen wird, kann nicht als Entschuldigung gelten. Zum einen haben auch Wildtiere ein <strong>Recht auf Unversehrtheit und Schut<\/strong>z und d\u00fcrfen nicht von unseren Hunden in Panik und Todesangst versetzt werden. Zum anderen birgt so eine wilde Hatz gro\u00dfe Gefahren. Das panische Wildtier k\u00f6nnte beispielsweise \u00fcber eine Stra\u00dfe getrieben werden, wobei der Tod des Wildes oder des Hundes nur eines von vielen Risiken ist. Damit der Hund gesch\u00fctzt ist falls doch mal ein Unfall passiert, ist es sehr wichtig eine <strong>Hunde-OP-Versicherung<\/strong> abzuschlie\u00dfen.<\/p>\n\n<div class=\"banner\">\n    <a href=\"https:\/\/uelzener.de\/hund\/hunde-op-versicherung\/?agt=0000104925&sem=true&utm_medium=magazin&utm_source=wordpress&utm_campaign=hund_op&utm_content=banner\">\n        <img decoding=\"async\" width=\"300\" height=\"212\" src=\"https:\/\/uelzener.de\/magazin\/app\/uploads\/2025\/01\/Hunde-OP-Versicherung.jpg\" class=\"attachment-medium size-medium\" alt=\"Banner Hunde-OP-Versicherung\" \/>    <\/a>\n<\/div>\n\n<p>Du m\u00f6chtest noch mehr dar\u00fcber erfahren, wie Du und Dein Hund im Alltag zu einem unschlagbaren Team werdet? Dann wirf doch einen Blick in den <strong><a href=\"https:\/\/www.evipo-verlag.eu\/shop\/weitere-infos-zu-hundebuch\/\">Ratgeber \u201eHund &amp; Mensch \u2013 Ein super Team\u201c<\/a><\/strong>, welchen die Uelzener gemeinsam mit Autorin und Hundeexpertin Karen Uecker im evipo-Verlag ver\u00f6ffentlicht hat.<\/p>\n","protected":false},"excerpt":{"rendered":"<p>Ein gem\u00fctlicher Spaziergang durch den Wald \u2013 daran ist mit einem jagdambitionierten Hund ohne Leine kaum zu denken: Kaum hat die Sp\u00fcrnase eine vielversprechende F\u00e4hrte aufgenommen, begibt sich der Vierbeiner auf die Jagd und verschwindet zwischen den B\u00fcschen. Was Du tun kannst, um Deinem Hund den Jagdtrieb abzugew\u00f6hnen und im Fall der F\u00e4lle sicher zu [&hellip;]<\/p>\n","protected":false},"author":1,"featured_media":10706,"parent":11679,"menu_order":38,"comment_status":"open","ping_status":"open","template":"templates\/blog.php","meta":{"_acf_changed":false,"_crdt_document":"","footnotes":"","beyondwords_generate_audio":"0","beyondwords_project_id":"","beyondwords_content_id":"","beyondwords_preview_token":"","beyondwords_player_style":"","beyondwords_language_id":"","beyondwords_title_voice_id":"","beyondwords_body_voice_id":"","beyondwords_summary_voice_id":"","beyondwords_error_message":"","beyondwords_disabled":"","beyondwords_delete_content":"","beyondwords_podcast_id":"","beyondwords_hash":"","publish_post_to_speechkit":"","speechkit_hash":"","speechkit_generate_audio":"","speechkit_project_id":"","speechkit_podcast_id":"","speechkit_error_message":"","speechkit_disabled":"","speechkit_access_key":"","speechkit_error":"","speechkit_info":"","speechkit_response":"","speechkit_retries":"","speechkit_status":"","speechkit_updated_at":"","_speechkit_link":"","_speechkit_text":""},"class_list":["post-10116","page","type-page","status-publish","has-post-thumbnail","hentry"],"acf":[],"yoast_head":"<!-- This site is optimized with the Yoast SEO Premium plugin  - https:\/\/yoast.com\/product\/yoast-seo-premium-wordpress\/ -->\n<title>Jagdtrieb beim Hund abgew\u00f6hnen | Uelzener<\/title>\n<meta name=\"description\" content=\"Mit \u2713Antijagdtraining \u2713 Impulskontrolle &amp; dem richtigen \u2713 Mindset den Jagdtrieb des Hundes abgew\u00f6hnen \u25b6 Jetzt informieren!\" \/>\n<meta name=\"robots\" content=\"index, follow, max-snippet:-1, max-image-preview:large, max-video-preview:-1\" \/>\n<link rel=\"canonical\" href=\"https:\/\/uelzener.de\/magazin\/hund\/erziehung-und-training\/jagdtrieb-hund-abgewoehnen\/\" \/>\n<meta property=\"og:locale\" content=\"de_DE\" \/>\n<meta property=\"og:type\" content=\"article\" \/>\n<meta property=\"og:title\" content=\"Jagdtrieb beim Hund abgew\u00f6hnen\" \/>\n<meta property=\"og:description\" content=\"Mit \u2713Antijagdtraining \u2713 Impulskontrolle &amp; dem richtigen \u2713 Mindset den Jagdtrieb des Hundes abgew\u00f6hnen \u25b6 Jetzt informieren!\" \/>\n<meta property=\"og:url\" content=\"https:\/\/uelzener.de\/magazin\/hund\/erziehung-und-training\/jagdtrieb-hund-abgewoehnen\/\" \/>\n<meta property=\"og:site_name\" content=\"Uelzener Tier-Magazin\" \/>\n<meta property=\"article:publisher\" content=\"https:\/\/www.facebook.com\/Uelzener\" \/>\n<meta property=\"article:modified_time\" content=\"2024-05-10T07:28:59+00:00\" \/>\n<meta property=\"og:image\" content=\"https:\/\/uelzener.de\/magazin\/app\/uploads\/2020\/01\/ccfceca9-e743-4760-93e1-d2ebc452f879-scaled.jpg\" \/>\n\t<meta property=\"og:image:width\" content=\"2560\" \/>\n\t<meta property=\"og:image:height\" content=\"1334\" \/>\n\t<meta property=\"og:image:type\" content=\"image\/jpeg\" \/>\n<meta name=\"twitter:card\" content=\"summary_large_image\" \/>\n<meta name=\"twitter:label1\" content=\"Gesch\u00e4tzte Lesezeit\" \/>\n\t<meta name=\"twitter:data1\" content=\"5\u00a0Minuten\" \/>\n<script type=\"application\/ld+json\" class=\"yoast-schema-graph\">{\"@context\":\"https:\/\/schema.org\",\"@graph\":[{\"@type\":\"WebPage\",\"@id\":\"https:\/\/uelzener.de\/magazin\/hund\/erziehung-und-training\/jagdtrieb-hund-abgewoehnen\/\",\"url\":\"https:\/\/uelzener.de\/magazin\/hund\/erziehung-und-training\/jagdtrieb-hund-abgewoehnen\/\",\"name\":\"Jagdtrieb beim Hund abgew\u00f6hnen | Uelzener\",\"isPartOf\":{\"@id\":\"https:\/\/uelzener.de\/magazin\/#website\"},\"primaryImageOfPage\":{\"@id\":\"https:\/\/uelzener.de\/magazin\/hund\/erziehung-und-training\/jagdtrieb-hund-abgewoehnen\/#primaryimage\"},\"image\":{\"@id\":\"https:\/\/uelzener.de\/magazin\/hund\/erziehung-und-training\/jagdtrieb-hund-abgewoehnen\/#primaryimage\"},\"thumbnailUrl\":\"https:\/\/uelzener.de\/magazin\/app\/uploads\/2020\/01\/ccfceca9-e743-4760-93e1-d2ebc452f879-scaled.jpg\",\"datePublished\":\"2020-01-30T00:00:00+00:00\",\"dateModified\":\"2024-05-10T07:28:59+00:00\",\"description\":\"Mit \u2713Antijagdtraining \u2713 Impulskontrolle & dem richtigen \u2713 Mindset den Jagdtrieb des Hundes abgew\u00f6hnen \u25b6 Jetzt informieren!\",\"breadcrumb\":{\"@id\":\"https:\/\/uelzener.de\/magazin\/hund\/erziehung-und-training\/jagdtrieb-hund-abgewoehnen\/#breadcrumb\"},\"inLanguage\":\"de\",\"potentialAction\":[{\"@type\":\"ReadAction\",\"target\":[\"https:\/\/uelzener.de\/magazin\/hund\/erziehung-und-training\/jagdtrieb-hund-abgewoehnen\/\"]}]},{\"@type\":\"ImageObject\",\"inLanguage\":\"de\",\"@id\":\"https:\/\/uelzener.de\/magazin\/hund\/erziehung-und-training\/jagdtrieb-hund-abgewoehnen\/#primaryimage\",\"url\":\"https:\/\/uelzener.de\/magazin\/app\/uploads\/2020\/01\/ccfceca9-e743-4760-93e1-d2ebc452f879-scaled.jpg\",\"contentUrl\":\"https:\/\/uelzener.de\/magazin\/app\/uploads\/2020\/01\/ccfceca9-e743-4760-93e1-d2ebc452f879-scaled.jpg\",\"width\":2560,\"height\":1334,\"caption\":\"A black and white Border Collie jumping over a log in a forest.\"},{\"@type\":\"WebSite\",\"@id\":\"https:\/\/uelzener.de\/magazin\/#website\",\"url\":\"https:\/\/uelzener.de\/magazin\/\",\"name\":\"Uelzener Tiermagazin\",\"description\":\"Online Tierratgeber der Uelzener Versicherungen\",\"publisher\":{\"@id\":\"https:\/\/uelzener.de\/magazin\/#organization\"},\"potentialAction\":[{\"@type\":\"SearchAction\",\"target\":{\"@type\":\"EntryPoint\",\"urlTemplate\":\"https:\/\/uelzener.de\/magazin\/?s={search_term_string}\"},\"query-input\":{\"@type\":\"PropertyValueSpecification\",\"valueRequired\":true,\"valueName\":\"search_term_string\"}}],\"inLanguage\":\"de\"},{\"@type\":\"Organization\",\"@id\":\"https:\/\/uelzener.de\/magazin\/#organization\",\"name\":\"Uelzener Versicherungen\",\"url\":\"https:\/\/uelzener.de\/magazin\/\",\"logo\":{\"@type\":\"ImageObject\",\"inLanguage\":\"de\",\"@id\":\"https:\/\/uelzener.de\/magazin\/#\/schema\/logo\/image\/\",\"url\":\"https:\/\/uelzener.de\/magazin\/app\/uploads\/2024\/11\/uelzener_allgemeine_versicherungsgesellschaft_a_g_logo.jpg\",\"contentUrl\":\"https:\/\/uelzener.de\/magazin\/app\/uploads\/2024\/11\/uelzener_allgemeine_versicherungsgesellschaft_a_g_logo.jpg\",\"width\":200,\"height\":200,\"caption\":\"Uelzener Versicherungen\"},\"image\":{\"@id\":\"https:\/\/uelzener.de\/magazin\/#\/schema\/logo\/image\/\"},\"sameAs\":[\"https:\/\/www.facebook.com\/Uelzener\",\"https:\/\/instagram.com\/uelzener\",\"https:\/\/www.xing.com\/pages\/uelzenerallgemeineversicherungs-gesellschafta-g\",\"https:\/\/www.youtube.com\/UelzenerVersicherungen\"]}]}<\/script>\n<!-- \/ Yoast SEO Premium plugin. -->","yoast_head_json":{"title":"Jagdtrieb beim Hund abgew\u00f6hnen | Uelzener","description":"Mit \u2713Antijagdtraining \u2713 Impulskontrolle & dem richtigen \u2713 Mindset den Jagdtrieb des Hundes abgew\u00f6hnen \u25b6 Jetzt informieren!","robots":{"index":"index","follow":"follow","max-snippet":"max-snippet:-1","max-image-preview":"max-image-preview:large","max-video-preview":"max-video-preview:-1"},"canonical":"https:\/\/uelzener.de\/magazin\/hund\/erziehung-und-training\/jagdtrieb-hund-abgewoehnen\/","og_locale":"de_DE","og_type":"article","og_title":"Jagdtrieb beim Hund abgew\u00f6hnen","og_description":"Mit \u2713Antijagdtraining \u2713 Impulskontrolle & dem richtigen \u2713 Mindset den Jagdtrieb des Hundes abgew\u00f6hnen \u25b6 Jetzt informieren!","og_url":"https:\/\/uelzener.de\/magazin\/hund\/erziehung-und-training\/jagdtrieb-hund-abgewoehnen\/","og_site_name":"Uelzener Tier-Magazin","article_publisher":"https:\/\/www.facebook.com\/Uelzener","article_modified_time":"2024-05-10T07:28:59+00:00","og_image":[{"width":2560,"height":1334,"url":"https:\/\/uelzener.de\/magazin\/app\/uploads\/2020\/01\/ccfceca9-e743-4760-93e1-d2ebc452f879-scaled.jpg","type":"image\/jpeg"}],"twitter_card":"summary_large_image","twitter_misc":{"Gesch\u00e4tzte Lesezeit":"5\u00a0Minuten"},"schema":{"@context":"https:\/\/schema.org","@graph":[{"@type":"WebPage","@id":"https:\/\/uelzener.de\/magazin\/hund\/erziehung-und-training\/jagdtrieb-hund-abgewoehnen\/","url":"https:\/\/uelzener.de\/magazin\/hund\/erziehung-und-training\/jagdtrieb-hund-abgewoehnen\/","name":"Jagdtrieb beim Hund abgew\u00f6hnen | Uelzener","isPartOf":{"@id":"https:\/\/uelzener.de\/magazin\/#website"},"primaryImageOfPage":{"@id":"https:\/\/uelzener.de\/magazin\/hund\/erziehung-und-training\/jagdtrieb-hund-abgewoehnen\/#primaryimage"},"image":{"@id":"https:\/\/uelzener.de\/magazin\/hund\/erziehung-und-training\/jagdtrieb-hund-abgewoehnen\/#primaryimage"},"thumbnailUrl":"https:\/\/uelzener.de\/magazin\/app\/uploads\/2020\/01\/ccfceca9-e743-4760-93e1-d2ebc452f879-scaled.jpg","datePublished":"2020-01-30T00:00:00+00:00","dateModified":"2024-05-10T07:28:59+00:00","description":"Mit \u2713Antijagdtraining \u2713 Impulskontrolle & dem richtigen \u2713 Mindset den Jagdtrieb des Hundes abgew\u00f6hnen \u25b6 Jetzt informieren!","breadcrumb":{"@id":"https:\/\/uelzener.de\/magazin\/hund\/erziehung-und-training\/jagdtrieb-hund-abgewoehnen\/#breadcrumb"},"inLanguage":"de","potentialAction":[{"@type":"ReadAction","target":["https:\/\/uelzener.de\/magazin\/hund\/erziehung-und-training\/jagdtrieb-hund-abgewoehnen\/"]}]},{"@type":"ImageObject","inLanguage":"de","@id":"https:\/\/uelzener.de\/magazin\/hund\/erziehung-und-training\/jagdtrieb-hund-abgewoehnen\/#primaryimage","url":"https:\/\/uelzener.de\/magazin\/app\/uploads\/2020\/01\/ccfceca9-e743-4760-93e1-d2ebc452f879-scaled.jpg","contentUrl":"https:\/\/uelzener.de\/magazin\/app\/uploads\/2020\/01\/ccfceca9-e743-4760-93e1-d2ebc452f879-scaled.jpg","width":2560,"height":1334,"caption":"A black and white Border Collie jumping over a log in a forest."},{"@type":"WebSite","@id":"https:\/\/uelzener.de\/magazin\/#website","url":"https:\/\/uelzener.de\/magazin\/","name":"Uelzener Tiermagazin","description":"Online Tierratgeber der Uelzener Versicherungen","publisher":{"@id":"https:\/\/uelzener.de\/magazin\/#organization"},"potentialAction":[{"@type":"SearchAction","target":{"@type":"EntryPoint","urlTemplate":"https:\/\/uelzener.de\/magazin\/?s={search_term_string}"},"query-input":{"@type":"PropertyValueSpecification","valueRequired":true,"valueName":"search_term_string"}}],"inLanguage":"de"},{"@type":"Organization","@id":"https:\/\/uelzener.de\/magazin\/#organization","name":"Uelzener Versicherungen","url":"https:\/\/uelzener.de\/magazin\/","logo":{"@type":"ImageObject","inLanguage":"de","@id":"https:\/\/uelzener.de\/magazin\/#\/schema\/logo\/image\/","url":"https:\/\/uelzener.de\/magazin\/app\/uploads\/2024\/11\/uelzener_allgemeine_versicherungsgesellschaft_a_g_logo.jpg","contentUrl":"https:\/\/uelzener.de\/magazin\/app\/uploads\/2024\/11\/uelzener_allgemeine_versicherungsgesellschaft_a_g_logo.jpg","width":200,"height":200,"caption":"Uelzener Versicherungen"},"image":{"@id":"https:\/\/uelzener.de\/magazin\/#\/schema\/logo\/image\/"},"sameAs":["https:\/\/www.facebook.com\/Uelzener","https:\/\/instagram.com\/uelzener","https:\/\/www.xing.com\/pages\/uelzenerallgemeineversicherungs-gesellschafta-g","https:\/\/www.youtube.com\/UelzenerVersicherungen"]}]}},"_links":{"self":[{"href":"https:\/\/uelzener.de\/magazin\/wp-json\/wp\/v2\/pages\/10116","targetHints":{"allow":["GET"]}}],"collection":[{"href":"https:\/\/uelzener.de\/magazin\/wp-json\/wp\/v2\/pages"}],"about":[{"href":"https:\/\/uelzener.de\/magazin\/wp-json\/wp\/v2\/types\/page"}],"author":[{"embeddable":true,"href":"https:\/\/uelzener.de\/magazin\/wp-json\/wp\/v2\/users\/1"}],"replies":[{"embeddable":true,"href":"https:\/\/uelzener.de\/magazin\/wp-json\/wp\/v2\/comments?post=10116"}],"version-history":[{"count":11,"href":"https:\/\/uelzener.de\/magazin\/wp-json\/wp\/v2\/pages\/10116\/revisions"}],"predecessor-version":[{"id":17404,"href":"https:\/\/uelzener.de\/magazin\/wp-json\/wp\/v2\/pages\/10116\/revisions\/17404"}],"up":[{"embeddable":true,"href":"https:\/\/uelzener.de\/magazin\/wp-json\/wp\/v2\/pages\/11679"}],"wp:featuredmedia":[{"embeddable":true,"href":"https:\/\/uelzener.de\/magazin\/wp-json\/wp\/v2\/media\/10706"}],"wp:attachment":[{"href":"https:\/\/uelzener.de\/magazin\/wp-json\/wp\/v2\/media?parent=10116"}],"curies":[{"name":"wp","href":"https:\/\/api.w.org\/{rel}","templated":true}]}}