{"id":10114,"date":"2019-11-26T00:00:00","date_gmt":"2019-11-26T00:00:00","guid":{"rendered":""},"modified":"2024-05-23T11:21:30","modified_gmt":"2024-05-23T09:21:30","slug":"leptospirose-beim-hund","status":"publish","type":"page","link":"https:\/\/uelzener.de\/magazin\/hund\/tiergesundheit\/leptospirose-beim-hund\/","title":{"rendered":"Leptospirose beim Hund: Warum dein Hund nicht aus Pf\u00fctzen trinken sollte"},"content":{"rendered":"<p>Was ist schon dabei, wenn der Hund einmal aus einer Pf\u00fctze trinkt? Pf\u00fctzen sind nicht so harmlos, wie sie scheinen. Hier lauert das Bakterium Leptospira interrogans. Wir kl\u00e4ren auf, warum Leptospiren die Gesundheit deines Hundes gef\u00e4hrden k\u00f6nnen und Pf\u00fctzenwasser besser gemieden werden sollte.<\/p>\n<h2>Leptospiren: Bakterielle Gefahr aus der Pf\u00fctze<\/h2>\n<p>Hunde werden regelrecht von Pf\u00fctzen angezogen und trinken gern daraus, um ihren Durst zu stillen. Besonders im Sommer, wenn es drau\u00dfen warm ist, ist die Verlockung gro\u00df, sich in einer Pf\u00fctze abzuk\u00fchlen. Die gr\u00f6\u00dfte Gefahr beim Trinken aus Pf\u00fctzen und anderen stehenden Gew\u00e4ssern ist f\u00fcr den Hund die Ansteckung mit Leptospirose, die auch unter den Namen Stuttgarter Hundeseuche und Weil-Krankheit bekannt ist. Viele Hundebesitzer wissen dies nicht und lassen ihren Vierbeiner ungeahnt aus Wasserl\u00f6chern trinken. Dadurch erh\u00f6ht sich jedoch die Gefahr einer bakteriellen Infektion mit Leptospiren, dem Erreger der Leptospirose.<\/p>\n<p>Erfahre im Uelzener Magazin auch mehr \u00fcber <a href=\"https:\/\/uelzener.de\/magazin\/hund\/tiergesundheit\/giardien-beim-hund\/\">Giardien; Parasiten, die in Pf\u00fctzenwasser zu finde sind und eine Durchfallerkrankung ausl\u00f6sen k\u00f6nnen<\/a>.<\/p>\n<h2>\u00dcbertragung der Leptospirose auf den Hund<\/h2>\n<p>Die Leptospiren werden vor allem von wilden Tieren, wie M\u00e4usen und Ratten, \u00fcber den Urin verbreitet. Die Bakterien bevorzugen eine feuchte Umgebung und f\u00fchlen sich in T\u00fcmpeln, Lacken oder anderen stehenden Gew\u00e4ssern sehr wohl.<\/p>\n<p>Bei h\u00f6heren Temperaturen bieten Pf\u00fctzen und T\u00fcmpel die besten Voraussetzungen f\u00fcr den Bakterienstamm. Dann vermehren sich die Erreger im Wasser stark und machen die Pf\u00fctze oder den T\u00fcmpel zu einer erh\u00f6hten Gefahrenquelle. Aber auch bei tieferen Temperaturen oder wenn es im Herbst h\u00e4ufiger regnet und Pf\u00fctzen quasi durchg\u00e4ngig Wasser enthalten, besteht die Gefahr einer Erkrankung deines Hundes mit Leptospiren. Diese haben im k\u00fchlen Wasser eine \u00dcberlebensdauer von mehreren Wochen.<\/p>\n<h2>Leptospirose: Symptome beim Hund<\/h2>\n<p>Hunde k\u00f6nnen in jedem Alter an Leptospirose und anderen <a href=\"https:\/\/uelzener.de\/magazin\/hund\/tiergesundheit\/hundekrankheiten-unfaelle\/\">Hundekrankheiten<\/a> leiden. Schwere Verl\u00e4ufe gibt es oft bei Welpen oder nicht geimpften Tieren. \u00dcber kleine Hautrisse, aufgeweichte Haut und Schleimh\u00e4ute gelangen die Bakterien in den K\u00f6rper und verteilen sich \u00fcber den Blutkreislauf. Wenn sich dein Hund mit Leptospirose infiziert, kann dies zu Leber- und Nierensch\u00e4den f\u00fchren.<\/p>\n<p>Anhand der folgenden Symptome kannst du feststellen, ob dein Hund von Leptospirose betroffen sein k\u00f6nnte:<\/p>\n<ul>\n<li><strong><a href=\"https:\/\/www.uelzener.de\/blog\/tier\/fieber-und-erkaeltung-beim-hund-symptome-richtig-erkennen.html\">Fieber beim Hund<\/a><\/strong><\/li>\n<li>Appetitlosigkeit<\/li>\n<li>Austrocknung<\/li>\n<li><a href=\"https:\/\/uelzener.de\/magazin\/hund\/haeufige-fragen\/durchfall-beim-hund-verdauung\/\">Durchfall<\/a> und Erbrechen<\/li>\n<li>Gerinnungsst\u00f6rungen mit Nasenbluten und punktf\u00f6rmigen Blutungen in der Haut<\/li>\n<li>H\u00e4ufiges Harnabsetzen<\/li>\n<li>Kreislaufprobleme<\/li>\n<li>Gelbliche Schleimh\u00e4ute<\/li>\n<\/ul>\n<p>Viele Leptospiren-Infektionen bleiben allerdings unbemerkt oder weisen nur geringe klinische Symptome auf. F\u00e4rben sich die Schleimh\u00e4ute deines Hundes gelb, suche umgehend einen Tierarzt auf. \u00dcber eine spezielle mikroskopische Untersuchung des Urins oder eine Blutuntersuchung kann der Tierarzt Leptospirose feststellen.<\/p>\n<h2>Therapie<\/h2>\n<p>Die Therapie der Leptospirose bei Hunden ist abh\u00e4ngig von dem Zustand des Tieres und der Schwere der Erkrankung. Ist der Hund an Leptospirose erkrankt, wird umgehend mit einer passenden Antibiotikatherapie begonnen. Zugleich werden Ma\u00dfnahmen zur Linderung der Leptospirose-Symptome beim Hund eingeleitet. Dies k\u00f6nnen zum Beispiel Infusionen als Fl\u00fcssigkeitstherapie, Schmerzmittel, Sauerstoff bei Atemnot sowie Magenschutztabletten sein. Ein schwerer Verlauf kann eine H\u00e4modialyse notwendig machen, um ein Nierenversagen abzuwenden. Mit unserer Hunde-Krankenversicherung bist du vor den Kosten f\u00fcr die Behandlung gesch\u00fctzt.<\/p>\n\n<div class=\"banner\">\n    <a href=\"https:\/\/uelzener.de\/hund\/hunde-krankenversicherung\/?agt=0000104925&sem=true&utm_medium=magazin&utm_source=wordpress&utm_campaign=hund_kv&utm_content=banner\">\n        <img decoding=\"async\" width=\"300\" height=\"212\" src=\"https:\/\/uelzener.de\/magazin\/app\/uploads\/2025\/01\/Hunde-Kranken-Versicherung.jpg\" class=\"attachment-medium size-medium\" alt=\"Banner Hunde-Kranken-Versicherung\" \/>    <\/a>\n<\/div>\n\n<p>Die Prognose f\u00fcr \u00e4ltere und geimpfte Tiere ist durchaus gut. Auch bei schweren Verl\u00e4ufen liegen die Heilungschancen bei guter tier\u00e4rztlicher Betreuung bei bis zu 90 %. Welpen und ungeimpfte Hunde sowie Tiere, bei denen die Infektion erst sehr sp\u00e4t entdeckt wird, tragen das gr\u00f6\u00dfte Risiko f\u00fcr einen schweren Verlauf und Langzeitsch\u00e4den.<\/p>\n<h2>Leptospirose-Impfung f\u00fcr Hunde<\/h2>\n<p>Die Gefahr einer m\u00f6glichen Infektion mit Leptospiren l\u00e4sst sich durch eine Impfung deutlich verringern \u2013 und somit auch die Sorge um deinen Hund. Gem\u00e4\u00df der Deutschen Impfempfehlungen f\u00fcr die <a href=\"https:\/\/uelzener.de\/magazin\/wir\/ein-vormittag-in-der-kleintierpraxis-am-stern-stay-paw-sitive\/\">Kleintierpraxis<\/a> z\u00e4hlt die Impfung gegen Leptospirose beim Hund zu den Pflichtimpfungen.<\/p>\n<p><img decoding=\"async\" class=\"alignnone wp-image-16083 size-large\" src=\"https:\/\/uelzener.de\/magazin\/app\/uploads\/2023\/08\/hund1-1024x1024.jpg\" alt=\"Infografik: Krankheiten, die jede Hundebesitzer und -besitzerinnen kennen sollten.\" width=\"1024\" height=\"1024\" srcset=\"https:\/\/uelzener.de\/magazin\/app\/uploads\/2023\/08\/hund1-1024x1024.jpg 1024w, https:\/\/uelzener.de\/magazin\/app\/uploads\/2023\/08\/hund1-300x300.jpg 300w, https:\/\/uelzener.de\/magazin\/app\/uploads\/2023\/08\/hund1-150x150.jpg 150w, https:\/\/uelzener.de\/magazin\/app\/uploads\/2023\/08\/hund1-768x768.jpg 768w, https:\/\/uelzener.de\/magazin\/app\/uploads\/2023\/08\/hund1-1026x1026.jpg 1026w, https:\/\/uelzener.de\/magazin\/app\/uploads\/2023\/08\/hund1-668x668.jpg 668w, https:\/\/uelzener.de\/magazin\/app\/uploads\/2023\/08\/hund1.jpg 1080w\" sizes=\"(max-width: 1024px) 100vw, 1024px\" \/><\/p>\n<p>Die Grundimmunisierung erfolgt in zwei Dosen mit einem Abstand von vier Wochen. Da die <strong><a href=\"https:\/\/www.uelzener.de\/blog\/tier\/impfungen-bei-hunden.html\">Impfung bei Hunden<\/a><\/strong> nur maximal ein Jahr h\u00e4lt, muss f\u00fcr einen ausreichenden Schutz j\u00e4hrlich aufgefrischt werden. In Endemiegebieten wird sogar eine Auffrischungsimpfung alle sechs Monate empfohlen. Die Impfung wird in der Regel als Kombiimpfung mit anderen Wirkstoffen angeboten. Die Leptospirose-Impfung beim Hund kostet als Kombi in der Regel zwischen 50 und 70 Euro.<\/p>\n<p><img decoding=\"async\" class=\"alignnone wp-image-16080 size-large\" src=\"https:\/\/uelzener.de\/magazin\/app\/uploads\/2023\/08\/hund3-1024x1024.jpg\" alt=\"Infografik: Grundimmunisierung f\u00fcr Welpen\" width=\"1024\" height=\"1024\" srcset=\"https:\/\/uelzener.de\/magazin\/app\/uploads\/2023\/08\/hund3-1024x1024.jpg 1024w, https:\/\/uelzener.de\/magazin\/app\/uploads\/2023\/08\/hund3-300x300.jpg 300w, https:\/\/uelzener.de\/magazin\/app\/uploads\/2023\/08\/hund3-150x150.jpg 150w, https:\/\/uelzener.de\/magazin\/app\/uploads\/2023\/08\/hund3-768x768.jpg 768w, https:\/\/uelzener.de\/magazin\/app\/uploads\/2023\/08\/hund3-1026x1026.jpg 1026w, https:\/\/uelzener.de\/magazin\/app\/uploads\/2023\/08\/hund3-668x668.jpg 668w, https:\/\/uelzener.de\/magazin\/app\/uploads\/2023\/08\/hund3.jpg 1080w\" sizes=\"(max-width: 1024px) 100vw, 1024px\" \/><\/p>\n<h2>Leptospirose: \u00dcbertragung auf den Menschen<\/h2>\n<p>Leptospirose z\u00e4hlt zu den sogenannten Zoonosen, das hei\u00dft zu Krankheiten, die vom Tier auf den Menschen \u00fcbertragen werden k\u00f6nnen. Wenn du bei dir selbst Symptome wie Fieber oder grippe\u00e4hnliche Symptome feststellst, kann es sein, dass dein Hund dich mit dem Erreger angesteckt hat. In dem Fall solltest du selbst ebenfalls einen Arzt aufsuchen, da es sonst zu Hirnhautentz\u00fcndung oder Organsch\u00e4den kommen kann. In der akuten Phase solltest du deinen Hund nur mit Handschuhen anfassen, damit du dich nicht ansteckst.<\/p>\n<p><img decoding=\"async\" src=\"\/magazin\/app\/uploads\/2021\/02\/54f4fa42-a8fc-45cf-b28b-ce65fbf7ce0c.jpg\" \/><\/p>\n<p>Im besten Fall solltest du stets wissen, was dein Hund zu sich nimmt. Daher empfiehlt es sich, eine Trinkflasche vor dem Spazierengehen mit sauberem Wasser zu f\u00fcllen und unterwegs dabei zu haben. Lass deinen Hund nicht aus Pf\u00fctzen und T\u00fcmpeln trinken. Ein Hund wei\u00df nicht, dass er nicht aus Pf\u00fctzen trinken sollte. Er wird es also immer wieder versuchen, wenn er Durst hat und die Gelegenheit dazu bekommt. Du kannst entweder Wege mit Pf\u00fctzen und stehenden Gew\u00e4ssern auf dem Spaziergang meiden oder deinen Hund mit einem bestimmten \u201eNein!\u201c vom Trinken abhalten, wenn er sich der Pf\u00fctze n\u00e4hert. Biete ihm dazu eine Alternative, wie frisches Wasser aus der Hundeflasche, an.<\/p>\n<p>Wenn du kein sauberes Wasser dabei hast, achte darauf, dass dein Hund nur aus flie\u00dfenden Fl\u00fcssen, gr\u00f6\u00dferen Baggerseen oder Seen mit Zu- und Ablauf trinkt. Hier ist das Risiko einer Ansteckung geringer.<\/p>\n","protected":false},"excerpt":{"rendered":"<p>Was ist schon dabei, wenn der Hund einmal aus einer Pf\u00fctze trinkt? Pf\u00fctzen sind nicht so harmlos, wie sie scheinen. Hier lauert das Bakterium Leptospira interrogans. Wir kl\u00e4ren auf, warum Leptospiren die Gesundheit deines Hundes gef\u00e4hrden k\u00f6nnen und Pf\u00fctzenwasser besser gemieden werden sollte. Leptospiren: Bakterielle Gefahr aus der Pf\u00fctze Hunde werden regelrecht von Pf\u00fctzen angezogen [&hellip;]<\/p>\n","protected":false},"author":1,"featured_media":10704,"parent":11701,"menu_order":61,"comment_status":"open","ping_status":"open","template":"templates\/blog.php","meta":{"_acf_changed":false,"_crdt_document":"","footnotes":"","beyondwords_generate_audio":"0","beyondwords_project_id":"","beyondwords_content_id":"","beyondwords_preview_token":"","beyondwords_player_style":"","beyondwords_language_id":"","beyondwords_title_voice_id":"","beyondwords_body_voice_id":"","beyondwords_summary_voice_id":"","beyondwords_error_message":"","beyondwords_disabled":"","beyondwords_delete_content":"","beyondwords_podcast_id":"","beyondwords_hash":"","publish_post_to_speechkit":"","speechkit_hash":"","speechkit_generate_audio":"","speechkit_project_id":"","speechkit_podcast_id":"","speechkit_error_message":"","speechkit_disabled":"","speechkit_access_key":"","speechkit_error":"","speechkit_info":"","speechkit_response":"","speechkit_retries":"","speechkit_status":"","speechkit_updated_at":"","_speechkit_link":"","_speechkit_text":""},"class_list":["post-10114","page","type-page","status-publish","has-post-thumbnail","hentry"],"acf":[],"yoast_head":"<!-- This site is optimized with the Yoast SEO Premium plugin  - https:\/\/yoast.com\/product\/yoast-seo-premium-wordpress\/ -->\n<title>Leptospirose beim Hund - erkennen und behandeln | Uelzener<\/title>\n<meta name=\"description\" content=\"Leptospirose beim Hund: Gefahr aus der Pf\u00fctze \u25b6 Hier erf\u00e4hrst Du alles zu \u2713 Ansteckung \u2713 Symptome \u2713 Therapie \u25b6 Jetzt informieren!\" \/>\n<meta name=\"robots\" content=\"index, follow, max-snippet:-1, max-image-preview:large, max-video-preview:-1\" \/>\n<link rel=\"canonical\" href=\"https:\/\/uelzener.de\/magazin\/hund\/tiergesundheit\/leptospirose-beim-hund\/\" \/>\n<meta property=\"og:locale\" content=\"de_DE\" \/>\n<meta property=\"og:type\" content=\"article\" \/>\n<meta property=\"og:title\" content=\"Leptospirose beim Hund: Warum dein Hund nicht aus Pf\u00fctzen trinken sollte\" \/>\n<meta property=\"og:description\" content=\"Leptospirose beim Hund: Gefahr aus der Pf\u00fctze \u25b6 Hier erf\u00e4hrst Du alles zu \u2713 Ansteckung \u2713 Symptome \u2713 Therapie \u25b6 Jetzt informieren!\" \/>\n<meta property=\"og:url\" content=\"https:\/\/uelzener.de\/magazin\/hund\/tiergesundheit\/leptospirose-beim-hund\/\" \/>\n<meta property=\"og:site_name\" content=\"Uelzener Tier-Magazin\" \/>\n<meta property=\"article:publisher\" content=\"https:\/\/www.facebook.com\/Uelzener\" \/>\n<meta property=\"article:modified_time\" content=\"2024-05-23T09:21:30+00:00\" \/>\n<meta property=\"og:image\" content=\"https:\/\/uelzener.de\/magazin\/app\/uploads\/2019\/11\/72d26f61-9b63-42bb-bee6-f4cd7cc1e6f6.jpg\" \/>\n\t<meta property=\"og:image:width\" content=\"952\" \/>\n\t<meta property=\"og:image:height\" content=\"496\" \/>\n\t<meta property=\"og:image:type\" content=\"image\/jpeg\" \/>\n<meta name=\"twitter:card\" content=\"summary_large_image\" \/>\n<meta name=\"twitter:label1\" content=\"Gesch\u00e4tzte Lesezeit\" \/>\n\t<meta name=\"twitter:data1\" content=\"5\u00a0Minuten\" \/>\n<script type=\"application\/ld+json\" class=\"yoast-schema-graph\">{\"@context\":\"https:\/\/schema.org\",\"@graph\":[{\"@type\":\"WebPage\",\"@id\":\"https:\/\/uelzener.de\/magazin\/hund\/tiergesundheit\/leptospirose-beim-hund\/\",\"url\":\"https:\/\/uelzener.de\/magazin\/hund\/tiergesundheit\/leptospirose-beim-hund\/\",\"name\":\"Leptospirose beim Hund - erkennen und behandeln | Uelzener\",\"isPartOf\":{\"@id\":\"https:\/\/uelzener.de\/magazin\/#website\"},\"primaryImageOfPage\":{\"@id\":\"https:\/\/uelzener.de\/magazin\/hund\/tiergesundheit\/leptospirose-beim-hund\/#primaryimage\"},\"image\":{\"@id\":\"https:\/\/uelzener.de\/magazin\/hund\/tiergesundheit\/leptospirose-beim-hund\/#primaryimage\"},\"thumbnailUrl\":\"https:\/\/uelzener.de\/magazin\/app\/uploads\/2019\/11\/72d26f61-9b63-42bb-bee6-f4cd7cc1e6f6.jpg\",\"datePublished\":\"2019-11-26T00:00:00+00:00\",\"dateModified\":\"2024-05-23T09:21:30+00:00\",\"description\":\"Leptospirose beim Hund: Gefahr aus der Pf\u00fctze \u25b6 Hier erf\u00e4hrst Du alles zu \u2713 Ansteckung \u2713 Symptome \u2713 Therapie \u25b6 Jetzt informieren!\",\"breadcrumb\":{\"@id\":\"https:\/\/uelzener.de\/magazin\/hund\/tiergesundheit\/leptospirose-beim-hund\/#breadcrumb\"},\"inLanguage\":\"de\",\"potentialAction\":[{\"@type\":\"ReadAction\",\"target\":[\"https:\/\/uelzener.de\/magazin\/hund\/tiergesundheit\/leptospirose-beim-hund\/\"]}]},{\"@type\":\"ImageObject\",\"inLanguage\":\"de\",\"@id\":\"https:\/\/uelzener.de\/magazin\/hund\/tiergesundheit\/leptospirose-beim-hund\/#primaryimage\",\"url\":\"https:\/\/uelzener.de\/magazin\/app\/uploads\/2019\/11\/72d26f61-9b63-42bb-bee6-f4cd7cc1e6f6.jpg\",\"contentUrl\":\"https:\/\/uelzener.de\/magazin\/app\/uploads\/2019\/11\/72d26f61-9b63-42bb-bee6-f4cd7cc1e6f6.jpg\",\"width\":952,\"height\":496,\"caption\":\"2 kleine Hunde trinken Wasser aus einer Pf\u00fctze, die Gefahr auf eine Bakterieninfektion ist gro\u00df.\"},{\"@type\":\"WebSite\",\"@id\":\"https:\/\/uelzener.de\/magazin\/#website\",\"url\":\"https:\/\/uelzener.de\/magazin\/\",\"name\":\"Uelzener Tiermagazin\",\"description\":\"Online Tierratgeber der Uelzener Versicherungen\",\"publisher\":{\"@id\":\"https:\/\/uelzener.de\/magazin\/#organization\"},\"potentialAction\":[{\"@type\":\"SearchAction\",\"target\":{\"@type\":\"EntryPoint\",\"urlTemplate\":\"https:\/\/uelzener.de\/magazin\/?s={search_term_string}\"},\"query-input\":{\"@type\":\"PropertyValueSpecification\",\"valueRequired\":true,\"valueName\":\"search_term_string\"}}],\"inLanguage\":\"de\"},{\"@type\":\"Organization\",\"@id\":\"https:\/\/uelzener.de\/magazin\/#organization\",\"name\":\"Uelzener Versicherungen\",\"url\":\"https:\/\/uelzener.de\/magazin\/\",\"logo\":{\"@type\":\"ImageObject\",\"inLanguage\":\"de\",\"@id\":\"https:\/\/uelzener.de\/magazin\/#\/schema\/logo\/image\/\",\"url\":\"https:\/\/uelzener.de\/magazin\/app\/uploads\/2024\/11\/uelzener_allgemeine_versicherungsgesellschaft_a_g_logo.jpg\",\"contentUrl\":\"https:\/\/uelzener.de\/magazin\/app\/uploads\/2024\/11\/uelzener_allgemeine_versicherungsgesellschaft_a_g_logo.jpg\",\"width\":200,\"height\":200,\"caption\":\"Uelzener Versicherungen\"},\"image\":{\"@id\":\"https:\/\/uelzener.de\/magazin\/#\/schema\/logo\/image\/\"},\"sameAs\":[\"https:\/\/www.facebook.com\/Uelzener\",\"https:\/\/instagram.com\/uelzener\",\"https:\/\/www.xing.com\/pages\/uelzenerallgemeineversicherungs-gesellschafta-g\",\"https:\/\/www.youtube.com\/UelzenerVersicherungen\"]}]}<\/script>\n<!-- \/ Yoast SEO Premium plugin. -->","yoast_head_json":{"title":"Leptospirose beim Hund - erkennen und behandeln | Uelzener","description":"Leptospirose beim Hund: Gefahr aus der Pf\u00fctze \u25b6 Hier erf\u00e4hrst Du alles zu \u2713 Ansteckung \u2713 Symptome \u2713 Therapie \u25b6 Jetzt informieren!","robots":{"index":"index","follow":"follow","max-snippet":"max-snippet:-1","max-image-preview":"max-image-preview:large","max-video-preview":"max-video-preview:-1"},"canonical":"https:\/\/uelzener.de\/magazin\/hund\/tiergesundheit\/leptospirose-beim-hund\/","og_locale":"de_DE","og_type":"article","og_title":"Leptospirose beim Hund: Warum dein Hund nicht aus Pf\u00fctzen trinken sollte","og_description":"Leptospirose beim Hund: Gefahr aus der Pf\u00fctze \u25b6 Hier erf\u00e4hrst Du alles zu \u2713 Ansteckung \u2713 Symptome \u2713 Therapie \u25b6 Jetzt informieren!","og_url":"https:\/\/uelzener.de\/magazin\/hund\/tiergesundheit\/leptospirose-beim-hund\/","og_site_name":"Uelzener Tier-Magazin","article_publisher":"https:\/\/www.facebook.com\/Uelzener","article_modified_time":"2024-05-23T09:21:30+00:00","og_image":[{"width":952,"height":496,"url":"https:\/\/uelzener.de\/magazin\/app\/uploads\/2019\/11\/72d26f61-9b63-42bb-bee6-f4cd7cc1e6f6.jpg","type":"image\/jpeg"}],"twitter_card":"summary_large_image","twitter_misc":{"Gesch\u00e4tzte Lesezeit":"5\u00a0Minuten"},"schema":{"@context":"https:\/\/schema.org","@graph":[{"@type":"WebPage","@id":"https:\/\/uelzener.de\/magazin\/hund\/tiergesundheit\/leptospirose-beim-hund\/","url":"https:\/\/uelzener.de\/magazin\/hund\/tiergesundheit\/leptospirose-beim-hund\/","name":"Leptospirose beim Hund - erkennen und behandeln | Uelzener","isPartOf":{"@id":"https:\/\/uelzener.de\/magazin\/#website"},"primaryImageOfPage":{"@id":"https:\/\/uelzener.de\/magazin\/hund\/tiergesundheit\/leptospirose-beim-hund\/#primaryimage"},"image":{"@id":"https:\/\/uelzener.de\/magazin\/hund\/tiergesundheit\/leptospirose-beim-hund\/#primaryimage"},"thumbnailUrl":"https:\/\/uelzener.de\/magazin\/app\/uploads\/2019\/11\/72d26f61-9b63-42bb-bee6-f4cd7cc1e6f6.jpg","datePublished":"2019-11-26T00:00:00+00:00","dateModified":"2024-05-23T09:21:30+00:00","description":"Leptospirose beim Hund: Gefahr aus der Pf\u00fctze \u25b6 Hier erf\u00e4hrst Du alles zu \u2713 Ansteckung \u2713 Symptome \u2713 Therapie \u25b6 Jetzt informieren!","breadcrumb":{"@id":"https:\/\/uelzener.de\/magazin\/hund\/tiergesundheit\/leptospirose-beim-hund\/#breadcrumb"},"inLanguage":"de","potentialAction":[{"@type":"ReadAction","target":["https:\/\/uelzener.de\/magazin\/hund\/tiergesundheit\/leptospirose-beim-hund\/"]}]},{"@type":"ImageObject","inLanguage":"de","@id":"https:\/\/uelzener.de\/magazin\/hund\/tiergesundheit\/leptospirose-beim-hund\/#primaryimage","url":"https:\/\/uelzener.de\/magazin\/app\/uploads\/2019\/11\/72d26f61-9b63-42bb-bee6-f4cd7cc1e6f6.jpg","contentUrl":"https:\/\/uelzener.de\/magazin\/app\/uploads\/2019\/11\/72d26f61-9b63-42bb-bee6-f4cd7cc1e6f6.jpg","width":952,"height":496,"caption":"2 kleine Hunde trinken Wasser aus einer Pf\u00fctze, die Gefahr auf eine Bakterieninfektion ist gro\u00df."},{"@type":"WebSite","@id":"https:\/\/uelzener.de\/magazin\/#website","url":"https:\/\/uelzener.de\/magazin\/","name":"Uelzener Tiermagazin","description":"Online Tierratgeber der Uelzener Versicherungen","publisher":{"@id":"https:\/\/uelzener.de\/magazin\/#organization"},"potentialAction":[{"@type":"SearchAction","target":{"@type":"EntryPoint","urlTemplate":"https:\/\/uelzener.de\/magazin\/?s={search_term_string}"},"query-input":{"@type":"PropertyValueSpecification","valueRequired":true,"valueName":"search_term_string"}}],"inLanguage":"de"},{"@type":"Organization","@id":"https:\/\/uelzener.de\/magazin\/#organization","name":"Uelzener Versicherungen","url":"https:\/\/uelzener.de\/magazin\/","logo":{"@type":"ImageObject","inLanguage":"de","@id":"https:\/\/uelzener.de\/magazin\/#\/schema\/logo\/image\/","url":"https:\/\/uelzener.de\/magazin\/app\/uploads\/2024\/11\/uelzener_allgemeine_versicherungsgesellschaft_a_g_logo.jpg","contentUrl":"https:\/\/uelzener.de\/magazin\/app\/uploads\/2024\/11\/uelzener_allgemeine_versicherungsgesellschaft_a_g_logo.jpg","width":200,"height":200,"caption":"Uelzener Versicherungen"},"image":{"@id":"https:\/\/uelzener.de\/magazin\/#\/schema\/logo\/image\/"},"sameAs":["https:\/\/www.facebook.com\/Uelzener","https:\/\/instagram.com\/uelzener","https:\/\/www.xing.com\/pages\/uelzenerallgemeineversicherungs-gesellschafta-g","https:\/\/www.youtube.com\/UelzenerVersicherungen"]}]}},"_links":{"self":[{"href":"https:\/\/uelzener.de\/magazin\/wp-json\/wp\/v2\/pages\/10114","targetHints":{"allow":["GET"]}}],"collection":[{"href":"https:\/\/uelzener.de\/magazin\/wp-json\/wp\/v2\/pages"}],"about":[{"href":"https:\/\/uelzener.de\/magazin\/wp-json\/wp\/v2\/types\/page"}],"author":[{"embeddable":true,"href":"https:\/\/uelzener.de\/magazin\/wp-json\/wp\/v2\/users\/1"}],"replies":[{"embeddable":true,"href":"https:\/\/uelzener.de\/magazin\/wp-json\/wp\/v2\/comments?post=10114"}],"version-history":[{"count":13,"href":"https:\/\/uelzener.de\/magazin\/wp-json\/wp\/v2\/pages\/10114\/revisions"}],"predecessor-version":[{"id":14718,"href":"https:\/\/uelzener.de\/magazin\/wp-json\/wp\/v2\/pages\/10114\/revisions\/14718"}],"up":[{"embeddable":true,"href":"https:\/\/uelzener.de\/magazin\/wp-json\/wp\/v2\/pages\/11701"}],"wp:featuredmedia":[{"embeddable":true,"href":"https:\/\/uelzener.de\/magazin\/wp-json\/wp\/v2\/media\/10704"}],"wp:attachment":[{"href":"https:\/\/uelzener.de\/magazin\/wp-json\/wp\/v2\/media?parent=10114"}],"curies":[{"name":"wp","href":"https:\/\/api.w.org\/{rel}","templated":true}]}}