{"id":10112,"date":"2019-12-17T00:00:00","date_gmt":"2019-12-17T00:00:00","guid":{"rendered":""},"modified":"2025-08-21T10:46:39","modified_gmt":"2025-08-21T08:46:39","slug":"silvester-mit-hund","status":"publish","type":"page","link":"https:\/\/uelzener.de\/magazin\/hund\/erziehung-und-training\/silvester-mit-hund\/","title":{"rendered":"Silvester mit Hund: 7 Tipps f\u00fcr \u00e4ngstliche Vierbeiner"},"content":{"rendered":"<p>F\u00fcr Hunde ist Silvester oft der schwerste Tag des Jahres. Laute Knallerei und Ungewissheit sch\u00fcren Angst bei unseren Vierbeinern. Wir haben 7 Tipps vorbeireitet, damit ihr stressfreier Silvester mit dem Hund verbringen k\u00f6nnt.<\/p>\n<h2>Warum haben Hunde Angst an Silvester?<\/h2>\n<ul>\n<li>Hunde haben ausgepr\u00e4gte Sinne. Sie h\u00f6ren und riechen deutlich besser als wir Menschen. Vierbeiner sind dadurch auch viel sensibler f\u00fcr die Umwelt. Besonders an Silvester sorgen die feinen Sinne der Hunde jedoch oft zu Unsicherheiten. Die Sensibilit\u00e4t h\u00e4ngt nat\u00fcrlich auch vom Charakter und der Rasse des Hundes ab.<\/li>\n<li>Au\u00dferdem sind viele Hunde sehr ger\u00e4uschempfindlich. Die laute Knallerei an Silvester f\u00fchrt bei Hunden zu Angst oder gar Panikattacken. Diese Angst ist oft noch st\u00e4rker ausgepr\u00e4gt, wenn der Welpe schlecht gepr\u00e4gt wurde.<\/li>\n<li>Hatte der Hund bereits schlechte Erfahrungen an Silvester gemacht? Oder verbindet dein Vierbeiner eine dramatische Situation mit dem Silvesterfeuerwerk? Angst kann auch durch ein Trauma ausgel\u00f6st werden.<\/li>\n<\/ul>\n<p>Angst ist \u00fcbrigens nicht immer schlecht. F\u00fcr Hund sowie Menschen ist Angst ein Schutzmechanismus. Sie ist n\u00f6tig, um in gef\u00e4hrlichen Situationen richtig zu reagieren.<\/p>\n\n<div class=\"related_articles boxed\">\n    <h2>Mehr zum Thema<\/h2>\n    \n    <div class=\"wrapper\"><div class=\"title align-center\"><h3><a href=\"https:\/\/uelzener.de\/magazin\/hund\/erziehung-und-training\/angst-vor-gewitter-mit-diesem-training-hilfst-du-deinem-hund\/\">Angst vor Gewitter: Mit diesem Training hilfst du deinem Hund<\/a><\/h3><\/div><div class=\"img align-center\"><img decoding=\"async\" width=\"315\" height=\"180\" src=\"https:\/\/uelzener.de\/magazin\/app\/uploads\/2025\/06\/Hunde-angst-vor-gewitter-315x180.jpg\" class=\"attachment-315x180 size-315x180 wp-post-image\" alt=\"Ein Jack Russel Terrier steht be\u00e4ngstigt auf einer Wiese und schaut nach oben,, auf den sich zuziehenden Himmel.\" \/><\/div><\/div><div class=\"wrapper\"><div class=\"title align-center\"><h3><a href=\"https:\/\/uelzener.de\/magazin\/hund\/erziehung-und-training\/umgang-mit-angsthunden-tipps-fuer-ein-vertrauensvolles-miteinander\/\">Umgang mit Angsthunden: Tipps f\u00fcr ein vertrauensvolles Miteinander<\/a><\/h3><\/div><div class=\"img align-center\"><img decoding=\"async\" width=\"315\" height=\"180\" src=\"https:\/\/uelzener.de\/magazin\/app\/uploads\/2024\/09\/Umgang-mit-Angsthunden-315x180.jpg\" class=\"attachment-315x180 size-315x180 wp-post-image\" alt=\"Umgang mit Angsthunden\" \/><\/div><\/div><div class=\"wrapper\"><div class=\"title align-center\"><h3><a href=\"https:\/\/uelzener.de\/magazin\/hund\/tipps-fuer-den-alltag\/mein-hund-hat-panik-bei-laerm\/\">Mein Hund hat Panik bei L\u00e4rm<\/a><\/h3><\/div><div class=\"img align-center\"><img decoding=\"async\" width=\"315\" height=\"180\" src=\"https:\/\/uelzener.de\/magazin\/app\/uploads\/2021\/12\/Hund_Angst-315x180.jpg\" class=\"attachment-315x180 size-315x180 wp-post-image\" alt=\"Wei\u00dfer Jack Russell Terrier versteckt sich unter dem Sofa, er hat Panik vor dem L\u00e4rm.\" \/><\/div><\/div><\/div>\n\n<h2>Stressfreier Silvester mit dem Hund verbringen \u2013 Unsere Tipps:<\/h2>\n<p>Hunde beruhigt man an Silvester am besten mit Gelassenheit. Diese Regel sollten alle Hundebesitzer befolgen und das nicht nur an Silvester. Normale Bewegungen und entspannte Tonlage vermitteln unseren Vierbeinern ein Gef\u00fchl von Sicherheit. Ausgepr\u00e4gtes Bedauern und permanentes Tr\u00f6sten best\u00e4rkt die Silvesterangst der Hunde. Die Vierbeiner m\u00fcssen das Gef\u00fchl bekommen, als w\u00e4re alles in Ordnung.<\/p>\n<h2>Tipp 1: Gewohnte Umgebung bringt Hunden an Silvester Sicherheit<\/h2>\n<p>Der erste Schritt zur Normalit\u00e4t ist die <a href=\"https:\/\/uelzener.de\/magazin\/hund\/erziehung-und-training\/gemeinsam-ins-neue-jahr-silvester-tipps-und-gesunde-vorsaetze-fuer-dich-und-deinen-hund\/\">gewohnte Umgebung<\/a>. Der Lieblingsplatz, die vertraute Hundedecke und der allt\u00e4gliche Geruch vermitteln Sicherheit. Besonders an Silvester ist f\u00fcr \u00e4ngstliche Hunde ein Safe-Place wichtig. Im besten Fall ist es der \u00fcbliche Hundekorb. F\u00e4llt die Wahl des Hundes jedoch auf ein au\u00dfergew\u00f6hnliches Versteck, darf an Silvester auch eine Ausnahme gemacht werden. Selbst, wenn der Hund im Alltag nicht an diesen Raum darf.<\/p>\n<h2>Tipp 2: Im Rudel \u00fcbersteht man die Silvesterangst am besten<\/h2>\n<p>Silvester mit dem Hund verbringen, ist die beste L\u00f6sung. Das menschliche Rudel gibt Sicherheit. Muss der Hund alleine mit den ungew\u00f6hnlichen Ger\u00e4uschen zurechtkommt, ohne sich an seinem Menschen orientieren zu k\u00f6nnen, wird die Angst meist noch gr\u00f6\u00dfer. Dabei gilt: Achte auf seine <strong><a href=\"https:\/\/www.uelzener.de\/blog\/tier\/hundesprache-kommunikation-auf-vier-pfoten.html\" target=\"_blank\" rel=\"noopener\">Hundesprache<\/a><\/strong> und lasse deinen Hund w\u00e4hlen, ob allein deine Anwesenheit reicht oder Kuscheleinheiten eingefordert werden. Gemeinsamkeit macht st\u00e4rker. Das gilt auch f\u00fcr Hunde und Silvester.<\/p>\n<h2>Tipp 3: Hunde an Silvester ablenken<\/h2>\n<p>Bevor um 24 Uhr der gro\u00dfe Knall droht, kann mit Ablenkungsman\u00f6vern agiert werden. Welches Spiel oder Besch\u00e4ftigung gew\u00e4hlt wird, h\u00e4ngt vom Hund ab. Mit dem Lieblingsball oder Leckereien wird die Aufmerksamkeit auf eine positive Situation gelenkt. Der Silvesterl\u00e4rm r\u00fcckt in den Hintergrund.<\/p>\n<h2>Tipp 4: Je knall- und b\u00f6llerfrei Silvester abl\u00e4uft, desto besser<\/h2>\n<p>Auch wenn die gewohnte Umgebung Sicherheit an Silvester bringt, kann ein b\u00f6llerfreier Ort manchmal die bessere L\u00f6sung sein. Ist das nicht m\u00f6glich, k\u00f6nnen auch geschlossene Rollos und Gardinen hilfreich sein. Sie d\u00e4mpfen das Feuerwerk und der Hund bekommt die bunten Lichter weniger mit. Je b\u00f6llerfreier du Silvester gestaltest, desto entspannter wird dein Hund.<\/p>\n<h2>Tipp 5: Hunde an Silvester auslasten und Spazierg\u00e4nge planen<\/h2>\n<p>Die Spazierg\u00e4nge mit dem Hund werden an Silvester zum H\u00fcrdenlauf. Bereits ein paar Tage vorm 31. Dezember sind Hund und Halter nie vor Knallern sicher. Ist die Silvesterangst deines Hundes besonders gro\u00df, nimm deinen Vierbeiner bereits ein paar Tage vorher und nachher an der Leine. Das Risiko, dass er sich erschreckt und wegl\u00e4uft, ist zu gro\u00df. Spazierg\u00e4nge sind aber wichtig. Ein ausgelasteter Hund ist entspannter. Fahre mit deinem Hund also lieber in eine m\u00f6glichst knall- und b\u00f6llerfreie Umgebung.<\/p>\n<h2>Tipp 6: Den Hund mit Stressabbau an Silvester beruhigen<\/h2>\n<p>Hast du einen Hund, der nicht genug vom Kuscheln bekommt? Umso besser. Eine Massage entspannt und mildert den Stress. Ein Tipp: Kuscheleinheiten am Abend zu einem festen Ritual machen.<\/p>\n<p>Ein gro\u00dfer Knochen kann ebenfalls bei Hunden an Silvester f\u00fcr Entspannung sorgen. Kauen und Knabbern setzt Gl\u00fcckshormone frei. Denke aber daran, die Futterration zu reduzieren.<\/p>\n<h2>Tipp 7: Nach Silvester mit dem Hund ist vor Silvester mit dem Hund<\/h2>\n<p>Ist der Hund generell sehr ger\u00e4uschempfindlich und sensibel, kann ein gezieltes Hundetraining im Alltag und an Silvester Sicherheit geben. Verhaltenstherapie, Gegenkoordination oder Entspannungs\u00fcbungen: M\u00f6glichkeiten f\u00fcr Silvestertraining gibt es viele. Achtung: Jeder Hund ist verschieden. Hundetrainer:innen k\u00f6nnen helfen. Er kann den Charakter und die Stresssituationen bewerten. Profis stellen dann passend zu Ihrem Hund die \u00dcbungen zusammen. Auch mit gen\u00fcgend Ma\u00dfnahmen, kann es sein, dass sich der Hund erschreckt und dadurch etwas in der eigenen Wohnung oder der Wohnung von Freunden kaputtgeht. Damit diese Kosten abgedeckt sind, empfiehlt es sich, eine Hunde-Haftpflicht-Versicherung abzuschlie\u00dfen.<\/p>\n\n<div class=\"banner\">\n    <a href=\"https:\/\/uelzener.de\/hund\/hunde-haftpflichtversicherung\/?agt=0000104925&sem=true&utm_medium=magazin&utm_source=wordpress&utm_campaign=hund_haf&utm_content=banner\">\n        <img decoding=\"async\" width=\"300\" height=\"212\" src=\"https:\/\/uelzener.de\/magazin\/app\/uploads\/2025\/01\/Hundehalter-Haftpflicht-Versicherung.jpg\" class=\"attachment-medium size-medium\" alt=\"Banner Hundehalter-Haftpflicht-Versicherung\" \/>    <\/a>\n<\/div>\n\n","protected":false},"excerpt":{"rendered":"<p>F\u00fcr Hunde ist Silvester oft der schwerste Tag des Jahres. Laute Knallerei und Ungewissheit sch\u00fcren Angst bei unseren Vierbeinern. Wir haben 7 Tipps vorbeireitet, damit ihr stressfreier Silvester mit dem Hund verbringen k\u00f6nnt. Warum haben Hunde Angst an Silvester? Hunde haben ausgepr\u00e4gte Sinne. Sie h\u00f6ren und riechen deutlich besser als wir Menschen. Vierbeiner sind dadurch [&hellip;]<\/p>\n","protected":false},"author":1,"featured_media":12835,"parent":11679,"menu_order":36,"comment_status":"open","ping_status":"open","template":"templates\/blog.php","meta":{"_acf_changed":false,"_crdt_document":"","footnotes":"","beyondwords_generate_audio":"0","beyondwords_project_id":"","beyondwords_content_id":"","beyondwords_preview_token":"","beyondwords_player_style":"","beyondwords_language_id":"","beyondwords_title_voice_id":"","beyondwords_body_voice_id":"","beyondwords_summary_voice_id":"","beyondwords_error_message":"","beyondwords_disabled":"","beyondwords_delete_content":"","beyondwords_podcast_id":"","beyondwords_hash":"","publish_post_to_speechkit":"","speechkit_hash":"","speechkit_generate_audio":"","speechkit_project_id":"","speechkit_podcast_id":"","speechkit_error_message":"","speechkit_disabled":"","speechkit_access_key":"","speechkit_error":"","speechkit_info":"","speechkit_response":"","speechkit_retries":"","speechkit_status":"","speechkit_updated_at":"","_speechkit_link":"","_speechkit_text":""},"class_list":["post-10112","page","type-page","status-publish","has-post-thumbnail","hentry"],"acf":[],"yoast_head":"<!-- This site is optimized with the Yoast SEO Premium plugin  - https:\/\/yoast.com\/product\/yoast-seo-premium-wordpress\/ -->\n<title>Silvester mit Hund \u2013 7 Tipps gegen Angst &amp; Stress | Uelzener<\/title>\n<meta name=\"description\" content=\"Erfahre, wie du Silvester mit deinem Hund \u2713 frei von Angst &amp; Stress verbringen kannst! \u25b6 Hier informieren!\" \/>\n<meta name=\"robots\" content=\"index, follow, max-snippet:-1, max-image-preview:large, max-video-preview:-1\" \/>\n<link rel=\"canonical\" href=\"https:\/\/uelzener.de\/magazin\/hund\/erziehung-und-training\/silvester-mit-hund\/\" \/>\n<meta property=\"og:locale\" content=\"de_DE\" \/>\n<meta property=\"og:type\" content=\"article\" \/>\n<meta property=\"og:title\" content=\"Silvester mit Hund: 7 Tipps f\u00fcr \u00e4ngstliche Vierbeiner\" \/>\n<meta property=\"og:description\" content=\"Erfahre, wie du Silvester mit deinem Hund \u2713 frei von Angst &amp; Stress verbringen kannst! \u25b6 Hier informieren!\" \/>\n<meta property=\"og:url\" content=\"https:\/\/uelzener.de\/magazin\/hund\/erziehung-und-training\/silvester-mit-hund\/\" \/>\n<meta property=\"og:site_name\" content=\"Uelzener Tier-Magazin\" \/>\n<meta property=\"article:publisher\" content=\"https:\/\/www.facebook.com\/Uelzener\" \/>\n<meta property=\"article:modified_time\" content=\"2025-08-21T08:46:39+00:00\" \/>\n<meta property=\"og:image\" content=\"https:\/\/uelzener.de\/magazin\/app\/uploads\/2021\/10\/Silvester-Hund.jpg\" \/>\n\t<meta property=\"og:image:width\" content=\"1024\" \/>\n\t<meta property=\"og:image:height\" content=\"450\" \/>\n\t<meta property=\"og:image:type\" content=\"image\/jpeg\" \/>\n<meta name=\"twitter:card\" content=\"summary_large_image\" \/>\n<meta name=\"twitter:label1\" content=\"Gesch\u00e4tzte Lesezeit\" \/>\n\t<meta name=\"twitter:data1\" content=\"5\u00a0Minuten\" \/>\n<script type=\"application\/ld+json\" class=\"yoast-schema-graph\">{\"@context\":\"https:\/\/schema.org\",\"@graph\":[{\"@type\":\"WebPage\",\"@id\":\"https:\/\/uelzener.de\/magazin\/hund\/erziehung-und-training\/silvester-mit-hund\/\",\"url\":\"https:\/\/uelzener.de\/magazin\/hund\/erziehung-und-training\/silvester-mit-hund\/\",\"name\":\"Silvester mit Hund \u2013 7 Tipps gegen Angst & Stress | Uelzener\",\"isPartOf\":{\"@id\":\"https:\/\/uelzener.de\/magazin\/#website\"},\"primaryImageOfPage\":{\"@id\":\"https:\/\/uelzener.de\/magazin\/hund\/erziehung-und-training\/silvester-mit-hund\/#primaryimage\"},\"image\":{\"@id\":\"https:\/\/uelzener.de\/magazin\/hund\/erziehung-und-training\/silvester-mit-hund\/#primaryimage\"},\"thumbnailUrl\":\"https:\/\/uelzener.de\/magazin\/app\/uploads\/2021\/10\/Silvester-Hund.jpg\",\"datePublished\":\"2019-12-17T00:00:00+00:00\",\"dateModified\":\"2025-08-21T08:46:39+00:00\",\"description\":\"Erfahre, wie du Silvester mit deinem Hund \u2713 frei von Angst & Stress verbringen kannst! \u25b6 Hier informieren!\",\"breadcrumb\":{\"@id\":\"https:\/\/uelzener.de\/magazin\/hund\/erziehung-und-training\/silvester-mit-hund\/#breadcrumb\"},\"inLanguage\":\"de\",\"potentialAction\":[{\"@type\":\"ReadAction\",\"target\":[\"https:\/\/uelzener.de\/magazin\/hund\/erziehung-und-training\/silvester-mit-hund\/\"]}]},{\"@type\":\"ImageObject\",\"inLanguage\":\"de\",\"@id\":\"https:\/\/uelzener.de\/magazin\/hund\/erziehung-und-training\/silvester-mit-hund\/#primaryimage\",\"url\":\"https:\/\/uelzener.de\/magazin\/app\/uploads\/2021\/10\/Silvester-Hund.jpg\",\"contentUrl\":\"https:\/\/uelzener.de\/magazin\/app\/uploads\/2021\/10\/Silvester-Hund.jpg\",\"width\":1024,\"height\":450,\"caption\":\"Ein wei\u00dfer Hund eingewickelt in Luftschlange ist verwirrt durch konfettiregen\"},{\"@type\":\"WebSite\",\"@id\":\"https:\/\/uelzener.de\/magazin\/#website\",\"url\":\"https:\/\/uelzener.de\/magazin\/\",\"name\":\"Uelzener Tiermagazin\",\"description\":\"Online Tierratgeber der Uelzener Versicherungen\",\"publisher\":{\"@id\":\"https:\/\/uelzener.de\/magazin\/#organization\"},\"potentialAction\":[{\"@type\":\"SearchAction\",\"target\":{\"@type\":\"EntryPoint\",\"urlTemplate\":\"https:\/\/uelzener.de\/magazin\/?s={search_term_string}\"},\"query-input\":{\"@type\":\"PropertyValueSpecification\",\"valueRequired\":true,\"valueName\":\"search_term_string\"}}],\"inLanguage\":\"de\"},{\"@type\":\"Organization\",\"@id\":\"https:\/\/uelzener.de\/magazin\/#organization\",\"name\":\"Uelzener Versicherungen\",\"url\":\"https:\/\/uelzener.de\/magazin\/\",\"logo\":{\"@type\":\"ImageObject\",\"inLanguage\":\"de\",\"@id\":\"https:\/\/uelzener.de\/magazin\/#\/schema\/logo\/image\/\",\"url\":\"https:\/\/uelzener.de\/magazin\/app\/uploads\/2024\/11\/uelzener_allgemeine_versicherungsgesellschaft_a_g_logo.jpg\",\"contentUrl\":\"https:\/\/uelzener.de\/magazin\/app\/uploads\/2024\/11\/uelzener_allgemeine_versicherungsgesellschaft_a_g_logo.jpg\",\"width\":200,\"height\":200,\"caption\":\"Uelzener Versicherungen\"},\"image\":{\"@id\":\"https:\/\/uelzener.de\/magazin\/#\/schema\/logo\/image\/\"},\"sameAs\":[\"https:\/\/www.facebook.com\/Uelzener\",\"https:\/\/instagram.com\/uelzener\",\"https:\/\/www.xing.com\/pages\/uelzenerallgemeineversicherungs-gesellschafta-g\",\"https:\/\/www.youtube.com\/UelzenerVersicherungen\"]}]}<\/script>\n<!-- \/ Yoast SEO Premium plugin. -->","yoast_head_json":{"title":"Silvester mit Hund \u2013 7 Tipps gegen Angst & Stress | Uelzener","description":"Erfahre, wie du Silvester mit deinem Hund \u2713 frei von Angst & Stress verbringen kannst! \u25b6 Hier informieren!","robots":{"index":"index","follow":"follow","max-snippet":"max-snippet:-1","max-image-preview":"max-image-preview:large","max-video-preview":"max-video-preview:-1"},"canonical":"https:\/\/uelzener.de\/magazin\/hund\/erziehung-und-training\/silvester-mit-hund\/","og_locale":"de_DE","og_type":"article","og_title":"Silvester mit Hund: 7 Tipps f\u00fcr \u00e4ngstliche Vierbeiner","og_description":"Erfahre, wie du Silvester mit deinem Hund \u2713 frei von Angst & Stress verbringen kannst! \u25b6 Hier informieren!","og_url":"https:\/\/uelzener.de\/magazin\/hund\/erziehung-und-training\/silvester-mit-hund\/","og_site_name":"Uelzener Tier-Magazin","article_publisher":"https:\/\/www.facebook.com\/Uelzener","article_modified_time":"2025-08-21T08:46:39+00:00","og_image":[{"width":1024,"height":450,"url":"https:\/\/uelzener.de\/magazin\/app\/uploads\/2021\/10\/Silvester-Hund.jpg","type":"image\/jpeg"}],"twitter_card":"summary_large_image","twitter_misc":{"Gesch\u00e4tzte Lesezeit":"5\u00a0Minuten"},"schema":{"@context":"https:\/\/schema.org","@graph":[{"@type":"WebPage","@id":"https:\/\/uelzener.de\/magazin\/hund\/erziehung-und-training\/silvester-mit-hund\/","url":"https:\/\/uelzener.de\/magazin\/hund\/erziehung-und-training\/silvester-mit-hund\/","name":"Silvester mit Hund \u2013 7 Tipps gegen Angst & Stress | Uelzener","isPartOf":{"@id":"https:\/\/uelzener.de\/magazin\/#website"},"primaryImageOfPage":{"@id":"https:\/\/uelzener.de\/magazin\/hund\/erziehung-und-training\/silvester-mit-hund\/#primaryimage"},"image":{"@id":"https:\/\/uelzener.de\/magazin\/hund\/erziehung-und-training\/silvester-mit-hund\/#primaryimage"},"thumbnailUrl":"https:\/\/uelzener.de\/magazin\/app\/uploads\/2021\/10\/Silvester-Hund.jpg","datePublished":"2019-12-17T00:00:00+00:00","dateModified":"2025-08-21T08:46:39+00:00","description":"Erfahre, wie du Silvester mit deinem Hund \u2713 frei von Angst & Stress verbringen kannst! \u25b6 Hier informieren!","breadcrumb":{"@id":"https:\/\/uelzener.de\/magazin\/hund\/erziehung-und-training\/silvester-mit-hund\/#breadcrumb"},"inLanguage":"de","potentialAction":[{"@type":"ReadAction","target":["https:\/\/uelzener.de\/magazin\/hund\/erziehung-und-training\/silvester-mit-hund\/"]}]},{"@type":"ImageObject","inLanguage":"de","@id":"https:\/\/uelzener.de\/magazin\/hund\/erziehung-und-training\/silvester-mit-hund\/#primaryimage","url":"https:\/\/uelzener.de\/magazin\/app\/uploads\/2021\/10\/Silvester-Hund.jpg","contentUrl":"https:\/\/uelzener.de\/magazin\/app\/uploads\/2021\/10\/Silvester-Hund.jpg","width":1024,"height":450,"caption":"Ein wei\u00dfer Hund eingewickelt in Luftschlange ist verwirrt durch konfettiregen"},{"@type":"WebSite","@id":"https:\/\/uelzener.de\/magazin\/#website","url":"https:\/\/uelzener.de\/magazin\/","name":"Uelzener Tiermagazin","description":"Online Tierratgeber der Uelzener Versicherungen","publisher":{"@id":"https:\/\/uelzener.de\/magazin\/#organization"},"potentialAction":[{"@type":"SearchAction","target":{"@type":"EntryPoint","urlTemplate":"https:\/\/uelzener.de\/magazin\/?s={search_term_string}"},"query-input":{"@type":"PropertyValueSpecification","valueRequired":true,"valueName":"search_term_string"}}],"inLanguage":"de"},{"@type":"Organization","@id":"https:\/\/uelzener.de\/magazin\/#organization","name":"Uelzener Versicherungen","url":"https:\/\/uelzener.de\/magazin\/","logo":{"@type":"ImageObject","inLanguage":"de","@id":"https:\/\/uelzener.de\/magazin\/#\/schema\/logo\/image\/","url":"https:\/\/uelzener.de\/magazin\/app\/uploads\/2024\/11\/uelzener_allgemeine_versicherungsgesellschaft_a_g_logo.jpg","contentUrl":"https:\/\/uelzener.de\/magazin\/app\/uploads\/2024\/11\/uelzener_allgemeine_versicherungsgesellschaft_a_g_logo.jpg","width":200,"height":200,"caption":"Uelzener Versicherungen"},"image":{"@id":"https:\/\/uelzener.de\/magazin\/#\/schema\/logo\/image\/"},"sameAs":["https:\/\/www.facebook.com\/Uelzener","https:\/\/instagram.com\/uelzener","https:\/\/www.xing.com\/pages\/uelzenerallgemeineversicherungs-gesellschafta-g","https:\/\/www.youtube.com\/UelzenerVersicherungen"]}]}},"_links":{"self":[{"href":"https:\/\/uelzener.de\/magazin\/wp-json\/wp\/v2\/pages\/10112","targetHints":{"allow":["GET"]}}],"collection":[{"href":"https:\/\/uelzener.de\/magazin\/wp-json\/wp\/v2\/pages"}],"about":[{"href":"https:\/\/uelzener.de\/magazin\/wp-json\/wp\/v2\/types\/page"}],"author":[{"embeddable":true,"href":"https:\/\/uelzener.de\/magazin\/wp-json\/wp\/v2\/users\/1"}],"replies":[{"embeddable":true,"href":"https:\/\/uelzener.de\/magazin\/wp-json\/wp\/v2\/comments?post=10112"}],"version-history":[{"count":14,"href":"https:\/\/uelzener.de\/magazin\/wp-json\/wp\/v2\/pages\/10112\/revisions"}],"predecessor-version":[{"id":18888,"href":"https:\/\/uelzener.de\/magazin\/wp-json\/wp\/v2\/pages\/10112\/revisions\/18888"}],"up":[{"embeddable":true,"href":"https:\/\/uelzener.de\/magazin\/wp-json\/wp\/v2\/pages\/11679"}],"wp:featuredmedia":[{"embeddable":true,"href":"https:\/\/uelzener.de\/magazin\/wp-json\/wp\/v2\/media\/12835"}],"wp:attachment":[{"href":"https:\/\/uelzener.de\/magazin\/wp-json\/wp\/v2\/media?parent=10112"}],"curies":[{"name":"wp","href":"https:\/\/api.w.org\/{rel}","templated":true}]}}