{"id":10111,"date":"2019-11-26T00:00:00","date_gmt":"2019-11-25T23:00:00","guid":{"rendered":""},"modified":"2023-03-02T15:31:50","modified_gmt":"2023-03-02T14:31:50","slug":"hundesprache","status":"publish","type":"page","link":"https:\/\/uelzener.de\/magazin\/hund\/erziehung-und-training\/hundesprache\/","title":{"rendered":"Hundesprache: Kommunikation auf vier Pfoten"},"content":{"rendered":"<p><strong>Vielen Haltern f\u00e4llt es schwer, den eigenen Hund zu verstehen. Was m\u00f6chte er mit seiner K\u00f6rpersprache ausdr\u00fccken? Warum knurrt er oder wedelt mit dem Schwanz? Wir f\u00fchren Dich ein in die Hundesprache und erkl\u00e4ren die wichtigsten Signale Deines Vierbeiners<\/strong>.<\/p>\n<p>Die Hundesprache ist vielf\u00e4ltig und umfangreich. Schlie\u00dflich sind unsere Vierbeiner Rudeltiere und sch\u00e4tzen wie ihre tierischen Vorfahren, die W\u00f6lfe, die Gemeinschaft anderer Hunde. Sie kommunizieren auf verschiedenen Ebenen miteinander und mit uns \u2013 mit Lauten, mit D\u00fcften und mit dem ganzen K\u00f6rper. Die K\u00f6rpersprache des Hundes und sein Verhalten zu verstehen, ist f\u00fcr ein gutes Zusammenleben von Mensch und Tier sowie f\u00fcr die Erziehung wichtig. Herrscht keine gute Mensch-Hund-Kommunikation entstehen schnell Missverst\u00e4ndnisse, die im schlimmsten Fall zu einem aggressiven Hundeverhalten f\u00fchren k\u00f6nnen. Nimm Dir Zeit f\u00fcr Deinen Hund und beobachte seine K\u00f6rpersprache genau.<\/p>\n<h2>Hundesprache verstehen \u2013 Ohne Worte viel sagen<\/h2>\n<p>Die wichtigsten Signalgeber des Hundes sind Ohren, Fell, Schwanz, Mimik und Augen. Meist kommen mehrere Hundesignale gleichzeitig zum Einsatz, damit die Botschaft klar und verst\u00e4ndlich ist. Unsere Vierbeiner k\u00f6nnen zum Beispiel ihre Haare im Nacken oder auf dem R\u00fccken aufstellen, um ihre Erregung auszudr\u00fccken oder die Ohren eng anlegen, wenn sie gro\u00dfe Angst versp\u00fcren.<\/p>\n<h2>Hundesprache Ohren &#8211; angelegt oder aufgestellt?<\/h2>\n<p>Hunde haben ein hervorragendes Geh\u00f6r und nehmen auch die leisesten Ger\u00e4usche in ihrer Umgebung genau wahr. Aber die Ohren unser Fellnasen dienen auch als Kommunikationsmittel. Ein aufmerksamer und spielfreudiger Hund hat die Ohren aufgestellt und auf den Interaktionspartner ausgerichtet. Er signalisiert freudige Anspannung. Hat der Hund die Ohren angelegt, ist der Vierbeiner ver\u00e4ngstigt und misstrauisch. In diesem Fall sollte man ihm Sicherheit vermitteln und ihn beruhigen. Aber auch K\u00f6rpersprache ist auch f\u00fcr Hunde von gro\u00dfer Bedeutung, besonders, wenn Sie einen <a href=\"https:\/\/uelzener.de\/magazin\/hund\/erziehung-und-training\/tauber-hund\/\"><strong>tauben Hund<\/strong><\/a> besitzen.<\/p>\n<h2>Eine haarige Angelegenheit<\/h2>\n<p>Um das Hundeverhalten zu verstehen, lohnt sich auch ein Blick auf das Fell: Mit der Ausrichtung ihrer Haare dr\u00fccken Hunde eine ganze Reihe von Gem\u00fctszust\u00e4nden aus. Sie k\u00f6nnen ihr Fell im Nackenbereich, auf dem R\u00fccken und an der Schwanzwurzel aufstellen. Es entsteht die sogenannte \u201eB\u00fcrste\u201c. Wenn Hunde ihr Nackenhaar aufstellen oder sich ihre Haare entlang des R\u00fcckens oder am Rutenansatz str\u00e4uben, passiert dies unbewusst und ist nicht durch den Hund steuerbar. Unsere Hunde signalisieren mit unterschiedlich stark aufgestellten Haaren unterschiedliche Stimmungen: z. B. dass sie beunruhigt sind, sie etwas st\u00f6rt, dass sie Angst haben und sich bedroht f\u00fchlen oder aber sie selbst anderen Artgenossen drohen. Besonders vorsichtig solltest Du im Umgang mit Hunden sein, bei denen das ganze Fell gestr\u00e4ubt ist und b\u00fcrstenf\u00f6rmig absteht. Dies signalisiert im Zusammenspiel mit einem ebenfalls fletschenden Hund Angriffsbereitschaft.<\/p>\n<p><img decoding=\"async\" src=\"\/magazin\/app\/uploads\/2021\/02\/f296c7e2-175a-411b-bd53-e242ae0dbf36.jpg\" \/><\/p>\n<p>Ein fr\u00f6hlicher Hund wedelt mit dem Schwanz, hei\u00dft es. Aber stimmt das immer? In der Regel schon, denn wedelt ein Vierbeiner ausgelassen mit dem Schwanz, signalisiert er meist Freude oder Spielbereitschaft. Wird die Rute aber tief gehalten und befindet sich fast zwischen den Beinen, hei\u00dft dies in der K\u00f6rpersprache des Hundes, dass er eher \u00e4ngstlich und gestresst ist. Im Allgemeinen ist die Haltung des Schwanzes bei jedem Hund je nach Charakter und Pers\u00f6nlichkeit verschieden. Selbstbewusste Tiere laufen mit hoch erhobener Rute umher, wohingegen \u00e4ngstliche Artgenossen den Schwanz oft eingeklemmt haben.<\/p>\n<h2>Ein Blick sagt mehr als 1000 Worte<\/h2>\n<p>Sind sie friedlich und entspannt, drohend und angriffslustig oder ver\u00e4ngstigt und unterw\u00fcrfig? Mit ihrem ausdrucksstarken Gesicht k\u00f6nnen Hunde unterschiedlichste Signale aussenden. Besonders eng verkn\u00fcpft ist jeder Gesichtsausdruck mit einer ganz bestimmten Stellung der Ohren. Ist ein Hund zum Beispiel misstrauisch und unsicher, so zieht er die Augenbrauen zusammen und hat die Ohren flach angelegt. Ein spielfreudiger Hund blickt sein Gegen\u00fcber hingegen mit offenem Gesicht geradewegs an und hat die Ohren aufgestellt.<\/p>\n<h2>Wie kommunizieren Hunde?<\/h2>\n<p>Anders als ihre Vorfahren beinhaltet die Hundekommunikation verst\u00e4rkt Laute, besonders im Umgang mit dem Menschen. Schlie\u00dflich nehmen wir sie auf diese Weise besser wahr. Von Tier zu Tier gibt es allerdings gro\u00dfe Unterschiede beim Einsatz der Lautsprache. Einige sind wahre Redek\u00fcnstler, andere Schweigen sich eher aus. Das h\u00e4ngt von Charakter und Pers\u00f6nlichkeit aber auch der Rasse ab.<\/p>\n<p>Bellt ein Hund zum Beispiel, kann er damit verschiedene Dinge ausdr\u00fccken. Ein drohender Hund bellt dumpf und aggressiv, ein spielfreudiger Vierbeiner hoch und abwartend. Auch andere Lautsignale des Hundes sind vieldeutig. Knurren wird h\u00e4ufig als Warnung verstanden, kann aber auch im Spiel zum Einsatz kommen, ohne bedrohlichen Unterton. Nur wer viel Zeit mit seinem treuen Gef\u00e4hrten verbringt, lernt, die Hundesprache zu verstehen und richtig zu deuten.<\/p>\n<h2>Hundesignale sind vielstimmig und individuell<\/h2>\n<p>Grunds\u00e4tzlich ist die Hundesprache vielschichtig. Wer seinen Hund richtig verstehen und seine Signale erfolgreich deuten m\u00f6chte, der sollte den ganzen K\u00f6rper von den Ohren bis zur Schwanzspitze beachten. Dann gelingt die Kommunikation zwischen Hund und Mensch.<\/p>\n","protected":false},"excerpt":{"rendered":"<p>Vielen Haltern f\u00e4llt es schwer, den eigenen Hund zu verstehen. Was m\u00f6chte er mit seiner K\u00f6rpersprache ausdr\u00fccken? Warum knurrt er oder wedelt mit dem Schwanz? Wir f\u00fchren Dich ein in die Hundesprache und erkl\u00e4ren die wichtigsten Signale Deines Vierbeiners. Die Hundesprache ist vielf\u00e4ltig und umfangreich. Schlie\u00dflich sind unsere Vierbeiner Rudeltiere und sch\u00e4tzen wie ihre tierischen [&hellip;]<\/p>\n","protected":false},"author":1,"featured_media":12843,"parent":11679,"menu_order":35,"comment_status":"closed","ping_status":"closed","template":"templates\/blog.php","meta":{"_acf_changed":false,"_crdt_document":"","footnotes":"","beyondwords_generate_audio":"","beyondwords_project_id":"","beyondwords_content_id":"","beyondwords_preview_token":"","beyondwords_player_style":"","beyondwords_language_id":"","beyondwords_title_voice_id":"","beyondwords_body_voice_id":"","beyondwords_summary_voice_id":"","beyondwords_error_message":"","beyondwords_disabled":"","beyondwords_delete_content":"","beyondwords_podcast_id":"","beyondwords_hash":"","publish_post_to_speechkit":"","speechkit_hash":"","speechkit_generate_audio":"","speechkit_project_id":"","speechkit_podcast_id":"","speechkit_error_message":"","speechkit_disabled":"","speechkit_access_key":"","speechkit_error":"","speechkit_info":"","speechkit_response":"","speechkit_retries":"","speechkit_status":"","speechkit_updated_at":"","_speechkit_link":"","_speechkit_text":""},"class_list":["post-10111","page","type-page","status-publish","has-post-thumbnail","hentry"],"acf":[],"yoast_head":"<!-- This site is optimized with the Yoast SEO Premium plugin  - https:\/\/yoast.com\/product\/yoast-seo-premium-wordpress\/ -->\n<title>Hundesprache verstehen und richtig deuten | Uelzener<\/title>\n<meta name=\"description\" content=\"Was dr\u00fcckt Dein Hund mit seiner K\u00f6rpersprache aus? \u25b6 Alles \u00fcber \u2713 Ohren anlegen \u2713 Haare str\u00e4uben \u2713 Bellen \u25b6 Hundesprache lernen!\" \/>\n<meta name=\"robots\" content=\"index, follow, max-snippet:-1, max-image-preview:large, max-video-preview:-1\" \/>\n<link rel=\"canonical\" href=\"https:\/\/uelzener.de\/magazin\/hund\/erziehung-und-training\/hundesprache\/\" \/>\n<meta property=\"og:locale\" content=\"de_DE\" \/>\n<meta property=\"og:type\" content=\"article\" \/>\n<meta property=\"og:title\" content=\"Hundesprache: Kommunikation auf vier Pfoten\" \/>\n<meta property=\"og:description\" content=\"Was dr\u00fcckt Dein Hund mit seiner K\u00f6rpersprache aus? \u25b6 Alles \u00fcber \u2713 Ohren anlegen \u2713 Haare str\u00e4uben \u2713 Bellen \u25b6 Hundesprache lernen!\" \/>\n<meta property=\"og:url\" content=\"https:\/\/uelzener.de\/magazin\/hund\/erziehung-und-training\/hundesprache\/\" \/>\n<meta property=\"og:site_name\" content=\"Uelzener Tier-Magazin\" \/>\n<meta property=\"article:publisher\" content=\"https:\/\/www.facebook.com\/Uelzener\" \/>\n<meta property=\"article:modified_time\" content=\"2023-03-02T14:31:50+00:00\" \/>\n<meta property=\"og:image\" content=\"https:\/\/uelzener.de\/magazin\/app\/uploads\/2021\/10\/Hundesprache-1.jpg\" \/>\n\t<meta property=\"og:image:width\" content=\"1024\" \/>\n\t<meta property=\"og:image:height\" content=\"450\" \/>\n\t<meta property=\"og:image:type\" content=\"image\/jpeg\" \/>\n<meta name=\"twitter:card\" content=\"summary_large_image\" \/>\n<meta name=\"twitter:label1\" content=\"Gesch\u00e4tzte Lesezeit\" \/>\n\t<meta name=\"twitter:data1\" content=\"4\u00a0Minuten\" \/>\n<script type=\"application\/ld+json\" class=\"yoast-schema-graph\">{\"@context\":\"https:\/\/schema.org\",\"@graph\":[{\"@type\":\"WebPage\",\"@id\":\"https:\/\/uelzener.de\/magazin\/hund\/erziehung-und-training\/hundesprache\/\",\"url\":\"https:\/\/uelzener.de\/magazin\/hund\/erziehung-und-training\/hundesprache\/\",\"name\":\"Hundesprache verstehen und richtig deuten | Uelzener\",\"isPartOf\":{\"@id\":\"https:\/\/uelzener.de\/magazin\/#website\"},\"primaryImageOfPage\":{\"@id\":\"https:\/\/uelzener.de\/magazin\/hund\/erziehung-und-training\/hundesprache\/#primaryimage\"},\"image\":{\"@id\":\"https:\/\/uelzener.de\/magazin\/hund\/erziehung-und-training\/hundesprache\/#primaryimage\"},\"thumbnailUrl\":\"https:\/\/uelzener.de\/magazin\/app\/uploads\/2021\/10\/Hundesprache-1.jpg\",\"datePublished\":\"2019-11-25T23:00:00+00:00\",\"dateModified\":\"2023-03-02T14:31:50+00:00\",\"description\":\"Was dr\u00fcckt Dein Hund mit seiner K\u00f6rpersprache aus? \u25b6 Alles \u00fcber \u2713 Ohren anlegen \u2713 Haare str\u00e4uben \u2713 Bellen \u25b6 Hundesprache lernen!\",\"breadcrumb\":{\"@id\":\"https:\/\/uelzener.de\/magazin\/hund\/erziehung-und-training\/hundesprache\/#breadcrumb\"},\"inLanguage\":\"de\",\"potentialAction\":[{\"@type\":\"ReadAction\",\"target\":[\"https:\/\/uelzener.de\/magazin\/hund\/erziehung-und-training\/hundesprache\/\"]}]},{\"@type\":\"ImageObject\",\"inLanguage\":\"de\",\"@id\":\"https:\/\/uelzener.de\/magazin\/hund\/erziehung-und-training\/hundesprache\/#primaryimage\",\"url\":\"https:\/\/uelzener.de\/magazin\/app\/uploads\/2021\/10\/Hundesprache-1.jpg\",\"contentUrl\":\"https:\/\/uelzener.de\/magazin\/app\/uploads\/2021\/10\/Hundesprache-1.jpg\",\"width\":1024,\"height\":450,\"caption\":\"Ein heller Hund steht im Wald er sieht angespannt aus es w\u00e4re gut die Hundesprache zu deuten\"},{\"@type\":\"WebSite\",\"@id\":\"https:\/\/uelzener.de\/magazin\/#website\",\"url\":\"https:\/\/uelzener.de\/magazin\/\",\"name\":\"Uelzener Tiermagazin\",\"description\":\"Online Tierratgeber der Uelzener Versicherungen\",\"publisher\":{\"@id\":\"https:\/\/uelzener.de\/magazin\/#organization\"},\"potentialAction\":[{\"@type\":\"SearchAction\",\"target\":{\"@type\":\"EntryPoint\",\"urlTemplate\":\"https:\/\/uelzener.de\/magazin\/?s={search_term_string}\"},\"query-input\":{\"@type\":\"PropertyValueSpecification\",\"valueRequired\":true,\"valueName\":\"search_term_string\"}}],\"inLanguage\":\"de\"},{\"@type\":\"Organization\",\"@id\":\"https:\/\/uelzener.de\/magazin\/#organization\",\"name\":\"Uelzener Versicherungen\",\"url\":\"https:\/\/uelzener.de\/magazin\/\",\"logo\":{\"@type\":\"ImageObject\",\"inLanguage\":\"de\",\"@id\":\"https:\/\/uelzener.de\/magazin\/#\/schema\/logo\/image\/\",\"url\":\"https:\/\/uelzener.de\/magazin\/app\/uploads\/2024\/11\/uelzener_allgemeine_versicherungsgesellschaft_a_g_logo.jpg\",\"contentUrl\":\"https:\/\/uelzener.de\/magazin\/app\/uploads\/2024\/11\/uelzener_allgemeine_versicherungsgesellschaft_a_g_logo.jpg\",\"width\":200,\"height\":200,\"caption\":\"Uelzener Versicherungen\"},\"image\":{\"@id\":\"https:\/\/uelzener.de\/magazin\/#\/schema\/logo\/image\/\"},\"sameAs\":[\"https:\/\/www.facebook.com\/Uelzener\",\"https:\/\/instagram.com\/uelzener\",\"https:\/\/www.xing.com\/pages\/uelzenerallgemeineversicherungs-gesellschafta-g\",\"https:\/\/www.youtube.com\/UelzenerVersicherungen\"]}]}<\/script>\n<!-- \/ Yoast SEO Premium plugin. -->","yoast_head_json":{"title":"Hundesprache verstehen und richtig deuten | Uelzener","description":"Was dr\u00fcckt Dein Hund mit seiner K\u00f6rpersprache aus? \u25b6 Alles \u00fcber \u2713 Ohren anlegen \u2713 Haare str\u00e4uben \u2713 Bellen \u25b6 Hundesprache lernen!","robots":{"index":"index","follow":"follow","max-snippet":"max-snippet:-1","max-image-preview":"max-image-preview:large","max-video-preview":"max-video-preview:-1"},"canonical":"https:\/\/uelzener.de\/magazin\/hund\/erziehung-und-training\/hundesprache\/","og_locale":"de_DE","og_type":"article","og_title":"Hundesprache: Kommunikation auf vier Pfoten","og_description":"Was dr\u00fcckt Dein Hund mit seiner K\u00f6rpersprache aus? \u25b6 Alles \u00fcber \u2713 Ohren anlegen \u2713 Haare str\u00e4uben \u2713 Bellen \u25b6 Hundesprache lernen!","og_url":"https:\/\/uelzener.de\/magazin\/hund\/erziehung-und-training\/hundesprache\/","og_site_name":"Uelzener Tier-Magazin","article_publisher":"https:\/\/www.facebook.com\/Uelzener","article_modified_time":"2023-03-02T14:31:50+00:00","og_image":[{"width":1024,"height":450,"url":"https:\/\/uelzener.de\/magazin\/app\/uploads\/2021\/10\/Hundesprache-1.jpg","type":"image\/jpeg"}],"twitter_card":"summary_large_image","twitter_misc":{"Gesch\u00e4tzte Lesezeit":"4\u00a0Minuten"},"schema":{"@context":"https:\/\/schema.org","@graph":[{"@type":"WebPage","@id":"https:\/\/uelzener.de\/magazin\/hund\/erziehung-und-training\/hundesprache\/","url":"https:\/\/uelzener.de\/magazin\/hund\/erziehung-und-training\/hundesprache\/","name":"Hundesprache verstehen und richtig deuten | Uelzener","isPartOf":{"@id":"https:\/\/uelzener.de\/magazin\/#website"},"primaryImageOfPage":{"@id":"https:\/\/uelzener.de\/magazin\/hund\/erziehung-und-training\/hundesprache\/#primaryimage"},"image":{"@id":"https:\/\/uelzener.de\/magazin\/hund\/erziehung-und-training\/hundesprache\/#primaryimage"},"thumbnailUrl":"https:\/\/uelzener.de\/magazin\/app\/uploads\/2021\/10\/Hundesprache-1.jpg","datePublished":"2019-11-25T23:00:00+00:00","dateModified":"2023-03-02T14:31:50+00:00","description":"Was dr\u00fcckt Dein Hund mit seiner K\u00f6rpersprache aus? \u25b6 Alles \u00fcber \u2713 Ohren anlegen \u2713 Haare str\u00e4uben \u2713 Bellen \u25b6 Hundesprache lernen!","breadcrumb":{"@id":"https:\/\/uelzener.de\/magazin\/hund\/erziehung-und-training\/hundesprache\/#breadcrumb"},"inLanguage":"de","potentialAction":[{"@type":"ReadAction","target":["https:\/\/uelzener.de\/magazin\/hund\/erziehung-und-training\/hundesprache\/"]}]},{"@type":"ImageObject","inLanguage":"de","@id":"https:\/\/uelzener.de\/magazin\/hund\/erziehung-und-training\/hundesprache\/#primaryimage","url":"https:\/\/uelzener.de\/magazin\/app\/uploads\/2021\/10\/Hundesprache-1.jpg","contentUrl":"https:\/\/uelzener.de\/magazin\/app\/uploads\/2021\/10\/Hundesprache-1.jpg","width":1024,"height":450,"caption":"Ein heller Hund steht im Wald er sieht angespannt aus es w\u00e4re gut die Hundesprache zu deuten"},{"@type":"WebSite","@id":"https:\/\/uelzener.de\/magazin\/#website","url":"https:\/\/uelzener.de\/magazin\/","name":"Uelzener Tiermagazin","description":"Online Tierratgeber der Uelzener Versicherungen","publisher":{"@id":"https:\/\/uelzener.de\/magazin\/#organization"},"potentialAction":[{"@type":"SearchAction","target":{"@type":"EntryPoint","urlTemplate":"https:\/\/uelzener.de\/magazin\/?s={search_term_string}"},"query-input":{"@type":"PropertyValueSpecification","valueRequired":true,"valueName":"search_term_string"}}],"inLanguage":"de"},{"@type":"Organization","@id":"https:\/\/uelzener.de\/magazin\/#organization","name":"Uelzener Versicherungen","url":"https:\/\/uelzener.de\/magazin\/","logo":{"@type":"ImageObject","inLanguage":"de","@id":"https:\/\/uelzener.de\/magazin\/#\/schema\/logo\/image\/","url":"https:\/\/uelzener.de\/magazin\/app\/uploads\/2024\/11\/uelzener_allgemeine_versicherungsgesellschaft_a_g_logo.jpg","contentUrl":"https:\/\/uelzener.de\/magazin\/app\/uploads\/2024\/11\/uelzener_allgemeine_versicherungsgesellschaft_a_g_logo.jpg","width":200,"height":200,"caption":"Uelzener Versicherungen"},"image":{"@id":"https:\/\/uelzener.de\/magazin\/#\/schema\/logo\/image\/"},"sameAs":["https:\/\/www.facebook.com\/Uelzener","https:\/\/instagram.com\/uelzener","https:\/\/www.xing.com\/pages\/uelzenerallgemeineversicherungs-gesellschafta-g","https:\/\/www.youtube.com\/UelzenerVersicherungen"]}]}},"_links":{"self":[{"href":"https:\/\/uelzener.de\/magazin\/wp-json\/wp\/v2\/pages\/10111","targetHints":{"allow":["GET"]}}],"collection":[{"href":"https:\/\/uelzener.de\/magazin\/wp-json\/wp\/v2\/pages"}],"about":[{"href":"https:\/\/uelzener.de\/magazin\/wp-json\/wp\/v2\/types\/page"}],"author":[{"embeddable":true,"href":"https:\/\/uelzener.de\/magazin\/wp-json\/wp\/v2\/users\/1"}],"replies":[{"embeddable":true,"href":"https:\/\/uelzener.de\/magazin\/wp-json\/wp\/v2\/comments?post=10111"}],"version-history":[{"count":7,"href":"https:\/\/uelzener.de\/magazin\/wp-json\/wp\/v2\/pages\/10111\/revisions"}],"predecessor-version":[{"id":14126,"href":"https:\/\/uelzener.de\/magazin\/wp-json\/wp\/v2\/pages\/10111\/revisions\/14126"}],"up":[{"embeddable":true,"href":"https:\/\/uelzener.de\/magazin\/wp-json\/wp\/v2\/pages\/11679"}],"wp:featuredmedia":[{"embeddable":true,"href":"https:\/\/uelzener.de\/magazin\/wp-json\/wp\/v2\/media\/12843"}],"wp:attachment":[{"href":"https:\/\/uelzener.de\/magazin\/wp-json\/wp\/v2\/media?parent=10111"}],"curies":[{"name":"wp","href":"https:\/\/api.w.org\/{rel}","templated":true}]}}