{"id":10109,"date":"2019-09-17T00:00:00","date_gmt":"2019-09-17T00:00:00","guid":{"rendered":""},"modified":"2023-04-18T16:58:49","modified_gmt":"2023-04-18T14:58:49","slug":"pudel","status":"publish","type":"page","link":"https:\/\/uelzener.de\/magazin\/hund\/rasseportrait\/pudel\/","title":{"rendered":"Der Pudel: Mehr zu bieten als lockiges Fell!"},"content":{"rendered":"<p>Der intelligente Pudel war einst ein sehr beliebter und gesch\u00e4tzter Begleiter des Menschen. Heute ist er weit untersch\u00e4tzt und wird meist nur auf seine Schur reduziert, dabei haben diese talentierten Hunde eine Menge zu bieten.<\/p>\n<p>Der Pudel wurde urspr\u00fcnglich als Jagdhund gez\u00fcchtet und f\u00fcr die Wasserjagd eingesetzt. Heute ist der intelligente Pudel gr\u00f6\u00dftenteils nur unter Rassekennern ein treuer Liebhaber. Lediglich als \u201eDoodle\u201c im Mix mit anderen Hunderassen erfreut sich der lockige Vierbeiner zunehmend an Beliebtheit.<\/p>\n<p>Die Geschichte des Pudels reicht jedoch weit zur\u00fcck, wodurch er an der Entstehung vieler Jagd- und H\u00fctehunde beteiligt war.<\/p>\n<h2>Der Charakter<\/h2>\n<p>Der Pudel sticht durch seine Leistungsbereitschaft hervor. In der Jagd und der Fischerei arbeitete der Pudel fr\u00fcher eng mit dem Menschen zusammen. Auch heute kann der Pudel f\u00fcr verschiedene Arbeiten eingesetzt werden: Seine Apportierf\u00e4higkeit aus der damaligen Wasserjagd ist ihm ebenso geblieben wie die Liebe zum Menschen. So kann er heute zum Beispiel auch als Blindenf\u00fchrhund ausgebildet werden.<\/p>\n<p>Der Pudel lernt \u00fcberdurchschnittlich schnell und ist ein sehr soziales Wesen. Er ist gern drau\u00dfen aktiv mit seinen Menschen und besteht auf Aufgaben, die ihn geistig herausfordern.<\/p>\n<p><img decoding=\"async\" src=\"\/magazin\/app\/uploads\/2021\/02\/a4c35eff-b4d9-468a-af30-f375828fffd6.jpg\" \/><\/p>\n<h2>Den Pudel gibt es in vier verschiedenen Gr\u00f6\u00dfen<\/h2>\n<ul>\n<li>Gro\u00dfpudel: 45\u201360 Zentimeter, bis 23 Kilogramm<\/li>\n<li>Kleinpudel: 35\u201344 Zentimeter, bis 12 Kilogramm<\/li>\n<li>Zwergpudel: 28\u201334 Zentimeter, bis 7 Kilogramm<\/li>\n<li>Toy-Pudel: 24\u201327 Zentimeter, bis 3 Kilogramm<\/li>\n<\/ul>\n<p>Pudel sind bekannt f\u00fcr ihr elegantes Erscheinungsbild. Ihr lockiges Fell in verschiedenen Schurvarianten ist dabei charakteristisch f\u00fcr sie. Der Vorteil beim Pudel: er haart kaum und ist damit besonders allergikerfreundlich. Hier sollte aber vor der Anschaffung gut \u00fcberpr\u00fcft werden, ob durch einen Pudel allergische Reaktionen hervorgerufen werden. Denn nicht nur Hundehaare sind allergieausl\u00f6send, sondern auch Talg, Hautschuppen, Urin oder Speichel k\u00f6nnen Symptome ausl\u00f6sen.<\/p>\n<p>Das lockige Fell und der fehlende <strong><a href=\"https:\/\/www.uelzener.de\/blog\/tier\/2371.html\" target=\"_blank\" rel=\"noopener\">Fellwechsel des Hundes<\/a><\/strong> haben aber auch Nachteile. So f\u00e4llt das Fell nicht aus, sondern w\u00e4chst immer l\u00e4nger und muss geschoren werden. Dreck kann so l\u00e4nger im Fell h\u00e4ngenbleiben. F\u00fcr welche der vielen Schurvarianten Sie sich entscheiden, macht f\u00fcr den Hund keinen Unterschied. Besonders im Sommer sollten Sie allerdings besonders auf die <a href=\"https:\/\/uelzener.de\/magazin\/hund\/pflege\/fellpflege-beim-hund\/\">Fellpflege<\/a> achten und aufpassen, dass das Fell nicht zu kurz geschoren ist, damit Ihr Hund keinen Sonnenbrand bekommt.<\/p>\n<p>Die traditionellen Fellfarben sind schwarz, braun und wei\u00df. Mittlerweile gibt es aber auch Pudel in den T\u00f6nen apricot und silber.<\/p>\n<p><img decoding=\"async\" src=\"\/magazin\/app\/uploads\/2021\/02\/7553c4bb-c3c6-40bd-8197-a8f13934e671.jpg\" \/><\/p>\n<p>Die Haltung des Pudels ist recht unproblematisch, solange sie geistige Herausforderungen bekommen und die Fellpflege nicht zu kurz kommt.<\/p>\n<p>Was sein Lebensumfeld angeht, hat der Pudel keine gro\u00dfen Anspr\u00fcche. Er kann in der Wohnung ebenso gut gehalten werden, wie in einem Haus mit Garten. Ein Pudel eignet sich gleicherma\u00dfen f\u00fcr das Leben in einer Familie mit Kindern oder in einem Einpersonenhaushalt.<\/p>\n<h2>Die Herkunft<\/h2>\n<p>Der Pudel war einst ein vielseitiger Arbeitshund, der zur Wasserjagd gez\u00fcchtet wurde. Dabei war es seine Aufgabe, nach Enten zu st\u00f6bern, sie aus dem Schilf zu treiben und zu apportieren. Fr\u00fcher war er in ganz Europa verbreitet und half zum Beispiel den Fischern an der K\u00fcste von Frankreich und Portugal. Die heutigen portugiesischen Wasserhunde sind eng mit dem Pudel verwandt.<\/p>\n<p>Um 1900 herum begann die gezielte Pudelzucht nach dem Rassestandard. Zun\u00e4chst wurden Gro\u00df- und Kleinpudel gez\u00fcchtet, erst in den 30er-Jahren kam der Zwergpudel dazu.<\/p>\n<p>Zwischen 1960 und 1975 erfreute sich der Pudel gro\u00dfer Beliebtheit, wohingegen man heute seltener einem Pudel begegnet.<\/p>\n","protected":false},"excerpt":{"rendered":"<p>Der intelligente Pudel war einst ein sehr beliebter und gesch\u00e4tzter Begleiter des Menschen. Heute ist er weit untersch\u00e4tzt und wird meist nur auf seine Schur reduziert, dabei haben diese talentierten Hunde eine Menge zu bieten. Der Pudel wurde urspr\u00fcnglich als Jagdhund gez\u00fcchtet und f\u00fcr die Wasserjagd eingesetzt. Heute ist der intelligente Pudel gr\u00f6\u00dftenteils nur unter [&hellip;]<\/p>\n","protected":false},"author":1,"featured_media":14909,"parent":2475,"menu_order":20,"comment_status":"open","ping_status":"open","template":"templates\/blog.php","meta":{"_acf_changed":false,"_crdt_document":"","footnotes":"","beyondwords_generate_audio":"","beyondwords_project_id":"","beyondwords_content_id":"","beyondwords_preview_token":"","beyondwords_player_style":"","beyondwords_language_id":"","beyondwords_title_voice_id":"","beyondwords_body_voice_id":"","beyondwords_summary_voice_id":"","beyondwords_error_message":"","beyondwords_disabled":"","beyondwords_delete_content":"","beyondwords_podcast_id":"","beyondwords_hash":"","publish_post_to_speechkit":"","speechkit_hash":"","speechkit_generate_audio":"","speechkit_project_id":"","speechkit_podcast_id":"","speechkit_error_message":"","speechkit_disabled":"","speechkit_access_key":"","speechkit_error":"","speechkit_info":"","speechkit_response":"","speechkit_retries":"","speechkit_status":"","speechkit_updated_at":"","_speechkit_link":"","_speechkit_text":""},"class_list":["post-10109","page","type-page","status-publish","has-post-thumbnail","hentry"],"acf":[],"yoast_head":"<!-- This site is optimized with the Yoast SEO Premium plugin  - https:\/\/yoast.com\/product\/yoast-seo-premium-wordpress\/ -->\n<title>Pudel im Rasseportrait \u2013 Herkunft, Aussehen &amp; Charakter | Uelzener<\/title>\n<meta name=\"description\" content=\"Erfahre alles zur Hunderasse Pudel \u2713 Herkunft \u2713 Aussehen \u2713 Gr\u00f6\u00dfe \u2713 Charakter \u2713 Pflege \u2713 Haltung \u2713 uvm. \u25b6 Hier informieren!\" \/>\n<meta name=\"robots\" content=\"index, follow, max-snippet:-1, max-image-preview:large, max-video-preview:-1\" \/>\n<link rel=\"canonical\" href=\"https:\/\/uelzener.de\/magazin\/hund\/rasseportrait\/pudel\/\" \/>\n<meta property=\"og:locale\" content=\"de_DE\" \/>\n<meta property=\"og:type\" content=\"article\" \/>\n<meta property=\"og:title\" content=\"Der Pudel: Mehr zu bieten als lockiges Fell!\" \/>\n<meta property=\"og:description\" content=\"Erfahre alles zur Hunderasse Pudel \u2713 Herkunft \u2713 Aussehen \u2713 Gr\u00f6\u00dfe \u2713 Charakter \u2713 Pflege \u2713 Haltung \u2713 uvm. \u25b6 Hier informieren!\" \/>\n<meta property=\"og:url\" content=\"https:\/\/uelzener.de\/magazin\/hund\/rasseportrait\/pudel\/\" \/>\n<meta property=\"og:site_name\" content=\"Uelzener Tier-Magazin\" \/>\n<meta property=\"article:publisher\" content=\"https:\/\/www.facebook.com\/Uelzener\" \/>\n<meta property=\"article:modified_time\" content=\"2023-04-18T14:58:49+00:00\" \/>\n<meta property=\"og:image\" content=\"https:\/\/uelzener.de\/magazin\/app\/uploads\/2023\/02\/pudel.jpg\" \/>\n\t<meta property=\"og:image:width\" content=\"1025\" \/>\n\t<meta property=\"og:image:height\" content=\"450\" \/>\n\t<meta property=\"og:image:type\" content=\"image\/jpeg\" \/>\n<meta name=\"twitter:card\" content=\"summary_large_image\" \/>\n<meta name=\"twitter:label1\" content=\"Gesch\u00e4tzte Lesezeit\" \/>\n\t<meta name=\"twitter:data1\" content=\"3\u00a0Minuten\" \/>\n<script type=\"application\/ld+json\" class=\"yoast-schema-graph\">{\"@context\":\"https:\/\/schema.org\",\"@graph\":[{\"@type\":\"WebPage\",\"@id\":\"https:\/\/uelzener.de\/magazin\/hund\/rasseportrait\/pudel\/\",\"url\":\"https:\/\/uelzener.de\/magazin\/hund\/rasseportrait\/pudel\/\",\"name\":\"Pudel im Rasseportrait \u2013 Herkunft, Aussehen & Charakter | Uelzener\",\"isPartOf\":{\"@id\":\"https:\/\/uelzener.de\/magazin\/#website\"},\"primaryImageOfPage\":{\"@id\":\"https:\/\/uelzener.de\/magazin\/hund\/rasseportrait\/pudel\/#primaryimage\"},\"image\":{\"@id\":\"https:\/\/uelzener.de\/magazin\/hund\/rasseportrait\/pudel\/#primaryimage\"},\"thumbnailUrl\":\"https:\/\/uelzener.de\/magazin\/app\/uploads\/2023\/02\/pudel.jpg\",\"datePublished\":\"2019-09-17T00:00:00+00:00\",\"dateModified\":\"2023-04-18T14:58:49+00:00\",\"description\":\"Erfahre alles zur Hunderasse Pudel \u2713 Herkunft \u2713 Aussehen \u2713 Gr\u00f6\u00dfe \u2713 Charakter \u2713 Pflege \u2713 Haltung \u2713 uvm. \u25b6 Hier informieren!\",\"breadcrumb\":{\"@id\":\"https:\/\/uelzener.de\/magazin\/hund\/rasseportrait\/pudel\/#breadcrumb\"},\"inLanguage\":\"de\",\"potentialAction\":[{\"@type\":\"ReadAction\",\"target\":[\"https:\/\/uelzener.de\/magazin\/hund\/rasseportrait\/pudel\/\"]}]},{\"@type\":\"ImageObject\",\"inLanguage\":\"de\",\"@id\":\"https:\/\/uelzener.de\/magazin\/hund\/rasseportrait\/pudel\/#primaryimage\",\"url\":\"https:\/\/uelzener.de\/magazin\/app\/uploads\/2023\/02\/pudel.jpg\",\"contentUrl\":\"https:\/\/uelzener.de\/magazin\/app\/uploads\/2023\/02\/pudel.jpg\",\"width\":1025,\"height\":450,\"caption\":\"Junger brauner Pudel liegt auf dem Boden und schaut wachsam in die Kamera.\"},{\"@type\":\"WebSite\",\"@id\":\"https:\/\/uelzener.de\/magazin\/#website\",\"url\":\"https:\/\/uelzener.de\/magazin\/\",\"name\":\"Uelzener Tiermagazin\",\"description\":\"Online Tierratgeber der Uelzener Versicherungen\",\"publisher\":{\"@id\":\"https:\/\/uelzener.de\/magazin\/#organization\"},\"potentialAction\":[{\"@type\":\"SearchAction\",\"target\":{\"@type\":\"EntryPoint\",\"urlTemplate\":\"https:\/\/uelzener.de\/magazin\/?s={search_term_string}\"},\"query-input\":{\"@type\":\"PropertyValueSpecification\",\"valueRequired\":true,\"valueName\":\"search_term_string\"}}],\"inLanguage\":\"de\"},{\"@type\":\"Organization\",\"@id\":\"https:\/\/uelzener.de\/magazin\/#organization\",\"name\":\"Uelzener Versicherungen\",\"url\":\"https:\/\/uelzener.de\/magazin\/\",\"logo\":{\"@type\":\"ImageObject\",\"inLanguage\":\"de\",\"@id\":\"https:\/\/uelzener.de\/magazin\/#\/schema\/logo\/image\/\",\"url\":\"https:\/\/uelzener.de\/magazin\/app\/uploads\/2024\/11\/uelzener_allgemeine_versicherungsgesellschaft_a_g_logo.jpg\",\"contentUrl\":\"https:\/\/uelzener.de\/magazin\/app\/uploads\/2024\/11\/uelzener_allgemeine_versicherungsgesellschaft_a_g_logo.jpg\",\"width\":200,\"height\":200,\"caption\":\"Uelzener Versicherungen\"},\"image\":{\"@id\":\"https:\/\/uelzener.de\/magazin\/#\/schema\/logo\/image\/\"},\"sameAs\":[\"https:\/\/www.facebook.com\/Uelzener\",\"https:\/\/instagram.com\/uelzener\",\"https:\/\/www.xing.com\/pages\/uelzenerallgemeineversicherungs-gesellschafta-g\",\"https:\/\/www.youtube.com\/UelzenerVersicherungen\"]}]}<\/script>\n<!-- \/ Yoast SEO Premium plugin. -->","yoast_head_json":{"title":"Pudel im Rasseportrait \u2013 Herkunft, Aussehen & Charakter | Uelzener","description":"Erfahre alles zur Hunderasse Pudel \u2713 Herkunft \u2713 Aussehen \u2713 Gr\u00f6\u00dfe \u2713 Charakter \u2713 Pflege \u2713 Haltung \u2713 uvm. \u25b6 Hier informieren!","robots":{"index":"index","follow":"follow","max-snippet":"max-snippet:-1","max-image-preview":"max-image-preview:large","max-video-preview":"max-video-preview:-1"},"canonical":"https:\/\/uelzener.de\/magazin\/hund\/rasseportrait\/pudel\/","og_locale":"de_DE","og_type":"article","og_title":"Der Pudel: Mehr zu bieten als lockiges Fell!","og_description":"Erfahre alles zur Hunderasse Pudel \u2713 Herkunft \u2713 Aussehen \u2713 Gr\u00f6\u00dfe \u2713 Charakter \u2713 Pflege \u2713 Haltung \u2713 uvm. \u25b6 Hier informieren!","og_url":"https:\/\/uelzener.de\/magazin\/hund\/rasseportrait\/pudel\/","og_site_name":"Uelzener Tier-Magazin","article_publisher":"https:\/\/www.facebook.com\/Uelzener","article_modified_time":"2023-04-18T14:58:49+00:00","og_image":[{"width":1025,"height":450,"url":"https:\/\/uelzener.de\/magazin\/app\/uploads\/2023\/02\/pudel.jpg","type":"image\/jpeg"}],"twitter_card":"summary_large_image","twitter_misc":{"Gesch\u00e4tzte Lesezeit":"3\u00a0Minuten"},"schema":{"@context":"https:\/\/schema.org","@graph":[{"@type":"WebPage","@id":"https:\/\/uelzener.de\/magazin\/hund\/rasseportrait\/pudel\/","url":"https:\/\/uelzener.de\/magazin\/hund\/rasseportrait\/pudel\/","name":"Pudel im Rasseportrait \u2013 Herkunft, Aussehen & Charakter | Uelzener","isPartOf":{"@id":"https:\/\/uelzener.de\/magazin\/#website"},"primaryImageOfPage":{"@id":"https:\/\/uelzener.de\/magazin\/hund\/rasseportrait\/pudel\/#primaryimage"},"image":{"@id":"https:\/\/uelzener.de\/magazin\/hund\/rasseportrait\/pudel\/#primaryimage"},"thumbnailUrl":"https:\/\/uelzener.de\/magazin\/app\/uploads\/2023\/02\/pudel.jpg","datePublished":"2019-09-17T00:00:00+00:00","dateModified":"2023-04-18T14:58:49+00:00","description":"Erfahre alles zur Hunderasse Pudel \u2713 Herkunft \u2713 Aussehen \u2713 Gr\u00f6\u00dfe \u2713 Charakter \u2713 Pflege \u2713 Haltung \u2713 uvm. \u25b6 Hier informieren!","breadcrumb":{"@id":"https:\/\/uelzener.de\/magazin\/hund\/rasseportrait\/pudel\/#breadcrumb"},"inLanguage":"de","potentialAction":[{"@type":"ReadAction","target":["https:\/\/uelzener.de\/magazin\/hund\/rasseportrait\/pudel\/"]}]},{"@type":"ImageObject","inLanguage":"de","@id":"https:\/\/uelzener.de\/magazin\/hund\/rasseportrait\/pudel\/#primaryimage","url":"https:\/\/uelzener.de\/magazin\/app\/uploads\/2023\/02\/pudel.jpg","contentUrl":"https:\/\/uelzener.de\/magazin\/app\/uploads\/2023\/02\/pudel.jpg","width":1025,"height":450,"caption":"Junger brauner Pudel liegt auf dem Boden und schaut wachsam in die Kamera."},{"@type":"WebSite","@id":"https:\/\/uelzener.de\/magazin\/#website","url":"https:\/\/uelzener.de\/magazin\/","name":"Uelzener Tiermagazin","description":"Online Tierratgeber der Uelzener Versicherungen","publisher":{"@id":"https:\/\/uelzener.de\/magazin\/#organization"},"potentialAction":[{"@type":"SearchAction","target":{"@type":"EntryPoint","urlTemplate":"https:\/\/uelzener.de\/magazin\/?s={search_term_string}"},"query-input":{"@type":"PropertyValueSpecification","valueRequired":true,"valueName":"search_term_string"}}],"inLanguage":"de"},{"@type":"Organization","@id":"https:\/\/uelzener.de\/magazin\/#organization","name":"Uelzener Versicherungen","url":"https:\/\/uelzener.de\/magazin\/","logo":{"@type":"ImageObject","inLanguage":"de","@id":"https:\/\/uelzener.de\/magazin\/#\/schema\/logo\/image\/","url":"https:\/\/uelzener.de\/magazin\/app\/uploads\/2024\/11\/uelzener_allgemeine_versicherungsgesellschaft_a_g_logo.jpg","contentUrl":"https:\/\/uelzener.de\/magazin\/app\/uploads\/2024\/11\/uelzener_allgemeine_versicherungsgesellschaft_a_g_logo.jpg","width":200,"height":200,"caption":"Uelzener Versicherungen"},"image":{"@id":"https:\/\/uelzener.de\/magazin\/#\/schema\/logo\/image\/"},"sameAs":["https:\/\/www.facebook.com\/Uelzener","https:\/\/instagram.com\/uelzener","https:\/\/www.xing.com\/pages\/uelzenerallgemeineversicherungs-gesellschafta-g","https:\/\/www.youtube.com\/UelzenerVersicherungen"]}]}},"_links":{"self":[{"href":"https:\/\/uelzener.de\/magazin\/wp-json\/wp\/v2\/pages\/10109","targetHints":{"allow":["GET"]}}],"collection":[{"href":"https:\/\/uelzener.de\/magazin\/wp-json\/wp\/v2\/pages"}],"about":[{"href":"https:\/\/uelzener.de\/magazin\/wp-json\/wp\/v2\/types\/page"}],"author":[{"embeddable":true,"href":"https:\/\/uelzener.de\/magazin\/wp-json\/wp\/v2\/users\/1"}],"replies":[{"embeddable":true,"href":"https:\/\/uelzener.de\/magazin\/wp-json\/wp\/v2\/comments?post=10109"}],"version-history":[{"count":5,"href":"https:\/\/uelzener.de\/magazin\/wp-json\/wp\/v2\/pages\/10109\/revisions"}],"predecessor-version":[{"id":15322,"href":"https:\/\/uelzener.de\/magazin\/wp-json\/wp\/v2\/pages\/10109\/revisions\/15322"}],"up":[{"embeddable":true,"href":"https:\/\/uelzener.de\/magazin\/wp-json\/wp\/v2\/pages\/2475"}],"wp:featuredmedia":[{"embeddable":true,"href":"https:\/\/uelzener.de\/magazin\/wp-json\/wp\/v2\/media\/14909"}],"wp:attachment":[{"href":"https:\/\/uelzener.de\/magazin\/wp-json\/wp\/v2\/media?parent=10109"}],"curies":[{"name":"wp","href":"https:\/\/api.w.org\/{rel}","templated":true}]}}