{"id":10108,"date":"2020-04-09T00:00:00","date_gmt":"2020-04-08T22:00:00","guid":{"rendered":""},"modified":"2024-07-01T15:28:25","modified_gmt":"2024-07-01T13:28:25","slug":"fellwechsel-hund","status":"publish","type":"page","link":"https:\/\/uelzener.de\/magazin\/hund\/pflege\/fellwechsel-hund\/","title":{"rendered":"Fellwechsel beim Hund"},"content":{"rendered":"<p>Hundebesitzer k\u00f6nnen den Wechsel der Jahreszeit auch ohne Kalender bestimmen. Im Fr\u00fchjahr sowie im Herbst wehen vermehrt Hundehaare durch die Wohnung. Der Fellwechsel steht an. Warum gibt es \u00fcberhaupt Sommer- und Winterfell und wie kannst Du Deinen Hund beim Fellwechsel unterst\u00fctzen? Wir erkl\u00e4ren es Dir in diesem Blogbeitrag.<\/p>\n<h2>Fellwechsel beim Hund \u2013 eine haarige Angelegenheit<\/h2>\n<p>Das Fell unserer Vierbeiner ist ein wahrer Allesk\u00f6nner: Im Winter sch\u00fctzt das dicke Winterfell vor K\u00e4lte und Wind. Im Fr\u00fchjahr und Sommer sorgt das d\u00fcnnere Sommerfell f\u00fcr optimale Bel\u00fcftung. Grund daf\u00fcr ist die Unterwolle, die sich saisonal anpasst. Hast Du schon gewusst, dass der Zeitpunkt des Fellwechsels nicht nur mit der Temperatur zusammenh\u00e4ngt? Die Tageslichtl\u00e4nge hat ebenfalls einen gro\u00dfen Einfluss auf den Haarwechsel des Hundes.<\/p>\n<h2>Fellwechsel: Intensit\u00e4t und Dauer sind unterschiedlich<\/h2>\n<p>Die Intensit\u00e4t des Fellwechsels von Hunden ist jedoch von vielen Faktoren abh\u00e4ngig, wie zum Beispiel:<\/p>\n<ul>\n<li>Alter: \u00c4ltere Hunde haaren meist mehr als j\u00fcngere.<\/li>\n<li>L\u00e4ufigkeit bei H\u00fcndinnen: H\u00fcndinnen haben in der L\u00e4ufigkeit einen st\u00e4rkeren Fellwechsel.<\/li>\n<li><a href=\"https:\/\/uelzener.de\/magazin\/hund\/tiergesundheit\/kastration-hund-huendin\/\">Kastration bei R\u00fcden<\/a>: Kastrierte R\u00fcden verlieren w\u00e4hrend der Sommerumstellung durchschnittlich mehr Haare als nicht kastrierte.<\/li>\n<\/ul>\n<p>Der Staubsauger l\u00e4uft bei Hundehaltern besonders im Fr\u00fchling auf Hochtouren. Der Fellwechsel dauert in der Regel rund sechs bis acht Wochen. Dabei wird die dicke und sch\u00fctzende Unterwolle des Winterfells ausged\u00fcnnt, da sie bei h\u00f6heren Temperaturen nicht mehr ben\u00f6tigt wird.<\/p>\n<h2>Unterst\u00fctzung f\u00fcr deinen Hund beim Fellwechsel<\/h2>\n<p>Hundehalter k\u00f6nnen ihre vierbeinigen Lieblinge beim Fellwechsel unterst\u00fctzen. Grunds\u00e4tzlich gilt: Das alte Hundefell muss raus. Die lose Unterwolle sollte regelm\u00e4\u00dfig ausgek\u00e4mmt und bei Bedarf ausged\u00fcnnt werden. Die Luft kann so besser zirkulieren und gelangt bis zur Haut. F\u00fcr den Vierbeiner ist es eine wahre Erleichterung, besonders wenn er dickeres Fell und viel Unterwolle hat.<\/p>\n<h2>Die richtige B\u00fcrste finden<\/h2>\n<p>Es gibt inzwischen viele verschiedene B\u00fcrsten und K\u00e4mme f\u00fcr die Fellpflege. Die Auswahl ist vielf\u00e4ltig. Welches Hilfsmittel ist am geeignetsten f\u00fcr meinen Hund? Hier gilt die Faustregel: K\u00e4mme und B\u00fcrsten m\u00fcssen das lose Unterfell herausholen und dabei die Haare nicht rei\u00dfen oder schneiden. Solltest Du Dir unsicher sein, kannst Du Dich auch von einem Hundefriseur oder im Tierfachgesch\u00e4ft beraten lassen, um die perfekte B\u00fcrste oder den perfekten Kamm f\u00fcr das Fell Deines Hundes zu finden.<\/p>\n<h2>Schuppen beim Hund w\u00e4hrend des Fellwechsels<\/h2>\n<p>Bei gesunden und ausgewogen ern\u00e4hrten Hunden ist der Fellwechsel eine nat\u00fcrliche Funktion des K\u00f6rpers. Sollte das Fell stumpf sein, die Haare ungleichm\u00e4\u00dfig ausfallen, der Haarwechsel des Hundes ungew\u00f6hnlich lange dauern oder die Haut \u00fcberm\u00e4\u00dfig viele Schuppen w\u00e4hrend des Fellwechsels bilden, solltest Du mit Deinem Tierarzt sprechen. F\u00fcr diese Abweichungen gibt es verschiedene Ursachen, wie zum Beispiel:<\/p>\n<ul>\n<li>Allergien<\/li>\n<li>Hormonst\u00f6rungen<\/li>\n<li>Parasiten<\/li>\n<\/ul>\n<p>Diese Ursachen k\u00f6nnen Ausl\u00f6ser f\u00fcr ungesundes oder auff\u00e4lliges Fell oder ungleichm\u00e4\u00dfigen Haarausfall sein. Gehe dem Problem rechtzeitig auf den Grund.<\/p>\n<h2>Nicht jeder Hund besitzt Unterwolle<\/h2>\n<p>Allerdings besitzt nicht jede Hunderasse auch Unterwolle. Pudel und Bichon beispielsweise verlieren daher keine Haare. Auf den ersten Blick mag es sehr praktisch erscheinen, dass diese Hunde nicht haaren, dennoch bringt die Fellpflege dieser Rassen anderweitig Arbeit mit sich. Da die Haare der Hunde kontinuierlich wachsen, m\u00fcssen sie regelm\u00e4\u00dfig geschoren oder getrimmt werden. Dazu kann man entweder einen Hundefriseur aufsuchen oder schneidet das Fell des Hundes selbst.<\/p>\n<p>Bei der Entscheidung f\u00fcr oder gegen das Scheren ist die Fellstruktur des Hundes entscheidend. Bestimmten Hunderassen, wie Pudel oder Terrier, muss bei der Fellpflege nachgeholfen werden. Bei Hunden mit Unterfell kann es zu einem Problem werden, wenn die Unterwolle nur gek\u00fcrzt und nicht entfernt wird. Das Sommerfell l\u00e4sst trotz der Schur keine Luft an die Haut und es findet keine ausreichende Klimatisierung statt.<\/p>\n<p><strong>Achtung:<\/strong> Wird das Hundefell stark gek\u00fcrzt, erreichen die Sonnenstrahlen direkt die Haut. Ebenso wie Menschen k\u00f6nnen auch Hunde einen Sonnenbrand bekommen.<\/p>\n\n<div class=\"related_articles boxed\">\n    <h2>Mehr zum Thema<\/h2>\n    \n    <div class=\"wrapper\"><div class=\"title align-center\"><h3><a href=\"https:\/\/uelzener.de\/magazin\/hund\/rasseportrait\/hunde-die-nicht-haaren\/\">Hunde, die nicht haaren: Weniger putzen, mehr kuscheln<\/a><\/h3><\/div><div class=\"img align-center\"><img decoding=\"async\" width=\"315\" height=\"180\" src=\"https:\/\/uelzener.de\/magazin\/app\/uploads\/2024\/06\/nicht-haarende-hunde-havanser-315x180.jpg\" class=\"attachment-315x180 size-315x180 wp-post-image\" alt=\"Havaneser geh\u00f6ren zu den nicht haarenden Hunden.\" \/><\/div><\/div><div class=\"wrapper\"><div class=\"title align-center\"><h3><a href=\"https:\/\/uelzener.de\/magazin\/hund\/pflege\/fellpflege-beim-hund\/\">Fellpflege beim Hund: N\u00fctzliche Tipps und Infos<\/a><\/h3><\/div><div class=\"img align-center\"><img decoding=\"async\" width=\"315\" height=\"180\" src=\"https:\/\/uelzener.de\/magazin\/app\/uploads\/2023\/03\/fellpflege-beim-hund-315x180.jpg\" class=\"attachment-315x180 size-315x180 wp-post-image\" alt=\"Ein kleiner Hund wird geb\u00fcrstet. Fellpflege ist n\u00e4mlich wichtig f\u00fcr die Gesundheit.\" \/><\/div><\/div><div class=\"wrapper\"><div class=\"title align-center\"><h3><a href=\"https:\/\/uelzener.de\/magazin\/hund\/tiergesundheit\/floehe-hund\/\">Wenn das Fell juckt: Fl\u00f6he beim Hund erkennen und behandeln<\/a><\/h3><\/div><div class=\"img align-center\"><img decoding=\"async\" width=\"315\" height=\"180\" src=\"https:\/\/uelzener.de\/magazin\/app\/uploads\/2022\/08\/floehe-beim-hund-finden-315x180.webp\" class=\"attachment-315x180 size-315x180 wp-post-image\" alt=\"Fl\u00f6he beim Hund sind kein Spa\u00df, regelm\u00e4\u00dfiges k\u00e4mmen Hilft einen Befall schnell zu erkennen.\" \/><\/div><\/div><\/div>\n\n<h2>Trimmen \u2013 f\u00fcr welchen Hund eignet es sich?<\/h2>\n<p>Beim Trimmen des Fells wird nicht das ganze Fell gek\u00fcrzt. Mit einem speziellen Messer werden alte, lose und abgestorbene Haare mit der Wurzel aus dem Fell gezogen. F\u00fcr den Hund ist der Prozess nicht schmerzhaft, auch wenn es so klingt. Diese Methode eignet sich besonders f\u00fcr rauhaarige Hunde, wie Terrier, Schnauzer oder Rauhaardackel gut. Das raue Fell ist drahtig und w\u00e4chst hart nach. Das Trimmen nimmt den Hunden au\u00dferdem den Juckreiz, wenn zu viel neues Haar nachw\u00e4chst.<\/p>\n<h2>Regelm\u00e4\u00dfige Fellpflege ist das A und O<\/h2>\n<p>F\u00fcr ein optimal gepflegtes Hundefell reicht es nicht, nur w\u00e4hrend des Fellwechsels \u00f6fter zur B\u00fcrste zu greifen. Eine regelm\u00e4\u00dfige gr\u00fcndliche Pflege gegen Verknotungen und Verfilzungen ist Pflicht. F\u00fcr Deinen Hund ist es ohnehin angenehmer, regelm\u00e4\u00dfig f\u00fcr ein paar Minuten gek\u00e4mmt zu werden, als sich einer Mammutprozedur zu unterziehen. W\u00e4hrend der Fellpflege kann im gleichen Atemzug die Haut des Hundes auf R\u00f6tungen, kahle Stellen oder gar Parasiten kontrolliert werden. Auch ein <a href=\"https:\/\/uelzener.de\/magazin\/hund\/haeufige-fragen\/hundeshampoo-selber-machen\/\">selbstgemachtes Hundeshampoo<\/a> beim Waschen kann vorab Verschmutzungen schonend entfernen bevor es ans K\u00e4mmen geht.<\/p>\n<p>Ob scheren, trimmen oder ausd\u00fcnnen: Ist das Fell des Hundes optimal gepflegt, verschafft es dem Vierbeiner mehr Wohlbefinden und Hundehalter freuen sich \u00fcber weniger lose Haare in der Wohnung und im Auto.<\/p>\n","protected":false},"excerpt":{"rendered":"<p>Hundebesitzer k\u00f6nnen den Wechsel der Jahreszeit auch ohne Kalender bestimmen. Im Fr\u00fchjahr sowie im Herbst wehen vermehrt Hundehaare durch die Wohnung. Der Fellwechsel steht an. Warum gibt es \u00fcberhaupt Sommer- und Winterfell und wie kannst Du Deinen Hund beim Fellwechsel unterst\u00fctzen? Wir erkl\u00e4ren es Dir in diesem Blogbeitrag. Fellwechsel beim Hund \u2013 eine haarige Angelegenheit [&hellip;]<\/p>\n","protected":false},"author":1,"featured_media":12825,"parent":11697,"menu_order":0,"comment_status":"closed","ping_status":"closed","template":"templates\/blog.php","meta":{"_acf_changed":false,"_crdt_document":"","footnotes":"","beyondwords_generate_audio":"0","beyondwords_project_id":"","beyondwords_content_id":"","beyondwords_preview_token":"","beyondwords_player_style":"","beyondwords_language_id":"","beyondwords_title_voice_id":"","beyondwords_body_voice_id":"","beyondwords_summary_voice_id":"","beyondwords_error_message":"","beyondwords_disabled":"","beyondwords_delete_content":"","beyondwords_podcast_id":"","beyondwords_hash":"","publish_post_to_speechkit":"","speechkit_hash":"","speechkit_generate_audio":"","speechkit_project_id":"","speechkit_podcast_id":"","speechkit_error_message":"","speechkit_disabled":"","speechkit_access_key":"","speechkit_error":"","speechkit_info":"","speechkit_response":"","speechkit_retries":"","speechkit_status":"","speechkit_updated_at":"","_speechkit_link":"","_speechkit_text":""},"class_list":["post-10108","page","type-page","status-publish","has-post-thumbnail","hentry"],"acf":[],"yoast_head":"<!-- This site is optimized with the Yoast SEO Premium plugin  - https:\/\/yoast.com\/product\/yoast-seo-premium-wordpress\/ -->\n<title>Fellwechel beim Hund unterst\u00fctzen | Uelzener<\/title>\n<meta name=\"description\" content=\"Tipps zur Unterst\u00fctzung des Fellwechsels beim Hund \u2713 richtige B\u00fcrste \u2713 regelm\u00e4\u00dfige Fellpflege \u25b6 Hier informieren!\" \/>\n<meta name=\"robots\" content=\"index, follow, max-snippet:-1, max-image-preview:large, max-video-preview:-1\" \/>\n<link rel=\"canonical\" href=\"https:\/\/uelzener.de\/magazin\/hund\/pflege\/fellwechsel-hund\/\" \/>\n<meta property=\"og:locale\" content=\"de_DE\" \/>\n<meta property=\"og:type\" content=\"article\" \/>\n<meta property=\"og:title\" content=\"Fellwechsel beim Hund\" \/>\n<meta property=\"og:description\" content=\"Tipps zur Unterst\u00fctzung des Fellwechsels beim Hund \u2713 richtige B\u00fcrste \u2713 regelm\u00e4\u00dfige Fellpflege \u25b6 Hier informieren!\" \/>\n<meta property=\"og:url\" content=\"https:\/\/uelzener.de\/magazin\/hund\/pflege\/fellwechsel-hund\/\" \/>\n<meta property=\"og:site_name\" content=\"Uelzener Tier-Magazin\" \/>\n<meta property=\"article:publisher\" content=\"https:\/\/www.facebook.com\/Uelzener\" \/>\n<meta property=\"article:modified_time\" content=\"2024-07-01T13:28:25+00:00\" \/>\n<meta property=\"og:image\" content=\"https:\/\/uelzener.de\/magazin\/app\/uploads\/2021\/10\/Fellwechsel-beim-Hund.jpg\" \/>\n\t<meta property=\"og:image:width\" content=\"1024\" \/>\n\t<meta property=\"og:image:height\" content=\"450\" \/>\n\t<meta property=\"og:image:type\" content=\"image\/jpeg\" \/>\n<meta name=\"twitter:card\" content=\"summary_large_image\" \/>\n<meta name=\"twitter:label1\" content=\"Gesch\u00e4tzte Lesezeit\" \/>\n\t<meta name=\"twitter:data1\" content=\"4\u00a0Minuten\" \/>\n<script type=\"application\/ld+json\" class=\"yoast-schema-graph\">{\"@context\":\"https:\/\/schema.org\",\"@graph\":[{\"@type\":\"WebPage\",\"@id\":\"https:\/\/uelzener.de\/magazin\/hund\/pflege\/fellwechsel-hund\/\",\"url\":\"https:\/\/uelzener.de\/magazin\/hund\/pflege\/fellwechsel-hund\/\",\"name\":\"Fellwechel beim Hund unterst\u00fctzen | Uelzener\",\"isPartOf\":{\"@id\":\"https:\/\/uelzener.de\/magazin\/#website\"},\"primaryImageOfPage\":{\"@id\":\"https:\/\/uelzener.de\/magazin\/hund\/pflege\/fellwechsel-hund\/#primaryimage\"},\"image\":{\"@id\":\"https:\/\/uelzener.de\/magazin\/hund\/pflege\/fellwechsel-hund\/#primaryimage\"},\"thumbnailUrl\":\"https:\/\/uelzener.de\/magazin\/app\/uploads\/2021\/10\/Fellwechsel-beim-Hund.jpg\",\"datePublished\":\"2020-04-08T22:00:00+00:00\",\"dateModified\":\"2024-07-01T13:28:25+00:00\",\"description\":\"Tipps zur Unterst\u00fctzung des Fellwechsels beim Hund \u2713 richtige B\u00fcrste \u2713 regelm\u00e4\u00dfige Fellpflege \u25b6 Hier informieren!\",\"breadcrumb\":{\"@id\":\"https:\/\/uelzener.de\/magazin\/hund\/pflege\/fellwechsel-hund\/#breadcrumb\"},\"inLanguage\":\"de\",\"potentialAction\":[{\"@type\":\"ReadAction\",\"target\":[\"https:\/\/uelzener.de\/magazin\/hund\/pflege\/fellwechsel-hund\/\"]}]},{\"@type\":\"ImageObject\",\"inLanguage\":\"de\",\"@id\":\"https:\/\/uelzener.de\/magazin\/hund\/pflege\/fellwechsel-hund\/#primaryimage\",\"url\":\"https:\/\/uelzener.de\/magazin\/app\/uploads\/2021\/10\/Fellwechsel-beim-Hund.jpg\",\"contentUrl\":\"https:\/\/uelzener.de\/magazin\/app\/uploads\/2021\/10\/Fellwechsel-beim-Hund.jpg\",\"width\":1024,\"height\":450,\"caption\":\"Nach dem b\u00fcrsten sind viele Haare in der B\u00fcrste zur\u00fcckgeblieben, der Fellwechsel steht an.\"},{\"@type\":\"WebSite\",\"@id\":\"https:\/\/uelzener.de\/magazin\/#website\",\"url\":\"https:\/\/uelzener.de\/magazin\/\",\"name\":\"Uelzener Tiermagazin\",\"description\":\"Online Tierratgeber der Uelzener Versicherungen\",\"publisher\":{\"@id\":\"https:\/\/uelzener.de\/magazin\/#organization\"},\"potentialAction\":[{\"@type\":\"SearchAction\",\"target\":{\"@type\":\"EntryPoint\",\"urlTemplate\":\"https:\/\/uelzener.de\/magazin\/?s={search_term_string}\"},\"query-input\":{\"@type\":\"PropertyValueSpecification\",\"valueRequired\":true,\"valueName\":\"search_term_string\"}}],\"inLanguage\":\"de\"},{\"@type\":\"Organization\",\"@id\":\"https:\/\/uelzener.de\/magazin\/#organization\",\"name\":\"Uelzener Versicherungen\",\"url\":\"https:\/\/uelzener.de\/magazin\/\",\"logo\":{\"@type\":\"ImageObject\",\"inLanguage\":\"de\",\"@id\":\"https:\/\/uelzener.de\/magazin\/#\/schema\/logo\/image\/\",\"url\":\"https:\/\/uelzener.de\/magazin\/app\/uploads\/2024\/11\/uelzener_allgemeine_versicherungsgesellschaft_a_g_logo.jpg\",\"contentUrl\":\"https:\/\/uelzener.de\/magazin\/app\/uploads\/2024\/11\/uelzener_allgemeine_versicherungsgesellschaft_a_g_logo.jpg\",\"width\":200,\"height\":200,\"caption\":\"Uelzener Versicherungen\"},\"image\":{\"@id\":\"https:\/\/uelzener.de\/magazin\/#\/schema\/logo\/image\/\"},\"sameAs\":[\"https:\/\/www.facebook.com\/Uelzener\",\"https:\/\/instagram.com\/uelzener\",\"https:\/\/www.xing.com\/pages\/uelzenerallgemeineversicherungs-gesellschafta-g\",\"https:\/\/www.youtube.com\/UelzenerVersicherungen\"]}]}<\/script>\n<!-- \/ Yoast SEO Premium plugin. -->","yoast_head_json":{"title":"Fellwechel beim Hund unterst\u00fctzen | Uelzener","description":"Tipps zur Unterst\u00fctzung des Fellwechsels beim Hund \u2713 richtige B\u00fcrste \u2713 regelm\u00e4\u00dfige Fellpflege \u25b6 Hier informieren!","robots":{"index":"index","follow":"follow","max-snippet":"max-snippet:-1","max-image-preview":"max-image-preview:large","max-video-preview":"max-video-preview:-1"},"canonical":"https:\/\/uelzener.de\/magazin\/hund\/pflege\/fellwechsel-hund\/","og_locale":"de_DE","og_type":"article","og_title":"Fellwechsel beim Hund","og_description":"Tipps zur Unterst\u00fctzung des Fellwechsels beim Hund \u2713 richtige B\u00fcrste \u2713 regelm\u00e4\u00dfige Fellpflege \u25b6 Hier informieren!","og_url":"https:\/\/uelzener.de\/magazin\/hund\/pflege\/fellwechsel-hund\/","og_site_name":"Uelzener Tier-Magazin","article_publisher":"https:\/\/www.facebook.com\/Uelzener","article_modified_time":"2024-07-01T13:28:25+00:00","og_image":[{"width":1024,"height":450,"url":"https:\/\/uelzener.de\/magazin\/app\/uploads\/2021\/10\/Fellwechsel-beim-Hund.jpg","type":"image\/jpeg"}],"twitter_card":"summary_large_image","twitter_misc":{"Gesch\u00e4tzte Lesezeit":"4\u00a0Minuten"},"schema":{"@context":"https:\/\/schema.org","@graph":[{"@type":"WebPage","@id":"https:\/\/uelzener.de\/magazin\/hund\/pflege\/fellwechsel-hund\/","url":"https:\/\/uelzener.de\/magazin\/hund\/pflege\/fellwechsel-hund\/","name":"Fellwechel beim Hund unterst\u00fctzen | Uelzener","isPartOf":{"@id":"https:\/\/uelzener.de\/magazin\/#website"},"primaryImageOfPage":{"@id":"https:\/\/uelzener.de\/magazin\/hund\/pflege\/fellwechsel-hund\/#primaryimage"},"image":{"@id":"https:\/\/uelzener.de\/magazin\/hund\/pflege\/fellwechsel-hund\/#primaryimage"},"thumbnailUrl":"https:\/\/uelzener.de\/magazin\/app\/uploads\/2021\/10\/Fellwechsel-beim-Hund.jpg","datePublished":"2020-04-08T22:00:00+00:00","dateModified":"2024-07-01T13:28:25+00:00","description":"Tipps zur Unterst\u00fctzung des Fellwechsels beim Hund \u2713 richtige B\u00fcrste \u2713 regelm\u00e4\u00dfige Fellpflege \u25b6 Hier informieren!","breadcrumb":{"@id":"https:\/\/uelzener.de\/magazin\/hund\/pflege\/fellwechsel-hund\/#breadcrumb"},"inLanguage":"de","potentialAction":[{"@type":"ReadAction","target":["https:\/\/uelzener.de\/magazin\/hund\/pflege\/fellwechsel-hund\/"]}]},{"@type":"ImageObject","inLanguage":"de","@id":"https:\/\/uelzener.de\/magazin\/hund\/pflege\/fellwechsel-hund\/#primaryimage","url":"https:\/\/uelzener.de\/magazin\/app\/uploads\/2021\/10\/Fellwechsel-beim-Hund.jpg","contentUrl":"https:\/\/uelzener.de\/magazin\/app\/uploads\/2021\/10\/Fellwechsel-beim-Hund.jpg","width":1024,"height":450,"caption":"Nach dem b\u00fcrsten sind viele Haare in der B\u00fcrste zur\u00fcckgeblieben, der Fellwechsel steht an."},{"@type":"WebSite","@id":"https:\/\/uelzener.de\/magazin\/#website","url":"https:\/\/uelzener.de\/magazin\/","name":"Uelzener Tiermagazin","description":"Online Tierratgeber der Uelzener Versicherungen","publisher":{"@id":"https:\/\/uelzener.de\/magazin\/#organization"},"potentialAction":[{"@type":"SearchAction","target":{"@type":"EntryPoint","urlTemplate":"https:\/\/uelzener.de\/magazin\/?s={search_term_string}"},"query-input":{"@type":"PropertyValueSpecification","valueRequired":true,"valueName":"search_term_string"}}],"inLanguage":"de"},{"@type":"Organization","@id":"https:\/\/uelzener.de\/magazin\/#organization","name":"Uelzener Versicherungen","url":"https:\/\/uelzener.de\/magazin\/","logo":{"@type":"ImageObject","inLanguage":"de","@id":"https:\/\/uelzener.de\/magazin\/#\/schema\/logo\/image\/","url":"https:\/\/uelzener.de\/magazin\/app\/uploads\/2024\/11\/uelzener_allgemeine_versicherungsgesellschaft_a_g_logo.jpg","contentUrl":"https:\/\/uelzener.de\/magazin\/app\/uploads\/2024\/11\/uelzener_allgemeine_versicherungsgesellschaft_a_g_logo.jpg","width":200,"height":200,"caption":"Uelzener Versicherungen"},"image":{"@id":"https:\/\/uelzener.de\/magazin\/#\/schema\/logo\/image\/"},"sameAs":["https:\/\/www.facebook.com\/Uelzener","https:\/\/instagram.com\/uelzener","https:\/\/www.xing.com\/pages\/uelzenerallgemeineversicherungs-gesellschafta-g","https:\/\/www.youtube.com\/UelzenerVersicherungen"]}]}},"_links":{"self":[{"href":"https:\/\/uelzener.de\/magazin\/wp-json\/wp\/v2\/pages\/10108","targetHints":{"allow":["GET"]}}],"collection":[{"href":"https:\/\/uelzener.de\/magazin\/wp-json\/wp\/v2\/pages"}],"about":[{"href":"https:\/\/uelzener.de\/magazin\/wp-json\/wp\/v2\/types\/page"}],"author":[{"embeddable":true,"href":"https:\/\/uelzener.de\/magazin\/wp-json\/wp\/v2\/users\/1"}],"replies":[{"embeddable":true,"href":"https:\/\/uelzener.de\/magazin\/wp-json\/wp\/v2\/comments?post=10108"}],"version-history":[{"count":12,"href":"https:\/\/uelzener.de\/magazin\/wp-json\/wp\/v2\/pages\/10108\/revisions"}],"predecessor-version":[{"id":17561,"href":"https:\/\/uelzener.de\/magazin\/wp-json\/wp\/v2\/pages\/10108\/revisions\/17561"}],"up":[{"embeddable":true,"href":"https:\/\/uelzener.de\/magazin\/wp-json\/wp\/v2\/pages\/11697"}],"wp:featuredmedia":[{"embeddable":true,"href":"https:\/\/uelzener.de\/magazin\/wp-json\/wp\/v2\/media\/12825"}],"wp:attachment":[{"href":"https:\/\/uelzener.de\/magazin\/wp-json\/wp\/v2\/media?parent=10108"}],"curies":[{"name":"wp","href":"https:\/\/api.w.org\/{rel}","templated":true}]}}