{"id":10105,"date":"2019-12-18T00:00:00","date_gmt":"2019-12-18T00:00:00","guid":{"rendered":""},"modified":"2025-08-28T12:49:08","modified_gmt":"2025-08-28T10:49:08","slug":"hundesport-im-winter","status":"publish","type":"page","link":"https:\/\/uelzener.de\/magazin\/hund\/erziehung-und-training\/hundesport-im-winter\/","title":{"rendered":"Hundesport im Winter"},"content":{"rendered":"<p>F\u00e4llt das Training bei dir im Winter aufgrund des Wetters aus? Schnee, vereiste B\u00f6den oder K\u00e4lte erschweren einige Sportarten. Wir haben ein paar Anregungen, wie du und dein Hund auch im Winter fit bleiben.<\/p>\n<h2>Fit durch den Winter<\/h2>\n<p>Im Sommer ist man gern mit seinem Hund drau\u00dfen unterwegs und der ein oder andere betreibt auch mit gro\u00dfer Freude einen Hundesport. Sobald es drau\u00dfen aber k\u00e4lter wird, k\u00f6nnen einige Hundesportarten nur noch schwer ausge\u00fcbt werden. Mensch und Hund sind so auf der Suche nach einer neuen Besch\u00e4ftigung f\u00fcr die kalten Wintertage. Wir haben ein paar tolle Hundesportarten f\u00fcr dich, die auch im Winter ausge\u00fcbt werden k\u00f6nnen.<\/p>\n<h2>Was sollte beim Wintersport mit Hund beachtet werden?<\/h2>\n<p>Grunds\u00e4tzlich ist der Wintersport mit Hund eine tolle M\u00f6glichkeit, sich selbst und seinen Hund fit zu halten. Der Sport mit Winter bietet auch einige Vorteile, besonders f\u00fcr Hunde, die an Allergien leiden oder mit der Hitze Probleme haben. Die k\u00fchle Winterluft sorgt somit f\u00fcr eine gute Grundvoraussetzung und hilft, faule Hunde zu motivieren. Um auf der sicheren Seite zu sein, kl\u00e4re mit deinem Tierarzt im Vorfeld ab, ob sportliche Aktivit\u00e4t im Winter f\u00fcr deinen Hund infrage kommt. Hier kommt es n\u00e4mlich auch auf den <strong>allgemeinen<\/strong> <strong>Gesundheitszustand<\/strong> und die generelle Fitness des Vierbeiners an.<\/p>\n<p>Bei der Wahl der richtigen Sportart solltest du schauen, was zu dir und deinem Hund am besten passt. Bei vielen Sportarten ist ein guter <strong>Grundgehorsam<\/strong> Pflicht, damit niemand zu Schaden kommt.<\/p>\n<p>Wenn du die passende Sportart gefunden hast, solltest du langsam mit dem Training beginnen, um deinen Hund an die neue Aufgabe zu gew\u00f6hnen. Hab Geduld mit deinem Vierbeiner, aber auch mit dir selbst. Im Winter und vor allem im Schnee braucht der K\u00f6rper mehr Kraft und Energie. Durch den ver\u00e4nderten Untergrund kann es zu <strong>Muskelkater<\/strong> kommen. Du selbst wei\u00dft, wie sich das anf\u00fchlt. G\u00f6nn deinem Hund nach einer solchen Aktivit\u00e4t ein paar Tage Ruhe zum Regenerieren. Mehr Tipps, wie du mit deinem Hund im Schnee umgehen solltest, findest du in unserem Magazin-Artikel.<\/p>\n<h2>Zughundesport \u2013 der Klassiker<\/h2>\n<p>Denkt man an Hundesport im Winter, so ist der erste Gedanke der Zughundesport. Zughundesport ist allerdings nicht nur der <strong>Schlittenhundesport<\/strong>, f\u00fcr den besonders <a href=\"https:\/\/uelzener.de\/magazin\/hund\/rasseportrait\/husky\/\"><strong>Huskys<\/strong><\/a> bekannt sind. Unter dem Begriff sammeln sich alle Sportarten, die das Ziehen von etwas gemeinsam haben. Canicross, Dogscooting, Bikej\u00f6ring oder Dogtrekking bzw. Doghiking sind einige Varianten, f\u00fcr die man nicht zwingend Schnee und einen Schlitten braucht.<\/p>\n<ul>\n<li><strong>Schlittenhundesport<\/strong><\/li>\n<\/ul>\n<p>Wer in den Teilen Deutschlands wohnt, in denen es im Winter auch schneit, kann sich am Schlittenhundesport versuchen. Hierf\u00fcr braucht man allerdings etwas \u00dcbung. Der Hund sollte zuverl\u00e4ssig h\u00f6ren, damit das Bremsen und Lenken auch richtig funktioniert.<\/p>\n<ul>\n<li><strong>Bikej\u00f6ring oder Dogscooting<\/strong><\/li>\n<\/ul>\n<p>Eine Alternative zum Hundeschlitten bieten <a href=\"https:\/\/uelzener.de\/magazin\/hund\/erziehung-und-training\/zughundesport-bikejoering\/\">Bikej\u00f6ring<\/a> oder Dogscooting. Allerdings braucht man auch hier ein Hilfsmittel, wie das Fahrrad beim Bikej\u00f6ring oder einen Dogscooter f\u00fcr das Dogscooting. Sichere Kommandos zum Stoppen des Hundes oder zum Seitenwechsel sind hier Grundvoraussetzung, damit keine Unf\u00e4lle passieren.<\/p>\n<ul>\n<li><strong>Canicross oder Dogtrekking<\/strong><\/li>\n<\/ul>\n<p><a href=\"https:\/\/uelzener.de\/magazin\/hund\/erziehung-und-training\/zughundesport-canicross\/\">Canicross<\/a> oder Dogtrekking bzw. Doghiking geh\u00f6ren ebenfalls zum Zughundesport. Hierbei wird allerdings kein Wagen gezogen, sondern der Mensch direkt. Hund und Halter sind \u00fcber eine Leine und einen Bauchgurt miteinander verbunden. Dabei sollte ebenfalls auf die richtigen Untergr\u00fcnde geachtet werden. Das Dogtrekking ist auch bei Schnee m\u00f6glich, denn hierbei zieht der Hund seinen Menschen beim Wandern \u00fcber lange Strecken. Dogtrekking bietet sich auch gut als Sport im Winterurlaub mit dem Hund an.<\/p>\n<p>Es sollte nicht nur im Winter darauf geachtet werden, dass der Hund vor dem Laufen gut aufgew\u00e4rmt ist und nicht auf gefrorenen oder glatten Untergr\u00fcnden l\u00e4uft.<\/p>\n\n<div class=\"related_articles boxed\">\n    <h2>Mehr zum Thema<\/h2>\n    \n    <div class=\"wrapper\"><div class=\"title align-center\"><h3><a href=\"https:\/\/uelzener.de\/magazin\/hund\/tiergesundheit\/mit-hund-im-schnee\/\">Hund im Schnee: Den Winter gefahrlos genie\u00dfen<\/a><\/h3><\/div><div class=\"img align-center\"><img decoding=\"async\" width=\"315\" height=\"180\" src=\"https:\/\/uelzener.de\/magazin\/app\/uploads\/2015\/11\/249775dd-c36b-4331-9daa-9aa920420be2-315x180.jpg\" class=\"attachment-315x180 size-315x180 wp-post-image\" alt=\"Ein kleiner wei\u00dfer Hund wirbelt durch den Schnee. Er spielt ausgelassen.\" srcset=\"https:\/\/uelzener.de\/magazin\/app\/uploads\/2015\/11\/249775dd-c36b-4331-9daa-9aa920420be2-315x180.jpg 315w, https:\/\/uelzener.de\/magazin\/app\/uploads\/2015\/11\/249775dd-c36b-4331-9daa-9aa920420be2-650x369.jpg 650w\" sizes=\"(max-width: 315px) 100vw, 315px\" \/><\/div><\/div><div class=\"wrapper\"><div class=\"title align-center\"><h3><a href=\"https:\/\/uelzener.de\/magazin\/hund\/rasseportrait\/schlittenhunde-diese-rassen-eignen-sich-fuers-schlittenziehen\/\">Schlittenhunde: Diese Rassen eignen sich f\u00fcrs Schlittenziehen<\/a><\/h3><\/div><div class=\"img align-center\"><img decoding=\"async\" width=\"315\" height=\"180\" src=\"https:\/\/uelzener.de\/magazin\/app\/uploads\/2025\/01\/schlittenhunde-315x180.jpg\" class=\"attachment-315x180 size-315x180 wp-post-image\" alt=\"Ein Rudel Schlittenhunde zieht gemeinsam einen Schlitten durch den Schnee\" \/><\/div><\/div><\/div>\n\n<h2>Langlauf im Winterurlaub mit Hund<\/h2>\n<p>Wer \u00fcber den Winter in den Ski-Urlaub f\u00e4hrt und sich auf den Langlauf freut, kann auch hier seinen Hund mitnehmen. Am besten zieht man fr\u00fch morgens oder am sp\u00e4ten Nachmittag mit seinem Vierbeiner los und trainiert mit ihm, dass er in der N\u00e4he bleibt und sich von anderen Langl\u00e4ufern nicht beirren l\u00e4sst. Es gibt in einigen Skigebieten bereits extra Langlaufloipen f\u00fcr Hunde. Diese liegen meist etwas abgelegen vom gro\u00dfen Trubel.<\/p>\n<h2>Schneewandern mit Hund als Alternative<\/h2>\n<p>Eine gute Alternative zum Skilanglauf ist das Schneewandern. Auf eine sch\u00f6ne Runde durch den tiefen Schnee begleitet Sie Ihr Vierbeiner mit gro\u00dfer Freude. In einigen Regionen sind auch Schneewanderwege ausgeschildert oder werden als Tour mit einem Guide angeboten. Das Wandern durch tiefen Schnee ist f\u00fcr den Hund aber auch sehr anstrengend. Man sollte auf gen\u00fcgend Pausen zwischendrin achten und die Ausfl\u00fcge nicht zu lang gestalten. F\u00fcr manche Hunde k\u00f6nnten dabei <a href=\"https:\/\/uelzener.de\/magazin\/hund\/haltung\/hundeschuhe-winter\/\"><strong>Hundeschuhe<\/strong><\/a> von Vorteil sein, da sie sonst im Winter kalte F\u00fc\u00dfe bekommen.<\/p>\n<h2>Mantrailing und Suchspiele<\/h2>\n<p>Mantrailing und Suchspiele in der freien Natur z\u00e4hlen zu den Sportarten, die prinzipiell auch im Winter ausge\u00fcbt werden k\u00f6nnen. Beim Mantrailing ist es die Aufgabe des Hundes, eine Person anhand ihres Geruchs ausfindig zu machen. Hier sollte sich die versteckte Person allerdings warm anziehen und ggf. einen hei\u00dfen Tee dabei haben, um im Versteck nicht zu sehr zu frieren. Alternativ k\u00f6nnen auch Futterdummy, Spielzeug und Co. drau\u00dfen versteckt werden. Beim Suchen setzt der Hund seine Nase ein und ist viel in Bewegung.<\/p>\n<h2>Agility im Wohnzimmer<\/h2>\n<p>An manchen Tagen ist es im Winter durch Wind und eisigem Regen so ungem\u00fctlich drau\u00dfen, dass die Gassi-Runden eher klein ausfallen und man seinen Hund lieber drinnen besch\u00e4ftigen m\u00f6chte. Eine M\u00f6glichkeit, seinen Hund auch in der Wohnung auszulasten, ist das Agility im Wohnzimmer. Beim <a href=\"https:\/\/uelzener.de\/magazin\/hund\/erziehung-und-training\/agility\/\">Agility<\/a> wird ein <strong>Hindernisparcours<\/strong> bestehend aus H\u00fcrden, Reifen, Slalom und Co. abgelaufen. Dies kann auch f\u00fcr das Wohnzimmer adaptiert werden.<\/p>\n<p>Lass deiner Kreativit\u00e4t freien Lauf und schau, welche M\u00f6belst\u00fccke und Gegenst\u00e4nde aus deiner Wohnung f\u00fcr das Hundespiel zweckentfremdet werden k\u00f6nnen. Slalom durch Stuh- und Tischbeine oder ein Tunnel aus Sofadecken sind nur ein paar M\u00f6glichkeiten f\u00fcr Hindernisse. Alternativ k\u00f6nnen auch die Kontaktzonen intensiv trainiert werden, indem du deinen Hund \u00fcber einen Gegenstand lockst.<\/p>\n<p>Achtung: Sicherheit geht vor! Besonders bei st\u00fcrmischen Kandidaten solltest du dein Wohnzimmer auf Unfallrisiken \u00fcberpr\u00fcfen.<\/p>\n<p>Weitere Besch\u00e4ftigungsideen f\u00fcr drinnen findest du in unserem Blogbeitrag zum Thema <a href=\"https:\/\/www.uelzener.de\/blog\/tier\/hunde-drinnen-beschaeftigen-einfach-und-artgerecht.html\" target=\"_blank\" rel=\"noopener\">Hunde in der Wohnung besch\u00e4ftigen<\/a>.<\/p>\n<p>Hundesport ist auch im Winter eine tolle M\u00f6glichkeit, seinen Hund k\u00f6rperlich und geistig fit zu halten und so zum allgemeinen Wohlbefinden es Vierbeiners beizutragen. Damit die Gesundheit deines Hundes jederzeit gew\u00e4hrleistet ist, sch\u00fctzt dich unsere <strong>Hunde-OP- und Krankenversicherung<\/strong> vor unangenehmen Kosten, falls f\u00fcr deinen Vierbeiner ein Tierarztbesuch ansteht.<\/p>\n\n<div class=\"banner\">\n    <a href=\"https:\/\/uelzener.de\/hund\/?agt=0000104925&sem=true&utm_medium=magazin&utm_source=wordpress&utm_campaign=hund&utm_content=banner\">\n        <img decoding=\"async\" width=\"300\" height=\"212\" src=\"https:\/\/uelzener.de\/magazin\/app\/uploads\/2023\/10\/Hunde-Versicherung.jpg\" class=\"attachment-medium size-medium\" alt=\"Banner Hunde-Versicherung\" \/>    <\/a>\n<\/div>\n\n<p>Sichere deinen Hund bei uns ab und die finanziellen Sorgen geh\u00f6ren der Vergangenheit an.<\/p>\n","protected":false},"excerpt":{"rendered":"<p>F\u00e4llt das Training bei dir im Winter aufgrund des Wetters aus? Schnee, vereiste B\u00f6den oder K\u00e4lte erschweren einige Sportarten. Wir haben ein paar Anregungen, wie du und dein Hund auch im Winter fit bleiben. Fit durch den Winter Im Sommer ist man gern mit seinem Hund drau\u00dfen unterwegs und der ein oder andere betreibt auch [&hellip;]<\/p>\n","protected":false},"author":1,"featured_media":12834,"parent":11679,"menu_order":34,"comment_status":"open","ping_status":"open","template":"templates\/blog.php","meta":{"_acf_changed":false,"_crdt_document":"","footnotes":"","beyondwords_generate_audio":"0","beyondwords_project_id":"","beyondwords_content_id":"","beyondwords_preview_token":"","beyondwords_player_style":"","beyondwords_language_id":"","beyondwords_title_voice_id":"","beyondwords_body_voice_id":"","beyondwords_summary_voice_id":"","beyondwords_error_message":"","beyondwords_disabled":"","beyondwords_delete_content":"","beyondwords_podcast_id":"","beyondwords_hash":"","publish_post_to_speechkit":"","speechkit_hash":"","speechkit_generate_audio":"","speechkit_project_id":"","speechkit_podcast_id":"","speechkit_error_message":"","speechkit_disabled":"","speechkit_access_key":"","speechkit_error":"","speechkit_info":"","speechkit_response":"","speechkit_retries":"","speechkit_status":"","speechkit_updated_at":"","_speechkit_link":"","_speechkit_text":""},"class_list":["post-10105","page","type-page","status-publish","has-post-thumbnail","hentry"],"acf":[],"yoast_head":"<!-- This site is optimized with the Yoast SEO Premium plugin  - https:\/\/yoast.com\/product\/yoast-seo-premium-wordpress\/ -->\n<title>Hundesport im Winter | Uelzener<\/title>\n<meta name=\"description\" content=\"F\u00e4llt das Training bei dir im Winter aufgrund des Wetters aus? Schnee, vereiste B\u00f6den oder K\u00e4lte erschweren einige Sportarten. Wir haben ein paar Anregungen, wie du und dein Hund auch im Winter fit bleiben.\" \/>\n<meta name=\"robots\" content=\"index, follow, max-snippet:-1, max-image-preview:large, max-video-preview:-1\" \/>\n<link rel=\"canonical\" href=\"https:\/\/uelzener.de\/magazin\/hund\/erziehung-und-training\/hundesport-im-winter\/\" \/>\n<meta property=\"og:locale\" content=\"de_DE\" \/>\n<meta property=\"og:type\" content=\"article\" \/>\n<meta property=\"og:title\" content=\"Hundesport im Winter\" \/>\n<meta property=\"og:description\" content=\"F\u00e4llt das Training bei dir im Winter aufgrund des Wetters aus? Schnee, vereiste B\u00f6den oder K\u00e4lte erschweren einige Sportarten. Wir haben ein paar Anregungen, wie du und dein Hund auch im Winter fit bleiben.\" \/>\n<meta property=\"og:url\" content=\"https:\/\/uelzener.de\/magazin\/hund\/erziehung-und-training\/hundesport-im-winter\/\" \/>\n<meta property=\"og:site_name\" content=\"Uelzener Tier-Magazin\" \/>\n<meta property=\"article:publisher\" content=\"https:\/\/www.facebook.com\/Uelzener\" \/>\n<meta property=\"article:modified_time\" content=\"2025-08-28T10:49:08+00:00\" \/>\n<meta property=\"og:image\" content=\"https:\/\/uelzener.de\/magazin\/app\/uploads\/2021\/10\/Wintersport-mit-Hund.jpg\" \/>\n\t<meta property=\"og:image:width\" content=\"1024\" \/>\n\t<meta property=\"og:image:height\" content=\"450\" \/>\n\t<meta property=\"og:image:type\" content=\"image\/jpeg\" \/>\n<meta name=\"twitter:card\" content=\"summary_large_image\" \/>\n<meta name=\"twitter:label1\" content=\"Gesch\u00e4tzte Lesezeit\" \/>\n\t<meta name=\"twitter:data1\" content=\"7\u00a0Minuten\" \/>\n<script type=\"application\/ld+json\" class=\"yoast-schema-graph\">{\"@context\":\"https:\/\/schema.org\",\"@graph\":[{\"@type\":\"WebPage\",\"@id\":\"https:\/\/uelzener.de\/magazin\/hund\/erziehung-und-training\/hundesport-im-winter\/\",\"url\":\"https:\/\/uelzener.de\/magazin\/hund\/erziehung-und-training\/hundesport-im-winter\/\",\"name\":\"Hundesport im Winter | Uelzener\",\"isPartOf\":{\"@id\":\"https:\/\/uelzener.de\/magazin\/#website\"},\"primaryImageOfPage\":{\"@id\":\"https:\/\/uelzener.de\/magazin\/hund\/erziehung-und-training\/hundesport-im-winter\/#primaryimage\"},\"image\":{\"@id\":\"https:\/\/uelzener.de\/magazin\/hund\/erziehung-und-training\/hundesport-im-winter\/#primaryimage\"},\"thumbnailUrl\":\"https:\/\/uelzener.de\/magazin\/app\/uploads\/2021\/10\/Wintersport-mit-Hund.jpg\",\"datePublished\":\"2019-12-18T00:00:00+00:00\",\"dateModified\":\"2025-08-28T10:49:08+00:00\",\"description\":\"F\u00e4llt das Training bei dir im Winter aufgrund des Wetters aus? Schnee, vereiste B\u00f6den oder K\u00e4lte erschweren einige Sportarten. Wir haben ein paar Anregungen, wie du und dein Hund auch im Winter fit bleiben.\",\"breadcrumb\":{\"@id\":\"https:\/\/uelzener.de\/magazin\/hund\/erziehung-und-training\/hundesport-im-winter\/#breadcrumb\"},\"inLanguage\":\"de\",\"potentialAction\":[{\"@type\":\"ReadAction\",\"target\":[\"https:\/\/uelzener.de\/magazin\/hund\/erziehung-und-training\/hundesport-im-winter\/\"]}]},{\"@type\":\"ImageObject\",\"inLanguage\":\"de\",\"@id\":\"https:\/\/uelzener.de\/magazin\/hund\/erziehung-und-training\/hundesport-im-winter\/#primaryimage\",\"url\":\"https:\/\/uelzener.de\/magazin\/app\/uploads\/2021\/10\/Wintersport-mit-Hund.jpg\",\"contentUrl\":\"https:\/\/uelzener.de\/magazin\/app\/uploads\/2021\/10\/Wintersport-mit-Hund.jpg\",\"width\":1024,\"height\":450,\"caption\":\"Brauner Dackel spielt im Schnee mit rotem Spielzeug die Ohren flattern\"},{\"@type\":\"WebSite\",\"@id\":\"https:\/\/uelzener.de\/magazin\/#website\",\"url\":\"https:\/\/uelzener.de\/magazin\/\",\"name\":\"Uelzener Tiermagazin\",\"description\":\"Online Tierratgeber der Uelzener Versicherungen\",\"publisher\":{\"@id\":\"https:\/\/uelzener.de\/magazin\/#organization\"},\"potentialAction\":[{\"@type\":\"SearchAction\",\"target\":{\"@type\":\"EntryPoint\",\"urlTemplate\":\"https:\/\/uelzener.de\/magazin\/?s={search_term_string}\"},\"query-input\":{\"@type\":\"PropertyValueSpecification\",\"valueRequired\":true,\"valueName\":\"search_term_string\"}}],\"inLanguage\":\"de\"},{\"@type\":\"Organization\",\"@id\":\"https:\/\/uelzener.de\/magazin\/#organization\",\"name\":\"Uelzener Versicherungen\",\"url\":\"https:\/\/uelzener.de\/magazin\/\",\"logo\":{\"@type\":\"ImageObject\",\"inLanguage\":\"de\",\"@id\":\"https:\/\/uelzener.de\/magazin\/#\/schema\/logo\/image\/\",\"url\":\"https:\/\/uelzener.de\/magazin\/app\/uploads\/2024\/11\/uelzener_allgemeine_versicherungsgesellschaft_a_g_logo.jpg\",\"contentUrl\":\"https:\/\/uelzener.de\/magazin\/app\/uploads\/2024\/11\/uelzener_allgemeine_versicherungsgesellschaft_a_g_logo.jpg\",\"width\":200,\"height\":200,\"caption\":\"Uelzener Versicherungen\"},\"image\":{\"@id\":\"https:\/\/uelzener.de\/magazin\/#\/schema\/logo\/image\/\"},\"sameAs\":[\"https:\/\/www.facebook.com\/Uelzener\",\"https:\/\/instagram.com\/uelzener\",\"https:\/\/www.xing.com\/pages\/uelzenerallgemeineversicherungs-gesellschafta-g\",\"https:\/\/www.youtube.com\/UelzenerVersicherungen\"]}]}<\/script>\n<!-- \/ Yoast SEO Premium plugin. -->","yoast_head_json":{"title":"Hundesport im Winter | Uelzener","description":"F\u00e4llt das Training bei dir im Winter aufgrund des Wetters aus? Schnee, vereiste B\u00f6den oder K\u00e4lte erschweren einige Sportarten. Wir haben ein paar Anregungen, wie du und dein Hund auch im Winter fit bleiben.","robots":{"index":"index","follow":"follow","max-snippet":"max-snippet:-1","max-image-preview":"max-image-preview:large","max-video-preview":"max-video-preview:-1"},"canonical":"https:\/\/uelzener.de\/magazin\/hund\/erziehung-und-training\/hundesport-im-winter\/","og_locale":"de_DE","og_type":"article","og_title":"Hundesport im Winter","og_description":"F\u00e4llt das Training bei dir im Winter aufgrund des Wetters aus? Schnee, vereiste B\u00f6den oder K\u00e4lte erschweren einige Sportarten. Wir haben ein paar Anregungen, wie du und dein Hund auch im Winter fit bleiben.","og_url":"https:\/\/uelzener.de\/magazin\/hund\/erziehung-und-training\/hundesport-im-winter\/","og_site_name":"Uelzener Tier-Magazin","article_publisher":"https:\/\/www.facebook.com\/Uelzener","article_modified_time":"2025-08-28T10:49:08+00:00","og_image":[{"width":1024,"height":450,"url":"https:\/\/uelzener.de\/magazin\/app\/uploads\/2021\/10\/Wintersport-mit-Hund.jpg","type":"image\/jpeg"}],"twitter_card":"summary_large_image","twitter_misc":{"Gesch\u00e4tzte Lesezeit":"7\u00a0Minuten"},"schema":{"@context":"https:\/\/schema.org","@graph":[{"@type":"WebPage","@id":"https:\/\/uelzener.de\/magazin\/hund\/erziehung-und-training\/hundesport-im-winter\/","url":"https:\/\/uelzener.de\/magazin\/hund\/erziehung-und-training\/hundesport-im-winter\/","name":"Hundesport im Winter | Uelzener","isPartOf":{"@id":"https:\/\/uelzener.de\/magazin\/#website"},"primaryImageOfPage":{"@id":"https:\/\/uelzener.de\/magazin\/hund\/erziehung-und-training\/hundesport-im-winter\/#primaryimage"},"image":{"@id":"https:\/\/uelzener.de\/magazin\/hund\/erziehung-und-training\/hundesport-im-winter\/#primaryimage"},"thumbnailUrl":"https:\/\/uelzener.de\/magazin\/app\/uploads\/2021\/10\/Wintersport-mit-Hund.jpg","datePublished":"2019-12-18T00:00:00+00:00","dateModified":"2025-08-28T10:49:08+00:00","description":"F\u00e4llt das Training bei dir im Winter aufgrund des Wetters aus? Schnee, vereiste B\u00f6den oder K\u00e4lte erschweren einige Sportarten. Wir haben ein paar Anregungen, wie du und dein Hund auch im Winter fit bleiben.","breadcrumb":{"@id":"https:\/\/uelzener.de\/magazin\/hund\/erziehung-und-training\/hundesport-im-winter\/#breadcrumb"},"inLanguage":"de","potentialAction":[{"@type":"ReadAction","target":["https:\/\/uelzener.de\/magazin\/hund\/erziehung-und-training\/hundesport-im-winter\/"]}]},{"@type":"ImageObject","inLanguage":"de","@id":"https:\/\/uelzener.de\/magazin\/hund\/erziehung-und-training\/hundesport-im-winter\/#primaryimage","url":"https:\/\/uelzener.de\/magazin\/app\/uploads\/2021\/10\/Wintersport-mit-Hund.jpg","contentUrl":"https:\/\/uelzener.de\/magazin\/app\/uploads\/2021\/10\/Wintersport-mit-Hund.jpg","width":1024,"height":450,"caption":"Brauner Dackel spielt im Schnee mit rotem Spielzeug die Ohren flattern"},{"@type":"WebSite","@id":"https:\/\/uelzener.de\/magazin\/#website","url":"https:\/\/uelzener.de\/magazin\/","name":"Uelzener Tiermagazin","description":"Online Tierratgeber der Uelzener Versicherungen","publisher":{"@id":"https:\/\/uelzener.de\/magazin\/#organization"},"potentialAction":[{"@type":"SearchAction","target":{"@type":"EntryPoint","urlTemplate":"https:\/\/uelzener.de\/magazin\/?s={search_term_string}"},"query-input":{"@type":"PropertyValueSpecification","valueRequired":true,"valueName":"search_term_string"}}],"inLanguage":"de"},{"@type":"Organization","@id":"https:\/\/uelzener.de\/magazin\/#organization","name":"Uelzener Versicherungen","url":"https:\/\/uelzener.de\/magazin\/","logo":{"@type":"ImageObject","inLanguage":"de","@id":"https:\/\/uelzener.de\/magazin\/#\/schema\/logo\/image\/","url":"https:\/\/uelzener.de\/magazin\/app\/uploads\/2024\/11\/uelzener_allgemeine_versicherungsgesellschaft_a_g_logo.jpg","contentUrl":"https:\/\/uelzener.de\/magazin\/app\/uploads\/2024\/11\/uelzener_allgemeine_versicherungsgesellschaft_a_g_logo.jpg","width":200,"height":200,"caption":"Uelzener Versicherungen"},"image":{"@id":"https:\/\/uelzener.de\/magazin\/#\/schema\/logo\/image\/"},"sameAs":["https:\/\/www.facebook.com\/Uelzener","https:\/\/instagram.com\/uelzener","https:\/\/www.xing.com\/pages\/uelzenerallgemeineversicherungs-gesellschafta-g","https:\/\/www.youtube.com\/UelzenerVersicherungen"]}]}},"_links":{"self":[{"href":"https:\/\/uelzener.de\/magazin\/wp-json\/wp\/v2\/pages\/10105","targetHints":{"allow":["GET"]}}],"collection":[{"href":"https:\/\/uelzener.de\/magazin\/wp-json\/wp\/v2\/pages"}],"about":[{"href":"https:\/\/uelzener.de\/magazin\/wp-json\/wp\/v2\/types\/page"}],"author":[{"embeddable":true,"href":"https:\/\/uelzener.de\/magazin\/wp-json\/wp\/v2\/users\/1"}],"replies":[{"embeddable":true,"href":"https:\/\/uelzener.de\/magazin\/wp-json\/wp\/v2\/comments?post=10105"}],"version-history":[{"count":17,"href":"https:\/\/uelzener.de\/magazin\/wp-json\/wp\/v2\/pages\/10105\/revisions"}],"predecessor-version":[{"id":19079,"href":"https:\/\/uelzener.de\/magazin\/wp-json\/wp\/v2\/pages\/10105\/revisions\/19079"}],"up":[{"embeddable":true,"href":"https:\/\/uelzener.de\/magazin\/wp-json\/wp\/v2\/pages\/11679"}],"wp:featuredmedia":[{"embeddable":true,"href":"https:\/\/uelzener.de\/magazin\/wp-json\/wp\/v2\/media\/12834"}],"wp:attachment":[{"href":"https:\/\/uelzener.de\/magazin\/wp-json\/wp\/v2\/media?parent=10105"}],"curies":[{"name":"wp","href":"https:\/\/api.w.org\/{rel}","templated":true}]}}