{"id":10102,"date":"2019-12-17T00:00:00","date_gmt":"2019-12-17T00:00:00","guid":{"rendered":""},"modified":"2026-02-03T12:51:46","modified_gmt":"2026-02-03T11:51:46","slug":"schneegastritis-hund","status":"publish","type":"page","link":"https:\/\/uelzener.de\/magazin\/hund\/tiergesundheit\/schneegastritis-hund\/","title":{"rendered":"Hund frisst Schnee: Infos zur Schneegastritis"},"content":{"rendered":"<p><strong>Schnee l\u00e4sst viele Hundeherzen h\u00f6her schlagen. Sie toben durch die wei\u00dfe Landschaft und fressen auch gern den einen oder anderen Happen Schnee. Ist es \u00fcberhaupt okay, wenn der Hund Schnee frisst? Wir kl\u00e4ren auf, wie es zu einer Schneegastritis kommt und was Du im Notfall tun solltest.<\/strong><\/p>\n<h2>Warum frisst Dein Hund Schnee?<\/h2>\n<p>Wenn im Winter der erste Schnee f\u00e4llt, freuen sich nicht nur wir Menschen. Auch viele Hunde bl\u00fchen im Schnee richtig auf und toben durch die schneebedeckte Landschaft. <a href=\"https:\/\/uelzener.de\/magazin\/hund\/tiergesundheit\/mit-hund-im-schnee\/\">Hunde lieben es, im Schnee zu spielen<\/a>, darin zu buddeln, sich zu w\u00e4lzen und Schneeb\u00e4llen hinterherzujagen. Mag Dein Hund den Schnee, w\u00e4re ein <strong><a href=\"https:\/\/uelzener.de\/magazin\/hund\/tipps-fuer-den-alltag\/winterurlaub-mit-hund\/\">Winterurlaub mit Hund<\/a><\/strong> eine sch\u00f6ne Idee, die Herrchen und Hund freut. Dabei solltest Du aber ein paar Sachen beachten. Hunde sind sehr neugierig und fressen alles, was f\u00fcr sie essbar wirkt. Dabei wird der wei\u00dfe Schnee schnell zum kleinen Snack f\u00fcr Zwischendurch. Einige Hunde stecken ihren Kopf mit gro\u00dfer Freude in den Schnee oder m\u00f6gen das Gef\u00fchl, wenn der Schnee in ihrem Maul zu schmelzen beginnt.<\/p>\n<p>Grunds\u00e4tzlich ist es nicht gef\u00e4hrlich, wenn der ein oder andere Happen Schnee im Magen des Hundes landet. Letztendlich handelt es sich hierbei nur um Wasser. Dies gilt allerdings nur, wenn der Schnee auch sauber ist.<\/p>\n<h2>Gefahr einer Schneegastritis beim Hund<\/h2>\n<p>Obwohl sauberer Schnee an sich ungef\u00e4hrlich ist, ist dieser \u2013 wie die meisten Dinge \u2013 nur in Ma\u00dfen genie\u00dfbar. Auch beim Hund kann zu viel Schnee zu <strong>gesundheitlichen Problemen<\/strong> f\u00fchren.<br \/>\nWann es durch den Schnee zu Problemen kommt, ist von Hund zu Hund unterschiedlich. Einige Vierbeiner reagieren sehr fr\u00fch und empfindlich. Die Folge ist dann eine sogenannte <strong>Schneegastritis. <\/strong>Andere Hunde bleiben jedoch symptomfrei, nachdem sie Schnee gefressen haben.<\/p>\n<p>Bei der Schneegastritis handelt es sich um eine akute <strong>Magenschleimhaut-Entz\u00fcndung<\/strong>, die durch den kalten Schnee oder darin enthaltene Verunreinigungen ausgel\u00f6st wird. Besonders <strong>Schmutz, Split und Streusalz<\/strong> reizen die empfindlichen Magenschleimh\u00e4ute des Hundes. Enth\u00e4lt das Streusalz zus\u00e4tzlich noch <strong>Frostschutzmittel<\/strong>, wird es besonders kritisch. Denn die Chemikalien sind nicht nur giftig f\u00fcr die Hunde, sondern schmecken vielen Tieren so gut, dass sie den Schnee noch begeisterter fressen.<\/p>\n<p><img decoding=\"async\" src=\"\/magazin\/app\/uploads\/2021\/02\/086ad047-144f-40a0-9d49-7befa1683811.jpg\" \/><\/p>\n<p>Zeigt Dein Hund eines oder mehrere Symptome einer Schnee- beziehungsweise Schnee-Streusalz-Gastritis, so solltest Du hellh\u00f6rig werden:<\/p>\n<ul>\n<li>Speicheln<\/li>\n<li>W\u00fcrgen<\/li>\n<li>Gurgeln im Bauchraum<\/li>\n<li>Bauchschmerzen (oft erkennbar durch eine gespannte Bauchdecke und gekr\u00fcmmten R\u00fccken)<\/li>\n<li>(blutiger) <a href=\"https:\/\/uelzener.de\/magazin\/hund\/haeufige-fragen\/durchfall-beim-hund-verdauung\/\">Durchfall<\/a><\/li>\n<li>Erbrechen<\/li>\n<li>Husten<\/li>\n<li><strong><a href=\"https:\/\/www.uelzener.de\/blog\/tier\/fieber-und-erkaeltung-beim-hund-symptome-richtig-erkennen.html\" target=\"_blank\" rel=\"noopener\">Fieber beim Hund<\/a><\/strong><\/li>\n<\/ul>\n<p>&nbsp;<\/p>\n<p>Solltest Du Dir bei den Symptomen unsicher sein, gehe lieber auf Nummer sicher und stelle Deinen Hund beim Tierarzt vor. Nur so hast Du Gewissheit und kannst richtig handeln.<\/p>\n<h2>Was tun bei Schneegastritis<\/h2>\n<p>Jeder Hund reagiert individuell, wenn er zu viel Schnee gefressen hat. Wenn Du Symptome einer Schneegastritis festgestellt haben, solltest Du Deinen Vierbeiner gut beobachten.<\/p>\n<p>Bei einer leichten Schneegastritis k\u00f6nnen einige Tage Schonkost bereits Abhilfe schaffen. Bei gekochtem Reis, H\u00fcttenk\u00e4se und etwas H\u00fchnerfleisch k\u00f6nnen sich die gereizten Schleimh\u00e4ute wieder beruhigen. Der Hund sollte nat\u00fcrlich keinen Schnee mehr fressen und auch das Trinkwasser sollte nicht zu kalt sein, sondern Zimmertemperatur haben. Wenn die Symptome nicht innerhalb kurzer Zeit besser werden oder sich verschlimmern, ist ein Besuch beim Tierarzt ratsam.<\/p>\n<p>Bei starken Symptomen, wie langanhaltendem und starkem Unwohlsein oder Blut im Erbrochenen oder im Kot, ist ein Besuch beim Tierarzt unumg\u00e4nglich.<\/p>\n<h2>Hunden abgew\u00f6hnen Schnee zu fressen<\/h2>\n<p>Je besser Dein Hund ausgebildet ist, desto besser kannst Du ihn vor Gefahren sch\u00fctzen. Es ist sehr hilfreich, wenn der Vierbeiner jederzeit abrufbar ist und zuverl\u00e4ssig auf ein Abbruchsignal reagiert. So kannst Du vermeiden, dass er \u00fcberhaupt Schnee frisst.<\/p>\n<p>Auch wenn einige Hunde nicht empfindlich auf Schnee im Magen reagieren, so ist es doch sinnvoll, die Tiere nicht zum Fressen zu animieren \u2013 beispielsweise durch ausgedehntes Schneeball werfen oder Suchspiele in der Schneedecke. Denn auch dabei nehmen die Hunde immer etwas von der kalten Pracht mit auf. Ist Dein Hund gar nicht davon abzubringen, Schnee zu fressen, so kann notfalls ein <strong>Maulkorb<\/strong> beim Spaziergang Schutz bieten.<\/p>\n\n<div class=\"banner\">\n    <a href=\"https:\/\/uelzener.de\/hund\/hunde-krankenversicherung\/?agt=0000104925&sem=true&utm_medium=magazin&utm_source=wordpress&utm_campaign=hund_kv&utm_content=banner\">\n        <img decoding=\"async\" width=\"300\" height=\"212\" src=\"https:\/\/uelzener.de\/magazin\/app\/uploads\/2025\/01\/Hunde-Kranken-Versicherung.jpg\" class=\"attachment-medium size-medium\" alt=\"Banner Hunde-Kranken-Versicherung\" \/>    <\/a>\n<\/div>\n\n<p>Wenn Dein Hund dennoch in einem unbeobachteten Moment zu viel Schnee fressen sollte und kein Weg an dem Tierarztbesuch vorbei f\u00fchrt, sch\u00fctzt Dich unsere <strong>Hunde-Krankenversicherung <\/strong>und \u00fcbernimmt die Behandlungskosten des Tierarztes. Sichere Deinen Hund jetzt bei uns ab.<\/p>\n","protected":false},"excerpt":{"rendered":"<p>Schnee l\u00e4sst viele Hundeherzen h\u00f6her schlagen. Sie toben durch die wei\u00dfe Landschaft und fressen auch gern den einen oder anderen Happen Schnee. Ist es \u00fcberhaupt okay, wenn der Hund Schnee frisst? Wir kl\u00e4ren auf, wie es zu einer Schneegastritis kommt und was Du im Notfall tun solltest. Warum frisst Dein Hund Schnee? Wenn im Winter [&hellip;]<\/p>\n","protected":false},"author":1,"featured_media":12836,"parent":11701,"menu_order":60,"comment_status":"open","ping_status":"open","template":"templates\/blog.php","meta":{"_acf_changed":false,"_crdt_document":"","footnotes":"","beyondwords_generate_audio":"0","beyondwords_project_id":"","beyondwords_content_id":"","beyondwords_preview_token":"","beyondwords_player_style":"","beyondwords_language_id":"","beyondwords_title_voice_id":"","beyondwords_body_voice_id":"","beyondwords_summary_voice_id":"","beyondwords_error_message":"","beyondwords_disabled":"","beyondwords_delete_content":"","beyondwords_podcast_id":"","beyondwords_hash":"","publish_post_to_speechkit":"","speechkit_hash":"","speechkit_generate_audio":"","speechkit_project_id":"","speechkit_podcast_id":"","speechkit_error_message":"","speechkit_disabled":"","speechkit_access_key":"","speechkit_error":"","speechkit_info":"","speechkit_response":"","speechkit_retries":"","speechkit_status":"","speechkit_updated_at":"","_speechkit_link":"","_speechkit_text":""},"class_list":["post-10102","page","type-page","status-publish","has-post-thumbnail","hentry"],"acf":[],"yoast_head":"<!-- This site is optimized with the Yoast SEO Premium plugin  - https:\/\/yoast.com\/product\/yoast-seo-premium-wordpress\/ -->\n<title>Hund frisst Schnee: Infos zur Schneegastritis | Uelzener<\/title>\n<meta name=\"robots\" content=\"index, follow, max-snippet:-1, max-image-preview:large, max-video-preview:-1\" \/>\n<link rel=\"canonical\" href=\"https:\/\/uelzener.de\/magazin\/hund\/tiergesundheit\/schneegastritis-hund\/\" \/>\n<meta property=\"og:locale\" content=\"de_DE\" \/>\n<meta property=\"og:type\" content=\"article\" \/>\n<meta property=\"og:title\" content=\"Hund frisst Schnee: Infos zur Schneegastritis\" \/>\n<meta property=\"og:description\" content=\"Schnee l\u00e4sst viele Hundeherzen h\u00f6her schlagen. Sie toben durch die wei\u00dfe Landschaft und fressen auch gern den einen oder anderen Happen Schnee. Ist es \u00fcberhaupt okay, wenn der Hund Schnee frisst? Wir kl\u00e4ren auf, wie es zu einer Schneegastritis kommt und was Du im Notfall tun solltest. Warum frisst Dein Hund Schnee? Wenn im Winter [&hellip;]\" \/>\n<meta property=\"og:url\" content=\"https:\/\/uelzener.de\/magazin\/hund\/tiergesundheit\/schneegastritis-hund\/\" \/>\n<meta property=\"og:site_name\" content=\"Uelzener Tier-Magazin\" \/>\n<meta property=\"article:publisher\" content=\"https:\/\/www.facebook.com\/Uelzener\" \/>\n<meta property=\"article:modified_time\" content=\"2026-02-03T11:51:46+00:00\" \/>\n<meta property=\"og:image\" content=\"https:\/\/uelzener.de\/magazin\/app\/uploads\/2021\/10\/Hund-frisst-Schnee.jpg\" \/>\n\t<meta property=\"og:image:width\" content=\"1024\" \/>\n\t<meta property=\"og:image:height\" content=\"450\" \/>\n\t<meta property=\"og:image:type\" content=\"image\/jpeg\" \/>\n<meta name=\"twitter:card\" content=\"summary_large_image\" \/>\n<meta name=\"twitter:label1\" content=\"Gesch\u00e4tzte Lesezeit\" \/>\n\t<meta name=\"twitter:data1\" content=\"5\u00a0Minuten\" \/>\n<script type=\"application\/ld+json\" class=\"yoast-schema-graph\">{\"@context\":\"https:\/\/schema.org\",\"@graph\":[{\"@type\":\"WebPage\",\"@id\":\"https:\/\/uelzener.de\/magazin\/hund\/tiergesundheit\/schneegastritis-hund\/\",\"url\":\"https:\/\/uelzener.de\/magazin\/hund\/tiergesundheit\/schneegastritis-hund\/\",\"name\":\"Hund frisst Schnee: Infos zur Schneegastritis | Uelzener\",\"isPartOf\":{\"@id\":\"https:\/\/uelzener.de\/magazin\/#website\"},\"primaryImageOfPage\":{\"@id\":\"https:\/\/uelzener.de\/magazin\/hund\/tiergesundheit\/schneegastritis-hund\/#primaryimage\"},\"image\":{\"@id\":\"https:\/\/uelzener.de\/magazin\/hund\/tiergesundheit\/schneegastritis-hund\/#primaryimage\"},\"thumbnailUrl\":\"https:\/\/uelzener.de\/magazin\/app\/uploads\/2021\/10\/Hund-frisst-Schnee.jpg\",\"datePublished\":\"2019-12-17T00:00:00+00:00\",\"dateModified\":\"2026-02-03T11:51:46+00:00\",\"breadcrumb\":{\"@id\":\"https:\/\/uelzener.de\/magazin\/hund\/tiergesundheit\/schneegastritis-hund\/#breadcrumb\"},\"inLanguage\":\"de\",\"potentialAction\":[{\"@type\":\"ReadAction\",\"target\":[\"https:\/\/uelzener.de\/magazin\/hund\/tiergesundheit\/schneegastritis-hund\/\"]}]},{\"@type\":\"ImageObject\",\"inLanguage\":\"de\",\"@id\":\"https:\/\/uelzener.de\/magazin\/hund\/tiergesundheit\/schneegastritis-hund\/#primaryimage\",\"url\":\"https:\/\/uelzener.de\/magazin\/app\/uploads\/2021\/10\/Hund-frisst-Schnee.jpg\",\"contentUrl\":\"https:\/\/uelzener.de\/magazin\/app\/uploads\/2021\/10\/Hund-frisst-Schnee.jpg\",\"width\":1024,\"height\":450,\"caption\":\"Labradorwelpe liegt im Schnee, er hat zuviel davon gefressen und jetzt eine Schneegastritis.\"},{\"@type\":\"WebSite\",\"@id\":\"https:\/\/uelzener.de\/magazin\/#website\",\"url\":\"https:\/\/uelzener.de\/magazin\/\",\"name\":\"Uelzener Tiermagazin\",\"description\":\"Online Tierratgeber der Uelzener Versicherungen\",\"publisher\":{\"@id\":\"https:\/\/uelzener.de\/magazin\/#organization\"},\"potentialAction\":[{\"@type\":\"SearchAction\",\"target\":{\"@type\":\"EntryPoint\",\"urlTemplate\":\"https:\/\/uelzener.de\/magazin\/?s={search_term_string}\"},\"query-input\":{\"@type\":\"PropertyValueSpecification\",\"valueRequired\":true,\"valueName\":\"search_term_string\"}}],\"inLanguage\":\"de\"},{\"@type\":\"Organization\",\"@id\":\"https:\/\/uelzener.de\/magazin\/#organization\",\"name\":\"Uelzener Versicherungen\",\"url\":\"https:\/\/uelzener.de\/magazin\/\",\"logo\":{\"@type\":\"ImageObject\",\"inLanguage\":\"de\",\"@id\":\"https:\/\/uelzener.de\/magazin\/#\/schema\/logo\/image\/\",\"url\":\"https:\/\/uelzener.de\/magazin\/app\/uploads\/2024\/11\/uelzener_allgemeine_versicherungsgesellschaft_a_g_logo.jpg\",\"contentUrl\":\"https:\/\/uelzener.de\/magazin\/app\/uploads\/2024\/11\/uelzener_allgemeine_versicherungsgesellschaft_a_g_logo.jpg\",\"width\":200,\"height\":200,\"caption\":\"Uelzener Versicherungen\"},\"image\":{\"@id\":\"https:\/\/uelzener.de\/magazin\/#\/schema\/logo\/image\/\"},\"sameAs\":[\"https:\/\/www.facebook.com\/Uelzener\",\"https:\/\/instagram.com\/uelzener\",\"https:\/\/www.xing.com\/pages\/uelzenerallgemeineversicherungs-gesellschafta-g\",\"https:\/\/www.youtube.com\/UelzenerVersicherungen\"]}]}<\/script>\n<!-- \/ Yoast SEO Premium plugin. -->","yoast_head_json":{"title":"Hund frisst Schnee: Infos zur Schneegastritis | Uelzener","robots":{"index":"index","follow":"follow","max-snippet":"max-snippet:-1","max-image-preview":"max-image-preview:large","max-video-preview":"max-video-preview:-1"},"canonical":"https:\/\/uelzener.de\/magazin\/hund\/tiergesundheit\/schneegastritis-hund\/","og_locale":"de_DE","og_type":"article","og_title":"Hund frisst Schnee: Infos zur Schneegastritis","og_description":"Schnee l\u00e4sst viele Hundeherzen h\u00f6her schlagen. Sie toben durch die wei\u00dfe Landschaft und fressen auch gern den einen oder anderen Happen Schnee. Ist es \u00fcberhaupt okay, wenn der Hund Schnee frisst? Wir kl\u00e4ren auf, wie es zu einer Schneegastritis kommt und was Du im Notfall tun solltest. Warum frisst Dein Hund Schnee? Wenn im Winter [&hellip;]","og_url":"https:\/\/uelzener.de\/magazin\/hund\/tiergesundheit\/schneegastritis-hund\/","og_site_name":"Uelzener Tier-Magazin","article_publisher":"https:\/\/www.facebook.com\/Uelzener","article_modified_time":"2026-02-03T11:51:46+00:00","og_image":[{"width":1024,"height":450,"url":"https:\/\/uelzener.de\/magazin\/app\/uploads\/2021\/10\/Hund-frisst-Schnee.jpg","type":"image\/jpeg"}],"twitter_card":"summary_large_image","twitter_misc":{"Gesch\u00e4tzte Lesezeit":"5\u00a0Minuten"},"schema":{"@context":"https:\/\/schema.org","@graph":[{"@type":"WebPage","@id":"https:\/\/uelzener.de\/magazin\/hund\/tiergesundheit\/schneegastritis-hund\/","url":"https:\/\/uelzener.de\/magazin\/hund\/tiergesundheit\/schneegastritis-hund\/","name":"Hund frisst Schnee: Infos zur Schneegastritis | Uelzener","isPartOf":{"@id":"https:\/\/uelzener.de\/magazin\/#website"},"primaryImageOfPage":{"@id":"https:\/\/uelzener.de\/magazin\/hund\/tiergesundheit\/schneegastritis-hund\/#primaryimage"},"image":{"@id":"https:\/\/uelzener.de\/magazin\/hund\/tiergesundheit\/schneegastritis-hund\/#primaryimage"},"thumbnailUrl":"https:\/\/uelzener.de\/magazin\/app\/uploads\/2021\/10\/Hund-frisst-Schnee.jpg","datePublished":"2019-12-17T00:00:00+00:00","dateModified":"2026-02-03T11:51:46+00:00","breadcrumb":{"@id":"https:\/\/uelzener.de\/magazin\/hund\/tiergesundheit\/schneegastritis-hund\/#breadcrumb"},"inLanguage":"de","potentialAction":[{"@type":"ReadAction","target":["https:\/\/uelzener.de\/magazin\/hund\/tiergesundheit\/schneegastritis-hund\/"]}]},{"@type":"ImageObject","inLanguage":"de","@id":"https:\/\/uelzener.de\/magazin\/hund\/tiergesundheit\/schneegastritis-hund\/#primaryimage","url":"https:\/\/uelzener.de\/magazin\/app\/uploads\/2021\/10\/Hund-frisst-Schnee.jpg","contentUrl":"https:\/\/uelzener.de\/magazin\/app\/uploads\/2021\/10\/Hund-frisst-Schnee.jpg","width":1024,"height":450,"caption":"Labradorwelpe liegt im Schnee, er hat zuviel davon gefressen und jetzt eine Schneegastritis."},{"@type":"WebSite","@id":"https:\/\/uelzener.de\/magazin\/#website","url":"https:\/\/uelzener.de\/magazin\/","name":"Uelzener Tiermagazin","description":"Online Tierratgeber der Uelzener Versicherungen","publisher":{"@id":"https:\/\/uelzener.de\/magazin\/#organization"},"potentialAction":[{"@type":"SearchAction","target":{"@type":"EntryPoint","urlTemplate":"https:\/\/uelzener.de\/magazin\/?s={search_term_string}"},"query-input":{"@type":"PropertyValueSpecification","valueRequired":true,"valueName":"search_term_string"}}],"inLanguage":"de"},{"@type":"Organization","@id":"https:\/\/uelzener.de\/magazin\/#organization","name":"Uelzener Versicherungen","url":"https:\/\/uelzener.de\/magazin\/","logo":{"@type":"ImageObject","inLanguage":"de","@id":"https:\/\/uelzener.de\/magazin\/#\/schema\/logo\/image\/","url":"https:\/\/uelzener.de\/magazin\/app\/uploads\/2024\/11\/uelzener_allgemeine_versicherungsgesellschaft_a_g_logo.jpg","contentUrl":"https:\/\/uelzener.de\/magazin\/app\/uploads\/2024\/11\/uelzener_allgemeine_versicherungsgesellschaft_a_g_logo.jpg","width":200,"height":200,"caption":"Uelzener Versicherungen"},"image":{"@id":"https:\/\/uelzener.de\/magazin\/#\/schema\/logo\/image\/"},"sameAs":["https:\/\/www.facebook.com\/Uelzener","https:\/\/instagram.com\/uelzener","https:\/\/www.xing.com\/pages\/uelzenerallgemeineversicherungs-gesellschafta-g","https:\/\/www.youtube.com\/UelzenerVersicherungen"]}]}},"_links":{"self":[{"href":"https:\/\/uelzener.de\/magazin\/wp-json\/wp\/v2\/pages\/10102","targetHints":{"allow":["GET"]}}],"collection":[{"href":"https:\/\/uelzener.de\/magazin\/wp-json\/wp\/v2\/pages"}],"about":[{"href":"https:\/\/uelzener.de\/magazin\/wp-json\/wp\/v2\/types\/page"}],"author":[{"embeddable":true,"href":"https:\/\/uelzener.de\/magazin\/wp-json\/wp\/v2\/users\/1"}],"replies":[{"embeddable":true,"href":"https:\/\/uelzener.de\/magazin\/wp-json\/wp\/v2\/comments?post=10102"}],"version-history":[{"count":10,"href":"https:\/\/uelzener.de\/magazin\/wp-json\/wp\/v2\/pages\/10102\/revisions"}],"predecessor-version":[{"id":19732,"href":"https:\/\/uelzener.de\/magazin\/wp-json\/wp\/v2\/pages\/10102\/revisions\/19732"}],"up":[{"embeddable":true,"href":"https:\/\/uelzener.de\/magazin\/wp-json\/wp\/v2\/pages\/11701"}],"wp:featuredmedia":[{"embeddable":true,"href":"https:\/\/uelzener.de\/magazin\/wp-json\/wp\/v2\/media\/12836"}],"wp:attachment":[{"href":"https:\/\/uelzener.de\/magazin\/wp-json\/wp\/v2\/media?parent=10102"}],"curies":[{"name":"wp","href":"https:\/\/api.w.org\/{rel}","templated":true}]}}