{"id":10101,"date":"2024-02-09T12:00:00","date_gmt":"2024-02-09T11:00:00","guid":{"rendered":""},"modified":"2025-08-05T13:12:29","modified_gmt":"2025-08-05T11:12:29","slug":"fieber-und-erkaeltung-hund","status":"publish","type":"page","link":"https:\/\/uelzener.de\/magazin\/hund\/tiergesundheit\/fieber-und-erkaeltung-hund\/","title":{"rendered":"Fieber und Erk\u00e4ltung beim Hund: Symptome richtig erkennen"},"content":{"rendered":"<p>F\u00fchlt sich der Hund warm an? Die <strong>Normaltemperatur<\/strong> beim Hund liegt zwischen <strong>37,5 bis 39 Grad Celsius<\/strong>. Ab einer Temperatur von <strong>39,5 Grad<\/strong> spricht man bei Hunden von <strong>Fieber<\/strong>.<\/p>\n<p>Steigt die K\u00f6rpertemperatur \u00fcber 41 Grad, kann es f\u00fcr den Hund lebensbedrohlich sein.<\/p>\n<p>Fieber signalisiert, dass sich das Immunsystem deines Hundes gegen Angreifer wehrt. Da langanhaltend hohes Fieber aber die Organe des Hundes sch\u00e4digen kann und mitunter sogar lebensbedrohlich wird, solltest du <strong>rechtzeitig einen Tierarzt aufsuchen<\/strong>.<\/p>\n<h2>Fieber beim Hund erkennen: Klassische Symptome<\/h2>\n<p>Wenn dein Hund unter Fieber leidet, f\u00fchlt er sich oftmals <strong>m\u00fcde, schlapp und hat wenig Appetit<\/strong>. Au\u00dferdem kannst du anhand folgender weiterer Symptome Fieber beim Hund erkennen:<\/p>\n<ul>\n<li>Trockene oder warme Nase<\/li>\n<li>Hecheln, schnelle Atmung<\/li>\n<li>Erw\u00e4rmte Ohren<\/li>\n<li>Erw\u00e4rmte Achseln<\/li>\n<li>Hei\u00dfer Bauch<\/li>\n<li>Trockener, fester Kot (sogenannter Fieberkot)<\/li>\n<\/ul>\n<h2>Fieber beim Hund richtig messen<\/h2>\n<p>Wenn du bei deinem Hund Fieber vermutest, musst du nicht direkt zum Tierarzt und kannst die Temperatur zun\u00e4chst allein messen.<\/p>\n<p>Bei Hunden ist eine zuverl\u00e4ssige Messung der K\u00f6rpertemperatur nur rektal m\u00f6glich. Verwende am besten ein <strong>digitales Fieberthermometer<\/strong> und fette die Spitze mit Vaseline ein. Zur Messung wird die Spitze des Thermometers f\u00fcr ein paar Zentimeter rektal eingef\u00fchrt und du kannst die Temperatur ablesen. Sollte die K\u00f6rpertemperatur \u00fcber 39 Grad liegen, such deinen Tierarzt auf.<\/p>\n<h2>Wie kann man beim Hund Fieber messen ohne Thermometer?<\/h2>\n<p>Wenn du kein Thermometer zur Hand hast, gibt es dennoch M\u00f6glichkeiten, um einen ersten Eindruck zu bekommen, ob dein Hund eventuell Fieber hat. Du kannst die K\u00f6rpertemperatur deines Hundes n\u00e4mlich ersp\u00fcren, indem du deine Hand auf eine Stelle seines K\u00f6rpers legst, die nicht stark behaart ist. F\u00fchle hierf\u00fcr seine Ohren, Pfoten, den Lendenbereich, Bauch, aber auch die Schnauze und die Achseln.<\/p>\n<p><img decoding=\"async\" src=\"\/magazin\/app\/uploads\/2021\/02\/7e576a34-b10a-46f8-86c0-dd93acaba568.jpg\" \/><\/p>\n<h2>Hunde mit Erk\u00e4ltung und Fieber<\/h2>\n<p>Wusstest du schon, dass Hunde auch eine Infektion der oberen Atemwege bekommen k\u00f6nnen? Dies entspricht einer <strong>Erk\u00e4ltung<\/strong> beim Menschen. Bei Hunden hingegen spricht man in der Regel von einem <strong>grippalen Infekt<\/strong>. H\u00e4ufige Symptome bei Hunden sind Schnupfen, Niesen oder Fieber, was wiederum verschiedene Ursachen haben kann.<\/p>\n<p>Hunde k\u00f6nnen sich \u00fcbrigens auch bei uns Menschen mit einer Erk\u00e4ltung anstecken.<\/p>\n<p>Da die Erk\u00e4ltungssymptome aber auch durch eine andere Hundekrankheit verursacht werden k\u00f6nnen, solltest du einen <strong>Tierarzt aufsuchen<\/strong>, um schwerere Folgen zu vermeiden.<\/p>\n<p>Bei Hunden tritt die Erk\u00e4ltung nicht direkt in Bezug auf die Jahreszeiten auf, sondern wird durch verschiedene Faktoren beg\u00fcnstigt. Unsere Vierbeiner k\u00f6nnen sich aber leicht bei anderen Hunden mit einer Erk\u00e4ltung anstecken, weswegen man Hundekontakt f\u00fcr die Zeit einer Erkrankung vermeiden sollte.<\/p>\n<h2>Woher kommt ein grippaler Infekt bei Hunden?<\/h2>\n<p>Die Ursache eines grippalen Infekts ist meist ein <strong>geschw\u00e4chtes Immunsystem<\/strong>. Vorsorge kann besonders bei nasskaltem Wetter im Herbst und Winter bereits ein Handtuch bieten: Trockne deinen Vierbeiner bei Regen und Schnee nach dem Spaziergang gr\u00fcndlich ab, damit er nicht friert oder unterk\u00fchlt. <a href=\"https:\/\/uelzener.de\/magazin\/hund\/tiergesundheit\/mit-hund-im-schnee\/\">Weitere Tipps f\u00fcr Hunde im Schnee findest du hier<\/a>. Durch ausreichend Bewegung, eine ausgewogene Ern\u00e4hrung sowie regelm\u00e4\u00dfiges <a href=\"https:\/\/uelzener.de\/magazin\/hund\/tiergesundheit\/impfungen-hund\/\" target=\"_blank\" rel=\"noopener\">Impfen<\/a> und Entwurmen (alternativ regelm\u00e4\u00dfige Wurmtests) st\u00e4rkst du das Immunsystem deines Vierbeiners.<\/p>\n<p><img decoding=\"async\" class=\"alignnone wp-image-16088 size-large\" src=\"https:\/\/uelzener.de\/magazin\/app\/uploads\/2023\/08\/hund2-1024x1024.jpg\" alt=\"Infografik: 5 Fakten zum Impfen von Hunden.\" width=\"1024\" height=\"1024\" srcset=\"https:\/\/uelzener.de\/magazin\/app\/uploads\/2023\/08\/hund2-1024x1024.jpg 1024w, https:\/\/uelzener.de\/magazin\/app\/uploads\/2023\/08\/hund2-300x300.jpg 300w, https:\/\/uelzener.de\/magazin\/app\/uploads\/2023\/08\/hund2-150x150.jpg 150w, https:\/\/uelzener.de\/magazin\/app\/uploads\/2023\/08\/hund2-768x768.jpg 768w, https:\/\/uelzener.de\/magazin\/app\/uploads\/2023\/08\/hund2-1026x1026.jpg 1026w, https:\/\/uelzener.de\/magazin\/app\/uploads\/2023\/08\/hund2-668x668.jpg 668w, https:\/\/uelzener.de\/magazin\/app\/uploads\/2023\/08\/hund2.jpg 1080w\" sizes=\"(max-width: 1024px) 100vw, 1024px\" \/><\/p>\n<h2>Symptome einer Erk\u00e4ltung beim Hund<\/h2>\n<p>Wenn dein Hund eine Erk\u00e4ltung hat, sind in der Regel folgende Symptome festzustellen. Allerdings kann dein Hund auch erk\u00e4ltet sein, wenn nur eins der Anzeichen auftritt.<\/p>\n<ul>\n<li>Abgeschlagenheit<\/li>\n<li>Fieber<\/li>\n<li>Husten<\/li>\n<li>Niesen<\/li>\n<li>Geschwollene Lymphknoten<\/li>\n<li>Nasenausfluss<\/li>\n<li>Augenausfluss<\/li>\n<li>Appetitlosigkeit<\/li>\n<\/ul>\n<h2>Fazit<\/h2>\n<p>Zeigt der Hund Symptome, solltest du deinen Tierarzt aufsuchen, um die Ursache des Infekts festzustellen. Unterschiedliche <strong>Viren oder Bakterien<\/strong> k\u00f6nnen bei Hunden f\u00fcr Schnupfen und Husten verantwortlich sein. Als Ursache f\u00fcr die Beschwerden kommen au\u00dfer einer Erk\u00e4ltung auch Allergien, Parasiten, <a href=\"https:\/\/uelzener.de\/magazin\/hund\/tiergesundheit\/milben-beim-hund\/\" target=\"_blank\" rel=\"noopener\">Milben<\/a>, Pilze oder Fremdk\u00f6rper infrage.<\/p>\n\n<div class=\"related_articles boxed\">\n    <h2>Mehr zum Thema<\/h2>\n    \n    <div class=\"wrapper\"><div class=\"title align-center\"><h3><a href=\"https:\/\/uelzener.de\/magazin\/hund\/tiergesundheit\/blasensteine-beim-hund\/\">Blasensteine beim Hund: Das steckt dahinter<\/a><\/h3><\/div><div class=\"img align-center\"><img decoding=\"async\" width=\"315\" height=\"180\" src=\"https:\/\/uelzener.de\/magazin\/app\/uploads\/2025\/04\/blasensteine-315x180.jpg\" class=\"attachment-315x180 size-315x180 wp-post-image\" alt=\"Blasensteine auf einem Tuch.\" \/><\/div><\/div><div class=\"wrapper\"><div class=\"title align-center\"><h3><a href=\"https:\/\/uelzener.de\/magazin\/hund\/tiergesundheit\/hundekrankheiten-unfaelle\/\">Hundekrankheiten und Unf\u00e4lle, die du unbedingt kennen musst<\/a><\/h3><\/div><div class=\"img align-center\"><img decoding=\"async\" width=\"315\" height=\"180\" src=\"https:\/\/uelzener.de\/magazin\/app\/uploads\/2023\/01\/haeufige-hundekrankheiten-unfaelle-315x180.jpg\" class=\"attachment-315x180 size-315x180 wp-post-image\" alt=\"Kranker Hund wird gestreichelt.\" \/><\/div><\/div><div class=\"wrapper\"><div class=\"title align-center\"><h3><a href=\"https:\/\/uelzener.de\/magazin\/hund\/tipps-fuer-den-alltag\/gassi-gehen\/\">Gassi gehen: H\u00e4ufigkeit, Dauer und was das Gesetz vorschreibt<\/a><\/h3><\/div><div class=\"img align-center\"><img decoding=\"async\" width=\"315\" height=\"180\" src=\"https:\/\/uelzener.de\/magazin\/app\/uploads\/2024\/01\/hund-gassi-gehen-315x180.jpg\" class=\"attachment-315x180 size-315x180 wp-post-image\" alt=\"Mehrere Hunde beim Gassigang\" \/><\/div><\/div><\/div>\n\n<h2>FAQ: H\u00e4ufig gestellte Fragen zu Erk\u00e4ltung und Fieber beim Hund<\/h2>\n<h3>Mein Hund ist erk\u00e4ltet und hat Fieber: Was tun?<\/h3>\n<p>Wenn du Erk\u00e4ltungssymptome oder Anzeichen von Fieber bei deinem Hund entdeckst, hilft ein Besuch beim Tierarzt, um die Ursache festzustellen. Dein Tierarzt kann so auch die richtige Behandlung anleiten. Frage deinen Tierarzt auch gern, mit welchen Hausmitteln du bei deinem Hund das Fieber senken kannst, wie zum Beispiel Wadenwickel zum K\u00fchlen oder unterst\u00fctzende hom\u00f6opathische Mittel. Wichtig ist in jedem Fall, dem erkrankten Hund viel Ruhe zu geben und darauf zu achten, dass er genug Wasser zu sich nimmt. Oft hilft auch Schonkost, um dem Hund schneller wieder auf die Beine zu verhelfen und das Fieber zu senken. Au\u00dferdem sollte die K\u00f6rpertemperatur des Hundes regelm\u00e4\u00dfig auf Fieber kontrolliert werden.<\/p>\n<p>Wenn dein Hund erk\u00e4ltet ist oder Fieber hat, sollten die Gassi-Runden etwas kleiner ausfallen, aber auf keinen Fall gestrichen werden. Dein Hund sollte trotz der Krankheit die M\u00f6glichkeit zum Erleichtern bekommen.<\/p>\n<h3>Einer Hunde-Erk\u00e4ltung vorbeugen<\/h3>\n<p>Ist das Immunsystem des Hundes grunds\u00e4tzlich stark, ist er in der Regel gut gegen Infektionen gesch\u00fctzt. Doch kann es durch verschiedene Ursachen vorkommen, dass das Immunsystem geschw\u00e4cht ist. In diesen F\u00e4llen k\u00f6nnen einige Vorkehrungen getroffen werden, damit sich dein Hund gar nicht erst erk\u00e4ltet oder Fieber bekommt.<\/p>\n<ul>\n<li>Regelm\u00e4\u00dfige Bewegung und frische Luft<\/li>\n<li>Stress vermeiden<\/li>\n<li>Vor Zugluft sch\u00fctzen<\/li>\n<li>Nassen Hund abtrocknen<\/li>\n<li>Bei Hunden mit wenig bis kaum Unterwolle auf einen <a href=\"https:\/\/uelzener.de\/magazin\/hund\/tipps-fuer-den-alltag\/hundemantel-winter\/\" target=\"_blank\" rel=\"noopener\">Hundemantel<\/a> zur\u00fcckgreifen<\/li>\n<li>Kontakt zu anderen Hunden vermeiden<\/li>\n<li>Genug Fl\u00fcssigkeit zur Verf\u00fcgung stellen<\/li>\n<li>Schneefressen vermeiden<\/li>\n<\/ul>\n<p>Falls dein Hund erkranken sollte, sch\u00fctzt dich unsere <strong>Hunde-OP- und Krankenversicherung<\/strong> vor unangenehmen Kosten, falls f\u00fcr deinen Vierbeiner ein Tierarztbesuch ansteht. Sichere deinen Hund jetzt bei uns ab und die finanziellen Sorgen geh\u00f6ren der Vergangenheit an.<\/p>\n\n<div class=\"banner\">\n    <a href=\"https:\/\/uelzener.de\/hund\/?agt=0000104925&sem=true&utm_medium=magazin&utm_source=wordpress&utm_campaign=hund&utm_content=banner\">\n        <img decoding=\"async\" width=\"300\" height=\"212\" src=\"https:\/\/uelzener.de\/magazin\/app\/uploads\/2023\/10\/Hunde-Versicherung.jpg\" class=\"attachment-medium size-medium\" alt=\"Banner Hunde-Versicherung\" \/>    <\/a>\n<\/div>\n\n","protected":false},"excerpt":{"rendered":"<p>F\u00fchlt sich der Hund warm an? Die Normaltemperatur beim Hund liegt zwischen 37,5 bis 39 Grad Celsius. Ab einer Temperatur von 39,5 Grad spricht man bei Hunden von Fieber. Steigt die K\u00f6rpertemperatur \u00fcber 41 Grad, kann es f\u00fcr den Hund lebensbedrohlich sein. Fieber signalisiert, dass sich das Immunsystem deines Hundes gegen Angreifer wehrt. Da langanhaltend [&hellip;]<\/p>\n","protected":false},"author":1,"featured_media":12830,"parent":11701,"menu_order":59,"comment_status":"closed","ping_status":"closed","template":"templates\/blog.php","meta":{"_acf_changed":false,"_crdt_document":"","footnotes":"","beyondwords_generate_audio":"0","beyondwords_project_id":"","beyondwords_content_id":"","beyondwords_preview_token":"","beyondwords_player_style":"","beyondwords_language_id":"","beyondwords_title_voice_id":"","beyondwords_body_voice_id":"","beyondwords_summary_voice_id":"","beyondwords_error_message":"","beyondwords_disabled":"","beyondwords_delete_content":"","beyondwords_podcast_id":"","beyondwords_hash":"","publish_post_to_speechkit":"","speechkit_hash":"","speechkit_generate_audio":"","speechkit_project_id":"","speechkit_podcast_id":"","speechkit_error_message":"","speechkit_disabled":"","speechkit_access_key":"","speechkit_error":"","speechkit_info":"","speechkit_response":"","speechkit_retries":"","speechkit_status":"","speechkit_updated_at":"","_speechkit_link":"","_speechkit_text":""},"class_list":["post-10101","page","type-page","status-publish","has-post-thumbnail","hentry"],"acf":[],"yoast_head":"<!-- This site is optimized with the Yoast SEO Premium plugin  - https:\/\/yoast.com\/product\/yoast-seo-premium-wordpress\/ -->\n<title>Erk\u00e4ltung und Fieber beim Hund | Uelzener<\/title>\n<meta name=\"description\" content=\"So erkennst Du bei Deinem Hund eine Erk\u00e4ltung \u2713 Ursachen \u2713 Symptome \u2713 Fieber messen \u2713 Vorbeugung \u25b6 Hier informieren!\" \/>\n<meta name=\"robots\" content=\"index, follow, max-snippet:-1, max-image-preview:large, max-video-preview:-1\" \/>\n<link rel=\"canonical\" href=\"https:\/\/uelzener.de\/magazin\/hund\/tiergesundheit\/fieber-und-erkaeltung-hund\/\" \/>\n<meta property=\"og:locale\" content=\"de_DE\" \/>\n<meta property=\"og:type\" content=\"article\" \/>\n<meta property=\"og:title\" content=\"Fieber und Erk\u00e4ltung beim Hund: Symptome richtig erkennen\" \/>\n<meta property=\"og:description\" content=\"So erkennst Du bei Deinem Hund eine Erk\u00e4ltung \u2713 Ursachen \u2713 Symptome \u2713 Fieber messen \u2713 Vorbeugung \u25b6 Hier informieren!\" \/>\n<meta property=\"og:url\" content=\"https:\/\/uelzener.de\/magazin\/hund\/tiergesundheit\/fieber-und-erkaeltung-hund\/\" \/>\n<meta property=\"og:site_name\" content=\"Uelzener Tier-Magazin\" \/>\n<meta property=\"article:publisher\" content=\"https:\/\/www.facebook.com\/Uelzener\" \/>\n<meta property=\"article:modified_time\" content=\"2025-08-05T11:12:29+00:00\" \/>\n<meta property=\"og:image\" content=\"https:\/\/uelzener.de\/magazin\/app\/uploads\/2021\/10\/Erkaeltung-und-Fieber-beim-Hund.jpg\" \/>\n\t<meta property=\"og:image:width\" content=\"1024\" \/>\n\t<meta property=\"og:image:height\" content=\"450\" \/>\n\t<meta property=\"og:image:type\" content=\"image\/jpeg\" \/>\n<meta name=\"twitter:card\" content=\"summary_large_image\" \/>\n<meta name=\"twitter:label1\" content=\"Gesch\u00e4tzte Lesezeit\" \/>\n\t<meta name=\"twitter:data1\" content=\"6\u00a0Minuten\" \/>\n<script type=\"application\/ld+json\" class=\"yoast-schema-graph\">{\"@context\":\"https:\/\/schema.org\",\"@graph\":[{\"@type\":\"WebPage\",\"@id\":\"https:\/\/uelzener.de\/magazin\/hund\/tiergesundheit\/fieber-und-erkaeltung-hund\/\",\"url\":\"https:\/\/uelzener.de\/magazin\/hund\/tiergesundheit\/fieber-und-erkaeltung-hund\/\",\"name\":\"Erk\u00e4ltung und Fieber beim Hund | Uelzener\",\"isPartOf\":{\"@id\":\"https:\/\/uelzener.de\/magazin\/#website\"},\"primaryImageOfPage\":{\"@id\":\"https:\/\/uelzener.de\/magazin\/hund\/tiergesundheit\/fieber-und-erkaeltung-hund\/#primaryimage\"},\"image\":{\"@id\":\"https:\/\/uelzener.de\/magazin\/hund\/tiergesundheit\/fieber-und-erkaeltung-hund\/#primaryimage\"},\"thumbnailUrl\":\"https:\/\/uelzener.de\/magazin\/app\/uploads\/2021\/10\/Erkaeltung-und-Fieber-beim-Hund.jpg\",\"datePublished\":\"2024-02-09T11:00:00+00:00\",\"dateModified\":\"2025-08-05T11:12:29+00:00\",\"description\":\"So erkennst Du bei Deinem Hund eine Erk\u00e4ltung \u2713 Ursachen \u2713 Symptome \u2713 Fieber messen \u2713 Vorbeugung \u25b6 Hier informieren!\",\"breadcrumb\":{\"@id\":\"https:\/\/uelzener.de\/magazin\/hund\/tiergesundheit\/fieber-und-erkaeltung-hund\/#breadcrumb\"},\"inLanguage\":\"de\",\"potentialAction\":[{\"@type\":\"ReadAction\",\"target\":[\"https:\/\/uelzener.de\/magazin\/hund\/tiergesundheit\/fieber-und-erkaeltung-hund\/\"]}]},{\"@type\":\"ImageObject\",\"inLanguage\":\"de\",\"@id\":\"https:\/\/uelzener.de\/magazin\/hund\/tiergesundheit\/fieber-und-erkaeltung-hund\/#primaryimage\",\"url\":\"https:\/\/uelzener.de\/magazin\/app\/uploads\/2021\/10\/Erkaeltung-und-Fieber-beim-Hund.jpg\",\"contentUrl\":\"https:\/\/uelzener.de\/magazin\/app\/uploads\/2021\/10\/Erkaeltung-und-Fieber-beim-Hund.jpg\",\"width\":1024,\"height\":450,\"caption\":\"Fieber und Erk\u00e4ltung haben den kleinen Hund geschafft, er liegt kaputt auf der Seite.\"},{\"@type\":\"WebSite\",\"@id\":\"https:\/\/uelzener.de\/magazin\/#website\",\"url\":\"https:\/\/uelzener.de\/magazin\/\",\"name\":\"Uelzener Tiermagazin\",\"description\":\"Online Tierratgeber der Uelzener Versicherungen\",\"publisher\":{\"@id\":\"https:\/\/uelzener.de\/magazin\/#organization\"},\"potentialAction\":[{\"@type\":\"SearchAction\",\"target\":{\"@type\":\"EntryPoint\",\"urlTemplate\":\"https:\/\/uelzener.de\/magazin\/?s={search_term_string}\"},\"query-input\":{\"@type\":\"PropertyValueSpecification\",\"valueRequired\":true,\"valueName\":\"search_term_string\"}}],\"inLanguage\":\"de\"},{\"@type\":\"Organization\",\"@id\":\"https:\/\/uelzener.de\/magazin\/#organization\",\"name\":\"Uelzener Versicherungen\",\"url\":\"https:\/\/uelzener.de\/magazin\/\",\"logo\":{\"@type\":\"ImageObject\",\"inLanguage\":\"de\",\"@id\":\"https:\/\/uelzener.de\/magazin\/#\/schema\/logo\/image\/\",\"url\":\"https:\/\/uelzener.de\/magazin\/app\/uploads\/2024\/11\/uelzener_allgemeine_versicherungsgesellschaft_a_g_logo.jpg\",\"contentUrl\":\"https:\/\/uelzener.de\/magazin\/app\/uploads\/2024\/11\/uelzener_allgemeine_versicherungsgesellschaft_a_g_logo.jpg\",\"width\":200,\"height\":200,\"caption\":\"Uelzener Versicherungen\"},\"image\":{\"@id\":\"https:\/\/uelzener.de\/magazin\/#\/schema\/logo\/image\/\"},\"sameAs\":[\"https:\/\/www.facebook.com\/Uelzener\",\"https:\/\/instagram.com\/uelzener\",\"https:\/\/www.xing.com\/pages\/uelzenerallgemeineversicherungs-gesellschafta-g\",\"https:\/\/www.youtube.com\/UelzenerVersicherungen\"]}]}<\/script>\n<!-- \/ Yoast SEO Premium plugin. -->","yoast_head_json":{"title":"Erk\u00e4ltung und Fieber beim Hund | Uelzener","description":"So erkennst Du bei Deinem Hund eine Erk\u00e4ltung \u2713 Ursachen \u2713 Symptome \u2713 Fieber messen \u2713 Vorbeugung \u25b6 Hier informieren!","robots":{"index":"index","follow":"follow","max-snippet":"max-snippet:-1","max-image-preview":"max-image-preview:large","max-video-preview":"max-video-preview:-1"},"canonical":"https:\/\/uelzener.de\/magazin\/hund\/tiergesundheit\/fieber-und-erkaeltung-hund\/","og_locale":"de_DE","og_type":"article","og_title":"Fieber und Erk\u00e4ltung beim Hund: Symptome richtig erkennen","og_description":"So erkennst Du bei Deinem Hund eine Erk\u00e4ltung \u2713 Ursachen \u2713 Symptome \u2713 Fieber messen \u2713 Vorbeugung \u25b6 Hier informieren!","og_url":"https:\/\/uelzener.de\/magazin\/hund\/tiergesundheit\/fieber-und-erkaeltung-hund\/","og_site_name":"Uelzener Tier-Magazin","article_publisher":"https:\/\/www.facebook.com\/Uelzener","article_modified_time":"2025-08-05T11:12:29+00:00","og_image":[{"width":1024,"height":450,"url":"https:\/\/uelzener.de\/magazin\/app\/uploads\/2021\/10\/Erkaeltung-und-Fieber-beim-Hund.jpg","type":"image\/jpeg"}],"twitter_card":"summary_large_image","twitter_misc":{"Gesch\u00e4tzte Lesezeit":"6\u00a0Minuten"},"schema":{"@context":"https:\/\/schema.org","@graph":[{"@type":"WebPage","@id":"https:\/\/uelzener.de\/magazin\/hund\/tiergesundheit\/fieber-und-erkaeltung-hund\/","url":"https:\/\/uelzener.de\/magazin\/hund\/tiergesundheit\/fieber-und-erkaeltung-hund\/","name":"Erk\u00e4ltung und Fieber beim Hund | Uelzener","isPartOf":{"@id":"https:\/\/uelzener.de\/magazin\/#website"},"primaryImageOfPage":{"@id":"https:\/\/uelzener.de\/magazin\/hund\/tiergesundheit\/fieber-und-erkaeltung-hund\/#primaryimage"},"image":{"@id":"https:\/\/uelzener.de\/magazin\/hund\/tiergesundheit\/fieber-und-erkaeltung-hund\/#primaryimage"},"thumbnailUrl":"https:\/\/uelzener.de\/magazin\/app\/uploads\/2021\/10\/Erkaeltung-und-Fieber-beim-Hund.jpg","datePublished":"2024-02-09T11:00:00+00:00","dateModified":"2025-08-05T11:12:29+00:00","description":"So erkennst Du bei Deinem Hund eine Erk\u00e4ltung \u2713 Ursachen \u2713 Symptome \u2713 Fieber messen \u2713 Vorbeugung \u25b6 Hier informieren!","breadcrumb":{"@id":"https:\/\/uelzener.de\/magazin\/hund\/tiergesundheit\/fieber-und-erkaeltung-hund\/#breadcrumb"},"inLanguage":"de","potentialAction":[{"@type":"ReadAction","target":["https:\/\/uelzener.de\/magazin\/hund\/tiergesundheit\/fieber-und-erkaeltung-hund\/"]}]},{"@type":"ImageObject","inLanguage":"de","@id":"https:\/\/uelzener.de\/magazin\/hund\/tiergesundheit\/fieber-und-erkaeltung-hund\/#primaryimage","url":"https:\/\/uelzener.de\/magazin\/app\/uploads\/2021\/10\/Erkaeltung-und-Fieber-beim-Hund.jpg","contentUrl":"https:\/\/uelzener.de\/magazin\/app\/uploads\/2021\/10\/Erkaeltung-und-Fieber-beim-Hund.jpg","width":1024,"height":450,"caption":"Fieber und Erk\u00e4ltung haben den kleinen Hund geschafft, er liegt kaputt auf der Seite."},{"@type":"WebSite","@id":"https:\/\/uelzener.de\/magazin\/#website","url":"https:\/\/uelzener.de\/magazin\/","name":"Uelzener Tiermagazin","description":"Online Tierratgeber der Uelzener Versicherungen","publisher":{"@id":"https:\/\/uelzener.de\/magazin\/#organization"},"potentialAction":[{"@type":"SearchAction","target":{"@type":"EntryPoint","urlTemplate":"https:\/\/uelzener.de\/magazin\/?s={search_term_string}"},"query-input":{"@type":"PropertyValueSpecification","valueRequired":true,"valueName":"search_term_string"}}],"inLanguage":"de"},{"@type":"Organization","@id":"https:\/\/uelzener.de\/magazin\/#organization","name":"Uelzener Versicherungen","url":"https:\/\/uelzener.de\/magazin\/","logo":{"@type":"ImageObject","inLanguage":"de","@id":"https:\/\/uelzener.de\/magazin\/#\/schema\/logo\/image\/","url":"https:\/\/uelzener.de\/magazin\/app\/uploads\/2024\/11\/uelzener_allgemeine_versicherungsgesellschaft_a_g_logo.jpg","contentUrl":"https:\/\/uelzener.de\/magazin\/app\/uploads\/2024\/11\/uelzener_allgemeine_versicherungsgesellschaft_a_g_logo.jpg","width":200,"height":200,"caption":"Uelzener Versicherungen"},"image":{"@id":"https:\/\/uelzener.de\/magazin\/#\/schema\/logo\/image\/"},"sameAs":["https:\/\/www.facebook.com\/Uelzener","https:\/\/instagram.com\/uelzener","https:\/\/www.xing.com\/pages\/uelzenerallgemeineversicherungs-gesellschafta-g","https:\/\/www.youtube.com\/UelzenerVersicherungen"]}]}},"_links":{"self":[{"href":"https:\/\/uelzener.de\/magazin\/wp-json\/wp\/v2\/pages\/10101","targetHints":{"allow":["GET"]}}],"collection":[{"href":"https:\/\/uelzener.de\/magazin\/wp-json\/wp\/v2\/pages"}],"about":[{"href":"https:\/\/uelzener.de\/magazin\/wp-json\/wp\/v2\/types\/page"}],"author":[{"embeddable":true,"href":"https:\/\/uelzener.de\/magazin\/wp-json\/wp\/v2\/users\/1"}],"replies":[{"embeddable":true,"href":"https:\/\/uelzener.de\/magazin\/wp-json\/wp\/v2\/comments?post=10101"}],"version-history":[{"count":19,"href":"https:\/\/uelzener.de\/magazin\/wp-json\/wp\/v2\/pages\/10101\/revisions"}],"predecessor-version":[{"id":18794,"href":"https:\/\/uelzener.de\/magazin\/wp-json\/wp\/v2\/pages\/10101\/revisions\/18794"}],"up":[{"embeddable":true,"href":"https:\/\/uelzener.de\/magazin\/wp-json\/wp\/v2\/pages\/11701"}],"wp:featuredmedia":[{"embeddable":true,"href":"https:\/\/uelzener.de\/magazin\/wp-json\/wp\/v2\/media\/12830"}],"wp:attachment":[{"href":"https:\/\/uelzener.de\/magazin\/wp-json\/wp\/v2\/media?parent=10101"}],"curies":[{"name":"wp","href":"https:\/\/api.w.org\/{rel}","templated":true}]}}