{"id":10100,"date":"2022-12-29T12:00:00","date_gmt":"2022-12-29T11:00:00","guid":{"rendered":""},"modified":"2025-11-13T10:39:37","modified_gmt":"2025-11-13T09:39:37","slug":"mundgeruch-pferd","status":"publish","type":"page","link":"https:\/\/uelzener.de\/magazin\/pferd\/tiergesundheit\/mundgeruch-pferd\/","title":{"rendered":"Mundgeruch beim Pferd: Das sind die Ursachen"},"content":{"rendered":"<p>Pferde haben im Vergleich zu Hunde oder Katzen noch den frischesten Geruch, auch wenn es nicht der nach Lavendel ist. Bei fleischfressenden Tieren ist ein leicht strenger Geruch normal. Wenn der Geruch allerdings deutlich schlechter oder strenger wird bei Pflanzenfressern, kann er auf eine Erkrankung hinweisen. Aber auch das gerade Gefressene kann die Ursache sein: Kr\u00e4uterm\u00fcsli, Heu oder vielleicht doch eher die Knoblauchsrauke vom Wiesenrand?<\/p>\n<h2>Mundgeruch durch Zahnprobleme<\/h2>\n<p>Ein schlechter Mundgeruch kann auf Zahnprobleme hinweisen. Futterreste setzen sich in Zahnzwischenr\u00e4umen und Einbuchtungen leicht ab und gammeln vor sich hin, wenn Zahnhaken durch die Mahl- und Kaubewegungen entstehen. Abgebrochene Z\u00e4hne bei alten Pferden sind durchaus typisch, aber auch Zahnfleischentz\u00fcndungen, meist begleitet von typischen Symptomen wie Heur\u00f6llchen, Fressunlust bis hin zu Stellungsproblemen beim Reiten. Ein j\u00e4hrliches Check-up durch die Zahn\u00e4rztin ist daher zu empfehlen.<\/p>\n<p>Tipp: Gen\u00fcgend Raufutter anzubieten ist eine einfache L\u00f6sung gegen Zahnprobleme und schlie\u00dflich Mundgeruch bei Pferden.<\/p>\n<h2>Magenprobleme und Darmverschluss verursachen Mundgeruch<\/h2>\n<p>Als weitere Ursache k\u00f6nnen zum Beispiel auch Magengeschw\u00fcre infrage kommen. Deshalb sollte anhaltender Mundgeruch beim Pferd auch immer \u00e4rztlich abgekl\u00e4rt werden.<\/p>\n<p>Ein saurer Atem deutet manchmal auf einen Darmverschluss oder <a href=\"https:\/\/uelzener.de\/magazin\/pferd\/tiergesundheit\/kolik-beim-pferd\/\">Kolik<\/a> hin. Der Grund: Die Futterreste, die normalerweise ausgeschieden werden, sammeln sich im Darm \u2013 und der Geruch kommt dann auch aus dem Mund heraus. Kommen weitere Symptome wie Flehmen, h\u00e4ufiges zum Bauch Gucken, in den Bauch Bei\u00dfen oder W\u00e4lzen beziehungsweise Hinlegen dazu, solltest Du sofort den Tierarzt rufen.<\/p>\n<p>Da es leider immer mal zu Krankheiten oder Verletzungen des Pferdes kommen kann, ist es ratsam eine gute Pferde-Krankenversicherung und eine Pferde-OP-Versicherung abzuschlie\u00dfen, um sich vor den m\u00f6glichen hohen Kosten beim Tierarzt zu sch\u00fctzen.<\/p>\n\n<div class=\"banner\">\n    <a href=\"https:\/\/uelzener.de\/pferd\/herden-versicherung\/?agt=0000104925&sem=true&utm_medium=magazin&utm_source=wordpress&utm_campaign=pferd_kv&utm_content=banner    \">\n        <img decoding=\"async\" width=\"300\" height=\"212\" src=\"https:\/\/uelzener.de\/magazin\/app\/uploads\/2025\/01\/Pferde-Kranken-Versicherung.jpg\" class=\"attachment-medium size-medium\" alt=\"Banner Pferde-Kranken-Versicherung\" \/>    <\/a>\n<\/div>\n\n\n<div class=\"banner\">\n    <a href=\"https:\/\/uelzener.de\/pferd\/pferde-op-versicherung\/?agt=0000104925&sem=true&utm_medium=magazin&utm_source=wordpress&utm_campaign=pferd_op&utm_content=banner\">\n        <img decoding=\"async\" width=\"300\" height=\"212\" src=\"https:\/\/uelzener.de\/magazin\/app\/uploads\/2025\/01\/Pferde-OP-Versicherung.jpg\" class=\"attachment-medium size-medium\" alt=\"Banner Pferde-OP-Versicherung\" \/>    <\/a>\n<\/div>\n\n<h2>Atemwegsinfektionen<\/h2>\n<p>Eine Erk\u00e4ltung ist ein\u00a0Infekt der Atemwege. Ursache sind meist Viren, die durch Nase und Maul in die Schleimh\u00e4ute gelangen. Bei Pferden und Menschen ist der Prozess der Ansteckung der Gleiche.<\/p>\n<p>Durch das geschw\u00e4chte Immunsystem haben Viren und Bakterien ein leichtes Spiel \u2013 auch im Rachenraum des Pferdes. Deshalb sollten Pferdebesitzer bei den Anzeichen einer <a href=\"https:\/\/uelzener.de\/magazin\/pferd\/tiergesundheit\/fieber-und-erkaeltung-pferd\/\">Erk\u00e4ltung<\/a> oder <a href=\"https:\/\/uelzener.de\/magazin\/pferd\/tiergesundheit\/daempfigkeit-atemwegserkrankungen-beim-pferd\/\">D\u00e4mpfigkeit<\/a> den Tierarzt rufen. Nur ein Experte kann die richtige Behandlung bei einer Erk\u00e4ltung bestimmt und gezielt behandeln.<\/p>\n<h2>Nierenversagen<\/h2>\n<p>Toxine, welche normalerweise im Urin ausgeschieden werden, sammeln sich im Pferdek\u00f6rper an und es kommt zu einem unangenehmen Geruch aus dem Maul des Pferdes. Werden begleitende Symptome wie kaum noch oder vermehrt Urin sowie Schlappheit, Appetitlosigkeit und ein mattes Fell beobachtet, so gilt es sofort eine Fach\u00e4rztin zu informieren.<\/p>\n\n<div class=\"related_articles boxed\">\n    <h2>Mehr zum Thema<\/h2>\n    \n    <div class=\"wrapper\"><div class=\"title align-center\"><h3><a href=\"https:\/\/uelzener.de\/magazin\/pferd\/haeufige-fragen\/haben-pferde-nieren\/\">Haben Pferde Nieren?<\/a><\/h3><\/div><div class=\"img align-center\"><img decoding=\"async\" width=\"315\" height=\"180\" src=\"https:\/\/uelzener.de\/magazin\/app\/uploads\/2024\/04\/haben-pferde-nieren-315x180.png\" class=\"attachment-315x180 size-315x180 wp-post-image\" alt=\"Schaubild eines Pferdes mit Fokus auf die Nieren.\" \/><\/div><\/div><div class=\"wrapper\"><div class=\"title align-center\"><h3><a href=\"https:\/\/uelzener.de\/magazin\/pferd\/tiergesundheit\/blasenentzuendung-pferd\/\">Blasenentz\u00fcndung beim Pferd: Ursachen, Symptome und Behandlung<\/a><\/h3><\/div><div class=\"img align-center\"><img decoding=\"async\" width=\"315\" height=\"180\" src=\"https:\/\/uelzener.de\/magazin\/app\/uploads\/2023\/05\/blasenentzuendung-pferd-315x180.jpg\" class=\"attachment-315x180 size-315x180 wp-post-image\" alt=\"Stute hat Blasenentz\u00fcndung und pinkelt auf die Wiese.\" \/><\/div><\/div><\/div>\n\n<h2>Fazit<\/h2>\n<p>Ein auff\u00e4lliger Geruch aus dem Pferdemaul kann auf das zur\u00fcckf\u00fchren, was ein <a href=\"https:\/\/uelzener.de\/magazin\/pferd\/ernaehrung\/was-fressen-pferde\/\">Pferd frisst<\/a>, oder auch ein erster Hinweis auf Krankheitssymptome sein. Bei Unsicherheiten ist daher eine fach\u00e4rztliche Beratung unumg\u00e4nglich.<\/p>\n","protected":false},"excerpt":{"rendered":"<p>Pferde haben im Vergleich zu Hunde oder Katzen noch den frischesten Geruch, auch wenn es nicht der nach Lavendel ist. Bei fleischfressenden Tieren ist ein leicht strenger Geruch normal. Wenn der Geruch allerdings deutlich schlechter oder strenger wird bei Pflanzenfressern, kann er auf eine Erkrankung hinweisen. Aber auch das gerade Gefressene kann die Ursache sein: [&hellip;]<\/p>\n","protected":false},"author":11,"featured_media":14642,"parent":11706,"menu_order":66,"comment_status":"open","ping_status":"open","template":"templates\/blog.php","meta":{"_acf_changed":false,"_crdt_document":"","footnotes":"","beyondwords_generate_audio":"0","beyondwords_project_id":"","beyondwords_content_id":"","beyondwords_preview_token":"","beyondwords_player_style":"","beyondwords_language_id":"","beyondwords_title_voice_id":"","beyondwords_body_voice_id":"","beyondwords_summary_voice_id":"","beyondwords_error_message":"","beyondwords_disabled":"","beyondwords_delete_content":"","beyondwords_podcast_id":"","beyondwords_hash":"","publish_post_to_speechkit":"","speechkit_hash":"","speechkit_generate_audio":"","speechkit_project_id":"","speechkit_podcast_id":"","speechkit_error_message":"","speechkit_disabled":"","speechkit_access_key":"","speechkit_error":"","speechkit_info":"","speechkit_response":"","speechkit_retries":"","speechkit_status":"","speechkit_updated_at":"","_speechkit_link":"","_speechkit_text":""},"class_list":["post-10100","page","type-page","status-publish","has-post-thumbnail","hentry"],"acf":[],"yoast_head":"<!-- This site is optimized with the Yoast SEO Premium plugin  - https:\/\/yoast.com\/product\/yoast-seo-premium-wordpress\/ -->\n<title>Mundgeruch beim Pferd: Ursachen &amp; Behandlung | Uelzener Tier-Magazin<\/title>\n<meta name=\"description\" content=\"Erfahre alles zu den Ursachen und Behandlungsm\u00f6glichkeiten von Mundgeruch beim Pferd \u25b6 Hier informieren!\" \/>\n<meta name=\"robots\" content=\"index, follow, max-snippet:-1, max-image-preview:large, max-video-preview:-1\" \/>\n<link rel=\"canonical\" href=\"https:\/\/uelzener.de\/magazin\/pferd\/tiergesundheit\/mundgeruch-pferd\/\" \/>\n<meta property=\"og:locale\" content=\"de_DE\" \/>\n<meta property=\"og:type\" content=\"article\" \/>\n<meta property=\"og:title\" content=\"Mundgeruch beim Pferd: Das sind die Ursachen\" \/>\n<meta property=\"og:description\" content=\"Erfahre alles zu den Ursachen und Behandlungsm\u00f6glichkeiten von Mundgeruch beim Pferd \u25b6 Hier informieren!\" \/>\n<meta property=\"og:url\" content=\"https:\/\/uelzener.de\/magazin\/pferd\/tiergesundheit\/mundgeruch-pferd\/\" \/>\n<meta property=\"og:site_name\" content=\"Uelzener Tier-Magazin\" \/>\n<meta property=\"article:publisher\" content=\"https:\/\/www.facebook.com\/Uelzener\" \/>\n<meta property=\"article:modified_time\" content=\"2025-11-13T09:39:37+00:00\" \/>\n<meta property=\"og:image\" content=\"https:\/\/uelzener.de\/magazin\/app\/uploads\/2022\/12\/mundgeruch-pferd.jpg\" \/>\n\t<meta property=\"og:image:width\" content=\"1025\" \/>\n\t<meta property=\"og:image:height\" content=\"450\" \/>\n\t<meta property=\"og:image:type\" content=\"image\/jpeg\" \/>\n<meta name=\"twitter:card\" content=\"summary_large_image\" \/>\n<meta name=\"twitter:label1\" content=\"Gesch\u00e4tzte Lesezeit\" \/>\n\t<meta name=\"twitter:data1\" content=\"3\u00a0Minuten\" \/>\n<script type=\"application\/ld+json\" class=\"yoast-schema-graph\">{\"@context\":\"https:\/\/schema.org\",\"@graph\":[{\"@type\":\"WebPage\",\"@id\":\"https:\/\/uelzener.de\/magazin\/pferd\/tiergesundheit\/mundgeruch-pferd\/\",\"url\":\"https:\/\/uelzener.de\/magazin\/pferd\/tiergesundheit\/mundgeruch-pferd\/\",\"name\":\"Mundgeruch beim Pferd: Ursachen & Behandlung | Uelzener Tier-Magazin\",\"isPartOf\":{\"@id\":\"https:\/\/uelzener.de\/magazin\/#website\"},\"primaryImageOfPage\":{\"@id\":\"https:\/\/uelzener.de\/magazin\/pferd\/tiergesundheit\/mundgeruch-pferd\/#primaryimage\"},\"image\":{\"@id\":\"https:\/\/uelzener.de\/magazin\/pferd\/tiergesundheit\/mundgeruch-pferd\/#primaryimage\"},\"thumbnailUrl\":\"https:\/\/uelzener.de\/magazin\/app\/uploads\/2022\/12\/mundgeruch-pferd.jpg\",\"datePublished\":\"2022-12-29T11:00:00+00:00\",\"dateModified\":\"2025-11-13T09:39:37+00:00\",\"description\":\"Erfahre alles zu den Ursachen und Behandlungsm\u00f6glichkeiten von Mundgeruch beim Pferd \u25b6 Hier informieren!\",\"breadcrumb\":{\"@id\":\"https:\/\/uelzener.de\/magazin\/pferd\/tiergesundheit\/mundgeruch-pferd\/#breadcrumb\"},\"inLanguage\":\"de\",\"potentialAction\":[{\"@type\":\"ReadAction\",\"target\":[\"https:\/\/uelzener.de\/magazin\/pferd\/tiergesundheit\/mundgeruch-pferd\/\"]}]},{\"@type\":\"ImageObject\",\"inLanguage\":\"de\",\"@id\":\"https:\/\/uelzener.de\/magazin\/pferd\/tiergesundheit\/mundgeruch-pferd\/#primaryimage\",\"url\":\"https:\/\/uelzener.de\/magazin\/app\/uploads\/2022\/12\/mundgeruch-pferd.jpg\",\"contentUrl\":\"https:\/\/uelzener.de\/magazin\/app\/uploads\/2022\/12\/mundgeruch-pferd.jpg\",\"width\":1025,\"height\":450,\"caption\":\"Pferd atmet neblig aus. Hat es Mundgeruch?\"},{\"@type\":\"WebSite\",\"@id\":\"https:\/\/uelzener.de\/magazin\/#website\",\"url\":\"https:\/\/uelzener.de\/magazin\/\",\"name\":\"Uelzener Tiermagazin\",\"description\":\"Online Tierratgeber der Uelzener Versicherungen\",\"publisher\":{\"@id\":\"https:\/\/uelzener.de\/magazin\/#organization\"},\"potentialAction\":[{\"@type\":\"SearchAction\",\"target\":{\"@type\":\"EntryPoint\",\"urlTemplate\":\"https:\/\/uelzener.de\/magazin\/?s={search_term_string}\"},\"query-input\":{\"@type\":\"PropertyValueSpecification\",\"valueRequired\":true,\"valueName\":\"search_term_string\"}}],\"inLanguage\":\"de\"},{\"@type\":\"Organization\",\"@id\":\"https:\/\/uelzener.de\/magazin\/#organization\",\"name\":\"Uelzener Versicherungen\",\"url\":\"https:\/\/uelzener.de\/magazin\/\",\"logo\":{\"@type\":\"ImageObject\",\"inLanguage\":\"de\",\"@id\":\"https:\/\/uelzener.de\/magazin\/#\/schema\/logo\/image\/\",\"url\":\"https:\/\/uelzener.de\/magazin\/app\/uploads\/2024\/11\/uelzener_allgemeine_versicherungsgesellschaft_a_g_logo.jpg\",\"contentUrl\":\"https:\/\/uelzener.de\/magazin\/app\/uploads\/2024\/11\/uelzener_allgemeine_versicherungsgesellschaft_a_g_logo.jpg\",\"width\":200,\"height\":200,\"caption\":\"Uelzener Versicherungen\"},\"image\":{\"@id\":\"https:\/\/uelzener.de\/magazin\/#\/schema\/logo\/image\/\"},\"sameAs\":[\"https:\/\/www.facebook.com\/Uelzener\",\"https:\/\/instagram.com\/uelzener\",\"https:\/\/www.xing.com\/pages\/uelzenerallgemeineversicherungs-gesellschafta-g\",\"https:\/\/www.youtube.com\/UelzenerVersicherungen\"]}]}<\/script>\n<!-- \/ Yoast SEO Premium plugin. -->","yoast_head_json":{"title":"Mundgeruch beim Pferd: Ursachen & Behandlung | Uelzener Tier-Magazin","description":"Erfahre alles zu den Ursachen und Behandlungsm\u00f6glichkeiten von Mundgeruch beim Pferd \u25b6 Hier informieren!","robots":{"index":"index","follow":"follow","max-snippet":"max-snippet:-1","max-image-preview":"max-image-preview:large","max-video-preview":"max-video-preview:-1"},"canonical":"https:\/\/uelzener.de\/magazin\/pferd\/tiergesundheit\/mundgeruch-pferd\/","og_locale":"de_DE","og_type":"article","og_title":"Mundgeruch beim Pferd: Das sind die Ursachen","og_description":"Erfahre alles zu den Ursachen und Behandlungsm\u00f6glichkeiten von Mundgeruch beim Pferd \u25b6 Hier informieren!","og_url":"https:\/\/uelzener.de\/magazin\/pferd\/tiergesundheit\/mundgeruch-pferd\/","og_site_name":"Uelzener Tier-Magazin","article_publisher":"https:\/\/www.facebook.com\/Uelzener","article_modified_time":"2025-11-13T09:39:37+00:00","og_image":[{"width":1025,"height":450,"url":"https:\/\/uelzener.de\/magazin\/app\/uploads\/2022\/12\/mundgeruch-pferd.jpg","type":"image\/jpeg"}],"twitter_card":"summary_large_image","twitter_misc":{"Gesch\u00e4tzte Lesezeit":"3\u00a0Minuten"},"schema":{"@context":"https:\/\/schema.org","@graph":[{"@type":"WebPage","@id":"https:\/\/uelzener.de\/magazin\/pferd\/tiergesundheit\/mundgeruch-pferd\/","url":"https:\/\/uelzener.de\/magazin\/pferd\/tiergesundheit\/mundgeruch-pferd\/","name":"Mundgeruch beim Pferd: Ursachen & Behandlung | Uelzener Tier-Magazin","isPartOf":{"@id":"https:\/\/uelzener.de\/magazin\/#website"},"primaryImageOfPage":{"@id":"https:\/\/uelzener.de\/magazin\/pferd\/tiergesundheit\/mundgeruch-pferd\/#primaryimage"},"image":{"@id":"https:\/\/uelzener.de\/magazin\/pferd\/tiergesundheit\/mundgeruch-pferd\/#primaryimage"},"thumbnailUrl":"https:\/\/uelzener.de\/magazin\/app\/uploads\/2022\/12\/mundgeruch-pferd.jpg","datePublished":"2022-12-29T11:00:00+00:00","dateModified":"2025-11-13T09:39:37+00:00","description":"Erfahre alles zu den Ursachen und Behandlungsm\u00f6glichkeiten von Mundgeruch beim Pferd \u25b6 Hier informieren!","breadcrumb":{"@id":"https:\/\/uelzener.de\/magazin\/pferd\/tiergesundheit\/mundgeruch-pferd\/#breadcrumb"},"inLanguage":"de","potentialAction":[{"@type":"ReadAction","target":["https:\/\/uelzener.de\/magazin\/pferd\/tiergesundheit\/mundgeruch-pferd\/"]}]},{"@type":"ImageObject","inLanguage":"de","@id":"https:\/\/uelzener.de\/magazin\/pferd\/tiergesundheit\/mundgeruch-pferd\/#primaryimage","url":"https:\/\/uelzener.de\/magazin\/app\/uploads\/2022\/12\/mundgeruch-pferd.jpg","contentUrl":"https:\/\/uelzener.de\/magazin\/app\/uploads\/2022\/12\/mundgeruch-pferd.jpg","width":1025,"height":450,"caption":"Pferd atmet neblig aus. Hat es Mundgeruch?"},{"@type":"WebSite","@id":"https:\/\/uelzener.de\/magazin\/#website","url":"https:\/\/uelzener.de\/magazin\/","name":"Uelzener Tiermagazin","description":"Online Tierratgeber der Uelzener Versicherungen","publisher":{"@id":"https:\/\/uelzener.de\/magazin\/#organization"},"potentialAction":[{"@type":"SearchAction","target":{"@type":"EntryPoint","urlTemplate":"https:\/\/uelzener.de\/magazin\/?s={search_term_string}"},"query-input":{"@type":"PropertyValueSpecification","valueRequired":true,"valueName":"search_term_string"}}],"inLanguage":"de"},{"@type":"Organization","@id":"https:\/\/uelzener.de\/magazin\/#organization","name":"Uelzener Versicherungen","url":"https:\/\/uelzener.de\/magazin\/","logo":{"@type":"ImageObject","inLanguage":"de","@id":"https:\/\/uelzener.de\/magazin\/#\/schema\/logo\/image\/","url":"https:\/\/uelzener.de\/magazin\/app\/uploads\/2024\/11\/uelzener_allgemeine_versicherungsgesellschaft_a_g_logo.jpg","contentUrl":"https:\/\/uelzener.de\/magazin\/app\/uploads\/2024\/11\/uelzener_allgemeine_versicherungsgesellschaft_a_g_logo.jpg","width":200,"height":200,"caption":"Uelzener Versicherungen"},"image":{"@id":"https:\/\/uelzener.de\/magazin\/#\/schema\/logo\/image\/"},"sameAs":["https:\/\/www.facebook.com\/Uelzener","https:\/\/instagram.com\/uelzener","https:\/\/www.xing.com\/pages\/uelzenerallgemeineversicherungs-gesellschafta-g","https:\/\/www.youtube.com\/UelzenerVersicherungen"]}]}},"_links":{"self":[{"href":"https:\/\/uelzener.de\/magazin\/wp-json\/wp\/v2\/pages\/10100","targetHints":{"allow":["GET"]}}],"collection":[{"href":"https:\/\/uelzener.de\/magazin\/wp-json\/wp\/v2\/pages"}],"about":[{"href":"https:\/\/uelzener.de\/magazin\/wp-json\/wp\/v2\/types\/page"}],"author":[{"embeddable":true,"href":"https:\/\/uelzener.de\/magazin\/wp-json\/wp\/v2\/users\/11"}],"replies":[{"embeddable":true,"href":"https:\/\/uelzener.de\/magazin\/wp-json\/wp\/v2\/comments?post=10100"}],"version-history":[{"count":21,"href":"https:\/\/uelzener.de\/magazin\/wp-json\/wp\/v2\/pages\/10100\/revisions"}],"predecessor-version":[{"id":19437,"href":"https:\/\/uelzener.de\/magazin\/wp-json\/wp\/v2\/pages\/10100\/revisions\/19437"}],"up":[{"embeddable":true,"href":"https:\/\/uelzener.de\/magazin\/wp-json\/wp\/v2\/pages\/11706"}],"wp:featuredmedia":[{"embeddable":true,"href":"https:\/\/uelzener.de\/magazin\/wp-json\/wp\/v2\/media\/14642"}],"wp:attachment":[{"href":"https:\/\/uelzener.de\/magazin\/wp-json\/wp\/v2\/media?parent=10100"}],"curies":[{"name":"wp","href":"https:\/\/api.w.org\/{rel}","templated":true}]}}