{"id":10099,"date":"2019-07-10T00:00:00","date_gmt":"2019-07-10T00:00:00","guid":{"rendered":""},"modified":"2023-10-25T11:15:39","modified_gmt":"2023-10-25T09:15:39","slug":"zahnpflege-hund-zaehne-putzen","status":"publish","type":"page","link":"https:\/\/uelzener.de\/magazin\/hund\/tiergesundheit\/zahnpflege-hund-zaehne-putzen\/","title":{"rendered":"Zahnpflege beim Hund: Z\u00e4hneputzen in 8 Schritten \u00fcben"},"content":{"rendered":"<p><strong>Auch Hunde k\u00f6nnen Zahnschmerzen haben: Die h\u00e4ufigste Ursache f\u00fcr Zahnschmerzen und Entz\u00fcndungen im Fang ist eine mangelhafte Zahnpflege. Mit unseren acht Tipps kannst du bei deinem vierbeinigen Familienmitglied spielerisch das Z\u00e4hneputzen etablieren.<\/strong><\/p>\n<p>T\u00e4gliches sorgf\u00e4ltiges Z\u00e4hneputzen sch\u00fctzt die Gesundheit der Z\u00e4hne, beugt <strong><a href=\"https:\/\/uelzener.de\/magazin\/hund\/tiergesundheit\/mundgeruch-hund\/\">Mundgeruch beim Hund<\/a><\/strong> vor und spart auf Dauer Geld &#8211; schlie\u00dflich m\u00fcssen Hunde mit gepflegten Z\u00e4hnen seltener in tierzahn\u00e4rztliche Behandlung. Verwende f\u00fcr die Zahnpflege beim Hund spezielle Zahnb\u00fcrsten aus dem Zoofachhandel, da Zahnb\u00fcrsten f\u00fcr den Menschen zu gro\u00df und zu hart f\u00fcr Hunde sind. Nutze keine Zahnpasta f\u00fcr Menschen, weil sie Hunden nicht schmeckt und zu viel Fluor enth\u00e4lt.<\/p>\n<h2>Zahnpflege lernen in 8 Schritten<\/h2>\n<p>Im Grunde kann man Hunde jedes Alters an das Z\u00e4hneputzen gew\u00f6hnen. Am einfachsten geht es jedoch beim Welpen, denn die wissbegierigen Junghunde lernen gern, wenn man spielerisch und mit Geduld stufenweise vorgeht. Beginne das Training f\u00fcr die n\u00e4chste Stufe immer erst dann, wenn sich dein Hund an die vorhergehende Prozedur gew\u00f6hnt hat und die Zuwendung entspannt genie\u00dft.<\/p>\n<p><img decoding=\"async\" class=\"alignnone\" title=\"zahnputzzeug-fuer-hund\" src=\"\/magazin\/app\/uploads\/2021\/02\/16158bfe-8e4c-447b-ae24-819d10e6ca64.jpg\" alt=\"Zahnb\u00fcrste und Fingeraufsatz f\u00fcr das Z\u00e4hneputzen beim Hund\" width=\"650\" height=\"433\" \/><\/p>\n<ol>\n<li>Nutze Kuschelstunden zum \u00dcben. Streichle beim entspannten Schmusen immer wieder \u00fcber den Fang und die Lippen deines Hundes. Wende dabei niemals Zwang oder Druck an. Dein Hund soll die Streicheleinheiten genie\u00dfen!<\/li>\n<li>Hebe ganz nebenbei immer wieder die Lefzen des Hundes an, wenn er beim Ber\u00fchren des Fangs ganz entspannt ist.<\/li>\n<li>Ist das Lefzenheben selbstverst\u00e4ndlich geworden, massiere ganz sanft, aber mit zunehmendem Druck sein Zahnfleisch mit dem Finger.<\/li>\n<li>Gib nun einen Klecks der Hundezahnpasta auf deinen Finger und lass ihn probieren. Wenn sie ihm nicht schmeckt, versuche es mit einem anderen Produkt.<\/li>\n<li>Massiere die Hundezahnpasta, die deinem Tier am besten schmeckt, mit dem Finger auf Z\u00e4hne und Zahnfleisch.<\/li>\n<li>Zeige dem Hund seine Zahnb\u00fcrste und lasse ihn daran schnuppern. Alternativ kannst du auch eine Fingerzahnb\u00fcrste verwenden.<\/li>\n<li>Gib etwas von der Lieblingszahnpasta auf die Zahnb\u00fcrste und lass den Hund daran lecken.<\/li>\n<li>Massiere Z\u00e4hne und Zahnfleisch des Hundes vorsichtig mit der Zahnb\u00fcrste.<\/li>\n<\/ol>\n<p>Wenn es trotz aller Geduld und M\u00fche mit der Zahnpflege nicht klappen will, kannst du auch mit zahnfreundlichen Leckerli, Kaustangen und Kauspielzeug eine gewisse Zahn- und Mundhygiene erreichen. Gib aber nicht zu schnell auf \u2013 es ist noch kein Hundezahnputzprofi vom Himmel gefallen.<\/p>\n<p>Unsere <strong>Hunde-OP- und Krankenversicherung<\/strong> sch\u00fctzt dich vor unangenehmen Kosten, falls f\u00fcr deinen Vierbeiner ein Tierarztbesuch ansteht. Sichere deinen Hund jetzt bei uns ab und finanzielle Sorgen geh\u00f6ren der Vergangenheit an.<\/p>\n\n<div class=\"banner\">\n    <a href=\"https:\/\/uelzener.de\/hund\/hunde-op-versicherung\/?agt=0000104925&sem=true&utm_medium=magazin&utm_source=wordpress&utm_campaign=hund_op&utm_content=banner\">\n        <img decoding=\"async\" width=\"300\" height=\"212\" src=\"https:\/\/uelzener.de\/magazin\/app\/uploads\/2025\/01\/Hunde-OP-Versicherung.jpg\" class=\"attachment-medium size-medium\" alt=\"Banner Hunde-OP-Versicherung\" \/>    <\/a>\n<\/div>\n\n\n<div class=\"banner\">\n    <a href=\"https:\/\/uelzener.de\/hund\/hunde-krankenversicherung\/?agt=0000104925&sem=true&utm_medium=magazin&utm_source=wordpress&utm_campaign=hund_kv&utm_content=banner\">\n        <img decoding=\"async\" width=\"300\" height=\"212\" src=\"https:\/\/uelzener.de\/magazin\/app\/uploads\/2025\/01\/Hunde-Kranken-Versicherung.jpg\" class=\"attachment-medium size-medium\" alt=\"Banner Hunde-Kranken-Versicherung\" \/>    <\/a>\n<\/div>\n\n","protected":false},"excerpt":{"rendered":"<p>Auch Hunde k\u00f6nnen Zahnschmerzen haben: Die h\u00e4ufigste Ursache f\u00fcr Zahnschmerzen und Entz\u00fcndungen im Fang ist eine mangelhafte Zahnpflege. Mit unseren acht Tipps kannst du bei deinem vierbeinigen Familienmitglied spielerisch das Z\u00e4hneputzen etablieren. T\u00e4gliches sorgf\u00e4ltiges Z\u00e4hneputzen sch\u00fctzt die Gesundheit der Z\u00e4hne, beugt Mundgeruch beim Hund vor und spart auf Dauer Geld &#8211; schlie\u00dflich m\u00fcssen Hunde mit [&hellip;]<\/p>\n","protected":false},"author":1,"featured_media":13794,"parent":11701,"menu_order":58,"comment_status":"open","ping_status":"open","template":"templates\/blog.php","meta":{"_acf_changed":false,"_crdt_document":"","footnotes":"","beyondwords_generate_audio":"0","beyondwords_project_id":"","beyondwords_content_id":"","beyondwords_preview_token":"","beyondwords_player_style":"","beyondwords_language_id":"","beyondwords_title_voice_id":"","beyondwords_body_voice_id":"","beyondwords_summary_voice_id":"","beyondwords_error_message":"","beyondwords_disabled":"","beyondwords_delete_content":"","beyondwords_podcast_id":"","beyondwords_hash":"","publish_post_to_speechkit":"","speechkit_hash":"","speechkit_generate_audio":"","speechkit_project_id":"","speechkit_podcast_id":"","speechkit_error_message":"","speechkit_disabled":"","speechkit_access_key":"","speechkit_error":"","speechkit_info":"","speechkit_response":"","speechkit_retries":"","speechkit_status":"","speechkit_updated_at":"","_speechkit_link":"","_speechkit_text":""},"class_list":["post-10099","page","type-page","status-publish","has-post-thumbnail","hentry"],"acf":[],"yoast_head":"<!-- This site is optimized with the Yoast SEO Premium plugin  - https:\/\/yoast.com\/product\/yoast-seo-premium-wordpress\/ -->\n<title>Zahnpflege beim Hund: Z\u00e4hneputzen in 8 Schritten \u00fcben \u2013 Uelzener<\/title>\n<meta name=\"description\" content=\"So \u00fcbst du das Z\u00e4hneputzen mit deinem Hund \u25b6 Erfahre hier alles zur wirksamen Zahnpflege mit Zahnputzger\u00e4ten.\" \/>\n<meta name=\"robots\" content=\"index, follow, max-snippet:-1, max-image-preview:large, max-video-preview:-1\" \/>\n<link rel=\"canonical\" href=\"https:\/\/uelzener.de\/magazin\/hund\/tiergesundheit\/zahnpflege-hund-zaehne-putzen\/\" \/>\n<meta property=\"og:locale\" content=\"de_DE\" \/>\n<meta property=\"og:type\" content=\"article\" \/>\n<meta property=\"og:title\" content=\"Zahnpflege beim Hund: Z\u00e4hneputzen in 8 Schritten \u00fcben\" \/>\n<meta property=\"og:description\" content=\"So \u00fcbst du das Z\u00e4hneputzen mit deinem Hund \u25b6 Erfahre hier alles zur wirksamen Zahnpflege mit Zahnputzger\u00e4ten.\" \/>\n<meta property=\"og:url\" content=\"https:\/\/uelzener.de\/magazin\/hund\/tiergesundheit\/zahnpflege-hund-zaehne-putzen\/\" \/>\n<meta property=\"og:site_name\" content=\"Uelzener Tier-Magazin\" \/>\n<meta property=\"article:publisher\" content=\"https:\/\/www.facebook.com\/Uelzener\" \/>\n<meta property=\"article:modified_time\" content=\"2023-10-25T09:15:39+00:00\" \/>\n<meta property=\"og:image\" content=\"https:\/\/uelzener.de\/magazin\/app\/uploads\/2022\/09\/zahnpflege-beim-hund.jpg\" \/>\n\t<meta property=\"og:image:width\" content=\"1024\" \/>\n\t<meta property=\"og:image:height\" content=\"450\" \/>\n\t<meta property=\"og:image:type\" content=\"image\/jpeg\" \/>\n<meta name=\"twitter:card\" content=\"summary_large_image\" \/>\n<meta name=\"twitter:label1\" content=\"Gesch\u00e4tzte Lesezeit\" \/>\n\t<meta name=\"twitter:data1\" content=\"2\u00a0Minuten\" \/>\n<script type=\"application\/ld+json\" class=\"yoast-schema-graph\">{\"@context\":\"https:\/\/schema.org\",\"@graph\":[{\"@type\":\"WebPage\",\"@id\":\"https:\/\/uelzener.de\/magazin\/hund\/tiergesundheit\/zahnpflege-hund-zaehne-putzen\/\",\"url\":\"https:\/\/uelzener.de\/magazin\/hund\/tiergesundheit\/zahnpflege-hund-zaehne-putzen\/\",\"name\":\"Zahnpflege beim Hund: Z\u00e4hneputzen in 8 Schritten \u00fcben \u2013 Uelzener\",\"isPartOf\":{\"@id\":\"https:\/\/uelzener.de\/magazin\/#website\"},\"primaryImageOfPage\":{\"@id\":\"https:\/\/uelzener.de\/magazin\/hund\/tiergesundheit\/zahnpflege-hund-zaehne-putzen\/#primaryimage\"},\"image\":{\"@id\":\"https:\/\/uelzener.de\/magazin\/hund\/tiergesundheit\/zahnpflege-hund-zaehne-putzen\/#primaryimage\"},\"thumbnailUrl\":\"https:\/\/uelzener.de\/magazin\/app\/uploads\/2022\/09\/zahnpflege-beim-hund.jpg\",\"datePublished\":\"2019-07-10T00:00:00+00:00\",\"dateModified\":\"2023-10-25T09:15:39+00:00\",\"description\":\"So \u00fcbst du das Z\u00e4hneputzen mit deinem Hund \u25b6 Erfahre hier alles zur wirksamen Zahnpflege mit Zahnputzger\u00e4ten.\",\"breadcrumb\":{\"@id\":\"https:\/\/uelzener.de\/magazin\/hund\/tiergesundheit\/zahnpflege-hund-zaehne-putzen\/#breadcrumb\"},\"inLanguage\":\"de\",\"potentialAction\":[{\"@type\":\"ReadAction\",\"target\":[\"https:\/\/uelzener.de\/magazin\/hund\/tiergesundheit\/zahnpflege-hund-zaehne-putzen\/\"]}]},{\"@type\":\"ImageObject\",\"inLanguage\":\"de\",\"@id\":\"https:\/\/uelzener.de\/magazin\/hund\/tiergesundheit\/zahnpflege-hund-zaehne-putzen\/#primaryimage\",\"url\":\"https:\/\/uelzener.de\/magazin\/app\/uploads\/2022\/09\/zahnpflege-beim-hund.jpg\",\"contentUrl\":\"https:\/\/uelzener.de\/magazin\/app\/uploads\/2022\/09\/zahnpflege-beim-hund.jpg\",\"width\":1024,\"height\":450,\"caption\":\"Ein Mensch putzt seinem Hund die Z\u00e4hne. Auch bei Hunden ist die Zahnpflege und deren Bedeutung nicht zu untersch\u00e4tzen.\"},{\"@type\":\"WebSite\",\"@id\":\"https:\/\/uelzener.de\/magazin\/#website\",\"url\":\"https:\/\/uelzener.de\/magazin\/\",\"name\":\"Uelzener Tiermagazin\",\"description\":\"Online Tierratgeber der Uelzener Versicherungen\",\"publisher\":{\"@id\":\"https:\/\/uelzener.de\/magazin\/#organization\"},\"potentialAction\":[{\"@type\":\"SearchAction\",\"target\":{\"@type\":\"EntryPoint\",\"urlTemplate\":\"https:\/\/uelzener.de\/magazin\/?s={search_term_string}\"},\"query-input\":{\"@type\":\"PropertyValueSpecification\",\"valueRequired\":true,\"valueName\":\"search_term_string\"}}],\"inLanguage\":\"de\"},{\"@type\":\"Organization\",\"@id\":\"https:\/\/uelzener.de\/magazin\/#organization\",\"name\":\"Uelzener Versicherungen\",\"url\":\"https:\/\/uelzener.de\/magazin\/\",\"logo\":{\"@type\":\"ImageObject\",\"inLanguage\":\"de\",\"@id\":\"https:\/\/uelzener.de\/magazin\/#\/schema\/logo\/image\/\",\"url\":\"https:\/\/uelzener.de\/magazin\/app\/uploads\/2024\/11\/uelzener_allgemeine_versicherungsgesellschaft_a_g_logo.jpg\",\"contentUrl\":\"https:\/\/uelzener.de\/magazin\/app\/uploads\/2024\/11\/uelzener_allgemeine_versicherungsgesellschaft_a_g_logo.jpg\",\"width\":200,\"height\":200,\"caption\":\"Uelzener Versicherungen\"},\"image\":{\"@id\":\"https:\/\/uelzener.de\/magazin\/#\/schema\/logo\/image\/\"},\"sameAs\":[\"https:\/\/www.facebook.com\/Uelzener\",\"https:\/\/instagram.com\/uelzener\",\"https:\/\/www.xing.com\/pages\/uelzenerallgemeineversicherungs-gesellschafta-g\",\"https:\/\/www.youtube.com\/UelzenerVersicherungen\"]}]}<\/script>\n<!-- \/ Yoast SEO Premium plugin. -->","yoast_head_json":{"title":"Zahnpflege beim Hund: Z\u00e4hneputzen in 8 Schritten \u00fcben \u2013 Uelzener","description":"So \u00fcbst du das Z\u00e4hneputzen mit deinem Hund \u25b6 Erfahre hier alles zur wirksamen Zahnpflege mit Zahnputzger\u00e4ten.","robots":{"index":"index","follow":"follow","max-snippet":"max-snippet:-1","max-image-preview":"max-image-preview:large","max-video-preview":"max-video-preview:-1"},"canonical":"https:\/\/uelzener.de\/magazin\/hund\/tiergesundheit\/zahnpflege-hund-zaehne-putzen\/","og_locale":"de_DE","og_type":"article","og_title":"Zahnpflege beim Hund: Z\u00e4hneputzen in 8 Schritten \u00fcben","og_description":"So \u00fcbst du das Z\u00e4hneputzen mit deinem Hund \u25b6 Erfahre hier alles zur wirksamen Zahnpflege mit Zahnputzger\u00e4ten.","og_url":"https:\/\/uelzener.de\/magazin\/hund\/tiergesundheit\/zahnpflege-hund-zaehne-putzen\/","og_site_name":"Uelzener Tier-Magazin","article_publisher":"https:\/\/www.facebook.com\/Uelzener","article_modified_time":"2023-10-25T09:15:39+00:00","og_image":[{"width":1024,"height":450,"url":"https:\/\/uelzener.de\/magazin\/app\/uploads\/2022\/09\/zahnpflege-beim-hund.jpg","type":"image\/jpeg"}],"twitter_card":"summary_large_image","twitter_misc":{"Gesch\u00e4tzte Lesezeit":"2\u00a0Minuten"},"schema":{"@context":"https:\/\/schema.org","@graph":[{"@type":"WebPage","@id":"https:\/\/uelzener.de\/magazin\/hund\/tiergesundheit\/zahnpflege-hund-zaehne-putzen\/","url":"https:\/\/uelzener.de\/magazin\/hund\/tiergesundheit\/zahnpflege-hund-zaehne-putzen\/","name":"Zahnpflege beim Hund: Z\u00e4hneputzen in 8 Schritten \u00fcben \u2013 Uelzener","isPartOf":{"@id":"https:\/\/uelzener.de\/magazin\/#website"},"primaryImageOfPage":{"@id":"https:\/\/uelzener.de\/magazin\/hund\/tiergesundheit\/zahnpflege-hund-zaehne-putzen\/#primaryimage"},"image":{"@id":"https:\/\/uelzener.de\/magazin\/hund\/tiergesundheit\/zahnpflege-hund-zaehne-putzen\/#primaryimage"},"thumbnailUrl":"https:\/\/uelzener.de\/magazin\/app\/uploads\/2022\/09\/zahnpflege-beim-hund.jpg","datePublished":"2019-07-10T00:00:00+00:00","dateModified":"2023-10-25T09:15:39+00:00","description":"So \u00fcbst du das Z\u00e4hneputzen mit deinem Hund \u25b6 Erfahre hier alles zur wirksamen Zahnpflege mit Zahnputzger\u00e4ten.","breadcrumb":{"@id":"https:\/\/uelzener.de\/magazin\/hund\/tiergesundheit\/zahnpflege-hund-zaehne-putzen\/#breadcrumb"},"inLanguage":"de","potentialAction":[{"@type":"ReadAction","target":["https:\/\/uelzener.de\/magazin\/hund\/tiergesundheit\/zahnpflege-hund-zaehne-putzen\/"]}]},{"@type":"ImageObject","inLanguage":"de","@id":"https:\/\/uelzener.de\/magazin\/hund\/tiergesundheit\/zahnpflege-hund-zaehne-putzen\/#primaryimage","url":"https:\/\/uelzener.de\/magazin\/app\/uploads\/2022\/09\/zahnpflege-beim-hund.jpg","contentUrl":"https:\/\/uelzener.de\/magazin\/app\/uploads\/2022\/09\/zahnpflege-beim-hund.jpg","width":1024,"height":450,"caption":"Ein Mensch putzt seinem Hund die Z\u00e4hne. Auch bei Hunden ist die Zahnpflege und deren Bedeutung nicht zu untersch\u00e4tzen."},{"@type":"WebSite","@id":"https:\/\/uelzener.de\/magazin\/#website","url":"https:\/\/uelzener.de\/magazin\/","name":"Uelzener Tiermagazin","description":"Online Tierratgeber der Uelzener Versicherungen","publisher":{"@id":"https:\/\/uelzener.de\/magazin\/#organization"},"potentialAction":[{"@type":"SearchAction","target":{"@type":"EntryPoint","urlTemplate":"https:\/\/uelzener.de\/magazin\/?s={search_term_string}"},"query-input":{"@type":"PropertyValueSpecification","valueRequired":true,"valueName":"search_term_string"}}],"inLanguage":"de"},{"@type":"Organization","@id":"https:\/\/uelzener.de\/magazin\/#organization","name":"Uelzener Versicherungen","url":"https:\/\/uelzener.de\/magazin\/","logo":{"@type":"ImageObject","inLanguage":"de","@id":"https:\/\/uelzener.de\/magazin\/#\/schema\/logo\/image\/","url":"https:\/\/uelzener.de\/magazin\/app\/uploads\/2024\/11\/uelzener_allgemeine_versicherungsgesellschaft_a_g_logo.jpg","contentUrl":"https:\/\/uelzener.de\/magazin\/app\/uploads\/2024\/11\/uelzener_allgemeine_versicherungsgesellschaft_a_g_logo.jpg","width":200,"height":200,"caption":"Uelzener Versicherungen"},"image":{"@id":"https:\/\/uelzener.de\/magazin\/#\/schema\/logo\/image\/"},"sameAs":["https:\/\/www.facebook.com\/Uelzener","https:\/\/instagram.com\/uelzener","https:\/\/www.xing.com\/pages\/uelzenerallgemeineversicherungs-gesellschafta-g","https:\/\/www.youtube.com\/UelzenerVersicherungen"]}]}},"_links":{"self":[{"href":"https:\/\/uelzener.de\/magazin\/wp-json\/wp\/v2\/pages\/10099","targetHints":{"allow":["GET"]}}],"collection":[{"href":"https:\/\/uelzener.de\/magazin\/wp-json\/wp\/v2\/pages"}],"about":[{"href":"https:\/\/uelzener.de\/magazin\/wp-json\/wp\/v2\/types\/page"}],"author":[{"embeddable":true,"href":"https:\/\/uelzener.de\/magazin\/wp-json\/wp\/v2\/users\/1"}],"replies":[{"embeddable":true,"href":"https:\/\/uelzener.de\/magazin\/wp-json\/wp\/v2\/comments?post=10099"}],"version-history":[{"count":10,"href":"https:\/\/uelzener.de\/magazin\/wp-json\/wp\/v2\/pages\/10099\/revisions"}],"predecessor-version":[{"id":16485,"href":"https:\/\/uelzener.de\/magazin\/wp-json\/wp\/v2\/pages\/10099\/revisions\/16485"}],"up":[{"embeddable":true,"href":"https:\/\/uelzener.de\/magazin\/wp-json\/wp\/v2\/pages\/11701"}],"wp:featuredmedia":[{"embeddable":true,"href":"https:\/\/uelzener.de\/magazin\/wp-json\/wp\/v2\/media\/13794"}],"wp:attachment":[{"href":"https:\/\/uelzener.de\/magazin\/wp-json\/wp\/v2\/media?parent=10099"}],"curies":[{"name":"wp","href":"https:\/\/api.w.org\/{rel}","templated":true}]}}