{"id":10098,"date":"2020-01-30T00:00:00","date_gmt":"2020-01-30T00:00:00","guid":{"rendered":""},"modified":"2024-01-31T16:25:30","modified_gmt":"2024-01-31T15:25:30","slug":"mundgeruch-hund","status":"publish","type":"page","link":"https:\/\/uelzener.de\/magazin\/hund\/tiergesundheit\/mundgeruch-hund\/","title":{"rendered":"Mundgeruch beim Hund: Ursachen und Pr\u00e4vention"},"content":{"rendered":"<p><strong>Dein Hund hat starken Mundgeruch? Ein leicht strenger Geruch aus dem Maul ist normal \u2013 starker und langanhaltender Geruch kann auf Krankheiten hinweisen. Wir kl\u00e4ren Dich auf!<\/strong><\/p>\n<h2>Hund riecht aus dem Maul<\/h2>\n<p>Nach dem Fressen von zum Beispiel Fisch, getrocknetem Pansen oder \u00e4hnlichen Kauartikeln ist ein starker Mundgeruch bei Hunden kurzzeitig normal. Wenn Du Dir auch nach mehreren Stunden noch die Nase zuhalten m\u00fcssen, wenn Dein Hund Dich anhechelt, g\u00e4hnt oder aufst\u00f6\u00dft, solltest Du der Ursache auf den Grund gehen. Faulige Ger\u00fcche k\u00f6nnen beispielsweise auf Zahnprobleme wie Zahnfleischentz\u00fcndungen und Vereiterungen oder andere Erkrankungen hinweisen.<\/p>\n<h2>Ursachen f\u00fcr Mundgeruch beim Hund<\/h2>\n<p>Meist sind <strong>\u00dcberreste des Futters<\/strong> oder der Kauartikel ausschlaggebend. Fisch f\u00fchrt beispielsweise bei Hunden oft zu Mundgeruch. Aufpassen solltest Du auch, wenn Dein Hund unterwegs Kot, Aas oder \u00e4hnliches aufnimmt.<\/p>\n<p>Wenn es nicht am Futter liegt, k\u00f6nnen auch <strong>Erkrankungen<\/strong> f\u00fcr den strengen Mundgeruch verantwortlich sein. Bei Zahnproblemen wie <strong>Zahnfleischentz\u00fcndungen<\/strong> oder <strong>Vereiterungen<\/strong> w\u00fcrde der Hund neben dem Mundgeruch noch weitere Symptome zeigen, wie beispielsweise Abmagerung oder Fressunlust. Eine Magenschleimhautentz\u00fcndung (bitterer Geruch) oder <a href=\"https:\/\/uelzener.de\/magazin\/hund\/tiergesundheit\/diabetes-beim-hund\/\">Diabetes<\/a> (s\u00fc\u00dflicher Geruch) f\u00fchren ebenfalls dazu, dass der Hund aus dem Maul riecht. Aber auch <strong>Verdauungsprobleme,<\/strong> <strong>Entz\u00fcndungen und Tumore<\/strong> k\u00f6nnen Mundgeruch hervorrufen. Die Gr\u00fcnde f\u00fcr Mundgeruch beim Hund sind vielf\u00e4ltig. Kannst Du nicht sicher sagen, was bei Deinem Hund den Mundgeruch verursacht, solltest Du Deinen Tierarzt aufsuchen.<\/p>\n<h2><strong>Gr\u00fcnde f\u00fcr Mundgeruch beim Hund<\/strong><\/h2>\n<ul>\n<li>Diabetes<\/li>\n<li>Magenschleimhautentz\u00fcndung \/ Gasbildung im Magen<\/li>\n<li>Erkrankungen der Nieren<\/li>\n<li>Erkrankungen der Leber<\/li>\n<li>Tumore im Maul oder Rachen<\/li>\n<li>Zahnstein oder schlechte Z\u00e4hne<\/li>\n<li>Lefzenekzem (Entz\u00fcndung am Maul)<\/li>\n<li>Entz\u00fcndungen des Zahnfleischs, Maulbereichs oder Rachens<\/li>\n<li>Zahnwechsel beim Welpen<\/li>\n<\/ul>\n<h2>Welpen mit Mundgeruch<\/h2>\n<p>Bereits Welpen k\u00f6nnen an Mundgeruch leiden. Es kommt h\u00e4ufig vor, dass sich das Zahnfleisch beim <a href=\"https:\/\/uelzener.de\/magazin\/hund\/tiergesundheit\/zahnwechsel-beim-hund\/\"><strong>Zahnwechsel<\/strong><\/a> entz\u00fcndet, Blutungen entstehen oder sich Futterreste in den L\u00fccken und am lockeren Zahn festsetzen und zu schlechtem Atem f\u00fchren. Sp\u00e4testens nach Ende des Zahnwechsels sollte diese Form des Mundgeruchs bei Welpen aber vor\u00fcber sein.<\/p>\n<p><img decoding=\"async\" src=\"\/magazin\/app\/uploads\/2021\/02\/8fc55a53-b9e2-40d7-b43c-6b2aa10bd917.jpg\" \/><\/p>\n<p>Mit wenig Aufwand kannst Du dem Mundgeruch bei Deinem Hund vorbeugen. An erster Stelle steht hierbei eine <strong>ausgewogene Ern\u00e4hrung mit hochwertigem Futter<\/strong>. Dies bildet den Grundstein f\u00fcr einen gesunden Hund und somit auch f\u00fcr nur geringen bis gar keinen Maulgeruch.<\/p>\n<p>Mit regelm\u00e4\u00dfiger <a href=\"https:\/\/uelzener.de\/magazin\/hund\/tiergesundheit\/zahnpflege-hund-zaehne-putzen\/\"><strong>Zahnpflege<\/strong><\/a> h\u00e4ltst Du das Zahnfleisch und die Z\u00e4hne Deines Vierbeiners gesund. Da Zahnfleischentz\u00fcndungen und <a href=\"https:\/\/uelzener.de\/magazin\/hund\/tiergesundheit\/zahnstein-beim-hund\/\" target=\"_blank\" rel=\"noopener\">Zahnstein<\/a> nicht nur Ursache f\u00fcr Maulgeruch sind, sondern auch schlimme Schmerzen ausl\u00f6sen, empfiehlt sich die Maulhygiene aus mehreren Gr\u00fcnden. Futterreste k\u00f6nnen wie bei uns Menschen an und zwischen den Z\u00e4hnen h\u00e4ngen bleiben. Es gibt inzwischen spezielle Zahnb\u00fcrsten und Zahnpasta f\u00fcr Hunde, auf die man f\u00fcr die Zahnpflege zur\u00fcckgreifen kann. Mit sauberen Z\u00e4hnen sollte Dein Hund weniger aus dem Maul riechen. Wie Du Deinen Hund an das <strong>Z\u00e4hneputzen gew\u00f6hnst<\/strong>, erf\u00e4hrst Du in unserem Blogbeitrag <strong><a href=\"https:\/\/www.uelzener.de\/blog\/tier\/zaehneputzen-beim-hund-ueben-in-acht-schritten.html\">\u201eZ\u00e4hneputzen beim Hund: \u00dcben in 8 Schritten\u201c<\/a><\/strong>.<\/p>\n<h2>Mundgeruch beim Hund mit Hausmitteln bek\u00e4mpfen<\/h2>\n<p>Wenn krankheitsbedingte Ursachen durch den Tierarzt ausgeschlossen wurden, kannst Du au\u00dferdem versuchen, den Mundgeruch Deines Hundes mit Hausmitteln zu bek\u00e4mpfen. Als nat\u00fcrliche Hausmittel gegen Mundgeruch beim Hund gelten beispielsweise:<\/p>\n<ul>\n<li>Ein wenig <strong>gehackte Petersilie, Minze oder Basilikum<\/strong> unter das Hundefutter mischen.<\/li>\n<li>Eine <strong>ganze Karotte<\/strong> als \u201eKau-Snack\u201c anstelle eines Pansens f\u00fcttern.<\/li>\n<li><strong>Frische Obst-St\u00fccke<\/strong> anbieten, nachdem der Hund etwas \u00dcbelriechendes gefressen hat (z.B. Apfel).<\/li>\n<\/ul>\n<p>F\u00fcr die Wirksamkeit dieser Hausmittel gibt es allerdings keine Garantie und Du solltest genau beobachten, ob Dein Hund die F\u00fctterung auch vertr\u00e4gt. Au\u00dferdem musst Du nat\u00fcrlich probieren, welches der Hausmittel Dein Hund \u00fcberhaupt mag.<\/p>\n<h2>Gesundheitlicher Checkup<\/h2>\n<p>Wenn die regelm\u00e4\u00dfige Maulhygiene sowie ausgewogene Ern\u00e4hrung mit hochwertigem Futter bei Deinem Hund keine Minderung der Mundgeruchs bringt und auch Kauartikel und Hausmittel nicht zu besserem Atem f\u00fchren, solltest Du Deinen Hund Deinem Tierarzt vorstellen und gr\u00fcndlich untersuchen lassen. Nur so kann die Ursache f\u00fcr den strengen Geruch ausfindig gemacht und eine L\u00f6sung f\u00fcr Deinen Liebling gefunden werden.<\/p>\n<p>Unsere <strong>Hunde-OP- und Krankenversicherung<\/strong> sch\u00fctzt Dich vor unangenehmen Kosten, falls f\u00fcr Deinen Vierbeiner ein Besuch beim Tierarzt ansteht. In der Krankenversicherung wird die Zahnsteinentfernung beispielsweise mit 100 \u20ac pro Versicherungsjahr bezuschusst. Sichere Deinen Hund jetzt bei uns ab und finanzielle Sorgen geh\u00f6ren der Vergangenheit an.<\/p>\n\n<div class=\"banner\">\n    <a href=\"https:\/\/uelzener.de\/hund\/hunde-op-versicherung\/?agt=0000104925&sem=true&utm_medium=magazin&utm_source=wordpress&utm_campaign=hund_op&utm_content=banner\">\n        <img decoding=\"async\" width=\"300\" height=\"212\" src=\"https:\/\/uelzener.de\/magazin\/app\/uploads\/2025\/01\/Hunde-OP-Versicherung.jpg\" class=\"attachment-medium size-medium\" alt=\"Banner Hunde-OP-Versicherung\" \/>    <\/a>\n<\/div>\n\n\n<div class=\"banner\">\n    <a href=\"https:\/\/uelzener.de\/hund\/hunde-krankenversicherung\/?agt=0000104925&sem=true&utm_medium=magazin&utm_source=wordpress&utm_campaign=hund_kv&utm_content=banner\">\n        <img decoding=\"async\" width=\"300\" height=\"212\" src=\"https:\/\/uelzener.de\/magazin\/app\/uploads\/2025\/01\/Hunde-Kranken-Versicherung.jpg\" class=\"attachment-medium size-medium\" alt=\"Banner Hunde-Kranken-Versicherung\" \/>    <\/a>\n<\/div>\n\n","protected":false},"excerpt":{"rendered":"<p>Dein Hund hat starken Mundgeruch? Ein leicht strenger Geruch aus dem Maul ist normal \u2013 starker und langanhaltender Geruch kann auf Krankheiten hinweisen. Wir kl\u00e4ren Dich auf! Hund riecht aus dem Maul Nach dem Fressen von zum Beispiel Fisch, getrocknetem Pansen oder \u00e4hnlichen Kauartikeln ist ein starker Mundgeruch bei Hunden kurzzeitig normal. Wenn Du Dir [&hellip;]<\/p>\n","protected":false},"author":1,"featured_media":10688,"parent":11701,"menu_order":57,"comment_status":"open","ping_status":"open","template":"templates\/blog.php","meta":{"_acf_changed":false,"_crdt_document":"","footnotes":"","beyondwords_generate_audio":"0","beyondwords_project_id":"","beyondwords_content_id":"","beyondwords_preview_token":"","beyondwords_player_style":"","beyondwords_language_id":"","beyondwords_title_voice_id":"","beyondwords_body_voice_id":"","beyondwords_summary_voice_id":"","beyondwords_error_message":"","beyondwords_disabled":"","beyondwords_delete_content":"","beyondwords_podcast_id":"","beyondwords_hash":"","publish_post_to_speechkit":"","speechkit_hash":"","speechkit_generate_audio":"","speechkit_project_id":"","speechkit_podcast_id":"","speechkit_error_message":"","speechkit_disabled":"","speechkit_access_key":"","speechkit_error":"","speechkit_info":"","speechkit_response":"","speechkit_retries":"","speechkit_status":"","speechkit_updated_at":"","_speechkit_link":"","_speechkit_text":""},"class_list":["post-10098","page","type-page","status-publish","has-post-thumbnail","hentry"],"acf":[],"yoast_head":"<!-- This site is optimized with the Yoast SEO Premium plugin  - https:\/\/yoast.com\/product\/yoast-seo-premium-wordpress\/ -->\n<title>Mundgeruch beim Hund - Ursachen &amp; Probleme | Uelzener<\/title>\n<meta name=\"description\" content=\"Dein Hund hat starken Mundgeruch? \u25b6 Hier erf\u00e4hrst Du alles \u00fcber \u2713 Ursachen \u2713 Behandlung \u2713 Vorbeugung \u25b6 Jetzt informieren!\" \/>\n<meta name=\"robots\" content=\"index, follow, max-snippet:-1, max-image-preview:large, max-video-preview:-1\" \/>\n<link rel=\"canonical\" href=\"https:\/\/uelzener.de\/magazin\/hund\/tiergesundheit\/mundgeruch-hund\/\" \/>\n<meta property=\"og:locale\" content=\"de_DE\" \/>\n<meta property=\"og:type\" content=\"article\" \/>\n<meta property=\"og:title\" content=\"Mundgeruch beim Hund: Ursachen und Pr\u00e4vention\" \/>\n<meta property=\"og:description\" content=\"Dein Hund hat starken Mundgeruch? \u25b6 Hier erf\u00e4hrst Du alles \u00fcber \u2713 Ursachen \u2713 Behandlung \u2713 Vorbeugung \u25b6 Jetzt informieren!\" \/>\n<meta property=\"og:url\" content=\"https:\/\/uelzener.de\/magazin\/hund\/tiergesundheit\/mundgeruch-hund\/\" \/>\n<meta property=\"og:site_name\" content=\"Uelzener Tier-Magazin\" \/>\n<meta property=\"article:publisher\" content=\"https:\/\/www.facebook.com\/Uelzener\" \/>\n<meta property=\"article:modified_time\" content=\"2024-01-31T15:25:30+00:00\" \/>\n<meta property=\"og:image\" content=\"https:\/\/uelzener.de\/magazin\/app\/uploads\/2020\/01\/9ec524e0-7af1-4691-bd83-caf487f7932d-scaled.jpg\" \/>\n\t<meta property=\"og:image:width\" content=\"2560\" \/>\n\t<meta property=\"og:image:height\" content=\"1334\" \/>\n\t<meta property=\"og:image:type\" content=\"image\/jpeg\" \/>\n<meta name=\"twitter:card\" content=\"summary_large_image\" \/>\n<meta name=\"twitter:label1\" content=\"Gesch\u00e4tzte Lesezeit\" \/>\n\t<meta name=\"twitter:data1\" content=\"4\u00a0Minuten\" \/>\n<script type=\"application\/ld+json\" class=\"yoast-schema-graph\">{\"@context\":\"https:\/\/schema.org\",\"@graph\":[{\"@type\":\"WebPage\",\"@id\":\"https:\/\/uelzener.de\/magazin\/hund\/tiergesundheit\/mundgeruch-hund\/\",\"url\":\"https:\/\/uelzener.de\/magazin\/hund\/tiergesundheit\/mundgeruch-hund\/\",\"name\":\"Mundgeruch beim Hund - Ursachen & Probleme | Uelzener\",\"isPartOf\":{\"@id\":\"https:\/\/uelzener.de\/magazin\/#website\"},\"primaryImageOfPage\":{\"@id\":\"https:\/\/uelzener.de\/magazin\/hund\/tiergesundheit\/mundgeruch-hund\/#primaryimage\"},\"image\":{\"@id\":\"https:\/\/uelzener.de\/magazin\/hund\/tiergesundheit\/mundgeruch-hund\/#primaryimage\"},\"thumbnailUrl\":\"https:\/\/uelzener.de\/magazin\/app\/uploads\/2020\/01\/9ec524e0-7af1-4691-bd83-caf487f7932d-scaled.jpg\",\"datePublished\":\"2020-01-30T00:00:00+00:00\",\"dateModified\":\"2024-01-31T15:25:30+00:00\",\"description\":\"Dein Hund hat starken Mundgeruch? \u25b6 Hier erf\u00e4hrst Du alles \u00fcber \u2713 Ursachen \u2713 Behandlung \u2713 Vorbeugung \u25b6 Jetzt informieren!\",\"breadcrumb\":{\"@id\":\"https:\/\/uelzener.de\/magazin\/hund\/tiergesundheit\/mundgeruch-hund\/#breadcrumb\"},\"inLanguage\":\"de\",\"potentialAction\":[{\"@type\":\"ReadAction\",\"target\":[\"https:\/\/uelzener.de\/magazin\/hund\/tiergesundheit\/mundgeruch-hund\/\"]}]},{\"@type\":\"ImageObject\",\"inLanguage\":\"de\",\"@id\":\"https:\/\/uelzener.de\/magazin\/hund\/tiergesundheit\/mundgeruch-hund\/#primaryimage\",\"url\":\"https:\/\/uelzener.de\/magazin\/app\/uploads\/2020\/01\/9ec524e0-7af1-4691-bd83-caf487f7932d-scaled.jpg\",\"contentUrl\":\"https:\/\/uelzener.de\/magazin\/app\/uploads\/2020\/01\/9ec524e0-7af1-4691-bd83-caf487f7932d-scaled.jpg\",\"width\":2560,\"height\":1334,\"caption\":\"SONY DSC\"},{\"@type\":\"WebSite\",\"@id\":\"https:\/\/uelzener.de\/magazin\/#website\",\"url\":\"https:\/\/uelzener.de\/magazin\/\",\"name\":\"Uelzener Tiermagazin\",\"description\":\"Online Tierratgeber der Uelzener Versicherungen\",\"publisher\":{\"@id\":\"https:\/\/uelzener.de\/magazin\/#organization\"},\"potentialAction\":[{\"@type\":\"SearchAction\",\"target\":{\"@type\":\"EntryPoint\",\"urlTemplate\":\"https:\/\/uelzener.de\/magazin\/?s={search_term_string}\"},\"query-input\":{\"@type\":\"PropertyValueSpecification\",\"valueRequired\":true,\"valueName\":\"search_term_string\"}}],\"inLanguage\":\"de\"},{\"@type\":\"Organization\",\"@id\":\"https:\/\/uelzener.de\/magazin\/#organization\",\"name\":\"Uelzener Versicherungen\",\"url\":\"https:\/\/uelzener.de\/magazin\/\",\"logo\":{\"@type\":\"ImageObject\",\"inLanguage\":\"de\",\"@id\":\"https:\/\/uelzener.de\/magazin\/#\/schema\/logo\/image\/\",\"url\":\"https:\/\/uelzener.de\/magazin\/app\/uploads\/2024\/11\/uelzener_allgemeine_versicherungsgesellschaft_a_g_logo.jpg\",\"contentUrl\":\"https:\/\/uelzener.de\/magazin\/app\/uploads\/2024\/11\/uelzener_allgemeine_versicherungsgesellschaft_a_g_logo.jpg\",\"width\":200,\"height\":200,\"caption\":\"Uelzener Versicherungen\"},\"image\":{\"@id\":\"https:\/\/uelzener.de\/magazin\/#\/schema\/logo\/image\/\"},\"sameAs\":[\"https:\/\/www.facebook.com\/Uelzener\",\"https:\/\/instagram.com\/uelzener\",\"https:\/\/www.xing.com\/pages\/uelzenerallgemeineversicherungs-gesellschafta-g\",\"https:\/\/www.youtube.com\/UelzenerVersicherungen\"]}]}<\/script>\n<!-- \/ Yoast SEO Premium plugin. -->","yoast_head_json":{"title":"Mundgeruch beim Hund - Ursachen & Probleme | Uelzener","description":"Dein Hund hat starken Mundgeruch? \u25b6 Hier erf\u00e4hrst Du alles \u00fcber \u2713 Ursachen \u2713 Behandlung \u2713 Vorbeugung \u25b6 Jetzt informieren!","robots":{"index":"index","follow":"follow","max-snippet":"max-snippet:-1","max-image-preview":"max-image-preview:large","max-video-preview":"max-video-preview:-1"},"canonical":"https:\/\/uelzener.de\/magazin\/hund\/tiergesundheit\/mundgeruch-hund\/","og_locale":"de_DE","og_type":"article","og_title":"Mundgeruch beim Hund: Ursachen und Pr\u00e4vention","og_description":"Dein Hund hat starken Mundgeruch? \u25b6 Hier erf\u00e4hrst Du alles \u00fcber \u2713 Ursachen \u2713 Behandlung \u2713 Vorbeugung \u25b6 Jetzt informieren!","og_url":"https:\/\/uelzener.de\/magazin\/hund\/tiergesundheit\/mundgeruch-hund\/","og_site_name":"Uelzener Tier-Magazin","article_publisher":"https:\/\/www.facebook.com\/Uelzener","article_modified_time":"2024-01-31T15:25:30+00:00","og_image":[{"width":2560,"height":1334,"url":"https:\/\/uelzener.de\/magazin\/app\/uploads\/2020\/01\/9ec524e0-7af1-4691-bd83-caf487f7932d-scaled.jpg","type":"image\/jpeg"}],"twitter_card":"summary_large_image","twitter_misc":{"Gesch\u00e4tzte Lesezeit":"4\u00a0Minuten"},"schema":{"@context":"https:\/\/schema.org","@graph":[{"@type":"WebPage","@id":"https:\/\/uelzener.de\/magazin\/hund\/tiergesundheit\/mundgeruch-hund\/","url":"https:\/\/uelzener.de\/magazin\/hund\/tiergesundheit\/mundgeruch-hund\/","name":"Mundgeruch beim Hund - Ursachen & Probleme | Uelzener","isPartOf":{"@id":"https:\/\/uelzener.de\/magazin\/#website"},"primaryImageOfPage":{"@id":"https:\/\/uelzener.de\/magazin\/hund\/tiergesundheit\/mundgeruch-hund\/#primaryimage"},"image":{"@id":"https:\/\/uelzener.de\/magazin\/hund\/tiergesundheit\/mundgeruch-hund\/#primaryimage"},"thumbnailUrl":"https:\/\/uelzener.de\/magazin\/app\/uploads\/2020\/01\/9ec524e0-7af1-4691-bd83-caf487f7932d-scaled.jpg","datePublished":"2020-01-30T00:00:00+00:00","dateModified":"2024-01-31T15:25:30+00:00","description":"Dein Hund hat starken Mundgeruch? \u25b6 Hier erf\u00e4hrst Du alles \u00fcber \u2713 Ursachen \u2713 Behandlung \u2713 Vorbeugung \u25b6 Jetzt informieren!","breadcrumb":{"@id":"https:\/\/uelzener.de\/magazin\/hund\/tiergesundheit\/mundgeruch-hund\/#breadcrumb"},"inLanguage":"de","potentialAction":[{"@type":"ReadAction","target":["https:\/\/uelzener.de\/magazin\/hund\/tiergesundheit\/mundgeruch-hund\/"]}]},{"@type":"ImageObject","inLanguage":"de","@id":"https:\/\/uelzener.de\/magazin\/hund\/tiergesundheit\/mundgeruch-hund\/#primaryimage","url":"https:\/\/uelzener.de\/magazin\/app\/uploads\/2020\/01\/9ec524e0-7af1-4691-bd83-caf487f7932d-scaled.jpg","contentUrl":"https:\/\/uelzener.de\/magazin\/app\/uploads\/2020\/01\/9ec524e0-7af1-4691-bd83-caf487f7932d-scaled.jpg","width":2560,"height":1334,"caption":"SONY DSC"},{"@type":"WebSite","@id":"https:\/\/uelzener.de\/magazin\/#website","url":"https:\/\/uelzener.de\/magazin\/","name":"Uelzener Tiermagazin","description":"Online Tierratgeber der Uelzener Versicherungen","publisher":{"@id":"https:\/\/uelzener.de\/magazin\/#organization"},"potentialAction":[{"@type":"SearchAction","target":{"@type":"EntryPoint","urlTemplate":"https:\/\/uelzener.de\/magazin\/?s={search_term_string}"},"query-input":{"@type":"PropertyValueSpecification","valueRequired":true,"valueName":"search_term_string"}}],"inLanguage":"de"},{"@type":"Organization","@id":"https:\/\/uelzener.de\/magazin\/#organization","name":"Uelzener Versicherungen","url":"https:\/\/uelzener.de\/magazin\/","logo":{"@type":"ImageObject","inLanguage":"de","@id":"https:\/\/uelzener.de\/magazin\/#\/schema\/logo\/image\/","url":"https:\/\/uelzener.de\/magazin\/app\/uploads\/2024\/11\/uelzener_allgemeine_versicherungsgesellschaft_a_g_logo.jpg","contentUrl":"https:\/\/uelzener.de\/magazin\/app\/uploads\/2024\/11\/uelzener_allgemeine_versicherungsgesellschaft_a_g_logo.jpg","width":200,"height":200,"caption":"Uelzener Versicherungen"},"image":{"@id":"https:\/\/uelzener.de\/magazin\/#\/schema\/logo\/image\/"},"sameAs":["https:\/\/www.facebook.com\/Uelzener","https:\/\/instagram.com\/uelzener","https:\/\/www.xing.com\/pages\/uelzenerallgemeineversicherungs-gesellschafta-g","https:\/\/www.youtube.com\/UelzenerVersicherungen"]}]}},"_links":{"self":[{"href":"https:\/\/uelzener.de\/magazin\/wp-json\/wp\/v2\/pages\/10098","targetHints":{"allow":["GET"]}}],"collection":[{"href":"https:\/\/uelzener.de\/magazin\/wp-json\/wp\/v2\/pages"}],"about":[{"href":"https:\/\/uelzener.de\/magazin\/wp-json\/wp\/v2\/types\/page"}],"author":[{"embeddable":true,"href":"https:\/\/uelzener.de\/magazin\/wp-json\/wp\/v2\/users\/1"}],"replies":[{"embeddable":true,"href":"https:\/\/uelzener.de\/magazin\/wp-json\/wp\/v2\/comments?post=10098"}],"version-history":[{"count":13,"href":"https:\/\/uelzener.de\/magazin\/wp-json\/wp\/v2\/pages\/10098\/revisions"}],"predecessor-version":[{"id":17026,"href":"https:\/\/uelzener.de\/magazin\/wp-json\/wp\/v2\/pages\/10098\/revisions\/17026"}],"up":[{"embeddable":true,"href":"https:\/\/uelzener.de\/magazin\/wp-json\/wp\/v2\/pages\/11701"}],"wp:featuredmedia":[{"embeddable":true,"href":"https:\/\/uelzener.de\/magazin\/wp-json\/wp\/v2\/media\/10688"}],"wp:attachment":[{"href":"https:\/\/uelzener.de\/magazin\/wp-json\/wp\/v2\/media?parent=10098"}],"curies":[{"name":"wp","href":"https:\/\/api.w.org\/{rel}","templated":true}]}}