{"id":10097,"date":"2023-11-16T00:00:00","date_gmt":"2023-11-15T23:00:00","guid":{"rendered":""},"modified":"2026-03-27T15:46:39","modified_gmt":"2026-03-27T14:46:39","slug":"koennen-hunde-im-dunkeln-sehen","status":"publish","type":"page","link":"https:\/\/uelzener.de\/magazin\/hund\/tipps-fuer-den-alltag\/koennen-hunde-im-dunkeln-sehen\/","title":{"rendered":"K\u00f6nnen Hunde im Dunkeln sehen?"},"content":{"rendered":"<p>In diesem Artikel schauen wir uns die Gr\u00fcnde f\u00fcr die gute Nachtsicht von Hunden an und was man beim Gassigehen in D\u00e4mmerung und Dunkelheit besonders beachten sollte.<\/p>\n<p>Hunde sehen im Dunkeln deutlich besser als bei Tageslicht. Dies kann in der dunklen Jahreszeit zu Irritationen mit \u00fcberraschenden Konsequenzen f\u00fchren. Mit besserer Sicht erscheint Vertrautes mitunter bedrohlich und Hunde reagieren wom\u00f6glich ungewohnt aggressiv oder \u00e4ngstlich. So kann ein \u00fcblicherweise souver\u00e4ner Hund beim Gassigehen in D\u00e4mmerung und Dunkelheit verunsichert werden und ihm kurios erscheinende Schatten von beispielweise M\u00fclltonnen, B\u00fcschen oder entgegenkommenden Passanten anbellen oder anknurren.<\/p>\n<h2>Die Anatomie des Hundeauges<\/h2>\n<p>Die gute Sehf\u00e4higkeit von Hunden liegt in der Anatomie ihrer Augen begr\u00fcndet. Diese ist in vielen Teilen \u00e4hnlich der von uns Menschen. Einige wesentliche Merkmale unterscheiden sich jedoch und f\u00fchren zu der vergleichsweise sehr guten Nachtsicht von Hunden im Vergleich zu uns Menschen.<\/p>\n<h2>Die Rolle von St\u00e4bchen und Zapfen<\/h2>\n<p>In der Netzhaut des Auges, sowohl beim Menschen als auch beim Hund, befinden sich die Fotorezeptorzellen, zu denen auch St\u00e4bchen und Zapfen geh\u00f6ren. Diese haben verschiedene Funktionen.<\/p>\n<ul>\n<li>St\u00e4bchen sind f\u00fcr das Sehen bei schwacher Beleuchtung verantwortlich.<\/li>\n<li>Zapfen sind f\u00fcr das Sehen bei Tageslicht und die Wahrnehmung von Farben zust\u00e4ndig.<\/li>\n<\/ul>\n<h2>Hunde haben mehr St\u00e4bchen<\/h2>\n<p>Das Auge von Hunden ist \u00e4hnlich wie das von uns Menschen konstruiert. Es hat ebenfalls Zapfen und St\u00e4bchen. Die Verschiedenartigkeit des Sehverm\u00f6gens liegt in der unterschiedlichen Anzahl von Zapfen und St\u00e4bchen bei Hund und Mensch begr\u00fcndet.<\/p>\n<ul>\n<li>Hunde verf\u00fcgen \u00fcber mehr St\u00e4bchen als wir Menschen. Daher k\u00f6nnen sie bei wenig Licht deutlich besser sehen als wir Menschen.<\/li>\n<li>Menschen verf\u00fcgen hingegen \u00fcber eine gr\u00f6\u00dfere Anzahl Zapfen, sodass bei ihnen das Sehen bei Tageslicht und das Farbensehen ausgepr\u00e4gter ist.<\/li>\n<\/ul>\n<p>Diese Unterschiedlichkeit f\u00fchrt dazu, dass Hunde in D\u00e4mmerung und Dunkelheit deutlich besser sehen k\u00f6nnen als Menschen. Doch die gr\u00f6\u00dfere Anzahl der St\u00e4bchen ist nicht der alleinige Grund.<\/p>\n<h2>Die Pupillengr\u00f6\u00dfe<\/h2>\n<p>Die Pupillengr\u00f6\u00dfe spielt ebenfalls eine wichtige Rolle bei der n\u00e4chtlichen Sicht. Die Pupillen von Hunden erweitern sich bei Dunkelheit st\u00e4rker als die von Menschen. Dies sorgt f\u00fcr vermehrten Lichteinfall in die Augen unserer Fellnasen. Auch dies verst\u00e4rkt die Sehkraft im Dunkeln.<\/p>\n<p>Ein weiterer Punkt erkl\u00e4rt die hervorragende Nachtsicht von Hunden.<\/p>\n<h2>Reflektierende Schicht: Die Tapetum Lucidum<\/h2>\n<p>Eine besonders faszinierende Eigenschaft der Hundeaugen besteht in einer besonderen, reflektierenden Schicht im Auge. Sie tr\u00e4gt den fast schon romantisch zu nennenden Namen Tapetum Lucidum (leuchtender Teppich). Diese Schicht reflektiert das einfallende Licht und erh\u00f6ht die Lichtausbeute der St\u00e4bchen und ist auch der Grund daf\u00fcr, dass Hundeaugen zuweilen im Dunkeln zu leuchten scheinen.<\/p>\n<h2>Wie gut k\u00f6nnen Hunde im Dunkeln sehen?<\/h2>\n<p>Hunde k\u00f6nnen bei schlechten Lichtverh\u00e4ltnissen besser sehen als Menschen. Ihre Sehf\u00e4higkeit ist jedoch nicht mit der <a href=\"https:\/\/uelzener.de\/magazin\/katze\/haeufige-fragen\/koennen-katzen-im-dunkeln-sehen\/\">Nachtsicht von Katzen<\/a> zu vergleichen. Diese verf\u00fcgen \u00fcber eine wirklich au\u00dfergew\u00f6hnlich gute n\u00e4chtliche Sehf\u00e4higkeit.<\/p>\n<h2>Das D\u00e4mmerungssehen<\/h2>\n<p>Hunde sind ideal f\u00fcr das Sehen in der D\u00e4mmerung geeignet. Ist es sehr dunkel, wird auch die Sehf\u00e4higkeit von Hunden geringer. Dies hat evolution\u00e4re Gr\u00fcnde. In der D\u00e4mmerung sind traditionell besonders viele Wildtiere unterwegs. F\u00fcr wildlebende Hunde war es daher extrem wichtig, diese m\u00f6glichst fr\u00fchzeitig zu erkennen. Hunde, die am besten an das Sehen in der D\u00e4mmerung angepasst waren, hatten die gr\u00f6\u00dften Chancen zu \u00fcberleben.<\/p>\n<h2>Farbunterscheidung<\/h2>\n<p>Menschen k\u00f6nnen ein breites Farbspektrum erkennen. Anders unsere vierbeinigen Freunde. Hunde sehen aufgrund der geringen Anzahl an Zapfen innerhalb ihrer Netzhaut ein eingeschr\u00e4nktes Farbspektrum. Fr\u00fcher dachte man, dass Hunde lediglich schwarz-wei\u00df sehen k\u00f6nnen. Das ist falsch. Mittlerweile wei\u00df man, dass lediglich die F\u00e4higkeit, rot und gr\u00fcn zu erkennen, eingeschr\u00e4nkt ist.<\/p>\n<p>Welche Konsequenzen ergeben sich aus all dem f\u00fcr das <a href=\"https:\/\/uelzener.de\/magazin\/hund\/tipps-fuer-den-alltag\/gassi-gehen\/\" target=\"_blank\" rel=\"noopener\">Gassigehen<\/a> in D\u00e4mmerung und Dunkelheit?<\/p>\n<h2>Tipps f\u00fcr die n\u00e4chtliche Aktivit\u00e4ten mit deinem Hund<\/h2>\n<p>Wenn du mit deinem Hund in der Dunkelheit unterwegs bist, gibt es einige Dinge, die du beachten solltest. Dabei ist nicht jeder der folgenden Punkte ausschlie\u00dflich bei Dunkelheit wichtig zu beachten:<\/p>\n<ul>\n<li>Anleinen: In der Dunkelheit reagieren Hunde aufgrund der sich ver\u00e4ndernden Sichtverh\u00e4ltnisse teilweise unberechenbar. Damit dein Hund nicht weglaufen kann oder in einen Unfall verwickelt wird, solltest du ihn stets anleinen.<\/li>\n<li>Reflektierende Ausr\u00fcstung: Sorg daf\u00fcr, dass sowohl du als auch dein Hund gut sichtbar sind. Verwende reflektierende Leinen, <a href=\"https:\/\/uelzener.de\/magazin\/hund\/haeufige-fragen\/halsband-oder-geschirr\/\" target=\"_blank\" rel=\"noopener\">Halsb\u00e4nder<\/a> und reflektierende Kleidung, Reflektorb\u00e4nder oder Warnwesten auch dich selbst.<\/li>\n<li>Taschenlampe: Nutze eine Taschenlampe (jedes Smartphone verf\u00fcgt \u00fcber eine), um den Weg vor dir auszuleuchten. Dies hilft nicht nur dabei, Hindernisse zu vermeiden, sondern macht dich auch f\u00fcr andere sichtbar.<\/li>\n<li>Bekannte Routen w\u00e4hlen: Gassigehen an Orten, die du gut kennst, reduziert das Risiko von unerwarteten Hindernissen oder Gefahren.<\/li>\n<li>Vorsicht vor Wildtieren: In einigen Gebieten k\u00f6nnten nachtaktive Tiere unterwegs sein. Meide solche Gebiete m\u00f6glichst und halte deinen Hund nah bei dir, um Konflikte zu vermeiden.<\/li>\n<li>Verkehr beachten: Sei besonders aufmerksam in der N\u00e4he von Stra\u00dfen. Leine deinen Hund dort stets an. Vermeide es, in un\u00fcbersichtlichen Bereichen zu gehen, und nutze gut beleuchtete Gehwege.<\/li>\n<li>Notfallausr\u00fcstung: Nimm bei Bedarf eine Notfallausr\u00fcstung, wie ein Erste-Hilfe-Set, mit auf deine Gassig\u00e4nge. Speichere wichtige Telefonnummern in deinem Handy ab, sodass du sie im Fall der F\u00e4lle griffbereit hast.<\/li>\n<li>Wetter beachten: Ber\u00fccksichtige die Wetterbedingungen, besonders wenn es regnet oder schneit. Stelle sicher, dass du und dein Hund angemessen gesch\u00fctzt seid.<\/li>\n<\/ul>\n<h2>Hund sieht schlecht im Dunkeln (was tun?)<\/h2>\n<p>Dein Hund scheint im Dunkeln nicht gut zu sehen. Er wirkt beim Gassigehen unsicherer oder \u00e4ngstlicher als gewohnt. Er erkennt Hindernisse zu sp\u00e4t oder gar nicht. Dann ist es Zeit f\u00fcr eine tier\u00e4rztliche Untersuchung. Vielleicht leidet dein Hund an einer Augenerkrankung. Eine Hunde-Krankenversicherung hilft, hohe Tierarztkosten abzufedern.<\/p>\n\n<div class=\"banner\">\n    <a href=\"https:\/\/uelzener.de\/hund\/hunde-krankenversicherung\/?agt=0000104925&sem=true&utm_medium=magazin&utm_source=wordpress&utm_campaign=hund_kv&utm_content=banner\">\n        <img decoding=\"async\" width=\"300\" height=\"212\" src=\"https:\/\/uelzener.de\/magazin\/app\/uploads\/2025\/01\/Hunde-Kranken-Versicherung.jpg\" class=\"attachment-medium size-medium\" alt=\"Banner Hunde-Kranken-Versicherung\" \/>    <\/a>\n<\/div>\n\n<h2>Fazit<\/h2>\n<p>Hunde k\u00f6nnen aufgrund der speziellen Anatomie ihrer Augen im Dunkeln besser sehen als im Hellen. Au\u00dferdem sehen sie im Dunkeln besser als wir Menschen. Dies liegt an einer h\u00f6heren Anzahl von St\u00e4bchen, gr\u00f6\u00dferen Pupillen und einer reflektierenden Schicht, dem so genannten Tapetum Lucidum. Die verbesserte Sicht in D\u00e4mmerung und Dunkelheit kann f\u00fcr Hunde irritierend sein, sodass sie sich teilweise ungewohnt verhalten. Passe dein Verhalten in der dunklen Jahreszeit entsprechend an. Nimm ihn an die Leine, erh\u00f6he die Sichtbarkeit mit reflektierender Ausr\u00fcstung und sei auf unberechenbares Verhalten vorbereitet.<\/p>\n\n<div class=\"related_articles boxed\">\n    <h2>Mehr zum Thema<\/h2>\n    \n    <div class=\"wrapper\"><div class=\"title align-center\"><h3><a href=\"https:\/\/uelzener.de\/magazin\/hund\/erziehung-und-training\/dem-hund-das-bellen-abgewoehnen\/\">Dem Hund das Bellen abgew\u00f6hnen: Das musst du wissen<\/a><\/h3><\/div><div class=\"img align-center\"><img decoding=\"async\" width=\"315\" height=\"180\" src=\"https:\/\/uelzener.de\/magazin\/app\/uploads\/2026\/03\/Magazin_Header-1025x450-px-1025x450-px-11-315x180.jpg\" class=\"attachment-315x180 size-315x180 wp-post-image\" alt=\"Hund bellt.\" \/><\/div><\/div><div class=\"wrapper\"><div class=\"title align-center\"><h3><a href=\"https:\/\/uelzener.de\/magazin\/hund\/tipps-fuer-den-alltag\/wandern-mit-hund-tipps-tricks\/\">Wandern mit Hund: Tipps und Tricks f\u00fcr aktive Zwei- und Vierbeiner<\/a><\/h3><\/div><div class=\"img align-center\"><img decoding=\"async\" width=\"315\" height=\"180\" src=\"https:\/\/uelzener.de\/magazin\/app\/uploads\/2023\/03\/wandern-mit-hund-315x180.jpg\" class=\"attachment-315x180 size-315x180 wp-post-image\" alt=\"Fr\u00f6hliche Frau beim Wandern mit kleinem Hund im Rucksack.\" \/><\/div><\/div><div class=\"wrapper\"><div class=\"title align-center\"><h3><a href=\"https:\/\/uelzener.de\/magazin\/hund\/tipps-fuer-den-alltag\/gassi-gehen\/\">Gassi gehen: H\u00e4ufigkeit, Dauer und was das Gesetz vorschreibt<\/a><\/h3><\/div><div class=\"img align-center\"><img decoding=\"async\" width=\"315\" height=\"180\" src=\"https:\/\/uelzener.de\/magazin\/app\/uploads\/2024\/01\/hund-gassi-gehen-315x180.jpg\" class=\"attachment-315x180 size-315x180 wp-post-image\" alt=\"Mehrere Hunde beim Gassigang\" \/><\/div><\/div><\/div>\n\n<h2>FAQ: H\u00e4ufig gestellte Fragen<\/h2>\n<h3>Brauchen Hunde nachts Licht?<\/h3>\n<p>Hunde verf\u00fcgen \u00fcber ein hervorragendes D\u00e4mmerungssehen. In kompletter Dunkelheit sehen sie jedoch ebenso wenig wie wir Menschen. Daher kann es sinnvoll sein, einen finsteren Raum in der Nacht mittels einer k\u00fcnstlichen Lichtquelle etwas zu erhellen. Das gilt am ehesten, wenn ein Hund sich in einer f\u00fcr ihn fremden Umgebung, wie einem Hotelzimmer oder einer Ferienwohnung, aufh\u00e4lt. Da Hunde sich jedoch in bekannter Umgebung mittels Geruchs und ihrer Erinnerung gut orientieren k\u00f6nnen, brauchen sie in ihrer vertrauten Umgebung in der Regel keine zus\u00e4tzliche Beleuchtung.<\/p>\n<h3>Sind Hunde nachtblind?<\/h3>\n<p>Generell k\u00f6nnen Hunde in der Nacht besser sehen als am Tag. Einige Augenerkrankungen k\u00f6nnen jedoch zur Nachtblindheit f\u00fchren. Hat man den Eindruck, dass ein Hund nachts schlecht sehen kann, ist es ratsam, ihn tier\u00e4rztlich untersuchen zu lassen.<\/p>\n<h3>Wie mit Hund im Dunkeln Gassi gehen?<\/h3>\n<p>In der dunklen Jahreszeit muss man mit seinem Hund in D\u00e4mmerung und Dunkelheit Gassi gehen. Bleibt es doch morgens lange dunkel und wird es im Winter bereits am sp\u00e4ten Nachmittag d\u00e4mmerig. Beim Gassigehen sollte man darauf achten, dass Hund und Mensch gut sichtbar sind. Wir sollten also entsprechende Reflektoren beim Gassigehen verwenden. Au\u00dferdem ist es sinnvoll, den Hund an der Leine zu f\u00fchren und besonders achtsam im Verkehr zu sein. Um Hund und Halter Sicherheit zu geben, kann es eine gute Idee sein, m\u00f6glichst bekannte Gassirunden zu w\u00e4hlen.<\/p>\n","protected":false},"excerpt":{"rendered":"<p>In diesem Artikel schauen wir uns die Gr\u00fcnde f\u00fcr die gute Nachtsicht von Hunden an und was man beim Gassigehen in D\u00e4mmerung und Dunkelheit besonders beachten sollte. Hunde sehen im Dunkeln deutlich besser als bei Tageslicht. Dies kann in der dunklen Jahreszeit zu Irritationen mit \u00fcberraschenden Konsequenzen f\u00fchren. Mit besserer Sicht erscheint Vertrautes mitunter bedrohlich [&hellip;]<\/p>\n","protected":false},"author":1,"featured_media":16701,"parent":11707,"menu_order":21,"comment_status":"open","ping_status":"open","template":"templates\/blog.php","meta":{"_acf_changed":false,"_crdt_document":"","footnotes":"","beyondwords_generate_audio":"0","beyondwords_project_id":"","beyondwords_content_id":"","beyondwords_preview_token":"","beyondwords_player_style":"","beyondwords_language_id":"","beyondwords_title_voice_id":"","beyondwords_body_voice_id":"","beyondwords_summary_voice_id":"","beyondwords_error_message":"","beyondwords_disabled":"","beyondwords_delete_content":"","beyondwords_podcast_id":"","beyondwords_hash":"","publish_post_to_speechkit":"","speechkit_hash":"","speechkit_generate_audio":"","speechkit_project_id":"","speechkit_podcast_id":"","speechkit_error_message":"","speechkit_disabled":"","speechkit_access_key":"","speechkit_error":"","speechkit_info":"","speechkit_response":"","speechkit_retries":"","speechkit_status":"","speechkit_updated_at":"","_speechkit_link":"","_speechkit_text":""},"class_list":["post-10097","page","type-page","status-publish","has-post-thumbnail","hentry"],"acf":[],"yoast_head":"<!-- This site is optimized with the Yoast SEO Premium plugin  - https:\/\/yoast.com\/product\/yoast-seo-premium-wordpress\/ -->\n<title>K\u00f6nnen Hunde im Dunkeln sehen? | Uelzener<\/title>\n<meta name=\"description\" content=\"Erfahre \u2713 wie Hunde im Dunkeln sehen und \u2713 wie Du mit Deinem Hund im Dunkeln sicher unterwegs bist! \u25b6 Hier informieren!\" \/>\n<meta name=\"robots\" content=\"index, follow, max-snippet:-1, max-image-preview:large, max-video-preview:-1\" \/>\n<link rel=\"canonical\" href=\"https:\/\/uelzener.de\/magazin\/hund\/tipps-fuer-den-alltag\/koennen-hunde-im-dunkeln-sehen\/\" \/>\n<meta property=\"og:locale\" content=\"de_DE\" \/>\n<meta property=\"og:type\" content=\"article\" \/>\n<meta property=\"og:title\" content=\"K\u00f6nnen Hunde im Dunkeln sehen?\" \/>\n<meta property=\"og:description\" content=\"Erfahre \u2713 wie Hunde im Dunkeln sehen und \u2713 wie Du mit Deinem Hund im Dunkeln sicher unterwegs bist! \u25b6 Hier informieren!\" \/>\n<meta property=\"og:url\" content=\"https:\/\/uelzener.de\/magazin\/hund\/tipps-fuer-den-alltag\/koennen-hunde-im-dunkeln-sehen\/\" \/>\n<meta property=\"og:site_name\" content=\"Uelzener Tier-Magazin\" \/>\n<meta property=\"article:publisher\" content=\"https:\/\/www.facebook.com\/Uelzener\" \/>\n<meta property=\"article:modified_time\" content=\"2026-03-27T14:46:39+00:00\" \/>\n<meta property=\"og:image\" content=\"https:\/\/uelzener.de\/magazin\/app\/uploads\/2023\/11\/koennen-hunde-im-dunkeln-sehen.jpg\" \/>\n\t<meta property=\"og:image:width\" content=\"1025\" \/>\n\t<meta property=\"og:image:height\" content=\"450\" \/>\n\t<meta property=\"og:image:type\" content=\"image\/jpeg\" \/>\n<meta name=\"twitter:card\" content=\"summary_large_image\" \/>\n<meta name=\"twitter:label1\" content=\"Gesch\u00e4tzte Lesezeit\" \/>\n\t<meta name=\"twitter:data1\" content=\"7\u00a0Minuten\" \/>\n<script type=\"application\/ld+json\" class=\"yoast-schema-graph\">{\"@context\":\"https:\\\/\\\/schema.org\",\"@graph\":[{\"@type\":\"WebPage\",\"@id\":\"https:\\\/\\\/uelzener.de\\\/magazin\\\/hund\\\/tipps-fuer-den-alltag\\\/koennen-hunde-im-dunkeln-sehen\\\/\",\"url\":\"https:\\\/\\\/uelzener.de\\\/magazin\\\/hund\\\/tipps-fuer-den-alltag\\\/koennen-hunde-im-dunkeln-sehen\\\/\",\"name\":\"K\u00f6nnen Hunde im Dunkeln sehen? | Uelzener\",\"isPartOf\":{\"@id\":\"https:\\\/\\\/uelzener.de\\\/magazin\\\/#website\"},\"primaryImageOfPage\":{\"@id\":\"https:\\\/\\\/uelzener.de\\\/magazin\\\/hund\\\/tipps-fuer-den-alltag\\\/koennen-hunde-im-dunkeln-sehen\\\/#primaryimage\"},\"image\":{\"@id\":\"https:\\\/\\\/uelzener.de\\\/magazin\\\/hund\\\/tipps-fuer-den-alltag\\\/koennen-hunde-im-dunkeln-sehen\\\/#primaryimage\"},\"thumbnailUrl\":\"https:\\\/\\\/uelzener.de\\\/magazin\\\/app\\\/uploads\\\/2023\\\/11\\\/koennen-hunde-im-dunkeln-sehen.jpg\",\"datePublished\":\"2023-11-15T23:00:00+00:00\",\"dateModified\":\"2026-03-27T14:46:39+00:00\",\"description\":\"Erfahre \u2713 wie Hunde im Dunkeln sehen und \u2713 wie Du mit Deinem Hund im Dunkeln sicher unterwegs bist! \u25b6 Hier informieren!\",\"breadcrumb\":{\"@id\":\"https:\\\/\\\/uelzener.de\\\/magazin\\\/hund\\\/tipps-fuer-den-alltag\\\/koennen-hunde-im-dunkeln-sehen\\\/#breadcrumb\"},\"inLanguage\":\"de\",\"potentialAction\":[{\"@type\":\"ReadAction\",\"target\":[\"https:\\\/\\\/uelzener.de\\\/magazin\\\/hund\\\/tipps-fuer-den-alltag\\\/koennen-hunde-im-dunkeln-sehen\\\/\"]}]},{\"@type\":\"ImageObject\",\"inLanguage\":\"de\",\"@id\":\"https:\\\/\\\/uelzener.de\\\/magazin\\\/hund\\\/tipps-fuer-den-alltag\\\/koennen-hunde-im-dunkeln-sehen\\\/#primaryimage\",\"url\":\"https:\\\/\\\/uelzener.de\\\/magazin\\\/app\\\/uploads\\\/2023\\\/11\\\/koennen-hunde-im-dunkeln-sehen.jpg\",\"contentUrl\":\"https:\\\/\\\/uelzener.de\\\/magazin\\\/app\\\/uploads\\\/2023\\\/11\\\/koennen-hunde-im-dunkeln-sehen.jpg\",\"width\":1025,\"height\":450,\"caption\":\"Hund sitzt drau\u00dfen im Dunkeln. Kann er im Dunkeln sehen?\"},{\"@type\":\"WebSite\",\"@id\":\"https:\\\/\\\/uelzener.de\\\/magazin\\\/#website\",\"url\":\"https:\\\/\\\/uelzener.de\\\/magazin\\\/\",\"name\":\"Uelzener Tiermagazin\",\"description\":\"Online Tierratgeber der Uelzener Versicherungen\",\"publisher\":{\"@id\":\"https:\\\/\\\/uelzener.de\\\/magazin\\\/#organization\"},\"potentialAction\":[{\"@type\":\"SearchAction\",\"target\":{\"@type\":\"EntryPoint\",\"urlTemplate\":\"https:\\\/\\\/uelzener.de\\\/magazin\\\/?s={search_term_string}\"},\"query-input\":{\"@type\":\"PropertyValueSpecification\",\"valueRequired\":true,\"valueName\":\"search_term_string\"}}],\"inLanguage\":\"de\"},{\"@type\":\"Organization\",\"@id\":\"https:\\\/\\\/uelzener.de\\\/magazin\\\/#organization\",\"name\":\"Uelzener Versicherungen\",\"url\":\"https:\\\/\\\/uelzener.de\\\/magazin\\\/\",\"logo\":{\"@type\":\"ImageObject\",\"inLanguage\":\"de\",\"@id\":\"https:\\\/\\\/uelzener.de\\\/magazin\\\/#\\\/schema\\\/logo\\\/image\\\/\",\"url\":\"https:\\\/\\\/uelzener.de\\\/magazin\\\/app\\\/uploads\\\/2024\\\/11\\\/uelzener_allgemeine_versicherungsgesellschaft_a_g_logo.jpg\",\"contentUrl\":\"https:\\\/\\\/uelzener.de\\\/magazin\\\/app\\\/uploads\\\/2024\\\/11\\\/uelzener_allgemeine_versicherungsgesellschaft_a_g_logo.jpg\",\"width\":200,\"height\":200,\"caption\":\"Uelzener Versicherungen\"},\"image\":{\"@id\":\"https:\\\/\\\/uelzener.de\\\/magazin\\\/#\\\/schema\\\/logo\\\/image\\\/\"},\"sameAs\":[\"https:\\\/\\\/www.facebook.com\\\/Uelzener\",\"https:\\\/\\\/instagram.com\\\/uelzener\",\"https:\\\/\\\/www.xing.com\\\/pages\\\/uelzenerallgemeineversicherungs-gesellschafta-g\",\"https:\\\/\\\/www.youtube.com\\\/UelzenerVersicherungen\"]}]}<\/script>\n<!-- \/ Yoast SEO Premium plugin. -->","yoast_head_json":{"title":"K\u00f6nnen Hunde im Dunkeln sehen? | Uelzener","description":"Erfahre \u2713 wie Hunde im Dunkeln sehen und \u2713 wie Du mit Deinem Hund im Dunkeln sicher unterwegs bist! \u25b6 Hier informieren!","robots":{"index":"index","follow":"follow","max-snippet":"max-snippet:-1","max-image-preview":"max-image-preview:large","max-video-preview":"max-video-preview:-1"},"canonical":"https:\/\/uelzener.de\/magazin\/hund\/tipps-fuer-den-alltag\/koennen-hunde-im-dunkeln-sehen\/","og_locale":"de_DE","og_type":"article","og_title":"K\u00f6nnen Hunde im Dunkeln sehen?","og_description":"Erfahre \u2713 wie Hunde im Dunkeln sehen und \u2713 wie Du mit Deinem Hund im Dunkeln sicher unterwegs bist! \u25b6 Hier informieren!","og_url":"https:\/\/uelzener.de\/magazin\/hund\/tipps-fuer-den-alltag\/koennen-hunde-im-dunkeln-sehen\/","og_site_name":"Uelzener Tier-Magazin","article_publisher":"https:\/\/www.facebook.com\/Uelzener","article_modified_time":"2026-03-27T14:46:39+00:00","og_image":[{"width":1025,"height":450,"url":"https:\/\/uelzener.de\/magazin\/app\/uploads\/2023\/11\/koennen-hunde-im-dunkeln-sehen.jpg","type":"image\/jpeg"}],"twitter_card":"summary_large_image","twitter_misc":{"Gesch\u00e4tzte Lesezeit":"7\u00a0Minuten"},"schema":{"@context":"https:\/\/schema.org","@graph":[{"@type":"WebPage","@id":"https:\/\/uelzener.de\/magazin\/hund\/tipps-fuer-den-alltag\/koennen-hunde-im-dunkeln-sehen\/","url":"https:\/\/uelzener.de\/magazin\/hund\/tipps-fuer-den-alltag\/koennen-hunde-im-dunkeln-sehen\/","name":"K\u00f6nnen Hunde im Dunkeln sehen? | Uelzener","isPartOf":{"@id":"https:\/\/uelzener.de\/magazin\/#website"},"primaryImageOfPage":{"@id":"https:\/\/uelzener.de\/magazin\/hund\/tipps-fuer-den-alltag\/koennen-hunde-im-dunkeln-sehen\/#primaryimage"},"image":{"@id":"https:\/\/uelzener.de\/magazin\/hund\/tipps-fuer-den-alltag\/koennen-hunde-im-dunkeln-sehen\/#primaryimage"},"thumbnailUrl":"https:\/\/uelzener.de\/magazin\/app\/uploads\/2023\/11\/koennen-hunde-im-dunkeln-sehen.jpg","datePublished":"2023-11-15T23:00:00+00:00","dateModified":"2026-03-27T14:46:39+00:00","description":"Erfahre \u2713 wie Hunde im Dunkeln sehen und \u2713 wie Du mit Deinem Hund im Dunkeln sicher unterwegs bist! \u25b6 Hier informieren!","breadcrumb":{"@id":"https:\/\/uelzener.de\/magazin\/hund\/tipps-fuer-den-alltag\/koennen-hunde-im-dunkeln-sehen\/#breadcrumb"},"inLanguage":"de","potentialAction":[{"@type":"ReadAction","target":["https:\/\/uelzener.de\/magazin\/hund\/tipps-fuer-den-alltag\/koennen-hunde-im-dunkeln-sehen\/"]}]},{"@type":"ImageObject","inLanguage":"de","@id":"https:\/\/uelzener.de\/magazin\/hund\/tipps-fuer-den-alltag\/koennen-hunde-im-dunkeln-sehen\/#primaryimage","url":"https:\/\/uelzener.de\/magazin\/app\/uploads\/2023\/11\/koennen-hunde-im-dunkeln-sehen.jpg","contentUrl":"https:\/\/uelzener.de\/magazin\/app\/uploads\/2023\/11\/koennen-hunde-im-dunkeln-sehen.jpg","width":1025,"height":450,"caption":"Hund sitzt drau\u00dfen im Dunkeln. Kann er im Dunkeln sehen?"},{"@type":"WebSite","@id":"https:\/\/uelzener.de\/magazin\/#website","url":"https:\/\/uelzener.de\/magazin\/","name":"Uelzener Tiermagazin","description":"Online Tierratgeber der Uelzener Versicherungen","publisher":{"@id":"https:\/\/uelzener.de\/magazin\/#organization"},"potentialAction":[{"@type":"SearchAction","target":{"@type":"EntryPoint","urlTemplate":"https:\/\/uelzener.de\/magazin\/?s={search_term_string}"},"query-input":{"@type":"PropertyValueSpecification","valueRequired":true,"valueName":"search_term_string"}}],"inLanguage":"de"},{"@type":"Organization","@id":"https:\/\/uelzener.de\/magazin\/#organization","name":"Uelzener Versicherungen","url":"https:\/\/uelzener.de\/magazin\/","logo":{"@type":"ImageObject","inLanguage":"de","@id":"https:\/\/uelzener.de\/magazin\/#\/schema\/logo\/image\/","url":"https:\/\/uelzener.de\/magazin\/app\/uploads\/2024\/11\/uelzener_allgemeine_versicherungsgesellschaft_a_g_logo.jpg","contentUrl":"https:\/\/uelzener.de\/magazin\/app\/uploads\/2024\/11\/uelzener_allgemeine_versicherungsgesellschaft_a_g_logo.jpg","width":200,"height":200,"caption":"Uelzener Versicherungen"},"image":{"@id":"https:\/\/uelzener.de\/magazin\/#\/schema\/logo\/image\/"},"sameAs":["https:\/\/www.facebook.com\/Uelzener","https:\/\/instagram.com\/uelzener","https:\/\/www.xing.com\/pages\/uelzenerallgemeineversicherungs-gesellschafta-g","https:\/\/www.youtube.com\/UelzenerVersicherungen"]}]}},"_links":{"self":[{"href":"https:\/\/uelzener.de\/magazin\/wp-json\/wp\/v2\/pages\/10097","targetHints":{"allow":["GET"]}}],"collection":[{"href":"https:\/\/uelzener.de\/magazin\/wp-json\/wp\/v2\/pages"}],"about":[{"href":"https:\/\/uelzener.de\/magazin\/wp-json\/wp\/v2\/types\/page"}],"author":[{"embeddable":true,"href":"https:\/\/uelzener.de\/magazin\/wp-json\/wp\/v2\/users\/1"}],"replies":[{"embeddable":true,"href":"https:\/\/uelzener.de\/magazin\/wp-json\/wp\/v2\/comments?post=10097"}],"version-history":[{"count":20,"href":"https:\/\/uelzener.de\/magazin\/wp-json\/wp\/v2\/pages\/10097\/revisions"}],"predecessor-version":[{"id":19861,"href":"https:\/\/uelzener.de\/magazin\/wp-json\/wp\/v2\/pages\/10097\/revisions\/19861"}],"up":[{"embeddable":true,"href":"https:\/\/uelzener.de\/magazin\/wp-json\/wp\/v2\/pages\/11707"}],"wp:featuredmedia":[{"embeddable":true,"href":"https:\/\/uelzener.de\/magazin\/wp-json\/wp\/v2\/media\/16701"}],"wp:attachment":[{"href":"https:\/\/uelzener.de\/magazin\/wp-json\/wp\/v2\/media?parent=10097"}],"curies":[{"name":"wp","href":"https:\/\/api.w.org\/{rel}","templated":true}]}}