{"id":10096,"date":"2019-05-07T00:00:00","date_gmt":"2019-05-07T00:00:00","guid":{"rendered":""},"modified":"2025-09-11T11:54:40","modified_gmt":"2025-09-11T09:54:40","slug":"eichenprozessionsspinner-pferd","status":"publish","type":"page","link":"https:\/\/uelzener.de\/magazin\/pferd\/tiergesundheit\/eichenprozessionsspinner-pferd\/","title":{"rendered":"Eichenprozessions&shy;spinner: F\u00fcr Pferde eine Gefahr!"},"content":{"rendered":"<p><strong>Der Eichenprozessionsspinner ist eine Gefahr f\u00fcr Mensch und Pferd. Die Brennhaare der Raupe sind lebensbedrohlich. Ein erh\u00f6htes Risiko besteht von Mai bis Juli. Wir kl\u00e4ren Dich \u00fcber den Eichenprozessionsspinner auf und geben Tipps f\u00fcr die Gesundheit unserer Stallkollegen.<\/strong><\/p>\n<p>Unscheinbar, grau und nur f\u00fcnf Zentimeter gro\u00df: Trotzdem ist der Eichenprozessionsspinner eine Gefahr f\u00fcr Mensch und Tier. Bereits seit Anfang der Neunzigerjahre breitet er sich in Deutschland vermehrt aus.<\/p>\n<p>Die Raupen durch\u00adlaufen sechs Larven\u00adstadien. Ab dem dritten Larven\u00adstadium \u2013 Anfang Mai \u2013 entwickeln sich die Brenn\u00adhaare mit dem giftigen Thaumetopoein, welches lebensbedrohliche Symptome bei Mensch und Tier ausl\u00f6sen kann. Die Raupen werfen nach jedem Stadium die alte Haut ab. Bei jedem Entwicklungszyklus nimmt die Zahl und L\u00e4nge der Brennhaare zu. Eine Raupe besitzt rund 600.000 Haare. Ein Mensch hingegen hat nur knapp 150.000 Haare am Kopf. Die H\u00e4rchen k\u00f6nnen leicht abbrechen und legen anschlie\u00dfend weite Strecken in der Luft zur\u00fcck. Allein eine Ber\u00fchrung reicht aus, um mit dem Gift in Kontakt zu kommen.<\/p>\n<p><strong>Steckbrief: Eichenprozessionsspinner <\/strong><\/p>\n<ul>\n<li>Gr\u00f6\u00dfe: 3 Zentimeter (Falter), 5 Zentimeter (Raupe)<\/li>\n<li>Farbe: grau-braun (Falter), grau mit gelbbraunen F\u00fchlern<\/li>\n<li>Familie: Schmetterlinge-Nachtfalter<\/li>\n<li>Heimat: Europa<\/li>\n<li>Befall: vorwiegend Eichen<\/li>\n<li>Gift: Brennhaare enthalten Thaumetopoein<\/li>\n<li>Entwicklung: Raupe durchl\u00e4uft 6 Stadien, ab Juli verpuppt sich die Raupe, nach zirka 3 bis 5 Wochen schl\u00fcft ein Schmetterling<\/li>\n<li>Feinde: Puppenr\u00e4uber, Raupenfliegen, Schlupfwespen, Wiedehopf und Kuckuck<\/li>\n<\/ul>\n<h2>Schwellungen, R\u00f6tungen, Atemnot: Klassische Symptome des Eichenprozessionsspinners<\/h2>\n<p>Bei Menschen sowie Tieren sind Schwellungen und Ausschlag ein h\u00e4ufiges Symptom des Nesselgiftes. Der K\u00f6rper reagiert in der Regel prompt auf die Ber\u00fchrung mit den Haaren der Raupe. Die Brennhaare k\u00f6nnen sich durch ihre Widerhaken an Schleimh\u00e4uten festsetzen und schwere allergische Reaktionen ausl\u00f6sen. Die gef\u00e4hrlichen H\u00e4rchen sind so fein, dass sie sogar unter die Hautoberfl\u00e4che und in den Glask\u00f6rper des <a href=\"https:\/\/uelzener.de\/magazin\/pferd\/tiergesundheit\/pferdeauge-sensibles-sehorgan\/\">Auge<\/a>s eintreten k\u00f6nnen. Akute Gefahr besteht, sobald die <a href=\"https:\/\/uelzener.de\/magazin\/pferd\/tiergesundheit\/daempfigkeit-atemwegserkrankungen-beim-pferd\/\">Atemwege<\/a> angegriffen werden. Die Luftwege schwellen an und hindern das Pferd beim Atmen. Pferdehalter sollten umgehend den Tierarzt verst\u00e4ndigen und die Schwellungen k\u00fchlen.<\/p>\n<p>Die h\u00f6chste Gefahr lauert von Mai bis Juli. Trotzdem k\u00f6nnen Eichenprozessionsspinner das gesamte Jahr zu einem Risiko werden. Das Gift in den Brennhaaren bleibt mehrere Jahre aktiv. Tr\u00e4nken sowie Stroh aus Risikogebieten kann eine Gefahr f\u00fcr Pferde sein.<\/p>\n<p><strong>Symptome im \u00dcberblick:<\/strong><\/p>\n<ul>\n<li>R\u00f6tung<\/li>\n<li>Schwellung<\/li>\n<li>Kn\u00f6tchen<\/li>\n<li>Eiterbl\u00e4schen<\/li>\n<li>Juckreiz<\/li>\n<li>Fieber<\/li>\n<li>Reizung Mund und Nasenschleimhaut<\/li>\n<li>geschwollene Lider<\/li>\n<li>Schwindel<\/li>\n<li>M\u00fcdigkeit<\/li>\n<\/ul>\n<p><img decoding=\"async\" src=\"\/magazin\/app\/uploads\/2021\/02\/206b5ffc-9e82-4b65-b9a5-72935d3b6caf.jpg\" \/><\/p>\n<p>Die Raupen befallen \u2013 wie der Name schon sagt \u2013 Eichen. Ihre Nester befinden sich in der Krone sowie an den St\u00e4mmen. Selbst f\u00fcr Laien sind die Eichenprozessionsspinner leicht zu erkennen. Die Gespinstnester bleiben an den B\u00e4umen h\u00e4ngen. Ein wei\u00dfer Schleier umh\u00fcllt die Eichen. Die ausgebildeten Schmetterlinge sind \u00fcbrigens grau-braun und leicht mit Motten zu verwechseln. Vom Falter geht jedoch keine direkte Gefahr mehr aus.<\/p>\n<p>Es gibt zwei M\u00f6glichkeiten, die Spinner zu bek\u00e4mpfen. Langfristig k\u00f6nnen Insektizide die Eichenprozessionsspinner von den B\u00e4umen fernhalten. Sie werden mit speziellen Maschinen oder mittels eines Hubschraubers auf die Eichen gespr\u00fcht. Dieser Einsatz macht nur zu Beginn des Fr\u00fchjahrs Sinn, wenn die Larven sich maximal im zweiten Raupenstadium befinden. Die Nester k\u00f6nnen nur mechanisch entfernt werden. Spezielle Sauger, Abflammen oder der Einsatz von Wasser kommen dann zum Einsatz.<\/p>\n<p>Beide Methoden sind nicht f\u00fcr den Laien geeignet. Bei unsachgem\u00e4\u00dfer Entfernung besteht die Gefahr, dass die Haare sich verteilen. Experten verf\u00fcgen zudem \u00fcber Schutzkleidung und Arbeitsger\u00e4te, um auch in die Kronen zu gelangen. Pferdebesitzer sollten die Augen offen halten und beim Fund von Nestern den Grundst\u00fcckeigent\u00fcmer bzw. das Ordnungsamt informieren.<\/p>\n<p><strong>Checkliste:<\/strong><\/p>\n<ul>\n<li>Nester ausfindig machen<\/li>\n<li>Eichenprozessionsspinnerfund bei Ordnungsamt sowie Grundst\u00fcckseigent\u00fcmer melden<\/li>\n<li>nur Spezialfirmen sollten Raupen bek\u00e4mpfen<\/li>\n<li>Heu in Risikogebieten kontrollieren<\/li>\n<li>im Notfall: Schwellung k\u00fchlen und Tierarzt verst\u00e4ndigen<\/li>\n<\/ul>\n<h2>Gefahr f\u00fcr Hund und Katze<\/h2>\n<p>Eichenprozessionsspinner sind auch f\u00fcr Hunde und Katzen eine Gefahr. Egal ob Mensch, Pferd oder Haustier, die Symptome sind sehr \u00e4hnlich. Das Gift in den Haaren bleibt auch in den alten Nestern mehrere Jahre wirksam. Die Symptome k\u00f6nnen auch im Herbst und Winter auftreten. Hunde k\u00f6nnen bereits beim neugierigen Gest\u00f6ber im Unterholz auf die Haare treffen und Katzen finden die Nester in den B\u00e4umen spannend.<\/p>\n<p>Im Notfall sollten Hund und Katze gewaschen und von den H\u00e4rchen befreit werden. Bei Kontakt mit den Augen hilft sofortiges Aussp\u00fclen. Achtung: Zum Schutz sollten Hundehalter sich mit Handschuhen und Mundschutz wappnen. Und auch hier ist im Ernstfall der Kontakt mit dem Tierarzt die beste Wahl.<\/p>\n<h2><span style=\"color: #434343;\">Weitere Gefahren aus der Natur<\/span><\/h2>\n<p><span style=\"color: #434343;\">Nicht nur der Eichenprozessionsspinner stellt f\u00fcr Pferde eine Gefahr aus der Natur dar. Auch Pflanzen k\u00f6nnen ein t\u00f6dliches Risiko bergen. So stellen beispielsweise die Samen und Keimlinge des Bergahorns f\u00fcr Pferde im Fr\u00fchjahr und Herbst eine erh\u00f6hte Gefahr dar. Denn der in den Samen und Keimlingen enthaltene Giftstoff Hypoglycin A kann eine <\/span><strong>Weidemyopathie<\/strong><span style=\"color: #434343;\"> beim Pferd ausl\u00f6sen, die bei schweren Verl\u00e4ufen mitunter t\u00f6dlich endet.<\/span><\/p>\n\n<div class=\"related_articles boxed\">\n    <h2>Mehr zum Thema<\/h2>\n    \n    <div class=\"wrapper\"><div class=\"title align-center\"><h3><a href=\"https:\/\/uelzener.de\/magazin\/hund\/tiergesundheit\/eichenprozessionsspinner-hund-und-katze\/\">Eichenprozessions&shy;spinner: Hund und Katze in Gefahr<\/a><\/h3><\/div><div class=\"img align-center\"><img decoding=\"async\" width=\"315\" height=\"180\" src=\"https:\/\/uelzener.de\/magazin\/app\/uploads\/2021\/10\/Eichenprozessionsspinner-315x180.jpg\" class=\"attachment-315x180 size-315x180 wp-post-image\" alt=\"In der Natur steht ein Warnschild vor den Eichenprozessionsspinner, Sie k\u00f6nnen sowohl f\u00fcr Hunde als auch Katze gef\u00e4hrlich sein.\" \/><\/div><\/div><div class=\"wrapper\"><div class=\"title align-center\"><h3><a href=\"https:\/\/uelzener.de\/magazin\/pferd\/tiergesundheit\/weidemyopathie\/\">Weidemyopathie: T\u00f6dliche Gefahr f\u00fcr Pferde<\/a><\/h3><\/div><div class=\"img align-center\"><img decoding=\"async\" width=\"315\" height=\"180\" src=\"https:\/\/uelzener.de\/magazin\/app\/uploads\/2020\/06\/8698f074-698d-4e0d-9a97-4f4ced7818e6-e1631779942820-315x180.jpg\" class=\"attachment-315x180 size-315x180 wp-post-image\" alt=\"\" \/><\/div><\/div><\/div>\n\n<p>Da man sich und das Pferd nie zu 100% vor Gefahren sch\u00fctzen kann ist es wichtig, dass man eine gute Pferde-Krankenversicherung abschlie\u00dft, damit die Pferdebesitzer:innen nicht auf den m\u00f6glichen hohen Tierarztkosten sitzenbleiben.<\/p>\n\n<div class=\"banner\">\n    <a href=\"https:\/\/uelzener.de\/pferd\/herden-versicherung\/?agt=0000104925&sem=true&utm_medium=magazin&utm_source=wordpress&utm_campaign=pferd_kv&utm_content=banner    \">\n        <img decoding=\"async\" width=\"300\" height=\"212\" src=\"https:\/\/uelzener.de\/magazin\/app\/uploads\/2025\/01\/Pferde-Kranken-Versicherung.jpg\" class=\"attachment-medium size-medium\" alt=\"Banner Pferde-Kranken-Versicherung\" \/>    <\/a>\n<\/div>\n\n","protected":false},"excerpt":{"rendered":"<p>Der Eichenprozessionsspinner ist eine Gefahr f\u00fcr Mensch und Pferd. Die Brennhaare der Raupe sind lebensbedrohlich. Ein erh\u00f6htes Risiko besteht von Mai bis Juli. Wir kl\u00e4ren Dich \u00fcber den Eichenprozessionsspinner auf und geben Tipps f\u00fcr die Gesundheit unserer Stallkollegen. Unscheinbar, grau und nur f\u00fcnf Zentimeter gro\u00df: Trotzdem ist der Eichenprozessionsspinner eine Gefahr f\u00fcr Mensch und Tier. [&hellip;]<\/p>\n","protected":false},"author":1,"featured_media":10686,"parent":11706,"menu_order":65,"comment_status":"open","ping_status":"open","template":"templates\/blog.php","meta":{"_acf_changed":false,"_crdt_document":"","footnotes":"","beyondwords_generate_audio":"0","beyondwords_project_id":"","beyondwords_content_id":"","beyondwords_preview_token":"","beyondwords_player_style":"","beyondwords_language_id":"","beyondwords_title_voice_id":"","beyondwords_body_voice_id":"","beyondwords_summary_voice_id":"","beyondwords_error_message":"","beyondwords_disabled":"","beyondwords_delete_content":"","beyondwords_podcast_id":"","beyondwords_hash":"","publish_post_to_speechkit":"","speechkit_hash":"","speechkit_generate_audio":"","speechkit_project_id":"","speechkit_podcast_id":"","speechkit_error_message":"","speechkit_disabled":"","speechkit_access_key":"","speechkit_error":"","speechkit_info":"","speechkit_response":"","speechkit_retries":"","speechkit_status":"","speechkit_updated_at":"","_speechkit_link":"","_speechkit_text":""},"class_list":["post-10096","page","type-page","status-publish","has-post-thumbnail","hentry"],"acf":[],"yoast_head":"<!-- This site is optimized with the Yoast SEO Premium plugin  - https:\/\/yoast.com\/product\/yoast-seo-premium-wordpress\/ -->\n<title>Eichenprozessionsspinner \u2013 f\u00fcr Pferde eine Gefahr! | Uelzener<\/title>\n<meta name=\"description\" content=\"Auch f\u00fcr Pferde sind Eichenprozessionsspinner gef\u00e4hrlich. \u25b6 Erfahre hier alles zu \u2713 Symptomen \u2713 Behandlung \u2713 Vorbeugung!\" \/>\n<meta name=\"robots\" content=\"index, follow, max-snippet:-1, max-image-preview:large, max-video-preview:-1\" \/>\n<link rel=\"canonical\" href=\"https:\/\/uelzener.de\/magazin\/pferd\/tiergesundheit\/eichenprozessionsspinner-pferd\/\" \/>\n<meta property=\"og:locale\" content=\"de_DE\" \/>\n<meta property=\"og:type\" content=\"article\" \/>\n<meta property=\"og:title\" content=\"Eichenprozessions&shy;spinner: F\u00fcr Pferde eine Gefahr!\" \/>\n<meta property=\"og:description\" content=\"Auch f\u00fcr Pferde sind Eichenprozessionsspinner gef\u00e4hrlich. \u25b6 Erfahre hier alles zu \u2713 Symptomen \u2713 Behandlung \u2713 Vorbeugung!\" \/>\n<meta property=\"og:url\" content=\"https:\/\/uelzener.de\/magazin\/pferd\/tiergesundheit\/eichenprozessionsspinner-pferd\/\" \/>\n<meta property=\"og:site_name\" content=\"Uelzener Tier-Magazin\" \/>\n<meta property=\"article:publisher\" content=\"https:\/\/www.facebook.com\/Uelzener\" \/>\n<meta property=\"article:modified_time\" content=\"2025-09-11T09:54:40+00:00\" \/>\n<meta property=\"og:image\" content=\"https:\/\/uelzener.de\/magazin\/app\/uploads\/2019\/05\/63cb17aa-7af0-409d-a5bc-f5c3bd823c96.jpg\" \/>\n\t<meta property=\"og:image:width\" content=\"650\" \/>\n\t<meta property=\"og:image:height\" content=\"433\" \/>\n\t<meta property=\"og:image:type\" content=\"image\/jpeg\" \/>\n<meta name=\"twitter:card\" content=\"summary_large_image\" \/>\n<meta name=\"twitter:label1\" content=\"Gesch\u00e4tzte Lesezeit\" \/>\n\t<meta name=\"twitter:data1\" content=\"5\u00a0Minuten\" \/>\n<script type=\"application\/ld+json\" class=\"yoast-schema-graph\">{\"@context\":\"https:\/\/schema.org\",\"@graph\":[{\"@type\":\"WebPage\",\"@id\":\"https:\/\/uelzener.de\/magazin\/pferd\/tiergesundheit\/eichenprozessionsspinner-pferd\/\",\"url\":\"https:\/\/uelzener.de\/magazin\/pferd\/tiergesundheit\/eichenprozessionsspinner-pferd\/\",\"name\":\"Eichenprozessionsspinner \u2013 f\u00fcr Pferde eine Gefahr! | Uelzener\",\"isPartOf\":{\"@id\":\"https:\/\/uelzener.de\/magazin\/#website\"},\"primaryImageOfPage\":{\"@id\":\"https:\/\/uelzener.de\/magazin\/pferd\/tiergesundheit\/eichenprozessionsspinner-pferd\/#primaryimage\"},\"image\":{\"@id\":\"https:\/\/uelzener.de\/magazin\/pferd\/tiergesundheit\/eichenprozessionsspinner-pferd\/#primaryimage\"},\"thumbnailUrl\":\"https:\/\/uelzener.de\/magazin\/app\/uploads\/2019\/05\/63cb17aa-7af0-409d-a5bc-f5c3bd823c96.jpg\",\"datePublished\":\"2019-05-07T00:00:00+00:00\",\"dateModified\":\"2025-09-11T09:54:40+00:00\",\"description\":\"Auch f\u00fcr Pferde sind Eichenprozessionsspinner gef\u00e4hrlich. \u25b6 Erfahre hier alles zu \u2713 Symptomen \u2713 Behandlung \u2713 Vorbeugung!\",\"breadcrumb\":{\"@id\":\"https:\/\/uelzener.de\/magazin\/pferd\/tiergesundheit\/eichenprozessionsspinner-pferd\/#breadcrumb\"},\"inLanguage\":\"de\",\"potentialAction\":[{\"@type\":\"ReadAction\",\"target\":[\"https:\/\/uelzener.de\/magazin\/pferd\/tiergesundheit\/eichenprozessionsspinner-pferd\/\"]}]},{\"@type\":\"ImageObject\",\"inLanguage\":\"de\",\"@id\":\"https:\/\/uelzener.de\/magazin\/pferd\/tiergesundheit\/eichenprozessionsspinner-pferd\/#primaryimage\",\"url\":\"https:\/\/uelzener.de\/magazin\/app\/uploads\/2019\/05\/63cb17aa-7af0-409d-a5bc-f5c3bd823c96.jpg\",\"contentUrl\":\"https:\/\/uelzener.de\/magazin\/app\/uploads\/2019\/05\/63cb17aa-7af0-409d-a5bc-f5c3bd823c96.jpg\",\"width\":650,\"height\":433,\"caption\":\"Vorsicht! Eichenprozessionsspinner. Besonders zwischen Mai und Juni k\u00f6nnen die giftigen Haare der Insekten Mensch und Tier gef\u00e4hrden.\"},{\"@type\":\"WebSite\",\"@id\":\"https:\/\/uelzener.de\/magazin\/#website\",\"url\":\"https:\/\/uelzener.de\/magazin\/\",\"name\":\"Uelzener Tiermagazin\",\"description\":\"Online Tierratgeber der Uelzener Versicherungen\",\"publisher\":{\"@id\":\"https:\/\/uelzener.de\/magazin\/#organization\"},\"potentialAction\":[{\"@type\":\"SearchAction\",\"target\":{\"@type\":\"EntryPoint\",\"urlTemplate\":\"https:\/\/uelzener.de\/magazin\/?s={search_term_string}\"},\"query-input\":{\"@type\":\"PropertyValueSpecification\",\"valueRequired\":true,\"valueName\":\"search_term_string\"}}],\"inLanguage\":\"de\"},{\"@type\":\"Organization\",\"@id\":\"https:\/\/uelzener.de\/magazin\/#organization\",\"name\":\"Uelzener Versicherungen\",\"url\":\"https:\/\/uelzener.de\/magazin\/\",\"logo\":{\"@type\":\"ImageObject\",\"inLanguage\":\"de\",\"@id\":\"https:\/\/uelzener.de\/magazin\/#\/schema\/logo\/image\/\",\"url\":\"https:\/\/uelzener.de\/magazin\/app\/uploads\/2024\/11\/uelzener_allgemeine_versicherungsgesellschaft_a_g_logo.jpg\",\"contentUrl\":\"https:\/\/uelzener.de\/magazin\/app\/uploads\/2024\/11\/uelzener_allgemeine_versicherungsgesellschaft_a_g_logo.jpg\",\"width\":200,\"height\":200,\"caption\":\"Uelzener Versicherungen\"},\"image\":{\"@id\":\"https:\/\/uelzener.de\/magazin\/#\/schema\/logo\/image\/\"},\"sameAs\":[\"https:\/\/www.facebook.com\/Uelzener\",\"https:\/\/instagram.com\/uelzener\",\"https:\/\/www.xing.com\/pages\/uelzenerallgemeineversicherungs-gesellschafta-g\",\"https:\/\/www.youtube.com\/UelzenerVersicherungen\"]}]}<\/script>\n<!-- \/ Yoast SEO Premium plugin. -->","yoast_head_json":{"title":"Eichenprozessionsspinner \u2013 f\u00fcr Pferde eine Gefahr! | Uelzener","description":"Auch f\u00fcr Pferde sind Eichenprozessionsspinner gef\u00e4hrlich. \u25b6 Erfahre hier alles zu \u2713 Symptomen \u2713 Behandlung \u2713 Vorbeugung!","robots":{"index":"index","follow":"follow","max-snippet":"max-snippet:-1","max-image-preview":"max-image-preview:large","max-video-preview":"max-video-preview:-1"},"canonical":"https:\/\/uelzener.de\/magazin\/pferd\/tiergesundheit\/eichenprozessionsspinner-pferd\/","og_locale":"de_DE","og_type":"article","og_title":"Eichenprozessions&shy;spinner: F\u00fcr Pferde eine Gefahr!","og_description":"Auch f\u00fcr Pferde sind Eichenprozessionsspinner gef\u00e4hrlich. \u25b6 Erfahre hier alles zu \u2713 Symptomen \u2713 Behandlung \u2713 Vorbeugung!","og_url":"https:\/\/uelzener.de\/magazin\/pferd\/tiergesundheit\/eichenprozessionsspinner-pferd\/","og_site_name":"Uelzener Tier-Magazin","article_publisher":"https:\/\/www.facebook.com\/Uelzener","article_modified_time":"2025-09-11T09:54:40+00:00","og_image":[{"width":650,"height":433,"url":"https:\/\/uelzener.de\/magazin\/app\/uploads\/2019\/05\/63cb17aa-7af0-409d-a5bc-f5c3bd823c96.jpg","type":"image\/jpeg"}],"twitter_card":"summary_large_image","twitter_misc":{"Gesch\u00e4tzte Lesezeit":"5\u00a0Minuten"},"schema":{"@context":"https:\/\/schema.org","@graph":[{"@type":"WebPage","@id":"https:\/\/uelzener.de\/magazin\/pferd\/tiergesundheit\/eichenprozessionsspinner-pferd\/","url":"https:\/\/uelzener.de\/magazin\/pferd\/tiergesundheit\/eichenprozessionsspinner-pferd\/","name":"Eichenprozessionsspinner \u2013 f\u00fcr Pferde eine Gefahr! | Uelzener","isPartOf":{"@id":"https:\/\/uelzener.de\/magazin\/#website"},"primaryImageOfPage":{"@id":"https:\/\/uelzener.de\/magazin\/pferd\/tiergesundheit\/eichenprozessionsspinner-pferd\/#primaryimage"},"image":{"@id":"https:\/\/uelzener.de\/magazin\/pferd\/tiergesundheit\/eichenprozessionsspinner-pferd\/#primaryimage"},"thumbnailUrl":"https:\/\/uelzener.de\/magazin\/app\/uploads\/2019\/05\/63cb17aa-7af0-409d-a5bc-f5c3bd823c96.jpg","datePublished":"2019-05-07T00:00:00+00:00","dateModified":"2025-09-11T09:54:40+00:00","description":"Auch f\u00fcr Pferde sind Eichenprozessionsspinner gef\u00e4hrlich. \u25b6 Erfahre hier alles zu \u2713 Symptomen \u2713 Behandlung \u2713 Vorbeugung!","breadcrumb":{"@id":"https:\/\/uelzener.de\/magazin\/pferd\/tiergesundheit\/eichenprozessionsspinner-pferd\/#breadcrumb"},"inLanguage":"de","potentialAction":[{"@type":"ReadAction","target":["https:\/\/uelzener.de\/magazin\/pferd\/tiergesundheit\/eichenprozessionsspinner-pferd\/"]}]},{"@type":"ImageObject","inLanguage":"de","@id":"https:\/\/uelzener.de\/magazin\/pferd\/tiergesundheit\/eichenprozessionsspinner-pferd\/#primaryimage","url":"https:\/\/uelzener.de\/magazin\/app\/uploads\/2019\/05\/63cb17aa-7af0-409d-a5bc-f5c3bd823c96.jpg","contentUrl":"https:\/\/uelzener.de\/magazin\/app\/uploads\/2019\/05\/63cb17aa-7af0-409d-a5bc-f5c3bd823c96.jpg","width":650,"height":433,"caption":"Vorsicht! Eichenprozessionsspinner. Besonders zwischen Mai und Juni k\u00f6nnen die giftigen Haare der Insekten Mensch und Tier gef\u00e4hrden."},{"@type":"WebSite","@id":"https:\/\/uelzener.de\/magazin\/#website","url":"https:\/\/uelzener.de\/magazin\/","name":"Uelzener Tiermagazin","description":"Online Tierratgeber der Uelzener Versicherungen","publisher":{"@id":"https:\/\/uelzener.de\/magazin\/#organization"},"potentialAction":[{"@type":"SearchAction","target":{"@type":"EntryPoint","urlTemplate":"https:\/\/uelzener.de\/magazin\/?s={search_term_string}"},"query-input":{"@type":"PropertyValueSpecification","valueRequired":true,"valueName":"search_term_string"}}],"inLanguage":"de"},{"@type":"Organization","@id":"https:\/\/uelzener.de\/magazin\/#organization","name":"Uelzener Versicherungen","url":"https:\/\/uelzener.de\/magazin\/","logo":{"@type":"ImageObject","inLanguage":"de","@id":"https:\/\/uelzener.de\/magazin\/#\/schema\/logo\/image\/","url":"https:\/\/uelzener.de\/magazin\/app\/uploads\/2024\/11\/uelzener_allgemeine_versicherungsgesellschaft_a_g_logo.jpg","contentUrl":"https:\/\/uelzener.de\/magazin\/app\/uploads\/2024\/11\/uelzener_allgemeine_versicherungsgesellschaft_a_g_logo.jpg","width":200,"height":200,"caption":"Uelzener Versicherungen"},"image":{"@id":"https:\/\/uelzener.de\/magazin\/#\/schema\/logo\/image\/"},"sameAs":["https:\/\/www.facebook.com\/Uelzener","https:\/\/instagram.com\/uelzener","https:\/\/www.xing.com\/pages\/uelzenerallgemeineversicherungs-gesellschafta-g","https:\/\/www.youtube.com\/UelzenerVersicherungen"]}]}},"_links":{"self":[{"href":"https:\/\/uelzener.de\/magazin\/wp-json\/wp\/v2\/pages\/10096","targetHints":{"allow":["GET"]}}],"collection":[{"href":"https:\/\/uelzener.de\/magazin\/wp-json\/wp\/v2\/pages"}],"about":[{"href":"https:\/\/uelzener.de\/magazin\/wp-json\/wp\/v2\/types\/page"}],"author":[{"embeddable":true,"href":"https:\/\/uelzener.de\/magazin\/wp-json\/wp\/v2\/users\/1"}],"replies":[{"embeddable":true,"href":"https:\/\/uelzener.de\/magazin\/wp-json\/wp\/v2\/comments?post=10096"}],"version-history":[{"count":13,"href":"https:\/\/uelzener.de\/magazin\/wp-json\/wp\/v2\/pages\/10096\/revisions"}],"predecessor-version":[{"id":19210,"href":"https:\/\/uelzener.de\/magazin\/wp-json\/wp\/v2\/pages\/10096\/revisions\/19210"}],"up":[{"embeddable":true,"href":"https:\/\/uelzener.de\/magazin\/wp-json\/wp\/v2\/pages\/11706"}],"wp:featuredmedia":[{"embeddable":true,"href":"https:\/\/uelzener.de\/magazin\/wp-json\/wp\/v2\/media\/10686"}],"wp:attachment":[{"href":"https:\/\/uelzener.de\/magazin\/wp-json\/wp\/v2\/media?parent=10096"}],"curies":[{"name":"wp","href":"https:\/\/api.w.org\/{rel}","templated":true}]}}