{"id":10095,"date":"2019-09-17T00:00:00","date_gmt":"2019-09-16T22:00:00","guid":{"rendered":""},"modified":"2025-08-05T13:07:28","modified_gmt":"2025-08-05T11:07:28","slug":"hund-stubenrein-bekommen","status":"publish","type":"page","link":"https:\/\/uelzener.de\/magazin\/hund\/erziehung-und-training\/hund-stubenrein-bekommen\/","title":{"rendered":"Den Hund stubenrein bekommen: Tipps und Tricks"},"content":{"rendered":"<p>Sobald ein neues Familienmitglied einzieht, kommt schnell die Frage auf, wie lange es eigentlich dauert bis der Welpe stubenrein ist. Welche Faktoren hineinspielen, was Du tun kannst oder lieber lassen solltest, um Deinen Hund schnell stubenrein zu bekommen, erf\u00e4hrst Du in diesem Beitrag.<\/p>\n<h2>Aller Anfang ist schwer \u2013 wie bekomme ich meinen Hund stubenrein?<\/h2>\n<p>Die Frage \u201eWann ist ein Welpe stubenrein?\u201c taucht meist sp\u00e4testens dann auf, wenn der vierbeinige Familienzuwachs bei Dir zu Hause einzieht. Aber auch erwachsene Hunde aus dem Tierschutz, die vielleicht zuvor nur auf der Stra\u00dfe gelebt haben, k\u00f6nnen unter Umst\u00e4nden noch nicht stubenrein sein \u2013 schlie\u00dflich kennen sie es nicht, in einer Wohnung zu leben.<\/p>\n<p>Das Training, um einen Welpen stubenrein zu bekommen, kostet oft einige Nerven. Dennoch sollte man sich vor Augen f\u00fchren, dass gerade ein junger Hund nicht absichtlich eine Pf\u00fctze in der Wohnung hinterl\u00e4sst. Deswegen solltest Du <strong>immer fair gegen\u00fcber Deinem Hund bleiben sowie stets Geduld und innere Ruhe bewahren<\/strong> \u2013 schimpfen ist da kontraproduktiv.<\/p>\n<h2>K\u00f6rperliche Voraussetzungen, damit ein Welpe stubenrein wird<\/h2>\n<p>Hunde sind insgesamt sehr reinliche Tiere und versuchen, ihr Zuhause sauber zu halten. Das \u201eProblem\u201c ist nur, dass ein <strong>Welpe seine Blase rein k\u00f6rperlich noch nicht kontrollieren kann<\/strong>, wenn er im Alter von acht oder neun Lebenswochen bei Ihnen einzieht. Wenn der Welpe muss, dann muss er und dann macht er auch \u2013 egal an welcher Stelle. Das kann er gar nicht verhindern und so passiert das ein oder andere Missgeschick in der Wohnung.<\/p>\n<h2>Ab wann ist ein Welpe stubenrein?<\/h2>\n<p>Einige Welpen verstehen schnell, manche sogar schon in der Pr\u00e4gephase zwischen der vierten und achten Lebenswoche, wo sie sich l\u00f6sen d\u00fcrfen. Andere hingegen brauchen <strong>mehrere Wochen bis Monate<\/strong>, ehe sie sich an die Regeln in der neuen Wohnung gew\u00f6hnt haben und ihren L\u00f6seplatz kennen. Zu beachten ist, dass Hunde erst <strong>in einem Alter von 14 Lebenswochen ihren Blasen- sowie Darmschlie\u00dfmuskel kontrollieren<\/strong> k\u00f6nnen und erst dann stubenrein werden.<\/p>\n<h2>\u201eMein Hund wird einfach nicht stubenrein!\u201c<\/h2>\n<p>Wenn Dein Welpe es scheinbar nicht verstehen will, nur drau\u00dfen sein Gesch\u00e4ft zu verrichten, solltest Du Dir nicht zu viele Gedanken dar\u00fcber machen. Es ist vollkommen normal, dass einige Hunde l\u00e4nger brauchen. Ab einem Alter von <strong>sechs Monaten<\/strong> sind die meisten Hunde stubenrein. Sollte danach noch \u00f6fter ein Missgeschick passieren, raten wir Dir, Deinen Tierarzt aufzusuchen und sich beraten zu lassen. Es k\u00f6nnen sowohl <strong>physische oder gar psychische Ursachen<\/strong>, als auch Krankheiten wie beispielsweise eine Blasenentz\u00fcndung deines Hundes hinter der fehlenden Sauberkeit stecken.<\/p>\n<p>Nicht zu vergessen: Sobald Du als Besitzer ungeduldig wirst oder gar mit Deinem Vierbeiner schimpfst, baut sich Druck auf und \u00fcbertr\u00e4gt sich auf den Hund. In so einer angespannten Atmosph\u00e4re f\u00e4llt es Deinem Hund wiederum schwerer, stubenrein zu werden. Beweise deshalb <strong>Geduld in der Welpenerziehung <\/strong>\u2013 stubenrein werden alle physisch und psychisch gesunden Hunde irgendwann.<\/p>\n<h2>Alles ist aufregend \u2013 auch beim Gassigehen<\/h2>\n<p>Drau\u00dfen ist f\u00fcr Deinen kleinen Vierbeiner alles spannend, neu und aufregend. Beim Erkunden des Gartens oder beim Gassigehen kann es passieren, dass Dein Hund vergisst, sein Gesch\u00e4ft zu verrichten \u2013 auch, wenn er vorher ganz dringend musste. <strong>Zeitdruck und schimpfen sind hier fehl am Platz<\/strong>. Habe Geduld und gib Deinem Hund die Zeit, die er ben\u00f6tigt, um sich an die Umgebung zu gew\u00f6hnen und belohne ihn, wenn er sein Gesch\u00e4ft drau\u00dfen verrichtet hat. Am besten suchst Du f\u00fcr das Welpentraining einen Ort, an dem <strong>wenig Ablenkung<\/strong> herrscht und er seine Ruhe hat.<\/p>\n<p><strong>Tipp: <\/strong>Es gilt die Regel, mindestens f\u00fcnf Minuten l\u00e4nger mit dem Hund drau\u00dfen zu bleiben, nachdem er sein Gesch\u00e4ft verrichtet hat. So besteht nicht die Gefahr, dass er es mit Absicht lange hinausz\u00f6gert, weil er das Verrichten des Gesch\u00e4fts damit verkn\u00fcpft, dass es wieder zur\u00fcck nach Hause geht.<\/p>\n<h2>Angst und Unsicherheit bei der Welpenerziehung<\/h2>\n<p>Es kann vorkommen, dass Dein Hund von den ganzen Ger\u00e4uschen und Eindr\u00fccken \u00fcberfordert und eingesch\u00fcchtert ist. Sollte Dein Hund Angst haben oder sich drau\u00dfen nicht sicher f\u00fchlen, wird er dort auch nicht sein Gesch\u00e4ft verrichten.<\/p>\n<p>Zeige Deinem Hund, dass er keine Angst haben muss, und <strong>vermittle ein Gef\u00fchl der Sicherheit<\/strong> und belohne seine Fortschritte. Auch hier braucht Dein Hund gen\u00fcgend Zeit, um sich an die Umgebung zu gew\u00f6hnen und die \u201eGefahren\u201c selbst einzusch\u00e4tzen. Und erst dann wird es klappen, den Hund stubenrein zu bekommen.<\/p>\n<h2>Signale des Hundes beobachten und Missgeschicke vermeiden<\/h2>\n<p>Jeder Hund hat seine eigenen Signale, um anzuzeigen, dass er muss. Solche <strong>Signale<\/strong> k\u00f6nnen zum Beispiel sein:<\/p>\n<ul>\n<li>im Kreis drehen<\/li>\n<li>hektisch schn\u00fcffeln<\/li>\n<li>eine Ecke suchen<\/li>\n<li>kurz Blickkontakt zum Menschen aufnehmen<\/li>\n<li>in Richtung der T\u00fcr laufen<\/li>\n<li>fiepen<\/li>\n<\/ul>\n<p>Beobachte Deinen Hund einmal genau, um herauszufinden, wie er Dir Bescheid sagt. Besonders in den Wachphasen solltest Du Deinen Hund im Auge behalten und stets auf die Signale achten, um <strong>schnell reagieren<\/strong> zu k\u00f6nnen, bevor ein Missgeschick passiert.<\/p>\n<p>Man kann bei Welpen davon ausgehen, dass sie immer nach dem Schlafen, Spielen, Fressen und nach anderweitiger Aufregung pinkeln m\u00fcssen. Du solltest den <strong>Hund vorsorglich schon einmal nach drau\u00dfen bringen<\/strong> und ihn loben, wenn er dort sein Gesch\u00e4ft verrichtet. Wie es um den Ratschlag, <a href=\"https:\/\/uelzener.de\/magazin\/hund\/ernaehrung\/hunde-nach-17-uhr-fuettern\/\">Hunde nicht nach 17:00 Uhr zu f\u00fcttern<\/a> steht, das verraten wir dir hier im Magazin.<\/p>\n<p>Es ist au\u00dferdem hilfreich, in regelm\u00e4\u00dfigen Abst\u00e4nden mit seinem Hund ins Freie zu gehen oder ihn in den Garten zu lassen, damit er sich l\u00f6sen kann. Besonders am Anfang sind <strong>1,5 bis 2 Stunden<\/strong> ein guter Rhythmus. Die Abst\u00e4nde k\u00f6nnen dann w\u00e4hrend des Welpentrainings langsam gesteigert werden.<\/p>\n<p>Um Deinen Hund stubenrein zu bekommen, kann es gerade \u00fcber Nacht hilfreich sein, dem Hund eine <strong>Hundebox bzw. einen<\/strong> <strong>Kennel<\/strong> als Schlafplatz anzubieten.\u00a0Da Hunde nicht in ihr eigenes Bett machen, wird Dein Welpe sich dementsprechend<strong> bemerkbar machen und nicht seinen Schlafplatz verunreinigen<\/strong>, wenn er einmal muss. So kannst Du ihn schnell an einen L\u00f6seplatz bringen, an dem er sein Gesch\u00e4ft verrichten kann. Damit das auch gut funktioniert, ist es wichtig, dass die Box des Hundes in der N\u00e4he des Schlafplatzes des Menschen steht, damit Du auch wirklich wach wirst.<\/p>\n<p>Wenn Dein Vierbeiner die Hundebox von Anfang an kennt und sie zum Beispiel \u00fcber Futter positiv verkn\u00fcpft hat, ist es f\u00fcr ihn auch \u00fcberhaupt nicht schlimm, darin zu schlafen. Er gew\u00f6hnt sich schnell an seine neue \u201eH\u00f6hle\u201c und nimmt den R\u00fcckzugsort auch gern an.<\/p>\n\n<div class=\"related_articles boxed\">\n    <h2>Mehr zum Thema<\/h2>\n    \n    <div class=\"wrapper\"><div class=\"title align-center\"><h3><a href=\"https:\/\/uelzener.de\/magazin\/hund\/erziehung-und-training\/hundebox-training-ueben\/\">Hundebox: Hund an die Transportbox gew\u00f6hnen<\/a><\/h3><\/div><div class=\"img align-center\"><img decoding=\"async\" width=\"315\" height=\"180\" src=\"https:\/\/uelzener.de\/magazin\/app\/uploads\/2024\/03\/hundebox-training-315x180.jpg\" class=\"attachment-315x180 size-315x180 wp-post-image\" alt=\"Hund im Hundebox f\u00fcrs Auto.\" \/><\/div><\/div><div class=\"wrapper\"><div class=\"title align-center\"><h3><a href=\"https:\/\/uelzener.de\/magazin\/hund\/tiergesundheit\/blasensteine-beim-hund\/\">Blasensteine beim Hund: Das steckt dahinter<\/a><\/h3><\/div><div class=\"img align-center\"><img decoding=\"async\" width=\"315\" height=\"180\" src=\"https:\/\/uelzener.de\/magazin\/app\/uploads\/2025\/04\/blasensteine-315x180.jpg\" class=\"attachment-315x180 size-315x180 wp-post-image\" alt=\"Blasensteine auf einem Tuch.\" \/><\/div><\/div><div class=\"wrapper\"><div class=\"title align-center\"><h3><a href=\"https:\/\/uelzener.de\/magazin\/hund\/tipps-fuer-den-alltag\/gassi-gehen\/\">Gassi gehen: H\u00e4ufigkeit, Dauer und was das Gesetz vorschreibt<\/a><\/h3><\/div><div class=\"img align-center\"><img decoding=\"async\" width=\"315\" height=\"180\" src=\"https:\/\/uelzener.de\/magazin\/app\/uploads\/2024\/01\/hund-gassi-gehen-315x180.jpg\" class=\"attachment-315x180 size-315x180 wp-post-image\" alt=\"Mehrere Hunde beim Gassigang\" \/><\/div><\/div><\/div>\n\n<h2>Schimpfen verschlimmert die Situation<\/h2>\n<p>Das Schlimmste, was Du in der Erziehung zur Stubenreinheit passieren kann, ist, dass Dein Hund sich nicht mehr traut, vor Dir zu pinkeln, da er <strong>Angst hat, dass Du mit ihm schimpfst<\/strong>. So wird er sich lieber unbeobachtete Momente suchen, um in einer Ecke sein Gesch\u00e4ft zu verrichten.<\/p>\n<p>Auch der h\u00e4ufige Tipp, den Hund zur Strafe mit der Nase in seine Hinterlassenschaften zu stupsen, ist in der Welpenerziehung absolut fehl am Platz. Lerntheoretisch ist der Hund nicht in der Lage, einen Zusammenhang zwischen seinem Missgeschick und der Strafe herzustellen. Stattdessen lernt er, dass sein Mensch schimpft und ganz furchtbare Dinge mit ihm anstellt \u2013 das Vertrauen schwindet.<\/p>\n<p>Ist ein Missgeschick im Haus passiert, ist es ratsam, Deinen Hund zu ignorieren und daf\u00fcr <strong>nicht auszuschimpfen<\/strong>, denn selten kann er wirklich etwas daf\u00fcr. Am besten bringst Du ihn aus dem Zimmer und entfernst die Pf\u00fctze kommentarlos. Wenn Dein Hund dabei zusieht, besteht die Gefahr, dass er das Verrichten seines Gesch\u00e4fts im Haus mit Aufmerksamkeit verbindet. Infolgedessen wird er \u00f6fter ins Haus machen, weil er wei\u00df, dass Du gleich mit den Putzmitteln zur Stelle bist und er so in gewisser Weise Aufmerksamkeit von Dir bekommt.<\/p>\n<h2>Party beim L\u00f6sen<\/h2>\n<p>H\u00e4ufig wird empfohlen, eine Riesen \u201eParty\u201c zu schmei\u00dfen, wenn der Hund sein Gesch\u00e4ft drau\u00dfen verrichtet. Problematisch wird es, wenn Du bereits freudig losjubelst, w\u00e4hrend sich Dein Hund gerade hinhockt oder bereits dabei ist. Er wird schnell aufh\u00f6ren und mit Dir \u201eParty machen\u201c wollen \u2013 diese Art der Belohnung ist in dem Moment kontraproduktiv.<\/p>\n<p>Das bedeutet aber nicht, dass Du Deinen Hund nun nicht daf\u00fcr loben sollst, wenn er sein Gesch\u00e4ft drau\u00dfen verrichtet \u2013 im Gegenteil. F\u00fcr den Hund ist es wichtig, <strong>f\u00fcr positives Verhalten entsprechend belohnt zu werden<\/strong>, aber es muss kein riesiger Jubelschrei sein. Ein ruhiges stimmliches Lob ist ausreichend und wird Deinen Hund nicht beim Pipimachen unterbrechen und Dich dabei weiterbringen, Deinen jungen Hund stubenrein zu bekommen.<\/p>\n","protected":false},"excerpt":{"rendered":"<p>Sobald ein neues Familienmitglied einzieht, kommt schnell die Frage auf, wie lange es eigentlich dauert bis der Welpe stubenrein ist. Welche Faktoren hineinspielen, was Du tun kannst oder lieber lassen solltest, um Deinen Hund schnell stubenrein zu bekommen, erf\u00e4hrst Du in diesem Beitrag. Aller Anfang ist schwer \u2013 wie bekomme ich meinen Hund stubenrein? Die [&hellip;]<\/p>\n","protected":false},"author":1,"featured_media":10685,"parent":11679,"menu_order":32,"comment_status":"closed","ping_status":"closed","template":"templates\/blog.php","meta":{"_acf_changed":false,"_crdt_document":"","footnotes":"","beyondwords_generate_audio":"0","beyondwords_project_id":"","beyondwords_content_id":"","beyondwords_preview_token":"","beyondwords_player_style":"","beyondwords_language_id":"","beyondwords_title_voice_id":"","beyondwords_body_voice_id":"","beyondwords_summary_voice_id":"","beyondwords_error_message":"","beyondwords_disabled":"","beyondwords_delete_content":"","beyondwords_podcast_id":"","beyondwords_hash":"","publish_post_to_speechkit":"","speechkit_hash":"","speechkit_generate_audio":"","speechkit_project_id":"","speechkit_podcast_id":"","speechkit_error_message":"","speechkit_disabled":"","speechkit_access_key":"","speechkit_error":"","speechkit_info":"","speechkit_response":"","speechkit_retries":"","speechkit_status":"","speechkit_updated_at":"","_speechkit_link":"","_speechkit_text":""},"class_list":["post-10095","page","type-page","status-publish","has-post-thumbnail","hentry"],"acf":[],"yoast_head":"<!-- This site is optimized with the Yoast SEO Premium plugin  - https:\/\/yoast.com\/product\/yoast-seo-premium-wordpress\/ -->\n<title>Hund stubenrein bekommen: Tipps &amp; Tricks \u2013 Uelzener<\/title>\n<meta name=\"description\" content=\"So bekommst du deinen Hund stubenrein \u2713 Tipps f\u00fcr die Welpen-Erziehung \u2713 k\u00f6rperliche Voraussetzungen \u25b6 Hier mehr erfahren!\" \/>\n<meta name=\"robots\" content=\"index, follow, max-snippet:-1, max-image-preview:large, max-video-preview:-1\" \/>\n<link rel=\"canonical\" href=\"https:\/\/uelzener.de\/magazin\/hund\/erziehung-und-training\/hund-stubenrein-bekommen\/\" \/>\n<meta property=\"og:locale\" content=\"de_DE\" \/>\n<meta property=\"og:type\" content=\"article\" \/>\n<meta property=\"og:title\" content=\"Den Hund stubenrein bekommen: Tipps und Tricks\" \/>\n<meta property=\"og:description\" content=\"So bekommst du deinen Hund stubenrein \u2713 Tipps f\u00fcr die Welpen-Erziehung \u2713 k\u00f6rperliche Voraussetzungen \u25b6 Hier mehr erfahren!\" \/>\n<meta property=\"og:url\" content=\"https:\/\/uelzener.de\/magazin\/hund\/erziehung-und-training\/hund-stubenrein-bekommen\/\" \/>\n<meta property=\"og:site_name\" content=\"Uelzener Tier-Magazin\" \/>\n<meta property=\"article:publisher\" content=\"https:\/\/www.facebook.com\/Uelzener\" \/>\n<meta property=\"article:modified_time\" content=\"2025-08-05T11:07:28+00:00\" \/>\n<meta property=\"og:image\" content=\"https:\/\/uelzener.de\/magazin\/app\/uploads\/2019\/09\/fae2a68d-5adc-421d-8b7e-9186ba379ed0.jpg\" \/>\n\t<meta property=\"og:image:width\" content=\"952\" \/>\n\t<meta property=\"og:image:height\" content=\"496\" \/>\n\t<meta property=\"og:image:type\" content=\"image\/jpeg\" \/>\n<meta name=\"twitter:card\" content=\"summary_large_image\" \/>\n<meta name=\"twitter:label1\" content=\"Gesch\u00e4tzte Lesezeit\" \/>\n\t<meta name=\"twitter:data1\" content=\"8\u00a0Minuten\" \/>\n<script type=\"application\/ld+json\" class=\"yoast-schema-graph\">{\"@context\":\"https:\/\/schema.org\",\"@graph\":[{\"@type\":\"WebPage\",\"@id\":\"https:\/\/uelzener.de\/magazin\/hund\/erziehung-und-training\/hund-stubenrein-bekommen\/\",\"url\":\"https:\/\/uelzener.de\/magazin\/hund\/erziehung-und-training\/hund-stubenrein-bekommen\/\",\"name\":\"Hund stubenrein bekommen: Tipps & Tricks \u2013 Uelzener\",\"isPartOf\":{\"@id\":\"https:\/\/uelzener.de\/magazin\/#website\"},\"primaryImageOfPage\":{\"@id\":\"https:\/\/uelzener.de\/magazin\/hund\/erziehung-und-training\/hund-stubenrein-bekommen\/#primaryimage\"},\"image\":{\"@id\":\"https:\/\/uelzener.de\/magazin\/hund\/erziehung-und-training\/hund-stubenrein-bekommen\/#primaryimage\"},\"thumbnailUrl\":\"https:\/\/uelzener.de\/magazin\/app\/uploads\/2019\/09\/fae2a68d-5adc-421d-8b7e-9186ba379ed0.jpg\",\"datePublished\":\"2019-09-16T22:00:00+00:00\",\"dateModified\":\"2025-08-05T11:07:28+00:00\",\"description\":\"So bekommst du deinen Hund stubenrein \u2713 Tipps f\u00fcr die Welpen-Erziehung \u2713 k\u00f6rperliche Voraussetzungen \u25b6 Hier mehr erfahren!\",\"breadcrumb\":{\"@id\":\"https:\/\/uelzener.de\/magazin\/hund\/erziehung-und-training\/hund-stubenrein-bekommen\/#breadcrumb\"},\"inLanguage\":\"de\",\"potentialAction\":[{\"@type\":\"ReadAction\",\"target\":[\"https:\/\/uelzener.de\/magazin\/hund\/erziehung-und-training\/hund-stubenrein-bekommen\/\"]}]},{\"@type\":\"ImageObject\",\"inLanguage\":\"de\",\"@id\":\"https:\/\/uelzener.de\/magazin\/hund\/erziehung-und-training\/hund-stubenrein-bekommen\/#primaryimage\",\"url\":\"https:\/\/uelzener.de\/magazin\/app\/uploads\/2019\/09\/fae2a68d-5adc-421d-8b7e-9186ba379ed0.jpg\",\"contentUrl\":\"https:\/\/uelzener.de\/magazin\/app\/uploads\/2019\/09\/fae2a68d-5adc-421d-8b7e-9186ba379ed0.jpg\",\"width\":952,\"height\":496,\"caption\":\"Kleiner Welpe schaut betr\u00fcbt auf den urinfleck auf dem dunklen Holzfu\u00dfboden es ist wichtig ihn stubenrein zu bekommen.\"},{\"@type\":\"WebSite\",\"@id\":\"https:\/\/uelzener.de\/magazin\/#website\",\"url\":\"https:\/\/uelzener.de\/magazin\/\",\"name\":\"Uelzener Tiermagazin\",\"description\":\"Online Tierratgeber der Uelzener Versicherungen\",\"publisher\":{\"@id\":\"https:\/\/uelzener.de\/magazin\/#organization\"},\"potentialAction\":[{\"@type\":\"SearchAction\",\"target\":{\"@type\":\"EntryPoint\",\"urlTemplate\":\"https:\/\/uelzener.de\/magazin\/?s={search_term_string}\"},\"query-input\":{\"@type\":\"PropertyValueSpecification\",\"valueRequired\":true,\"valueName\":\"search_term_string\"}}],\"inLanguage\":\"de\"},{\"@type\":\"Organization\",\"@id\":\"https:\/\/uelzener.de\/magazin\/#organization\",\"name\":\"Uelzener Versicherungen\",\"url\":\"https:\/\/uelzener.de\/magazin\/\",\"logo\":{\"@type\":\"ImageObject\",\"inLanguage\":\"de\",\"@id\":\"https:\/\/uelzener.de\/magazin\/#\/schema\/logo\/image\/\",\"url\":\"https:\/\/uelzener.de\/magazin\/app\/uploads\/2024\/11\/uelzener_allgemeine_versicherungsgesellschaft_a_g_logo.jpg\",\"contentUrl\":\"https:\/\/uelzener.de\/magazin\/app\/uploads\/2024\/11\/uelzener_allgemeine_versicherungsgesellschaft_a_g_logo.jpg\",\"width\":200,\"height\":200,\"caption\":\"Uelzener Versicherungen\"},\"image\":{\"@id\":\"https:\/\/uelzener.de\/magazin\/#\/schema\/logo\/image\/\"},\"sameAs\":[\"https:\/\/www.facebook.com\/Uelzener\",\"https:\/\/instagram.com\/uelzener\",\"https:\/\/www.xing.com\/pages\/uelzenerallgemeineversicherungs-gesellschafta-g\",\"https:\/\/www.youtube.com\/UelzenerVersicherungen\"]}]}<\/script>\n<!-- \/ Yoast SEO Premium plugin. -->","yoast_head_json":{"title":"Hund stubenrein bekommen: Tipps & Tricks \u2013 Uelzener","description":"So bekommst du deinen Hund stubenrein \u2713 Tipps f\u00fcr die Welpen-Erziehung \u2713 k\u00f6rperliche Voraussetzungen \u25b6 Hier mehr erfahren!","robots":{"index":"index","follow":"follow","max-snippet":"max-snippet:-1","max-image-preview":"max-image-preview:large","max-video-preview":"max-video-preview:-1"},"canonical":"https:\/\/uelzener.de\/magazin\/hund\/erziehung-und-training\/hund-stubenrein-bekommen\/","og_locale":"de_DE","og_type":"article","og_title":"Den Hund stubenrein bekommen: Tipps und Tricks","og_description":"So bekommst du deinen Hund stubenrein \u2713 Tipps f\u00fcr die Welpen-Erziehung \u2713 k\u00f6rperliche Voraussetzungen \u25b6 Hier mehr erfahren!","og_url":"https:\/\/uelzener.de\/magazin\/hund\/erziehung-und-training\/hund-stubenrein-bekommen\/","og_site_name":"Uelzener Tier-Magazin","article_publisher":"https:\/\/www.facebook.com\/Uelzener","article_modified_time":"2025-08-05T11:07:28+00:00","og_image":[{"width":952,"height":496,"url":"https:\/\/uelzener.de\/magazin\/app\/uploads\/2019\/09\/fae2a68d-5adc-421d-8b7e-9186ba379ed0.jpg","type":"image\/jpeg"}],"twitter_card":"summary_large_image","twitter_misc":{"Gesch\u00e4tzte Lesezeit":"8\u00a0Minuten"},"schema":{"@context":"https:\/\/schema.org","@graph":[{"@type":"WebPage","@id":"https:\/\/uelzener.de\/magazin\/hund\/erziehung-und-training\/hund-stubenrein-bekommen\/","url":"https:\/\/uelzener.de\/magazin\/hund\/erziehung-und-training\/hund-stubenrein-bekommen\/","name":"Hund stubenrein bekommen: Tipps & Tricks \u2013 Uelzener","isPartOf":{"@id":"https:\/\/uelzener.de\/magazin\/#website"},"primaryImageOfPage":{"@id":"https:\/\/uelzener.de\/magazin\/hund\/erziehung-und-training\/hund-stubenrein-bekommen\/#primaryimage"},"image":{"@id":"https:\/\/uelzener.de\/magazin\/hund\/erziehung-und-training\/hund-stubenrein-bekommen\/#primaryimage"},"thumbnailUrl":"https:\/\/uelzener.de\/magazin\/app\/uploads\/2019\/09\/fae2a68d-5adc-421d-8b7e-9186ba379ed0.jpg","datePublished":"2019-09-16T22:00:00+00:00","dateModified":"2025-08-05T11:07:28+00:00","description":"So bekommst du deinen Hund stubenrein \u2713 Tipps f\u00fcr die Welpen-Erziehung \u2713 k\u00f6rperliche Voraussetzungen \u25b6 Hier mehr erfahren!","breadcrumb":{"@id":"https:\/\/uelzener.de\/magazin\/hund\/erziehung-und-training\/hund-stubenrein-bekommen\/#breadcrumb"},"inLanguage":"de","potentialAction":[{"@type":"ReadAction","target":["https:\/\/uelzener.de\/magazin\/hund\/erziehung-und-training\/hund-stubenrein-bekommen\/"]}]},{"@type":"ImageObject","inLanguage":"de","@id":"https:\/\/uelzener.de\/magazin\/hund\/erziehung-und-training\/hund-stubenrein-bekommen\/#primaryimage","url":"https:\/\/uelzener.de\/magazin\/app\/uploads\/2019\/09\/fae2a68d-5adc-421d-8b7e-9186ba379ed0.jpg","contentUrl":"https:\/\/uelzener.de\/magazin\/app\/uploads\/2019\/09\/fae2a68d-5adc-421d-8b7e-9186ba379ed0.jpg","width":952,"height":496,"caption":"Kleiner Welpe schaut betr\u00fcbt auf den urinfleck auf dem dunklen Holzfu\u00dfboden es ist wichtig ihn stubenrein zu bekommen."},{"@type":"WebSite","@id":"https:\/\/uelzener.de\/magazin\/#website","url":"https:\/\/uelzener.de\/magazin\/","name":"Uelzener Tiermagazin","description":"Online Tierratgeber der Uelzener Versicherungen","publisher":{"@id":"https:\/\/uelzener.de\/magazin\/#organization"},"potentialAction":[{"@type":"SearchAction","target":{"@type":"EntryPoint","urlTemplate":"https:\/\/uelzener.de\/magazin\/?s={search_term_string}"},"query-input":{"@type":"PropertyValueSpecification","valueRequired":true,"valueName":"search_term_string"}}],"inLanguage":"de"},{"@type":"Organization","@id":"https:\/\/uelzener.de\/magazin\/#organization","name":"Uelzener Versicherungen","url":"https:\/\/uelzener.de\/magazin\/","logo":{"@type":"ImageObject","inLanguage":"de","@id":"https:\/\/uelzener.de\/magazin\/#\/schema\/logo\/image\/","url":"https:\/\/uelzener.de\/magazin\/app\/uploads\/2024\/11\/uelzener_allgemeine_versicherungsgesellschaft_a_g_logo.jpg","contentUrl":"https:\/\/uelzener.de\/magazin\/app\/uploads\/2024\/11\/uelzener_allgemeine_versicherungsgesellschaft_a_g_logo.jpg","width":200,"height":200,"caption":"Uelzener Versicherungen"},"image":{"@id":"https:\/\/uelzener.de\/magazin\/#\/schema\/logo\/image\/"},"sameAs":["https:\/\/www.facebook.com\/Uelzener","https:\/\/instagram.com\/uelzener","https:\/\/www.xing.com\/pages\/uelzenerallgemeineversicherungs-gesellschafta-g","https:\/\/www.youtube.com\/UelzenerVersicherungen"]}]}},"_links":{"self":[{"href":"https:\/\/uelzener.de\/magazin\/wp-json\/wp\/v2\/pages\/10095","targetHints":{"allow":["GET"]}}],"collection":[{"href":"https:\/\/uelzener.de\/magazin\/wp-json\/wp\/v2\/pages"}],"about":[{"href":"https:\/\/uelzener.de\/magazin\/wp-json\/wp\/v2\/types\/page"}],"author":[{"embeddable":true,"href":"https:\/\/uelzener.de\/magazin\/wp-json\/wp\/v2\/users\/1"}],"replies":[{"embeddable":true,"href":"https:\/\/uelzener.de\/magazin\/wp-json\/wp\/v2\/comments?post=10095"}],"version-history":[{"count":13,"href":"https:\/\/uelzener.de\/magazin\/wp-json\/wp\/v2\/pages\/10095\/revisions"}],"predecessor-version":[{"id":18789,"href":"https:\/\/uelzener.de\/magazin\/wp-json\/wp\/v2\/pages\/10095\/revisions\/18789"}],"up":[{"embeddable":true,"href":"https:\/\/uelzener.de\/magazin\/wp-json\/wp\/v2\/pages\/11679"}],"wp:featuredmedia":[{"embeddable":true,"href":"https:\/\/uelzener.de\/magazin\/wp-json\/wp\/v2\/media\/10685"}],"wp:attachment":[{"href":"https:\/\/uelzener.de\/magazin\/wp-json\/wp\/v2\/media?parent=10095"}],"curies":[{"name":"wp","href":"https:\/\/api.w.org\/{rel}","templated":true}]}}