{"id":10094,"date":"2019-09-17T00:00:00","date_gmt":"2019-09-17T00:00:00","guid":{"rendered":""},"modified":"2025-11-13T11:49:50","modified_gmt":"2025-11-13T10:49:50","slug":"wolfskralle-hund","status":"publish","type":"page","link":"https:\/\/uelzener.de\/magazin\/hund\/haeufige-fragen\/wolfskralle-hund\/","title":{"rendered":"Wolfskralle: Welche Funktion hat die Wolfskralle beim Hund?"},"content":{"rendered":"<p><strong>Hat dein Hund eine Wolfskralle?\u00a0 Was hinter der f\u00fcnften Kralle steckt und bei der Pflege und dem Schneiden der Hundekralle wichtig ist, das erf\u00e4hrst du im folgenden Artikel.<\/strong><\/p>\n<h2>Was ist die Wolfskralle?<\/h2>\n<p>Nicht jeder Hund hat die gleiche Anzahl an Krallen. Grund: Die Wolfskralle bzw. Afterkralle ist nicht bei jedem Hund vorhanden. Sie ist die <strong>Zehe an der Innenseite der Hinterl\u00e4ufe<\/strong> unserer Vierbeiner. Bei Menschen handelt es sich anatomisch um die gro\u00dfe Zehe. Die Genetik gibt also vor, ob die Kralle ausgepr\u00e4gt ist oder nicht.<\/p>\n<p>Bei bestimmten Hunderassen, wie der Deutschen Dogge, dem Afghanen und dem Malinois kommt die Wolfskralle h\u00e4ufig vor. Der FCI (F\u00e9d\u00e9ration Cynologique International) verlangt beispielsweise beim Berger de Brie sowie beim Beauceron sogar die f\u00fcnfte Kralle. Der FCI ist eine weltweite Organisation, welche die Merkmale und Standards von Rassehunden festlegt. Sie sind die Grundlage f\u00fcr Bewertungsrichter auf Schauen sowie die Basis f\u00fcr Hundez\u00fcchter. Derzeit sind 349 <a href=\"https:\/\/uelzener.de\/magazin\/hund\/rasseportrait\/\">Hunderassen<\/a> offiziell anerkannt.<\/p>\n<p>\u00dcbrigens: Anders als bei den Hinterl\u00e4ufen bestehen die <strong>Vorderl\u00e4ufe bei allen Hunden aus 5 Krallen<\/strong>. Denn die sogenannte Daumenkralle hat jeder Hund an der Innenseite seiner Vorderl\u00e4ufe.<\/p>\n<h3>Bei diesen Rassen kommt die Wolfskralle besonders h\u00e4ufig vor:<\/h3>\n<table cellspacing=\"0\">\n<tbody>\n<tr>\n<td style=\"width: 226.55pt;\">\n<ul>\n<li>Afghane<\/li>\n<li>Beauceron<\/li>\n<li>Berner Sennenhund<\/li>\n<li>Bracco Italiano<\/li>\n<li>Briard<\/li>\n<\/ul>\n<\/td>\n<td style=\"width: 226.6pt;\">\n<ul>\n<li>Deutsche Dogge<\/li>\n<li>Gos d&#8217;Atura Catal\u00e0<\/li>\n<li>Kangal<\/li>\n<li>Malinois<\/li>\n<\/ul>\n<\/td>\n<\/tr>\n<\/tbody>\n<\/table>\n<h2>Welche Funktion hat die Wolfskralle beim Hund?<\/h2>\n<p>Die Antwort ist schlicht: Keine! Hunde sind <strong>Zehentreter<\/strong>. Folglich laufen unsere Partner nur auf den Zehen und die Fu\u00dfsohlen ber\u00fchren den Boden \u00fcberhaupt nicht. Diese Gangart erlaubt schnelles Laufen und die F\u00e4higkeit sich perfekt anzuschleichen. Menschen hingegen rollen den Fu\u00df komplett ab \u2013 sogenannte Sohlentreter. Den Pfoten der Hunde w\u00e4re dies anatomisch gar nicht m\u00f6glich.<\/p>\n<p><img decoding=\"async\" src=\"\/magazin\/app\/uploads\/2021\/02\/0e2acb16-629e-4b03-987b-43dad086eb47.jpg\" \/><\/p>\n<p>H\u00e4nde, Pfoten und Co. aller Art sind durch genetische Anpassungsprozesse entstanden, sie passten sich \u00fcber Millionen Jahre an verschiedene Anforderungen an. Zu Beginn \u2013 vor 340 Millionen Jahren \u2013 als die Wirbeltiere das Land besetzten, waren alle Arten mit f\u00fcnf Fingern ausgestattet. Bereits Charles Darwin stellte fest, dass die Hand des Menschen und des Maulwurfes, die Flosse des Delfins, die Fl\u00fcgel der Fledermaus und der Huf des Pferdes das gleiche Muster zeigen. Die Wolfskralle ist beim Hund f\u00fcr seine Zwecke nicht mehr erforderlich und bildete sich zur\u00fcck.<\/p>\n<h2>Warum ist die Pflege der Krallen so wichtig?<\/h2>\n<p>Generell ist eine <a href=\"https:\/\/uelzener.de\/magazin\/hund\/tiergesundheit\/pfotenpflege-hund\/\"><strong>Pfotenpflege<\/strong> <\/a>immer wichtig. Wenn die Wolfskralle des Hundes sehr ausgepr\u00e4gt ist, ist das <strong>Risiko einer <a href=\"https:\/\/uelzener.de\/magazin\/hund\/tiergesundheit\/hundekrankheiten-unfaelle\/\">Verletzung<\/a><\/strong> gr\u00f6\u00dfer. Beim Rennen \u00fcber losen Untergrund, Wald und Wiesen k\u00f6nnen St\u00f6cke und \u00c4ste hinter der Kralle h\u00e4ngen bleiben. Die Kralle kann abrei\u00dfen und bei unseren Vierbeinern gro\u00dfe Schmerzen ausl\u00f6sen. Wird die Wolfskralle nicht, wie die anderen Krallen, regelm\u00e4\u00dfig geschnitten, droht das <strong>Einwachsen<\/strong>. Auch trotz sorgf\u00e4ltiger Pflege, kann es immer zu Verletzungen kommen. Damit Ihr Hund auch in solchen F\u00e4llen versichert ist, empfiehlt sich immer eine <strong><a href=\"https:\/\/uelzener.de\/hund\/hunde-krankenversicherung\/\">Hunde-Kranken-Versicherung<\/a><\/strong>. Die Afterkralle zu entfernen ist in Deutschland jedoch nicht erlaubt. Das Tierschutzgesetz verbietet Tieren ohne plausiblen Grund Schmerzen, Leid oder Sch\u00e4den zuzuf\u00fcgen.<\/p>\n<h2>Diese Tipps beim Schneiden der Wolfskralle beachten<\/h2>\n<p>Das Krallenschneiden geh\u00f6rt zur Pflege eines Hundes. Nutzen sich die Krallen wenig ab \u2013 zum Beispiel beim Laufen \u00fcber Asphalt \u2013 kann das Schneiden der Kralle h\u00e4ufiger erforderlich sein. Grunds\u00e4tzlich sollten die <strong>Krallen nicht l\u00e4nger als der Ballen des Hundes<\/strong> sein. Halte den Fu\u00df in die Luft: Ist die Kralle l\u00e4nger als der Ballen des Zehs, ist dies das erste Anzeichen daf\u00fcr, dass du die Wolfskralle schneiden (lassen) solltest. Hast du Fliesen oder Parkett? Sobald man die Krallen des Hundes beim Laufen h\u00f6rt, ist es ein weiterer Hinweis, um den richtigen Zeitpunkt zum Krallenschneiden herauszufinden.<\/p>\n<p>Hundekrallen sind im Gegensatz zu Fingern\u00e4geln durchblutet. Bei hellen Krallen ist dies leichter zu erkennen als bei dunklen. <strong>Tipp: Eine Taschenlampe und ausreichend Licht helfen die Blutbahn zu erkennen.<\/strong><\/p>\n<h2>Blutbahn bei einer Hundekralle<\/h2>\n<p>Bei der Pedik\u00fcre kann die Kralle scheibchenweise abgeschnitten werden. Die Gefahr, die Blutbahn zu treffen, ist geringer und das Verletzungsrisiko kleiner.<\/p>\n<ul>\n<li>Wird die Kralle rosa und hell? Dieses Anzeichen weist bei hellen Krallen auf den durchbluteten Bereich hin.<\/li>\n<li>Siehst du einen Punkt in der Mitte der Kralle? Dann bist du bei dunklen Krallen fast an der Blutbahn und solltest das Schneiden beenden.<\/li>\n<\/ul>\n<h2>Warum darf ich die Wolfskrallen nicht entfernen lassen?<\/h2>\n<p>Nach <strong>\u00a7 6 (1) des Tierschutzgesetzes<\/strong> ist es verboten, K\u00f6rperteile von Haustieren zu amputieren \u2013 also auch die Wolfskralle zu entfernen. \u00dcberfl\u00fcssige Operationen zu Sch\u00f6nheitszwecken verursachen unn\u00f6tige Schmerzen beim Tier und bringen weitere Risiken mit sich. Nur in Ausnahmef\u00e4llen, zum Beispiel infolge einer Verletzung, kann ein Tierarzt die Operation verordnen. Ist die Wolfskralle verletzt \u2013 z. B. eingerissen \u2013 kann eine <strong>operative Entfernung<\/strong> n\u00f6tig werden. Um auch f\u00fcr solche F\u00e4lle vorbereitet zu sein, sollte auch eine <strong>Hunde-OP-Versicherung<\/strong> abgeschlossen werden.<\/p>\n\n<div class=\"banner\">\n    <a href=\"https:\/\/uelzener.de\/hund\/hunde-op-versicherung\/?agt=0000104925&sem=true&utm_medium=magazin&utm_source=wordpress&utm_campaign=hund_op&utm_content=banner\">\n        <img decoding=\"async\" width=\"300\" height=\"212\" src=\"https:\/\/uelzener.de\/magazin\/app\/uploads\/2025\/01\/Hunde-OP-Versicherung.jpg\" class=\"attachment-medium size-medium\" alt=\"Banner Hunde-OP-Versicherung\" \/>    <\/a>\n<\/div>\n\n<p>Muss der Tierarzt die Wolfskralle entfernen, entstehen Kosten f\u00fcr die Operation, Narkosemittel, OP-Material und die \u00dcberwachung des Hundes im Anschluss. Unter Umst\u00e4nden ist auch ein <a href=\"https:\/\/uelzener.de\/magazin\/hund\/tiergesundheit\/voller-durchblick-wenn-der-tierarzt-den-hund-roentgen-muss\/\">R\u00f6ntgenbild vom Hund<\/a> notwendig.<\/p>\n","protected":false},"excerpt":{"rendered":"<p>Hat dein Hund eine Wolfskralle?\u00a0 Was hinter der f\u00fcnften Kralle steckt und bei der Pflege und dem Schneiden der Hundekralle wichtig ist, das erf\u00e4hrst du im folgenden Artikel. Was ist die Wolfskralle? Nicht jeder Hund hat die gleiche Anzahl an Krallen. Grund: Die Wolfskralle bzw. Afterkralle ist nicht bei jedem Hund vorhanden. Sie ist die [&hellip;]<\/p>\n","protected":false},"author":1,"featured_media":10684,"parent":11687,"menu_order":30,"comment_status":"open","ping_status":"open","template":"templates\/blog.php","meta":{"_acf_changed":false,"_crdt_document":"","footnotes":"","beyondwords_generate_audio":"0","beyondwords_project_id":"","beyondwords_content_id":"","beyondwords_preview_token":"","beyondwords_player_style":"","beyondwords_language_id":"","beyondwords_title_voice_id":"","beyondwords_body_voice_id":"","beyondwords_summary_voice_id":"","beyondwords_error_message":"","beyondwords_disabled":"","beyondwords_delete_content":"","beyondwords_podcast_id":"","beyondwords_hash":"","publish_post_to_speechkit":"","speechkit_hash":"","speechkit_generate_audio":"","speechkit_project_id":"","speechkit_podcast_id":"","speechkit_error_message":"","speechkit_disabled":"","speechkit_access_key":"","speechkit_error":"","speechkit_info":"","speechkit_response":"","speechkit_retries":"","speechkit_status":"","speechkit_updated_at":"","_speechkit_link":"","_speechkit_text":""},"class_list":["post-10094","page","type-page","status-publish","has-post-thumbnail","hentry"],"acf":[],"yoast_head":"<!-- This site is optimized with the Yoast SEO Premium plugin  - https:\/\/yoast.com\/product\/yoast-seo-premium-wordpress\/ -->\n<title>Wolfskralle: Alles \u00fcber die Hundekralle und ihre Pflege | Uelzener<\/title>\n<meta name=\"description\" content=\"Was ist eine Wolfskralle? Welche Hunderassen haben sie? \u25ba Erfahre hier alles zur Pflege der Hundekrallen.\" \/>\n<meta name=\"robots\" content=\"index, follow, max-snippet:-1, max-image-preview:large, max-video-preview:-1\" \/>\n<link rel=\"canonical\" href=\"https:\/\/uelzener.de\/magazin\/hund\/haeufige-fragen\/wolfskralle-hund\/\" \/>\n<meta property=\"og:locale\" content=\"de_DE\" \/>\n<meta property=\"og:type\" content=\"article\" \/>\n<meta property=\"og:title\" content=\"Wolfskralle: Welche Funktion hat die Wolfskralle beim Hund?\" \/>\n<meta property=\"og:description\" content=\"Was ist eine Wolfskralle? Welche Hunderassen haben sie? \u25ba Erfahre hier alles zur Pflege der Hundekrallen.\" \/>\n<meta property=\"og:url\" content=\"https:\/\/uelzener.de\/magazin\/hund\/haeufige-fragen\/wolfskralle-hund\/\" \/>\n<meta property=\"og:site_name\" content=\"Uelzener Tier-Magazin\" \/>\n<meta property=\"article:publisher\" content=\"https:\/\/www.facebook.com\/Uelzener\" \/>\n<meta property=\"article:modified_time\" content=\"2025-11-13T10:49:50+00:00\" \/>\n<meta property=\"og:image\" content=\"https:\/\/uelzener.de\/magazin\/app\/uploads\/2019\/09\/c7946eda-7bb5-4d98-9653-89e4a1a37ebc.jpg\" \/>\n\t<meta property=\"og:image:width\" content=\"952\" \/>\n\t<meta property=\"og:image:height\" content=\"496\" \/>\n\t<meta property=\"og:image:type\" content=\"image\/jpeg\" \/>\n<meta name=\"twitter:card\" content=\"summary_large_image\" \/>\n<meta name=\"twitter:label1\" content=\"Gesch\u00e4tzte Lesezeit\" \/>\n\t<meta name=\"twitter:data1\" content=\"5\u00a0Minuten\" \/>\n<script type=\"application\/ld+json\" class=\"yoast-schema-graph\">{\"@context\":\"https:\/\/schema.org\",\"@graph\":[{\"@type\":\"WebPage\",\"@id\":\"https:\/\/uelzener.de\/magazin\/hund\/haeufige-fragen\/wolfskralle-hund\/\",\"url\":\"https:\/\/uelzener.de\/magazin\/hund\/haeufige-fragen\/wolfskralle-hund\/\",\"name\":\"Wolfskralle: Alles \u00fcber die Hundekralle und ihre Pflege | Uelzener\",\"isPartOf\":{\"@id\":\"https:\/\/uelzener.de\/magazin\/#website\"},\"primaryImageOfPage\":{\"@id\":\"https:\/\/uelzener.de\/magazin\/hund\/haeufige-fragen\/wolfskralle-hund\/#primaryimage\"},\"image\":{\"@id\":\"https:\/\/uelzener.de\/magazin\/hund\/haeufige-fragen\/wolfskralle-hund\/#primaryimage\"},\"thumbnailUrl\":\"https:\/\/uelzener.de\/magazin\/app\/uploads\/2019\/09\/c7946eda-7bb5-4d98-9653-89e4a1a37ebc.jpg\",\"datePublished\":\"2019-09-17T00:00:00+00:00\",\"dateModified\":\"2025-11-13T10:49:50+00:00\",\"description\":\"Was ist eine Wolfskralle? Welche Hunderassen haben sie? \u25ba Erfahre hier alles zur Pflege der Hundekrallen.\",\"breadcrumb\":{\"@id\":\"https:\/\/uelzener.de\/magazin\/hund\/haeufige-fragen\/wolfskralle-hund\/#breadcrumb\"},\"inLanguage\":\"de\",\"potentialAction\":[{\"@type\":\"ReadAction\",\"target\":[\"https:\/\/uelzener.de\/magazin\/hund\/haeufige-fragen\/wolfskralle-hund\/\"]}]},{\"@type\":\"ImageObject\",\"inLanguage\":\"de\",\"@id\":\"https:\/\/uelzener.de\/magazin\/hund\/haeufige-fragen\/wolfskralle-hund\/#primaryimage\",\"url\":\"https:\/\/uelzener.de\/magazin\/app\/uploads\/2019\/09\/c7946eda-7bb5-4d98-9653-89e4a1a37ebc.jpg\",\"contentUrl\":\"https:\/\/uelzener.de\/magazin\/app\/uploads\/2019\/09\/c7946eda-7bb5-4d98-9653-89e4a1a37ebc.jpg\",\"width\":952,\"height\":496,\"caption\":\"Ein wolfs\u00e4hnlicher Hund steht auf einem Feldweg und schaut gespannt.\"},{\"@type\":\"WebSite\",\"@id\":\"https:\/\/uelzener.de\/magazin\/#website\",\"url\":\"https:\/\/uelzener.de\/magazin\/\",\"name\":\"Uelzener Tiermagazin\",\"description\":\"Online Tierratgeber der Uelzener Versicherungen\",\"publisher\":{\"@id\":\"https:\/\/uelzener.de\/magazin\/#organization\"},\"potentialAction\":[{\"@type\":\"SearchAction\",\"target\":{\"@type\":\"EntryPoint\",\"urlTemplate\":\"https:\/\/uelzener.de\/magazin\/?s={search_term_string}\"},\"query-input\":{\"@type\":\"PropertyValueSpecification\",\"valueRequired\":true,\"valueName\":\"search_term_string\"}}],\"inLanguage\":\"de\"},{\"@type\":\"Organization\",\"@id\":\"https:\/\/uelzener.de\/magazin\/#organization\",\"name\":\"Uelzener Versicherungen\",\"url\":\"https:\/\/uelzener.de\/magazin\/\",\"logo\":{\"@type\":\"ImageObject\",\"inLanguage\":\"de\",\"@id\":\"https:\/\/uelzener.de\/magazin\/#\/schema\/logo\/image\/\",\"url\":\"https:\/\/uelzener.de\/magazin\/app\/uploads\/2024\/11\/uelzener_allgemeine_versicherungsgesellschaft_a_g_logo.jpg\",\"contentUrl\":\"https:\/\/uelzener.de\/magazin\/app\/uploads\/2024\/11\/uelzener_allgemeine_versicherungsgesellschaft_a_g_logo.jpg\",\"width\":200,\"height\":200,\"caption\":\"Uelzener Versicherungen\"},\"image\":{\"@id\":\"https:\/\/uelzener.de\/magazin\/#\/schema\/logo\/image\/\"},\"sameAs\":[\"https:\/\/www.facebook.com\/Uelzener\",\"https:\/\/instagram.com\/uelzener\",\"https:\/\/www.xing.com\/pages\/uelzenerallgemeineversicherungs-gesellschafta-g\",\"https:\/\/www.youtube.com\/UelzenerVersicherungen\"]}]}<\/script>\n<!-- \/ Yoast SEO Premium plugin. -->","yoast_head_json":{"title":"Wolfskralle: Alles \u00fcber die Hundekralle und ihre Pflege | Uelzener","description":"Was ist eine Wolfskralle? Welche Hunderassen haben sie? \u25ba Erfahre hier alles zur Pflege der Hundekrallen.","robots":{"index":"index","follow":"follow","max-snippet":"max-snippet:-1","max-image-preview":"max-image-preview:large","max-video-preview":"max-video-preview:-1"},"canonical":"https:\/\/uelzener.de\/magazin\/hund\/haeufige-fragen\/wolfskralle-hund\/","og_locale":"de_DE","og_type":"article","og_title":"Wolfskralle: Welche Funktion hat die Wolfskralle beim Hund?","og_description":"Was ist eine Wolfskralle? Welche Hunderassen haben sie? \u25ba Erfahre hier alles zur Pflege der Hundekrallen.","og_url":"https:\/\/uelzener.de\/magazin\/hund\/haeufige-fragen\/wolfskralle-hund\/","og_site_name":"Uelzener Tier-Magazin","article_publisher":"https:\/\/www.facebook.com\/Uelzener","article_modified_time":"2025-11-13T10:49:50+00:00","og_image":[{"width":952,"height":496,"url":"https:\/\/uelzener.de\/magazin\/app\/uploads\/2019\/09\/c7946eda-7bb5-4d98-9653-89e4a1a37ebc.jpg","type":"image\/jpeg"}],"twitter_card":"summary_large_image","twitter_misc":{"Gesch\u00e4tzte Lesezeit":"5\u00a0Minuten"},"schema":{"@context":"https:\/\/schema.org","@graph":[{"@type":"WebPage","@id":"https:\/\/uelzener.de\/magazin\/hund\/haeufige-fragen\/wolfskralle-hund\/","url":"https:\/\/uelzener.de\/magazin\/hund\/haeufige-fragen\/wolfskralle-hund\/","name":"Wolfskralle: Alles \u00fcber die Hundekralle und ihre Pflege | Uelzener","isPartOf":{"@id":"https:\/\/uelzener.de\/magazin\/#website"},"primaryImageOfPage":{"@id":"https:\/\/uelzener.de\/magazin\/hund\/haeufige-fragen\/wolfskralle-hund\/#primaryimage"},"image":{"@id":"https:\/\/uelzener.de\/magazin\/hund\/haeufige-fragen\/wolfskralle-hund\/#primaryimage"},"thumbnailUrl":"https:\/\/uelzener.de\/magazin\/app\/uploads\/2019\/09\/c7946eda-7bb5-4d98-9653-89e4a1a37ebc.jpg","datePublished":"2019-09-17T00:00:00+00:00","dateModified":"2025-11-13T10:49:50+00:00","description":"Was ist eine Wolfskralle? Welche Hunderassen haben sie? \u25ba Erfahre hier alles zur Pflege der Hundekrallen.","breadcrumb":{"@id":"https:\/\/uelzener.de\/magazin\/hund\/haeufige-fragen\/wolfskralle-hund\/#breadcrumb"},"inLanguage":"de","potentialAction":[{"@type":"ReadAction","target":["https:\/\/uelzener.de\/magazin\/hund\/haeufige-fragen\/wolfskralle-hund\/"]}]},{"@type":"ImageObject","inLanguage":"de","@id":"https:\/\/uelzener.de\/magazin\/hund\/haeufige-fragen\/wolfskralle-hund\/#primaryimage","url":"https:\/\/uelzener.de\/magazin\/app\/uploads\/2019\/09\/c7946eda-7bb5-4d98-9653-89e4a1a37ebc.jpg","contentUrl":"https:\/\/uelzener.de\/magazin\/app\/uploads\/2019\/09\/c7946eda-7bb5-4d98-9653-89e4a1a37ebc.jpg","width":952,"height":496,"caption":"Ein wolfs\u00e4hnlicher Hund steht auf einem Feldweg und schaut gespannt."},{"@type":"WebSite","@id":"https:\/\/uelzener.de\/magazin\/#website","url":"https:\/\/uelzener.de\/magazin\/","name":"Uelzener Tiermagazin","description":"Online Tierratgeber der Uelzener Versicherungen","publisher":{"@id":"https:\/\/uelzener.de\/magazin\/#organization"},"potentialAction":[{"@type":"SearchAction","target":{"@type":"EntryPoint","urlTemplate":"https:\/\/uelzener.de\/magazin\/?s={search_term_string}"},"query-input":{"@type":"PropertyValueSpecification","valueRequired":true,"valueName":"search_term_string"}}],"inLanguage":"de"},{"@type":"Organization","@id":"https:\/\/uelzener.de\/magazin\/#organization","name":"Uelzener Versicherungen","url":"https:\/\/uelzener.de\/magazin\/","logo":{"@type":"ImageObject","inLanguage":"de","@id":"https:\/\/uelzener.de\/magazin\/#\/schema\/logo\/image\/","url":"https:\/\/uelzener.de\/magazin\/app\/uploads\/2024\/11\/uelzener_allgemeine_versicherungsgesellschaft_a_g_logo.jpg","contentUrl":"https:\/\/uelzener.de\/magazin\/app\/uploads\/2024\/11\/uelzener_allgemeine_versicherungsgesellschaft_a_g_logo.jpg","width":200,"height":200,"caption":"Uelzener Versicherungen"},"image":{"@id":"https:\/\/uelzener.de\/magazin\/#\/schema\/logo\/image\/"},"sameAs":["https:\/\/www.facebook.com\/Uelzener","https:\/\/instagram.com\/uelzener","https:\/\/www.xing.com\/pages\/uelzenerallgemeineversicherungs-gesellschafta-g","https:\/\/www.youtube.com\/UelzenerVersicherungen"]}]}},"_links":{"self":[{"href":"https:\/\/uelzener.de\/magazin\/wp-json\/wp\/v2\/pages\/10094","targetHints":{"allow":["GET"]}}],"collection":[{"href":"https:\/\/uelzener.de\/magazin\/wp-json\/wp\/v2\/pages"}],"about":[{"href":"https:\/\/uelzener.de\/magazin\/wp-json\/wp\/v2\/types\/page"}],"author":[{"embeddable":true,"href":"https:\/\/uelzener.de\/magazin\/wp-json\/wp\/v2\/users\/1"}],"replies":[{"embeddable":true,"href":"https:\/\/uelzener.de\/magazin\/wp-json\/wp\/v2\/comments?post=10094"}],"version-history":[{"count":13,"href":"https:\/\/uelzener.de\/magazin\/wp-json\/wp\/v2\/pages\/10094\/revisions"}],"predecessor-version":[{"id":19514,"href":"https:\/\/uelzener.de\/magazin\/wp-json\/wp\/v2\/pages\/10094\/revisions\/19514"}],"up":[{"embeddable":true,"href":"https:\/\/uelzener.de\/magazin\/wp-json\/wp\/v2\/pages\/11687"}],"wp:featuredmedia":[{"embeddable":true,"href":"https:\/\/uelzener.de\/magazin\/wp-json\/wp\/v2\/media\/10684"}],"wp:attachment":[{"href":"https:\/\/uelzener.de\/magazin\/wp-json\/wp\/v2\/media?parent=10094"}],"curies":[{"name":"wp","href":"https:\/\/api.w.org\/{rel}","templated":true}]}}