{"id":10093,"date":"2025-09-15T11:10:00","date_gmt":"2025-09-15T09:10:00","guid":{"rendered":""},"modified":"2025-11-13T12:32:27","modified_gmt":"2025-11-13T11:32:27","slug":"morosche-karottensuppe","status":"publish","type":"page","link":"https:\/\/uelzener.de\/magazin\/hund\/ernaehrung\/morosche-karottensuppe\/","title":{"rendered":"Morosche Karottensuppe f\u00fcr Hunde: Beliebtes Hausmittel gegen Durchfall"},"content":{"rendered":"<p>Dein Hund leidet an Durchfall? Die Morosche M\u00f6hrensuppe, oder auch Morosuppe genannt, ist ein einfaches Hausmittel, welches wahre Wunder bewirkt. Wir erkl\u00e4ren, wie schnell die Suppe zubereitet ist und wann du deinen Tierarzt aufsuchen solltest.<\/p>\n<h2><strong>Zutaten f\u00fcr eine Morosche Karottensuppe<\/strong><\/h2>\n<p>Das Rezept ist recht simpel und mit nur drei Zutaten leicht zubereitet.<\/p>\n<ul>\n<li>500 g M\u00f6hren<\/li>\n<li>1 L Wasser<\/li>\n<li>1 TL Salz<\/li>\n<\/ul>\n<h2><strong>Zubereitung<\/strong><\/h2>\n<p>Die Karotten werden gesch\u00e4lt, in St\u00fcckchen geschnitten und mit einem Liter Wasser in einen Topf gegeben. Nun einmal aufkochen lassen und anschlie\u00dfend f\u00fcr mind. 90 Minuten bei niedriger Hitze k\u00f6cheln lassen. Anschlie\u00dfend werden die Karottenst\u00fcckchen abgetropft \u2013 das Kochwasser wird f\u00fcr den n\u00e4chsten Schritt noch aufgehoben. Die Karotten werden jetzt entweder mit einem Mixer p\u00fcriert oder mit einer Gabel o. \u00e4. kleingedr\u00fcckt. Der Karottenbrei wird mit dem Kochwasser auf einen Liter aufgegossen.<br \/>\nIm letzten Schritt wird das Salz hinzugegeben. Wenn dein Hund Vorerkrankungen hat, wie z. B. eine Nierenerkrankung, solltest du im Vorfeld mit deinem Tierarzt \u00fcber die Gabe von Salz sprechen.<\/p>\n<h2>Wie viel Morosche Karottensuppe sollte ein Hund pro Tag bekommen?<\/h2>\n<div>\n<p>Die M\u00f6hrensuppe wird bei Durchfall entweder anstelle des normalen Futters oder vor dem normalen Futter gegeben. Bitte beachte, dass bei ernsthaften Erkrankungen wie Fieber oder ungew\u00f6hnlichen Vitalwerten auf jeden Fall der Tierarzt aufgesucht und das weitere Vorgehen mit dem Experten besprochen werden sollte.<\/p>\n<p>Verteile die Suppe auf vier bis f\u00fcnf kleinere Portionen pro Tag. Bei kleineren Hunden reicht eine Tagesration von 0,1 bis 0,25 Liter und bei mittleren Hunden 0,5 Liter. Bei gr\u00f6\u00dferen Hunden f\u00e4llt die Menge entsprechend gr\u00f6\u00dfer aus. F\u00fcr einen Tag kann die M\u00f6hrensuppe als Futterersatz gegeben werden.<\/p>\n<\/div>\n<h2><strong>Was bewirkt die M\u00f6hrensuppe beim Hund?<\/strong><\/h2>\n<p>Durch das lange Kochen der M\u00f6hren entsteht ein spezielles Zuckermolek\u00fcl, Oligosaccharide genannt, welches an der Darmwand andockt und somit verhindert, dass sich gef\u00e4hrliche Einzeller, beispielsweise Giardien, ansetzen. Karotten liefern zus\u00e4tzlich verschiedene Vitamine und Ballaststoffe.<\/p>\n<p>Ist die Magenverstimmung \u00fcberstanden und dein Liebling wieder fit? Dann probiere doch auch unsere 9 einfache Rezepte f\u00fcr selbstgemachte Leckerlis aus dem Ofen aus.<\/p>\n<h2><strong>Wer hat die Morosche M\u00f6hrensuppe erfunden?<\/strong><\/h2>\n<p>Die Morosche M\u00f6hrensuppe ist ein sehr beliebtes und effektives Hausmittel gegen Durchfall. Die Suppe hat ihren Ursprung allerdings in der Kindermedizin. Dort wurde sie ca. 1908 von Prof. Dr. Ernst Moro aus Heidelberg entwickelt. Inzwischen ist sie auch unter Hundehalter:inn\u00e9n ein absoluter Geheimtipp.<\/p>\n<h2><strong>Durchfallerkrankungen beim Hund<\/strong><\/h2>\n<p>Durchfall bzw. Diarrhoe stellt eins der h\u00e4ufigsten Symptome bei Erkrankungen des Verdauungstraktes dar. Die Symptome f\u00fcr Durchfall sind meist schnell zu erkennen:<\/p>\n<ul>\n<li>Breiiger bis fl\u00fcssiger Kot<\/li>\n<li>Ruhelosigkeit<\/li>\n<li>Kraftlosigkeit<\/li>\n<li>Erbrechen<\/li>\n<li>Appetitlosigkeit<\/li>\n<li>Bl\u00e4hungen<\/li>\n<li>Darmger\u00e4usche<\/li>\n<li>Farbe des Kots: blutig, gr\u00fcnlich, dunkel, schwarz<\/li>\n<\/ul>\n<p>Ist der Durchfall deines Hundes blutig oder schwarz, sollte umgehend ein Tierarzt aufgesucht und der Hund untersucht werden.<\/p>\n\n<div class=\"related_articles boxed\">\n    <h2>Mehr zum Thema<\/h2>\n    \n    <div class=\"wrapper\"><div class=\"title align-center\"><h3><a href=\"https:\/\/uelzener.de\/magazin\/hund\/haeufige-fragen\/durchfall-beim-hund-verdauung\/\">Durchfall beim Hund: Ein umfassender Leitfaden zur Verdauung<\/a><\/h3><\/div><div class=\"img align-center\"><img decoding=\"async\" width=\"315\" height=\"180\" src=\"https:\/\/uelzener.de\/magazin\/app\/uploads\/2023\/08\/hund-verdauung-315x180.jpg\" class=\"attachment-315x180 size-315x180 wp-post-image\" alt=\"Beiger Hund verrichtet sein Gesch\u00e4ft im Garten hinter einem Baum.\" \/><\/div><\/div><div class=\"wrapper\"><div class=\"title align-center\"><h3><a href=\"https:\/\/uelzener.de\/magazin\/hund\/tiergesundheit\/giardien-beim-hund\/\">Giardien beim Hund erkennen und behandeln<\/a><\/h3><\/div><div class=\"img align-center\"><img decoding=\"async\" width=\"315\" height=\"180\" src=\"https:\/\/uelzener.de\/magazin\/app\/uploads\/2023\/07\/giardien-beim-hund-315x180.jpg\" class=\"attachment-315x180 size-315x180 wp-post-image\" alt=\"Hunde k\u00f6nnen mit Giardien infiziert werden, wenn sie aus Pf\u00fctzen trinken.\" \/><\/div><\/div><div class=\"wrapper\"><div class=\"title align-center\"><h3><a href=\"https:\/\/uelzener.de\/magazin\/hund\/ernaehrung\/leckerlie-rezepte-fuer-hunde\/\">Leckerlis f\u00fcr Hunde: Einfache Rezepte zum Selbermachen<\/a><\/h3><\/div><div class=\"img align-center\"><img decoding=\"async\" width=\"315\" height=\"180\" src=\"https:\/\/uelzener.de\/magazin\/app\/uploads\/2025\/12\/hundeleckerlis-315x180.jpg\" class=\"attachment-315x180 size-315x180 wp-post-image\" alt=\"Gebackene Kekse f\u00fcr Hunde.\" \/><\/div><\/div><\/div>\n\n<h2>Fazit<\/h2>\n<p>Die Morosche M\u00f6hrensuppe ist bei schweren und ernsthaften Erkrankungen immer nur therapiebegleitend zu der tier\u00e4rztlichen Behandlung zu verstehen und dient nicht als Ersatz des Tierarztbesuchs. Wenn es f\u00fcr deinen Hund zum Tierarzt geht, sch\u00fctzt dich unsere <strong>Hunde-OP- und Krankenversicherung<\/strong> vor unangenehmen Kosten. Sichere deinen Hund jetzt bei uns ab und du kannst dich voll und ganz auf die Genesung deines Vierbeiners konzentrieren.<\/p>\n\n<div class=\"banner\">\n    <a href=\"https:\/\/uelzener.de\/hund\/hunde-op-versicherung\/?agt=0000104925&sem=true&utm_medium=magazin&utm_source=wordpress&utm_campaign=hund_op&utm_content=banner\">\n        <img decoding=\"async\" width=\"300\" height=\"212\" src=\"https:\/\/uelzener.de\/magazin\/app\/uploads\/2025\/01\/Hunde-OP-Versicherung.jpg\" class=\"attachment-medium size-medium\" alt=\"Banner Hunde-OP-Versicherung\" \/>    <\/a>\n<\/div>\n\n\n<div class=\"banner\">\n    <a href=\"https:\/\/uelzener.de\/hund\/hunde-krankenversicherung\/?agt=0000104925&sem=true&utm_medium=magazin&utm_source=wordpress&utm_campaign=hund_kv&utm_content=banner\">\n        <img decoding=\"async\" width=\"300\" height=\"212\" src=\"https:\/\/uelzener.de\/magazin\/app\/uploads\/2025\/01\/Hunde-Kranken-Versicherung.jpg\" class=\"attachment-medium size-medium\" alt=\"Banner Hunde-Kranken-Versicherung\" \/>    <\/a>\n<\/div>\n\n<h2>FAQ: H\u00e4ufige Fragen rund um die Morosche Karottensuppe f\u00fcr Hunde<\/h2>\n<h3><strong>Wann sollte der Tierarzt aufgesucht werden?<\/strong><\/h3>\n<p>Ist der Durchfall nach einem Tag wieder vorbei und zeigt dein Hund bestes Wohlbefinden, ist in der Regel kein Tierarztbesuch notwendig. H\u00e4lt der Durchfall allerdings l\u00e4nger an, solltest du nach ein bis zwei Tagen mit deinem Hund zum Tierarzt, um der Ursache auf den Grund zu gehen und eine Behandlung einzuleiten.<\/p>\n<p>Geht der Durchfall mit weiteren Symptomen einher, ist der Durchfall blutig oder schwarz, dann solltest du schnellstm\u00f6glich einen Tierarzt aufsuchen.<\/p>\n<p><strong><a href=\"https:\/\/uelzener.de\/magazin\/hund\/tiergesundheit\/alter-hund\/\">Bei \u00e4lteren, bereits geschw\u00e4chten Hunden<\/a><\/strong> oder bei <a href=\"https:\/\/uelzener.de\/welpen\/\"><strong>Welpen<\/strong><\/a> solltest du in jedem Fall zum Tierarzt.<\/p>\n<p>F\u00fcr den Besuch beim Tierarzt ist es meist hilfreich, eine frische Kotprobe mitzubringen. So kann der Tierarzt die Ursache des Durchfalls schneller feststellen.<\/p>\n<div>\n<h3>Morosche Karottensuppe: Besser warm oder kalt f\u00fcr Hunde?<\/h3>\n<p>Die Suppe sollte auf Zimmertemperatur abgek\u00fchlt sein, bevor du diese deinem Hund anbietest.<\/p>\n<\/div>\n<p>&nbsp;<\/p>\n","protected":false},"excerpt":{"rendered":"<p>Dein Hund leidet an Durchfall? Die Morosche M\u00f6hrensuppe, oder auch Morosuppe genannt, ist ein einfaches Hausmittel, welches wahre Wunder bewirkt. Wir erkl\u00e4ren, wie schnell die Suppe zubereitet ist und wann du deinen Tierarzt aufsuchen solltest. Zutaten f\u00fcr eine Morosche Karottensuppe Das Rezept ist recht simpel und mit nur drei Zutaten leicht zubereitet. 500 g M\u00f6hren [&hellip;]<\/p>\n","protected":false},"author":1,"featured_media":12826,"parent":11674,"menu_order":8,"comment_status":"open","ping_status":"open","template":"templates\/blog.php","meta":{"_acf_changed":false,"_crdt_document":"","footnotes":"","beyondwords_generate_audio":"0","beyondwords_project_id":"","beyondwords_content_id":"","beyondwords_preview_token":"","beyondwords_player_style":"","beyondwords_language_id":"","beyondwords_title_voice_id":"","beyondwords_body_voice_id":"","beyondwords_summary_voice_id":"","beyondwords_error_message":"","beyondwords_disabled":"","beyondwords_delete_content":"","beyondwords_podcast_id":"","beyondwords_hash":"","publish_post_to_speechkit":"","speechkit_hash":"","speechkit_generate_audio":"","speechkit_project_id":"","speechkit_podcast_id":"","speechkit_error_message":"","speechkit_disabled":"","speechkit_access_key":"","speechkit_error":"","speechkit_info":"","speechkit_response":"","speechkit_retries":"","speechkit_status":"","speechkit_updated_at":"","_speechkit_link":"","_speechkit_text":""},"class_list":["post-10093","page","type-page","status-publish","has-post-thumbnail","hentry"],"acf":[],"yoast_head":"<!-- This site is optimized with the Yoast SEO Premium plugin  - https:\/\/yoast.com\/product\/yoast-seo-premium-wordpress\/ -->\n<title>Morosche Karottensuppe f\u00fcr deinen Hund | Uelzener Tier-Magazin<\/title>\n<meta name=\"description\" content=\"Morosche Karottensuppe als Hausmittel gegen Durchfall beim Hund \u25b6 Erfahre alles zu \u2713 Rezept \u2713 F\u00fctterung \u2713 Wirkung!\" \/>\n<meta name=\"robots\" content=\"index, follow, max-snippet:-1, max-image-preview:large, max-video-preview:-1\" \/>\n<link rel=\"canonical\" href=\"https:\/\/uelzener.de\/magazin\/hund\/ernaehrung\/morosche-karottensuppe\/\" \/>\n<meta property=\"og:locale\" content=\"de_DE\" \/>\n<meta property=\"og:type\" content=\"article\" \/>\n<meta property=\"og:title\" content=\"Morosche Karottensuppe f\u00fcr Hunde: Beliebtes Hausmittel gegen Durchfall\" \/>\n<meta property=\"og:description\" content=\"Morosche Karottensuppe als Hausmittel gegen Durchfall beim Hund \u25b6 Erfahre alles zu \u2713 Rezept \u2713 F\u00fctterung \u2713 Wirkung!\" \/>\n<meta property=\"og:url\" content=\"https:\/\/uelzener.de\/magazin\/hund\/ernaehrung\/morosche-karottensuppe\/\" \/>\n<meta property=\"og:site_name\" content=\"Uelzener Tier-Magazin\" \/>\n<meta property=\"article:publisher\" content=\"https:\/\/www.facebook.com\/Uelzener\" \/>\n<meta property=\"article:modified_time\" content=\"2025-11-13T11:32:27+00:00\" \/>\n<meta property=\"og:image\" content=\"https:\/\/uelzener.de\/magazin\/app\/uploads\/2021\/10\/Morosche-Karottensuppe.jpg\" \/>\n\t<meta property=\"og:image:width\" content=\"1024\" \/>\n\t<meta property=\"og:image:height\" content=\"450\" \/>\n\t<meta property=\"og:image:type\" content=\"image\/jpeg\" \/>\n<meta name=\"twitter:card\" content=\"summary_large_image\" \/>\n<meta name=\"twitter:label1\" content=\"Gesch\u00e4tzte Lesezeit\" \/>\n\t<meta name=\"twitter:data1\" content=\"4\u00a0Minuten\" \/>\n<script type=\"application\/ld+json\" class=\"yoast-schema-graph\">{\"@context\":\"https:\/\/schema.org\",\"@graph\":[{\"@type\":\"WebPage\",\"@id\":\"https:\/\/uelzener.de\/magazin\/hund\/ernaehrung\/morosche-karottensuppe\/\",\"url\":\"https:\/\/uelzener.de\/magazin\/hund\/ernaehrung\/morosche-karottensuppe\/\",\"name\":\"Morosche Karottensuppe f\u00fcr deinen Hund | Uelzener Tier-Magazin\",\"isPartOf\":{\"@id\":\"https:\/\/uelzener.de\/magazin\/#website\"},\"primaryImageOfPage\":{\"@id\":\"https:\/\/uelzener.de\/magazin\/hund\/ernaehrung\/morosche-karottensuppe\/#primaryimage\"},\"image\":{\"@id\":\"https:\/\/uelzener.de\/magazin\/hund\/ernaehrung\/morosche-karottensuppe\/#primaryimage\"},\"thumbnailUrl\":\"https:\/\/uelzener.de\/magazin\/app\/uploads\/2021\/10\/Morosche-Karottensuppe.jpg\",\"datePublished\":\"2025-09-15T09:10:00+00:00\",\"dateModified\":\"2025-11-13T11:32:27+00:00\",\"description\":\"Morosche Karottensuppe als Hausmittel gegen Durchfall beim Hund \u25b6 Erfahre alles zu \u2713 Rezept \u2713 F\u00fctterung \u2713 Wirkung!\",\"breadcrumb\":{\"@id\":\"https:\/\/uelzener.de\/magazin\/hund\/ernaehrung\/morosche-karottensuppe\/#breadcrumb\"},\"inLanguage\":\"de\",\"potentialAction\":[{\"@type\":\"ReadAction\",\"target\":[\"https:\/\/uelzener.de\/magazin\/hund\/ernaehrung\/morosche-karottensuppe\/\"]}]},{\"@type\":\"ImageObject\",\"inLanguage\":\"de\",\"@id\":\"https:\/\/uelzener.de\/magazin\/hund\/ernaehrung\/morosche-karottensuppe\/#primaryimage\",\"url\":\"https:\/\/uelzener.de\/magazin\/app\/uploads\/2021\/10\/Morosche-Karottensuppe.jpg\",\"contentUrl\":\"https:\/\/uelzener.de\/magazin\/app\/uploads\/2021\/10\/Morosche-Karottensuppe.jpg\",\"width\":1024,\"height\":450,\"caption\":\"Morosche Karottensuppe mit Karotten auf K\u00fcchenbrett\"},{\"@type\":\"WebSite\",\"@id\":\"https:\/\/uelzener.de\/magazin\/#website\",\"url\":\"https:\/\/uelzener.de\/magazin\/\",\"name\":\"Uelzener Tiermagazin\",\"description\":\"Online Tierratgeber der Uelzener Versicherungen\",\"publisher\":{\"@id\":\"https:\/\/uelzener.de\/magazin\/#organization\"},\"potentialAction\":[{\"@type\":\"SearchAction\",\"target\":{\"@type\":\"EntryPoint\",\"urlTemplate\":\"https:\/\/uelzener.de\/magazin\/?s={search_term_string}\"},\"query-input\":{\"@type\":\"PropertyValueSpecification\",\"valueRequired\":true,\"valueName\":\"search_term_string\"}}],\"inLanguage\":\"de\"},{\"@type\":\"Organization\",\"@id\":\"https:\/\/uelzener.de\/magazin\/#organization\",\"name\":\"Uelzener Versicherungen\",\"url\":\"https:\/\/uelzener.de\/magazin\/\",\"logo\":{\"@type\":\"ImageObject\",\"inLanguage\":\"de\",\"@id\":\"https:\/\/uelzener.de\/magazin\/#\/schema\/logo\/image\/\",\"url\":\"https:\/\/uelzener.de\/magazin\/app\/uploads\/2024\/11\/uelzener_allgemeine_versicherungsgesellschaft_a_g_logo.jpg\",\"contentUrl\":\"https:\/\/uelzener.de\/magazin\/app\/uploads\/2024\/11\/uelzener_allgemeine_versicherungsgesellschaft_a_g_logo.jpg\",\"width\":200,\"height\":200,\"caption\":\"Uelzener Versicherungen\"},\"image\":{\"@id\":\"https:\/\/uelzener.de\/magazin\/#\/schema\/logo\/image\/\"},\"sameAs\":[\"https:\/\/www.facebook.com\/Uelzener\",\"https:\/\/instagram.com\/uelzener\",\"https:\/\/www.xing.com\/pages\/uelzenerallgemeineversicherungs-gesellschafta-g\",\"https:\/\/www.youtube.com\/UelzenerVersicherungen\"]}]}<\/script>\n<!-- \/ Yoast SEO Premium plugin. -->","yoast_head_json":{"title":"Morosche Karottensuppe f\u00fcr deinen Hund | Uelzener Tier-Magazin","description":"Morosche Karottensuppe als Hausmittel gegen Durchfall beim Hund \u25b6 Erfahre alles zu \u2713 Rezept \u2713 F\u00fctterung \u2713 Wirkung!","robots":{"index":"index","follow":"follow","max-snippet":"max-snippet:-1","max-image-preview":"max-image-preview:large","max-video-preview":"max-video-preview:-1"},"canonical":"https:\/\/uelzener.de\/magazin\/hund\/ernaehrung\/morosche-karottensuppe\/","og_locale":"de_DE","og_type":"article","og_title":"Morosche Karottensuppe f\u00fcr Hunde: Beliebtes Hausmittel gegen Durchfall","og_description":"Morosche Karottensuppe als Hausmittel gegen Durchfall beim Hund \u25b6 Erfahre alles zu \u2713 Rezept \u2713 F\u00fctterung \u2713 Wirkung!","og_url":"https:\/\/uelzener.de\/magazin\/hund\/ernaehrung\/morosche-karottensuppe\/","og_site_name":"Uelzener Tier-Magazin","article_publisher":"https:\/\/www.facebook.com\/Uelzener","article_modified_time":"2025-11-13T11:32:27+00:00","og_image":[{"width":1024,"height":450,"url":"https:\/\/uelzener.de\/magazin\/app\/uploads\/2021\/10\/Morosche-Karottensuppe.jpg","type":"image\/jpeg"}],"twitter_card":"summary_large_image","twitter_misc":{"Gesch\u00e4tzte Lesezeit":"4\u00a0Minuten"},"schema":{"@context":"https:\/\/schema.org","@graph":[{"@type":"WebPage","@id":"https:\/\/uelzener.de\/magazin\/hund\/ernaehrung\/morosche-karottensuppe\/","url":"https:\/\/uelzener.de\/magazin\/hund\/ernaehrung\/morosche-karottensuppe\/","name":"Morosche Karottensuppe f\u00fcr deinen Hund | Uelzener Tier-Magazin","isPartOf":{"@id":"https:\/\/uelzener.de\/magazin\/#website"},"primaryImageOfPage":{"@id":"https:\/\/uelzener.de\/magazin\/hund\/ernaehrung\/morosche-karottensuppe\/#primaryimage"},"image":{"@id":"https:\/\/uelzener.de\/magazin\/hund\/ernaehrung\/morosche-karottensuppe\/#primaryimage"},"thumbnailUrl":"https:\/\/uelzener.de\/magazin\/app\/uploads\/2021\/10\/Morosche-Karottensuppe.jpg","datePublished":"2025-09-15T09:10:00+00:00","dateModified":"2025-11-13T11:32:27+00:00","description":"Morosche Karottensuppe als Hausmittel gegen Durchfall beim Hund \u25b6 Erfahre alles zu \u2713 Rezept \u2713 F\u00fctterung \u2713 Wirkung!","breadcrumb":{"@id":"https:\/\/uelzener.de\/magazin\/hund\/ernaehrung\/morosche-karottensuppe\/#breadcrumb"},"inLanguage":"de","potentialAction":[{"@type":"ReadAction","target":["https:\/\/uelzener.de\/magazin\/hund\/ernaehrung\/morosche-karottensuppe\/"]}]},{"@type":"ImageObject","inLanguage":"de","@id":"https:\/\/uelzener.de\/magazin\/hund\/ernaehrung\/morosche-karottensuppe\/#primaryimage","url":"https:\/\/uelzener.de\/magazin\/app\/uploads\/2021\/10\/Morosche-Karottensuppe.jpg","contentUrl":"https:\/\/uelzener.de\/magazin\/app\/uploads\/2021\/10\/Morosche-Karottensuppe.jpg","width":1024,"height":450,"caption":"Morosche Karottensuppe mit Karotten auf K\u00fcchenbrett"},{"@type":"WebSite","@id":"https:\/\/uelzener.de\/magazin\/#website","url":"https:\/\/uelzener.de\/magazin\/","name":"Uelzener Tiermagazin","description":"Online Tierratgeber der Uelzener Versicherungen","publisher":{"@id":"https:\/\/uelzener.de\/magazin\/#organization"},"potentialAction":[{"@type":"SearchAction","target":{"@type":"EntryPoint","urlTemplate":"https:\/\/uelzener.de\/magazin\/?s={search_term_string}"},"query-input":{"@type":"PropertyValueSpecification","valueRequired":true,"valueName":"search_term_string"}}],"inLanguage":"de"},{"@type":"Organization","@id":"https:\/\/uelzener.de\/magazin\/#organization","name":"Uelzener Versicherungen","url":"https:\/\/uelzener.de\/magazin\/","logo":{"@type":"ImageObject","inLanguage":"de","@id":"https:\/\/uelzener.de\/magazin\/#\/schema\/logo\/image\/","url":"https:\/\/uelzener.de\/magazin\/app\/uploads\/2024\/11\/uelzener_allgemeine_versicherungsgesellschaft_a_g_logo.jpg","contentUrl":"https:\/\/uelzener.de\/magazin\/app\/uploads\/2024\/11\/uelzener_allgemeine_versicherungsgesellschaft_a_g_logo.jpg","width":200,"height":200,"caption":"Uelzener Versicherungen"},"image":{"@id":"https:\/\/uelzener.de\/magazin\/#\/schema\/logo\/image\/"},"sameAs":["https:\/\/www.facebook.com\/Uelzener","https:\/\/instagram.com\/uelzener","https:\/\/www.xing.com\/pages\/uelzenerallgemeineversicherungs-gesellschafta-g","https:\/\/www.youtube.com\/UelzenerVersicherungen"]}]}},"_links":{"self":[{"href":"https:\/\/uelzener.de\/magazin\/wp-json\/wp\/v2\/pages\/10093","targetHints":{"allow":["GET"]}}],"collection":[{"href":"https:\/\/uelzener.de\/magazin\/wp-json\/wp\/v2\/pages"}],"about":[{"href":"https:\/\/uelzener.de\/magazin\/wp-json\/wp\/v2\/types\/page"}],"author":[{"embeddable":true,"href":"https:\/\/uelzener.de\/magazin\/wp-json\/wp\/v2\/users\/1"}],"replies":[{"embeddable":true,"href":"https:\/\/uelzener.de\/magazin\/wp-json\/wp\/v2\/comments?post=10093"}],"version-history":[{"count":27,"href":"https:\/\/uelzener.de\/magazin\/wp-json\/wp\/v2\/pages\/10093\/revisions"}],"predecessor-version":[{"id":19528,"href":"https:\/\/uelzener.de\/magazin\/wp-json\/wp\/v2\/pages\/10093\/revisions\/19528"}],"up":[{"embeddable":true,"href":"https:\/\/uelzener.de\/magazin\/wp-json\/wp\/v2\/pages\/11674"}],"wp:featuredmedia":[{"embeddable":true,"href":"https:\/\/uelzener.de\/magazin\/wp-json\/wp\/v2\/media\/12826"}],"wp:attachment":[{"href":"https:\/\/uelzener.de\/magazin\/wp-json\/wp\/v2\/media?parent=10093"}],"curies":[{"name":"wp","href":"https:\/\/api.w.org\/{rel}","templated":true}]}}