{"id":10092,"date":"2020-04-08T00:00:00","date_gmt":"2020-04-08T00:00:00","guid":{"rendered":""},"modified":"2024-01-31T15:46:17","modified_gmt":"2024-01-31T14:46:17","slug":"hund-und-coronavirus","status":"publish","type":"page","link":"https:\/\/uelzener.de\/magazin\/hund\/haeufige-fragen\/hund-und-coronavirus\/","title":{"rendered":"Mein Hund und das Coronavirus"},"content":{"rendered":"<p>UPDATE: 16.03.2021\u00a0<b>Nach Angaben des Friedrich-Loeffler-Instituts (FLI), dem Bundesforschungsinstitut f\u00fcr Tiergesundheit, besteht die M\u00f6glichkeit, dass sich ein Haustier durch engen Kontakt mit einem an Covid-19 erkrankten Menschen mit der Krankheit anstecken kann. Ob ein Tier infiziert ist, kann nur dann zuverl\u00e4ssig festgestellt werden, wenn es <a href=\"https:\/\/uelzener.de\/magazin\/wir\/corona-tests-fuer-hunde-und-katzen\/\">auf den Erreger SARS-CoV-2 getestet<\/a> wird. Die Kosten hierf\u00fcr \u00fcbernehmen die Uelzener Versicherungen, einer der f\u00fchrenden Spezialversicherer f\u00fcr Tiere in Deutschland, im Rahmen der Krankenvollversicherung f\u00fcr Hunde und Katzen.<\/b><\/p>\n<p>Wer einen Hund hat, macht sich aktuell m\u00f6glicherweise doppelt Sorgen: Was passiert, wenn ich krank werde? Und kann sich mein Hund mit dem Coronavirus anstecken \u2013 oder gar die Krankheit COVID-19 auf mich \u00fcbertragen? Wir kl\u00e4ren auf, was hinter den Ger\u00fcchten steckt und welche Vorsichtsma\u00dfnahmen sinnvoll sind.<\/p>\n<p>Die t\u00e4glichen Schreckensmeldungen aus aller Welt zur Corona-Pandemie verunsichern viele Menschen. Hundehalter haben zudem die Verantwortung f\u00fcr ihre vierbeinigen Lebensgef\u00e4hrten, deren Bed\u00fcrfnisse sich nicht nach den Vorgaben der Politik richten. Wir kl\u00e4ren die wichtigsten Fragen, was Du im Umgang mit Deinem Hund beachten solltest:<\/p>\n<h2>Darf ich weiterhin mit meinem Hund spazieren gehen?<\/h2>\n<p>Ein Hund braucht jeden Tag ausreichend Bewegung \u2013 darin sind sich Politiker,\u00a0 Wissenschaftler und Tierhalter einig. Deshalb gilt auch in Zeiten von Kontakt- und Ausgangssperren, dass die Hunderunde drau\u00dfen weiterhin stattfinden darf. Das aktuelle Kontaktverbot in Deutschland sieht jedoch vor, dass alle Personen einen Mindestabstand von 1,5 Metern einhalten. Weitere Einschr\u00e4nkungen k\u00f6nnen von Region zu Region unterschiedlich sein.<\/p>\n<h2><strong>Kann mein Hund sich mit dem Coronavirus anstecken?<\/strong><\/h2>\n<p><span style=\"color: #201f1e;\">Die Experten sind sich zudem einig, dass Haustiere keine Rolle bei der \u00dcbertragung des Coronavirus von Mensch zu Mensch spielen. Es wird allerdings momentan noch erforscht, ob Hunde selbst an COVID-19 erkranken k\u00f6nnen. Bei zwei Hunden in Hong Kong, die in den Haushalten infizierter Personen leben, wurde das Virus zwar nachgewiesen. Sie zeigten aber keine Krankheitssymptome und haben den Erreger auch nicht weitergegeben. Deshalb gibt es aktuell auch keine Veranlassung, Dein Tier testen zu lassen.<\/span><\/p>\n<p><img decoding=\"async\" src=\"\/magazin\/app\/uploads\/2021\/02\/0b76564a-9e1f-40b2-be82-793f57ea1fe6.jpg\" \/><\/p>\n<p>Wenn Du positiv auf das Coronavirus getestet wurdest und Dich in Quarant\u00e4ne befindest, solltest Du j\u00fcngere Freunde oder Nachbarn um Unterst\u00fctzung bei den Spazierg\u00e4ngen bitten. Am besten bringt der Helfer eine eigene Leine sowie ein eigenes <a href=\"https:\/\/uelzener.de\/magazin\/hund\/haeufige-fragen\/halsband-oder-geschirr\/\" target=\"_blank\" rel=\"noopener\">Halsband oder Geschirr<\/a> mit oder desinfiziert Dein Zubeh\u00f6r, bevor er es in die Hand nimmt. Bitte vermeide den direkten Kontakt zu anderen Personen und wasch Dir vor der \u00dcbergabe des Hundes gr\u00fcndlich die H\u00e4nde. Dein Hund kann nach wie vor in Deinem Garten spielen.<\/p>\n<h2>Wie sch\u00fctze ich meinen Hund, wenn ich an COVID-19 erkrankt bin?<\/h2>\n<p>Es ist aktuell nicht davon auszugehen, dass Du bei einem positiven Test eine Gefahr f\u00fcr Dein Tier darstellst. Das hei\u00dft, Du Musst Dich im Fall einer Erkrankung nicht strikt von Deinem Haustier fernhalten. Vielmehr kannst Du Deinen Sch\u00fctzling ganz normal versorgen, wenn Du gesundheitlich dazu in der Lage bist. Bitte halte Dich an die grunds\u00e4tzlichen Hygieneempfehlungen im Umgang mit Haustieren und wasch Dir beispielsweise vor und nach dem Umgang mit dem Tier oder seinem Futter die H\u00e4nde gr\u00fcndlich mit Seife. Auch solltest Du sehr engen K\u00f6rperkontakt vermeiden und Dir nicht das Gesicht abschlecken lassen. Und: Tiere ben\u00f6tigen weder Atemmasken noch sollten sie desinfiziert werden. Beides erzeugt Stress und kann Haut und Schleimh\u00e4ute sch\u00e4digen.<\/p>\n<h2>Nehmen Tierheime die Hunde infizierter Besitzer auf?<\/h2>\n<p>Tierheime nehmen Hunde und Katzen grunds\u00e4tzlich in allen Notsituationen auf. Der Deutsche Tierschutzbund weist jedoch darauf hin, dass die deutschen Tierheime derzeit stark \u00fcberlastet sind und aufgrund der Corona-Pandemie selbst in Not geraten. Zudem bedeuten ein Ortswechsel sowie der Verlust der Bezugspersonen f\u00fcr jedes Tier Stress. Tierhalter sollten daher vorrangig versuchen, ihre Sch\u00fctzlinge im famili\u00e4ren Umfeld oder im Freundeskreis unterzubringen und nur im Tierheim abzugeben, wenn es unbedingt notwendig ist. Hundepensionen oder Tiersitter bieten Alternativen an.<\/p>\n<h2>Was mache ich, wenn mein Hund einen Tierarzt braucht?<\/h2>\n<p>Tier\u00e4rzte und -kliniken geh\u00f6ren zur Grundversorgung, die immer sichergestellt sein muss. Deshalb kannst Du jederzeit einen Tierarzt aufsuchen, wenn es notwendig wird. Der Bundesverband Praktizierender Tier\u00e4rzte (bpt) e. V. bittet um eine vorherige Terminabsprache \u2013 entweder telefonisch oder online. Bereits vereinbarte Termine zu planbaren Eingriffen und Behandlungen sollten auf einen sp\u00e4teren Zeitpunkt verschoben werden.<\/p>\n<p>Bitte beachte zudem diese Hinweise:<\/p>\n<ul>\n<li>Lass Dich vor dem Tierarztbesuch von Deinem Tierarzt telefonisch beraten.<\/li>\n<li>Suche den Tierarzt nur in dringenden F\u00e4llen auf.<\/li>\n<li>Nur eine gesunde erwachsene Person sollte das Haustier begleiten.<\/li>\n<li>Warte nach der Ankunft drau\u00dfen und folge den Anweisungen des Personals.<\/li>\n<li>Desinfiziere Deine H\u00e4nde beim Eintreten.<\/li>\n<li>Vermeide den Kontakt (kein H\u00e4ndesch\u00fctteln) und halte stets einen Abstand von mindestens 1,5 Metern zu anderen Personen ein.<\/li>\n<li>Und vergiss nicht, Dir oft und richtig die H\u00e4nde zu waschen.<\/li>\n<\/ul>\n<h2>Hat das Coronavirus Auswirkungen auf den Versicherungsschutz?<\/h2>\n<p>Der Versicherungsschutz f\u00fcr Hunde ist von der Corona-Pandemie nicht betroffen. Zwar sind Behandlungen infolge von Epidemien und Pandemien in der <strong>Krankenversicherung f\u00fcr Hunde<\/strong> nicht mitversichert. Dies bezieht sich aber auf \u00fcbertragbare Krankheiten, die von Tier zu Tier \u00fcbertragen werden (z. B. Schweinepest).<\/p>\n\n<div class=\"banner\">\n    <a href=\"https:\/\/uelzener.de\/hund\/hunde-op-versicherung\/?agt=0000104925&sem=true&utm_medium=magazin&utm_source=wordpress&utm_campaign=hund_op&utm_content=banner\">\n        <img decoding=\"async\" width=\"300\" height=\"212\" src=\"https:\/\/uelzener.de\/magazin\/app\/uploads\/2025\/01\/Hunde-OP-Versicherung.jpg\" class=\"attachment-medium size-medium\" alt=\"Banner Hunde-OP-Versicherung\" \/>    <\/a>\n<\/div>\n\n<p>Die Viren, die COVID-19 <span style=\"color: #172b4d;\">verursachen,<\/span> sind wirtsspezifisch und betreffen ausschlie\u00dflich den Menschen. Haustiere sind vom jetzigen COVID-19 nicht betroffen.\u00a0Der Versicherungsschutz bleibt unver\u00e4ndert bestehen. Das ist auch der Fall, wenn der Besitzer an COVID-19 erkrankt oder sich in Quarant\u00e4ne befindet.<\/p>\n","protected":false},"excerpt":{"rendered":"<p>UPDATE: 16.03.2021\u00a0Nach Angaben des Friedrich-Loeffler-Instituts (FLI), dem Bundesforschungsinstitut f\u00fcr Tiergesundheit, besteht die M\u00f6glichkeit, dass sich ein Haustier durch engen Kontakt mit einem an Covid-19 erkrankten Menschen mit der Krankheit anstecken kann. Ob ein Tier infiziert ist, kann nur dann zuverl\u00e4ssig festgestellt werden, wenn es auf den Erreger SARS-CoV-2 getestet wird. Die Kosten hierf\u00fcr \u00fcbernehmen die [&hellip;]<\/p>\n","protected":false},"author":1,"featured_media":12827,"parent":11687,"menu_order":28,"comment_status":"open","ping_status":"open","template":"templates\/blog.php","meta":{"_acf_changed":false,"_crdt_document":"","footnotes":"","beyondwords_generate_audio":"0","beyondwords_project_id":"","beyondwords_content_id":"","beyondwords_preview_token":"","beyondwords_player_style":"","beyondwords_language_id":"","beyondwords_title_voice_id":"","beyondwords_body_voice_id":"","beyondwords_summary_voice_id":"","beyondwords_error_message":"","beyondwords_disabled":"","beyondwords_delete_content":"","beyondwords_podcast_id":"","beyondwords_hash":"","publish_post_to_speechkit":"","speechkit_hash":"","speechkit_generate_audio":"","speechkit_project_id":"","speechkit_podcast_id":"","speechkit_error_message":"","speechkit_disabled":"","speechkit_access_key":"","speechkit_error":"","speechkit_info":"","speechkit_response":"","speechkit_retries":"","speechkit_status":"","speechkit_updated_at":"","_speechkit_link":"","_speechkit_text":""},"class_list":["post-10092","page","type-page","status-publish","has-post-thumbnail","hentry"],"acf":[],"yoast_head":"<!-- This site is optimized with the Yoast SEO Premium plugin  - https:\/\/yoast.com\/product\/yoast-seo-premium-wordpress\/ -->\n<title>Mein Hund und das Coronavirus | Uelzener<\/title>\n<meta name=\"robots\" content=\"index, follow, max-snippet:-1, max-image-preview:large, max-video-preview:-1\" \/>\n<link rel=\"canonical\" href=\"https:\/\/uelzener.de\/magazin\/hund\/haeufige-fragen\/hund-und-coronavirus\/\" \/>\n<meta property=\"og:locale\" content=\"de_DE\" \/>\n<meta property=\"og:type\" content=\"article\" \/>\n<meta property=\"og:title\" content=\"Mein Hund und das Coronavirus\" \/>\n<meta property=\"og:description\" content=\"UPDATE: 16.03.2021\u00a0Nach Angaben des Friedrich-Loeffler-Instituts (FLI), dem Bundesforschungsinstitut f\u00fcr Tiergesundheit, besteht die M\u00f6glichkeit, dass sich ein Haustier durch engen Kontakt mit einem an Covid-19 erkrankten Menschen mit der Krankheit anstecken kann. Ob ein Tier infiziert ist, kann nur dann zuverl\u00e4ssig festgestellt werden, wenn es auf den Erreger SARS-CoV-2 getestet wird. Die Kosten hierf\u00fcr \u00fcbernehmen die [&hellip;]\" \/>\n<meta property=\"og:url\" content=\"https:\/\/uelzener.de\/magazin\/hund\/haeufige-fragen\/hund-und-coronavirus\/\" \/>\n<meta property=\"og:site_name\" content=\"Uelzener Tier-Magazin\" \/>\n<meta property=\"article:publisher\" content=\"https:\/\/www.facebook.com\/Uelzener\" \/>\n<meta property=\"article:modified_time\" content=\"2024-01-31T14:46:17+00:00\" \/>\n<meta property=\"og:image\" content=\"https:\/\/uelzener.de\/magazin\/app\/uploads\/2021\/10\/Mein-Hund-und-das-Coronavirus.jpg\" \/>\n\t<meta property=\"og:image:width\" content=\"1024\" \/>\n\t<meta property=\"og:image:height\" content=\"450\" \/>\n\t<meta property=\"og:image:type\" content=\"image\/jpeg\" \/>\n<meta name=\"twitter:card\" content=\"summary_large_image\" \/>\n<meta name=\"twitter:label1\" content=\"Gesch\u00e4tzte Lesezeit\" \/>\n\t<meta name=\"twitter:data1\" content=\"4\u00a0Minuten\" \/>\n<script type=\"application\/ld+json\" class=\"yoast-schema-graph\">{\"@context\":\"https:\/\/schema.org\",\"@graph\":[{\"@type\":\"WebPage\",\"@id\":\"https:\/\/uelzener.de\/magazin\/hund\/haeufige-fragen\/hund-und-coronavirus\/\",\"url\":\"https:\/\/uelzener.de\/magazin\/hund\/haeufige-fragen\/hund-und-coronavirus\/\",\"name\":\"Mein Hund und das Coronavirus | Uelzener\",\"isPartOf\":{\"@id\":\"https:\/\/uelzener.de\/magazin\/#website\"},\"primaryImageOfPage\":{\"@id\":\"https:\/\/uelzener.de\/magazin\/hund\/haeufige-fragen\/hund-und-coronavirus\/#primaryimage\"},\"image\":{\"@id\":\"https:\/\/uelzener.de\/magazin\/hund\/haeufige-fragen\/hund-und-coronavirus\/#primaryimage\"},\"thumbnailUrl\":\"https:\/\/uelzener.de\/magazin\/app\/uploads\/2021\/10\/Mein-Hund-und-das-Coronavirus.jpg\",\"datePublished\":\"2020-04-08T00:00:00+00:00\",\"dateModified\":\"2024-01-31T14:46:17+00:00\",\"breadcrumb\":{\"@id\":\"https:\/\/uelzener.de\/magazin\/hund\/haeufige-fragen\/hund-und-coronavirus\/#breadcrumb\"},\"inLanguage\":\"de\",\"potentialAction\":[{\"@type\":\"ReadAction\",\"target\":[\"https:\/\/uelzener.de\/magazin\/hund\/haeufige-fragen\/hund-und-coronavirus\/\"]}]},{\"@type\":\"ImageObject\",\"inLanguage\":\"de\",\"@id\":\"https:\/\/uelzener.de\/magazin\/hund\/haeufige-fragen\/hund-und-coronavirus\/#primaryimage\",\"url\":\"https:\/\/uelzener.de\/magazin\/app\/uploads\/2021\/10\/Mein-Hund-und-das-Coronavirus.jpg\",\"contentUrl\":\"https:\/\/uelzener.de\/magazin\/app\/uploads\/2021\/10\/Mein-Hund-und-das-Coronavirus.jpg\",\"width\":1024,\"height\":450,\"caption\":\"Ein M\u00e4dchen mit OP-Maske schaut ihrem hellen Hund in die Augen. Wie ver\u00e4ndert sich durch das Coronavirus der Umgang mit dem vierbeinigen Begleiter?\"},{\"@type\":\"WebSite\",\"@id\":\"https:\/\/uelzener.de\/magazin\/#website\",\"url\":\"https:\/\/uelzener.de\/magazin\/\",\"name\":\"Uelzener Tiermagazin\",\"description\":\"Online Tierratgeber der Uelzener Versicherungen\",\"publisher\":{\"@id\":\"https:\/\/uelzener.de\/magazin\/#organization\"},\"potentialAction\":[{\"@type\":\"SearchAction\",\"target\":{\"@type\":\"EntryPoint\",\"urlTemplate\":\"https:\/\/uelzener.de\/magazin\/?s={search_term_string}\"},\"query-input\":{\"@type\":\"PropertyValueSpecification\",\"valueRequired\":true,\"valueName\":\"search_term_string\"}}],\"inLanguage\":\"de\"},{\"@type\":\"Organization\",\"@id\":\"https:\/\/uelzener.de\/magazin\/#organization\",\"name\":\"Uelzener Versicherungen\",\"url\":\"https:\/\/uelzener.de\/magazin\/\",\"logo\":{\"@type\":\"ImageObject\",\"inLanguage\":\"de\",\"@id\":\"https:\/\/uelzener.de\/magazin\/#\/schema\/logo\/image\/\",\"url\":\"https:\/\/uelzener.de\/magazin\/app\/uploads\/2024\/11\/uelzener_allgemeine_versicherungsgesellschaft_a_g_logo.jpg\",\"contentUrl\":\"https:\/\/uelzener.de\/magazin\/app\/uploads\/2024\/11\/uelzener_allgemeine_versicherungsgesellschaft_a_g_logo.jpg\",\"width\":200,\"height\":200,\"caption\":\"Uelzener Versicherungen\"},\"image\":{\"@id\":\"https:\/\/uelzener.de\/magazin\/#\/schema\/logo\/image\/\"},\"sameAs\":[\"https:\/\/www.facebook.com\/Uelzener\",\"https:\/\/instagram.com\/uelzener\",\"https:\/\/www.xing.com\/pages\/uelzenerallgemeineversicherungs-gesellschafta-g\",\"https:\/\/www.youtube.com\/UelzenerVersicherungen\"]}]}<\/script>\n<!-- \/ Yoast SEO Premium plugin. -->","yoast_head_json":{"title":"Mein Hund und das Coronavirus | Uelzener","robots":{"index":"index","follow":"follow","max-snippet":"max-snippet:-1","max-image-preview":"max-image-preview:large","max-video-preview":"max-video-preview:-1"},"canonical":"https:\/\/uelzener.de\/magazin\/hund\/haeufige-fragen\/hund-und-coronavirus\/","og_locale":"de_DE","og_type":"article","og_title":"Mein Hund und das Coronavirus","og_description":"UPDATE: 16.03.2021\u00a0Nach Angaben des Friedrich-Loeffler-Instituts (FLI), dem Bundesforschungsinstitut f\u00fcr Tiergesundheit, besteht die M\u00f6glichkeit, dass sich ein Haustier durch engen Kontakt mit einem an Covid-19 erkrankten Menschen mit der Krankheit anstecken kann. Ob ein Tier infiziert ist, kann nur dann zuverl\u00e4ssig festgestellt werden, wenn es auf den Erreger SARS-CoV-2 getestet wird. Die Kosten hierf\u00fcr \u00fcbernehmen die [&hellip;]","og_url":"https:\/\/uelzener.de\/magazin\/hund\/haeufige-fragen\/hund-und-coronavirus\/","og_site_name":"Uelzener Tier-Magazin","article_publisher":"https:\/\/www.facebook.com\/Uelzener","article_modified_time":"2024-01-31T14:46:17+00:00","og_image":[{"width":1024,"height":450,"url":"https:\/\/uelzener.de\/magazin\/app\/uploads\/2021\/10\/Mein-Hund-und-das-Coronavirus.jpg","type":"image\/jpeg"}],"twitter_card":"summary_large_image","twitter_misc":{"Gesch\u00e4tzte Lesezeit":"4\u00a0Minuten"},"schema":{"@context":"https:\/\/schema.org","@graph":[{"@type":"WebPage","@id":"https:\/\/uelzener.de\/magazin\/hund\/haeufige-fragen\/hund-und-coronavirus\/","url":"https:\/\/uelzener.de\/magazin\/hund\/haeufige-fragen\/hund-und-coronavirus\/","name":"Mein Hund und das Coronavirus | Uelzener","isPartOf":{"@id":"https:\/\/uelzener.de\/magazin\/#website"},"primaryImageOfPage":{"@id":"https:\/\/uelzener.de\/magazin\/hund\/haeufige-fragen\/hund-und-coronavirus\/#primaryimage"},"image":{"@id":"https:\/\/uelzener.de\/magazin\/hund\/haeufige-fragen\/hund-und-coronavirus\/#primaryimage"},"thumbnailUrl":"https:\/\/uelzener.de\/magazin\/app\/uploads\/2021\/10\/Mein-Hund-und-das-Coronavirus.jpg","datePublished":"2020-04-08T00:00:00+00:00","dateModified":"2024-01-31T14:46:17+00:00","breadcrumb":{"@id":"https:\/\/uelzener.de\/magazin\/hund\/haeufige-fragen\/hund-und-coronavirus\/#breadcrumb"},"inLanguage":"de","potentialAction":[{"@type":"ReadAction","target":["https:\/\/uelzener.de\/magazin\/hund\/haeufige-fragen\/hund-und-coronavirus\/"]}]},{"@type":"ImageObject","inLanguage":"de","@id":"https:\/\/uelzener.de\/magazin\/hund\/haeufige-fragen\/hund-und-coronavirus\/#primaryimage","url":"https:\/\/uelzener.de\/magazin\/app\/uploads\/2021\/10\/Mein-Hund-und-das-Coronavirus.jpg","contentUrl":"https:\/\/uelzener.de\/magazin\/app\/uploads\/2021\/10\/Mein-Hund-und-das-Coronavirus.jpg","width":1024,"height":450,"caption":"Ein M\u00e4dchen mit OP-Maske schaut ihrem hellen Hund in die Augen. Wie ver\u00e4ndert sich durch das Coronavirus der Umgang mit dem vierbeinigen Begleiter?"},{"@type":"WebSite","@id":"https:\/\/uelzener.de\/magazin\/#website","url":"https:\/\/uelzener.de\/magazin\/","name":"Uelzener Tiermagazin","description":"Online Tierratgeber der Uelzener Versicherungen","publisher":{"@id":"https:\/\/uelzener.de\/magazin\/#organization"},"potentialAction":[{"@type":"SearchAction","target":{"@type":"EntryPoint","urlTemplate":"https:\/\/uelzener.de\/magazin\/?s={search_term_string}"},"query-input":{"@type":"PropertyValueSpecification","valueRequired":true,"valueName":"search_term_string"}}],"inLanguage":"de"},{"@type":"Organization","@id":"https:\/\/uelzener.de\/magazin\/#organization","name":"Uelzener Versicherungen","url":"https:\/\/uelzener.de\/magazin\/","logo":{"@type":"ImageObject","inLanguage":"de","@id":"https:\/\/uelzener.de\/magazin\/#\/schema\/logo\/image\/","url":"https:\/\/uelzener.de\/magazin\/app\/uploads\/2024\/11\/uelzener_allgemeine_versicherungsgesellschaft_a_g_logo.jpg","contentUrl":"https:\/\/uelzener.de\/magazin\/app\/uploads\/2024\/11\/uelzener_allgemeine_versicherungsgesellschaft_a_g_logo.jpg","width":200,"height":200,"caption":"Uelzener Versicherungen"},"image":{"@id":"https:\/\/uelzener.de\/magazin\/#\/schema\/logo\/image\/"},"sameAs":["https:\/\/www.facebook.com\/Uelzener","https:\/\/instagram.com\/uelzener","https:\/\/www.xing.com\/pages\/uelzenerallgemeineversicherungs-gesellschafta-g","https:\/\/www.youtube.com\/UelzenerVersicherungen"]}]}},"_links":{"self":[{"href":"https:\/\/uelzener.de\/magazin\/wp-json\/wp\/v2\/pages\/10092","targetHints":{"allow":["GET"]}}],"collection":[{"href":"https:\/\/uelzener.de\/magazin\/wp-json\/wp\/v2\/pages"}],"about":[{"href":"https:\/\/uelzener.de\/magazin\/wp-json\/wp\/v2\/types\/page"}],"author":[{"embeddable":true,"href":"https:\/\/uelzener.de\/magazin\/wp-json\/wp\/v2\/users\/1"}],"replies":[{"embeddable":true,"href":"https:\/\/uelzener.de\/magazin\/wp-json\/wp\/v2\/comments?post=10092"}],"version-history":[{"count":10,"href":"https:\/\/uelzener.de\/magazin\/wp-json\/wp\/v2\/pages\/10092\/revisions"}],"predecessor-version":[{"id":16995,"href":"https:\/\/uelzener.de\/magazin\/wp-json\/wp\/v2\/pages\/10092\/revisions\/16995"}],"up":[{"embeddable":true,"href":"https:\/\/uelzener.de\/magazin\/wp-json\/wp\/v2\/pages\/11687"}],"wp:featuredmedia":[{"embeddable":true,"href":"https:\/\/uelzener.de\/magazin\/wp-json\/wp\/v2\/media\/12827"}],"wp:attachment":[{"href":"https:\/\/uelzener.de\/magazin\/wp-json\/wp\/v2\/media?parent=10092"}],"curies":[{"name":"wp","href":"https:\/\/api.w.org\/{rel}","templated":true}]}}