{"id":10090,"date":"2020-01-30T00:00:00","date_gmt":"2020-01-29T23:00:00","guid":{"rendered":""},"modified":"2023-10-25T11:44:42","modified_gmt":"2023-10-25T09:44:42","slug":"medical-training-hund","status":"publish","type":"page","link":"https:\/\/uelzener.de\/magazin\/hund\/erziehung-und-training\/medical-training-hund\/","title":{"rendered":"Medical Training f\u00fcr Hunde: Ohne Stress zum Tierarzt"},"content":{"rendered":"<p>Ein Besuch beim Tierarzt ist f\u00fcr manchen Hund mit einer Menge Stress und Angst verbunden. Sie winseln, lassen sich nicht anfassen oder wollen gar nicht erst aus dem Auto steigen. Mit Medical Training bereitest Du Deinen Hund f\u00fcr den Tierarztbesuch vor und nimmst ihm damit den Stress.<\/p>\n<h2>Hund hat Angst vor dem Tierarzt<\/h2>\n<p>Einige Hunde haben <strong>Angst vor dem Tierarztbesuch<\/strong> und sind bereits im Vorfeld sehr gestresst. Eigentlich kann man es dem Hund nicht verdenken \u2013 Maul- und Ohruntersuchungen, Krallen schneiden, Spritzen und Co. sind einfach unangenehm. Um den Besuch beim Tierarzt kommt man \u2013 bzw. Hund \u2013 allerdings nicht herum, weswegen man es seinem Hund so leicht und angenehm wie nur m\u00f6glich machen sollte. Hier hilft das <strong>Medical Training<\/strong>, um den Hund auf die tier\u00e4rztlichen Untersuchungen optimal vorzubereiten.<\/p>\n<p><img decoding=\"async\" src=\"\/magazin\/app\/uploads\/2021\/02\/2b12fd1e-e60d-470e-9d98-006f956f44c4.jpg\" \/><\/p>\n<h2>Hund mit Medical Training an Tierarztbesuche gew\u00f6hnen<\/h2>\n<ul>\n<li>Gew\u00f6hnung an ungewohnte Ber\u00fchrungen<\/li>\n<li>In die Ohren schauen<\/li>\n<li>Das Maul begutachten, um die Z\u00e4hne zu pr\u00fcfen<\/li>\n<li>Pfoten gr\u00fcndlich untersuchen<\/li>\n<li>Auf einen Tisch heben<\/li>\n<\/ul>\n<p>Diese \u00dcbungen kannst Du in den <strong>Alltag einbauen<\/strong>. Beispielsweise kann man w\u00e4hrend einer Kuscheleinheit ganz unauff\u00e4llig Pfoten und Ohren begutachten. So gew\u00f6hnst Du Deinen Hund an Ber\u00fchrungen an f\u00fcr ihn unangenehmen Stellen. F\u00fcr die Untersuchung beim Tierarzt ist er somit vorbereitet und wei\u00df, dass nichts Schlimmes passiert, wenn er dort angefasst wird. Taste Dich dabei vorsichtig und <strong>spielerisch<\/strong> heran. Besonders an Augen bei einer <a href=\"https:\/\/uelzener.de\/magazin\/hund\/tiergesundheit\/bindehautentzuendung-beim-hund\/\">Bindehautentz\u00fcndung<\/a>, Ohren und Maul m\u00f6chten die meisten Hunde niemanden heranlassen. Auch bei den Pfoten verstehen viele Hunde keinen Spa\u00df. Zeigt man ihnen fr\u00fchzeitig in <strong>ruhiger Atmosph\u00e4re<\/strong>, dass sie nichts zu bef\u00fcrchten haben, geht es sp\u00e4ter beim Tierarzt auch deutlich entspannter zu.<\/p>\n<h2>Fr\u00fch \u00fcbt sich: Medical Training im Welpenalter beginnen<\/h2>\n<p>Im besten Fall beginnt man mit dem Medical Training schon im <strong>Welpenalter<\/strong>. Wenn Dein Hund von klein auf an diese Untersuchungen gew\u00f6hnt ist, werden sie ihm auch beim Tierarztbesuch leichter fallen.<\/p>\n<p>Der erste Besuch mit dem Welpen beim Tierarzt sollte, wenn m\u00f6glich, ein <strong>routinem\u00e4\u00dfiger Gesundheitscheck<\/strong> ohne allzu viel Unangenehmes sein. So hat der kleine Hund die M\u00f6glichkeit, die Praxis und das Personal <strong>in Ruhe kennenzulernen<\/strong>, ohne dass er es mit weniger Erfreulichem verbindet. Eine kleine Belohnung, am besten noch auf dem Untersuchungstisch, l\u00e4sst ihn kleine Unannehmlichkeiten ebenfalls schnell vergessen. Diese Erfahrung h\u00e4lt in der Regel auch in sp\u00e4teren Jahren an: Viele Hunde halten die Untersuchungen tapfer durch, weil sie wissen, dass es danach die entsprechende \u201eBezahlung\u201c gibt. Auch Hunden, die schon schlechte Erfahrungen beim Tierarzt machen mussten, kann man oftmals mit viel Geduld, Routinebesuchen und anschlie\u00dfender Belohnung die Angst nach und nach etwas nehmen.<\/p>\n<p>Es lohnt es sich also, das Thema Tierarzt mit dem gesunden Hund rechtzeitig zu trainieren. Denn im Fall der F\u00e4lle zahlt sich das mit Sicherheit aus.<\/p>\n<h2>Hunde sp\u00fcren Laune von Menschen<\/h2>\n<p>Ganz wichtig ist die <strong>innere Einstellung des Menschen<\/strong>. Hunde haben einen sechsten Sinn f\u00fcr die Laune ihres Besitzers. Wer schon im Vorhinein gestresst ist, unter Zeitnot steht oder genervt an die lange Wartezeit in der Praxis denkt, tut sich selbst und dem Hund keinen Gefallen. Der Hund nimmt die Aufregung seines Besitzers wahr und steigert dadurch seine Erwartung auf etwas vermeintlich Schlimmes. Auch die eigene Angst (etwa vor Spritzen) oder \u00fcbertriebenes Bemitleiden sind nicht geeignet, um dem Hund Sicherheit zu vermitteln. Die eigene <strong>Ruhe und Gelassenheit<\/strong> sowie freundliche Konsequenz zeigen ihm hingegen, dass alles halb so wild ist. Tierarztbesuche sollten daher, soweit m\u00f6glich, rechtzeitig geplant werden, sodass man selbst Zeit und Ruhe hat, um mit dem Hund entspannt in die Praxis zu gehen.<\/p>\n<p>\u00dcbrigens: Sollte Dein Hund einmal krank werden oder einen Unfall haben, bist Du mit unserer <strong>OP- oder Krankenversicherung f\u00fcr Hunde<\/strong> auf der sicheren Seite, damit es Deinem vierbeinigen Freund schnell wieder gut geht und du dich sorgenfrei um ihn k\u00fcmmern kannst.<\/p>\n\n<div class=\"banner\">\n    <a href=\"https:\/\/uelzener.de\/hund\/?agt=0000104925&sem=true&utm_medium=magazin&utm_source=wordpress&utm_campaign=hund&utm_content=banner\">\n        <img decoding=\"async\" width=\"300\" height=\"212\" src=\"https:\/\/uelzener.de\/magazin\/app\/uploads\/2023\/10\/Hunde-Versicherung.jpg\" class=\"attachment-medium size-medium\" alt=\"Banner Hunde-Versicherung\" \/>    <\/a>\n<\/div>\n\n","protected":false},"excerpt":{"rendered":"<p>Ein Besuch beim Tierarzt ist f\u00fcr manchen Hund mit einer Menge Stress und Angst verbunden. Sie winseln, lassen sich nicht anfassen oder wollen gar nicht erst aus dem Auto steigen. Mit Medical Training bereitest Du Deinen Hund f\u00fcr den Tierarztbesuch vor und nimmst ihm damit den Stress. Hund hat Angst vor dem Tierarzt Einige Hunde [&hellip;]<\/p>\n","protected":false},"author":1,"featured_media":10680,"parent":11679,"menu_order":30,"comment_status":"closed","ping_status":"closed","template":"templates\/blog.php","meta":{"_acf_changed":false,"_crdt_document":"","footnotes":"","beyondwords_generate_audio":"0","beyondwords_project_id":"","beyondwords_content_id":"","beyondwords_preview_token":"","beyondwords_player_style":"","beyondwords_language_id":"","beyondwords_title_voice_id":"","beyondwords_body_voice_id":"","beyondwords_summary_voice_id":"","beyondwords_error_message":"","beyondwords_disabled":"","beyondwords_delete_content":"","beyondwords_podcast_id":"","beyondwords_hash":"","publish_post_to_speechkit":"","speechkit_hash":"","speechkit_generate_audio":"","speechkit_project_id":"","speechkit_podcast_id":"","speechkit_error_message":"","speechkit_disabled":"","speechkit_access_key":"","speechkit_error":"","speechkit_info":"","speechkit_response":"","speechkit_retries":"","speechkit_status":"","speechkit_updated_at":"","_speechkit_link":"","_speechkit_text":""},"class_list":["post-10090","page","type-page","status-publish","has-post-thumbnail","hentry"],"acf":[],"yoast_head":"<!-- This site is optimized with the Yoast SEO Premium plugin  - https:\/\/yoast.com\/product\/yoast-seo-premium-wordpress\/ -->\n<title>Medical Training f\u00fcr Hunde \u2013 ohne Stress zum Tierarzt | Uelzener<\/title>\n<meta name=\"description\" content=\"Erfahre, wie Du Deinen Hund mit Medical Training auf den Tierarztbesuch vorbereitest \u2713 \u00dcbungen \u2713 innere Einstellung \u2713uvm.!\" \/>\n<meta name=\"robots\" content=\"index, follow, max-snippet:-1, max-image-preview:large, max-video-preview:-1\" \/>\n<link rel=\"canonical\" href=\"https:\/\/uelzener.de\/magazin\/hund\/erziehung-und-training\/medical-training-hund\/\" \/>\n<meta property=\"og:locale\" content=\"de_DE\" \/>\n<meta property=\"og:type\" content=\"article\" \/>\n<meta property=\"og:title\" content=\"Medical Training f\u00fcr Hunde: Ohne Stress zum Tierarzt\" \/>\n<meta property=\"og:description\" content=\"Erfahre, wie Du Deinen Hund mit Medical Training auf den Tierarztbesuch vorbereitest \u2713 \u00dcbungen \u2713 innere Einstellung \u2713uvm.!\" \/>\n<meta property=\"og:url\" content=\"https:\/\/uelzener.de\/magazin\/hund\/erziehung-und-training\/medical-training-hund\/\" \/>\n<meta property=\"og:site_name\" content=\"Uelzener Tier-Magazin\" \/>\n<meta property=\"article:publisher\" content=\"https:\/\/www.facebook.com\/Uelzener\" \/>\n<meta property=\"article:modified_time\" content=\"2023-10-25T09:44:42+00:00\" \/>\n<meta property=\"og:image\" content=\"https:\/\/uelzener.de\/magazin\/app\/uploads\/2020\/01\/2c7abc46-1b7c-4981-9495-4d205c65b938-scaled.jpg\" \/>\n\t<meta property=\"og:image:width\" content=\"2560\" \/>\n\t<meta property=\"og:image:height\" content=\"1334\" \/>\n\t<meta property=\"og:image:type\" content=\"image\/jpeg\" \/>\n<meta name=\"twitter:card\" content=\"summary_large_image\" \/>\n<meta name=\"twitter:label1\" content=\"Gesch\u00e4tzte Lesezeit\" \/>\n\t<meta name=\"twitter:data1\" content=\"3\u00a0Minuten\" \/>\n<script type=\"application\/ld+json\" class=\"yoast-schema-graph\">{\"@context\":\"https:\\\/\\\/schema.org\",\"@graph\":[{\"@type\":\"WebPage\",\"@id\":\"https:\\\/\\\/uelzener.de\\\/magazin\\\/hund\\\/erziehung-und-training\\\/medical-training-hund\\\/\",\"url\":\"https:\\\/\\\/uelzener.de\\\/magazin\\\/hund\\\/erziehung-und-training\\\/medical-training-hund\\\/\",\"name\":\"Medical Training f\u00fcr Hunde \u2013 ohne Stress zum Tierarzt | Uelzener\",\"isPartOf\":{\"@id\":\"https:\\\/\\\/uelzener.de\\\/magazin\\\/#website\"},\"primaryImageOfPage\":{\"@id\":\"https:\\\/\\\/uelzener.de\\\/magazin\\\/hund\\\/erziehung-und-training\\\/medical-training-hund\\\/#primaryimage\"},\"image\":{\"@id\":\"https:\\\/\\\/uelzener.de\\\/magazin\\\/hund\\\/erziehung-und-training\\\/medical-training-hund\\\/#primaryimage\"},\"thumbnailUrl\":\"https:\\\/\\\/uelzener.de\\\/magazin\\\/app\\\/uploads\\\/2020\\\/01\\\/2c7abc46-1b7c-4981-9495-4d205c65b938-scaled.jpg\",\"datePublished\":\"2020-01-29T23:00:00+00:00\",\"dateModified\":\"2023-10-25T09:44:42+00:00\",\"description\":\"Erfahre, wie Du Deinen Hund mit Medical Training auf den Tierarztbesuch vorbereitest \u2713 \u00dcbungen \u2713 innere Einstellung \u2713uvm.!\",\"breadcrumb\":{\"@id\":\"https:\\\/\\\/uelzener.de\\\/magazin\\\/hund\\\/erziehung-und-training\\\/medical-training-hund\\\/#breadcrumb\"},\"inLanguage\":\"de\",\"potentialAction\":[{\"@type\":\"ReadAction\",\"target\":[\"https:\\\/\\\/uelzener.de\\\/magazin\\\/hund\\\/erziehung-und-training\\\/medical-training-hund\\\/\"]}]},{\"@type\":\"ImageObject\",\"inLanguage\":\"de\",\"@id\":\"https:\\\/\\\/uelzener.de\\\/magazin\\\/hund\\\/erziehung-und-training\\\/medical-training-hund\\\/#primaryimage\",\"url\":\"https:\\\/\\\/uelzener.de\\\/magazin\\\/app\\\/uploads\\\/2020\\\/01\\\/2c7abc46-1b7c-4981-9495-4d205c65b938-scaled.jpg\",\"contentUrl\":\"https:\\\/\\\/uelzener.de\\\/magazin\\\/app\\\/uploads\\\/2020\\\/01\\\/2c7abc46-1b7c-4981-9495-4d205c65b938-scaled.jpg\",\"width\":2560,\"height\":1334,\"caption\":\"Adorable border collie puppy looks at a stethoscope hanging from the neck of a veterinarian sitting beside the puppy.\"},{\"@type\":\"WebSite\",\"@id\":\"https:\\\/\\\/uelzener.de\\\/magazin\\\/#website\",\"url\":\"https:\\\/\\\/uelzener.de\\\/magazin\\\/\",\"name\":\"Uelzener Tiermagazin\",\"description\":\"Online Tierratgeber der Uelzener Versicherungen\",\"publisher\":{\"@id\":\"https:\\\/\\\/uelzener.de\\\/magazin\\\/#organization\"},\"potentialAction\":[{\"@type\":\"SearchAction\",\"target\":{\"@type\":\"EntryPoint\",\"urlTemplate\":\"https:\\\/\\\/uelzener.de\\\/magazin\\\/?s={search_term_string}\"},\"query-input\":{\"@type\":\"PropertyValueSpecification\",\"valueRequired\":true,\"valueName\":\"search_term_string\"}}],\"inLanguage\":\"de\"},{\"@type\":\"Organization\",\"@id\":\"https:\\\/\\\/uelzener.de\\\/magazin\\\/#organization\",\"name\":\"Uelzener Versicherungen\",\"url\":\"https:\\\/\\\/uelzener.de\\\/magazin\\\/\",\"logo\":{\"@type\":\"ImageObject\",\"inLanguage\":\"de\",\"@id\":\"https:\\\/\\\/uelzener.de\\\/magazin\\\/#\\\/schema\\\/logo\\\/image\\\/\",\"url\":\"https:\\\/\\\/uelzener.de\\\/magazin\\\/app\\\/uploads\\\/2024\\\/11\\\/uelzener_allgemeine_versicherungsgesellschaft_a_g_logo.jpg\",\"contentUrl\":\"https:\\\/\\\/uelzener.de\\\/magazin\\\/app\\\/uploads\\\/2024\\\/11\\\/uelzener_allgemeine_versicherungsgesellschaft_a_g_logo.jpg\",\"width\":200,\"height\":200,\"caption\":\"Uelzener Versicherungen\"},\"image\":{\"@id\":\"https:\\\/\\\/uelzener.de\\\/magazin\\\/#\\\/schema\\\/logo\\\/image\\\/\"},\"sameAs\":[\"https:\\\/\\\/www.facebook.com\\\/Uelzener\",\"https:\\\/\\\/instagram.com\\\/uelzener\",\"https:\\\/\\\/www.xing.com\\\/pages\\\/uelzenerallgemeineversicherungs-gesellschafta-g\",\"https:\\\/\\\/www.youtube.com\\\/UelzenerVersicherungen\"]}]}<\/script>\n<!-- \/ Yoast SEO Premium plugin. -->","yoast_head_json":{"title":"Medical Training f\u00fcr Hunde \u2013 ohne Stress zum Tierarzt | Uelzener","description":"Erfahre, wie Du Deinen Hund mit Medical Training auf den Tierarztbesuch vorbereitest \u2713 \u00dcbungen \u2713 innere Einstellung \u2713uvm.!","robots":{"index":"index","follow":"follow","max-snippet":"max-snippet:-1","max-image-preview":"max-image-preview:large","max-video-preview":"max-video-preview:-1"},"canonical":"https:\/\/uelzener.de\/magazin\/hund\/erziehung-und-training\/medical-training-hund\/","og_locale":"de_DE","og_type":"article","og_title":"Medical Training f\u00fcr Hunde: Ohne Stress zum Tierarzt","og_description":"Erfahre, wie Du Deinen Hund mit Medical Training auf den Tierarztbesuch vorbereitest \u2713 \u00dcbungen \u2713 innere Einstellung \u2713uvm.!","og_url":"https:\/\/uelzener.de\/magazin\/hund\/erziehung-und-training\/medical-training-hund\/","og_site_name":"Uelzener Tier-Magazin","article_publisher":"https:\/\/www.facebook.com\/Uelzener","article_modified_time":"2023-10-25T09:44:42+00:00","og_image":[{"width":2560,"height":1334,"url":"https:\/\/uelzener.de\/magazin\/app\/uploads\/2020\/01\/2c7abc46-1b7c-4981-9495-4d205c65b938-scaled.jpg","type":"image\/jpeg"}],"twitter_card":"summary_large_image","twitter_misc":{"Gesch\u00e4tzte Lesezeit":"3\u00a0Minuten"},"schema":{"@context":"https:\/\/schema.org","@graph":[{"@type":"WebPage","@id":"https:\/\/uelzener.de\/magazin\/hund\/erziehung-und-training\/medical-training-hund\/","url":"https:\/\/uelzener.de\/magazin\/hund\/erziehung-und-training\/medical-training-hund\/","name":"Medical Training f\u00fcr Hunde \u2013 ohne Stress zum Tierarzt | Uelzener","isPartOf":{"@id":"https:\/\/uelzener.de\/magazin\/#website"},"primaryImageOfPage":{"@id":"https:\/\/uelzener.de\/magazin\/hund\/erziehung-und-training\/medical-training-hund\/#primaryimage"},"image":{"@id":"https:\/\/uelzener.de\/magazin\/hund\/erziehung-und-training\/medical-training-hund\/#primaryimage"},"thumbnailUrl":"https:\/\/uelzener.de\/magazin\/app\/uploads\/2020\/01\/2c7abc46-1b7c-4981-9495-4d205c65b938-scaled.jpg","datePublished":"2020-01-29T23:00:00+00:00","dateModified":"2023-10-25T09:44:42+00:00","description":"Erfahre, wie Du Deinen Hund mit Medical Training auf den Tierarztbesuch vorbereitest \u2713 \u00dcbungen \u2713 innere Einstellung \u2713uvm.!","breadcrumb":{"@id":"https:\/\/uelzener.de\/magazin\/hund\/erziehung-und-training\/medical-training-hund\/#breadcrumb"},"inLanguage":"de","potentialAction":[{"@type":"ReadAction","target":["https:\/\/uelzener.de\/magazin\/hund\/erziehung-und-training\/medical-training-hund\/"]}]},{"@type":"ImageObject","inLanguage":"de","@id":"https:\/\/uelzener.de\/magazin\/hund\/erziehung-und-training\/medical-training-hund\/#primaryimage","url":"https:\/\/uelzener.de\/magazin\/app\/uploads\/2020\/01\/2c7abc46-1b7c-4981-9495-4d205c65b938-scaled.jpg","contentUrl":"https:\/\/uelzener.de\/magazin\/app\/uploads\/2020\/01\/2c7abc46-1b7c-4981-9495-4d205c65b938-scaled.jpg","width":2560,"height":1334,"caption":"Adorable border collie puppy looks at a stethoscope hanging from the neck of a veterinarian sitting beside the puppy."},{"@type":"WebSite","@id":"https:\/\/uelzener.de\/magazin\/#website","url":"https:\/\/uelzener.de\/magazin\/","name":"Uelzener Tiermagazin","description":"Online Tierratgeber der Uelzener Versicherungen","publisher":{"@id":"https:\/\/uelzener.de\/magazin\/#organization"},"potentialAction":[{"@type":"SearchAction","target":{"@type":"EntryPoint","urlTemplate":"https:\/\/uelzener.de\/magazin\/?s={search_term_string}"},"query-input":{"@type":"PropertyValueSpecification","valueRequired":true,"valueName":"search_term_string"}}],"inLanguage":"de"},{"@type":"Organization","@id":"https:\/\/uelzener.de\/magazin\/#organization","name":"Uelzener Versicherungen","url":"https:\/\/uelzener.de\/magazin\/","logo":{"@type":"ImageObject","inLanguage":"de","@id":"https:\/\/uelzener.de\/magazin\/#\/schema\/logo\/image\/","url":"https:\/\/uelzener.de\/magazin\/app\/uploads\/2024\/11\/uelzener_allgemeine_versicherungsgesellschaft_a_g_logo.jpg","contentUrl":"https:\/\/uelzener.de\/magazin\/app\/uploads\/2024\/11\/uelzener_allgemeine_versicherungsgesellschaft_a_g_logo.jpg","width":200,"height":200,"caption":"Uelzener Versicherungen"},"image":{"@id":"https:\/\/uelzener.de\/magazin\/#\/schema\/logo\/image\/"},"sameAs":["https:\/\/www.facebook.com\/Uelzener","https:\/\/instagram.com\/uelzener","https:\/\/www.xing.com\/pages\/uelzenerallgemeineversicherungs-gesellschafta-g","https:\/\/www.youtube.com\/UelzenerVersicherungen"]}]}},"_links":{"self":[{"href":"https:\/\/uelzener.de\/magazin\/wp-json\/wp\/v2\/pages\/10090","targetHints":{"allow":["GET"]}}],"collection":[{"href":"https:\/\/uelzener.de\/magazin\/wp-json\/wp\/v2\/pages"}],"about":[{"href":"https:\/\/uelzener.de\/magazin\/wp-json\/wp\/v2\/types\/page"}],"author":[{"embeddable":true,"href":"https:\/\/uelzener.de\/magazin\/wp-json\/wp\/v2\/users\/1"}],"replies":[{"embeddable":true,"href":"https:\/\/uelzener.de\/magazin\/wp-json\/wp\/v2\/comments?post=10090"}],"version-history":[{"count":9,"href":"https:\/\/uelzener.de\/magazin\/wp-json\/wp\/v2\/pages\/10090\/revisions"}],"predecessor-version":[{"id":16503,"href":"https:\/\/uelzener.de\/magazin\/wp-json\/wp\/v2\/pages\/10090\/revisions\/16503"}],"up":[{"embeddable":true,"href":"https:\/\/uelzener.de\/magazin\/wp-json\/wp\/v2\/pages\/11679"}],"wp:featuredmedia":[{"embeddable":true,"href":"https:\/\/uelzener.de\/magazin\/wp-json\/wp\/v2\/media\/10680"}],"wp:attachment":[{"href":"https:\/\/uelzener.de\/magazin\/wp-json\/wp\/v2\/media?parent=10090"}],"curies":[{"name":"wp","href":"https:\/\/api.w.org\/{rel}","templated":true}]}}