{"id":10089,"date":"2019-12-17T00:00:00","date_gmt":"2019-12-16T23:00:00","guid":{"rendered":""},"modified":"2025-08-28T12:50:23","modified_gmt":"2025-08-28T10:50:23","slug":"winterurlaub-mit-hund","status":"publish","type":"page","link":"https:\/\/uelzener.de\/magazin\/hund\/tipps-fuer-den-alltag\/winterurlaub-mit-hund\/","title":{"rendered":"Winterurlaub mit Hund: Das gilt es zu beachten"},"content":{"rendered":"<p>Deine Familie hat sich um vier Pfoten erweitert und du m\u00f6chtest wie gewohnt in den Winterurlaub fahren? Mit unseren Tipps wird der erste Winterurlaub mit Hund zum vollen Erfolg!<\/p>\n<h2>Winterurlaub mit Hund \u2013 geht das \u00fcberhaupt?<\/h2>\n<p>Winterurlaub ist in einigen Familien eine langj\u00e4hrige Tradition. Doch was, wenn man nun einen Hund hat? F\u00fcr die meisten steht fest, dass der Hund mit in den Winterurlaub kommen soll, denn er freut sich ebenso \u00fcber den Schnee wie man selbst.<br \/>\nWas sollte beachtet werden, wenn der Hund mit auf Reisen geht? Oder mit in den Winterurlaub kommt? Welche Aktivit\u00e4ten bieten sich gemeinsam mit dem Vierbeiner an? Wir haben das wichtigste zum Winterurlaub mit Hund f\u00fcr dich zusammengefasst. Und hier vorab Ausf\u00fchrliches zur <a href=\"https:\/\/uelzener.de\/magazin\/hund\/haeufige-fragen\/reiseapotheke-fuer-hund-checkliste-tipps\/\">Reiseapotheke f\u00fcr den Hund<\/a>.<\/p>\n<h2>Wie soll der Winterurlaub aussehen?<\/h2>\n<p>Es gibt eine Menge Reiseziele f\u00fcr den Winterurlaub mit Hund. Im Vorfeld solltest du dir \u00fcberlegen, wie dein Urlaub aussehen soll. Damit auch der Vierbeiner auf seine Kosten kommt, ist eine gute Planung hier essenziell.<\/p>\n<p>Wenn <strong>Wanderungen<\/strong> mit dem Hund durch die wei\u00dfe Pracht geplant sind, kann der Hund gr\u00f6\u00dftenteils problemlos mitgenommen werden \u2013 vorausgesetzt dein Hund f\u00fchlt sich im Schnee ebenfalls wohl. Auch ein <strong>Ski-Urlaub<\/strong> mit Hund ist m\u00f6glich. Es gibt inzwischen viele Pisten-Regionen, in denen auch Hunde erlaubt sind. Diese liegen in der Regel etwas abseits. Im Vorfeld solltest du alle Details mit der Unterkunft kl\u00e4ren und sicher sein, dass dein Hund ebenfalls willkommen ist. Es sollte auch \u00fcberlegt werden, wer sich mit dem Hund besch\u00e4ftigt, wenn das Pisten-Vergn\u00fcgen ansteht.<\/p>\n\n<div class=\"related_articles boxed\">\n    <h2>Mehr zum Thema<\/h2>\n    \n    <div class=\"wrapper\"><div class=\"title align-center\"><h3><a href=\"https:\/\/uelzener.de\/magazin\/hund\/erziehung-und-training\/winterwanderung-mit-hund-gemeinsam-durch-eis-und-schnee\/\">Winterwanderung mit Hund: Gemeinsam durch Eis und Schnee<\/a><\/h3><\/div><div class=\"img align-center\"><img decoding=\"async\" width=\"315\" height=\"180\" src=\"https:\/\/uelzener.de\/magazin\/app\/uploads\/2025\/01\/winterwanderung-hund-315x180.jpg\" class=\"attachment-315x180 size-315x180 wp-post-image\" alt=\"Eine Frau und ein Hund stehen vor einem Abhang im Wald und schauen auf ein Gebirge\" \/><\/div><\/div><div class=\"wrapper\"><div class=\"title align-center\"><h3><a href=\"https:\/\/uelzener.de\/magazin\/hund\/tiergesundheit\/schneegastritis-hund\/\">Hund frisst Schnee: Infos zur Schneegastritis<\/a><\/h3><\/div><div class=\"img align-center\"><img decoding=\"async\" width=\"315\" height=\"180\" src=\"https:\/\/uelzener.de\/magazin\/app\/uploads\/2021\/10\/Hund-frisst-Schnee-315x180.jpg\" class=\"attachment-315x180 size-315x180 wp-post-image\" alt=\"Labradorwelpe liegt im Schnee, er hat zuviel davon gefressen und jetzt eine Schneegastritis.\" \/><\/div><\/div><div class=\"wrapper\"><div class=\"title align-center\"><h3><a href=\"https:\/\/uelzener.de\/magazin\/hund\/tiergesundheit\/blasenentzuendung-beim-hund\/\">Blasenentz\u00fcndung beim Hund<\/a><\/h3><\/div><div class=\"img align-center\"><img decoding=\"async\" width=\"315\" height=\"180\" src=\"https:\/\/uelzener.de\/magazin\/app\/uploads\/2021\/10\/Blasenentzuendung-beim-Hund-315x180.jpg\" class=\"attachment-315x180 size-315x180 wp-post-image\" alt=\"Welpe mit rotem Mantel pinkelt im Schnee man muss aufpassen, dass der Hund hier keine Blasenentz\u00fcndung bekommt.\" \/><\/div><\/div><\/div>\n\n<p>H\u00e4ufig wird ein <strong>Winterurlaub am Meer<\/strong> au\u00dfer Acht gelassen. Auch die Str\u00e4nde sind im Winter einen Ausflug wert. Hier kann sich voll und ganz erholt werden und viele Str\u00e4nde sind im Winter auch f\u00fcr Hunde ge\u00f6ffnet.<\/p>\n<p>Wenn du dich nach einer Unterkunft f\u00fcr deinen Winterurlaub umschauen, ist es in erster Linie wichtig, dass die Unterkunft hundefreundlich ist. Im besten Fall wird der Vierbeiner nicht nur geduldet, sondern mit offenen Armen empfangen.<br \/>\nViele Vermieter oder Hotelketten haben Bedenken, wenn ein Hund nicht richtig erzogen ist, nicht allein bleiben kann und sich andere G\u00e4ste gest\u00f6rt f\u00fchlen k\u00f6nnten. Wenn man bereits im Vorfeld eine hundefreundliche Unterkunft findet, steht einem entspannten Urlaub nichts im Wege.<\/p>\n<p>F\u00fcr den Urlaub mit Hund bietet sich auch eine Ferienwohnung an. Viele Betreiber werben mittlerweile sogar mit \u201eHunde willkommen\u201c. Der Abstand zu anderen Ferienwohnung ist oftmals viel h\u00f6her als von Hotelzimmer zu Hotelzimmer. Und andere Urlauber f\u00fchlen sich durch deinen Hund weniger gest\u00f6rt.<\/p>\n<p>Inzwischen gibt es viele verschiedene hundefreundliche Hotels und Unterk\u00fcnfte. Achte jedoch auf m\u00f6gliche Zusatzkosten f\u00fcr Hunde. F\u00fcr Ski-Urlauber gibt es Angebote, bei denen es in der Unterkunft einen Hundesitter gibt. Der Betreuer k\u00fcmmert sich um den Hund, wenn die Besitzer auf der Piste unterwegs sind.<\/p>\n<h2>Sicher in den Winterurlaub mit Hund<\/h2>\n<p>Sobald die Unterkunft steht, kann die Reise weiter geplant werden. Das Gep\u00e4ck und der Hund sollten sicher im Auto verstaut werden. Allein die komplette Winter- und Schneeausr\u00fcstung ist auch ohne Hund nicht einfach im Auto unterzubringen.<br \/>\nF\u00fcr die Reise mit dem Auto sollte der Hund an das Autofahren im besten Fall bereits gew\u00f6hnt sein. Es empfiehlt sich, den Hund in einer speziellen <a href=\"https:\/\/uelzener.de\/magazin\/hund\/erziehung-und-training\/hundebox-training-ueben\/\" target=\"_blank\" rel=\"noopener\"><strong>Hunde-Transportbox<\/strong><\/a> im Kofferraum zu sichern. Alternativ k\u00f6nnen auch Trenngitter oder Sicherheitsgurte f\u00fcr die Sicherung des Hundes genutzt werden. F\u00e4hrt der Hund im Kofferraum mit, geht Stauraum verloren. Mit einer Dachbox ist es aber auch kein Problem, das ganze Gep\u00e4ck samt Skiern, Hundefutter und Winterkleidung unterzubringen.<\/p>\n<h2>Das darf auf keinen Fall fehlen<\/h2>\n<p>Dass man f\u00fcr den Hund eine Decke als Schlafplatz, Spielzeug und sein Hundefutter einpackt, ist selbstverst\u00e4ndlich. Doch was geh\u00f6rt zus\u00e4tzlich in das Reisegep\u00e4ck des Vierbeiners?<\/p>\n<p>Damit die Urlaubsfreude ungetr\u00fcbt ist und man von finanziellen Folgen verschont bleibt, wenn der Hund kurzfristig seine gute Erziehung vergisst, ist es essenziell, die richtige <strong>Hundehalter-Haftpflichtversi\u00adcherung<\/strong> abzuschlie\u00dfen. Es gibt Angebote mit verschiedensten Deckungssummen. Wir empfehlen mindestens 10 Millionen Euro abzuschlie\u00dfen.<\/p>\n\n<div class=\"banner\">\n    <a href=\"https:\/\/uelzener.de\/hund\/hunde-haftpflichtversicherung\/?agt=0000104925&sem=true&utm_medium=magazin&utm_source=wordpress&utm_campaign=hund_haf&utm_content=banner\">\n        <img decoding=\"async\" width=\"300\" height=\"212\" src=\"https:\/\/uelzener.de\/magazin\/app\/uploads\/2025\/01\/Hundehalter-Haftpflicht-Versicherung.jpg\" class=\"attachment-medium size-medium\" alt=\"Banner Hundehalter-Haftpflicht-Versicherung\" \/>    <\/a>\n<\/div>\n\n<p>Neben der Versicherung sollte dein Hund auch einen <strong>ausreichenden und g\u00fcltigen Impfschutz <\/strong>mitbringen. Dazu ist es hilfreich, sich je nach Reiseziel rechtzeitig zu informieren, welcher Impfschutz notwendig ist. Solltest du dir unsicher sein, kannst du dich hierf\u00fcr auch von deinem Tierarzt beraten lassen. F\u00fcr einige Impfungen gibt es bestimmte Schutzfristen, die eingehalten werden m\u00fcssen. Dies sollte im Vorfeld unbedingt beachtet werden.<\/p>\n<p><strong>Achte darauf, dass dein Hund nicht friert<\/strong><\/p>\n<p>Auch Hunden kann die K\u00e4lte zu schaffen machen und sie beginnen zu zittern. Besonders kurzhaarige und kleinere Hunderassen frieren schneller. Wenn dein Hund nicht st\u00e4ndig in Bewegung ist, bietet sich hier unter Umst\u00e4nden ein <strong><a href=\"https:\/\/www.uelzener.de\/blog\/tier\/friert-mein-hund-im-winter.html\" target=\"_blank\" rel=\"noopener\">Hundemantel<\/a> <\/strong>an, um den Hund vor der K\u00e4lte zu sch\u00fctzen.<\/p>\n<p><strong><a href=\"https:\/\/uelzener.de\/magazin\/hund\/tiergesundheit\/pfotenpflege-hund\/\">Die Hundepfoten brauchen Pflege im Winter<\/a><\/strong><\/p>\n<p>In der Regel kommen Hundepfoten auch ohne spezielle Pflege aus, doch im Winter solltest du \u00f6fter einen Blick auf die Hundepfoten werfen. Wichtig ist hier vor allem das Fell zwischen den Zehen zu k\u00fcrzen und die Pfoten auf Risse und Wunden zu kontrollieren. Hilfreich ist es auch, die Pfoten vor dem Schneespa\u00df mit Vaseline oder \u00e4hnlichem einzureiben, damit die Pfoten nicht rissig werden. Hundeschuhe k\u00f6nnen den Hund im Winterurlaub ebenfalls unterst\u00fctzen.<\/p>\n<p><strong>Achtung beim Schneefressen<\/strong><\/p>\n<p>Sauberer Schnee ist in der Regel ungef\u00e4hrlich. Allerdings kann zu viel Schnee bei Hunden zu gesundheitlichen Problemen, einer sogenannten <strong>Schneegastritis,<\/strong> f\u00fchren. Folgen k\u00f6nnten <a href=\"https:\/\/uelzener.de\/magazin\/hund\/haeufige-fragen\/durchfall-beim-hund-verdauung\/\">Durchfall<\/a> und Erbrechen sein. Hier solltest du besser darauf achten, dass dein Hund den Schnee nicht in gr\u00f6\u00dferen Mengen aufnimmt.<\/p>\n<p><strong>Sehen und gesehen werden<\/strong><\/p>\n<p>Im Winterurlaub ist man schnell in der Dunkelheit unterwegs. Achte beim <a href=\"https:\/\/uelzener.de\/magazin\/hund\/erziehung-und-training\/winterwanderung-mit-hund-gemeinsam-durch-eis-und-schnee\/\">Spaziergang<\/a> darauf, dass du und dein Hund f\u00fcr alle Verkehrsteilnehmer gut zu erkennen sind. Hierf\u00fcr eignen sich zum Beispiel <a href=\"https:\/\/uelzener.de\/magazin\/hund\/tipps-fuer-den-alltag\/hund-im-dunkeln-sichtbar-machen\/\" target=\"_blank\" rel=\"noopener\">Leuchthalsb\u00e4nder oder Warnwesten<\/a> f\u00fcr Hunde.<\/p>\n<p><strong>Auch Hunde k\u00f6nnen krank werden<\/strong><\/p>\n<p>Hunde k\u00f6nnen bei kaltem und nassem Wetter ebenfalls krank werden. Liegt er zu lang auf einem kalten Boden, ist eine <strong>Blasenentz\u00fcndung <\/strong>die Folge. Auch k\u00f6nnen Hunde <strong><a href=\"https:\/\/uelzener.de\/magazin\/hund\/tiergesundheit\/fieber-und-erkaeltung-hund\/\" target=\"_blank\" rel=\"noopener\">Fieber<\/a> <\/strong>bekommen und f\u00fchlen sich wie wir Menschen schlapp und unwohl, wenn sie krank sind. Wenn dein Hund durch den Schnee durchn\u00e4sst ist, trockne ihn ab oder fahrt am besten zur\u00fcck in die warme Unterkunft.<\/p>\n<p>Auf Reisen kann sich der Vierbeiner auch selbst eine Verletzung zuziehen. Der Besuch beim Tierarzt wird f\u00fcr Frauchen und Herrchen zu einer emotionalen Belastungsprobe. Das finanzielle Risiko der Tierarztkosten hingegen k\u00f6nnen Hundehalter \u00fcber eine <strong>Hunde-Krankenversicherung<\/strong> oder eine <strong>Hunde-OP-Versicherung <\/strong>sinnvoll absichern. Sichere deinen Hund jetzt bei uns ab und die finanziellen Sorgen geh\u00f6ren der Vergangenheit an.<\/p>\n\n<div class=\"banner\">\n    <a href=\"https:\/\/uelzener.de\/hund\/hunde-krankenversicherung\/?agt=0000104925&sem=true&utm_medium=magazin&utm_source=wordpress&utm_campaign=hund_kv&utm_content=banner\">\n        <img decoding=\"async\" width=\"300\" height=\"212\" src=\"https:\/\/uelzener.de\/magazin\/app\/uploads\/2025\/01\/Hunde-Kranken-Versicherung.jpg\" class=\"attachment-medium size-medium\" alt=\"Banner Hunde-Kranken-Versicherung\" \/>    <\/a>\n<\/div>\n\n\n<div class=\"banner\">\n    <a href=\"https:\/\/uelzener.de\/hund\/hunde-op-versicherung\/?agt=0000104925&sem=true&utm_medium=magazin&utm_source=wordpress&utm_campaign=hund_op&utm_content=banner\">\n        <img decoding=\"async\" width=\"300\" height=\"212\" src=\"https:\/\/uelzener.de\/magazin\/app\/uploads\/2025\/01\/Hunde-OP-Versicherung.jpg\" class=\"attachment-medium size-medium\" alt=\"Banner Hunde-OP-Versicherung\" \/>    <\/a>\n<\/div>\n\n","protected":false},"excerpt":{"rendered":"<p>Deine Familie hat sich um vier Pfoten erweitert und du m\u00f6chtest wie gewohnt in den Winterurlaub fahren? Mit unseren Tipps wird der erste Winterurlaub mit Hund zum vollen Erfolg! Winterurlaub mit Hund \u2013 geht das \u00fcberhaupt? Winterurlaub ist in einigen Familien eine langj\u00e4hrige Tradition. Doch was, wenn man nun einen Hund hat? F\u00fcr die meisten [&hellip;]<\/p>\n","protected":false},"author":1,"featured_media":12845,"parent":11707,"menu_order":20,"comment_status":"closed","ping_status":"closed","template":"templates\/blog.php","meta":{"_acf_changed":false,"_crdt_document":"","footnotes":"","beyondwords_generate_audio":"0","beyondwords_project_id":"","beyondwords_content_id":"","beyondwords_preview_token":"","beyondwords_player_style":"","beyondwords_language_id":"","beyondwords_title_voice_id":"","beyondwords_body_voice_id":"","beyondwords_summary_voice_id":"","beyondwords_error_message":"","beyondwords_disabled":"","beyondwords_delete_content":"","beyondwords_podcast_id":"","beyondwords_hash":"","publish_post_to_speechkit":"","speechkit_hash":"","speechkit_generate_audio":"","speechkit_project_id":"","speechkit_podcast_id":"","speechkit_error_message":"","speechkit_disabled":"","speechkit_access_key":"","speechkit_error":"","speechkit_info":"","speechkit_response":"","speechkit_retries":"","speechkit_status":"","speechkit_updated_at":"","_speechkit_link":"","_speechkit_text":""},"class_list":["post-10089","page","type-page","status-publish","has-post-thumbnail","hentry"],"acf":[],"yoast_head":"<!-- This site is optimized with the Yoast SEO Premium plugin  - https:\/\/yoast.com\/product\/yoast-seo-premium-wordpress\/ -->\n<title>Winterurlaub mit Hund \u2013 Tipps zur erfolgreichen Planung | Uelzener<\/title>\n<meta name=\"description\" content=\"Erfahre, worauf Du bei der Planung Deines Winterurlaubs oder Skiurlaubs mit Hund achten solltest! \u25b6 Hier informieren!\" \/>\n<meta name=\"robots\" content=\"index, follow, max-snippet:-1, max-image-preview:large, max-video-preview:-1\" \/>\n<link rel=\"canonical\" href=\"https:\/\/uelzener.de\/magazin\/hund\/tipps-fuer-den-alltag\/winterurlaub-mit-hund\/\" \/>\n<meta property=\"og:locale\" content=\"de_DE\" \/>\n<meta property=\"og:type\" content=\"article\" \/>\n<meta property=\"og:title\" content=\"Winterurlaub mit Hund: Das gilt es zu beachten\" \/>\n<meta property=\"og:description\" content=\"Erfahre, worauf Du bei der Planung Deines Winterurlaubs oder Skiurlaubs mit Hund achten solltest! \u25b6 Hier informieren!\" \/>\n<meta property=\"og:url\" content=\"https:\/\/uelzener.de\/magazin\/hund\/tipps-fuer-den-alltag\/winterurlaub-mit-hund\/\" \/>\n<meta property=\"og:site_name\" content=\"Uelzener Tier-Magazin\" \/>\n<meta property=\"article:publisher\" content=\"https:\/\/www.facebook.com\/Uelzener\" \/>\n<meta property=\"article:modified_time\" content=\"2025-08-28T10:50:23+00:00\" \/>\n<meta property=\"og:image\" content=\"https:\/\/uelzener.de\/magazin\/app\/uploads\/2021\/10\/Winterurlaub-mit-Hund.jpg\" \/>\n\t<meta property=\"og:image:width\" content=\"1024\" \/>\n\t<meta property=\"og:image:height\" content=\"450\" \/>\n\t<meta property=\"og:image:type\" content=\"image\/jpeg\" \/>\n<meta name=\"twitter:card\" content=\"summary_large_image\" \/>\n<meta name=\"twitter:label1\" content=\"Gesch\u00e4tzte Lesezeit\" \/>\n\t<meta name=\"twitter:data1\" content=\"6\u00a0Minuten\" \/>\n<script type=\"application\/ld+json\" class=\"yoast-schema-graph\">{\"@context\":\"https:\/\/schema.org\",\"@graph\":[{\"@type\":\"WebPage\",\"@id\":\"https:\/\/uelzener.de\/magazin\/hund\/tipps-fuer-den-alltag\/winterurlaub-mit-hund\/\",\"url\":\"https:\/\/uelzener.de\/magazin\/hund\/tipps-fuer-den-alltag\/winterurlaub-mit-hund\/\",\"name\":\"Winterurlaub mit Hund \u2013 Tipps zur erfolgreichen Planung | Uelzener\",\"isPartOf\":{\"@id\":\"https:\/\/uelzener.de\/magazin\/#website\"},\"primaryImageOfPage\":{\"@id\":\"https:\/\/uelzener.de\/magazin\/hund\/tipps-fuer-den-alltag\/winterurlaub-mit-hund\/#primaryimage\"},\"image\":{\"@id\":\"https:\/\/uelzener.de\/magazin\/hund\/tipps-fuer-den-alltag\/winterurlaub-mit-hund\/#primaryimage\"},\"thumbnailUrl\":\"https:\/\/uelzener.de\/magazin\/app\/uploads\/2021\/10\/Winterurlaub-mit-Hund.jpg\",\"datePublished\":\"2019-12-16T23:00:00+00:00\",\"dateModified\":\"2025-08-28T10:50:23+00:00\",\"description\":\"Erfahre, worauf Du bei der Planung Deines Winterurlaubs oder Skiurlaubs mit Hund achten solltest! \u25b6 Hier informieren!\",\"breadcrumb\":{\"@id\":\"https:\/\/uelzener.de\/magazin\/hund\/tipps-fuer-den-alltag\/winterurlaub-mit-hund\/#breadcrumb\"},\"inLanguage\":\"de\",\"potentialAction\":[{\"@type\":\"ReadAction\",\"target\":[\"https:\/\/uelzener.de\/magazin\/hund\/tipps-fuer-den-alltag\/winterurlaub-mit-hund\/\"]}]},{\"@type\":\"ImageObject\",\"inLanguage\":\"de\",\"@id\":\"https:\/\/uelzener.de\/magazin\/hund\/tipps-fuer-den-alltag\/winterurlaub-mit-hund\/#primaryimage\",\"url\":\"https:\/\/uelzener.de\/magazin\/app\/uploads\/2021\/10\/Winterurlaub-mit-Hund.jpg\",\"contentUrl\":\"https:\/\/uelzener.de\/magazin\/app\/uploads\/2021\/10\/Winterurlaub-mit-Hund.jpg\",\"width\":1024,\"height\":450,\"caption\":\"Mann und Frau sind mit ihrem Hund im Winterurlaub. Sie sitzen mit Snowboards und ihrem Hund im Schnee.\"},{\"@type\":\"WebSite\",\"@id\":\"https:\/\/uelzener.de\/magazin\/#website\",\"url\":\"https:\/\/uelzener.de\/magazin\/\",\"name\":\"Uelzener Tiermagazin\",\"description\":\"Online Tierratgeber der Uelzener Versicherungen\",\"publisher\":{\"@id\":\"https:\/\/uelzener.de\/magazin\/#organization\"},\"potentialAction\":[{\"@type\":\"SearchAction\",\"target\":{\"@type\":\"EntryPoint\",\"urlTemplate\":\"https:\/\/uelzener.de\/magazin\/?s={search_term_string}\"},\"query-input\":{\"@type\":\"PropertyValueSpecification\",\"valueRequired\":true,\"valueName\":\"search_term_string\"}}],\"inLanguage\":\"de\"},{\"@type\":\"Organization\",\"@id\":\"https:\/\/uelzener.de\/magazin\/#organization\",\"name\":\"Uelzener Versicherungen\",\"url\":\"https:\/\/uelzener.de\/magazin\/\",\"logo\":{\"@type\":\"ImageObject\",\"inLanguage\":\"de\",\"@id\":\"https:\/\/uelzener.de\/magazin\/#\/schema\/logo\/image\/\",\"url\":\"https:\/\/uelzener.de\/magazin\/app\/uploads\/2024\/11\/uelzener_allgemeine_versicherungsgesellschaft_a_g_logo.jpg\",\"contentUrl\":\"https:\/\/uelzener.de\/magazin\/app\/uploads\/2024\/11\/uelzener_allgemeine_versicherungsgesellschaft_a_g_logo.jpg\",\"width\":200,\"height\":200,\"caption\":\"Uelzener Versicherungen\"},\"image\":{\"@id\":\"https:\/\/uelzener.de\/magazin\/#\/schema\/logo\/image\/\"},\"sameAs\":[\"https:\/\/www.facebook.com\/Uelzener\",\"https:\/\/instagram.com\/uelzener\",\"https:\/\/www.xing.com\/pages\/uelzenerallgemeineversicherungs-gesellschafta-g\",\"https:\/\/www.youtube.com\/UelzenerVersicherungen\"]}]}<\/script>\n<!-- \/ Yoast SEO Premium plugin. -->","yoast_head_json":{"title":"Winterurlaub mit Hund \u2013 Tipps zur erfolgreichen Planung | Uelzener","description":"Erfahre, worauf Du bei der Planung Deines Winterurlaubs oder Skiurlaubs mit Hund achten solltest! \u25b6 Hier informieren!","robots":{"index":"index","follow":"follow","max-snippet":"max-snippet:-1","max-image-preview":"max-image-preview:large","max-video-preview":"max-video-preview:-1"},"canonical":"https:\/\/uelzener.de\/magazin\/hund\/tipps-fuer-den-alltag\/winterurlaub-mit-hund\/","og_locale":"de_DE","og_type":"article","og_title":"Winterurlaub mit Hund: Das gilt es zu beachten","og_description":"Erfahre, worauf Du bei der Planung Deines Winterurlaubs oder Skiurlaubs mit Hund achten solltest! \u25b6 Hier informieren!","og_url":"https:\/\/uelzener.de\/magazin\/hund\/tipps-fuer-den-alltag\/winterurlaub-mit-hund\/","og_site_name":"Uelzener Tier-Magazin","article_publisher":"https:\/\/www.facebook.com\/Uelzener","article_modified_time":"2025-08-28T10:50:23+00:00","og_image":[{"width":1024,"height":450,"url":"https:\/\/uelzener.de\/magazin\/app\/uploads\/2021\/10\/Winterurlaub-mit-Hund.jpg","type":"image\/jpeg"}],"twitter_card":"summary_large_image","twitter_misc":{"Gesch\u00e4tzte Lesezeit":"6\u00a0Minuten"},"schema":{"@context":"https:\/\/schema.org","@graph":[{"@type":"WebPage","@id":"https:\/\/uelzener.de\/magazin\/hund\/tipps-fuer-den-alltag\/winterurlaub-mit-hund\/","url":"https:\/\/uelzener.de\/magazin\/hund\/tipps-fuer-den-alltag\/winterurlaub-mit-hund\/","name":"Winterurlaub mit Hund \u2013 Tipps zur erfolgreichen Planung | Uelzener","isPartOf":{"@id":"https:\/\/uelzener.de\/magazin\/#website"},"primaryImageOfPage":{"@id":"https:\/\/uelzener.de\/magazin\/hund\/tipps-fuer-den-alltag\/winterurlaub-mit-hund\/#primaryimage"},"image":{"@id":"https:\/\/uelzener.de\/magazin\/hund\/tipps-fuer-den-alltag\/winterurlaub-mit-hund\/#primaryimage"},"thumbnailUrl":"https:\/\/uelzener.de\/magazin\/app\/uploads\/2021\/10\/Winterurlaub-mit-Hund.jpg","datePublished":"2019-12-16T23:00:00+00:00","dateModified":"2025-08-28T10:50:23+00:00","description":"Erfahre, worauf Du bei der Planung Deines Winterurlaubs oder Skiurlaubs mit Hund achten solltest! \u25b6 Hier informieren!","breadcrumb":{"@id":"https:\/\/uelzener.de\/magazin\/hund\/tipps-fuer-den-alltag\/winterurlaub-mit-hund\/#breadcrumb"},"inLanguage":"de","potentialAction":[{"@type":"ReadAction","target":["https:\/\/uelzener.de\/magazin\/hund\/tipps-fuer-den-alltag\/winterurlaub-mit-hund\/"]}]},{"@type":"ImageObject","inLanguage":"de","@id":"https:\/\/uelzener.de\/magazin\/hund\/tipps-fuer-den-alltag\/winterurlaub-mit-hund\/#primaryimage","url":"https:\/\/uelzener.de\/magazin\/app\/uploads\/2021\/10\/Winterurlaub-mit-Hund.jpg","contentUrl":"https:\/\/uelzener.de\/magazin\/app\/uploads\/2021\/10\/Winterurlaub-mit-Hund.jpg","width":1024,"height":450,"caption":"Mann und Frau sind mit ihrem Hund im Winterurlaub. Sie sitzen mit Snowboards und ihrem Hund im Schnee."},{"@type":"WebSite","@id":"https:\/\/uelzener.de\/magazin\/#website","url":"https:\/\/uelzener.de\/magazin\/","name":"Uelzener Tiermagazin","description":"Online Tierratgeber der Uelzener Versicherungen","publisher":{"@id":"https:\/\/uelzener.de\/magazin\/#organization"},"potentialAction":[{"@type":"SearchAction","target":{"@type":"EntryPoint","urlTemplate":"https:\/\/uelzener.de\/magazin\/?s={search_term_string}"},"query-input":{"@type":"PropertyValueSpecification","valueRequired":true,"valueName":"search_term_string"}}],"inLanguage":"de"},{"@type":"Organization","@id":"https:\/\/uelzener.de\/magazin\/#organization","name":"Uelzener Versicherungen","url":"https:\/\/uelzener.de\/magazin\/","logo":{"@type":"ImageObject","inLanguage":"de","@id":"https:\/\/uelzener.de\/magazin\/#\/schema\/logo\/image\/","url":"https:\/\/uelzener.de\/magazin\/app\/uploads\/2024\/11\/uelzener_allgemeine_versicherungsgesellschaft_a_g_logo.jpg","contentUrl":"https:\/\/uelzener.de\/magazin\/app\/uploads\/2024\/11\/uelzener_allgemeine_versicherungsgesellschaft_a_g_logo.jpg","width":200,"height":200,"caption":"Uelzener Versicherungen"},"image":{"@id":"https:\/\/uelzener.de\/magazin\/#\/schema\/logo\/image\/"},"sameAs":["https:\/\/www.facebook.com\/Uelzener","https:\/\/instagram.com\/uelzener","https:\/\/www.xing.com\/pages\/uelzenerallgemeineversicherungs-gesellschafta-g","https:\/\/www.youtube.com\/UelzenerVersicherungen"]}]}},"_links":{"self":[{"href":"https:\/\/uelzener.de\/magazin\/wp-json\/wp\/v2\/pages\/10089","targetHints":{"allow":["GET"]}}],"collection":[{"href":"https:\/\/uelzener.de\/magazin\/wp-json\/wp\/v2\/pages"}],"about":[{"href":"https:\/\/uelzener.de\/magazin\/wp-json\/wp\/v2\/types\/page"}],"author":[{"embeddable":true,"href":"https:\/\/uelzener.de\/magazin\/wp-json\/wp\/v2\/users\/1"}],"replies":[{"embeddable":true,"href":"https:\/\/uelzener.de\/magazin\/wp-json\/wp\/v2\/comments?post=10089"}],"version-history":[{"count":28,"href":"https:\/\/uelzener.de\/magazin\/wp-json\/wp\/v2\/pages\/10089\/revisions"}],"predecessor-version":[{"id":19080,"href":"https:\/\/uelzener.de\/magazin\/wp-json\/wp\/v2\/pages\/10089\/revisions\/19080"}],"up":[{"embeddable":true,"href":"https:\/\/uelzener.de\/magazin\/wp-json\/wp\/v2\/pages\/11707"}],"wp:featuredmedia":[{"embeddable":true,"href":"https:\/\/uelzener.de\/magazin\/wp-json\/wp\/v2\/media\/12845"}],"wp:attachment":[{"href":"https:\/\/uelzener.de\/magazin\/wp-json\/wp\/v2\/media?parent=10089"}],"curies":[{"name":"wp","href":"https:\/\/api.w.org\/{rel}","templated":true}]}}