{"id":10088,"date":"2019-12-17T00:00:00","date_gmt":"2019-12-17T00:00:00","guid":{"rendered":""},"modified":"2025-08-05T13:11:00","modified_gmt":"2025-08-05T11:11:00","slug":"pfotenpflege-hund","status":"publish","type":"page","link":"https:\/\/uelzener.de\/magazin\/hund\/tiergesundheit\/pfotenpflege-hund\/","title":{"rendered":"5 Tipps zur richtigen Pfotenpflege beim Hund im Winter"},"content":{"rendered":"<p>Pfotenpflege ist besonders im Winter wichtig f\u00fcr den Vierbeiner. Sobald drau\u00dfen Schnee liegt, der Boden gefroren ist und die Stra\u00dfen und Gehwege mit Streusalz und Splitt bedeckt sind, wird den Hundepfoten einiges abverlangt. Mit unseren kleinen Tipps bist Du bestens f\u00fcr die Pfotenpflege im Winter ger\u00fcstet.<\/p>\n<h2>Warum ist die Pfotenpflege im Winter so wichtig?<\/h2>\n<p>So sch\u00f6n der Schnee auch ist, er macht die Stra\u00dfen und Gehwege rutschig. Streusalz und Granulate sind daher bei Winterwetter immer wieder anzutreffen. Als Hundebesitzer sollte man solche Wege m\u00f6glichst meiden, denn das Granulat kann an den Ballen der Hundepfote die Haut wund scheuern oder verletzen. Streusalz reizt die Haut und trocknet sie aus. Die verletzten Pfoten verursachen Schmerzen f\u00fcr den Hund. Sie brennen, sind teilweise sogar blutig und k\u00f6nnen sich entz\u00fcnden.<br \/>\nAu\u00dferdem k\u00f6nnen das Streusalz, das Granulat oder auch Eis und Schnee zwischen die Zehen gelangen und sich im Fell verklumpen, was f\u00fcr den Hund ebenfalls \u00e4u\u00dferst unangenehm ist.<\/p>\n<h2>Was geh\u00f6rt zur Pfotenpflege dazu?<\/h2>\n<p>Zur Pfotenpflege z\u00e4hlt man sowohl das K\u00fcrzen der Krallen als auch das Schneiden des Fells an den Pfoten und zwischen den Zehen. Auch das Eincremen der Ballen geh\u00f6rt oft dazu.<br \/>\nDoch wann sollte man die Krallen seines Hundes eigentlich k\u00fcrzen? Wenn man beim Gehen die Krallen auf dem Boden klicken h\u00f6rt oder der Hund beim Sitzen oder Gehen die Pfote anwinkelt, ist es h\u00f6chste Zeit, sich um die Krallen zu k\u00fcmmern.<\/p>\n<p>Wenn dein Hund h\u00e4ufig auf dem Boden ausrutscht, kann das ein Zeichen f\u00fcr zu langes Fell zwischen den Zehen sein. Das Fell sollte unbedingt gek\u00fcrzt werden.<\/p>\n<p>Unsere Hunde leben heutzutage nicht in der freien Natur und sind \u00fcberwiegend drinnen oder auf weichen Untergr\u00fcnden unterwegs. Dadurch nutzen sich die Krallen nicht auf nat\u00fcrliche Weise ab und sie brauchen die Hilfe des Menschen. Viele Hunderassen haben auch l\u00e4ngeres Fell an den Pfoten und zwischen den Zehen, die das Gehen des Hundes behindern k\u00f6nnen. Daher sollten die Pfoten regelm\u00e4\u00dfig gereinigt und das Fell sowie die Krallen gek\u00fcrzt werden.<\/p>\n<h2>5 Tipps f\u00fcr die Pfotenpflege<\/h2>\n<ol>\n<li>Kurzes Fell zwischen den Zehen<br \/>\nBesonders bei langhaarigen Hunden sollte das Fell zwischen den Zehen gek\u00fcrzt werden. Dadurch k\u00f6nnen sich Schnee, Eis und Streugut nicht zwischen den Pfoten ansammeln. Das Scheren der Pfoten oder Schneiden des Fells klappt mit etwas \u00dcbung auch ganz gut. Falls du dir das nicht selbst zutraust, besuche einen erfahrenen Hundefriseur.<\/li>\n<li>Vorbereitung ist das A und O<br \/>\nIm Winter ist es sehr hilfreich, die Hundepfoten vor dem Spaziergang in der K\u00e4lte mit Vaseline oder \u00e4hnlichem einzumassieren. Die fettige Schicht wirkt wie eine Art Schutz und h\u00e4lt N\u00e4sse und Streugut von den Pfoten fern. Es empfiehlt sich daher auch, die Pfoten des Hundes regelm\u00e4\u00dfig mit speziellem Pfotenbalsam einzumassieren. Falls du Verletzungen oder Risse an der Pfote entdeckst, nutze Wund- und Heilsalbe, um die Wunden damit einzucremen und den Heilungsprozess der Pfoten zu unterst\u00fctzen.<\/li>\n<li>Reinigung nach dem Spaziergang<br \/>\nAm besten versuchst du, gestreute Wege im Winter grunds\u00e4tzlich zu vermeiden. Da das allerdings in der Praxis nicht immer so einfach ist, solltest du die Pfoten nach dem Spaziergang kurz in lauwarmem Wasser reinigen. Das befreit sie von Salz, Granulatkr\u00fcmeln und Eiskl\u00fcmpchen. Es verhindert auch, dass der Hund seine Pfoten selbst sauber leckt und dabei Salzreste aufnimmt. Streusalz kann bei Hunden zu Reizungen von Magen und Darm f\u00fchren.<\/li>\n<li>Verletzungen der Pfote rechtzeitig erkennen<br \/>\nNach jedem Spaziergang solltest du die Pf\u00f6tchen des Hundes reinigen und auf Risse oder Verletzungen kontrollieren. Dabei kannst du auch schnell feststellen, ob sich zum Beispiel Splitt zwischen den Zehen angesammelt hat.<\/li>\n<li>Hundeschuhe als Schutz f\u00fcr die Pfoten<br \/>\nIn der Regel braucht ein Hund keine Schuhe. Allerdings ist es oftmals auch ratsam, auf spezielle Hundeschuhe zur\u00fcckzugreifen. Insbesondere, wenn der Spaziergang \u00fcber mit Salz oder Split gestreute Wege f\u00fchrt, es sehr kalt ist oder der Schnee vereist ist. Hundeschuhe bieten hier Schutz vor Verletzungen und erleichtern dem Hund das Laufen. Auch bei langen Wanderungen in Schnee und Eis sollte der Besitzer rechtzeitig \u00fcber Hundeschuhe nachdenken. Da Eis und Schnee die Pfoten generell stark beanspruchen, sollten Spazierg\u00e4nge im Schnee nicht zu lange dauern. Stattdessen besser mehrmals am Tag raus gehen, um auf das n\u00f6tige Bewegungspensum zu kommen.<\/li>\n<\/ol>\n\n<div class=\"related_articles boxed\">\n    <h2>Mehr zum Thema<\/h2>\n    \n    <div class=\"wrapper\"><div class=\"title align-center\"><h3><a href=\"https:\/\/uelzener.de\/magazin\/hund\/haltung\/hundeschuhe-winter\/\">Hundeschuhe im Winter: Wann sie sinnvoll sind und worauf du achten musst<\/a><\/h3><\/div><div class=\"img align-center\"><img decoding=\"async\" width=\"315\" height=\"180\" src=\"https:\/\/uelzener.de\/magazin\/app\/uploads\/2025\/12\/Magazin_Hundeschuhe-315x180.jpg\" class=\"attachment-315x180 size-315x180 wp-post-image\" alt=\"Hund mit lockigem Fell l\u00e4uft bei Sonnenuntergang durch den Schnee und tr\u00e4gt Hundeschuhe zum Schutz der Pfoten\" \/><\/div><\/div><div class=\"wrapper\"><div class=\"title align-center\"><h3><a href=\"https:\/\/uelzener.de\/magazin\/hund\/tiergesundheit\/hundepfoten-auf-heissem-asphalt-verbrennungen\/\">Hundepfoten auf hei\u00dfem Asphalt: Verbrennungen vorbeugen und im Ernstfall behandeln<\/a><\/h3><\/div><div class=\"img align-center\"><img decoding=\"async\" width=\"315\" height=\"180\" src=\"https:\/\/uelzener.de\/magazin\/app\/uploads\/2024\/08\/Hund-heisser-Asphalt-315x180.jpg\" class=\"attachment-315x180 size-315x180 wp-post-image\" alt=\"Hund auf hei\u00dfem Asphalt in der Stadt.\" \/><\/div><\/div><div class=\"wrapper\"><div class=\"title align-center\"><h3><a href=\"https:\/\/uelzener.de\/magazin\/hund\/haltung\/hundepfote\/\">Hundepfote: Ein Wunderwerk<\/a><\/h3><\/div><div class=\"img align-center\"><img decoding=\"async\" width=\"315\" height=\"180\" src=\"https:\/\/uelzener.de\/magazin\/app\/uploads\/2021\/09\/1024x450_Nahaufnahme-Hund-erhobene-Pfote-315x180.jpg\" class=\"attachment-315x180 size-315x180 wp-post-image\" alt=\"Hund hebt die Pfote auf dem Berg bei strahlendem Sonnenschein.\" \/><\/div><\/div><\/div>\n\n<h2>Folgen von ungepflegten Hundepfoten<\/h2>\n<p>Ungepflegte Pfoten schr\u00e4nken den Hund nicht nur beim Gehen ein, sondern k\u00f6nnen auch zu schmerzhaften Folgen f\u00fcr den Vierbeiner f\u00fchren. Zu lange Krallen werden beim Abrollen hoch in das Krallenbett geschoben und sind schmerzhaft f\u00fcr die Hundepfote. Um die Schmerzen zu reduzieren, versucht dein Hund, die Pfote seitlich zu stellen, was zu Dauersch\u00e4den wie Muskelverspannungen, Gelenksch\u00e4den und Fehlstellungen des Bewegungsapparats f\u00fchren kann. Zudem besteht die Gefahr, dass die Krallen einrei\u00dfen, brechen oder gar abrei\u00dfen.<\/p>\n<p>Zu langes Fell zwischen den Zehen wird gern von Parasiten wie Zecken oder <a href=\"https:\/\/uelzener.de\/magazin\/hund\/tiergesundheit\/milben-beim-hund\/\" target=\"_blank\" rel=\"noopener\">Milben<\/a> als Versteck genutzt. Im Winter k\u00f6nnen sich hier auch Streusalz, Splitt und anderes Granulat sammeln und die Pfote entz\u00fcnden.<\/p>\n<p><img decoding=\"async\" src=\"\/magazin\/app\/uploads\/2021\/02\/a2535bff-fc86-46ec-b24c-7a846b4b8d43.jpg\" \/><\/p>\n<p>Auch an den eigenen \u201ePfotenschutz\u201c denken<\/p>\n<p>Nach all der Sorge um die Hundepfoten solltest du auch deine eigenen \u201ePfoten\u201c auf das Wetter vorbereiten. Dazu geh\u00f6rt vor allem die Sicherung der Standfestigkeit, insbesondere bei Gl\u00e4tte. Denn ein Hund an der Leine, der vor Begeisterung losspringt, hat schon so manches Herrchen oder Frauchen von den F\u00fc\u00dfen geholt und mit Verstauchungen, Br\u00fcchen oder sogar Kopfverletzungen unfreiwillig ins Krankenhaus bef\u00f6rdert. Spikes, die man \u00fcber die Stra\u00dfenschuhe zieht oder zumindest winterfeste Gel\u00e4ndeschuhe sorgen daf\u00fcr, dass der Winterspaziergang auch wirklich zu einem sch\u00f6nen Erlebnis wird.<\/p>\n<p>Wenn dein Hund trotzdem Probleme an den Pfoten bekommt und ein Tierarztbesuch notwendig wird, sch\u00fctzt Dich unsere Hunde-Krankenversicherung vor den Kosten. Sichere deinen Hund jetzt bei uns ab.<\/p>\n\n<div class=\"banner\">\n    <a href=\"https:\/\/uelzener.de\/hund\/hunde-krankenversicherung\/?agt=0000104925&sem=true&utm_medium=magazin&utm_source=wordpress&utm_campaign=hund_kv&utm_content=banner\">\n        <img decoding=\"async\" width=\"300\" height=\"212\" src=\"https:\/\/uelzener.de\/magazin\/app\/uploads\/2025\/01\/Hunde-Kranken-Versicherung.jpg\" class=\"attachment-medium size-medium\" alt=\"Banner Hunde-Kranken-Versicherung\" \/>    <\/a>\n<\/div>\n\n","protected":false},"excerpt":{"rendered":"<p>Pfotenpflege ist besonders im Winter wichtig f\u00fcr den Vierbeiner. Sobald drau\u00dfen Schnee liegt, der Boden gefroren ist und die Stra\u00dfen und Gehwege mit Streusalz und Splitt bedeckt sind, wird den Hundepfoten einiges abverlangt. Mit unseren kleinen Tipps bist Du bestens f\u00fcr die Pfotenpflege im Winter ger\u00fcstet. Warum ist die Pfotenpflege im Winter so wichtig? So [&hellip;]<\/p>\n","protected":false},"author":1,"featured_media":12838,"parent":11701,"menu_order":56,"comment_status":"open","ping_status":"open","template":"templates\/blog.php","meta":{"_acf_changed":false,"_crdt_document":"","footnotes":"","beyondwords_generate_audio":"0","beyondwords_project_id":"","beyondwords_content_id":"","beyondwords_preview_token":"","beyondwords_player_style":"","beyondwords_language_id":"","beyondwords_title_voice_id":"","beyondwords_body_voice_id":"","beyondwords_summary_voice_id":"","beyondwords_error_message":"","beyondwords_disabled":"","beyondwords_delete_content":"","beyondwords_podcast_id":"","beyondwords_hash":"","publish_post_to_speechkit":"","speechkit_hash":"","speechkit_generate_audio":"","speechkit_project_id":"","speechkit_podcast_id":"","speechkit_error_message":"","speechkit_disabled":"","speechkit_access_key":"","speechkit_error":"","speechkit_info":"","speechkit_response":"","speechkit_retries":"","speechkit_status":"","speechkit_updated_at":"","_speechkit_link":"","_speechkit_text":""},"class_list":["post-10088","page","type-page","status-publish","has-post-thumbnail","hentry"],"acf":[],"yoast_head":"<!-- This site is optimized with the Yoast SEO Premium plugin  - https:\/\/yoast.com\/product\/yoast-seo-premium-wordpress\/ -->\n<title>Pfotenpflege beim Hund: 5 Tipps zur richtigen Pflege | Uelzener<\/title>\n<meta name=\"description\" content=\"Darauf solltest du bei der Pfotenpflege deines Hundes achten \u2713 Fell k\u00fcrzen \u2713 Krallen scheiden \u2713 Reinigung \u25b6 Hier informieren!\" \/>\n<meta name=\"robots\" content=\"index, follow, max-snippet:-1, max-image-preview:large, max-video-preview:-1\" \/>\n<link rel=\"canonical\" href=\"https:\/\/uelzener.de\/magazin\/hund\/tiergesundheit\/pfotenpflege-hund\/\" \/>\n<meta property=\"og:locale\" content=\"de_DE\" \/>\n<meta property=\"og:type\" content=\"article\" \/>\n<meta property=\"og:title\" content=\"5 Tipps zur richtigen Pfotenpflege beim Hund im Winter\" \/>\n<meta property=\"og:description\" content=\"Darauf solltest du bei der Pfotenpflege deines Hundes achten \u2713 Fell k\u00fcrzen \u2713 Krallen scheiden \u2713 Reinigung \u25b6 Hier informieren!\" \/>\n<meta property=\"og:url\" content=\"https:\/\/uelzener.de\/magazin\/hund\/tiergesundheit\/pfotenpflege-hund\/\" \/>\n<meta property=\"og:site_name\" content=\"Uelzener Tier-Magazin\" \/>\n<meta property=\"article:publisher\" content=\"https:\/\/www.facebook.com\/Uelzener\" \/>\n<meta property=\"article:modified_time\" content=\"2025-08-05T11:11:00+00:00\" \/>\n<meta property=\"og:image\" content=\"https:\/\/uelzener.de\/magazin\/app\/uploads\/2021\/10\/Pfotenpflege-beim-Hund.jpg\" \/>\n\t<meta property=\"og:image:width\" content=\"1024\" \/>\n\t<meta property=\"og:image:height\" content=\"450\" \/>\n\t<meta property=\"og:image:type\" content=\"image\/jpeg\" \/>\n<meta name=\"twitter:card\" content=\"summary_large_image\" \/>\n<meta name=\"twitter:label1\" content=\"Gesch\u00e4tzte Lesezeit\" \/>\n\t<meta name=\"twitter:data1\" content=\"6\u00a0Minuten\" \/>\n<script type=\"application\/ld+json\" class=\"yoast-schema-graph\">{\"@context\":\"https:\\\/\\\/schema.org\",\"@graph\":[{\"@type\":\"WebPage\",\"@id\":\"https:\\\/\\\/uelzener.de\\\/magazin\\\/hund\\\/tiergesundheit\\\/pfotenpflege-hund\\\/\",\"url\":\"https:\\\/\\\/uelzener.de\\\/magazin\\\/hund\\\/tiergesundheit\\\/pfotenpflege-hund\\\/\",\"name\":\"Pfotenpflege beim Hund: 5 Tipps zur richtigen Pflege | Uelzener\",\"isPartOf\":{\"@id\":\"https:\\\/\\\/uelzener.de\\\/magazin\\\/#website\"},\"primaryImageOfPage\":{\"@id\":\"https:\\\/\\\/uelzener.de\\\/magazin\\\/hund\\\/tiergesundheit\\\/pfotenpflege-hund\\\/#primaryimage\"},\"image\":{\"@id\":\"https:\\\/\\\/uelzener.de\\\/magazin\\\/hund\\\/tiergesundheit\\\/pfotenpflege-hund\\\/#primaryimage\"},\"thumbnailUrl\":\"https:\\\/\\\/uelzener.de\\\/magazin\\\/app\\\/uploads\\\/2021\\\/10\\\/Pfotenpflege-beim-Hund.jpg\",\"datePublished\":\"2019-12-17T00:00:00+00:00\",\"dateModified\":\"2025-08-05T11:11:00+00:00\",\"description\":\"Darauf solltest du bei der Pfotenpflege deines Hundes achten \u2713 Fell k\u00fcrzen \u2713 Krallen scheiden \u2713 Reinigung \u25b6 Hier informieren!\",\"breadcrumb\":{\"@id\":\"https:\\\/\\\/uelzener.de\\\/magazin\\\/hund\\\/tiergesundheit\\\/pfotenpflege-hund\\\/#breadcrumb\"},\"inLanguage\":\"de\",\"potentialAction\":[{\"@type\":\"ReadAction\",\"target\":[\"https:\\\/\\\/uelzener.de\\\/magazin\\\/hund\\\/tiergesundheit\\\/pfotenpflege-hund\\\/\"]}]},{\"@type\":\"ImageObject\",\"inLanguage\":\"de\",\"@id\":\"https:\\\/\\\/uelzener.de\\\/magazin\\\/hund\\\/tiergesundheit\\\/pfotenpflege-hund\\\/#primaryimage\",\"url\":\"https:\\\/\\\/uelzener.de\\\/magazin\\\/app\\\/uploads\\\/2021\\\/10\\\/Pfotenpflege-beim-Hund.jpg\",\"contentUrl\":\"https:\\\/\\\/uelzener.de\\\/magazin\\\/app\\\/uploads\\\/2021\\\/10\\\/Pfotenpflege-beim-Hund.jpg\",\"width\":1024,\"height\":450,\"caption\":\"Hund reicht Mensch seine Pfote im Schnee, Pfotenpflege ist ein gro\u00dfes Thema.\"},{\"@type\":\"WebSite\",\"@id\":\"https:\\\/\\\/uelzener.de\\\/magazin\\\/#website\",\"url\":\"https:\\\/\\\/uelzener.de\\\/magazin\\\/\",\"name\":\"Uelzener Tiermagazin\",\"description\":\"Online Tierratgeber der Uelzener Versicherungen\",\"publisher\":{\"@id\":\"https:\\\/\\\/uelzener.de\\\/magazin\\\/#organization\"},\"potentialAction\":[{\"@type\":\"SearchAction\",\"target\":{\"@type\":\"EntryPoint\",\"urlTemplate\":\"https:\\\/\\\/uelzener.de\\\/magazin\\\/?s={search_term_string}\"},\"query-input\":{\"@type\":\"PropertyValueSpecification\",\"valueRequired\":true,\"valueName\":\"search_term_string\"}}],\"inLanguage\":\"de\"},{\"@type\":\"Organization\",\"@id\":\"https:\\\/\\\/uelzener.de\\\/magazin\\\/#organization\",\"name\":\"Uelzener Versicherungen\",\"url\":\"https:\\\/\\\/uelzener.de\\\/magazin\\\/\",\"logo\":{\"@type\":\"ImageObject\",\"inLanguage\":\"de\",\"@id\":\"https:\\\/\\\/uelzener.de\\\/magazin\\\/#\\\/schema\\\/logo\\\/image\\\/\",\"url\":\"https:\\\/\\\/uelzener.de\\\/magazin\\\/app\\\/uploads\\\/2024\\\/11\\\/uelzener_allgemeine_versicherungsgesellschaft_a_g_logo.jpg\",\"contentUrl\":\"https:\\\/\\\/uelzener.de\\\/magazin\\\/app\\\/uploads\\\/2024\\\/11\\\/uelzener_allgemeine_versicherungsgesellschaft_a_g_logo.jpg\",\"width\":200,\"height\":200,\"caption\":\"Uelzener Versicherungen\"},\"image\":{\"@id\":\"https:\\\/\\\/uelzener.de\\\/magazin\\\/#\\\/schema\\\/logo\\\/image\\\/\"},\"sameAs\":[\"https:\\\/\\\/www.facebook.com\\\/Uelzener\",\"https:\\\/\\\/instagram.com\\\/uelzener\",\"https:\\\/\\\/www.xing.com\\\/pages\\\/uelzenerallgemeineversicherungs-gesellschafta-g\",\"https:\\\/\\\/www.youtube.com\\\/UelzenerVersicherungen\"]}]}<\/script>\n<!-- \/ Yoast SEO Premium plugin. -->","yoast_head_json":{"title":"Pfotenpflege beim Hund: 5 Tipps zur richtigen Pflege | Uelzener","description":"Darauf solltest du bei der Pfotenpflege deines Hundes achten \u2713 Fell k\u00fcrzen \u2713 Krallen scheiden \u2713 Reinigung \u25b6 Hier informieren!","robots":{"index":"index","follow":"follow","max-snippet":"max-snippet:-1","max-image-preview":"max-image-preview:large","max-video-preview":"max-video-preview:-1"},"canonical":"https:\/\/uelzener.de\/magazin\/hund\/tiergesundheit\/pfotenpflege-hund\/","og_locale":"de_DE","og_type":"article","og_title":"5 Tipps zur richtigen Pfotenpflege beim Hund im Winter","og_description":"Darauf solltest du bei der Pfotenpflege deines Hundes achten \u2713 Fell k\u00fcrzen \u2713 Krallen scheiden \u2713 Reinigung \u25b6 Hier informieren!","og_url":"https:\/\/uelzener.de\/magazin\/hund\/tiergesundheit\/pfotenpflege-hund\/","og_site_name":"Uelzener Tier-Magazin","article_publisher":"https:\/\/www.facebook.com\/Uelzener","article_modified_time":"2025-08-05T11:11:00+00:00","og_image":[{"width":1024,"height":450,"url":"https:\/\/uelzener.de\/magazin\/app\/uploads\/2021\/10\/Pfotenpflege-beim-Hund.jpg","type":"image\/jpeg"}],"twitter_card":"summary_large_image","twitter_misc":{"Gesch\u00e4tzte Lesezeit":"6\u00a0Minuten"},"schema":{"@context":"https:\/\/schema.org","@graph":[{"@type":"WebPage","@id":"https:\/\/uelzener.de\/magazin\/hund\/tiergesundheit\/pfotenpflege-hund\/","url":"https:\/\/uelzener.de\/magazin\/hund\/tiergesundheit\/pfotenpflege-hund\/","name":"Pfotenpflege beim Hund: 5 Tipps zur richtigen Pflege | Uelzener","isPartOf":{"@id":"https:\/\/uelzener.de\/magazin\/#website"},"primaryImageOfPage":{"@id":"https:\/\/uelzener.de\/magazin\/hund\/tiergesundheit\/pfotenpflege-hund\/#primaryimage"},"image":{"@id":"https:\/\/uelzener.de\/magazin\/hund\/tiergesundheit\/pfotenpflege-hund\/#primaryimage"},"thumbnailUrl":"https:\/\/uelzener.de\/magazin\/app\/uploads\/2021\/10\/Pfotenpflege-beim-Hund.jpg","datePublished":"2019-12-17T00:00:00+00:00","dateModified":"2025-08-05T11:11:00+00:00","description":"Darauf solltest du bei der Pfotenpflege deines Hundes achten \u2713 Fell k\u00fcrzen \u2713 Krallen scheiden \u2713 Reinigung \u25b6 Hier informieren!","breadcrumb":{"@id":"https:\/\/uelzener.de\/magazin\/hund\/tiergesundheit\/pfotenpflege-hund\/#breadcrumb"},"inLanguage":"de","potentialAction":[{"@type":"ReadAction","target":["https:\/\/uelzener.de\/magazin\/hund\/tiergesundheit\/pfotenpflege-hund\/"]}]},{"@type":"ImageObject","inLanguage":"de","@id":"https:\/\/uelzener.de\/magazin\/hund\/tiergesundheit\/pfotenpflege-hund\/#primaryimage","url":"https:\/\/uelzener.de\/magazin\/app\/uploads\/2021\/10\/Pfotenpflege-beim-Hund.jpg","contentUrl":"https:\/\/uelzener.de\/magazin\/app\/uploads\/2021\/10\/Pfotenpflege-beim-Hund.jpg","width":1024,"height":450,"caption":"Hund reicht Mensch seine Pfote im Schnee, Pfotenpflege ist ein gro\u00dfes Thema."},{"@type":"WebSite","@id":"https:\/\/uelzener.de\/magazin\/#website","url":"https:\/\/uelzener.de\/magazin\/","name":"Uelzener Tiermagazin","description":"Online Tierratgeber der Uelzener Versicherungen","publisher":{"@id":"https:\/\/uelzener.de\/magazin\/#organization"},"potentialAction":[{"@type":"SearchAction","target":{"@type":"EntryPoint","urlTemplate":"https:\/\/uelzener.de\/magazin\/?s={search_term_string}"},"query-input":{"@type":"PropertyValueSpecification","valueRequired":true,"valueName":"search_term_string"}}],"inLanguage":"de"},{"@type":"Organization","@id":"https:\/\/uelzener.de\/magazin\/#organization","name":"Uelzener Versicherungen","url":"https:\/\/uelzener.de\/magazin\/","logo":{"@type":"ImageObject","inLanguage":"de","@id":"https:\/\/uelzener.de\/magazin\/#\/schema\/logo\/image\/","url":"https:\/\/uelzener.de\/magazin\/app\/uploads\/2024\/11\/uelzener_allgemeine_versicherungsgesellschaft_a_g_logo.jpg","contentUrl":"https:\/\/uelzener.de\/magazin\/app\/uploads\/2024\/11\/uelzener_allgemeine_versicherungsgesellschaft_a_g_logo.jpg","width":200,"height":200,"caption":"Uelzener Versicherungen"},"image":{"@id":"https:\/\/uelzener.de\/magazin\/#\/schema\/logo\/image\/"},"sameAs":["https:\/\/www.facebook.com\/Uelzener","https:\/\/instagram.com\/uelzener","https:\/\/www.xing.com\/pages\/uelzenerallgemeineversicherungs-gesellschafta-g","https:\/\/www.youtube.com\/UelzenerVersicherungen"]}]}},"_links":{"self":[{"href":"https:\/\/uelzener.de\/magazin\/wp-json\/wp\/v2\/pages\/10088","targetHints":{"allow":["GET"]}}],"collection":[{"href":"https:\/\/uelzener.de\/magazin\/wp-json\/wp\/v2\/pages"}],"about":[{"href":"https:\/\/uelzener.de\/magazin\/wp-json\/wp\/v2\/types\/page"}],"author":[{"embeddable":true,"href":"https:\/\/uelzener.de\/magazin\/wp-json\/wp\/v2\/users\/1"}],"replies":[{"embeddable":true,"href":"https:\/\/uelzener.de\/magazin\/wp-json\/wp\/v2\/comments?post=10088"}],"version-history":[{"count":14,"href":"https:\/\/uelzener.de\/magazin\/wp-json\/wp\/v2\/pages\/10088\/revisions"}],"predecessor-version":[{"id":18791,"href":"https:\/\/uelzener.de\/magazin\/wp-json\/wp\/v2\/pages\/10088\/revisions\/18791"}],"up":[{"embeddable":true,"href":"https:\/\/uelzener.de\/magazin\/wp-json\/wp\/v2\/pages\/11701"}],"wp:featuredmedia":[{"embeddable":true,"href":"https:\/\/uelzener.de\/magazin\/wp-json\/wp\/v2\/media\/12838"}],"wp:attachment":[{"href":"https:\/\/uelzener.de\/magazin\/wp-json\/wp\/v2\/media?parent=10088"}],"curies":[{"name":"wp","href":"https:\/\/api.w.org\/{rel}","templated":true}]}}