{"id":10084,"date":"2019-12-16T00:00:00","date_gmt":"2019-12-16T00:00:00","guid":{"rendered":""},"modified":"2023-10-25T11:24:53","modified_gmt":"2023-10-25T09:24:53","slug":"hund-schokolade-gefressen","status":"publish","type":"page","link":"https:\/\/uelzener.de\/magazin\/hund\/tiergesundheit\/hund-schokolade-gefressen\/","title":{"rendered":"Warum dein Hund keine Schokolade fressen sollte"},"content":{"rendered":"<p>Dass Schokolade nichts auf dem Ern\u00e4hrungsplan von Hunden zu suchen hat, wissen die meisten. Doch warum ist Schokolade eigentlich giftig f\u00fcr Hunde und ab welcher Menge f\u00fchrt es zu gesundheitlichen Problemen? Alle Infos zu Schokovergiftung und wie du im Notfall richtig reagierst, erf\u00e4hrst du in unseren Beitrag.<\/p>\n<h2>Warum ist Schokolade f\u00fcr Hunde giftig?<\/h2>\n<p>Hunde, ebenso wie Katzen, vertragen keine Schokolade. Der Grund daf\u00fcr liegt in einem Stoff, der im <strong>Kakao<\/strong> und somit auch in der Schokolade enthalten ist. Dieser Wirkstoff, <strong>Theobromin<\/strong>, kann von unseren Vierbeinern nicht abgebaut werden, da ihnen ein <strong>Enzym zum Spalten und Abbauen des Theobromins fehlt<\/strong>. F\u00fcr uns Menschen stellt Theobromin \u2013 ein koffein\u00e4hnlicher Stoff \u2013 kein Problem dar, da wir das n\u00f6tige Enzym besitzen und das Theobromin schnell abbauen und wieder ausscheiden k\u00f6nnen.<\/p>\n<p>Da Hunde diesen Stoff durch das fehlende Enzym nur sehr langsam abbauen k\u00f6nnen, l\u00f6st Schokolade verschiedene <strong>Vergiftungssymptome<\/strong> aus und kann im schlimmsten Fall sogar bis <strong>zum Tod f\u00fchren<\/strong>.<\/p>\n<h2>Hund hat Schokolade gefressen<\/h2>\n<p>Bist du dir unsicher, ob dein Hund Schokolade gefressen hat, solltest du ihn genau beobachten und auf Anzeichen einer Schokoladenvergiftung achten. Symptome k\u00f6nnen nach wenigen Stunden bis zu einem halben Tag nach dem Fressen der Schokolade auftreten.<\/p>\n<h3>Symptome einer Schokoladenvergiftung:d<\/h3>\n<ul>\n<li>Erbrechen<\/li>\n<li><a href=\"https:\/\/uelzener.de\/magazin\/hund\/haeufige-fragen\/durchfall-beim-hund-verdauung\/\">Durchfall<\/a><\/li>\n<li>Dehydrierung<\/li>\n<li>Starkes Hecheln<\/li>\n<li>Unruhe &amp; Stress<\/li>\n<li>Kr\u00e4mpfe<\/li>\n<li>Zittern<\/li>\n<li>Erh\u00f6hte Herzfrequenz<\/li>\n<li>Atemstillstand<\/li>\n<\/ul>\n<p><strong>Achtung<\/strong>: Bei \u00e4lteren und bei bereits durch andere <a href=\"https:\/\/uelzener.de\/magazin\/hund\/tiergesundheit\/hundekrankheiten-unfaelle\/\">Hundekrankheiten<\/a> geschw\u00e4chten Tieren k\u00f6nnen die Symptome st\u00e4rker ausfallen.<\/p>\n<p>Die Symptome einer Schokoladenvergiftung sind relativ ungenau, wodurch man nicht sofort auf eine Theobrominvergiftung schlie\u00dfen kann. Bereits geringe Mengen an Schokolade k\u00f6nnen dem Vierbeiner schaden und gro\u00dfe Beschwerden ausl\u00f6sen.<\/p>\n<h2>Schokolade \u2013 Die Menge macht das Gift<\/h2>\n<p>\u201eWie viel Schokolade ist giftig f\u00fcr meinen Hund?\u201c und \u201eWas ist die t\u00f6dliche Dosis an Schokolade f\u00fcr meinen Hund?\u201c sind h\u00e4ufig die ersten Fragen, die sich Halter stellen, wenn der Verdacht besteht, dass ihr Hund Schokolade gefressen hat.<br \/>\nEine Faustregel sagt: <strong>Je dunkler<\/strong> die Schokolade, <strong>desto gef\u00e4hrlicher<\/strong> ist sie f\u00fcr den Hund. Das liegt an dem Theobromin-Gehalt, der in dunkler Zartbitter- oder Blockschokolade deutlich h\u00f6her ist als beispielsweise in Vollmilchschokolade.<\/p>\n<p>Die <strong>t\u00f6dliche Menge<\/strong> an Theobromin liegt bei <strong>300 mg pro Kilogramm<\/strong> K\u00f6rpergewicht des Hundes.<\/p>\n<p>Ein kleines St\u00fcck Schokolade macht einem gro\u00dfen, gesunden Hund in der Regel nicht viel aus, kann aber bei kleinen oder kranken Hunden sowie bei Welpen schwerwiegende gesundheitliche Folgen haben.<\/p>\n<p>Bereits 20 mg Theobromin pro Kilogramm f\u00fchren zu Erbrechen und Durchfall. Bei 40 bis 50 mg pro Kilogramm treten zus\u00e4tzlich Kreislaufprobleme auf. Ab 60 mg pro Kilogramm kommt es zu Kr\u00e4mpfen und Bewusstseinsst\u00f6rungen.<\/p>\n<h2>Welche Schokolade ist giftig?<\/h2>\n<table style=\"width: 413.35pt;\">\n<thead>\n<tr>\n<td style=\"width: 177.2pt;\"><strong>Produkt<\/strong><\/td>\n<td style=\"width: 231.65pt;\"><strong>Theobromin-Gehalt<\/strong><\/td>\n<\/tr>\n<\/thead>\n<tbody>\n<tr>\n<td style=\"width: 177.2pt;\">Kakaopulver<\/td>\n<td style=\"width: 231.65pt;\">14-28,5 mg\/g<\/td>\n<\/tr>\n<tr>\n<td style=\"width: 177.2pt;\">Bitterschokolade<\/td>\n<td style=\"width: 231.65pt;\">16 mg\/g<\/td>\n<\/tr>\n<tr>\n<td style=\"width: 177.2pt;\">Zartbitterschokolade<\/td>\n<td style=\"width: 231.65pt;\">5-8 mg\/g<\/td>\n<\/tr>\n<tr>\n<td style=\"width: 177.2pt;\">Milchschokolade<\/td>\n<td style=\"width: 231.65pt;\">1,5-2,3 mg\/g<\/td>\n<\/tr>\n<tr>\n<td style=\"width: 177.2pt;\">Trinkschokolade (fl\u00fcssig)<\/td>\n<td style=\"width: 231.65pt;\">0,4 mg\/g<\/td>\n<\/tr>\n<tr>\n<td style=\"width: 177.2pt;\">Wei\u00dfe Schokolade<\/td>\n<td style=\"width: 231.65pt;\">0,009 mg\/g<\/td>\n<\/tr>\n<\/tbody>\n<\/table>\n<p>Der Theobromin-Gehalt in Schokolade ist abh\u00e4ngig von der Menge des darin enthaltenen Kakaos. Die Werte in dieser Tabelle stellen einen ungef\u00e4hren Richtwert dar, k\u00f6nnen sich aber je nach Produkt und Hersteller unterscheiden.<\/p>\n<p>Auch wenn zun\u00e4chst keine Symptome oder Beschwerden beim Hund zu erkennen sind, kann wiederholtes Aufnehmen von Schokolade zu chronischen Erkrankungen, wie zum Beispiel am Herzen, f\u00fchren.<\/p>\n<p><a href=\"https:\/\/uelzener.de\/magazin\/hund\/ernaehrung\/was-essen-hunde\/\">Diese Nahrungsmittel allerdings d\u00fcrfen Hunde au\u00dfer Hundefutter bedenkenlos essen.<\/a><\/p>\n<h2>Was tun im Notfall? Hund hat Schokolade schon gegessen<\/h2>\n<p>Wenn du die Symptome einer Schokoladenvergiftung bei deinem Hund feststellst oder ihn sogar direkt beim Schokoladefressen erwischt hast, solltest du sofort einen <strong>Tierarzt kontaktieren<\/strong>. Dieser kann dich hinsichtlich der Schwere der Vergiftung beraten und dich f\u00fcr wichtige Erstma\u00dfnahmen anleiten. Dazu wei\u00dft du bestenfalls, um welche Schokolade es sich handelt. Damit du dir um die Kosten keine Gedanken machen m\u00fcssen, sch\u00fctzt dich unsere <strong>Hunde-Krankenversicherung<\/strong> vor den Tierarztkosten. Reiche die Tierarztrechnung einfach bei uns ein.<\/p>\n\n<div class=\"banner\">\n    <a href=\"https:\/\/uelzener.de\/hund\/hunde-krankenversicherung\/?agt=0000104925&sem=true&utm_medium=magazin&utm_source=wordpress&utm_campaign=hund_kv&utm_content=banner\">\n        <img decoding=\"async\" width=\"300\" height=\"212\" src=\"https:\/\/uelzener.de\/magazin\/app\/uploads\/2025\/01\/Hunde-Kranken-Versicherung.jpg\" class=\"attachment-medium size-medium\" alt=\"Banner Hunde-Kranken-Versicherung\" \/>    <\/a>\n<\/div>\n\n<p>Und was passiert, <a href=\"https:\/\/uelzener.de\/magazin\/hund\/tiergesundheit\/passivrauchen-nikotinvergiftung-beim-hund\/\">wenn dein Hund eine Zigarette gegessen hat<\/a>?<\/p>\n","protected":false},"excerpt":{"rendered":"<p>Dass Schokolade nichts auf dem Ern\u00e4hrungsplan von Hunden zu suchen hat, wissen die meisten. Doch warum ist Schokolade eigentlich giftig f\u00fcr Hunde und ab welcher Menge f\u00fchrt es zu gesundheitlichen Problemen? Alle Infos zu Schokovergiftung und wie du im Notfall richtig reagierst, erf\u00e4hrst du in unseren Beitrag. Warum ist Schokolade f\u00fcr Hunde giftig? Hunde, ebenso [&hellip;]<\/p>\n","protected":false},"author":1,"featured_media":12841,"parent":11701,"menu_order":55,"comment_status":"open","ping_status":"open","template":"templates\/blog.php","meta":{"_acf_changed":false,"_crdt_document":"","footnotes":"","beyondwords_generate_audio":"0","beyondwords_project_id":"","beyondwords_content_id":"","beyondwords_preview_token":"","beyondwords_player_style":"","beyondwords_language_id":"","beyondwords_title_voice_id":"","beyondwords_body_voice_id":"","beyondwords_summary_voice_id":"","beyondwords_error_message":"","beyondwords_disabled":"","beyondwords_delete_content":"","beyondwords_podcast_id":"","beyondwords_hash":"","publish_post_to_speechkit":"","speechkit_hash":"","speechkit_generate_audio":"","speechkit_project_id":"","speechkit_podcast_id":"","speechkit_error_message":"","speechkit_disabled":"","speechkit_access_key":"","speechkit_error":"","speechkit_info":"","speechkit_response":"","speechkit_retries":"","speechkit_status":"","speechkit_updated_at":"","_speechkit_link":"","_speechkit_text":""},"class_list":["post-10084","page","type-page","status-publish","has-post-thumbnail","hentry"],"acf":[],"yoast_head":"<!-- This site is optimized with the Yoast SEO Premium plugin  - https:\/\/yoast.com\/product\/yoast-seo-premium-wordpress\/ -->\n<title>Dein Hund hat Schokolade gefressen? \u2013 Das ist zu tun | Uelzener<\/title>\n<meta name=\"description\" content=\"Dein Hund hat Schokolade gefressen? \u25b6 Erfahre hier \u2713 warum Schokolade f\u00fcr Hunde giftig ist und \u2713 was im Notfall zu tun ist!\" \/>\n<meta name=\"robots\" content=\"index, follow, max-snippet:-1, max-image-preview:large, max-video-preview:-1\" \/>\n<link rel=\"canonical\" href=\"https:\/\/uelzener.de\/magazin\/hund\/tiergesundheit\/hund-schokolade-gefressen\/\" \/>\n<meta property=\"og:locale\" content=\"de_DE\" \/>\n<meta property=\"og:type\" content=\"article\" \/>\n<meta property=\"og:title\" content=\"Warum dein Hund keine Schokolade fressen sollte\" \/>\n<meta property=\"og:description\" content=\"Dein Hund hat Schokolade gefressen? \u25b6 Erfahre hier \u2713 warum Schokolade f\u00fcr Hunde giftig ist und \u2713 was im Notfall zu tun ist!\" \/>\n<meta property=\"og:url\" content=\"https:\/\/uelzener.de\/magazin\/hund\/tiergesundheit\/hund-schokolade-gefressen\/\" \/>\n<meta property=\"og:site_name\" content=\"Uelzener Tier-Magazin\" \/>\n<meta property=\"article:publisher\" content=\"https:\/\/www.facebook.com\/Uelzener\" \/>\n<meta property=\"article:modified_time\" content=\"2023-10-25T09:24:53+00:00\" \/>\n<meta property=\"og:image\" content=\"https:\/\/uelzener.de\/magazin\/app\/uploads\/2021\/10\/Hund-Schokolade.jpg\" \/>\n\t<meta property=\"og:image:width\" content=\"1024\" \/>\n\t<meta property=\"og:image:height\" content=\"450\" \/>\n\t<meta property=\"og:image:type\" content=\"image\/jpeg\" \/>\n<meta name=\"twitter:card\" content=\"summary_large_image\" \/>\n<meta name=\"twitter:label1\" content=\"Gesch\u00e4tzte Lesezeit\" \/>\n\t<meta name=\"twitter:data1\" content=\"3\u00a0Minuten\" \/>\n<script type=\"application\/ld+json\" class=\"yoast-schema-graph\">{\"@context\":\"https:\/\/schema.org\",\"@graph\":[{\"@type\":\"WebPage\",\"@id\":\"https:\/\/uelzener.de\/magazin\/hund\/tiergesundheit\/hund-schokolade-gefressen\/\",\"url\":\"https:\/\/uelzener.de\/magazin\/hund\/tiergesundheit\/hund-schokolade-gefressen\/\",\"name\":\"Dein Hund hat Schokolade gefressen? \u2013 Das ist zu tun | Uelzener\",\"isPartOf\":{\"@id\":\"https:\/\/uelzener.de\/magazin\/#website\"},\"primaryImageOfPage\":{\"@id\":\"https:\/\/uelzener.de\/magazin\/hund\/tiergesundheit\/hund-schokolade-gefressen\/#primaryimage\"},\"image\":{\"@id\":\"https:\/\/uelzener.de\/magazin\/hund\/tiergesundheit\/hund-schokolade-gefressen\/#primaryimage\"},\"thumbnailUrl\":\"https:\/\/uelzener.de\/magazin\/app\/uploads\/2021\/10\/Hund-Schokolade.jpg\",\"datePublished\":\"2019-12-16T00:00:00+00:00\",\"dateModified\":\"2023-10-25T09:24:53+00:00\",\"description\":\"Dein Hund hat Schokolade gefressen? \u25b6 Erfahre hier \u2713 warum Schokolade f\u00fcr Hunde giftig ist und \u2713 was im Notfall zu tun ist!\",\"breadcrumb\":{\"@id\":\"https:\/\/uelzener.de\/magazin\/hund\/tiergesundheit\/hund-schokolade-gefressen\/#breadcrumb\"},\"inLanguage\":\"de\",\"potentialAction\":[{\"@type\":\"ReadAction\",\"target\":[\"https:\/\/uelzener.de\/magazin\/hund\/tiergesundheit\/hund-schokolade-gefressen\/\"]}]},{\"@type\":\"ImageObject\",\"inLanguage\":\"de\",\"@id\":\"https:\/\/uelzener.de\/magazin\/hund\/tiergesundheit\/hund-schokolade-gefressen\/#primaryimage\",\"url\":\"https:\/\/uelzener.de\/magazin\/app\/uploads\/2021\/10\/Hund-Schokolade.jpg\",\"contentUrl\":\"https:\/\/uelzener.de\/magazin\/app\/uploads\/2021\/10\/Hund-Schokolade.jpg\",\"width\":1024,\"height\":450,\"caption\":\"Hund sitzt vor Tafel Schokolade die er angefressen hat.\"},{\"@type\":\"WebSite\",\"@id\":\"https:\/\/uelzener.de\/magazin\/#website\",\"url\":\"https:\/\/uelzener.de\/magazin\/\",\"name\":\"Uelzener Tiermagazin\",\"description\":\"Online Tierratgeber der Uelzener Versicherungen\",\"publisher\":{\"@id\":\"https:\/\/uelzener.de\/magazin\/#organization\"},\"potentialAction\":[{\"@type\":\"SearchAction\",\"target\":{\"@type\":\"EntryPoint\",\"urlTemplate\":\"https:\/\/uelzener.de\/magazin\/?s={search_term_string}\"},\"query-input\":{\"@type\":\"PropertyValueSpecification\",\"valueRequired\":true,\"valueName\":\"search_term_string\"}}],\"inLanguage\":\"de\"},{\"@type\":\"Organization\",\"@id\":\"https:\/\/uelzener.de\/magazin\/#organization\",\"name\":\"Uelzener Versicherungen\",\"url\":\"https:\/\/uelzener.de\/magazin\/\",\"logo\":{\"@type\":\"ImageObject\",\"inLanguage\":\"de\",\"@id\":\"https:\/\/uelzener.de\/magazin\/#\/schema\/logo\/image\/\",\"url\":\"https:\/\/uelzener.de\/magazin\/app\/uploads\/2024\/11\/uelzener_allgemeine_versicherungsgesellschaft_a_g_logo.jpg\",\"contentUrl\":\"https:\/\/uelzener.de\/magazin\/app\/uploads\/2024\/11\/uelzener_allgemeine_versicherungsgesellschaft_a_g_logo.jpg\",\"width\":200,\"height\":200,\"caption\":\"Uelzener Versicherungen\"},\"image\":{\"@id\":\"https:\/\/uelzener.de\/magazin\/#\/schema\/logo\/image\/\"},\"sameAs\":[\"https:\/\/www.facebook.com\/Uelzener\",\"https:\/\/instagram.com\/uelzener\",\"https:\/\/www.xing.com\/pages\/uelzenerallgemeineversicherungs-gesellschafta-g\",\"https:\/\/www.youtube.com\/UelzenerVersicherungen\"]}]}<\/script>\n<!-- \/ Yoast SEO Premium plugin. -->","yoast_head_json":{"title":"Dein Hund hat Schokolade gefressen? \u2013 Das ist zu tun | Uelzener","description":"Dein Hund hat Schokolade gefressen? \u25b6 Erfahre hier \u2713 warum Schokolade f\u00fcr Hunde giftig ist und \u2713 was im Notfall zu tun ist!","robots":{"index":"index","follow":"follow","max-snippet":"max-snippet:-1","max-image-preview":"max-image-preview:large","max-video-preview":"max-video-preview:-1"},"canonical":"https:\/\/uelzener.de\/magazin\/hund\/tiergesundheit\/hund-schokolade-gefressen\/","og_locale":"de_DE","og_type":"article","og_title":"Warum dein Hund keine Schokolade fressen sollte","og_description":"Dein Hund hat Schokolade gefressen? \u25b6 Erfahre hier \u2713 warum Schokolade f\u00fcr Hunde giftig ist und \u2713 was im Notfall zu tun ist!","og_url":"https:\/\/uelzener.de\/magazin\/hund\/tiergesundheit\/hund-schokolade-gefressen\/","og_site_name":"Uelzener Tier-Magazin","article_publisher":"https:\/\/www.facebook.com\/Uelzener","article_modified_time":"2023-10-25T09:24:53+00:00","og_image":[{"width":1024,"height":450,"url":"https:\/\/uelzener.de\/magazin\/app\/uploads\/2021\/10\/Hund-Schokolade.jpg","type":"image\/jpeg"}],"twitter_card":"summary_large_image","twitter_misc":{"Gesch\u00e4tzte Lesezeit":"3\u00a0Minuten"},"schema":{"@context":"https:\/\/schema.org","@graph":[{"@type":"WebPage","@id":"https:\/\/uelzener.de\/magazin\/hund\/tiergesundheit\/hund-schokolade-gefressen\/","url":"https:\/\/uelzener.de\/magazin\/hund\/tiergesundheit\/hund-schokolade-gefressen\/","name":"Dein Hund hat Schokolade gefressen? \u2013 Das ist zu tun | Uelzener","isPartOf":{"@id":"https:\/\/uelzener.de\/magazin\/#website"},"primaryImageOfPage":{"@id":"https:\/\/uelzener.de\/magazin\/hund\/tiergesundheit\/hund-schokolade-gefressen\/#primaryimage"},"image":{"@id":"https:\/\/uelzener.de\/magazin\/hund\/tiergesundheit\/hund-schokolade-gefressen\/#primaryimage"},"thumbnailUrl":"https:\/\/uelzener.de\/magazin\/app\/uploads\/2021\/10\/Hund-Schokolade.jpg","datePublished":"2019-12-16T00:00:00+00:00","dateModified":"2023-10-25T09:24:53+00:00","description":"Dein Hund hat Schokolade gefressen? \u25b6 Erfahre hier \u2713 warum Schokolade f\u00fcr Hunde giftig ist und \u2713 was im Notfall zu tun ist!","breadcrumb":{"@id":"https:\/\/uelzener.de\/magazin\/hund\/tiergesundheit\/hund-schokolade-gefressen\/#breadcrumb"},"inLanguage":"de","potentialAction":[{"@type":"ReadAction","target":["https:\/\/uelzener.de\/magazin\/hund\/tiergesundheit\/hund-schokolade-gefressen\/"]}]},{"@type":"ImageObject","inLanguage":"de","@id":"https:\/\/uelzener.de\/magazin\/hund\/tiergesundheit\/hund-schokolade-gefressen\/#primaryimage","url":"https:\/\/uelzener.de\/magazin\/app\/uploads\/2021\/10\/Hund-Schokolade.jpg","contentUrl":"https:\/\/uelzener.de\/magazin\/app\/uploads\/2021\/10\/Hund-Schokolade.jpg","width":1024,"height":450,"caption":"Hund sitzt vor Tafel Schokolade die er angefressen hat."},{"@type":"WebSite","@id":"https:\/\/uelzener.de\/magazin\/#website","url":"https:\/\/uelzener.de\/magazin\/","name":"Uelzener Tiermagazin","description":"Online Tierratgeber der Uelzener Versicherungen","publisher":{"@id":"https:\/\/uelzener.de\/magazin\/#organization"},"potentialAction":[{"@type":"SearchAction","target":{"@type":"EntryPoint","urlTemplate":"https:\/\/uelzener.de\/magazin\/?s={search_term_string}"},"query-input":{"@type":"PropertyValueSpecification","valueRequired":true,"valueName":"search_term_string"}}],"inLanguage":"de"},{"@type":"Organization","@id":"https:\/\/uelzener.de\/magazin\/#organization","name":"Uelzener Versicherungen","url":"https:\/\/uelzener.de\/magazin\/","logo":{"@type":"ImageObject","inLanguage":"de","@id":"https:\/\/uelzener.de\/magazin\/#\/schema\/logo\/image\/","url":"https:\/\/uelzener.de\/magazin\/app\/uploads\/2024\/11\/uelzener_allgemeine_versicherungsgesellschaft_a_g_logo.jpg","contentUrl":"https:\/\/uelzener.de\/magazin\/app\/uploads\/2024\/11\/uelzener_allgemeine_versicherungsgesellschaft_a_g_logo.jpg","width":200,"height":200,"caption":"Uelzener Versicherungen"},"image":{"@id":"https:\/\/uelzener.de\/magazin\/#\/schema\/logo\/image\/"},"sameAs":["https:\/\/www.facebook.com\/Uelzener","https:\/\/instagram.com\/uelzener","https:\/\/www.xing.com\/pages\/uelzenerallgemeineversicherungs-gesellschafta-g","https:\/\/www.youtube.com\/UelzenerVersicherungen"]}]}},"_links":{"self":[{"href":"https:\/\/uelzener.de\/magazin\/wp-json\/wp\/v2\/pages\/10084","targetHints":{"allow":["GET"]}}],"collection":[{"href":"https:\/\/uelzener.de\/magazin\/wp-json\/wp\/v2\/pages"}],"about":[{"href":"https:\/\/uelzener.de\/magazin\/wp-json\/wp\/v2\/types\/page"}],"author":[{"embeddable":true,"href":"https:\/\/uelzener.de\/magazin\/wp-json\/wp\/v2\/users\/1"}],"replies":[{"embeddable":true,"href":"https:\/\/uelzener.de\/magazin\/wp-json\/wp\/v2\/comments?post=10084"}],"version-history":[{"count":16,"href":"https:\/\/uelzener.de\/magazin\/wp-json\/wp\/v2\/pages\/10084\/revisions"}],"predecessor-version":[{"id":16490,"href":"https:\/\/uelzener.de\/magazin\/wp-json\/wp\/v2\/pages\/10084\/revisions\/16490"}],"up":[{"embeddable":true,"href":"https:\/\/uelzener.de\/magazin\/wp-json\/wp\/v2\/pages\/11701"}],"wp:featuredmedia":[{"embeddable":true,"href":"https:\/\/uelzener.de\/magazin\/wp-json\/wp\/v2\/media\/12841"}],"wp:attachment":[{"href":"https:\/\/uelzener.de\/magazin\/wp-json\/wp\/v2\/media?parent=10084"}],"curies":[{"name":"wp","href":"https:\/\/api.w.org\/{rel}","templated":true}]}}