{"id":10081,"date":"2019-08-14T00:00:00","date_gmt":"2019-08-14T00:00:00","guid":{"rendered":""},"modified":"2025-08-05T13:11:58","modified_gmt":"2025-08-05T11:11:58","slug":"floehe-hund","status":"publish","type":"page","link":"https:\/\/uelzener.de\/magazin\/hund\/tiergesundheit\/floehe-hund\/","title":{"rendered":"Wenn das Fell juckt: Fl\u00f6he beim Hund erkennen und behandeln"},"content":{"rendered":"<p>Fl\u00f6he sind l\u00e4stige kleine blutsaugende Parasiten, die deinem Hund das Leben schwer machen. Die kleinen Tiere halten sich gerne an versteckten Stellen im Fell auf und verursachen einen starken Juckreiz. Dabei k\u00f6nnen sie sich in der gesamten Umgebung vermehren, auch im Haus. Mit speziellen Mitteln kannst du deinen Hund und die Wohnung aber behandeln und einem Flohbefall sogar vorbeugen.<\/p>\n<h2>Welche Symptome weisen auf einen Flohbefall hin?<\/h2>\n<p>Flohbisse l\u00f6sen <strong>Juckreiz an den Einstichstellen<\/strong> aus. Daher kratzt sich dein Hund bei einem Befall verst\u00e4rkt. Eventuell bei\u00dft er sich zus\u00e4tzlich an den betroffenen K\u00f6rperstellen oder leckt sich wund. \u00c4hnliche Symptome k\u00f6nnen jedoch auch durch andere Parasiten wie <a href=\"https:\/\/uelzener.de\/magazin\/hund\/tiergesundheit\/milben-beim-hund\/\" target=\"_blank\" rel=\"noopener\">Grasmilben<\/a> ausgel\u00f6st werden.<\/p>\n<h3>So erkennst du, ob dein Hund von Fl\u00f6hen befallen ist<\/h3>\n<p>Das Kratzen wegen Juckreiz gibt Dir einen ersten Hinweis. Anhand folgender weiterer Anzeichen findest du heraus, ob dein Hund tats\u00e4chlich von Fl\u00f6hen befallen ist:<\/p>\n<ul>\n<li>kleine, flinke, bis zu vier Millimeter gro\u00dfe Tiere im Fell<\/li>\n<li>r\u00f6tliche <strong>Einstichstellen<\/strong>, bevorzugt an Bauch, Innenseiten der Schenkel, Rutenansatz und Ohren<\/li>\n<li>bei starkem Flohbefall <strong>Haarausfall <\/strong>m\u00f6glich<\/li>\n<li>eventuell <strong>Pusteln und Schwellungen<\/strong> an den Einstichbereichen<\/li>\n<li>\u00fcberm\u00e4\u00dfige <strong>Unruhe und Nervosit\u00e4t<\/strong>, aber auch Apathie<\/li>\n<li><strong>Flohkot<\/strong> im Fell<\/li>\n<\/ul>\n<p>Fl\u00f6he setzen ihren Kot auf dem Hund ab. Mit einem sogenannten <strong>Flohkamm <\/strong>l\u00e4sst er sich entfernen. F\u00fchrst du den Kamm mit seinen schmalen, eng beieinanderliegenden Zinken durch das Fell, greift er neben anderen Partikeln auch den Flohkot. Klopfe den Kamm anschlie\u00dfend auf einem feuchten wei\u00dfen Taschentuch oder K\u00fcchentuch aus. Sind <strong>dunkle, kr\u00fcmelige Bestandteile<\/strong> zu sehen? Zerreibe sie mit dem Tuch: Verf\u00e4rbt es sich dadurch r\u00f6tlich bis br\u00e4unlich, ist das ein recht sicheres Zeichen, dass du <strong>Kot vom Hundefloh<\/strong> erwischt hast, denn das aufgenommene Blut hinterl\u00e4sst beim Zerreiben im Tuch die Verf\u00e4rbung.<\/p>\n<h2>Wie bekommen Hunde Fl\u00f6he?<\/h2>\n<p>Oft f\u00fchrt die Begegnung mit einem anderen befallenen Tier zu Fl\u00f6hen beim Hund. Allerdings vermehren sich die kleinen Blutsauger nicht direkt auf ihrem Wirtstier, sondern in dessen Umgebung, wobei ihnen die Schlafpl\u00e4tze im Freien und in der Wohnung \u00e4u\u00dferst willkommen sind. Dein Hund kann daher \u00fcberall mit Fl\u00f6hen in Kontakt kommen.<\/p>\n<h2>Vermehrung und Lebenszyklus von Fl\u00f6hen<\/h2>\n<p>Fl\u00f6he haben eine Lebensdauer von rund <strong>drei Monaten<\/strong>. Haben sie deinen Hund befallen, dient ihnen dessen Blut als Nahrung und die weiblichen Parasiten legen etwa 30 bis 50 Eier am Tag. Diese k\u00f6nnen sich \u00fcberall befinden, wo sich der Hund aufh\u00e4lt. Entdeckst du folglich Flohbisse an deinem Hund, kannst du davon ausgehen, dass sich auch in der Wohnung Fl\u00f6he befinden.<\/p>\n<p>Aus den Eiern werden Larven, die sich nach mehreren Entwicklungsstadien verpuppen. Aus den Puppen schl\u00fcpfen schlie\u00dflich die hungrigen Fl\u00f6he. T\u00fcckisch ist, dass die Puppen lange \u00fcberlebensf\u00e4hig sind, <strong>auch bei kalten Temperaturen<\/strong> im Freien.<\/p>\n<h2>Hundefl\u00f6he loswerden: Keine leichte Aufgabe<\/h2>\n<p>Um Hundefl\u00f6he loszuwerden, musst du einerseits deinen Hund und andererseits die <strong>Umgebung behandeln.<\/strong> Denke auch daran, dass du m\u00f6glicherweise deinen <a href=\"https:\/\/uelzener.de\/magazin\/hund\/erziehung-und-training\/hund-im-auto\/\">Hund im Auto transportiert<\/a> hast, was bedeutet, in dem Fahrzeug k\u00f6nnten ebenfalls Eier abgelegt worden sein.<\/p>\n<h3>Pr\u00e4parate zur Flohbek\u00e4mpfung<\/h3>\n<p>Mittel gegen Fl\u00f6he kannst du bei einem Befall aber auch vorbeugend einsetzen. Zur Anwendung direkt am Hund gibt es<\/p>\n<ul>\n<li>Sprays<\/li>\n<li>Shampoos<\/li>\n<li>Spot-ons<\/li>\n<li>Ungezieferhalsb\u00e4nder<\/li>\n<li>Parasitenmittel in Tablettenform<\/li>\n<\/ul>\n<h2>Fl\u00f6he in der Wohnung bek\u00e4mpfen<\/h2>\n<p>Die Behandlung der Umgebung ist recht aufwendig, hier bietet sich ein <strong>Spray vom Tierarzt<\/strong> an. Mit diesem bespr\u00fchst du s\u00e4mtliche Liegefl\u00e4chen deines Hundes, gegebenenfalls auch im Auto. W\u00e4schst du <strong>Textilien bei 60 \u00b0C<\/strong>, beseitigt das ebenfalls einen Gro\u00dfteil an Eiern und Larven. Die meisten Flohmittel vernichten allerdings nicht die Eier. Deshalb ist die Behandlung der Umgebung <strong>nach einigen Wochen zu wiederholen<\/strong>, w\u00e4hrend dein Hund die gesamte Zeit \u00fcber mit einem Flohschutzmittel versorgt ist. So verhinderst du einen neuen Befall aufgrund zwischenzeitlich frisch schl\u00fcpfender Larven, die sich in der warmen Umgebung schnell zu erwachsenen Fl\u00f6hen entwickeln.<\/p>\n<h2>Fl\u00f6he verursachen weitere Beschwerden und Krankheiten<\/h2>\n<p>Alleine der Juckreiz ist Grund genug, Fl\u00f6he bei deinem Hund zu bek\u00e4mpfen. Daneben kann ein Flohbefall zu <strong>Folgebeschwerden und Krankheiten <\/strong>f\u00fchren, die du deinem Hund sicher ersparen m\u00f6chtest. Am besten gelingt das durch vorbeugende Ma\u00dfnahmen. Viele Mittel gegen Fl\u00f6he sind \u00fcbrigens zugleich wirksam gegen <a href=\"https:\/\/uelzener.de\/magazin\/hund\/tiergesundheit\/zecken-hund\/\">Zecken an deinem Hund<\/a>, die ihrerseits schwerwiegende Krankheiten \u00fcbertragen k\u00f6nnen. Fl\u00f6he selbst gelten unter anderem als Tr\u00e4ger der Erreger von Hirnhautentz\u00fcndung.<\/p>\n<h3>Risiko von Wurmbefall<\/h3>\n<p>Fl\u00f6he suchen nicht nur ihrerseits Wirtstiere auf, sondern sind selbst Wirte des <strong>Fuchsbandwurms<\/strong>: Jeder Befall mit Fl\u00f6hen birgt das Risiko einer \u00dcbertragung dieser inneren Parasiten auf den Hund. Parallel zur Flohbek\u00e4mpfung empfehlen Tier\u00e4rzte daher gerne vorsorglich auch den Einsatz von Mitteln gegen <a href=\"https:\/\/uelzener.de\/magazin\/hund\/tiergesundheit\/wuermer-hund\/\">W\u00fcrmer bei Hunden<\/a>.<\/p>\n<h3>Schw\u00e4chung durch Blutarmut<\/h3>\n<p>Fl\u00f6he sind zwar winzig klein, ein starker Befall kann deinen Hund aber nachhaltig schw\u00e4chen. Langfristig sind <strong>Eisenmangel und Blutarmut<\/strong> m\u00f6glich. Er kann abmagern, Probleme mit dem Herz-Kreislauf-System bekommen bis hin zur Apathie und m\u00fcsste in diesem Fall m\u00fchsam und kostenintensiv wieder stabilisiert werden.<\/p>\n<h3>Hauterkrankungen<\/h3>\n<p>Bei einem Befall mit Fl\u00f6hen liegen oft zahlreiche kleine Einstichstellen direkt nebeneinander. Zus\u00e4tzlich wird die Haut durch das Kratzen des Hundes gesch\u00e4digt. Die wunden Stellen bieten Keimen und Bakterien einen idealen N\u00e4hrboden. Die Folge sind schmerzhafte Hautentz\u00fcndungen.<\/p>\n<h3>Allergische Reaktionen<\/h3>\n<p>Manch ein Hund reagiert allergisch auf den Flohspeichel. Infolgedessen kann die gesamte Haut jucken &#8211; nicht nur an den Einstichstellen. Weiterhin ist <strong>Haarausfall<\/strong> m\u00f6glich und auch innerlich kann dein Hund unter allergischen Reaktionen leiden.<\/p>\n<h2>Fazit: Vorbeugen lohnt sich<\/h2>\n<p>Flohbisse sind unangenehm f\u00fcr deinen Hund und ein Befall erfordert die aufwendige Bek\u00e4mpfung der Parasiten in der gesamten Umgebung. Zudem besteht stets das Risiko von Sekund\u00e4rinfektionen und Folgeerkrankungen durch Fl\u00f6he. Hast du schon mal \u00fcber eine Hunde-Krankenversicherung nachgedacht? Viele Tarife decken auch Routinebehandlungen wie Impfungen und die Parasitenbek\u00e4mpfung ab.<\/p>\n\n<div class=\"banner\">\n    <a href=\"https:\/\/uelzener.de\/hund\/hunde-krankenversicherung\/?agt=0000104925&sem=true&utm_medium=magazin&utm_source=wordpress&utm_campaign=hund_kv&utm_content=banner\">\n        <img decoding=\"async\" width=\"300\" height=\"212\" src=\"https:\/\/uelzener.de\/magazin\/app\/uploads\/2025\/01\/Hunde-Kranken-Versicherung.jpg\" class=\"attachment-medium size-medium\" alt=\"Banner Hunde-Kranken-Versicherung\" \/>    <\/a>\n<\/div>\n\n<h2>FAQ: H\u00e4ufig gestellte Fragen zum Thema Fl\u00f6he beim Hund<\/h2>\n<h3>Was hilft am besten gegen Fl\u00f6he beim Hund?<\/h3>\n<p>Beim Tierarzt bekommst du Ungezieferhalsb\u00e4nder, Spot-ons und Tabletten, die wirksame Substanzen gegen Fl\u00f6he enthalten.<\/p>\n<h3>Muss ich meinen Hund auch im Winter nach Fl\u00f6hen untersuchen?<\/h3>\n<p>Ja. Die gesch\u00fctzte Umgebung in der Wohnung und die warme K\u00f6rpertemperatur des Hundes bieten im Winter ideale Bedingungen f\u00fcr Fl\u00f6he.<\/p>\n<h3>Wo befinden sich Fl\u00f6he im Haus?<\/h3>\n<p>Floheier, Larven und Fl\u00f6he k\u00f6nnen sich \u00fcberall dort befinden, wo sich dein Hund aufh\u00e4lt. Insbesondere sind s\u00e4mtliche Liegefl\u00e4chen betroffen.<\/p>\n<h3>Kann der Hundefloh auf den Menschen \u00fcbertragen werden?<\/h3>\n<p>Hundefl\u00f6he verschm\u00e4hen auch menschliches Blut nicht. Ein Befall ist zwar seltener als durch Katzenfl\u00f6he, aber m\u00f6glich.<\/p>\n","protected":false},"excerpt":{"rendered":"<p>Fl\u00f6he sind l\u00e4stige kleine blutsaugende Parasiten, die deinem Hund das Leben schwer machen. Die kleinen Tiere halten sich gerne an versteckten Stellen im Fell auf und verursachen einen starken Juckreiz. Dabei k\u00f6nnen sie sich in der gesamten Umgebung vermehren, auch im Haus. Mit speziellen Mitteln kannst du deinen Hund und die Wohnung aber behandeln und [&hellip;]<\/p>\n","protected":false},"author":1,"featured_media":13705,"parent":11701,"menu_order":54,"comment_status":"open","ping_status":"open","template":"templates\/blog.php","meta":{"_acf_changed":false,"_crdt_document":"","footnotes":"","beyondwords_generate_audio":"0","beyondwords_project_id":"","beyondwords_content_id":"","beyondwords_preview_token":"","beyondwords_player_style":"","beyondwords_language_id":"","beyondwords_title_voice_id":"","beyondwords_body_voice_id":"","beyondwords_summary_voice_id":"","beyondwords_error_message":"","beyondwords_disabled":"","beyondwords_delete_content":"","beyondwords_podcast_id":"","beyondwords_hash":"","publish_post_to_speechkit":"","speechkit_hash":"","speechkit_generate_audio":"","speechkit_project_id":"","speechkit_podcast_id":"","speechkit_error_message":"","speechkit_disabled":"","speechkit_access_key":"","speechkit_error":"","speechkit_info":"","speechkit_response":"","speechkit_retries":"","speechkit_status":"","speechkit_updated_at":"","_speechkit_link":"","_speechkit_text":""},"class_list":["post-10081","page","type-page","status-publish","has-post-thumbnail","hentry"],"acf":[],"yoast_head":"<!-- This site is optimized with the Yoast SEO Premium plugin  - https:\/\/yoast.com\/product\/yoast-seo-premium-wordpress\/ -->\n<title>Fl\u00f6he beim Hund - erkennen und behandeln | Uelzener<\/title>\n<meta name=\"description\" content=\"Wertvolle Tipps &amp; Tricks zur Bek\u00e4mpfung von Fl\u00f6hen bei Deinem Hund \u2713 Flohbefall erfolgreich behandeln \u25b6 Hier informieren!\" \/>\n<meta name=\"robots\" content=\"index, follow, max-snippet:-1, max-image-preview:large, max-video-preview:-1\" \/>\n<link rel=\"canonical\" href=\"https:\/\/uelzener.de\/magazin\/hund\/tiergesundheit\/floehe-hund\/\" \/>\n<meta property=\"og:locale\" content=\"de_DE\" \/>\n<meta property=\"og:type\" content=\"article\" \/>\n<meta property=\"og:title\" content=\"Wenn das Fell juckt: Fl\u00f6he beim Hund erkennen und behandeln\" \/>\n<meta property=\"og:description\" content=\"Wertvolle Tipps &amp; Tricks zur Bek\u00e4mpfung von Fl\u00f6hen bei Deinem Hund \u2713 Flohbefall erfolgreich behandeln \u25b6 Hier informieren!\" \/>\n<meta property=\"og:url\" content=\"https:\/\/uelzener.de\/magazin\/hund\/tiergesundheit\/floehe-hund\/\" \/>\n<meta property=\"og:site_name\" content=\"Uelzener Tier-Magazin\" \/>\n<meta property=\"article:publisher\" content=\"https:\/\/www.facebook.com\/Uelzener\" \/>\n<meta property=\"article:modified_time\" content=\"2025-08-05T11:11:58+00:00\" \/>\n<meta property=\"og:image\" content=\"https:\/\/uelzener.de\/magazin\/app\/uploads\/2022\/08\/floehe-beim-hund-finden-scaled.webp\" \/>\n\t<meta property=\"og:image:width\" content=\"2560\" \/>\n\t<meta property=\"og:image:height\" content=\"1651\" \/>\n\t<meta property=\"og:image:type\" content=\"image\/webp\" \/>\n<meta name=\"twitter:card\" content=\"summary_large_image\" \/>\n<meta name=\"twitter:label1\" content=\"Gesch\u00e4tzte Lesezeit\" \/>\n\t<meta name=\"twitter:data1\" content=\"6\u00a0Minuten\" \/>\n<script type=\"application\/ld+json\" class=\"yoast-schema-graph\">{\"@context\":\"https:\/\/schema.org\",\"@graph\":[{\"@type\":\"WebPage\",\"@id\":\"https:\/\/uelzener.de\/magazin\/hund\/tiergesundheit\/floehe-hund\/\",\"url\":\"https:\/\/uelzener.de\/magazin\/hund\/tiergesundheit\/floehe-hund\/\",\"name\":\"Fl\u00f6he beim Hund - erkennen und behandeln | Uelzener\",\"isPartOf\":{\"@id\":\"https:\/\/uelzener.de\/magazin\/#website\"},\"primaryImageOfPage\":{\"@id\":\"https:\/\/uelzener.de\/magazin\/hund\/tiergesundheit\/floehe-hund\/#primaryimage\"},\"image\":{\"@id\":\"https:\/\/uelzener.de\/magazin\/hund\/tiergesundheit\/floehe-hund\/#primaryimage\"},\"thumbnailUrl\":\"https:\/\/uelzener.de\/magazin\/app\/uploads\/2022\/08\/floehe-beim-hund-finden-scaled.webp\",\"datePublished\":\"2019-08-14T00:00:00+00:00\",\"dateModified\":\"2025-08-05T11:11:58+00:00\",\"description\":\"Wertvolle Tipps & Tricks zur Bek\u00e4mpfung von Fl\u00f6hen bei Deinem Hund \u2713 Flohbefall erfolgreich behandeln \u25b6 Hier informieren!\",\"breadcrumb\":{\"@id\":\"https:\/\/uelzener.de\/magazin\/hund\/tiergesundheit\/floehe-hund\/#breadcrumb\"},\"inLanguage\":\"de\",\"potentialAction\":[{\"@type\":\"ReadAction\",\"target\":[\"https:\/\/uelzener.de\/magazin\/hund\/tiergesundheit\/floehe-hund\/\"]}]},{\"@type\":\"ImageObject\",\"inLanguage\":\"de\",\"@id\":\"https:\/\/uelzener.de\/magazin\/hund\/tiergesundheit\/floehe-hund\/#primaryimage\",\"url\":\"https:\/\/uelzener.de\/magazin\/app\/uploads\/2022\/08\/floehe-beim-hund-finden-scaled.webp\",\"contentUrl\":\"https:\/\/uelzener.de\/magazin\/app\/uploads\/2022\/08\/floehe-beim-hund-finden-scaled.webp\",\"width\":2560,\"height\":1651,\"caption\":\"Fl\u00f6he beim Hund sind kein Spa\u00df, regelm\u00e4\u00dfiges k\u00e4mmen Hilft einen Befall schnell zu erkennen.\"},{\"@type\":\"WebSite\",\"@id\":\"https:\/\/uelzener.de\/magazin\/#website\",\"url\":\"https:\/\/uelzener.de\/magazin\/\",\"name\":\"Uelzener Tiermagazin\",\"description\":\"Online Tierratgeber der Uelzener Versicherungen\",\"publisher\":{\"@id\":\"https:\/\/uelzener.de\/magazin\/#organization\"},\"potentialAction\":[{\"@type\":\"SearchAction\",\"target\":{\"@type\":\"EntryPoint\",\"urlTemplate\":\"https:\/\/uelzener.de\/magazin\/?s={search_term_string}\"},\"query-input\":{\"@type\":\"PropertyValueSpecification\",\"valueRequired\":true,\"valueName\":\"search_term_string\"}}],\"inLanguage\":\"de\"},{\"@type\":\"Organization\",\"@id\":\"https:\/\/uelzener.de\/magazin\/#organization\",\"name\":\"Uelzener Versicherungen\",\"url\":\"https:\/\/uelzener.de\/magazin\/\",\"logo\":{\"@type\":\"ImageObject\",\"inLanguage\":\"de\",\"@id\":\"https:\/\/uelzener.de\/magazin\/#\/schema\/logo\/image\/\",\"url\":\"https:\/\/uelzener.de\/magazin\/app\/uploads\/2024\/11\/uelzener_allgemeine_versicherungsgesellschaft_a_g_logo.jpg\",\"contentUrl\":\"https:\/\/uelzener.de\/magazin\/app\/uploads\/2024\/11\/uelzener_allgemeine_versicherungsgesellschaft_a_g_logo.jpg\",\"width\":200,\"height\":200,\"caption\":\"Uelzener Versicherungen\"},\"image\":{\"@id\":\"https:\/\/uelzener.de\/magazin\/#\/schema\/logo\/image\/\"},\"sameAs\":[\"https:\/\/www.facebook.com\/Uelzener\",\"https:\/\/instagram.com\/uelzener\",\"https:\/\/www.xing.com\/pages\/uelzenerallgemeineversicherungs-gesellschafta-g\",\"https:\/\/www.youtube.com\/UelzenerVersicherungen\"]}]}<\/script>\n<!-- \/ Yoast SEO Premium plugin. -->","yoast_head_json":{"title":"Fl\u00f6he beim Hund - erkennen und behandeln | Uelzener","description":"Wertvolle Tipps & Tricks zur Bek\u00e4mpfung von Fl\u00f6hen bei Deinem Hund \u2713 Flohbefall erfolgreich behandeln \u25b6 Hier informieren!","robots":{"index":"index","follow":"follow","max-snippet":"max-snippet:-1","max-image-preview":"max-image-preview:large","max-video-preview":"max-video-preview:-1"},"canonical":"https:\/\/uelzener.de\/magazin\/hund\/tiergesundheit\/floehe-hund\/","og_locale":"de_DE","og_type":"article","og_title":"Wenn das Fell juckt: Fl\u00f6he beim Hund erkennen und behandeln","og_description":"Wertvolle Tipps & Tricks zur Bek\u00e4mpfung von Fl\u00f6hen bei Deinem Hund \u2713 Flohbefall erfolgreich behandeln \u25b6 Hier informieren!","og_url":"https:\/\/uelzener.de\/magazin\/hund\/tiergesundheit\/floehe-hund\/","og_site_name":"Uelzener Tier-Magazin","article_publisher":"https:\/\/www.facebook.com\/Uelzener","article_modified_time":"2025-08-05T11:11:58+00:00","og_image":[{"width":2560,"height":1651,"url":"https:\/\/uelzener.de\/magazin\/app\/uploads\/2022\/08\/floehe-beim-hund-finden-scaled.webp","type":"image\/webp"}],"twitter_card":"summary_large_image","twitter_misc":{"Gesch\u00e4tzte Lesezeit":"6\u00a0Minuten"},"schema":{"@context":"https:\/\/schema.org","@graph":[{"@type":"WebPage","@id":"https:\/\/uelzener.de\/magazin\/hund\/tiergesundheit\/floehe-hund\/","url":"https:\/\/uelzener.de\/magazin\/hund\/tiergesundheit\/floehe-hund\/","name":"Fl\u00f6he beim Hund - erkennen und behandeln | Uelzener","isPartOf":{"@id":"https:\/\/uelzener.de\/magazin\/#website"},"primaryImageOfPage":{"@id":"https:\/\/uelzener.de\/magazin\/hund\/tiergesundheit\/floehe-hund\/#primaryimage"},"image":{"@id":"https:\/\/uelzener.de\/magazin\/hund\/tiergesundheit\/floehe-hund\/#primaryimage"},"thumbnailUrl":"https:\/\/uelzener.de\/magazin\/app\/uploads\/2022\/08\/floehe-beim-hund-finden-scaled.webp","datePublished":"2019-08-14T00:00:00+00:00","dateModified":"2025-08-05T11:11:58+00:00","description":"Wertvolle Tipps & Tricks zur Bek\u00e4mpfung von Fl\u00f6hen bei Deinem Hund \u2713 Flohbefall erfolgreich behandeln \u25b6 Hier informieren!","breadcrumb":{"@id":"https:\/\/uelzener.de\/magazin\/hund\/tiergesundheit\/floehe-hund\/#breadcrumb"},"inLanguage":"de","potentialAction":[{"@type":"ReadAction","target":["https:\/\/uelzener.de\/magazin\/hund\/tiergesundheit\/floehe-hund\/"]}]},{"@type":"ImageObject","inLanguage":"de","@id":"https:\/\/uelzener.de\/magazin\/hund\/tiergesundheit\/floehe-hund\/#primaryimage","url":"https:\/\/uelzener.de\/magazin\/app\/uploads\/2022\/08\/floehe-beim-hund-finden-scaled.webp","contentUrl":"https:\/\/uelzener.de\/magazin\/app\/uploads\/2022\/08\/floehe-beim-hund-finden-scaled.webp","width":2560,"height":1651,"caption":"Fl\u00f6he beim Hund sind kein Spa\u00df, regelm\u00e4\u00dfiges k\u00e4mmen Hilft einen Befall schnell zu erkennen."},{"@type":"WebSite","@id":"https:\/\/uelzener.de\/magazin\/#website","url":"https:\/\/uelzener.de\/magazin\/","name":"Uelzener Tiermagazin","description":"Online Tierratgeber der Uelzener Versicherungen","publisher":{"@id":"https:\/\/uelzener.de\/magazin\/#organization"},"potentialAction":[{"@type":"SearchAction","target":{"@type":"EntryPoint","urlTemplate":"https:\/\/uelzener.de\/magazin\/?s={search_term_string}"},"query-input":{"@type":"PropertyValueSpecification","valueRequired":true,"valueName":"search_term_string"}}],"inLanguage":"de"},{"@type":"Organization","@id":"https:\/\/uelzener.de\/magazin\/#organization","name":"Uelzener Versicherungen","url":"https:\/\/uelzener.de\/magazin\/","logo":{"@type":"ImageObject","inLanguage":"de","@id":"https:\/\/uelzener.de\/magazin\/#\/schema\/logo\/image\/","url":"https:\/\/uelzener.de\/magazin\/app\/uploads\/2024\/11\/uelzener_allgemeine_versicherungsgesellschaft_a_g_logo.jpg","contentUrl":"https:\/\/uelzener.de\/magazin\/app\/uploads\/2024\/11\/uelzener_allgemeine_versicherungsgesellschaft_a_g_logo.jpg","width":200,"height":200,"caption":"Uelzener Versicherungen"},"image":{"@id":"https:\/\/uelzener.de\/magazin\/#\/schema\/logo\/image\/"},"sameAs":["https:\/\/www.facebook.com\/Uelzener","https:\/\/instagram.com\/uelzener","https:\/\/www.xing.com\/pages\/uelzenerallgemeineversicherungs-gesellschafta-g","https:\/\/www.youtube.com\/UelzenerVersicherungen"]}]}},"_links":{"self":[{"href":"https:\/\/uelzener.de\/magazin\/wp-json\/wp\/v2\/pages\/10081","targetHints":{"allow":["GET"]}}],"collection":[{"href":"https:\/\/uelzener.de\/magazin\/wp-json\/wp\/v2\/pages"}],"about":[{"href":"https:\/\/uelzener.de\/magazin\/wp-json\/wp\/v2\/types\/page"}],"author":[{"embeddable":true,"href":"https:\/\/uelzener.de\/magazin\/wp-json\/wp\/v2\/users\/1"}],"replies":[{"embeddable":true,"href":"https:\/\/uelzener.de\/magazin\/wp-json\/wp\/v2\/comments?post=10081"}],"version-history":[{"count":11,"href":"https:\/\/uelzener.de\/magazin\/wp-json\/wp\/v2\/pages\/10081\/revisions"}],"predecessor-version":[{"id":18793,"href":"https:\/\/uelzener.de\/magazin\/wp-json\/wp\/v2\/pages\/10081\/revisions\/18793"}],"up":[{"embeddable":true,"href":"https:\/\/uelzener.de\/magazin\/wp-json\/wp\/v2\/pages\/11701"}],"wp:featuredmedia":[{"embeddable":true,"href":"https:\/\/uelzener.de\/magazin\/wp-json\/wp\/v2\/media\/13705"}],"wp:attachment":[{"href":"https:\/\/uelzener.de\/magazin\/wp-json\/wp\/v2\/media?parent=10081"}],"curies":[{"name":"wp","href":"https:\/\/api.w.org\/{rel}","templated":true}]}}