{"id":10079,"date":"2019-07-08T00:00:00","date_gmt":"2019-07-07T22:00:00","guid":{"rendered":""},"modified":"2023-04-19T16:07:46","modified_gmt":"2023-04-19T14:07:46","slug":"bolonka-zwetna","status":"publish","type":"page","link":"https:\/\/uelzener.de\/magazin\/hund\/rasseportrait\/bolonka-zwetna\/","title":{"rendered":"Der Bolonka Zwetna: Mehr als ein Scho\u00dfhund"},"content":{"rendered":"<p>Sein Name ist russisch und bedeutet \u201eScho\u00dfh\u00fcndchen\u201c \u2013 doch hinter dem kleinen Bolonka Zwetna steckt viel mehr: Er ist ein liebevoller und lebhafter Hund, der gern seinen Charme spielen l\u00e4sst. Mit seiner Intelligenz steht er gr\u00f6\u00dferen Hunden in nichts nach.<\/p>\n<p>Den Bolonka Zwetna kennt man als kleinen, wuscheligen <a href=\"https:\/\/uelzener.de\/magazin\/hund\/haeufige-fragen\/familienhunde\/\"><strong>Familienhund<\/strong><\/a>. Er geh\u00f6rt zu der Gruppe der Bichons und stammt von diesen ab. Er ist trotz der kleinen Gr\u00f6\u00dfe ein vollwertiges Familienmitglied und ein treuer Begleiter, den selbst der gr\u00f6\u00dfte Trubel kaum aus der Ruhe bringt.<\/p>\n<h2>Der Charakter<\/h2>\n<p>Der niedliche Bolonka Zwetna ist \u00e4u\u00dferst lebhaft, verspielt und agil. Da er eine gro\u00dfe Ausdauer mitbringt, freut er sich \u00fcber l\u00e4ngere Spazierg\u00e4nge und auch Ausfl\u00fcge sind mit ihm problemlos zu meistern. Er ist sehr anh\u00e4nglich und freut sich, wenn er \u00fcberall dabei sein kann. Zu seiner Bezugsperson baut der Bolonka Zwetna eine enge Bindung auf und m\u00f6chte nicht allzu lang allein sein.<\/p>\n<p>Sein Wesen ist ausgeglichen, gutm\u00fctig und liebevoll. Zudem ist der Bolonka Zwetna sehr lernwillig, weswegen er gut als <strong><a href=\"https:\/\/uelzener.de\/magazin\/hund\/tipps-fuer-den-alltag\/erster-hund\/\">erster Hund<\/a><\/strong> geeignet ist.<br \/>\nObwohl der Bolonka Zwetna sehr freundlich ist, kann er Fremden gegen\u00fcber etwas misstrauisch sein. Aggressiv ist er hierbei allerdings nicht und gew\u00f6hnt sich schnell an neue Menschen und Umgebungen.<\/p>\n<p><img decoding=\"async\" src=\"\/magazin\/app\/uploads\/2021\/02\/54b0ff14-98d7-411b-8d68-6fa4df37d041.jpg\" \/><\/p>\n<p>Beim Bolonka Zwetna sind der Fellfarbe fast keine Grenzen gesetzt. Es sind alle Farben erlaubt, nur einfarbig wei\u00df ist unerw\u00fcnscht. Mit dem Alter hellt sich die Fellfarbe auf. Das seidig weiche Fell ist mittellang bis lang und kann wellig bis lockig sein. Darunter befindet sich eine Schicht Unterwolle, die den Hund vor K\u00e4lte sch\u00fctzt. Insgesamt sind die Hunde pflegeleicht und haaren nicht. Sie verlieren nur ein paar abgestorbene Haare. Nichtsdestotrotz sollte der Bolonka Zwetna regelm\u00e4\u00dfig geb\u00fcrstet werden, damit sich das Fell nicht verfilzt.<\/p>\n<p>Ausgewachsen erreichen Hunde dieser Rasse eine Gr\u00f6\u00dfe von 20 bis 26 Zentimeter und ein Gewicht von ungef\u00e4hr drei bis vier Kilogramm. Sie haben eine Lebenserwartung von 15 Jahren.<\/p>\n<h2>Die Haltung<\/h2>\n<p>Aufgrund der geringen Gr\u00f6\u00dfe und ihrer Anpassungsf\u00e4higkeit k\u00f6nnen Bolonka Zwetna gut in einer kleineren Wohnung in der Stadt gehalten werden. Der kleine Familienhund m\u00f6chte nicht allzu lange allein gelassen werden und begleitet seine Familie oder Bezugsperson gern \u00fcberall hin. Er tobt gern und sollte von seinen Haltern nicht unterfordert werden.<\/p>\n<p>Da er sehr lebhaft und agil ist, ben\u00f6tigt er genug Auslauf und eignet sich auch gut zum Hundesport. An den Sportarten Agilitiy und <a href=\"https:\/\/uelzener.de\/magazin\/hund\/erziehung-und-training\/dogdancing\/\"><strong>Dogdancing<\/strong><\/a> hat er gro\u00dfe Freude.<\/p>\n<p>Die Erziehung des Bolonka Zwetna wird durch seine Lernfreudigkeit und Aufgeschlossenheit erleichtert. Wie bei allen anderen Hunden auch, beginnt die Erziehung beim Einzug des Welpen in sein neues Zuhause.<\/p>\n<h2>Die Herkunft<\/h2>\n<p>Seinen Ursprung hat der Bolonka Zwetna in Russland. Dort war nach dem Zweiten Weltkrieg das Ziel, einen eigenen kleinen Hund zu z\u00fcchten. Da es damals nicht m\u00f6glich war, Hunde aus dem Ausland zu importieren, wurde auf die einheimischen Rassen zur\u00fcckgegriffen. Ma\u00dfgeblich an der Entstehung des Bolonka Zwetna beteiligt waren Bolonka Franzuska, Shi Tzu, Lhasa Apso und der Bichon Frise. Letzterer brachte vor allem das typisch verspielte und agile Wesen in die Rasse.<\/p>\n<p>Die ber\u00fchmteste Besitzerin eines Bolonka Zwetna war in der Vergangenheit Katharina die Gro\u00dfe. Zu der Zeit war es \u00fcblich, dass der russische Adel der feinen Gesellschaft in Frankreich einen Bolonka Zwetna als kleines Gastgeschenk mitbrachte.<\/p>\n<p>Der Bolonka Zwetna ist als Rasse nicht von der FCI (F\u00e9d\u00e9ration Cynologique Internationale) anerkannt. Der Rassestandard ist aber in der Russischen Kynologen F\u00f6deration (RKF) festgehalten. Seit 2011 ist die Rasse vom VDH (Verband f\u00fcr das Deutsche Hundewesen) anerkannt.<\/p>\n","protected":false},"excerpt":{"rendered":"<p>Sein Name ist russisch und bedeutet \u201eScho\u00dfh\u00fcndchen\u201c \u2013 doch hinter dem kleinen Bolonka Zwetna steckt viel mehr: Er ist ein liebevoller und lebhafter Hund, der gern seinen Charme spielen l\u00e4sst. Mit seiner Intelligenz steht er gr\u00f6\u00dferen Hunden in nichts nach. Den Bolonka Zwetna kennt man als kleinen, wuscheligen Familienhund. Er geh\u00f6rt zu der Gruppe der [&hellip;]<\/p>\n","protected":false},"author":1,"featured_media":10669,"parent":2475,"menu_order":18,"comment_status":"closed","ping_status":"closed","template":"templates\/blog.php","meta":{"_acf_changed":false,"_crdt_document":"","footnotes":"","beyondwords_generate_audio":"","beyondwords_project_id":"","beyondwords_content_id":"","beyondwords_preview_token":"","beyondwords_player_style":"","beyondwords_language_id":"","beyondwords_title_voice_id":"","beyondwords_body_voice_id":"","beyondwords_summary_voice_id":"","beyondwords_error_message":"","beyondwords_disabled":"","beyondwords_delete_content":"","beyondwords_podcast_id":"","beyondwords_hash":"","publish_post_to_speechkit":"","speechkit_hash":"","speechkit_generate_audio":"","speechkit_project_id":"","speechkit_podcast_id":"","speechkit_error_message":"","speechkit_disabled":"","speechkit_access_key":"","speechkit_error":"","speechkit_info":"","speechkit_response":"","speechkit_retries":"","speechkit_status":"","speechkit_updated_at":"","_speechkit_link":"","_speechkit_text":""},"class_list":["post-10079","page","type-page","status-publish","has-post-thumbnail","hentry"],"acf":[],"yoast_head":"<!-- This site is optimized with the Yoast SEO Premium plugin  - https:\/\/yoast.com\/product\/yoast-seo-premium-wordpress\/ -->\n<title>Bolonka Zwetna im Rasseportrait | Uelzener<\/title>\n<meta name=\"description\" content=\"Erfahre alles zur Hunderasse Bolonka Zwetna \u2713 Herkunft \u2713 Aussehen \u2713 Charakter \u2713 Haltung \u2713 Lebenserwartung \u25b6 Hier informieren!\" \/>\n<meta name=\"robots\" content=\"index, follow, max-snippet:-1, max-image-preview:large, max-video-preview:-1\" \/>\n<link rel=\"canonical\" href=\"https:\/\/uelzener.de\/magazin\/hund\/rasseportrait\/bolonka-zwetna\/\" \/>\n<meta property=\"og:locale\" content=\"de_DE\" \/>\n<meta property=\"og:type\" content=\"article\" \/>\n<meta property=\"og:title\" content=\"Der Bolonka Zwetna: Mehr als ein Scho\u00dfhund\" \/>\n<meta property=\"og:description\" content=\"Erfahre alles zur Hunderasse Bolonka Zwetna \u2713 Herkunft \u2713 Aussehen \u2713 Charakter \u2713 Haltung \u2713 Lebenserwartung \u25b6 Hier informieren!\" \/>\n<meta property=\"og:url\" content=\"https:\/\/uelzener.de\/magazin\/hund\/rasseportrait\/bolonka-zwetna\/\" \/>\n<meta property=\"og:site_name\" content=\"Uelzener Tier-Magazin\" \/>\n<meta property=\"article:publisher\" content=\"https:\/\/www.facebook.com\/Uelzener\" \/>\n<meta property=\"article:modified_time\" content=\"2023-04-19T14:07:46+00:00\" \/>\n<meta property=\"og:image\" content=\"https:\/\/uelzener.de\/magazin\/app\/uploads\/2019\/07\/16934768-4572-4c06-838c-8b48de657fac.jpg\" \/>\n\t<meta property=\"og:image:width\" content=\"650\" \/>\n\t<meta property=\"og:image:height\" content=\"433\" \/>\n\t<meta property=\"og:image:type\" content=\"image\/jpeg\" \/>\n<meta name=\"twitter:card\" content=\"summary_large_image\" \/>\n<meta name=\"twitter:label1\" content=\"Gesch\u00e4tzte Lesezeit\" \/>\n\t<meta name=\"twitter:data1\" content=\"3\u00a0Minuten\" \/>\n<script type=\"application\/ld+json\" class=\"yoast-schema-graph\">{\"@context\":\"https:\/\/schema.org\",\"@graph\":[{\"@type\":\"WebPage\",\"@id\":\"https:\/\/uelzener.de\/magazin\/hund\/rasseportrait\/bolonka-zwetna\/\",\"url\":\"https:\/\/uelzener.de\/magazin\/hund\/rasseportrait\/bolonka-zwetna\/\",\"name\":\"Bolonka Zwetna im Rasseportrait | Uelzener\",\"isPartOf\":{\"@id\":\"https:\/\/uelzener.de\/magazin\/#website\"},\"primaryImageOfPage\":{\"@id\":\"https:\/\/uelzener.de\/magazin\/hund\/rasseportrait\/bolonka-zwetna\/#primaryimage\"},\"image\":{\"@id\":\"https:\/\/uelzener.de\/magazin\/hund\/rasseportrait\/bolonka-zwetna\/#primaryimage\"},\"thumbnailUrl\":\"https:\/\/uelzener.de\/magazin\/app\/uploads\/2019\/07\/16934768-4572-4c06-838c-8b48de657fac.jpg\",\"datePublished\":\"2019-07-07T22:00:00+00:00\",\"dateModified\":\"2023-04-19T14:07:46+00:00\",\"description\":\"Erfahre alles zur Hunderasse Bolonka Zwetna \u2713 Herkunft \u2713 Aussehen \u2713 Charakter \u2713 Haltung \u2713 Lebenserwartung \u25b6 Hier informieren!\",\"breadcrumb\":{\"@id\":\"https:\/\/uelzener.de\/magazin\/hund\/rasseportrait\/bolonka-zwetna\/#breadcrumb\"},\"inLanguage\":\"de\",\"potentialAction\":[{\"@type\":\"ReadAction\",\"target\":[\"https:\/\/uelzener.de\/magazin\/hund\/rasseportrait\/bolonka-zwetna\/\"]}]},{\"@type\":\"ImageObject\",\"inLanguage\":\"de\",\"@id\":\"https:\/\/uelzener.de\/magazin\/hund\/rasseportrait\/bolonka-zwetna\/#primaryimage\",\"url\":\"https:\/\/uelzener.de\/magazin\/app\/uploads\/2019\/07\/16934768-4572-4c06-838c-8b48de657fac.jpg\",\"contentUrl\":\"https:\/\/uelzener.de\/magazin\/app\/uploads\/2019\/07\/16934768-4572-4c06-838c-8b48de657fac.jpg\",\"width\":650,\"height\":433,\"caption\":\"Kleiner Bolonka Zwetna rennt ausgelassen \u00fcber eine gr\u00fcne Wiese in Richtung der Kamera.\"},{\"@type\":\"WebSite\",\"@id\":\"https:\/\/uelzener.de\/magazin\/#website\",\"url\":\"https:\/\/uelzener.de\/magazin\/\",\"name\":\"Uelzener Tiermagazin\",\"description\":\"Online Tierratgeber der Uelzener Versicherungen\",\"publisher\":{\"@id\":\"https:\/\/uelzener.de\/magazin\/#organization\"},\"potentialAction\":[{\"@type\":\"SearchAction\",\"target\":{\"@type\":\"EntryPoint\",\"urlTemplate\":\"https:\/\/uelzener.de\/magazin\/?s={search_term_string}\"},\"query-input\":{\"@type\":\"PropertyValueSpecification\",\"valueRequired\":true,\"valueName\":\"search_term_string\"}}],\"inLanguage\":\"de\"},{\"@type\":\"Organization\",\"@id\":\"https:\/\/uelzener.de\/magazin\/#organization\",\"name\":\"Uelzener Versicherungen\",\"url\":\"https:\/\/uelzener.de\/magazin\/\",\"logo\":{\"@type\":\"ImageObject\",\"inLanguage\":\"de\",\"@id\":\"https:\/\/uelzener.de\/magazin\/#\/schema\/logo\/image\/\",\"url\":\"https:\/\/uelzener.de\/magazin\/app\/uploads\/2024\/11\/uelzener_allgemeine_versicherungsgesellschaft_a_g_logo.jpg\",\"contentUrl\":\"https:\/\/uelzener.de\/magazin\/app\/uploads\/2024\/11\/uelzener_allgemeine_versicherungsgesellschaft_a_g_logo.jpg\",\"width\":200,\"height\":200,\"caption\":\"Uelzener Versicherungen\"},\"image\":{\"@id\":\"https:\/\/uelzener.de\/magazin\/#\/schema\/logo\/image\/\"},\"sameAs\":[\"https:\/\/www.facebook.com\/Uelzener\",\"https:\/\/instagram.com\/uelzener\",\"https:\/\/www.xing.com\/pages\/uelzenerallgemeineversicherungs-gesellschafta-g\",\"https:\/\/www.youtube.com\/UelzenerVersicherungen\"]}]}<\/script>\n<!-- \/ Yoast SEO Premium plugin. -->","yoast_head_json":{"title":"Bolonka Zwetna im Rasseportrait | Uelzener","description":"Erfahre alles zur Hunderasse Bolonka Zwetna \u2713 Herkunft \u2713 Aussehen \u2713 Charakter \u2713 Haltung \u2713 Lebenserwartung \u25b6 Hier informieren!","robots":{"index":"index","follow":"follow","max-snippet":"max-snippet:-1","max-image-preview":"max-image-preview:large","max-video-preview":"max-video-preview:-1"},"canonical":"https:\/\/uelzener.de\/magazin\/hund\/rasseportrait\/bolonka-zwetna\/","og_locale":"de_DE","og_type":"article","og_title":"Der Bolonka Zwetna: Mehr als ein Scho\u00dfhund","og_description":"Erfahre alles zur Hunderasse Bolonka Zwetna \u2713 Herkunft \u2713 Aussehen \u2713 Charakter \u2713 Haltung \u2713 Lebenserwartung \u25b6 Hier informieren!","og_url":"https:\/\/uelzener.de\/magazin\/hund\/rasseportrait\/bolonka-zwetna\/","og_site_name":"Uelzener Tier-Magazin","article_publisher":"https:\/\/www.facebook.com\/Uelzener","article_modified_time":"2023-04-19T14:07:46+00:00","og_image":[{"width":650,"height":433,"url":"https:\/\/uelzener.de\/magazin\/app\/uploads\/2019\/07\/16934768-4572-4c06-838c-8b48de657fac.jpg","type":"image\/jpeg"}],"twitter_card":"summary_large_image","twitter_misc":{"Gesch\u00e4tzte Lesezeit":"3\u00a0Minuten"},"schema":{"@context":"https:\/\/schema.org","@graph":[{"@type":"WebPage","@id":"https:\/\/uelzener.de\/magazin\/hund\/rasseportrait\/bolonka-zwetna\/","url":"https:\/\/uelzener.de\/magazin\/hund\/rasseportrait\/bolonka-zwetna\/","name":"Bolonka Zwetna im Rasseportrait | Uelzener","isPartOf":{"@id":"https:\/\/uelzener.de\/magazin\/#website"},"primaryImageOfPage":{"@id":"https:\/\/uelzener.de\/magazin\/hund\/rasseportrait\/bolonka-zwetna\/#primaryimage"},"image":{"@id":"https:\/\/uelzener.de\/magazin\/hund\/rasseportrait\/bolonka-zwetna\/#primaryimage"},"thumbnailUrl":"https:\/\/uelzener.de\/magazin\/app\/uploads\/2019\/07\/16934768-4572-4c06-838c-8b48de657fac.jpg","datePublished":"2019-07-07T22:00:00+00:00","dateModified":"2023-04-19T14:07:46+00:00","description":"Erfahre alles zur Hunderasse Bolonka Zwetna \u2713 Herkunft \u2713 Aussehen \u2713 Charakter \u2713 Haltung \u2713 Lebenserwartung \u25b6 Hier informieren!","breadcrumb":{"@id":"https:\/\/uelzener.de\/magazin\/hund\/rasseportrait\/bolonka-zwetna\/#breadcrumb"},"inLanguage":"de","potentialAction":[{"@type":"ReadAction","target":["https:\/\/uelzener.de\/magazin\/hund\/rasseportrait\/bolonka-zwetna\/"]}]},{"@type":"ImageObject","inLanguage":"de","@id":"https:\/\/uelzener.de\/magazin\/hund\/rasseportrait\/bolonka-zwetna\/#primaryimage","url":"https:\/\/uelzener.de\/magazin\/app\/uploads\/2019\/07\/16934768-4572-4c06-838c-8b48de657fac.jpg","contentUrl":"https:\/\/uelzener.de\/magazin\/app\/uploads\/2019\/07\/16934768-4572-4c06-838c-8b48de657fac.jpg","width":650,"height":433,"caption":"Kleiner Bolonka Zwetna rennt ausgelassen \u00fcber eine gr\u00fcne Wiese in Richtung der Kamera."},{"@type":"WebSite","@id":"https:\/\/uelzener.de\/magazin\/#website","url":"https:\/\/uelzener.de\/magazin\/","name":"Uelzener Tiermagazin","description":"Online Tierratgeber der Uelzener Versicherungen","publisher":{"@id":"https:\/\/uelzener.de\/magazin\/#organization"},"potentialAction":[{"@type":"SearchAction","target":{"@type":"EntryPoint","urlTemplate":"https:\/\/uelzener.de\/magazin\/?s={search_term_string}"},"query-input":{"@type":"PropertyValueSpecification","valueRequired":true,"valueName":"search_term_string"}}],"inLanguage":"de"},{"@type":"Organization","@id":"https:\/\/uelzener.de\/magazin\/#organization","name":"Uelzener Versicherungen","url":"https:\/\/uelzener.de\/magazin\/","logo":{"@type":"ImageObject","inLanguage":"de","@id":"https:\/\/uelzener.de\/magazin\/#\/schema\/logo\/image\/","url":"https:\/\/uelzener.de\/magazin\/app\/uploads\/2024\/11\/uelzener_allgemeine_versicherungsgesellschaft_a_g_logo.jpg","contentUrl":"https:\/\/uelzener.de\/magazin\/app\/uploads\/2024\/11\/uelzener_allgemeine_versicherungsgesellschaft_a_g_logo.jpg","width":200,"height":200,"caption":"Uelzener Versicherungen"},"image":{"@id":"https:\/\/uelzener.de\/magazin\/#\/schema\/logo\/image\/"},"sameAs":["https:\/\/www.facebook.com\/Uelzener","https:\/\/instagram.com\/uelzener","https:\/\/www.xing.com\/pages\/uelzenerallgemeineversicherungs-gesellschafta-g","https:\/\/www.youtube.com\/UelzenerVersicherungen"]}]}},"_links":{"self":[{"href":"https:\/\/uelzener.de\/magazin\/wp-json\/wp\/v2\/pages\/10079","targetHints":{"allow":["GET"]}}],"collection":[{"href":"https:\/\/uelzener.de\/magazin\/wp-json\/wp\/v2\/pages"}],"about":[{"href":"https:\/\/uelzener.de\/magazin\/wp-json\/wp\/v2\/types\/page"}],"author":[{"embeddable":true,"href":"https:\/\/uelzener.de\/magazin\/wp-json\/wp\/v2\/users\/1"}],"replies":[{"embeddable":true,"href":"https:\/\/uelzener.de\/magazin\/wp-json\/wp\/v2\/comments?post=10079"}],"version-history":[{"count":7,"href":"https:\/\/uelzener.de\/magazin\/wp-json\/wp\/v2\/pages\/10079\/revisions"}],"predecessor-version":[{"id":15353,"href":"https:\/\/uelzener.de\/magazin\/wp-json\/wp\/v2\/pages\/10079\/revisions\/15353"}],"up":[{"embeddable":true,"href":"https:\/\/uelzener.de\/magazin\/wp-json\/wp\/v2\/pages\/2475"}],"wp:featuredmedia":[{"embeddable":true,"href":"https:\/\/uelzener.de\/magazin\/wp-json\/wp\/v2\/media\/10669"}],"wp:attachment":[{"href":"https:\/\/uelzener.de\/magazin\/wp-json\/wp\/v2\/media?parent=10079"}],"curies":[{"name":"wp","href":"https:\/\/api.w.org\/{rel}","templated":true}]}}