{"id":10078,"date":"2025-06-11T10:00:00","date_gmt":"2025-06-11T08:00:00","guid":{"rendered":""},"modified":"2025-09-11T12:07:10","modified_gmt":"2025-09-11T10:07:10","slug":"blaualgen-hund","status":"publish","type":"page","link":"https:\/\/uelzener.de\/magazin\/hund\/tiergesundheit\/blaualgen-hund\/","title":{"rendered":"Gef\u00e4hrlicher Badespa\u00df: Was Hundehalter \u00fcber Blaualgen wissen sollten"},"content":{"rendered":"<p>Viele Hunde lieben Wasser und k\u00f6nnen sich nichts Sch\u00f6neres vorstellen, als mit Herrchen und Frauchen zum See hinauszufahren. Gerade an hei\u00dfen Sommertagen tut unseren Fellnasen eine Erfrischung richtig gut. Halten die hohen Temperaturen jedoch an und erw\u00e4rmt sich das Wasser, kann es passieren, dass Blaualgen entstehen. Manche Arten sind f\u00fcr Mensch und Tier gef\u00e4hrlich. Sie produzieren Toxine, die zu schweren Vergiftungserscheinungen f\u00fchren und lebensbedrohlich sein k\u00f6nnen. In diesem Artikel erf\u00e4hrst du alles, was du zum Thema Blaualgen wissen musst, um deinen Hund bestm\u00f6glich zu sch\u00fctzen.<\/p>\n<h2><b>Was sind Blaualgen?<\/b><\/h2>\n<p>Bei Blaualgen handelt es sich im eigentlichen Sinne gar nicht um Algen, sondern um Cyanobakterien. Ihren Namen verdanken sie einem blauen Farbstoff, dem Phycocyanin. Dieser sorgt in Verbindung mit anderen Photosynthese-Farbstoffen (Chlorophyll, Xantophyll etc.) f\u00fcr eine charakteristische gr\u00fcn-blaue F\u00e4rbung. Allerdings betrifft das nicht alle Blaualgen. Abh\u00e4ngig von der Kombination der Pigmente k\u00f6nnen sie auch gelblich, r\u00f6tlich oder violett erscheinen.<\/p>\n<p>Blaualgen haben eine gro\u00dfe \u00f6kologische Bedeutung. Zum einen betreiben sie Photosynthese und produzieren somit Sauerstoff, zum anderen bilden sie als Bestandteil von Phytoplankton das erste Glied der Nahrungskette. Manche Arten von Blaualgen sind dar\u00fcber hinaus in der Lage, Stickstoff zu binden und in eine f\u00fcr Pflanzen verf\u00fcgbare Form umzuwandeln, womit sie zur nat\u00fcrlichen D\u00fcngung beitragen.<\/p>\n<p>Unter ung\u00fcnstigen Bedingungen k\u00f6nnen Blaualgen jedoch zum Problem werden. Das ist dann der Fall, wenn sie sich aufgrund eines zu hohen N\u00e4hrstoffgehalts im Wasser (= Eutrophierung) in Massen vermehren und es zur sogenannten Algenbl\u00fcte kommt.<\/p>\n<h2><b>Algenbl\u00fcte: Wenn die Blaualge zur Gefahr wird<\/b><\/h2>\n<p>Blaualgen entstehen vorrangig in Fl\u00fcssen und Seen mit S\u00fc\u00dfwasser, sind aber auch in Salzwasser zu finden. Vor allem flache Bereiche mit wenig Wasserbewegung bieten gute Voraussetzungen f\u00fcr das Wachstum. Noch besser werden die Bedingungen, wenn es aufgrund anhaltend hoher Temperaturen und wenig Niederschlag zu einem N\u00e4hrstoff\u00fcberschuss im Gew\u00e4sser kommt und der Gehalt an Phosphat und Stickstoff steigt. Erw\u00e4rmt sich das Wasser dann noch auf \u2265 25 \u00b0C, vermehren sich die Cyanobakterien massenweise. Die Folge ist eine Algenbl\u00fcte. Sie ist daran erkennbar, dass sich das Gew\u00e4sser gr\u00fcnlich bis gr\u00fcn-bl\u00e4ulich verf\u00e4rbt und sich Schlieren, rahmartige Schichten oder Algenteppiche auf der Wasseroberfl\u00e4che absetzen.<\/p>\n<p>F\u00fcr das \u00d6kosystem hat eine Algenbl\u00fcte gravierende Folgen. Zum einen steigt die Konzentration an Blaualgentoxinen im Wasser an, zum anderen kommt es durch Abbauprozesse zu einer Anreicherung von weiteren Giftstoffen und zu einem Sauerstoffmangel. All das kann zu einem Massensterben von Fischen und anderen Lebewesen f\u00fchren, die auf sauerstoffreiches Wasser angewiesen sind.<\/p>\n<h2><b>Warum Blaualgen f\u00fcr Hunde gef\u00e4hrlich sind<\/b><\/h2>\n<p>Nicht alle Blaualgen produzieren Toxine. Allerdings lassen sich ungiftige und giftige Arten nicht mit blo\u00dfem Auge unterscheiden. Aus diesem Grund ist beim Baden immer Vorsicht geboten \u2013 vor allem im Sommer und in stehenden Gew\u00e4ssern. Hier ist die Wahrscheinlichkeit hoch, dass sich bereits Blaualgen gebildet haben. Gef\u00e4hrlich ist auch die Zeit vor der Algenbl\u00fcte, da die Blaualgen hier noch nicht sichtbar sind.<\/p>\n<p>F\u00fcr Hunde, die gerne baden, sind Blaualgen besonders gef\u00e4hrlich \u2013 n\u00e4mlich dann, wenn die Tiere im Wasser schwimmende \u00dcberreste verschlucken oder sich im Anschluss das Fell sauber lecken. Dadurch k\u00f6nnen die Algentoxine in den Organismus gelangen und schwere gesundheitliche Probleme verursachen.<\/p>\n<h2><b>Symptome einer Blaualgenvergiftung<\/b><\/h2>\n<p>Die Symptome einer Blaualgenvergiftung variieren abh\u00e4ngig von der Art und Menge des aufgenommenen Toxins. Unterschieden werden drei Giftstoffgruppen: Microcystin, das vorrangig die Leber angreift, Anatoxin A und Anatoxin A(S), die zus\u00e4tzlich das Nervengewebe sch\u00e4digen, sowie die Giftstoffe Lyngba, Aplysia und Debromoaplysia, die \u00fcber die Haut aufgenommen werden und dort wirken.<\/p>\n<p>Hier ein \u00dcberblick \u00fcber die jeweilige Symptomatik:<\/p>\n<p><b>Microcystin<\/b><\/p>\n<ul>\n<li aria-level=\"1\">Durchfall<\/li>\n<li aria-level=\"1\">Erbrechen<\/li>\n<li aria-level=\"1\">Schw\u00e4che<\/li>\n<li aria-level=\"1\">Blasse Schleimh\u00e4ute<\/li>\n<li aria-level=\"1\">Herz-Kreislauf-Kollaps, Schock<\/li>\n<\/ul>\n<p><b>Anatoxine<\/b><\/p>\n<ul>\n<li aria-level=\"1\">\u00c4hnliche Symptome wie bei Microcystin (Durchfall etc.)<\/li>\n<li aria-level=\"1\">Starkes Speicheln, tr\u00e4nende Augen<\/li>\n<li aria-level=\"1\">Harnabsatz<\/li>\n<li aria-level=\"1\">Bl\u00e4ulich bis violett verf\u00e4rbte Schleimh\u00e4ute<\/li>\n<li aria-level=\"1\">Muskelzittern, Kr\u00e4mpfe, Muskelstarre<\/li>\n<li aria-level=\"1\">L\u00e4hmung<\/li>\n<li aria-level=\"1\">Atemnot<\/li>\n<\/ul>\n<p><b>Lyngba, Aplysia und Debromoaplysia<\/b><\/p>\n<ul>\n<li aria-level=\"1\">Juckende, ger\u00f6tete, gereizte Haut<\/li>\n<li aria-level=\"1\">Hautentz\u00fcndungen<\/li>\n<li aria-level=\"1\">Bl\u00e4schenbildung<\/li>\n<\/ul>\n<p>Microcystin und Anatoxine sind f\u00fcr Hunde lebensgef\u00e4hrlich und wirken innerhalb kurzer Zeit. Symptome zeigen sich sp\u00e4testens nach einer halben Stunde, oft eher. Werden diese Toxine in gro\u00dfer Menge aufgenommen und erh\u00e4lt der Hund keine medizinische Hilfe, kann es passieren, dass er bereits nach wenigen Minuten verstirbt. Lyngba, Aplysia und Debromoaplysia sind dagegen weniger aggressiv. Symptome m\u00fcssen zwar ebenfalls medizinisch behandelt werden, die Heilungschancen stehen jedoch gut.<\/p>\n<h2><b>Behandlungsm\u00f6glichkeiten und Prognosen bei einer Blaualgenvergiftung<\/b><\/h2>\n<p>Bei Verdacht auf eine Blaualgenvergiftung ben\u00f6tigt der Hund unverz\u00fcglich tier\u00e4rztliche Hilfe. Da es kein Gegengift zur Behandlung gibt, muss versucht werden, die Aufnahme und Verteilung des Toxins im K\u00f6rper zu stoppen. Dazu f\u00fchrt der Tierarzt oder die Tier\u00e4rztin eine Magensp\u00fclung durch oder verabreicht dem Hund Aktivkohle. Eine weitere Ma\u00dfnahme ist, den Kreislauf des Tieres zu stabilisieren. Zudem werden begleitende Symptome wie Durchfall oder Erbrechen therapiert, damit der Hund nicht zus\u00e4tzlich geschw\u00e4cht wird. Im Fall von Hautentz\u00fcndungen kann die Gabe von Antibiotika notwendig sein.<\/p>\n<p>Grunds\u00e4tzlich k\u00f6nnen bei einer Blaualgenvergiftung nur unterst\u00fctzende Ma\u00dfnahmen eingeleitet werden. Gerade bei aggressiven Toxinen ist die Gefahr gro\u00df, dass das Tier trotz medizinischer Versorgung verstirbt. Deswegen ist es umso wichtiger, den Hund so schnell wie m\u00f6glich behandeln zu lassen.<\/p>\n<h2><b>Wie beuge ich einer Blaualgenvergiftung vor?<br \/>\n<\/b><\/h2>\n<p>Der beste Schutz vor einer Vergiftung besteht darin, den Hund gar nicht erst in Kontakt mit Blaualgen kommen zu lassen. In dem Zusammenhang solltest du folgende Verhaltensregeln beachten:<\/p>\n<ul>\n<li aria-level=\"1\">Lass deinen Hund nicht in warmen, stehenden Gew\u00e4ssern baden, deren Wasserqualit\u00e4t du nicht kennst.<\/li>\n<li aria-level=\"1\">Vermeide Gew\u00e4sser, in denen landwirtschaftliche Abfallprodukte landen, die stark von V\u00f6geln frequentiert sind (Gefahr von Verunreinigung) oder deren Sichttiefe weniger als einen Meter betr\u00e4gt.<\/li>\n<li aria-level=\"1\">Mache einen gro\u00dfen Bogen um Gew\u00e4sser, in denen sich gr\u00fcne Schlieren, Schaum oder Algenteppiche gebildet haben oder an deren Ufer leblose Fische oder andere Wassertiere liegen.<\/li>\n<li aria-level=\"1\">Halte dich an Badeverbote und Warnhinweise.<\/li>\n<li aria-level=\"1\">Lass deinen Hund nur Wasser trinken, das du selbst mitgebracht hast.<\/li>\n<\/ul>\n<p>Falls sich dein Hund in einem Gew\u00e4sser aufgehalten hat, in dem du Blaualgen vermutest, solltest du folgende Sicherheitsma\u00dfnahmen ergreifen:<\/p>\n<ul>\n<li aria-level=\"1\">Achte darauf, dass dein Hund sein Fell nicht sauber leckt<\/li>\n<li aria-level=\"1\">Entferne eventuelle Algenr\u00fcckst\u00e4nde aus dem Fell. Achte dabei auf deine H\u00e4nde, denn auch der Mensch kann bei Algenkontakt Hautreizungen davontragen.<\/li>\n<li aria-level=\"1\">Bringe deinen Hund zum Tierarzt oder zur Tier\u00e4rztin und nimm, wenn m\u00f6glich, eine Wasserprobe mit.<\/li>\n<\/ul>\n<p>Bei Kontakt mit Blaualgen ist schnelles Handeln wichtig. Je eher das Tier medizinische Hilfe bekommt, desto besser sind die \u00dcberlebenschancen.<\/p>\n<h2><b>Fazit<\/b><\/h2>\n<p>Blaualgen k\u00f6nnen f\u00fcr Hunde eine gro\u00dfe Gefahr bedeuten \u2013 gerade im Sommer, wenn die Wachstumsbedingungen aufgrund der hohen Temperaturen besonders g\u00fcnstig sind. Da es keine spezifische Gegentherapie gibt und eine Vergiftung t\u00f6dlich enden kann, besteht der beste Schutz darin, es gar nicht erst zu einem Kontakt mit Blaualgen kommen zu lassen. Dein Hund sollte daher nur in Gew\u00e4ssern schwimmen, bei denen du sicher sein kannst, dass keine Blaualgenbelastung besteht. Im Zweifelsfall solltest du deinen Hund nicht baden lassen. Es mag sein, dass du ihm in dem Moment den Spa\u00df verdirbst, viel wichtiger ist jedoch, dass du Verantwortung f\u00fcr das Wohl und die Gesundheit deines Tieres \u00fcbernimmst \u2013 und zu Hause wird sich bestimmt eine andere M\u00f6glichkeit finden, f\u00fcr Erfrischung zu sorgen.<\/p>\n<h2><b>FAQ: H\u00e4ufig gestellte Fragen zum Thema Blaualgenvergiftung beim Hund<\/b><\/h2>\n<h3><b>Wie finde ich heraus, ob Gew\u00e4sser in meiner Region mit Blaualgen belastet sind?<\/b><\/h3>\n<p>Einige Regionen in Deutschland bieten offizielle Internetseiten, die \u00fcber die aktuelle Wasserqualit\u00e4t in lokalen Gew\u00e4ssern informieren. Wenn das in deiner Region nicht der Fall sein sollte, besteht die M\u00f6glichkeit, telefonisch in der jeweiligen Gemeinde- oder Stadtverwaltung nachzufragen.<\/p>\n<h3><b>Kann ich die Wasserqualit\u00e4t selbst testen?<\/b><\/h3>\n<p>Nicht zuverl\u00e4ssig. Es gibt zwar Schnelltests f\u00fcr den Heimgebrauch, aber diese erkennen nicht alle gef\u00e4hrlichen Blaualgentoxine. Besser ist es, auf amtliche Hinweise zu achten und Gew\u00e4sser zu vermeiden, bei denen sich eine Belastung nicht sicher ausschlie\u00dfen l\u00e4sst.<\/p>\n<h3><b>Was kostet die Behandlung einer Blaualgenvergiftung beim Hund?<\/b><\/h3>\n<p>Das ist abh\u00e4ngig von den Ma\u00dfnahmen, die ergriffen werden m\u00fcssen. Bei schweren Vergiftungen, die eine umfassende Intensivbetreuung und eine l\u00e4ngerfristige Therapie zur Nachsorge erfordern, k\u00f6nnen die Kosten weit in den vierstelligen Bereich gehen. Eine Hundekrankenversicherung bietet in solchen F\u00e4llen finanziellen Schutz.<\/p>\n\n<div class=\"banner\">\n    <a href=\"https:\/\/uelzener.de\/hund\/hunde-krankenversicherung\/?agt=0000104925&sem=true&utm_medium=magazin&utm_source=wordpress&utm_campaign=hund_kv&utm_content=banner\">\n        <img decoding=\"async\" width=\"300\" height=\"212\" src=\"https:\/\/uelzener.de\/magazin\/app\/uploads\/2025\/01\/Hunde-Kranken-Versicherung.jpg\" class=\"attachment-medium size-medium\" alt=\"Banner Hunde-Kranken-Versicherung\" \/>    <\/a>\n<\/div>\n\n<h3><b>Kann ein Hund nach \u00fcberstandener Vergiftung vollst\u00e4ndig genesen?<\/b><\/h3>\n<p>Das h\u00e4ngt vom Ausma\u00df der Vergiftung ab. In leichten F\u00e4llen ist eine vollst\u00e4ndige Genesung m\u00f6glich. In schweren F\u00e4llen k\u00f6nnen Sch\u00e4den an Leber oder Nervensystem zur\u00fcckbleiben.<\/p>\n","protected":false},"excerpt":{"rendered":"<p>Viele Hunde lieben Wasser und k\u00f6nnen sich nichts Sch\u00f6neres vorstellen, als mit Herrchen und Frauchen zum See hinauszufahren. Gerade an hei\u00dfen Sommertagen tut unseren Fellnasen eine Erfrischung richtig gut. Halten die hohen Temperaturen jedoch an und erw\u00e4rmt sich das Wasser, kann es passieren, dass Blaualgen entstehen. Manche Arten sind f\u00fcr Mensch und Tier gef\u00e4hrlich. Sie [&hellip;]<\/p>\n","protected":false},"author":1,"featured_media":18573,"parent":11701,"menu_order":53,"comment_status":"open","ping_status":"open","template":"templates\/blog.php","meta":{"_acf_changed":false,"_crdt_document":"","footnotes":"","beyondwords_generate_audio":"","beyondwords_project_id":"","beyondwords_content_id":"","beyondwords_preview_token":"","beyondwords_player_style":"","beyondwords_language_id":"","beyondwords_title_voice_id":"","beyondwords_body_voice_id":"","beyondwords_summary_voice_id":"","beyondwords_error_message":"","beyondwords_disabled":"","beyondwords_delete_content":"","beyondwords_podcast_id":"","beyondwords_hash":"","publish_post_to_speechkit":"","speechkit_hash":"","speechkit_generate_audio":"","speechkit_project_id":"","speechkit_podcast_id":"","speechkit_error_message":"","speechkit_disabled":"","speechkit_access_key":"","speechkit_error":"","speechkit_info":"","speechkit_response":"","speechkit_retries":"","speechkit_status":"","speechkit_updated_at":"","_speechkit_link":"","_speechkit_text":""},"class_list":["post-10078","page","type-page","status-publish","has-post-thumbnail","hentry"],"acf":[],"yoast_head":"<!-- This site is optimized with the Yoast SEO Premium plugin  - https:\/\/yoast.com\/product\/yoast-seo-premium-wordpress\/ -->\n<title>Blaualgen: Hund in Gefahr \u2013 alles zur Blaualgenvergiftung | Uelzener<\/title>\n<meta name=\"description\" content=\"Erfahre weshalb Blaualgen f\u00fcr Hunde gef\u00e4hrlich sind \u2713 wie du sie erkennst \u2713 wie die Symptome einer Vergiftung ausfallen!\" \/>\n<meta name=\"robots\" content=\"index, follow, max-snippet:-1, max-image-preview:large, max-video-preview:-1\" \/>\n<link rel=\"canonical\" href=\"https:\/\/uelzener.de\/magazin\/hund\/tiergesundheit\/blaualgen-hund\/\" \/>\n<meta property=\"og:locale\" content=\"de_DE\" \/>\n<meta property=\"og:type\" content=\"article\" \/>\n<meta property=\"og:title\" content=\"Gef\u00e4hrlicher Badespa\u00df: Was Hundehalter \u00fcber Blaualgen wissen sollten\" \/>\n<meta property=\"og:description\" content=\"Erfahre weshalb Blaualgen f\u00fcr Hunde gef\u00e4hrlich sind \u2713 wie du sie erkennst \u2713 wie die Symptome einer Vergiftung ausfallen!\" \/>\n<meta property=\"og:url\" content=\"https:\/\/uelzener.de\/magazin\/hund\/tiergesundheit\/blaualgen-hund\/\" \/>\n<meta property=\"og:site_name\" content=\"Uelzener Tier-Magazin\" \/>\n<meta property=\"article:publisher\" content=\"https:\/\/www.facebook.com\/Uelzener\" \/>\n<meta property=\"article:modified_time\" content=\"2025-09-11T10:07:10+00:00\" \/>\n<meta property=\"og:image\" content=\"https:\/\/uelzener.de\/magazin\/app\/uploads\/2025\/06\/hund_blaualgen_gefahr-1.jpg\" \/>\n\t<meta property=\"og:image:width\" content=\"1025\" \/>\n\t<meta property=\"og:image:height\" content=\"450\" \/>\n\t<meta property=\"og:image:type\" content=\"image\/jpeg\" \/>\n<meta name=\"twitter:card\" content=\"summary_large_image\" \/>\n<meta name=\"twitter:label1\" content=\"Gesch\u00e4tzte Lesezeit\" \/>\n\t<meta name=\"twitter:data1\" content=\"8\u00a0Minuten\" \/>\n<script type=\"application\/ld+json\" class=\"yoast-schema-graph\">{\"@context\":\"https:\/\/schema.org\",\"@graph\":[{\"@type\":\"WebPage\",\"@id\":\"https:\/\/uelzener.de\/magazin\/hund\/tiergesundheit\/blaualgen-hund\/\",\"url\":\"https:\/\/uelzener.de\/magazin\/hund\/tiergesundheit\/blaualgen-hund\/\",\"name\":\"Blaualgen: Hund in Gefahr \u2013 alles zur Blaualgenvergiftung | Uelzener\",\"isPartOf\":{\"@id\":\"https:\/\/uelzener.de\/magazin\/#website\"},\"primaryImageOfPage\":{\"@id\":\"https:\/\/uelzener.de\/magazin\/hund\/tiergesundheit\/blaualgen-hund\/#primaryimage\"},\"image\":{\"@id\":\"https:\/\/uelzener.de\/magazin\/hund\/tiergesundheit\/blaualgen-hund\/#primaryimage\"},\"thumbnailUrl\":\"https:\/\/uelzener.de\/magazin\/app\/uploads\/2025\/06\/hund_blaualgen_gefahr-1.jpg\",\"datePublished\":\"2025-06-11T08:00:00+00:00\",\"dateModified\":\"2025-09-11T10:07:10+00:00\",\"description\":\"Erfahre weshalb Blaualgen f\u00fcr Hunde gef\u00e4hrlich sind \u2713 wie du sie erkennst \u2713 wie die Symptome einer Vergiftung ausfallen!\",\"breadcrumb\":{\"@id\":\"https:\/\/uelzener.de\/magazin\/hund\/tiergesundheit\/blaualgen-hund\/#breadcrumb\"},\"inLanguage\":\"de\",\"potentialAction\":[{\"@type\":\"ReadAction\",\"target\":[\"https:\/\/uelzener.de\/magazin\/hund\/tiergesundheit\/blaualgen-hund\/\"]}]},{\"@type\":\"ImageObject\",\"inLanguage\":\"de\",\"@id\":\"https:\/\/uelzener.de\/magazin\/hund\/tiergesundheit\/blaualgen-hund\/#primaryimage\",\"url\":\"https:\/\/uelzener.de\/magazin\/app\/uploads\/2025\/06\/hund_blaualgen_gefahr-1.jpg\",\"contentUrl\":\"https:\/\/uelzener.de\/magazin\/app\/uploads\/2025\/06\/hund_blaualgen_gefahr-1.jpg\",\"width\":1025,\"height\":450,\"caption\":\"Ein Australian Sheppard steht im Wasser. Im Hochsommer k\u00f6nnen sich in Seen gef\u00e4hrliche Blaualgen bilden.\"},{\"@type\":\"WebSite\",\"@id\":\"https:\/\/uelzener.de\/magazin\/#website\",\"url\":\"https:\/\/uelzener.de\/magazin\/\",\"name\":\"Uelzener Tiermagazin\",\"description\":\"Online Tierratgeber der Uelzener Versicherungen\",\"publisher\":{\"@id\":\"https:\/\/uelzener.de\/magazin\/#organization\"},\"potentialAction\":[{\"@type\":\"SearchAction\",\"target\":{\"@type\":\"EntryPoint\",\"urlTemplate\":\"https:\/\/uelzener.de\/magazin\/?s={search_term_string}\"},\"query-input\":{\"@type\":\"PropertyValueSpecification\",\"valueRequired\":true,\"valueName\":\"search_term_string\"}}],\"inLanguage\":\"de\"},{\"@type\":\"Organization\",\"@id\":\"https:\/\/uelzener.de\/magazin\/#organization\",\"name\":\"Uelzener Versicherungen\",\"url\":\"https:\/\/uelzener.de\/magazin\/\",\"logo\":{\"@type\":\"ImageObject\",\"inLanguage\":\"de\",\"@id\":\"https:\/\/uelzener.de\/magazin\/#\/schema\/logo\/image\/\",\"url\":\"https:\/\/uelzener.de\/magazin\/app\/uploads\/2024\/11\/uelzener_allgemeine_versicherungsgesellschaft_a_g_logo.jpg\",\"contentUrl\":\"https:\/\/uelzener.de\/magazin\/app\/uploads\/2024\/11\/uelzener_allgemeine_versicherungsgesellschaft_a_g_logo.jpg\",\"width\":200,\"height\":200,\"caption\":\"Uelzener Versicherungen\"},\"image\":{\"@id\":\"https:\/\/uelzener.de\/magazin\/#\/schema\/logo\/image\/\"},\"sameAs\":[\"https:\/\/www.facebook.com\/Uelzener\",\"https:\/\/instagram.com\/uelzener\",\"https:\/\/www.xing.com\/pages\/uelzenerallgemeineversicherungs-gesellschafta-g\",\"https:\/\/www.youtube.com\/UelzenerVersicherungen\"]}]}<\/script>\n<!-- \/ Yoast SEO Premium plugin. -->","yoast_head_json":{"title":"Blaualgen: Hund in Gefahr \u2013 alles zur Blaualgenvergiftung | Uelzener","description":"Erfahre weshalb Blaualgen f\u00fcr Hunde gef\u00e4hrlich sind \u2713 wie du sie erkennst \u2713 wie die Symptome einer Vergiftung ausfallen!","robots":{"index":"index","follow":"follow","max-snippet":"max-snippet:-1","max-image-preview":"max-image-preview:large","max-video-preview":"max-video-preview:-1"},"canonical":"https:\/\/uelzener.de\/magazin\/hund\/tiergesundheit\/blaualgen-hund\/","og_locale":"de_DE","og_type":"article","og_title":"Gef\u00e4hrlicher Badespa\u00df: Was Hundehalter \u00fcber Blaualgen wissen sollten","og_description":"Erfahre weshalb Blaualgen f\u00fcr Hunde gef\u00e4hrlich sind \u2713 wie du sie erkennst \u2713 wie die Symptome einer Vergiftung ausfallen!","og_url":"https:\/\/uelzener.de\/magazin\/hund\/tiergesundheit\/blaualgen-hund\/","og_site_name":"Uelzener Tier-Magazin","article_publisher":"https:\/\/www.facebook.com\/Uelzener","article_modified_time":"2025-09-11T10:07:10+00:00","og_image":[{"width":1025,"height":450,"url":"https:\/\/uelzener.de\/magazin\/app\/uploads\/2025\/06\/hund_blaualgen_gefahr-1.jpg","type":"image\/jpeg"}],"twitter_card":"summary_large_image","twitter_misc":{"Gesch\u00e4tzte Lesezeit":"8\u00a0Minuten"},"schema":{"@context":"https:\/\/schema.org","@graph":[{"@type":"WebPage","@id":"https:\/\/uelzener.de\/magazin\/hund\/tiergesundheit\/blaualgen-hund\/","url":"https:\/\/uelzener.de\/magazin\/hund\/tiergesundheit\/blaualgen-hund\/","name":"Blaualgen: Hund in Gefahr \u2013 alles zur Blaualgenvergiftung | Uelzener","isPartOf":{"@id":"https:\/\/uelzener.de\/magazin\/#website"},"primaryImageOfPage":{"@id":"https:\/\/uelzener.de\/magazin\/hund\/tiergesundheit\/blaualgen-hund\/#primaryimage"},"image":{"@id":"https:\/\/uelzener.de\/magazin\/hund\/tiergesundheit\/blaualgen-hund\/#primaryimage"},"thumbnailUrl":"https:\/\/uelzener.de\/magazin\/app\/uploads\/2025\/06\/hund_blaualgen_gefahr-1.jpg","datePublished":"2025-06-11T08:00:00+00:00","dateModified":"2025-09-11T10:07:10+00:00","description":"Erfahre weshalb Blaualgen f\u00fcr Hunde gef\u00e4hrlich sind \u2713 wie du sie erkennst \u2713 wie die Symptome einer Vergiftung ausfallen!","breadcrumb":{"@id":"https:\/\/uelzener.de\/magazin\/hund\/tiergesundheit\/blaualgen-hund\/#breadcrumb"},"inLanguage":"de","potentialAction":[{"@type":"ReadAction","target":["https:\/\/uelzener.de\/magazin\/hund\/tiergesundheit\/blaualgen-hund\/"]}]},{"@type":"ImageObject","inLanguage":"de","@id":"https:\/\/uelzener.de\/magazin\/hund\/tiergesundheit\/blaualgen-hund\/#primaryimage","url":"https:\/\/uelzener.de\/magazin\/app\/uploads\/2025\/06\/hund_blaualgen_gefahr-1.jpg","contentUrl":"https:\/\/uelzener.de\/magazin\/app\/uploads\/2025\/06\/hund_blaualgen_gefahr-1.jpg","width":1025,"height":450,"caption":"Ein Australian Sheppard steht im Wasser. Im Hochsommer k\u00f6nnen sich in Seen gef\u00e4hrliche Blaualgen bilden."},{"@type":"WebSite","@id":"https:\/\/uelzener.de\/magazin\/#website","url":"https:\/\/uelzener.de\/magazin\/","name":"Uelzener Tiermagazin","description":"Online Tierratgeber der Uelzener Versicherungen","publisher":{"@id":"https:\/\/uelzener.de\/magazin\/#organization"},"potentialAction":[{"@type":"SearchAction","target":{"@type":"EntryPoint","urlTemplate":"https:\/\/uelzener.de\/magazin\/?s={search_term_string}"},"query-input":{"@type":"PropertyValueSpecification","valueRequired":true,"valueName":"search_term_string"}}],"inLanguage":"de"},{"@type":"Organization","@id":"https:\/\/uelzener.de\/magazin\/#organization","name":"Uelzener Versicherungen","url":"https:\/\/uelzener.de\/magazin\/","logo":{"@type":"ImageObject","inLanguage":"de","@id":"https:\/\/uelzener.de\/magazin\/#\/schema\/logo\/image\/","url":"https:\/\/uelzener.de\/magazin\/app\/uploads\/2024\/11\/uelzener_allgemeine_versicherungsgesellschaft_a_g_logo.jpg","contentUrl":"https:\/\/uelzener.de\/magazin\/app\/uploads\/2024\/11\/uelzener_allgemeine_versicherungsgesellschaft_a_g_logo.jpg","width":200,"height":200,"caption":"Uelzener Versicherungen"},"image":{"@id":"https:\/\/uelzener.de\/magazin\/#\/schema\/logo\/image\/"},"sameAs":["https:\/\/www.facebook.com\/Uelzener","https:\/\/instagram.com\/uelzener","https:\/\/www.xing.com\/pages\/uelzenerallgemeineversicherungs-gesellschafta-g","https:\/\/www.youtube.com\/UelzenerVersicherungen"]}]}},"_links":{"self":[{"href":"https:\/\/uelzener.de\/magazin\/wp-json\/wp\/v2\/pages\/10078","targetHints":{"allow":["GET"]}}],"collection":[{"href":"https:\/\/uelzener.de\/magazin\/wp-json\/wp\/v2\/pages"}],"about":[{"href":"https:\/\/uelzener.de\/magazin\/wp-json\/wp\/v2\/types\/page"}],"author":[{"embeddable":true,"href":"https:\/\/uelzener.de\/magazin\/wp-json\/wp\/v2\/users\/1"}],"replies":[{"embeddable":true,"href":"https:\/\/uelzener.de\/magazin\/wp-json\/wp\/v2\/comments?post=10078"}],"version-history":[{"count":12,"href":"https:\/\/uelzener.de\/magazin\/wp-json\/wp\/v2\/pages\/10078\/revisions"}],"predecessor-version":[{"id":19219,"href":"https:\/\/uelzener.de\/magazin\/wp-json\/wp\/v2\/pages\/10078\/revisions\/19219"}],"up":[{"embeddable":true,"href":"https:\/\/uelzener.de\/magazin\/wp-json\/wp\/v2\/pages\/11701"}],"wp:featuredmedia":[{"embeddable":true,"href":"https:\/\/uelzener.de\/magazin\/wp-json\/wp\/v2\/media\/18573"}],"wp:attachment":[{"href":"https:\/\/uelzener.de\/magazin\/wp-json\/wp\/v2\/media?parent=10078"}],"curies":[{"name":"wp","href":"https:\/\/api.w.org\/{rel}","templated":true}]}}