{"id":10073,"date":"2023-10-02T12:00:00","date_gmt":"2023-10-02T10:00:00","guid":{"rendered":""},"modified":"2025-07-28T13:56:44","modified_gmt":"2025-07-28T11:56:44","slug":"buerohund","status":"publish","type":"page","link":"https:\/\/uelzener.de\/magazin\/hund\/erziehung-und-training\/buerohund\/","title":{"rendered":"B\u00fcrohund: Wichtige Fragen und Regeln zum Hund am Arbeitsplatz"},"content":{"rendered":"<p>Den eigenen Hund t\u00e4glich unterm Schreibtisch im B\u00fcro liegen zu haben, hat viele Vorteile \u2013 f\u00fcr das Tier, den Halter, aber auch f\u00fcr die Kollegen und den Chef. Einen Anspruch haben Angestellte darauf jedoch nicht. Wir erkl\u00e4ren die rechtliche Lage.<\/p>\n<p>Die Experten sind sich einig: Ein Hund am Arbeitsplatz verbessert das Betriebsklima, motiviert nicht nur den Hundehalter zu besserer Arbeitsleistung, sondern auch die Kollegen und sorgt f\u00fcr entspannte Stimmung. Und doch darf nicht jeder seinen Hund mit zur Arbeit nehmen, denn ein grunds\u00e4tzliches Recht dazu gibt es nicht. Wir beantworten dir die h\u00e4ufigsten Fragen, die sich stellen, wenn du dein Tier gern zu deinem Begleiter im Job machen w\u00fcrdest.<\/p>\n<h2>Wenn ich meinen Hund mit zur Arbeit nehmen m\u00f6chte, brauche ich dann die ausdr\u00fcckliche Erlaubnis durch meinen Chef?<\/h2>\n<p>Eine ausdr\u00fcckliche Genehmigung vom Chef ist Voraussetzung, wenn der Vierbeiner mit zur Arbeit soll. Auch wenn der Kollege aus der ersten Etage t\u00e4glich seinen tierischen Begleiter mit ins B\u00fcro nimmt, ist das noch keine generelle Erlaubnis. Es gilt zwar der Gleichbehandlungsgrundsatz \u2013 also darf ein Arbeitgeber nicht willk\u00fcrlich einem Mitarbeiter die Mitnahme gestatten und anderen verbieten. Aus sachlichen Gr\u00fcnden kann der Arbeitgeber aber unterschiedliche Begr\u00fcndungen rechtfertigen. So spielen zum Beispiel der Arbeitsort \u2013 Gro\u00dfraumb\u00fcro oder Single-Arbeitsst\u00e4tte \u2013 die Gr\u00f6\u00dfe oder das Verhalten des Hundes eine Rolle. Damit der Hund auch regelm\u00e4\u00dfig ins B\u00fcro kommen kann, ist es wichtig, dem Hund Kommandos beizubringen, damit es zu keinen unerw\u00fcnschten Situationen kommt.<\/p>\n<p><img decoding=\"async\" class=\"alignnone wp-image-18710 size-large\" src=\"https:\/\/uelzener.de\/magazin\/app\/uploads\/2025\/07\/infografik-so-viele-hunde-duerfen-ins-buero-1024x1024.jpg\" alt=\"Infografik der Uelzener Versicherungen: So viele Hunde d\u00fcrfen ins B\u00fcro.\" width=\"1024\" height=\"1024\" srcset=\"https:\/\/uelzener.de\/magazin\/app\/uploads\/2025\/07\/infografik-so-viele-hunde-duerfen-ins-buero-1024x1024.jpg 1024w, https:\/\/uelzener.de\/magazin\/app\/uploads\/2025\/07\/infografik-so-viele-hunde-duerfen-ins-buero-300x300.jpg 300w, https:\/\/uelzener.de\/magazin\/app\/uploads\/2025\/07\/infografik-so-viele-hunde-duerfen-ins-buero-150x150.jpg 150w, https:\/\/uelzener.de\/magazin\/app\/uploads\/2025\/07\/infografik-so-viele-hunde-duerfen-ins-buero-768x768.jpg 768w, https:\/\/uelzener.de\/magazin\/app\/uploads\/2025\/07\/infografik-so-viele-hunde-duerfen-ins-buero-1536x1536.jpg 1536w, https:\/\/uelzener.de\/magazin\/app\/uploads\/2025\/07\/infografik-so-viele-hunde-duerfen-ins-buero-2048x2048.jpg 2048w, https:\/\/uelzener.de\/magazin\/app\/uploads\/2025\/07\/infografik-so-viele-hunde-duerfen-ins-buero-1026x1026.jpg 1026w, https:\/\/uelzener.de\/magazin\/app\/uploads\/2025\/07\/infografik-so-viele-hunde-duerfen-ins-buero-668x668.jpg 668w\" sizes=\"(max-width: 1024px) 100vw, 1024px\" \/><\/p>\n<h2>Sollte oder muss ich die Erlaubnis vertraglich festhalten lassen?<\/h2>\n<p>Eine feste Vereinbarung bringt Sicherheit. Arbeitgebern und Hundehaltern bietet eine schriftliche Genehmigung die M\u00f6glichkeit, Regeln festzulegen: In welche R\u00e4ume darf der Hund? Wann darf Gassi gegangen werden? Kommt es zu Unstimmigkeiten im Betrieb, fungiert die Genehmigung auch als Beweis.<\/p>\n<h2>Kann der Arbeitgeber eine gegebene Genehmigung widerrufen?<\/h2>\n<p>Der Arbeitgeber kann die Genehmigung jederzeit widerrufen. Hat ein neuer Kollege eine Allergie oder Angst vor Hunden? Dann hat die F\u00fcrsorge f\u00fcr die Mitarbeiter f\u00fcr den Chef Priorit\u00e4t. Auch eine gute Kinderstube des Hundes ist wichtig. Hundehalter sollten ihre Kollegen ernst nehmen und Kompromisse eingehen \u2013 nur so kann die Beziehung Mensch und Hund am Arbeitsplatz ein Erfolg werden.<\/p>\n<p><img decoding=\"async\" class=\"alignnone wp-image-18742 size-large\" src=\"https:\/\/uelzener.de\/magazin\/app\/uploads\/2025\/07\/infografik-jobwechsel-fuer-hund-1024x1024.jpg\" alt=\"Infografik der Uelzener Versicherungen: Jobwechsel f\u00fcr den Hund.\" width=\"1024\" height=\"1024\" srcset=\"https:\/\/uelzener.de\/magazin\/app\/uploads\/2025\/07\/infografik-jobwechsel-fuer-hund-1024x1024.jpg 1024w, https:\/\/uelzener.de\/magazin\/app\/uploads\/2025\/07\/infografik-jobwechsel-fuer-hund-300x300.jpg 300w, https:\/\/uelzener.de\/magazin\/app\/uploads\/2025\/07\/infografik-jobwechsel-fuer-hund-150x150.jpg 150w, https:\/\/uelzener.de\/magazin\/app\/uploads\/2025\/07\/infografik-jobwechsel-fuer-hund-768x768.jpg 768w, https:\/\/uelzener.de\/magazin\/app\/uploads\/2025\/07\/infografik-jobwechsel-fuer-hund-1536x1536.jpg 1536w, https:\/\/uelzener.de\/magazin\/app\/uploads\/2025\/07\/infografik-jobwechsel-fuer-hund-2048x2048.jpg 2048w, https:\/\/uelzener.de\/magazin\/app\/uploads\/2025\/07\/infografik-jobwechsel-fuer-hund-1026x1026.jpg 1026w, https:\/\/uelzener.de\/magazin\/app\/uploads\/2025\/07\/infografik-jobwechsel-fuer-hund-668x668.jpg 668w\" sizes=\"(max-width: 1024px) 100vw, 1024px\" \/><\/p>\n<h2>Wer haftet, wenn der Hund etwas verschmutzt oder zerst\u00f6rt?<\/h2>\n<p>Grunds\u00e4tzlich unterliegt jeder Tierhalter der Tierhalterhaftung gem\u00e4\u00df \u00a7 833 BGB. Richtet der Hund einen Schaden an, wenn ich meinen Arbeitsplatz kurz verlassen muss, sch\u00fctzt eine Hundehalter-Haftpflicht-Versicherung. Die Angebote der Versicherer sind gro\u00df. Es ist ratsam, auf eine m\u00f6glichst hohe Deckungssumme von mindestens zehn Millionen Euro zu achten. Achtung: Manche Versicherungen schlie\u00dfen bestimmte Hunderassen aus. Beim Spezialisten f\u00fcr Tierversicherungen \u2013 der Uelzener \u2013 spielen Rasse, Gr\u00f6\u00dfe oder Herkunft keine Rolle.<\/p>\n\n<div class=\"banner\">\n    <a href=\"https:\/\/uelzener.de\/hund\/?agt=0000104925&sem=true&utm_medium=magazin&utm_source=wordpress&utm_campaign=hund&utm_content=banner\">\n        <img decoding=\"async\" width=\"300\" height=\"212\" src=\"https:\/\/uelzener.de\/magazin\/app\/uploads\/2023\/10\/Hunde-Versicherung.jpg\" class=\"attachment-medium size-medium\" alt=\"Banner Hunde-Versicherung\" \/>    <\/a>\n<\/div>\n\n<p>\u00dcbrigens: Am Aktionstag \u201eKollege Hund\u201c \u2013 immer am letzten Donnerstag im Juni \u2013 organisieren viele Firmen und Unternehmen einen Schnuppertag f\u00fcr Vierbeiner am Arbeitsplatz. Der tierische Aktionstag soll zu einer gr\u00f6\u00dferen Akzeptanz von Hunden im t\u00e4glichen Arbeitsbetrieb verhelfen. So kannst du z. B. austesten, ob dein Hund mit Trennungsangst im B\u00fcro besser aufgehoben ist, als alleine zu Hause.<\/p>\n<h2>Grundregeln f\u00fcr Hunde im B\u00fcro<\/h2>\n<p>Im t\u00e4glichen B\u00fcroleben sind Richtlinien f\u00fcr B\u00fcrohunde unerl\u00e4sslich, um ein angenehmes Arbeitsumfeld sicherzustellen. Wir haben die wichtigsten Grundregeln f\u00fcr ein friedliches Zusammenleben zwischen Mensch und B\u00fcrohund zusammengefasst:<\/p>\n<ol>\n<li>Hundefreundlicher Arbeitsplatz: Der Arbeitsbereich sollte sicher und f\u00fcr den Hund geeignet sein. L\u00e4rmintensive und gef\u00e4hrliche Orte wie Fabriken sind ungeeignet. Lebensmittelverarbeitende Betriebe sind ebenfalls nicht erlaubt. Orte mit hohem Aufkommen, wie \u00fcberf\u00fcllte Kaufh\u00e4user, sind f\u00fcr Hunde nicht geeignet.<\/li>\n<li>Zustimmung der Kollegen: Alle Teammitglieder und Vorgesetzten m\u00fcssen mit der Anwesenheit des Hundes einverstanden sein. Besondere R\u00fccksichtnahme ist erforderlich, wenn jemand beispielsweise allergisch ist.<\/li>\n<li>Eigener Bereich f\u00fcr den Hund: Der Hund sollte im B\u00fcro einen eigenen Platz haben. Dies beinhaltet einen R\u00fcckzugsort, st\u00e4ndigen Zugang zu frischem Wasser, regelm\u00e4\u00dfige Auszeiten f\u00fcr Spazierg\u00e4nge und gelegentliche Spielzeiten.<\/li>\n<li>Verhalten des Hundes: Der Hund sollte im B\u00fcroumfeld gut sozialisiert sein. Aggressives Verhalten oder \u00fcberm\u00e4\u00dfige Angst vor Menschen sind nicht akzeptabel. Ein Grundma\u00df an Gehorsam und ein ruhiges, freundliches Wesen sind ideal f\u00fcr den B\u00fcrohund.<\/li>\n<\/ol>\n\n<div class=\"related_articles boxed\">\n    <h2>Mehr zum Thema<\/h2>\n    \n    <div class=\"wrapper\"><div class=\"title align-center\"><h3><a href=\"https:\/\/uelzener.de\/magazin\/hund\/erziehung-und-training\/trennungsangst-hund\/\">Trennungsangst: Wenn Hunde nicht allein bleiben wollen<\/a><\/h3><\/div><div class=\"img align-center\"><img decoding=\"async\" width=\"315\" height=\"180\" src=\"https:\/\/uelzener.de\/magazin\/app\/uploads\/2024\/01\/hund-allein-zuhause-315x180.jpg\" class=\"attachment-315x180 size-315x180 wp-post-image\" alt=\"Ein Beagle sitzt alleine im Wohnzimmer.\" \/><\/div><\/div><div class=\"wrapper\"><div class=\"title align-center\"><h3><a href=\"https:\/\/uelzener.de\/magazin\/hund\/tipps-fuer-den-alltag\/gassi-gehen\/\">Gassi gehen: H\u00e4ufigkeit, Dauer und was das Gesetz vorschreibt<\/a><\/h3><\/div><div class=\"img align-center\"><img decoding=\"async\" width=\"315\" height=\"180\" src=\"https:\/\/uelzener.de\/magazin\/app\/uploads\/2024\/01\/hund-gassi-gehen-315x180.jpg\" class=\"attachment-315x180 size-315x180 wp-post-image\" alt=\"Mehrere Hunde beim Gassigang\" \/><\/div><\/div><div class=\"wrapper\"><div class=\"title align-center\"><h3><a href=\"https:\/\/uelzener.de\/magazin\/hund\/erziehung-und-training\/hundekommandos\/\">Hundekommandos, die sitzen sollten<\/a><\/h3><\/div><div class=\"img align-center\"><img decoding=\"async\" width=\"315\" height=\"180\" src=\"https:\/\/uelzener.de\/magazin\/app\/uploads\/2022\/09\/Aufmerksamer-Hund-trainiert-mit-Besitzerin-Grundkommandos-315x180.jpg\" class=\"attachment-315x180 size-315x180 wp-post-image\" alt=\"Aufmerksamer Hund trainiert mit Frauchen das Hundekommando, gib Pfote.\" \/><\/div><\/div><\/div>\n\n<h2>Umfassender Schutz f\u00fcr deinen Hund im B\u00fcro<\/h2>\n<p>Auch aus rechtlicher Sicht gibt es einiges mit dem Hund am Arbeitsplatz zu beachten. Ein kleiner Moment der Unachtsamkeit und schon hat der Hund die teure Ledertasche des Kollegen als Spielzeug entdeckt oder versucht, die verschlossene T\u00fcr anzunagen. Doch nicht nur Sachsch\u00e4den k\u00f6nnen entstehen. Um nicht aus eigener Tasche zahlen zu m\u00fcssen, ist der Abschluss einer Hundehalter-Haftpflichtversicherung unerl\u00e4sslich.<\/p>\n<p>Steht f\u00fcr deinen Hund ein Tierarztbesuch an? Mit unserer Hunde-Krankenversicherung brauchst du dir keine Sorgen \u00fcber hohe Tierarztrechnungen machen und kannst dich voll und ganz auf die Pflege und Gesundheit deines Vierbeiners konzentrieren.<\/p>\n\n<div class=\"banner\">\n    <a href=\"https:\/\/uelzener.de\/hund\/hunde-krankenversicherung\/?agt=0000104925&sem=true&utm_medium=magazin&utm_source=wordpress&utm_campaign=hund_kv&utm_content=banner\">\n        <img decoding=\"async\" width=\"300\" height=\"212\" src=\"https:\/\/uelzener.de\/magazin\/app\/uploads\/2025\/01\/Hunde-Kranken-Versicherung.jpg\" class=\"attachment-medium size-medium\" alt=\"Banner Hunde-Kranken-Versicherung\" \/>    <\/a>\n<\/div>\n\n<p>Lade dir auch die <a href=\"\/app\/uploads\/2023\/11\/checkliste-buerohund.pdf\">Checkliste f\u00fcr B\u00fcrohunde zum Ausdrucken<\/a> herunter.<\/p>\n<h2>FAQ: H\u00e4ufig gestellte Fragen zum Thema B\u00fcrohund<\/h2>\n<h3>Sind Hunde auf der Arbeit erlaubt?<\/h3>\n<p>Ob Hunde am Arbeitsplatz erlaubt sind, h\u00e4ngt von der Unternehmenspolitik und den \u00f6rtlichen Vorschriften ab. Einige Unternehmen erlauben Hunde, um das Arbeitsklima zu verbessern, w\u00e4hrend andere sie aus gesundheitlichen oder sicherheitstechnischen Gr\u00fcnden verbieten.<\/p>\n<h3>Wie gew\u00f6hne ich meinen Hund an das B\u00fcro?<\/h3>\n<p>Zu Beginn sollte der Hund schrittweise und f\u00fcr kurze Zeitr\u00e4ume ins B\u00fcro mitgenommen werden, um ihn an die neue Umgebung zu gew\u00f6hnen. Stelle sicher, dass er einen ruhigen Platz hat, an dem er sich entspannen kann, und belohne ihn f\u00fcr ruhiges und gutes Verhalten.<\/p>\n<h3>Welche Hunde eignen sich f\u00fcr das B\u00fcro?<\/h3>\n<p>Hunde, die f\u00fcr das B\u00fcro geeignet sind, zeichnen sich durch ein ruhiges Temperament, geringen Bewegungsdrang und gute Sozialvertr\u00e4glichkeit aus. Rassen wie der Cavalier King Charles Spaniel, der Bichon Fris\u00e9 oder der Shih Tzu sind oft gute Kandidaten, aber letztlich h\u00e4ngt die Eignung mehr vom individuellen Charakter des Hundes und seiner Erziehung ab als von der Rasse.<\/p>\n","protected":false},"excerpt":{"rendered":"<p>Den eigenen Hund t\u00e4glich unterm Schreibtisch im B\u00fcro liegen zu haben, hat viele Vorteile \u2013 f\u00fcr das Tier, den Halter, aber auch f\u00fcr die Kollegen und den Chef. Einen Anspruch haben Angestellte darauf jedoch nicht. Wir erkl\u00e4ren die rechtliche Lage. Die Experten sind sich einig: Ein Hund am Arbeitsplatz verbessert das Betriebsklima, motiviert nicht nur [&hellip;]<\/p>\n","protected":false},"author":1,"featured_media":14894,"parent":11679,"menu_order":28,"comment_status":"open","ping_status":"open","template":"templates\/blog.php","meta":{"_acf_changed":false,"_crdt_document":"","footnotes":"","beyondwords_generate_audio":"0","beyondwords_project_id":"","beyondwords_content_id":"","beyondwords_preview_token":"","beyondwords_player_style":"","beyondwords_language_id":"","beyondwords_title_voice_id":"","beyondwords_body_voice_id":"","beyondwords_summary_voice_id":"","beyondwords_error_message":"","beyondwords_disabled":"","beyondwords_delete_content":"","beyondwords_podcast_id":"","beyondwords_hash":"","publish_post_to_speechkit":"","speechkit_hash":"","speechkit_generate_audio":"","speechkit_project_id":"","speechkit_podcast_id":"","speechkit_error_message":"","speechkit_disabled":"","speechkit_access_key":"","speechkit_error":"","speechkit_info":"","speechkit_response":"","speechkit_retries":"","speechkit_status":"","speechkit_updated_at":"","_speechkit_link":"","_speechkit_text":""},"class_list":["post-10073","page","type-page","status-publish","has-post-thumbnail","hentry"],"acf":[],"yoast_head":"<!-- This site is optimized with the Yoast SEO Premium plugin  - https:\/\/yoast.com\/product\/yoast-seo-premium-wordpress\/ -->\n<title>B\u00fcrohund am Arbeitsplatz \u2013 alles zur rechtlichen Lage | Uelzener<\/title>\n<meta name=\"description\" content=\"Wir beantworten wichtige Fragen zum Thema B\u00fcrohund \u2713 Erlaubnis durch den Arbeitgeber \u2713 Haftung \u2713 uvm. \u25b6 Hier informieren!\" \/>\n<meta name=\"robots\" content=\"index, follow, max-snippet:-1, max-image-preview:large, max-video-preview:-1\" \/>\n<link rel=\"canonical\" href=\"https:\/\/uelzener.de\/magazin\/hund\/erziehung-und-training\/buerohund\/\" \/>\n<meta property=\"og:locale\" content=\"de_DE\" \/>\n<meta property=\"og:type\" content=\"article\" \/>\n<meta property=\"og:title\" content=\"B\u00fcrohund: Wichtige Fragen und Regeln zum Hund am Arbeitsplatz\" \/>\n<meta property=\"og:description\" content=\"Wir beantworten wichtige Fragen zum Thema B\u00fcrohund \u2713 Erlaubnis durch den Arbeitgeber \u2713 Haftung \u2713 uvm. \u25b6 Hier informieren!\" \/>\n<meta property=\"og:url\" content=\"https:\/\/uelzener.de\/magazin\/hund\/erziehung-und-training\/buerohund\/\" \/>\n<meta property=\"og:site_name\" content=\"Uelzener Tier-Magazin\" \/>\n<meta property=\"article:publisher\" content=\"https:\/\/www.facebook.com\/Uelzener\" \/>\n<meta property=\"article:modified_time\" content=\"2025-07-28T11:56:44+00:00\" \/>\n<meta property=\"og:image\" content=\"https:\/\/uelzener.de\/magazin\/app\/uploads\/2023\/01\/buerohund.jpg\" \/>\n\t<meta property=\"og:image:width\" content=\"1025\" \/>\n\t<meta property=\"og:image:height\" content=\"450\" \/>\n\t<meta property=\"og:image:type\" content=\"image\/jpeg\" \/>\n<meta name=\"twitter:card\" content=\"summary_large_image\" \/>\n<meta name=\"twitter:label1\" content=\"Gesch\u00e4tzte Lesezeit\" \/>\n\t<meta name=\"twitter:data1\" content=\"6\u00a0Minuten\" \/>\n<script type=\"application\/ld+json\" class=\"yoast-schema-graph\">{\"@context\":\"https:\/\/schema.org\",\"@graph\":[{\"@type\":\"WebPage\",\"@id\":\"https:\/\/uelzener.de\/magazin\/hund\/erziehung-und-training\/buerohund\/\",\"url\":\"https:\/\/uelzener.de\/magazin\/hund\/erziehung-und-training\/buerohund\/\",\"name\":\"B\u00fcrohund am Arbeitsplatz \u2013 alles zur rechtlichen Lage | Uelzener\",\"isPartOf\":{\"@id\":\"https:\/\/uelzener.de\/magazin\/#website\"},\"primaryImageOfPage\":{\"@id\":\"https:\/\/uelzener.de\/magazin\/hund\/erziehung-und-training\/buerohund\/#primaryimage\"},\"image\":{\"@id\":\"https:\/\/uelzener.de\/magazin\/hund\/erziehung-und-training\/buerohund\/#primaryimage\"},\"thumbnailUrl\":\"https:\/\/uelzener.de\/magazin\/app\/uploads\/2023\/01\/buerohund.jpg\",\"datePublished\":\"2023-10-02T10:00:00+00:00\",\"dateModified\":\"2025-07-28T11:56:44+00:00\",\"description\":\"Wir beantworten wichtige Fragen zum Thema B\u00fcrohund \u2713 Erlaubnis durch den Arbeitgeber \u2713 Haftung \u2713 uvm. \u25b6 Hier informieren!\",\"breadcrumb\":{\"@id\":\"https:\/\/uelzener.de\/magazin\/hund\/erziehung-und-training\/buerohund\/#breadcrumb\"},\"inLanguage\":\"de\",\"potentialAction\":[{\"@type\":\"ReadAction\",\"target\":[\"https:\/\/uelzener.de\/magazin\/hund\/erziehung-und-training\/buerohund\/\"]}]},{\"@type\":\"ImageObject\",\"inLanguage\":\"de\",\"@id\":\"https:\/\/uelzener.de\/magazin\/hund\/erziehung-und-training\/buerohund\/#primaryimage\",\"url\":\"https:\/\/uelzener.de\/magazin\/app\/uploads\/2023\/01\/buerohund.jpg\",\"contentUrl\":\"https:\/\/uelzener.de\/magazin\/app\/uploads\/2023\/01\/buerohund.jpg\",\"width\":1025,\"height\":450,\"caption\":\"Hunde im B\u00fcro: Was gilt es zu beachten?\"},{\"@type\":\"WebSite\",\"@id\":\"https:\/\/uelzener.de\/magazin\/#website\",\"url\":\"https:\/\/uelzener.de\/magazin\/\",\"name\":\"Uelzener Tiermagazin\",\"description\":\"Online Tierratgeber der Uelzener Versicherungen\",\"publisher\":{\"@id\":\"https:\/\/uelzener.de\/magazin\/#organization\"},\"potentialAction\":[{\"@type\":\"SearchAction\",\"target\":{\"@type\":\"EntryPoint\",\"urlTemplate\":\"https:\/\/uelzener.de\/magazin\/?s={search_term_string}\"},\"query-input\":{\"@type\":\"PropertyValueSpecification\",\"valueRequired\":true,\"valueName\":\"search_term_string\"}}],\"inLanguage\":\"de\"},{\"@type\":\"Organization\",\"@id\":\"https:\/\/uelzener.de\/magazin\/#organization\",\"name\":\"Uelzener Versicherungen\",\"url\":\"https:\/\/uelzener.de\/magazin\/\",\"logo\":{\"@type\":\"ImageObject\",\"inLanguage\":\"de\",\"@id\":\"https:\/\/uelzener.de\/magazin\/#\/schema\/logo\/image\/\",\"url\":\"https:\/\/uelzener.de\/magazin\/app\/uploads\/2024\/11\/uelzener_allgemeine_versicherungsgesellschaft_a_g_logo.jpg\",\"contentUrl\":\"https:\/\/uelzener.de\/magazin\/app\/uploads\/2024\/11\/uelzener_allgemeine_versicherungsgesellschaft_a_g_logo.jpg\",\"width\":200,\"height\":200,\"caption\":\"Uelzener Versicherungen\"},\"image\":{\"@id\":\"https:\/\/uelzener.de\/magazin\/#\/schema\/logo\/image\/\"},\"sameAs\":[\"https:\/\/www.facebook.com\/Uelzener\",\"https:\/\/instagram.com\/uelzener\",\"https:\/\/www.xing.com\/pages\/uelzenerallgemeineversicherungs-gesellschafta-g\",\"https:\/\/www.youtube.com\/UelzenerVersicherungen\"]}]}<\/script>\n<!-- \/ Yoast SEO Premium plugin. -->","yoast_head_json":{"title":"B\u00fcrohund am Arbeitsplatz \u2013 alles zur rechtlichen Lage | Uelzener","description":"Wir beantworten wichtige Fragen zum Thema B\u00fcrohund \u2713 Erlaubnis durch den Arbeitgeber \u2713 Haftung \u2713 uvm. \u25b6 Hier informieren!","robots":{"index":"index","follow":"follow","max-snippet":"max-snippet:-1","max-image-preview":"max-image-preview:large","max-video-preview":"max-video-preview:-1"},"canonical":"https:\/\/uelzener.de\/magazin\/hund\/erziehung-und-training\/buerohund\/","og_locale":"de_DE","og_type":"article","og_title":"B\u00fcrohund: Wichtige Fragen und Regeln zum Hund am Arbeitsplatz","og_description":"Wir beantworten wichtige Fragen zum Thema B\u00fcrohund \u2713 Erlaubnis durch den Arbeitgeber \u2713 Haftung \u2713 uvm. \u25b6 Hier informieren!","og_url":"https:\/\/uelzener.de\/magazin\/hund\/erziehung-und-training\/buerohund\/","og_site_name":"Uelzener Tier-Magazin","article_publisher":"https:\/\/www.facebook.com\/Uelzener","article_modified_time":"2025-07-28T11:56:44+00:00","og_image":[{"width":1025,"height":450,"url":"https:\/\/uelzener.de\/magazin\/app\/uploads\/2023\/01\/buerohund.jpg","type":"image\/jpeg"}],"twitter_card":"summary_large_image","twitter_misc":{"Gesch\u00e4tzte Lesezeit":"6\u00a0Minuten"},"schema":{"@context":"https:\/\/schema.org","@graph":[{"@type":"WebPage","@id":"https:\/\/uelzener.de\/magazin\/hund\/erziehung-und-training\/buerohund\/","url":"https:\/\/uelzener.de\/magazin\/hund\/erziehung-und-training\/buerohund\/","name":"B\u00fcrohund am Arbeitsplatz \u2013 alles zur rechtlichen Lage | Uelzener","isPartOf":{"@id":"https:\/\/uelzener.de\/magazin\/#website"},"primaryImageOfPage":{"@id":"https:\/\/uelzener.de\/magazin\/hund\/erziehung-und-training\/buerohund\/#primaryimage"},"image":{"@id":"https:\/\/uelzener.de\/magazin\/hund\/erziehung-und-training\/buerohund\/#primaryimage"},"thumbnailUrl":"https:\/\/uelzener.de\/magazin\/app\/uploads\/2023\/01\/buerohund.jpg","datePublished":"2023-10-02T10:00:00+00:00","dateModified":"2025-07-28T11:56:44+00:00","description":"Wir beantworten wichtige Fragen zum Thema B\u00fcrohund \u2713 Erlaubnis durch den Arbeitgeber \u2713 Haftung \u2713 uvm. \u25b6 Hier informieren!","breadcrumb":{"@id":"https:\/\/uelzener.de\/magazin\/hund\/erziehung-und-training\/buerohund\/#breadcrumb"},"inLanguage":"de","potentialAction":[{"@type":"ReadAction","target":["https:\/\/uelzener.de\/magazin\/hund\/erziehung-und-training\/buerohund\/"]}]},{"@type":"ImageObject","inLanguage":"de","@id":"https:\/\/uelzener.de\/magazin\/hund\/erziehung-und-training\/buerohund\/#primaryimage","url":"https:\/\/uelzener.de\/magazin\/app\/uploads\/2023\/01\/buerohund.jpg","contentUrl":"https:\/\/uelzener.de\/magazin\/app\/uploads\/2023\/01\/buerohund.jpg","width":1025,"height":450,"caption":"Hunde im B\u00fcro: Was gilt es zu beachten?"},{"@type":"WebSite","@id":"https:\/\/uelzener.de\/magazin\/#website","url":"https:\/\/uelzener.de\/magazin\/","name":"Uelzener Tiermagazin","description":"Online Tierratgeber der Uelzener Versicherungen","publisher":{"@id":"https:\/\/uelzener.de\/magazin\/#organization"},"potentialAction":[{"@type":"SearchAction","target":{"@type":"EntryPoint","urlTemplate":"https:\/\/uelzener.de\/magazin\/?s={search_term_string}"},"query-input":{"@type":"PropertyValueSpecification","valueRequired":true,"valueName":"search_term_string"}}],"inLanguage":"de"},{"@type":"Organization","@id":"https:\/\/uelzener.de\/magazin\/#organization","name":"Uelzener Versicherungen","url":"https:\/\/uelzener.de\/magazin\/","logo":{"@type":"ImageObject","inLanguage":"de","@id":"https:\/\/uelzener.de\/magazin\/#\/schema\/logo\/image\/","url":"https:\/\/uelzener.de\/magazin\/app\/uploads\/2024\/11\/uelzener_allgemeine_versicherungsgesellschaft_a_g_logo.jpg","contentUrl":"https:\/\/uelzener.de\/magazin\/app\/uploads\/2024\/11\/uelzener_allgemeine_versicherungsgesellschaft_a_g_logo.jpg","width":200,"height":200,"caption":"Uelzener Versicherungen"},"image":{"@id":"https:\/\/uelzener.de\/magazin\/#\/schema\/logo\/image\/"},"sameAs":["https:\/\/www.facebook.com\/Uelzener","https:\/\/instagram.com\/uelzener","https:\/\/www.xing.com\/pages\/uelzenerallgemeineversicherungs-gesellschafta-g","https:\/\/www.youtube.com\/UelzenerVersicherungen"]}]}},"_links":{"self":[{"href":"https:\/\/uelzener.de\/magazin\/wp-json\/wp\/v2\/pages\/10073","targetHints":{"allow":["GET"]}}],"collection":[{"href":"https:\/\/uelzener.de\/magazin\/wp-json\/wp\/v2\/pages"}],"about":[{"href":"https:\/\/uelzener.de\/magazin\/wp-json\/wp\/v2\/types\/page"}],"author":[{"embeddable":true,"href":"https:\/\/uelzener.de\/magazin\/wp-json\/wp\/v2\/users\/1"}],"replies":[{"embeddable":true,"href":"https:\/\/uelzener.de\/magazin\/wp-json\/wp\/v2\/comments?post=10073"}],"version-history":[{"count":19,"href":"https:\/\/uelzener.de\/magazin\/wp-json\/wp\/v2\/pages\/10073\/revisions"}],"predecessor-version":[{"id":18743,"href":"https:\/\/uelzener.de\/magazin\/wp-json\/wp\/v2\/pages\/10073\/revisions\/18743"}],"up":[{"embeddable":true,"href":"https:\/\/uelzener.de\/magazin\/wp-json\/wp\/v2\/pages\/11679"}],"wp:featuredmedia":[{"embeddable":true,"href":"https:\/\/uelzener.de\/magazin\/wp-json\/wp\/v2\/media\/14894"}],"wp:attachment":[{"href":"https:\/\/uelzener.de\/magazin\/wp-json\/wp\/v2\/media?parent=10073"}],"curies":[{"name":"wp","href":"https:\/\/api.w.org\/{rel}","templated":true}]}}