{"id":10071,"date":"2019-04-26T00:00:00","date_gmt":"2019-04-25T22:00:00","guid":{"rendered":""},"modified":"2023-04-19T16:04:29","modified_gmt":"2023-04-19T14:04:29","slug":"collie","status":"publish","type":"page","link":"https:\/\/uelzener.de\/magazin\/hund\/rasseportrait\/collie\/","title":{"rendered":"Der Collie: Ein heldenhafter Begleiter"},"content":{"rendered":"<p>\u201eSchau mal, da ist Lassie!\u201c \u2013 Diese Aussage h\u00f6ren Collie-Besitzer auf ihren Spazierg\u00e4ngen ziemlich h\u00e4ufig. Die Hauptfigur aus B\u00fcchern und Filmen machte die Rasse ber\u00fchmt. Seit Lassie geh\u00f6rt der Collie auch bei Menschen mit wenig Hundeerfahrung zu den bekanntesten Rassen \u00fcberhaupt.<\/p>\n<p>Lassie wurde 1938 vom britisch-US-amerikanischen Schriftsteller Eric Knight geschaffen. Er ver\u00f6ffentlichte eine Kurzgeschichte \u201eLassie Come Home\u201c in der <em>Saturday Evening Post<\/em>. Dort spielt die Collie-H\u00fcndin Lassie die Hauptfigur.<\/p>\n<p>Einst als H\u00fctehund eingesetzt, hat der Collie seine Arbeit inzwischen an den Nagel geh\u00e4ngt und lebt meist als treuer Begleiter an der Seite seiner Menschen.<\/p>\n<h2><span style=\"color: black;\">Der Charakter<\/span><\/h2>\n<p><span style=\"color: black;\">Wegen des schmalen Kopfs wurde der Collie lange f\u00fcr wenig intelligent gehalten, was den schlauen Hunden gar nicht gerecht wird. Durch Lassie hat sich das Bild des Collies gewandelt und die wahren Charaktereigenschaften kamen zum Vorschein. Wie man Lassie kennt, sind Collies sehr loyale Hunde, die sich besch\u00fctzend und sanftm\u00fctig an ihre Menschen binden.<\/span><\/p>\n<p><span style=\"color: black;\">Collies sind freundlich, aktiv und intelligent. Sie sp\u00fcren kleinste Ver\u00e4nderungen und Gesten ihres Herrchens oder Frauchens und nehmen auch unterschwellige Abneigungen wahr. Fremden gegen\u00fcber ist der Collie reserviert und akzeptiert diese nur, wenn sie ihm und seinen Menschen freundlich gesinnt sind. Andernfalls zeigt der Collie seine andere Seite: Er besitzt n\u00e4mlich einen guten Wach- und Schutzinstinkt.<\/span><\/p>\n<p><img decoding=\"async\" src=\"\/magazin\/app\/uploads\/2021\/02\/3b56fb7f-4125-49a7-b868-64875188566c.jpg\" \/><\/p>\n<p><span style=\"color: black;\">Collies sind bekannt f\u00fcr ihr sch\u00f6nes, langes Fell. Die Farben sind Zobel-wei\u00df (die typische Lassie-Farbe), tri-color (schwarz-wei\u00df-tan) und blue-merle (marmoriertes Schwarz mit grauer Grundfarbe) jeweils mit wei\u00dfen Abzeichen. Das Fell ist sehr dicht und von der Struktur eher rau mit weichen Spitzen. Es ist entsprechend pflegebed\u00fcrftig, weswegen ein gewisser <a href=\"https:\/\/uelzener.de\/magazin\/hund\/tiergesundheit\/voller-durchblick-wenn-der-tierarzt-den-hund-roentgen-muss\/\">Zeitaufwand<\/a> eingeplant werden muss. <\/span><\/p>\n<p><span style=\"color: black;\">Der K\u00f6rperbau des Collies ist kr\u00e4ftig mit schmalem Kopf und in der Regel Kippohren.<\/span><\/p>\n<p><span style=\"color: black;\">Ausgewachsen haben R\u00fcden eine Gr\u00f6\u00dfe von 56 bis 61 Zentimetern und wiegen zwischen 20 und 29 Kilogramm. H\u00fcndinnen sind mit 51 bis 56 Zentimetern und nur 18 bis 25 Kilogramm etwas kleiner und leichter.<\/span><\/p>\n<p><span style=\"color: black;\">Schon gewusst, dass die H\u00fcndin Lassie in den Filmen und der Fernsehserie jeweils von R\u00fcden gespielt wurde? Das liegt daran, dass R\u00fcden ein volleres Fell haben und anmutiger auf der Leinwand erscheinen.<\/span><\/p>\n<h2><span style=\"color: black;\">Die Haltung<\/span><\/h2>\n<p><span style=\"color: black;\">Die Haltung des Collies ist in der Regel unproblematisch, solange sie ihren Bewegungsdrang ausleben k\u00f6nnen. Sie sind sehr lebhafte Hunde und ben\u00f6tigen ein ausreichendes Ma\u00df an Bewegung, dann k\u00f6nnen sie auch problemlos mit ihrer Familie in der Wohnung leben.<\/span><\/p>\n<p><span style=\"color: black;\">Collies sind auch gut f\u00fcr Ersthundehalter und Berufst\u00e4tige geeignet, da sie sehr lernwillig sind und bei guter Erziehung auch einige Stunden allein bleiben k\u00f6nnen.<\/span><\/p>\n<p><span style=\"color: black;\">Da sie sehr geduldig sind, eignen sich Collies gut als <a href=\"https:\/\/uelzener.de\/magazin\/hund\/haeufige-fragen\/familienhunde\/\"><strong>Familienhund<\/strong><\/a>. Trotz ihrer Gutm\u00fctigkeit und Geduld sollten die Eltern ihre Kinder im richtigen Umgang mit Hunden aufkl\u00e4ren und dem Hund unbedingt eine R\u00fcckzugsm\u00f6glichkeit bieten.<\/span><\/p>\n<p><span style=\"color: black;\">An langen Spazierg\u00e4ngen hat der Collie viel Freude und begeistert sich auch f\u00fcr die verschiedensten Hundesportarten.<\/span><\/p>\n<h2><span style=\"color: black;\">Die Herkunft<\/span><\/h2>\n<p>Der Collie kommt urspr\u00fcnglich aus Schottland, wo er zum H\u00fcten von Schafen genutzt wurde. Erstmalig tauchte er bereits im 13. Jahrhundert auf. Sein Name wurde von den Colley Schafen abgeleitet, die er geh\u00fctet hat. Seit 1858 ist er als Rasse offiziell anerkannt. Damals war der Collie allerdings noch kleiner und hatte einen breiteren Kopf. Die heutige Statur und Eleganz wurden durch die Einkreuzung von russischen Windhunden erreicht.<\/p>\n<p>Wer sich f\u00fcr einen Collie interessiert, sollte auf die Gesundheit der Hunde achten. Die Collie Eye Anomaly (CEA) ist eine angeborene, oft bei Collies und verwandten Rassen auftretende Augenkrankheit. Der MDR1-Defekt, eine \u00dcberempfindlichkeit gegen\u00fcber manchen Arzneistoffen, kommt ebenfalls h\u00e4ufig vor. Aus dem Grund ist es auf jeden Fall ratsam, gute <a href=\"https:\/\/uelzener.de\/hund\/\"><strong>Hund-Versicherungen f\u00fcr einen Collie<\/strong><\/a> abzuschlie\u00dfen.<\/p>\n","protected":false},"excerpt":{"rendered":"<p>\u201eSchau mal, da ist Lassie!\u201c \u2013 Diese Aussage h\u00f6ren Collie-Besitzer auf ihren Spazierg\u00e4ngen ziemlich h\u00e4ufig. Die Hauptfigur aus B\u00fcchern und Filmen machte die Rasse ber\u00fchmt. Seit Lassie geh\u00f6rt der Collie auch bei Menschen mit wenig Hundeerfahrung zu den bekanntesten Rassen \u00fcberhaupt. Lassie wurde 1938 vom britisch-US-amerikanischen Schriftsteller Eric Knight geschaffen. Er ver\u00f6ffentlichte eine Kurzgeschichte \u201eLassie [&hellip;]<\/p>\n","protected":false},"author":1,"featured_media":10661,"parent":2475,"menu_order":16,"comment_status":"closed","ping_status":"closed","template":"templates\/blog.php","meta":{"_acf_changed":false,"_crdt_document":"","footnotes":"","beyondwords_generate_audio":"","beyondwords_project_id":"","beyondwords_content_id":"","beyondwords_preview_token":"","beyondwords_player_style":"","beyondwords_language_id":"","beyondwords_title_voice_id":"","beyondwords_body_voice_id":"","beyondwords_summary_voice_id":"","beyondwords_error_message":"","beyondwords_disabled":"","beyondwords_delete_content":"","beyondwords_podcast_id":"","beyondwords_hash":"","publish_post_to_speechkit":"","speechkit_hash":"","speechkit_generate_audio":"","speechkit_project_id":"","speechkit_podcast_id":"","speechkit_error_message":"","speechkit_disabled":"","speechkit_access_key":"","speechkit_error":"","speechkit_info":"","speechkit_response":"","speechkit_retries":"","speechkit_status":"","speechkit_updated_at":"","_speechkit_link":"","_speechkit_text":""},"class_list":["post-10071","page","type-page","status-publish","has-post-thumbnail","hentry"],"acf":[],"yoast_head":"<!-- This site is optimized with the Yoast SEO Premium plugin  - https:\/\/yoast.com\/product\/yoast-seo-premium-wordpress\/ -->\n<title>Collie im Rasseportrait \u2013 Herkunft, Charakter &amp; Haltung | Uelzener<\/title>\n<meta name=\"description\" content=\"Erfahre alles zur Hunderasse Collie \u2713 Herkunft \u2713 Aussehen \u2713 Charakter \u2713 Haltung \u2713 Pflege \u2713 uvm. \u25b6 Hier informieren!\" \/>\n<meta name=\"robots\" content=\"index, follow, max-snippet:-1, max-image-preview:large, max-video-preview:-1\" \/>\n<link rel=\"canonical\" href=\"https:\/\/uelzener.de\/magazin\/hund\/rasseportrait\/collie\/\" \/>\n<meta property=\"og:locale\" content=\"de_DE\" \/>\n<meta property=\"og:type\" content=\"article\" \/>\n<meta property=\"og:title\" content=\"Der Collie: Ein heldenhafter Begleiter\" \/>\n<meta property=\"og:description\" content=\"Erfahre alles zur Hunderasse Collie \u2713 Herkunft \u2713 Aussehen \u2713 Charakter \u2713 Haltung \u2713 Pflege \u2713 uvm. \u25b6 Hier informieren!\" \/>\n<meta property=\"og:url\" content=\"https:\/\/uelzener.de\/magazin\/hund\/rasseportrait\/collie\/\" \/>\n<meta property=\"og:site_name\" content=\"Uelzener Tier-Magazin\" \/>\n<meta property=\"article:publisher\" content=\"https:\/\/www.facebook.com\/Uelzener\" \/>\n<meta property=\"article:modified_time\" content=\"2023-04-19T14:04:29+00:00\" \/>\n<meta property=\"og:image\" content=\"https:\/\/uelzener.de\/magazin\/app\/uploads\/2019\/04\/fc46b00e-71de-420a-8b94-7d6e7329bd00.jpg\" \/>\n\t<meta property=\"og:image:width\" content=\"650\" \/>\n\t<meta property=\"og:image:height\" content=\"433\" \/>\n\t<meta property=\"og:image:type\" content=\"image\/jpeg\" \/>\n<meta name=\"twitter:card\" content=\"summary_large_image\" \/>\n<meta name=\"twitter:label1\" content=\"Gesch\u00e4tzte Lesezeit\" \/>\n\t<meta name=\"twitter:data1\" content=\"3\u00a0Minuten\" \/>\n<script type=\"application\/ld+json\" class=\"yoast-schema-graph\">{\"@context\":\"https:\/\/schema.org\",\"@graph\":[{\"@type\":\"WebPage\",\"@id\":\"https:\/\/uelzener.de\/magazin\/hund\/rasseportrait\/collie\/\",\"url\":\"https:\/\/uelzener.de\/magazin\/hund\/rasseportrait\/collie\/\",\"name\":\"Collie im Rasseportrait \u2013 Herkunft, Charakter & Haltung | Uelzener\",\"isPartOf\":{\"@id\":\"https:\/\/uelzener.de\/magazin\/#website\"},\"primaryImageOfPage\":{\"@id\":\"https:\/\/uelzener.de\/magazin\/hund\/rasseportrait\/collie\/#primaryimage\"},\"image\":{\"@id\":\"https:\/\/uelzener.de\/magazin\/hund\/rasseportrait\/collie\/#primaryimage\"},\"thumbnailUrl\":\"https:\/\/uelzener.de\/magazin\/app\/uploads\/2019\/04\/fc46b00e-71de-420a-8b94-7d6e7329bd00.jpg\",\"datePublished\":\"2019-04-25T22:00:00+00:00\",\"dateModified\":\"2023-04-19T14:04:29+00:00\",\"description\":\"Erfahre alles zur Hunderasse Collie \u2713 Herkunft \u2713 Aussehen \u2713 Charakter \u2713 Haltung \u2713 Pflege \u2713 uvm. \u25b6 Hier informieren!\",\"breadcrumb\":{\"@id\":\"https:\/\/uelzener.de\/magazin\/hund\/rasseportrait\/collie\/#breadcrumb\"},\"inLanguage\":\"de\",\"potentialAction\":[{\"@type\":\"ReadAction\",\"target\":[\"https:\/\/uelzener.de\/magazin\/hund\/rasseportrait\/collie\/\"]}]},{\"@type\":\"ImageObject\",\"inLanguage\":\"de\",\"@id\":\"https:\/\/uelzener.de\/magazin\/hund\/rasseportrait\/collie\/#primaryimage\",\"url\":\"https:\/\/uelzener.de\/magazin\/app\/uploads\/2019\/04\/fc46b00e-71de-420a-8b94-7d6e7329bd00.jpg\",\"contentUrl\":\"https:\/\/uelzener.de\/magazin\/app\/uploads\/2019\/04\/fc46b00e-71de-420a-8b94-7d6e7329bd00.jpg\",\"width\":650,\"height\":433,\"caption\":\"Ein Collie schaut neugierig mit gro\u00dfen Augen und ausgestreckter Zunge in die Kamera.\"},{\"@type\":\"WebSite\",\"@id\":\"https:\/\/uelzener.de\/magazin\/#website\",\"url\":\"https:\/\/uelzener.de\/magazin\/\",\"name\":\"Uelzener Tiermagazin\",\"description\":\"Online Tierratgeber der Uelzener Versicherungen\",\"publisher\":{\"@id\":\"https:\/\/uelzener.de\/magazin\/#organization\"},\"potentialAction\":[{\"@type\":\"SearchAction\",\"target\":{\"@type\":\"EntryPoint\",\"urlTemplate\":\"https:\/\/uelzener.de\/magazin\/?s={search_term_string}\"},\"query-input\":{\"@type\":\"PropertyValueSpecification\",\"valueRequired\":true,\"valueName\":\"search_term_string\"}}],\"inLanguage\":\"de\"},{\"@type\":\"Organization\",\"@id\":\"https:\/\/uelzener.de\/magazin\/#organization\",\"name\":\"Uelzener Versicherungen\",\"url\":\"https:\/\/uelzener.de\/magazin\/\",\"logo\":{\"@type\":\"ImageObject\",\"inLanguage\":\"de\",\"@id\":\"https:\/\/uelzener.de\/magazin\/#\/schema\/logo\/image\/\",\"url\":\"https:\/\/uelzener.de\/magazin\/app\/uploads\/2024\/11\/uelzener_allgemeine_versicherungsgesellschaft_a_g_logo.jpg\",\"contentUrl\":\"https:\/\/uelzener.de\/magazin\/app\/uploads\/2024\/11\/uelzener_allgemeine_versicherungsgesellschaft_a_g_logo.jpg\",\"width\":200,\"height\":200,\"caption\":\"Uelzener Versicherungen\"},\"image\":{\"@id\":\"https:\/\/uelzener.de\/magazin\/#\/schema\/logo\/image\/\"},\"sameAs\":[\"https:\/\/www.facebook.com\/Uelzener\",\"https:\/\/instagram.com\/uelzener\",\"https:\/\/www.xing.com\/pages\/uelzenerallgemeineversicherungs-gesellschafta-g\",\"https:\/\/www.youtube.com\/UelzenerVersicherungen\"]}]}<\/script>\n<!-- \/ Yoast SEO Premium plugin. -->","yoast_head_json":{"title":"Collie im Rasseportrait \u2013 Herkunft, Charakter & Haltung | Uelzener","description":"Erfahre alles zur Hunderasse Collie \u2713 Herkunft \u2713 Aussehen \u2713 Charakter \u2713 Haltung \u2713 Pflege \u2713 uvm. \u25b6 Hier informieren!","robots":{"index":"index","follow":"follow","max-snippet":"max-snippet:-1","max-image-preview":"max-image-preview:large","max-video-preview":"max-video-preview:-1"},"canonical":"https:\/\/uelzener.de\/magazin\/hund\/rasseportrait\/collie\/","og_locale":"de_DE","og_type":"article","og_title":"Der Collie: Ein heldenhafter Begleiter","og_description":"Erfahre alles zur Hunderasse Collie \u2713 Herkunft \u2713 Aussehen \u2713 Charakter \u2713 Haltung \u2713 Pflege \u2713 uvm. \u25b6 Hier informieren!","og_url":"https:\/\/uelzener.de\/magazin\/hund\/rasseportrait\/collie\/","og_site_name":"Uelzener Tier-Magazin","article_publisher":"https:\/\/www.facebook.com\/Uelzener","article_modified_time":"2023-04-19T14:04:29+00:00","og_image":[{"width":650,"height":433,"url":"https:\/\/uelzener.de\/magazin\/app\/uploads\/2019\/04\/fc46b00e-71de-420a-8b94-7d6e7329bd00.jpg","type":"image\/jpeg"}],"twitter_card":"summary_large_image","twitter_misc":{"Gesch\u00e4tzte Lesezeit":"3\u00a0Minuten"},"schema":{"@context":"https:\/\/schema.org","@graph":[{"@type":"WebPage","@id":"https:\/\/uelzener.de\/magazin\/hund\/rasseportrait\/collie\/","url":"https:\/\/uelzener.de\/magazin\/hund\/rasseportrait\/collie\/","name":"Collie im Rasseportrait \u2013 Herkunft, Charakter & Haltung | Uelzener","isPartOf":{"@id":"https:\/\/uelzener.de\/magazin\/#website"},"primaryImageOfPage":{"@id":"https:\/\/uelzener.de\/magazin\/hund\/rasseportrait\/collie\/#primaryimage"},"image":{"@id":"https:\/\/uelzener.de\/magazin\/hund\/rasseportrait\/collie\/#primaryimage"},"thumbnailUrl":"https:\/\/uelzener.de\/magazin\/app\/uploads\/2019\/04\/fc46b00e-71de-420a-8b94-7d6e7329bd00.jpg","datePublished":"2019-04-25T22:00:00+00:00","dateModified":"2023-04-19T14:04:29+00:00","description":"Erfahre alles zur Hunderasse Collie \u2713 Herkunft \u2713 Aussehen \u2713 Charakter \u2713 Haltung \u2713 Pflege \u2713 uvm. \u25b6 Hier informieren!","breadcrumb":{"@id":"https:\/\/uelzener.de\/magazin\/hund\/rasseportrait\/collie\/#breadcrumb"},"inLanguage":"de","potentialAction":[{"@type":"ReadAction","target":["https:\/\/uelzener.de\/magazin\/hund\/rasseportrait\/collie\/"]}]},{"@type":"ImageObject","inLanguage":"de","@id":"https:\/\/uelzener.de\/magazin\/hund\/rasseportrait\/collie\/#primaryimage","url":"https:\/\/uelzener.de\/magazin\/app\/uploads\/2019\/04\/fc46b00e-71de-420a-8b94-7d6e7329bd00.jpg","contentUrl":"https:\/\/uelzener.de\/magazin\/app\/uploads\/2019\/04\/fc46b00e-71de-420a-8b94-7d6e7329bd00.jpg","width":650,"height":433,"caption":"Ein Collie schaut neugierig mit gro\u00dfen Augen und ausgestreckter Zunge in die Kamera."},{"@type":"WebSite","@id":"https:\/\/uelzener.de\/magazin\/#website","url":"https:\/\/uelzener.de\/magazin\/","name":"Uelzener Tiermagazin","description":"Online Tierratgeber der Uelzener Versicherungen","publisher":{"@id":"https:\/\/uelzener.de\/magazin\/#organization"},"potentialAction":[{"@type":"SearchAction","target":{"@type":"EntryPoint","urlTemplate":"https:\/\/uelzener.de\/magazin\/?s={search_term_string}"},"query-input":{"@type":"PropertyValueSpecification","valueRequired":true,"valueName":"search_term_string"}}],"inLanguage":"de"},{"@type":"Organization","@id":"https:\/\/uelzener.de\/magazin\/#organization","name":"Uelzener Versicherungen","url":"https:\/\/uelzener.de\/magazin\/","logo":{"@type":"ImageObject","inLanguage":"de","@id":"https:\/\/uelzener.de\/magazin\/#\/schema\/logo\/image\/","url":"https:\/\/uelzener.de\/magazin\/app\/uploads\/2024\/11\/uelzener_allgemeine_versicherungsgesellschaft_a_g_logo.jpg","contentUrl":"https:\/\/uelzener.de\/magazin\/app\/uploads\/2024\/11\/uelzener_allgemeine_versicherungsgesellschaft_a_g_logo.jpg","width":200,"height":200,"caption":"Uelzener Versicherungen"},"image":{"@id":"https:\/\/uelzener.de\/magazin\/#\/schema\/logo\/image\/"},"sameAs":["https:\/\/www.facebook.com\/Uelzener","https:\/\/instagram.com\/uelzener","https:\/\/www.xing.com\/pages\/uelzenerallgemeineversicherungs-gesellschafta-g","https:\/\/www.youtube.com\/UelzenerVersicherungen"]}]}},"_links":{"self":[{"href":"https:\/\/uelzener.de\/magazin\/wp-json\/wp\/v2\/pages\/10071","targetHints":{"allow":["GET"]}}],"collection":[{"href":"https:\/\/uelzener.de\/magazin\/wp-json\/wp\/v2\/pages"}],"about":[{"href":"https:\/\/uelzener.de\/magazin\/wp-json\/wp\/v2\/types\/page"}],"author":[{"embeddable":true,"href":"https:\/\/uelzener.de\/magazin\/wp-json\/wp\/v2\/users\/1"}],"replies":[{"embeddable":true,"href":"https:\/\/uelzener.de\/magazin\/wp-json\/wp\/v2\/comments?post=10071"}],"version-history":[{"count":7,"href":"https:\/\/uelzener.de\/magazin\/wp-json\/wp\/v2\/pages\/10071\/revisions"}],"predecessor-version":[{"id":15346,"href":"https:\/\/uelzener.de\/magazin\/wp-json\/wp\/v2\/pages\/10071\/revisions\/15346"}],"up":[{"embeddable":true,"href":"https:\/\/uelzener.de\/magazin\/wp-json\/wp\/v2\/pages\/2475"}],"wp:featuredmedia":[{"embeddable":true,"href":"https:\/\/uelzener.de\/magazin\/wp-json\/wp\/v2\/media\/10661"}],"wp:attachment":[{"href":"https:\/\/uelzener.de\/magazin\/wp-json\/wp\/v2\/media?parent=10071"}],"curies":[{"name":"wp","href":"https:\/\/api.w.org\/{rel}","templated":true}]}}