{"id":10069,"date":"2022-08-30T13:00:00","date_gmt":"2022-08-30T11:00:00","guid":{"rendered":""},"modified":"2023-10-13T17:18:20","modified_gmt":"2023-10-13T15:18:20","slug":"wohnung-hundesicher-machen","status":"publish","type":"page","link":"https:\/\/uelzener.de\/magazin\/hund\/haltung\/wohnung-hundesicher-machen\/","title":{"rendered":"Wohnung hundesicher machen: Gefahren erkennen und vermeiden"},"content":{"rendered":"<p>Dein Hund hat die Zimmerpflanze angeknabbert oder die geerbte Vase von Oma umgeworfen? Im eigenen Zuhause verstecken sich Gefahren, die f\u00fcr deinen Vierbeiner erst auf den zweiten Blick zu einem gro\u00dfen Risiko werden. Wir verraten dir, wie du deine Wohnung hundesicher machen kannst.<\/p>\n<p>Wer sich ein Tier nach Hause holt, tr\u00e4gt Verantwortung. Als Hundehalter muss man daf\u00fcr sorgen, dass das Zuhause so sicher wie m\u00f6glich ist. Jedoch lauern Gefahren oftmals dort, wo man es am wenigsten erwartet.<\/p>\n<p>Lebensmittel, Pflanzen und Kleinteile k\u00f6nnen beim Spielen schwerwiegende Folgen f\u00fcr dein Haustier nach sich ziehen.<\/p>\n<p><strong>Mit unseren 8 Tipps kannst du unsch\u00f6ne Zwischenf\u00e4lle verhindern!<\/strong><\/p>\n<h2>1. Giftige Lebensmittel au\u00dfer Reichweite aufbewahren<\/h2>\n<p>Chips, <strong><a href=\"https:\/\/uelzener.de\/magazin\/hund\/tiergesundheit\/hund-schokolade-gefressen\/\">Schokolade<\/a><\/strong> und S\u00fc\u00dfigkeiten: Was wir Menschen gern essen, kann f\u00fcr den Hund sehr ungesund oder sogar giftig sein. Stark gew\u00fcrzte Lebensmittel, koffeinhaltige Getr\u00e4nke und Essensreste sowie S\u00fc\u00dfigkeiten sollten au\u00dfer Reichweite von Hunden aufbewahrt werden.<\/p>\n<p>In vielen Lebensmitteln ist der Zuckeraustauschstoff Xylit (Birkenzucker) enthalten. Er ist giftig f\u00fcr Hunde. Diese Produkte m\u00fcssen hundesicher verpackt werden. Xylit ist zum Beispiel in vielen zuckerfreien Bonbons, Kaugummis oder in Zahnpasta enthalten. Hier lohnt es sich, die Zutatenliste genauer zu studieren.<\/p>\n<h3>Lebensmittel, die harmlos wirken, f\u00fcr Hunde in der Wohnung jedoch giftig sind:<\/h3>\n<ul class=\"liststyle-1\">\n<li>Avocado<\/li>\n<li>Kakao<\/li>\n<li>Knoblauch<\/li>\n<li>koffeinhaltige Getr\u00e4nke und Speisen<\/li>\n<li>N\u00fcsse (Macadamian\u00fcsse, Bittermandeln, Muskatnuss, Eicheln, Bucheckern)<\/li>\n<li>Steinobst (Aprikosen, Kirschen, Pflaumen)<\/li>\n<li>Weintrauben (Ob rote, gr\u00fcne oder als Rosinen, Weintrauben enthalten Oxals\u00e4ure, die beim Hund zu Nierenversagen f\u00fchren kann)<\/li>\n<li>Zwiebeln<\/li>\n<\/ul>\n<h2>2. Medikamente sicher verschlie\u00dfen<\/h2>\n<p>Medikamente f\u00fcr Menschen sind oft giftig f\u00fcr Hunde. Verstauen Sie Schmerzmittel wie Aspirin oder Ibuprofen sowie Schlaf- und Beruhigungsmittel unbedingt an einem sicheren Ort, an den dein Hund nicht herankommt. Viele Wirkstoffe werden zwar auch f\u00fcr Hunde verschrieben, die Dosierung ist dabei aber viel geringer: Ein 90 Kilo schwerer Mann ben\u00f6tigt zum Beispiel eine Dosierung, die f\u00fcr einen f\u00fcnf Kilo schweren Hund gef\u00e4hrlich werden kann.<\/p>\n<h2>3. Ausgew\u00e4hlte Pflanzen f\u00fcr eine hundesichere Wohnung<\/h2>\n<p>Gerade junge Hunde neigen dazu, ihre Umgebung mit Anlecken und Anknabbern zu erkunden. Einige unserer Zimmerpflanzen sind giftig f\u00fcr die vierbeinigen Begleiter und sollten besser nicht f\u00fcr sie erreichbar sein.<\/p>\n<p>Gef\u00e4hrlich sind zum Beispiel Tulpen, Geranien, Maigl\u00f6ckchen, Efeu und Weihnachtsstern.<\/p>\n<h2>4. M\u00f6bel und Dekoration sollten stabil und bruchsicher sein<\/h2>\n<p>Inspiziere deine M\u00f6bel und Dekoration einmal genau: Gibt es etwas, was vielleicht herunterfallen k\u00f6nnte, wenn der Hund gegen das Regal l\u00e4uft oder an der Tischdecke zieht? Hier k\u00f6nnte er sich durch Scherben der Vase verletzen oder von spitzer Kante eines Gegenstandes getroffen werden.<\/p>\n<h2>5. Verschluckbare Kleinteile wegr\u00e4umen<\/h2>\n<p>Gerade jungen Hunden wird ihre Neugierde und ihr Spieltrieb zum Verh\u00e4ngnis: Herumliegende Kleinteile wie Rei\u00dfzwecken und N\u00e4hnadeln k\u00f6nnen verschluckt oder in die Pfote eingetreten werden, Plastikt\u00fcten animieren wom\u00f6glich zum Hineinkriechen und es droht Erstickungsgefahr.<\/p>\n<h2>6. Spielzeug und Kauartikel pr\u00fcfen<\/h2>\n<p>Mit einigen Spielzeugen und Kauartikeln solltest du deinen Hund nicht unbeaufsichtigt lassen. Kuscheltiere, bei denen die Augen nicht gestickt, sondern aus hartem Plastik bestehen, k\u00f6nnen verschluckt werden.<\/p>\n<p>Ein Kauknochen kann ebenfalls gef\u00e4hrlich werden, wenn der Hund das Ende verschluckt. Der Knochen kann im Rachenbereich stecken bleiben und zu Atemproblemen f\u00fchren. Hat der Knochen den Rachen bereits passiert, kann er auf dem Weg in den Magen die Speiser\u00f6hre oder den Darm perforieren.<\/p>\n<p>Generell gilt, nichts unbeaufsichtigt oder in Reichweite des Hundes liegen zulassen. Hilfreich ist, dein Zuhause einmal aus Hundeaugen zu betrachten: Liegt irgendwo etwas herum, was man klauen, anknabbern oder verschlucken k\u00f6nnte?<\/p>\n<h2>7. Treppen sichern mit Kindergittern und Stufenmatten<\/h2>\n<p>Treppen in Wohnungen k\u00f6nnen oft glatt sein. Schnell rutschen dort selbst ausgewachsene Hunde aus und fallen im schlimmsten Fall durch die Stufen eine Etage tiefer. \u00a0Damit das nicht passiert, solltest du die Treppenauf- und abg\u00e4nge mit Kindergittern versperren, um das unbeaufsichtigte Betreten durch den Hund zu minimieren. Die Treppenstufen selbst k\u00f6nnen rutschfester nachger\u00fcstet werden mit Stufenmatten.<\/p>\n<p>Gerade junge Welpen sind dieser Gefahr ausgesetzt. Lese hier nach, auf was du <a href=\"https:\/\/uelzener.de\/magazin\/hund\/haltung\/welpe-zieht-ein\/\">beim Einzug eines Welpens<\/a> achten musst.<\/p>\n<h2>8. Wohnung hundesicher machen durch Hygiene<\/h2>\n<p>Hundesicher bedeutet auch, dass der Hund m\u00f6glichst sicher vor Krankheiten ist. Besonders im Sommer kann es schnell passieren, dass dein <a href=\"https:\/\/uelzener.de\/magazin\/hund\/tiergesundheit\/floehe-hund\/\">Hund Fl\u00f6he<\/a> mit nach Hause bringt. Aber auch in den kleinsten Ritzen und Ecken k\u00f6nnen Fl\u00f6he nisten und somit eine Gefahr f\u00fcr deinen Hund darstellen. Demnach ist es wichtig, die Wohnung m\u00f6glichst sauber zu halten.<\/p>\n<h2>FAQ: H\u00e4ufig gestellte Fragen zum Thema Wohnung hundesicher machen<\/h2>\n<h3 id=\"exacc_qNwNY4LICqfk7_UPrbeb-AI_1\" class=\"iDjcJe IX9Lgd wwB5gf\" aria-hidden=\"true\">Wie mache ich die Wohnung hundesicher?<\/h3>\n<p>F\u00fcr Hunde giftige Lebensmittel, Medikamente und Zimmerpflanzen entfernen oder au\u00dfer Reichweite des Hundes aufbewahren.<br \/>\nKleinteile und zerbrechliche Gegenst\u00e4nde in der Wohnung k\u00f6nnen zudem eine Gefahr f\u00fcr die Haustiere bilden. Treppenh\u00e4user und Treppenstufen sollten nicht unbeaufsichtigt begehbar sowie rutschfest sein.<\/p>\n<h3>Wie sch\u00fctzt man Kabel vor Hunden?<\/h3>\n<div>Verlege besonders Stromkabel so, dass dein Hund diese nicht erreichen kann, um gegebenenfalls einen t\u00f6dlichen Stromschlag abzuwenden. Kabelschutzleisten sorgen hier schnell f\u00fcr mehr Hundesicherheit in der Wohnung.<\/div>\n<div>\n<p>Kauen ist ein nat\u00fcrlicher Vorgang f\u00fcr Hunde, um Langeweile, Aggressionen, Einsamkeit, Stress, Angst sowie seine aufgestauten Energien abzubauen. Au\u00dferdem tr\u00e4gt das Kauen dazu bei, die Bildung von Zahnbel\u00e4gen bei Hunden zu verringern. Deshalb sollte nicht generell das Knabbern in der Wohnung durch ein lautes &#8222;Nein!&#8220; und das Verbieten mit negativen Emotionen aufgeladen werden. Besser ist es, dem Hund beim Auspowern zu helfen und f\u00fcr die richtigen <a href=\"https:\/\/uelzener.de\/magazin\/hund\/erziehung-und-training\/welches-spielzeug-fuer-hunde\/\">Hundespielzeuge<\/a> zu sorgen.<\/p>\n<h3 id=\"exacc_We0NY-iGHJmDxc8P9K-IoAI_3\" class=\"iDjcJe IX9Lgd wwB5gf\" aria-hidden=\"true\">Sind Steckdosen f\u00fcr Hunde gef\u00e4hrlich?<\/h3>\n<div class=\"YsGUOb\">Die Antwort ist ein klares Ja. Die L\u00f6sung daf\u00fcr ebenso einfach: Handels\u00fcbliche Kindersicherungen sch\u00fctzen den Hund vor einem Stromschlag bei Wandsteckdosen und Mehrfachsteckleisten.<\/div>\n<\/div>\n<div>\n<p>Auch die blinkenden elektronischen Ger\u00e4te locken so manchen Hund an und verleiten ihn dazu damit zu spielen. Deshalb sind auch Musikboxen, Spielekonsolen und Co. besser an h\u00f6her gelegenen Orten aufzubewahren.<\/p>\n<\/div>\n<p>Au\u00dferhalb deiner Obhut kann, wie du wei\u00dft, noch so viel passieren. Schlie\u00dfe daher immer eine gute <strong>Hunde-Krankenversicherung<\/strong> sowie eine <strong>Hunde-Haftpflichtversicherung<\/strong> f\u00fcr deinen Hund ab und sei auf der sicheren Seite.<\/p>\n\n<div class=\"banner\">\n    <a href=\"https:\/\/uelzener.de\/hund\/hunde-krankenversicherung\/?agt=0000104925&sem=true&utm_medium=magazin&utm_source=wordpress&utm_campaign=hund_kv&utm_content=banner\">\n        <img decoding=\"async\" width=\"300\" height=\"212\" src=\"https:\/\/uelzener.de\/magazin\/app\/uploads\/2025\/01\/Hunde-Kranken-Versicherung.jpg\" class=\"attachment-medium size-medium\" alt=\"Banner Hunde-Kranken-Versicherung\" \/>    <\/a>\n<\/div>\n\n\n<div class=\"banner\">\n    <a href=\"https:\/\/uelzener.de\/hund\/hunde-haftpflichtversicherung\/?agt=0000104925&sem=true&utm_medium=magazin&utm_source=wordpress&utm_campaign=hund_haf&utm_content=banner\">\n        <img decoding=\"async\" width=\"300\" height=\"212\" src=\"https:\/\/uelzener.de\/magazin\/app\/uploads\/2025\/01\/Hundehalter-Haftpflicht-Versicherung.jpg\" class=\"attachment-medium size-medium\" alt=\"Banner Hundehalter-Haftpflicht-Versicherung\" \/>    <\/a>\n<\/div>\n\n","protected":false},"excerpt":{"rendered":"<p>Dein Hund hat die Zimmerpflanze angeknabbert oder die geerbte Vase von Oma umgeworfen? Im eigenen Zuhause verstecken sich Gefahren, die f\u00fcr deinen Vierbeiner erst auf den zweiten Blick zu einem gro\u00dfen Risiko werden. Wir verraten dir, wie du deine Wohnung hundesicher machen kannst. Wer sich ein Tier nach Hause holt, tr\u00e4gt Verantwortung. Als Hundehalter muss [&hellip;]<\/p>\n","protected":false},"author":1,"featured_media":14897,"parent":11650,"menu_order":10,"comment_status":"open","ping_status":"open","template":"templates\/blog.php","meta":{"_acf_changed":false,"_crdt_document":"","footnotes":"","beyondwords_generate_audio":"0","beyondwords_project_id":"","beyondwords_content_id":"","beyondwords_preview_token":"","beyondwords_player_style":"","beyondwords_language_id":"","beyondwords_title_voice_id":"","beyondwords_body_voice_id":"","beyondwords_summary_voice_id":"","beyondwords_error_message":"","beyondwords_disabled":"","beyondwords_delete_content":"","beyondwords_podcast_id":"","beyondwords_hash":"","publish_post_to_speechkit":"","speechkit_hash":"","speechkit_generate_audio":"","speechkit_project_id":"","speechkit_podcast_id":"","speechkit_error_message":"","speechkit_disabled":"","speechkit_access_key":"","speechkit_error":"","speechkit_info":"","speechkit_response":"","speechkit_retries":"","speechkit_status":"","speechkit_updated_at":"","_speechkit_link":"","_speechkit_text":""},"class_list":["post-10069","page","type-page","status-publish","has-post-thumbnail","hentry"],"acf":[],"yoast_head":"<!-- This site is optimized with the Yoast SEO Premium plugin  - https:\/\/yoast.com\/product\/yoast-seo-premium-wordpress\/ -->\n<title>Wohnung hundesicher machen \u2013 8 Tipps f\u00fcr Dein Zuhause | Uelzener<\/title>\n<meta name=\"description\" content=\"So machst Du Deine Wohnung oder Haus hundesicher \u2713 M\u00f6bel \u2713 Deko \u2713 Pflanzen \u2713 Kleinteile \u2713 Kauartikel \u2713 Hygiene \u25b6 Hier informieren!\" \/>\n<meta name=\"robots\" content=\"index, follow, max-snippet:-1, max-image-preview:large, max-video-preview:-1\" \/>\n<link rel=\"canonical\" href=\"https:\/\/uelzener.de\/magazin\/hund\/haltung\/wohnung-hundesicher-machen\/\" \/>\n<meta property=\"og:locale\" content=\"de_DE\" \/>\n<meta property=\"og:type\" content=\"article\" \/>\n<meta property=\"og:title\" content=\"Wohnung hundesicher machen: Gefahren erkennen und vermeiden\" \/>\n<meta property=\"og:description\" content=\"So machst Du Deine Wohnung oder Haus hundesicher \u2713 M\u00f6bel \u2713 Deko \u2713 Pflanzen \u2713 Kleinteile \u2713 Kauartikel \u2713 Hygiene \u25b6 Hier informieren!\" \/>\n<meta property=\"og:url\" content=\"https:\/\/uelzener.de\/magazin\/hund\/haltung\/wohnung-hundesicher-machen\/\" \/>\n<meta property=\"og:site_name\" content=\"Uelzener Tier-Magazin\" \/>\n<meta property=\"article:publisher\" content=\"https:\/\/www.facebook.com\/Uelzener\" \/>\n<meta property=\"article:modified_time\" content=\"2023-10-13T15:18:20+00:00\" \/>\n<meta property=\"og:image\" content=\"https:\/\/uelzener.de\/magazin\/app\/uploads\/2023\/01\/wohung-hundesicher-machen.jpg\" \/>\n\t<meta property=\"og:image:width\" content=\"1025\" \/>\n\t<meta property=\"og:image:height\" content=\"450\" \/>\n\t<meta property=\"og:image:type\" content=\"image\/jpeg\" \/>\n<meta name=\"twitter:card\" content=\"summary_large_image\" \/>\n<meta name=\"twitter:label1\" content=\"Gesch\u00e4tzte Lesezeit\" \/>\n\t<meta name=\"twitter:data1\" content=\"5\u00a0Minuten\" \/>\n<script type=\"application\/ld+json\" class=\"yoast-schema-graph\">{\"@context\":\"https:\/\/schema.org\",\"@graph\":[{\"@type\":\"WebPage\",\"@id\":\"https:\/\/uelzener.de\/magazin\/hund\/haltung\/wohnung-hundesicher-machen\/\",\"url\":\"https:\/\/uelzener.de\/magazin\/hund\/haltung\/wohnung-hundesicher-machen\/\",\"name\":\"Wohnung hundesicher machen \u2013 8 Tipps f\u00fcr Dein Zuhause | Uelzener\",\"isPartOf\":{\"@id\":\"https:\/\/uelzener.de\/magazin\/#website\"},\"primaryImageOfPage\":{\"@id\":\"https:\/\/uelzener.de\/magazin\/hund\/haltung\/wohnung-hundesicher-machen\/#primaryimage\"},\"image\":{\"@id\":\"https:\/\/uelzener.de\/magazin\/hund\/haltung\/wohnung-hundesicher-machen\/#primaryimage\"},\"thumbnailUrl\":\"https:\/\/uelzener.de\/magazin\/app\/uploads\/2023\/01\/wohung-hundesicher-machen.jpg\",\"datePublished\":\"2022-08-30T11:00:00+00:00\",\"dateModified\":\"2023-10-13T15:18:20+00:00\",\"description\":\"So machst Du Deine Wohnung oder Haus hundesicher \u2713 M\u00f6bel \u2713 Deko \u2713 Pflanzen \u2713 Kleinteile \u2713 Kauartikel \u2713 Hygiene \u25b6 Hier informieren!\",\"breadcrumb\":{\"@id\":\"https:\/\/uelzener.de\/magazin\/hund\/haltung\/wohnung-hundesicher-machen\/#breadcrumb\"},\"inLanguage\":\"de\",\"potentialAction\":[{\"@type\":\"ReadAction\",\"target\":[\"https:\/\/uelzener.de\/magazin\/hund\/haltung\/wohnung-hundesicher-machen\/\"]}]},{\"@type\":\"ImageObject\",\"inLanguage\":\"de\",\"@id\":\"https:\/\/uelzener.de\/magazin\/hund\/haltung\/wohnung-hundesicher-machen\/#primaryimage\",\"url\":\"https:\/\/uelzener.de\/magazin\/app\/uploads\/2023\/01\/wohung-hundesicher-machen.jpg\",\"contentUrl\":\"https:\/\/uelzener.de\/magazin\/app\/uploads\/2023\/01\/wohung-hundesicher-machen.jpg\",\"width\":1025,\"height\":450,\"caption\":\"Zwei Hunde rennen hintereinander die Treppe herunter. Hoffentlich sind die Stufen gesichert mit Stufenmatten.\"},{\"@type\":\"WebSite\",\"@id\":\"https:\/\/uelzener.de\/magazin\/#website\",\"url\":\"https:\/\/uelzener.de\/magazin\/\",\"name\":\"Uelzener Tiermagazin\",\"description\":\"Online Tierratgeber der Uelzener Versicherungen\",\"publisher\":{\"@id\":\"https:\/\/uelzener.de\/magazin\/#organization\"},\"potentialAction\":[{\"@type\":\"SearchAction\",\"target\":{\"@type\":\"EntryPoint\",\"urlTemplate\":\"https:\/\/uelzener.de\/magazin\/?s={search_term_string}\"},\"query-input\":{\"@type\":\"PropertyValueSpecification\",\"valueRequired\":true,\"valueName\":\"search_term_string\"}}],\"inLanguage\":\"de\"},{\"@type\":\"Organization\",\"@id\":\"https:\/\/uelzener.de\/magazin\/#organization\",\"name\":\"Uelzener Versicherungen\",\"url\":\"https:\/\/uelzener.de\/magazin\/\",\"logo\":{\"@type\":\"ImageObject\",\"inLanguage\":\"de\",\"@id\":\"https:\/\/uelzener.de\/magazin\/#\/schema\/logo\/image\/\",\"url\":\"https:\/\/uelzener.de\/magazin\/app\/uploads\/2024\/11\/uelzener_allgemeine_versicherungsgesellschaft_a_g_logo.jpg\",\"contentUrl\":\"https:\/\/uelzener.de\/magazin\/app\/uploads\/2024\/11\/uelzener_allgemeine_versicherungsgesellschaft_a_g_logo.jpg\",\"width\":200,\"height\":200,\"caption\":\"Uelzener Versicherungen\"},\"image\":{\"@id\":\"https:\/\/uelzener.de\/magazin\/#\/schema\/logo\/image\/\"},\"sameAs\":[\"https:\/\/www.facebook.com\/Uelzener\",\"https:\/\/instagram.com\/uelzener\",\"https:\/\/www.xing.com\/pages\/uelzenerallgemeineversicherungs-gesellschafta-g\",\"https:\/\/www.youtube.com\/UelzenerVersicherungen\"]}]}<\/script>\n<!-- \/ Yoast SEO Premium plugin. -->","yoast_head_json":{"title":"Wohnung hundesicher machen \u2013 8 Tipps f\u00fcr Dein Zuhause | Uelzener","description":"So machst Du Deine Wohnung oder Haus hundesicher \u2713 M\u00f6bel \u2713 Deko \u2713 Pflanzen \u2713 Kleinteile \u2713 Kauartikel \u2713 Hygiene \u25b6 Hier informieren!","robots":{"index":"index","follow":"follow","max-snippet":"max-snippet:-1","max-image-preview":"max-image-preview:large","max-video-preview":"max-video-preview:-1"},"canonical":"https:\/\/uelzener.de\/magazin\/hund\/haltung\/wohnung-hundesicher-machen\/","og_locale":"de_DE","og_type":"article","og_title":"Wohnung hundesicher machen: Gefahren erkennen und vermeiden","og_description":"So machst Du Deine Wohnung oder Haus hundesicher \u2713 M\u00f6bel \u2713 Deko \u2713 Pflanzen \u2713 Kleinteile \u2713 Kauartikel \u2713 Hygiene \u25b6 Hier informieren!","og_url":"https:\/\/uelzener.de\/magazin\/hund\/haltung\/wohnung-hundesicher-machen\/","og_site_name":"Uelzener Tier-Magazin","article_publisher":"https:\/\/www.facebook.com\/Uelzener","article_modified_time":"2023-10-13T15:18:20+00:00","og_image":[{"width":1025,"height":450,"url":"https:\/\/uelzener.de\/magazin\/app\/uploads\/2023\/01\/wohung-hundesicher-machen.jpg","type":"image\/jpeg"}],"twitter_card":"summary_large_image","twitter_misc":{"Gesch\u00e4tzte Lesezeit":"5\u00a0Minuten"},"schema":{"@context":"https:\/\/schema.org","@graph":[{"@type":"WebPage","@id":"https:\/\/uelzener.de\/magazin\/hund\/haltung\/wohnung-hundesicher-machen\/","url":"https:\/\/uelzener.de\/magazin\/hund\/haltung\/wohnung-hundesicher-machen\/","name":"Wohnung hundesicher machen \u2013 8 Tipps f\u00fcr Dein Zuhause | Uelzener","isPartOf":{"@id":"https:\/\/uelzener.de\/magazin\/#website"},"primaryImageOfPage":{"@id":"https:\/\/uelzener.de\/magazin\/hund\/haltung\/wohnung-hundesicher-machen\/#primaryimage"},"image":{"@id":"https:\/\/uelzener.de\/magazin\/hund\/haltung\/wohnung-hundesicher-machen\/#primaryimage"},"thumbnailUrl":"https:\/\/uelzener.de\/magazin\/app\/uploads\/2023\/01\/wohung-hundesicher-machen.jpg","datePublished":"2022-08-30T11:00:00+00:00","dateModified":"2023-10-13T15:18:20+00:00","description":"So machst Du Deine Wohnung oder Haus hundesicher \u2713 M\u00f6bel \u2713 Deko \u2713 Pflanzen \u2713 Kleinteile \u2713 Kauartikel \u2713 Hygiene \u25b6 Hier informieren!","breadcrumb":{"@id":"https:\/\/uelzener.de\/magazin\/hund\/haltung\/wohnung-hundesicher-machen\/#breadcrumb"},"inLanguage":"de","potentialAction":[{"@type":"ReadAction","target":["https:\/\/uelzener.de\/magazin\/hund\/haltung\/wohnung-hundesicher-machen\/"]}]},{"@type":"ImageObject","inLanguage":"de","@id":"https:\/\/uelzener.de\/magazin\/hund\/haltung\/wohnung-hundesicher-machen\/#primaryimage","url":"https:\/\/uelzener.de\/magazin\/app\/uploads\/2023\/01\/wohung-hundesicher-machen.jpg","contentUrl":"https:\/\/uelzener.de\/magazin\/app\/uploads\/2023\/01\/wohung-hundesicher-machen.jpg","width":1025,"height":450,"caption":"Zwei Hunde rennen hintereinander die Treppe herunter. Hoffentlich sind die Stufen gesichert mit Stufenmatten."},{"@type":"WebSite","@id":"https:\/\/uelzener.de\/magazin\/#website","url":"https:\/\/uelzener.de\/magazin\/","name":"Uelzener Tiermagazin","description":"Online Tierratgeber der Uelzener Versicherungen","publisher":{"@id":"https:\/\/uelzener.de\/magazin\/#organization"},"potentialAction":[{"@type":"SearchAction","target":{"@type":"EntryPoint","urlTemplate":"https:\/\/uelzener.de\/magazin\/?s={search_term_string}"},"query-input":{"@type":"PropertyValueSpecification","valueRequired":true,"valueName":"search_term_string"}}],"inLanguage":"de"},{"@type":"Organization","@id":"https:\/\/uelzener.de\/magazin\/#organization","name":"Uelzener Versicherungen","url":"https:\/\/uelzener.de\/magazin\/","logo":{"@type":"ImageObject","inLanguage":"de","@id":"https:\/\/uelzener.de\/magazin\/#\/schema\/logo\/image\/","url":"https:\/\/uelzener.de\/magazin\/app\/uploads\/2024\/11\/uelzener_allgemeine_versicherungsgesellschaft_a_g_logo.jpg","contentUrl":"https:\/\/uelzener.de\/magazin\/app\/uploads\/2024\/11\/uelzener_allgemeine_versicherungsgesellschaft_a_g_logo.jpg","width":200,"height":200,"caption":"Uelzener Versicherungen"},"image":{"@id":"https:\/\/uelzener.de\/magazin\/#\/schema\/logo\/image\/"},"sameAs":["https:\/\/www.facebook.com\/Uelzener","https:\/\/instagram.com\/uelzener","https:\/\/www.xing.com\/pages\/uelzenerallgemeineversicherungs-gesellschafta-g","https:\/\/www.youtube.com\/UelzenerVersicherungen"]}]}},"_links":{"self":[{"href":"https:\/\/uelzener.de\/magazin\/wp-json\/wp\/v2\/pages\/10069","targetHints":{"allow":["GET"]}}],"collection":[{"href":"https:\/\/uelzener.de\/magazin\/wp-json\/wp\/v2\/pages"}],"about":[{"href":"https:\/\/uelzener.de\/magazin\/wp-json\/wp\/v2\/types\/page"}],"author":[{"embeddable":true,"href":"https:\/\/uelzener.de\/magazin\/wp-json\/wp\/v2\/users\/1"}],"replies":[{"embeddable":true,"href":"https:\/\/uelzener.de\/magazin\/wp-json\/wp\/v2\/comments?post=10069"}],"version-history":[{"count":14,"href":"https:\/\/uelzener.de\/magazin\/wp-json\/wp\/v2\/pages\/10069\/revisions"}],"predecessor-version":[{"id":16374,"href":"https:\/\/uelzener.de\/magazin\/wp-json\/wp\/v2\/pages\/10069\/revisions\/16374"}],"up":[{"embeddable":true,"href":"https:\/\/uelzener.de\/magazin\/wp-json\/wp\/v2\/pages\/11650"}],"wp:featuredmedia":[{"embeddable":true,"href":"https:\/\/uelzener.de\/magazin\/wp-json\/wp\/v2\/media\/14897"}],"wp:attachment":[{"href":"https:\/\/uelzener.de\/magazin\/wp-json\/wp\/v2\/media?parent=10069"}],"curies":[{"name":"wp","href":"https:\/\/api.w.org\/{rel}","templated":true}]}}