{"id":10068,"date":"2024-01-17T12:00:00","date_gmt":"2024-01-17T11:00:00","guid":{"rendered":""},"modified":"2024-01-22T15:41:10","modified_gmt":"2024-01-22T14:41:10","slug":"trennungsangst-hund","status":"publish","type":"page","link":"https:\/\/uelzener.de\/magazin\/hund\/erziehung-und-training\/trennungsangst-hund\/","title":{"rendered":"Trennungsangst: Wenn Hunde nicht allein bleiben wollen"},"content":{"rendered":"<p>Als soziale Tiere suchen die meisten Hunde engen Anschluss an ihre Menschen und empfinden Stress, wenn sie allein gelassen werden. Doch sie k\u00f6nnen lernen, damit umzugehen.\u00a0 Tipps zum richtigen Training und was du gegen die Panik deines Vierbeiners tun kannst, erf\u00e4hrst du in diesem Beitrag.<\/p>\n<h2>Trennungs\u00e4ngsten beim Hund vorbeugen<\/h2>\n<p>So r\u00fchrend es ist, wenn der junge Hund uns auf Schritt und Tritt verfolgt und uns in der Wohnung nie aus den Augen l\u00e4sst: Damit ist der Grundstein f\u00fcr sp\u00e4tere Trennungsangst bereits gelegt.<\/p>\n<p><strong>Gleich nach dem Einzug<\/strong> sollte ein junger Hund erfahren, dass es keine Katastrophe ist, wenn du in ein anderes Zimmer gehst, in das er dir nicht folgen kann. <strong>Schlie\u00dfe die T\u00fcr hinter dir und warte ein paar Minuten<\/strong>. Bleibt er ruhig, \u00f6ffne die T\u00fcr und setze dich wieder auf einen Stuhl oder tue sonst irgendetwas im Zimmer. Keinesfalls darfst du jetzt den Hund begr\u00fc\u00dfen oder verh\u00e4tscheln.<\/p>\n<p>Das praktizierst du <strong>mehrmals am Tag<\/strong>. \u00d6ffne niemals die T\u00fcr, wenn der Hund weint oder an der T\u00fcre kratzt, sondern immer erst dann, wenn er <strong>ruhig<\/strong> ist. Allm\u00e4hlich kannst du dann <strong>die Zeiten verl\u00e4ngern<\/strong>, w\u00e4hrend dein Hund in einem Zimmer allein bleibt und du in einem anderen Raum bist. Schlie\u00dflich kannst du <strong>die Wohnung kurz<\/strong> und dann immer l\u00e4nger verlassen, ohne dass der Hund in Panik ger\u00e4t.<\/p>\n<h2>Trennungsangst beim Hund therapieren<\/h2>\n<p>Wenn der Hund bereits unter <strong>Trennungsangst<\/strong> leidet, brauchst du viel <strong>Geduld und Konsequenz<\/strong>. Je l\u00e4nger die Trennungsangst schon besteht, desto l\u00e4nger dauert auch die Therapie, da sich das <strong>Angstverhalten<\/strong> durch wiederholte Panikattacken immer weiter festigt. Wer also glaubt, da m\u00fcsse der Hund durch, verschlimmert dessen Leiden, statt ihm zu helfen.<\/p>\n<h2>Der richtige Warteplatz, um den Hund ans Alleinsein zu gew\u00f6hnen<\/h2>\n<p>Bevor du mit dem Training beginnst, trainiere das <strong>Schicken auf einen Schlaf-, Ruhe- oder Warteplatz<\/strong>. Definiere einen Ort, auf den der Hund sich zur\u00fcckziehen soll, w\u00e4hrend du abwesend bist. Das kann eine <strong>Decke<\/strong> oder ein <strong>K\u00f6rbchen<\/strong> sein. Der Platz sollte sich <strong>in einer Ecke<\/strong> befinden, damit der Hund keinen \u00dcberblick \u00fcber die Umgebung hat, also <strong>keine Wachfunktion<\/strong> \u00fcbernehmen muss.<\/p>\n<p>Diesen Platz machst du ihm angenehm, indem er dort \u2013 und nur dort \u2013 feinste <strong>Leckerbissen<\/strong> und sein absolutes <strong>Lieblingsspielzeug<\/strong> bekommt \u2013 zum Beispiel einen Kong, einen <strong>Futterball<\/strong> oder ein <strong>Quietschie<\/strong>. <strong>Leckerbissen<\/strong> und <a href=\"https:\/\/uelzener.de\/magazin\/hund\/erziehung-und-training\/welches-spielzeug-fuer-hunde\/\"><strong>Hundespielzeug<\/strong><\/a> d\u00fcrfen ab sofort <strong>nur dort angeboten werden<\/strong> und m\u00fcssen immer wegger\u00e4umt werden, wenn der Hund vom Platz aufstehen darf. Ziel ist es, dem Hund das Gef\u00fchl zu vermitteln, dass der Aufenthalt auf seinem Platz prima ist.<\/p>\n<p>Verbinde das Locken auf diesen Platz mit einem <strong>Schl\u00fcsselwort<\/strong>, das idealerweise fr\u00f6hlich gerufen wird: \u201eAuf die Decke!\u201c, \u201eAuf den Platz!\u201c, \u201eGeh schlafen!\u201c. Deine Wortwahl ist egal, sie muss nur klar verkn\u00fcpfbar mit dem Gang auf die Decke sein. Erst sollte der Hund nur kurz dortbleiben m\u00fcssen, w\u00e4hrend du noch im Raum bist. Dann verl\u00e4ngerst du seinen Aufenthalt dort und schlie\u00dflich verl\u00e4sst du den Raum.<\/p>\n<p>Um zu kontrollieren, ob der Hund sich ruhig verh\u00e4lt, sind eine <strong>Videokamera<\/strong> oder ein <strong>Babyfon<\/strong> n\u00fctzlich. Bleibt der Hund ruhig und geht nicht ergeben, sondern fr\u00f6hlich auf seinen Platz, hast du gewonnen und kannst deine Abwesenheit erst aus dem Raum, dann aus der Wohnung ganz allm\u00e4hlich verl\u00e4ngern.<\/p>\n<p>Auf Winseln, Gebell oder Kratzen reagierst du nicht, sondern wartest einen ruhigen Moment ab, um wiederzukommen.<\/p>\n<h2>Weggehen und Wiederkommen bei Trennungsangst<\/h2>\n<p>Das Entfernen aus der Wohnung sollte immer <strong>ohne gro\u00dfe Worte oder Trost<\/strong> erfolgen. Pfeife fr\u00f6hlich vor dich hin, zeige deine gute Stimmung deutlich und gehe, ohne sich um den Hund zu k\u00fcmmern, zur Haust\u00fcre. <strong>Stimmungs\u00fcbertragung<\/strong> macht einen Gro\u00dfteil der Hundegef\u00fchle aus, deshalb ist ein <strong>Abschied mit mitleidigen Worten kontraproduktiv<\/strong>. Er \u00e4ngstigt den Hund.<\/p>\n<p>Um ihm das <strong>Alleinsein<\/strong> zu vers\u00fc\u00dfen, haben sich die <strong>Lieblingsspielzeuge<\/strong> und <strong>Leckerbissen<\/strong> bew\u00e4hrt, die ihm abwechselnd zur Verf\u00fcgung stehen, damit sie ihren Reiz nicht verlieren. Ganz wichtig ist es, sofort bei der R\u00fcckkehr die tollen <strong>Spielsachen wegzur\u00e4umen<\/strong> und <strong>kein gro\u00dfes Begr\u00fc\u00dfungsszenario<\/strong> zu veranstalten. Erst wenn der Hund sich beruhigt hat, ruf ihn zu dir und knuddel ihn durch oder gehe eine Runde <a href=\"https:\/\/uelzener.de\/magazin\/hund\/erziehung-und-training\/joggen-mit-hund\/\">Joggen mit dem Hund<\/a>. Es kann Wochen dauern, bis die <strong>positiven Gef\u00fchle des Hundes seine \u00c4ngste \u00fcberdecken<\/strong>. Aber mit <strong>Geduld<\/strong> und <strong>Konsequenz<\/strong> kann jeder Hund lernen, ohne Angst allein zu bleiben.<\/p>\n<p>Und falls die <strong>Trennung<\/strong> doch dauerhaft ist, weil der\/die Besitzer:in wechselt? Dann lies hier nach, wie du im Falle einer <a href=\"https:\/\/uelzener.de\/magazin\/hund\/tipps-fuer-den-alltag\/trennung-mit-hund\/\"><strong>Trennung mit Hund<\/strong><\/a> dem geliebten Haustier bei der Bew\u00e4ltigung helfen kannst.<\/p>\n<h2>FAQ: H\u00e4ufige Fragen zur Trennungsangst bei Hunden<\/h2>\n<h3>Was hilft bei Trennungsangst beim Hund?<\/h3>\n<p>Gew\u00f6hne deinen Hund ans Alleinsein, indem du in einen anderen Raum gehst und ihn ein paar Minuten allein l\u00e4sst. Lass ihm am besten eine spa\u00dfige Ablenkung, wie sein Lieblingsspielzeug oder Leckerli da. Wenn er ruhig bleibt, kehre nach ein paar Minuten ohne viel Aufsehen in den Raum zur\u00fcck.<\/p>\n<h3>Wie bringe ich meinen Hund dazu, allein zu bleiben?<\/h3>\n<p>Um den Hund ans Alleinsein zu gew\u00f6hnen, sind Geduld und Konsequenz n\u00f6tig. Idealerweise sollte er bereits als Welpe lernen, dass es keine Katastrophe ist, wenn du in ein anderes Zimmer gehst, in das er nicht folgen kann. Verlasse mehrmals am Tag den Raum, schlie\u00dfe die T\u00fcr hinter dir und warte ein paar Minuten, bis du wieder ohne viel Aufsehen zur\u00fcckkehrst.<\/p>\n<h3>Kann ein zweiter Hund bei Trennungsangst helfen?<\/h3>\n<p>Ein zweiter Hund kann bei Trennungsangst helfen, aber es gibt keine Garantie. Wichtig ist, dass sich beide Hunde miteinander verstehen, um zus\u00e4tzliche Probleme zu vermeiden. Au\u00dferdem muss der zweite Hund ebenfalls an das Alleinsein gew\u00f6hnt werden, um das Risiko zu vermeiden, dass sich beide Hunde in ihrer Angst gegenseitig verst\u00e4rken.<\/p>\n","protected":false},"excerpt":{"rendered":"<p>Als soziale Tiere suchen die meisten Hunde engen Anschluss an ihre Menschen und empfinden Stress, wenn sie allein gelassen werden. Doch sie k\u00f6nnen lernen, damit umzugehen.\u00a0 Tipps zum richtigen Training und was du gegen die Panik deines Vierbeiners tun kannst, erf\u00e4hrst du in diesem Beitrag. Trennungs\u00e4ngsten beim Hund vorbeugen So r\u00fchrend es ist, wenn der [&hellip;]<\/p>\n","protected":false},"author":1,"featured_media":16898,"parent":11679,"menu_order":27,"comment_status":"open","ping_status":"open","template":"templates\/blog.php","meta":{"_acf_changed":false,"_crdt_document":"","footnotes":"","beyondwords_generate_audio":"0","beyondwords_project_id":"","beyondwords_content_id":"","beyondwords_preview_token":"","beyondwords_player_style":"","beyondwords_language_id":"","beyondwords_title_voice_id":"","beyondwords_body_voice_id":"","beyondwords_summary_voice_id":"","beyondwords_error_message":"","beyondwords_disabled":"","beyondwords_delete_content":"","beyondwords_podcast_id":"","beyondwords_hash":"","publish_post_to_speechkit":"","speechkit_hash":"","speechkit_generate_audio":"","speechkit_project_id":"","speechkit_podcast_id":"","speechkit_error_message":"","speechkit_disabled":"","speechkit_access_key":"","speechkit_error":"","speechkit_info":"","speechkit_response":"","speechkit_retries":"","speechkit_status":"","speechkit_updated_at":"","_speechkit_link":"","_speechkit_text":""},"class_list":["post-10068","page","type-page","status-publish","has-post-thumbnail","hentry"],"acf":[],"yoast_head":"<!-- This site is optimized with the Yoast SEO Premium plugin  - https:\/\/yoast.com\/product\/yoast-seo-premium-wordpress\/ -->\n<title>Trennungsangst: Hund ans Alleinsein gew\u00f6hnen | Uelzener<\/title>\n<meta name=\"description\" content=\"Dein Hund kann nicht allein bleiben? \u25b6 Erfahre, wie du der Trennungsangst deines Hundes \u2713 vorbeugen &amp; sie \u2713 \u00fcberwinden kannst!\" \/>\n<meta name=\"robots\" content=\"index, follow, max-snippet:-1, max-image-preview:large, max-video-preview:-1\" \/>\n<link rel=\"canonical\" href=\"https:\/\/uelzener.de\/magazin\/hund\/erziehung-und-training\/trennungsangst-hund\/\" \/>\n<meta property=\"og:locale\" content=\"de_DE\" \/>\n<meta property=\"og:type\" content=\"article\" \/>\n<meta property=\"og:title\" content=\"Trennungsangst: Wenn Hunde nicht allein bleiben wollen\" \/>\n<meta property=\"og:description\" content=\"Dein Hund kann nicht allein bleiben? \u25b6 Erfahre, wie du der Trennungsangst deines Hundes \u2713 vorbeugen &amp; sie \u2713 \u00fcberwinden kannst!\" \/>\n<meta property=\"og:url\" content=\"https:\/\/uelzener.de\/magazin\/hund\/erziehung-und-training\/trennungsangst-hund\/\" \/>\n<meta property=\"og:site_name\" content=\"Uelzener Tier-Magazin\" \/>\n<meta property=\"article:publisher\" content=\"https:\/\/www.facebook.com\/Uelzener\" \/>\n<meta property=\"article:modified_time\" content=\"2024-01-22T14:41:10+00:00\" \/>\n<meta property=\"og:image\" content=\"https:\/\/uelzener.de\/magazin\/app\/uploads\/2024\/01\/hund-allein-zuhause.jpg\" \/>\n\t<meta property=\"og:image:width\" content=\"1025\" \/>\n\t<meta property=\"og:image:height\" content=\"450\" \/>\n\t<meta property=\"og:image:type\" content=\"image\/jpeg\" \/>\n<meta name=\"twitter:card\" content=\"summary_large_image\" \/>\n<meta name=\"twitter:label1\" content=\"Gesch\u00e4tzte Lesezeit\" \/>\n\t<meta name=\"twitter:data1\" content=\"4\u00a0Minuten\" \/>\n<script type=\"application\/ld+json\" class=\"yoast-schema-graph\">{\"@context\":\"https:\/\/schema.org\",\"@graph\":[{\"@type\":\"WebPage\",\"@id\":\"https:\/\/uelzener.de\/magazin\/hund\/erziehung-und-training\/trennungsangst-hund\/\",\"url\":\"https:\/\/uelzener.de\/magazin\/hund\/erziehung-und-training\/trennungsangst-hund\/\",\"name\":\"Trennungsangst: Hund ans Alleinsein gew\u00f6hnen | Uelzener\",\"isPartOf\":{\"@id\":\"https:\/\/uelzener.de\/magazin\/#website\"},\"primaryImageOfPage\":{\"@id\":\"https:\/\/uelzener.de\/magazin\/hund\/erziehung-und-training\/trennungsangst-hund\/#primaryimage\"},\"image\":{\"@id\":\"https:\/\/uelzener.de\/magazin\/hund\/erziehung-und-training\/trennungsangst-hund\/#primaryimage\"},\"thumbnailUrl\":\"https:\/\/uelzener.de\/magazin\/app\/uploads\/2024\/01\/hund-allein-zuhause.jpg\",\"datePublished\":\"2024-01-17T11:00:00+00:00\",\"dateModified\":\"2024-01-22T14:41:10+00:00\",\"description\":\"Dein Hund kann nicht allein bleiben? \u25b6 Erfahre, wie du der Trennungsangst deines Hundes \u2713 vorbeugen & sie \u2713 \u00fcberwinden kannst!\",\"breadcrumb\":{\"@id\":\"https:\/\/uelzener.de\/magazin\/hund\/erziehung-und-training\/trennungsangst-hund\/#breadcrumb\"},\"inLanguage\":\"de\",\"potentialAction\":[{\"@type\":\"ReadAction\",\"target\":[\"https:\/\/uelzener.de\/magazin\/hund\/erziehung-und-training\/trennungsangst-hund\/\"]}]},{\"@type\":\"ImageObject\",\"inLanguage\":\"de\",\"@id\":\"https:\/\/uelzener.de\/magazin\/hund\/erziehung-und-training\/trennungsangst-hund\/#primaryimage\",\"url\":\"https:\/\/uelzener.de\/magazin\/app\/uploads\/2024\/01\/hund-allein-zuhause.jpg\",\"contentUrl\":\"https:\/\/uelzener.de\/magazin\/app\/uploads\/2024\/01\/hund-allein-zuhause.jpg\",\"width\":1025,\"height\":450,\"caption\":\"Ein Beagle sitzt alleine im Wohnzimmer.\"},{\"@type\":\"WebSite\",\"@id\":\"https:\/\/uelzener.de\/magazin\/#website\",\"url\":\"https:\/\/uelzener.de\/magazin\/\",\"name\":\"Uelzener Tiermagazin\",\"description\":\"Online Tierratgeber der Uelzener Versicherungen\",\"publisher\":{\"@id\":\"https:\/\/uelzener.de\/magazin\/#organization\"},\"potentialAction\":[{\"@type\":\"SearchAction\",\"target\":{\"@type\":\"EntryPoint\",\"urlTemplate\":\"https:\/\/uelzener.de\/magazin\/?s={search_term_string}\"},\"query-input\":{\"@type\":\"PropertyValueSpecification\",\"valueRequired\":true,\"valueName\":\"search_term_string\"}}],\"inLanguage\":\"de\"},{\"@type\":\"Organization\",\"@id\":\"https:\/\/uelzener.de\/magazin\/#organization\",\"name\":\"Uelzener Versicherungen\",\"url\":\"https:\/\/uelzener.de\/magazin\/\",\"logo\":{\"@type\":\"ImageObject\",\"inLanguage\":\"de\",\"@id\":\"https:\/\/uelzener.de\/magazin\/#\/schema\/logo\/image\/\",\"url\":\"https:\/\/uelzener.de\/magazin\/app\/uploads\/2024\/11\/uelzener_allgemeine_versicherungsgesellschaft_a_g_logo.jpg\",\"contentUrl\":\"https:\/\/uelzener.de\/magazin\/app\/uploads\/2024\/11\/uelzener_allgemeine_versicherungsgesellschaft_a_g_logo.jpg\",\"width\":200,\"height\":200,\"caption\":\"Uelzener Versicherungen\"},\"image\":{\"@id\":\"https:\/\/uelzener.de\/magazin\/#\/schema\/logo\/image\/\"},\"sameAs\":[\"https:\/\/www.facebook.com\/Uelzener\",\"https:\/\/instagram.com\/uelzener\",\"https:\/\/www.xing.com\/pages\/uelzenerallgemeineversicherungs-gesellschafta-g\",\"https:\/\/www.youtube.com\/UelzenerVersicherungen\"]}]}<\/script>\n<!-- \/ Yoast SEO Premium plugin. -->","yoast_head_json":{"title":"Trennungsangst: Hund ans Alleinsein gew\u00f6hnen | Uelzener","description":"Dein Hund kann nicht allein bleiben? \u25b6 Erfahre, wie du der Trennungsangst deines Hundes \u2713 vorbeugen & sie \u2713 \u00fcberwinden kannst!","robots":{"index":"index","follow":"follow","max-snippet":"max-snippet:-1","max-image-preview":"max-image-preview:large","max-video-preview":"max-video-preview:-1"},"canonical":"https:\/\/uelzener.de\/magazin\/hund\/erziehung-und-training\/trennungsangst-hund\/","og_locale":"de_DE","og_type":"article","og_title":"Trennungsangst: Wenn Hunde nicht allein bleiben wollen","og_description":"Dein Hund kann nicht allein bleiben? \u25b6 Erfahre, wie du der Trennungsangst deines Hundes \u2713 vorbeugen & sie \u2713 \u00fcberwinden kannst!","og_url":"https:\/\/uelzener.de\/magazin\/hund\/erziehung-und-training\/trennungsangst-hund\/","og_site_name":"Uelzener Tier-Magazin","article_publisher":"https:\/\/www.facebook.com\/Uelzener","article_modified_time":"2024-01-22T14:41:10+00:00","og_image":[{"width":1025,"height":450,"url":"https:\/\/uelzener.de\/magazin\/app\/uploads\/2024\/01\/hund-allein-zuhause.jpg","type":"image\/jpeg"}],"twitter_card":"summary_large_image","twitter_misc":{"Gesch\u00e4tzte Lesezeit":"4\u00a0Minuten"},"schema":{"@context":"https:\/\/schema.org","@graph":[{"@type":"WebPage","@id":"https:\/\/uelzener.de\/magazin\/hund\/erziehung-und-training\/trennungsangst-hund\/","url":"https:\/\/uelzener.de\/magazin\/hund\/erziehung-und-training\/trennungsangst-hund\/","name":"Trennungsangst: Hund ans Alleinsein gew\u00f6hnen | Uelzener","isPartOf":{"@id":"https:\/\/uelzener.de\/magazin\/#website"},"primaryImageOfPage":{"@id":"https:\/\/uelzener.de\/magazin\/hund\/erziehung-und-training\/trennungsangst-hund\/#primaryimage"},"image":{"@id":"https:\/\/uelzener.de\/magazin\/hund\/erziehung-und-training\/trennungsangst-hund\/#primaryimage"},"thumbnailUrl":"https:\/\/uelzener.de\/magazin\/app\/uploads\/2024\/01\/hund-allein-zuhause.jpg","datePublished":"2024-01-17T11:00:00+00:00","dateModified":"2024-01-22T14:41:10+00:00","description":"Dein Hund kann nicht allein bleiben? \u25b6 Erfahre, wie du der Trennungsangst deines Hundes \u2713 vorbeugen & sie \u2713 \u00fcberwinden kannst!","breadcrumb":{"@id":"https:\/\/uelzener.de\/magazin\/hund\/erziehung-und-training\/trennungsangst-hund\/#breadcrumb"},"inLanguage":"de","potentialAction":[{"@type":"ReadAction","target":["https:\/\/uelzener.de\/magazin\/hund\/erziehung-und-training\/trennungsangst-hund\/"]}]},{"@type":"ImageObject","inLanguage":"de","@id":"https:\/\/uelzener.de\/magazin\/hund\/erziehung-und-training\/trennungsangst-hund\/#primaryimage","url":"https:\/\/uelzener.de\/magazin\/app\/uploads\/2024\/01\/hund-allein-zuhause.jpg","contentUrl":"https:\/\/uelzener.de\/magazin\/app\/uploads\/2024\/01\/hund-allein-zuhause.jpg","width":1025,"height":450,"caption":"Ein Beagle sitzt alleine im Wohnzimmer."},{"@type":"WebSite","@id":"https:\/\/uelzener.de\/magazin\/#website","url":"https:\/\/uelzener.de\/magazin\/","name":"Uelzener Tiermagazin","description":"Online Tierratgeber der Uelzener Versicherungen","publisher":{"@id":"https:\/\/uelzener.de\/magazin\/#organization"},"potentialAction":[{"@type":"SearchAction","target":{"@type":"EntryPoint","urlTemplate":"https:\/\/uelzener.de\/magazin\/?s={search_term_string}"},"query-input":{"@type":"PropertyValueSpecification","valueRequired":true,"valueName":"search_term_string"}}],"inLanguage":"de"},{"@type":"Organization","@id":"https:\/\/uelzener.de\/magazin\/#organization","name":"Uelzener Versicherungen","url":"https:\/\/uelzener.de\/magazin\/","logo":{"@type":"ImageObject","inLanguage":"de","@id":"https:\/\/uelzener.de\/magazin\/#\/schema\/logo\/image\/","url":"https:\/\/uelzener.de\/magazin\/app\/uploads\/2024\/11\/uelzener_allgemeine_versicherungsgesellschaft_a_g_logo.jpg","contentUrl":"https:\/\/uelzener.de\/magazin\/app\/uploads\/2024\/11\/uelzener_allgemeine_versicherungsgesellschaft_a_g_logo.jpg","width":200,"height":200,"caption":"Uelzener Versicherungen"},"image":{"@id":"https:\/\/uelzener.de\/magazin\/#\/schema\/logo\/image\/"},"sameAs":["https:\/\/www.facebook.com\/Uelzener","https:\/\/instagram.com\/uelzener","https:\/\/www.xing.com\/pages\/uelzenerallgemeineversicherungs-gesellschafta-g","https:\/\/www.youtube.com\/UelzenerVersicherungen"]}]}},"_links":{"self":[{"href":"https:\/\/uelzener.de\/magazin\/wp-json\/wp\/v2\/pages\/10068","targetHints":{"allow":["GET"]}}],"collection":[{"href":"https:\/\/uelzener.de\/magazin\/wp-json\/wp\/v2\/pages"}],"about":[{"href":"https:\/\/uelzener.de\/magazin\/wp-json\/wp\/v2\/types\/page"}],"author":[{"embeddable":true,"href":"https:\/\/uelzener.de\/magazin\/wp-json\/wp\/v2\/users\/1"}],"replies":[{"embeddable":true,"href":"https:\/\/uelzener.de\/magazin\/wp-json\/wp\/v2\/comments?post=10068"}],"version-history":[{"count":9,"href":"https:\/\/uelzener.de\/magazin\/wp-json\/wp\/v2\/pages\/10068\/revisions"}],"predecessor-version":[{"id":16896,"href":"https:\/\/uelzener.de\/magazin\/wp-json\/wp\/v2\/pages\/10068\/revisions\/16896"}],"up":[{"embeddable":true,"href":"https:\/\/uelzener.de\/magazin\/wp-json\/wp\/v2\/pages\/11679"}],"wp:featuredmedia":[{"embeddable":true,"href":"https:\/\/uelzener.de\/magazin\/wp-json\/wp\/v2\/media\/16898"}],"wp:attachment":[{"href":"https:\/\/uelzener.de\/magazin\/wp-json\/wp\/v2\/media?parent=10068"}],"curies":[{"name":"wp","href":"https:\/\/api.w.org\/{rel}","templated":true}]}}