{"id":10067,"date":"2023-03-13T09:00:00","date_gmt":"2023-03-13T08:00:00","guid":{"rendered":""},"modified":"2024-08-09T22:02:00","modified_gmt":"2024-08-09T20:02:00","slug":"blindenhund","status":"publish","type":"page","link":"https:\/\/uelzener.de\/magazin\/hund\/tipps-fuer-den-alltag\/blindenhund\/","title":{"rendered":"Blindenhund: Auswahl und Ausbildung eines Blindenf\u00fchrhundes"},"content":{"rendered":"<p>2019 gab es etwa 2000 aktive Blindenhunde in Deutschland. Sie erm\u00f6glichen ihrem Halter, ein erh\u00f6htes Ma\u00df an Mobilit\u00e4t und Unabh\u00e4ngigkeit zu erreichen, indem sie einen menschlichen Begleiter ersetzen. Sie helfen bei der \u00dcberquerung von Stra\u00dfen, zeigen den Weg zum Postschalter, umgehen Hindernisse und warnen vor Gefahren. Um seinem Halter sp\u00e4ter ein sicherer F\u00fchrer und auch ein treuer Freund zu sein, brauchen sie eine Menge an besonderen Qualit\u00e4ten. Erfahre hier mehr \u00fcber die F\u00e4higkeiten von Blindenf\u00fchrhunden und den Ablauf ihres Trainings.<\/p>\n<h2>Welche Hunde eignen sich als Blindenhund?<\/h2>\n<p>Als Blindenf\u00fchrhund geeignet sind nur besonders friedfertige, wesensfeste Hunde, die belastbar, intelligent, nervenstark und menschenbezogen sind und m\u00f6glichst wenig Jagdtrieb haben. Die Hunde sollten zu Beginn der Ausbildung zwischen ein und zwei Jahren sein. Der Hund muss gesund sein, Erbkrankheiten wie H\u00fcftgelenksdysplasie sowie Augenerkrankungen m\u00fcssen vorher ausgeschlossen werden.<\/p>\n<p>Ein ausgewachsener Blindenf\u00fchrhund sollte eine K\u00f6rpergr\u00f6\u00dfe zwischen 50 und 65 Zentimetern erreichen, damit sich der Griff des Geschirrs, mit dem der Hund sp\u00e4ter seinen Halter f\u00fchrt, in passender H\u00f6he befindet.<\/p>\n<h2>H\u00e4ufig genutzte Blindenhund-Rassen<\/h2>\n<p>Im Allgemeinen kann jeder Hund, der die erforderlichen Charaktereigenschaften besitzt, zu einem Blindenf\u00fchrhund ausgebildet werden. Es gibt keine konkreten Auswahlbeschr\u00e4nkungen f\u00fcr bestimmte Hunderassen. Dennoch werden die folgenden Rassen bevorzugt ausgew\u00e4hlt:<\/p>\n<ul>\n<li>Golden Retriever<\/li>\n<li><a href=\"https:\/\/uelzener.de\/magazin\/hund\/rasseportrait\/deutscher-schaeferhund\/\">Deutscher Sch\u00e4ferhund<\/a><\/li>\n<li>Labrador Retriever<\/li>\n<li><a href=\"https:\/\/uelzener.de\/magazin\/hund\/tiergesundheit\/mischlinge-sind-gesuender-als-rassehunde\/\">Mischlinge<\/a><\/li>\n<\/ul>\n<p>Viele Welpen werden von den Blindenf\u00fchrhundschulen bereits im Alter von acht Wochen mit einem speziellen Test auf ihre Eigenschaften gepr\u00fcft und anschlie\u00dfend f\u00fcr etwa ein Jahr in Patenfamilien gegeben. Hier kommen sie in engen, liebevollen Kontakt mit Menschen und lernen neben gutem Benehmen, in verschiedenen Umgebungen und Situationen gelassen zu bleiben, zum Beispiel im Auto oder beim Kontakt mit anderen Hunden. Eine ausf\u00fchrliche Untersuchung durch den Tierarzt kl\u00e4rt anschlie\u00dfend, ob der Junghund eine Karriere als Blindenhund einschlagen kann oder nicht. Um beim Tierarzt nicht von hohen Kosten \u00fcberrascht zu werden, empfehlen wir eine gute <strong>Hundeversicherung<\/strong> abzuschlie\u00dfen.<\/p>\n\n<div class=\"banner\">\n    <a href=\"https:\/\/uelzener.de\/hund\/?agt=0000104925&sem=true&utm_medium=magazin&utm_source=wordpress&utm_campaign=hund&utm_content=banner\">\n        <img decoding=\"async\" width=\"300\" height=\"212\" src=\"https:\/\/uelzener.de\/magazin\/app\/uploads\/2023\/10\/Hunde-Versicherung.jpg\" class=\"attachment-medium size-medium\" alt=\"Banner Hunde-Versicherung\" \/>    <\/a>\n<\/div>\n\n<h2>Ausbildung zum Blindenhund<\/h2>\n<h3>Was muss ein Blindenf\u00fchrhund k\u00f6nnen?<\/h3>\n<p>Die Aufgabe eines Blindenf\u00fchrhundes ist es, seinen Menschen durch den Alltag zu begleiten, ihn vor Gefahren zu sch\u00fctzen und ihm zu helfen, sich zurechtzufinden.<\/p>\n<p>Der Hund muss auf sogenannte \u201eH\u00f6rzeichen\u201c reagieren. Anweisungen, die der oder die Halter:in dem Hund gibt, wie beispielsweise \u201erechts\u201c, \u201elinks\u201c, \u201eTreppe zeigen\u201c oder \u201eT\u00fcr zeigen\u201c befolgt ein ausgebildeter Blindenf\u00fchrhund zuverl\u00e4ssig. So sollte er mithilfe der H\u00f6rzeichen beispielsweise einen freien Sitzplatz im Bus, einen Briefkasten oder einen Bankschalter f\u00fcr seinen Halter ausfindig machen k\u00f6nnen.<\/p>\n<p>Eine weitere Aufgabe von Blindenf\u00fchrhunden ist es, Halter:innen sicher an Hindernissen vorbeizuf\u00fchren, insbesondere an solchen, die f\u00fcr sie selbst keine Hindernisse sind (etwa hohe Bauger\u00fcste mit Querbalken in Kopfh\u00f6he, W\u00e4scheleinen, Umlaufschranken).<\/p>\n<p>Au\u00dferdem lernen die Vierbeiner, Ampeln zu beachten, Bordsteinkanten oder Treppen anzuzeigen. Sie helfen blinden Menschen, sicher Stra\u00dfen zu \u00fcberqueren oder auch <a href=\"https:\/\/uelzener.de\/magazin\/hund\/tipps-fuer-den-alltag\/zug-fahren-mit-hund-bahnreisen\/\" target=\"_blank\" rel=\"noopener\">mit der Bahn zu fahren<\/a>.<\/p>\n<p>Doch ein Blindenf\u00fchrhund sollte nicht nur das tun, was ihm sein:e Halter:in sagt, sondern er beherrscht auch das Prinzip des \u201eintelligenten Ungehorsams\u201c. Tritt eine gef\u00e4hrliche Situation ein, etwa beim \u00dcberqueren einer Stra\u00dfe, bleibt er stehen und widersetzt sich dem Befehl seines Halters, um ihn auf die drohende Gefahr aufmerksam zu machen.<\/p>\n<p>Die Ausbildung eines Blindenf\u00fchrhundes ist sehr anspruchsvoll. Mittels positiver Verst\u00e4rkung lernt der Hund in unz\u00e4hligen kleinen Schritten, was seine Aufgaben sind. Ein regelm\u00e4\u00dfiges Training ist entscheidend, um sicherzustellen, dass der Hund die erlernten Befehle beh\u00e4lt und zuverl\u00e4ssig ausf\u00fchrt.<\/p>\n<ul>\n<li>Kommandos: Langsamer und schneller laufen. Der Hund passt sein Tempo an und kann je nach Bedarf langsamer oder schneller gehen.<\/li>\n<li>Am rechten oder linken Stra\u00dfenrand gehen: Der Hund f\u00fchrt seinen Besitzer sicher entlang des Gehwegs, entweder auf der rechten oder linken Seite.<\/li>\n<li>Sitzm\u00f6glichkeit anzeigen: Der Hund kann eine Sitzgelegenheit wie eine Bank oder einen Stuhl finden und darauf hinweisen.<\/li>\n<\/ul>\n<h3>Wie lange dauert die Ausbildung f\u00fcr einen Blindenhund?<\/h3>\n<p>Die eigentliche Ausbildung zum Blindenf\u00fchrhund dauert zwischen sechs und zw\u00f6lf Monaten.<\/p>\n<p>Nach Abschluss der Ausbildung lernen der Hund und der oder die zuk\u00fcnftige Halter:in sich bei einem mindestens 14-t\u00e4gigen Einarbeitungslehrgang, einander zu vertrauen und als Team zusammenzuarbeiten. Der oder die Halter:in lernt die entsprechenden H\u00f6rzeichen klar vernehmlich zu geben und das Verhalten des Hundes richtig zu deuten.<\/p>\n<p>Im Anschluss wird in der Regel eine Gespannpr\u00fcfung abgelegt. Nach der Eingew\u00f6hnungszeit f\u00fcr den Hund, die bis zu sechs Monate dauert, sind Hund und Halter:in in der Regel ein prima Team.<\/p>\n<h2>Kosten eines Blindenhundes<\/h2>\n<p>Die Ausbildung eines Blindenf\u00fchrhunds ist mit hohen Kosten verbunden, die oft einem vergleichbaren Betrag wie der Kauf eines neuen Kleinwagens entsprechen. In den meisten F\u00e4llen liegen die Kosten zwischen 20.000 und 30.000 Euro.<\/p>\n<p>Allerdings beteiligen sich viele Krankenkassen in europ\u00e4ischen L\u00e4ndern wie \u00d6sterreich und Deutschland an den Kosten f\u00fcr die Vierbeiner. In einigen F\u00e4llen \u00fcbernehmen die Krankenkassen sogar die gesamten Kosten. Dies wird damit begr\u00fcndet, dass der Hund in diesem Fall als \u201eHilfsmittel\u201c angesehen wird. In Deutschland werden die Kosten f\u00fcr einen Blindenf\u00fchrhund \u00fcbernommen, wenn die Sehsch\u00e4rfe des Versicherten unter 5 Prozent liegt. Es wird auch ber\u00fccksichtigt, ob der potenzielle Halter eine angemessene Unterbringung f\u00fcr den Hund gew\u00e4hrleisten kann. Wenn der Halter beispielsweise in einer Mietwohnung lebt, muss der Vermieter der Hundehaltung zustimmen.<\/p>\n<h2>Blindenhunde im Ruhestand<\/h2>\n<p>Es versteht sich von selbst, dass die Arbeit als Blindenhund f\u00fcr das Tier eine gro\u00dfe Anstrengung bedeutet, die ihm ab einem bestimmten Alter zunehmend schwerf\u00e4llt. Um die Sicherheit des Besitzers zu gew\u00e4hrleisten und den vierbeinigen Helfer nicht zu \u00fcberlasten, arbeiten die Hunde nicht ihr Leben lang. In der Regel sind sie sieben bis zehn Jahre im Einsatz t\u00e4tig.<\/p>\n<p>Wenn ein Blindenhund das Rentenalter erreicht, wird er in den meisten F\u00e4llen von einer neuen Familie adoptiert, damit er seinen Lebensabend in vollen Z\u00fcgen genie\u00dfen kann. Der ehemalige Besitzer erh\u00e4lt dann einen j\u00fcngeren Hund, der die Aufgaben \u00fcbernimmt.<\/p>\n<h2>Fazit: Blindes Vertrauen zwischen Tier und Mensch<\/h2>\n<p>Die Auswahl und Ausbildung eines Blindenf\u00fchrhundes ist ein aufw\u00e4ndiger Prozess. An Ende der Ausbildung erm\u00f6glicht ein Blindenf\u00fchrhund einem sehbehinderten Menschen, seinen Alltag wesentlich selbstbestimmter und freier zu gestalten. Um dieses Ziel zu erreichen, braucht es sowohl eine qualitativ hochwertige Ausbildung als auch ein passendes Matching zwischen Mensch und Hund.<\/p>\n<p>Und was ist, wenn der Fall umgedreht und der <a href=\"https:\/\/uelzener.de\/magazin\/hund\/haeufige-fragen\/blinde-hunde\/\">Hund blind<\/a> ist?<\/p>\n<h2>FAQs: H\u00e4ufig gestellte Fragen zum Thema Blindenhund<\/h2>\n<h3>Warum darf man keine Blindenhunde streicheln?<\/h3>\n<p>Blindenf\u00fchrhunde m\u00fcssen sehr aufmerksam sein, damit sie ihren Menschen sicher durch den Alltag geleiten k\u00f6nnen. Dabei ist h\u00f6chste Konzentration erforderlich. Werden Sie abgelenkt, kann dies ein gro\u00dfes, wom\u00f6glich sogar lebensgef\u00e4hrliches Risiko f\u00fcr den sehbehinderten Menschen bedeuten. Streichelt man einen Blindenhund beispielsweise an einer Stra\u00dfenkreuzung, w\u00e4hrend er mit seinem Menschen sicher die Stra\u00dfe \u00fcberqueren soll, kann er abgelenkt werden und so wom\u00f6glich eine Gefahrensituation falsch einsch\u00e4tzen. Daher sollte man diese Hunde weder streicheln noch f\u00fcttern.<\/p>\n<h3>Wer bekommt einen Blindenhund bezahlt?<\/h3>\n<p>Um einen Blindenf\u00fchrhund von der Krankenkasse bezahlt zu bekommen, sollte die Sehsch\u00e4rfe der sehbehinderten Person unter f\u00fcnf Prozent liegen. Au\u00dferdem muss die blinde Person sowohl k\u00f6rperlich als auch r\u00e4umlich die M\u00f6glichkeiten haben, einen Blindenf\u00fchrhund zu halten. Dazu geh\u00f6rt die k\u00f6rperliche Fitness und ein angemessener Wohnraum. Daneben muss sichergestellt sein, dass der Hund ausreichend Auslauf hat.<\/p>\n<h3>Wie lange muss ein Blindenhund ausgebildet werden?<\/h3>\n<p>Die Ausbildung des Blindenhundes beginnt im Alter von eins bis eineinhalb Jahren und dauert zwischen 6 und 12 Monaten.<\/p>\n","protected":false},"excerpt":{"rendered":"<p>2019 gab es etwa 2000 aktive Blindenhunde in Deutschland. Sie erm\u00f6glichen ihrem Halter, ein erh\u00f6htes Ma\u00df an Mobilit\u00e4t und Unabh\u00e4ngigkeit zu erreichen, indem sie einen menschlichen Begleiter ersetzen. Sie helfen bei der \u00dcberquerung von Stra\u00dfen, zeigen den Weg zum Postschalter, umgehen Hindernisse und warnen vor Gefahren. Um seinem Halter sp\u00e4ter ein sicherer F\u00fchrer und auch [&hellip;]<\/p>\n","protected":false},"author":1,"featured_media":14778,"parent":11707,"menu_order":17,"comment_status":"closed","ping_status":"closed","template":"templates\/blog.php","meta":{"_acf_changed":false,"_crdt_document":"","footnotes":"","beyondwords_generate_audio":"0","beyondwords_project_id":"","beyondwords_content_id":"","beyondwords_preview_token":"","beyondwords_player_style":"","beyondwords_language_id":"","beyondwords_title_voice_id":"","beyondwords_body_voice_id":"","beyondwords_summary_voice_id":"","beyondwords_error_message":"","beyondwords_disabled":"","beyondwords_delete_content":"","beyondwords_podcast_id":"","beyondwords_hash":"","publish_post_to_speechkit":"","speechkit_hash":"","speechkit_generate_audio":"","speechkit_project_id":"","speechkit_podcast_id":"","speechkit_error_message":"","speechkit_disabled":"","speechkit_access_key":"","speechkit_error":"","speechkit_info":"","speechkit_response":"","speechkit_retries":"","speechkit_status":"","speechkit_updated_at":"","_speechkit_link":"","_speechkit_text":""},"class_list":["post-10067","page","type-page","status-publish","has-post-thumbnail","hentry"],"acf":[],"yoast_head":"<!-- This site is optimized with the Yoast SEO Premium plugin  - https:\/\/yoast.com\/product\/yoast-seo-premium-wordpress\/ -->\n<title>Blindenhund: Auswahl &amp; Ausbildung eines Blindenf\u00fchrhundes | Uelzener Tier-Magazin<\/title>\n<meta name=\"description\" content=\"Erfahre, wie aus einem Welpen ein sicherer Blindenhund wird \u2713 Auswahlkriterien \u2713 Ausbildungsweg \u2713 Aufgaben \u25b6 Hier informieren!\" \/>\n<meta name=\"robots\" content=\"index, follow, max-snippet:-1, max-image-preview:large, max-video-preview:-1\" \/>\n<link rel=\"canonical\" href=\"https:\/\/uelzener.de\/magazin\/hund\/tipps-fuer-den-alltag\/blindenhund\/\" \/>\n<meta property=\"og:locale\" content=\"de_DE\" \/>\n<meta property=\"og:type\" content=\"article\" \/>\n<meta property=\"og:title\" content=\"Blindenhund: Auswahl und Ausbildung eines Blindenf\u00fchrhundes\" \/>\n<meta property=\"og:description\" content=\"Erfahre, wie aus einem Welpen ein sicherer Blindenhund wird \u2713 Auswahlkriterien \u2713 Ausbildungsweg \u2713 Aufgaben \u25b6 Hier informieren!\" \/>\n<meta property=\"og:url\" content=\"https:\/\/uelzener.de\/magazin\/hund\/tipps-fuer-den-alltag\/blindenhund\/\" \/>\n<meta property=\"og:site_name\" content=\"Uelzener Tier-Magazin\" \/>\n<meta property=\"article:publisher\" content=\"https:\/\/www.facebook.com\/Uelzener\" \/>\n<meta property=\"article:modified_time\" content=\"2024-08-09T20:02:00+00:00\" \/>\n<meta property=\"og:image\" content=\"https:\/\/uelzener.de\/magazin\/app\/uploads\/2023\/01\/blindenhund.jpg\" \/>\n\t<meta property=\"og:image:width\" content=\"1024\" \/>\n\t<meta property=\"og:image:height\" content=\"450\" \/>\n\t<meta property=\"og:image:type\" content=\"image\/jpeg\" \/>\n<meta name=\"twitter:card\" content=\"summary_large_image\" \/>\n<meta name=\"twitter:label1\" content=\"Gesch\u00e4tzte Lesezeit\" \/>\n\t<meta name=\"twitter:data1\" content=\"6\u00a0Minuten\" \/>\n<script type=\"application\/ld+json\" class=\"yoast-schema-graph\">{\"@context\":\"https:\/\/schema.org\",\"@graph\":[{\"@type\":\"WebPage\",\"@id\":\"https:\/\/uelzener.de\/magazin\/hund\/tipps-fuer-den-alltag\/blindenhund\/\",\"url\":\"https:\/\/uelzener.de\/magazin\/hund\/tipps-fuer-den-alltag\/blindenhund\/\",\"name\":\"Blindenhund: Auswahl & Ausbildung eines Blindenf\u00fchrhundes | Uelzener Tier-Magazin\",\"isPartOf\":{\"@id\":\"https:\/\/uelzener.de\/magazin\/#website\"},\"primaryImageOfPage\":{\"@id\":\"https:\/\/uelzener.de\/magazin\/hund\/tipps-fuer-den-alltag\/blindenhund\/#primaryimage\"},\"image\":{\"@id\":\"https:\/\/uelzener.de\/magazin\/hund\/tipps-fuer-den-alltag\/blindenhund\/#primaryimage\"},\"thumbnailUrl\":\"https:\/\/uelzener.de\/magazin\/app\/uploads\/2023\/01\/blindenhund.jpg\",\"datePublished\":\"2023-03-13T08:00:00+00:00\",\"dateModified\":\"2024-08-09T20:02:00+00:00\",\"description\":\"Erfahre, wie aus einem Welpen ein sicherer Blindenhund wird \u2713 Auswahlkriterien \u2713 Ausbildungsweg \u2713 Aufgaben \u25b6 Hier informieren!\",\"breadcrumb\":{\"@id\":\"https:\/\/uelzener.de\/magazin\/hund\/tipps-fuer-den-alltag\/blindenhund\/#breadcrumb\"},\"inLanguage\":\"de\",\"potentialAction\":[{\"@type\":\"ReadAction\",\"target\":[\"https:\/\/uelzener.de\/magazin\/hund\/tipps-fuer-den-alltag\/blindenhund\/\"]}]},{\"@type\":\"ImageObject\",\"inLanguage\":\"de\",\"@id\":\"https:\/\/uelzener.de\/magazin\/hund\/tipps-fuer-den-alltag\/blindenhund\/#primaryimage\",\"url\":\"https:\/\/uelzener.de\/magazin\/app\/uploads\/2023\/01\/blindenhund.jpg\",\"contentUrl\":\"https:\/\/uelzener.de\/magazin\/app\/uploads\/2023\/01\/blindenhund.jpg\",\"width\":1024,\"height\":450,\"caption\":\"Ein Blindenhund f\u00fchrt Sehbehinderte-Menschen durch ihren Alltag.\"},{\"@type\":\"WebSite\",\"@id\":\"https:\/\/uelzener.de\/magazin\/#website\",\"url\":\"https:\/\/uelzener.de\/magazin\/\",\"name\":\"Uelzener Tiermagazin\",\"description\":\"Online Tierratgeber der Uelzener Versicherungen\",\"publisher\":{\"@id\":\"https:\/\/uelzener.de\/magazin\/#organization\"},\"potentialAction\":[{\"@type\":\"SearchAction\",\"target\":{\"@type\":\"EntryPoint\",\"urlTemplate\":\"https:\/\/uelzener.de\/magazin\/?s={search_term_string}\"},\"query-input\":{\"@type\":\"PropertyValueSpecification\",\"valueRequired\":true,\"valueName\":\"search_term_string\"}}],\"inLanguage\":\"de\"},{\"@type\":\"Organization\",\"@id\":\"https:\/\/uelzener.de\/magazin\/#organization\",\"name\":\"Uelzener Versicherungen\",\"url\":\"https:\/\/uelzener.de\/magazin\/\",\"logo\":{\"@type\":\"ImageObject\",\"inLanguage\":\"de\",\"@id\":\"https:\/\/uelzener.de\/magazin\/#\/schema\/logo\/image\/\",\"url\":\"https:\/\/uelzener.de\/magazin\/app\/uploads\/2024\/11\/uelzener_allgemeine_versicherungsgesellschaft_a_g_logo.jpg\",\"contentUrl\":\"https:\/\/uelzener.de\/magazin\/app\/uploads\/2024\/11\/uelzener_allgemeine_versicherungsgesellschaft_a_g_logo.jpg\",\"width\":200,\"height\":200,\"caption\":\"Uelzener Versicherungen\"},\"image\":{\"@id\":\"https:\/\/uelzener.de\/magazin\/#\/schema\/logo\/image\/\"},\"sameAs\":[\"https:\/\/www.facebook.com\/Uelzener\",\"https:\/\/instagram.com\/uelzener\",\"https:\/\/www.xing.com\/pages\/uelzenerallgemeineversicherungs-gesellschafta-g\",\"https:\/\/www.youtube.com\/UelzenerVersicherungen\"]}]}<\/script>\n<!-- \/ Yoast SEO Premium plugin. -->","yoast_head_json":{"title":"Blindenhund: Auswahl & Ausbildung eines Blindenf\u00fchrhundes | Uelzener Tier-Magazin","description":"Erfahre, wie aus einem Welpen ein sicherer Blindenhund wird \u2713 Auswahlkriterien \u2713 Ausbildungsweg \u2713 Aufgaben \u25b6 Hier informieren!","robots":{"index":"index","follow":"follow","max-snippet":"max-snippet:-1","max-image-preview":"max-image-preview:large","max-video-preview":"max-video-preview:-1"},"canonical":"https:\/\/uelzener.de\/magazin\/hund\/tipps-fuer-den-alltag\/blindenhund\/","og_locale":"de_DE","og_type":"article","og_title":"Blindenhund: Auswahl und Ausbildung eines Blindenf\u00fchrhundes","og_description":"Erfahre, wie aus einem Welpen ein sicherer Blindenhund wird \u2713 Auswahlkriterien \u2713 Ausbildungsweg \u2713 Aufgaben \u25b6 Hier informieren!","og_url":"https:\/\/uelzener.de\/magazin\/hund\/tipps-fuer-den-alltag\/blindenhund\/","og_site_name":"Uelzener Tier-Magazin","article_publisher":"https:\/\/www.facebook.com\/Uelzener","article_modified_time":"2024-08-09T20:02:00+00:00","og_image":[{"width":1024,"height":450,"url":"https:\/\/uelzener.de\/magazin\/app\/uploads\/2023\/01\/blindenhund.jpg","type":"image\/jpeg"}],"twitter_card":"summary_large_image","twitter_misc":{"Gesch\u00e4tzte Lesezeit":"6\u00a0Minuten"},"schema":{"@context":"https:\/\/schema.org","@graph":[{"@type":"WebPage","@id":"https:\/\/uelzener.de\/magazin\/hund\/tipps-fuer-den-alltag\/blindenhund\/","url":"https:\/\/uelzener.de\/magazin\/hund\/tipps-fuer-den-alltag\/blindenhund\/","name":"Blindenhund: Auswahl & Ausbildung eines Blindenf\u00fchrhundes | Uelzener Tier-Magazin","isPartOf":{"@id":"https:\/\/uelzener.de\/magazin\/#website"},"primaryImageOfPage":{"@id":"https:\/\/uelzener.de\/magazin\/hund\/tipps-fuer-den-alltag\/blindenhund\/#primaryimage"},"image":{"@id":"https:\/\/uelzener.de\/magazin\/hund\/tipps-fuer-den-alltag\/blindenhund\/#primaryimage"},"thumbnailUrl":"https:\/\/uelzener.de\/magazin\/app\/uploads\/2023\/01\/blindenhund.jpg","datePublished":"2023-03-13T08:00:00+00:00","dateModified":"2024-08-09T20:02:00+00:00","description":"Erfahre, wie aus einem Welpen ein sicherer Blindenhund wird \u2713 Auswahlkriterien \u2713 Ausbildungsweg \u2713 Aufgaben \u25b6 Hier informieren!","breadcrumb":{"@id":"https:\/\/uelzener.de\/magazin\/hund\/tipps-fuer-den-alltag\/blindenhund\/#breadcrumb"},"inLanguage":"de","potentialAction":[{"@type":"ReadAction","target":["https:\/\/uelzener.de\/magazin\/hund\/tipps-fuer-den-alltag\/blindenhund\/"]}]},{"@type":"ImageObject","inLanguage":"de","@id":"https:\/\/uelzener.de\/magazin\/hund\/tipps-fuer-den-alltag\/blindenhund\/#primaryimage","url":"https:\/\/uelzener.de\/magazin\/app\/uploads\/2023\/01\/blindenhund.jpg","contentUrl":"https:\/\/uelzener.de\/magazin\/app\/uploads\/2023\/01\/blindenhund.jpg","width":1024,"height":450,"caption":"Ein Blindenhund f\u00fchrt Sehbehinderte-Menschen durch ihren Alltag."},{"@type":"WebSite","@id":"https:\/\/uelzener.de\/magazin\/#website","url":"https:\/\/uelzener.de\/magazin\/","name":"Uelzener Tiermagazin","description":"Online Tierratgeber der Uelzener Versicherungen","publisher":{"@id":"https:\/\/uelzener.de\/magazin\/#organization"},"potentialAction":[{"@type":"SearchAction","target":{"@type":"EntryPoint","urlTemplate":"https:\/\/uelzener.de\/magazin\/?s={search_term_string}"},"query-input":{"@type":"PropertyValueSpecification","valueRequired":true,"valueName":"search_term_string"}}],"inLanguage":"de"},{"@type":"Organization","@id":"https:\/\/uelzener.de\/magazin\/#organization","name":"Uelzener Versicherungen","url":"https:\/\/uelzener.de\/magazin\/","logo":{"@type":"ImageObject","inLanguage":"de","@id":"https:\/\/uelzener.de\/magazin\/#\/schema\/logo\/image\/","url":"https:\/\/uelzener.de\/magazin\/app\/uploads\/2024\/11\/uelzener_allgemeine_versicherungsgesellschaft_a_g_logo.jpg","contentUrl":"https:\/\/uelzener.de\/magazin\/app\/uploads\/2024\/11\/uelzener_allgemeine_versicherungsgesellschaft_a_g_logo.jpg","width":200,"height":200,"caption":"Uelzener Versicherungen"},"image":{"@id":"https:\/\/uelzener.de\/magazin\/#\/schema\/logo\/image\/"},"sameAs":["https:\/\/www.facebook.com\/Uelzener","https:\/\/instagram.com\/uelzener","https:\/\/www.xing.com\/pages\/uelzenerallgemeineversicherungs-gesellschafta-g","https:\/\/www.youtube.com\/UelzenerVersicherungen"]}]}},"_links":{"self":[{"href":"https:\/\/uelzener.de\/magazin\/wp-json\/wp\/v2\/pages\/10067","targetHints":{"allow":["GET"]}}],"collection":[{"href":"https:\/\/uelzener.de\/magazin\/wp-json\/wp\/v2\/pages"}],"about":[{"href":"https:\/\/uelzener.de\/magazin\/wp-json\/wp\/v2\/types\/page"}],"author":[{"embeddable":true,"href":"https:\/\/uelzener.de\/magazin\/wp-json\/wp\/v2\/users\/1"}],"replies":[{"embeddable":true,"href":"https:\/\/uelzener.de\/magazin\/wp-json\/wp\/v2\/comments?post=10067"}],"version-history":[{"count":18,"href":"https:\/\/uelzener.de\/magazin\/wp-json\/wp\/v2\/pages\/10067\/revisions"}],"predecessor-version":[{"id":17648,"href":"https:\/\/uelzener.de\/magazin\/wp-json\/wp\/v2\/pages\/10067\/revisions\/17648"}],"up":[{"embeddable":true,"href":"https:\/\/uelzener.de\/magazin\/wp-json\/wp\/v2\/pages\/11707"}],"wp:featuredmedia":[{"embeddable":true,"href":"https:\/\/uelzener.de\/magazin\/wp-json\/wp\/v2\/media\/14778"}],"wp:attachment":[{"href":"https:\/\/uelzener.de\/magazin\/wp-json\/wp\/v2\/media?parent=10067"}],"curies":[{"name":"wp","href":"https:\/\/api.w.org\/{rel}","templated":true}]}}