{"id":10063,"date":"2016-03-02T00:00:00","date_gmt":"2016-03-02T00:00:00","guid":{"rendered":""},"modified":"2023-07-06T12:27:24","modified_gmt":"2023-07-06T10:27:24","slug":"rhodesian-ridgeback","status":"publish","type":"page","link":"https:\/\/uelzener.de\/magazin\/hund\/rasseportrait\/rhodesian-ridgeback\/","title":{"rendered":"Rhodesian Ridgeback: sensibler L\u00f6wenj\u00e4ger"},"content":{"rendered":"<p>Kraftvoll, mutig, anschmiegsam: Der Rhodesian Ridgeback ist ein Familienhund, der vor allem f\u00fcr erfahrene Hundehalter geeignet ist. Viel Zuwendung und Bewegung sind Grundbed\u00fcrfnisse des gro\u00dfen Hundes aus dem S\u00fcden Afrikas.<\/p>\n<p>Wer zum ersten Mal auf einen Rhodesian Ridgeback trifft, der schaut vermutlich zweimal hin: Auf seinem R\u00fccken ist ein schmaler, gegen den Strich wachsender Haarkamm zu sehen, der sich \u00fcber fast den gesamten R\u00fccken erstreckt. Dieser kleine Stehberger ist es auch, der dem Ridgeback (engl. \u201eridge\u201c = Bergr\u00fccken) seinen Namen gab und ihn unverwechselbar macht.<\/p>\n<h2>Mutige Besch\u00fctzer aus Afrika<\/h2>\n<p>Ridgebacks sind die einzige anerkannte Hunderasse aus dem S\u00fcden Afrikas. Ihre Urspr\u00fcnge reichen viele Jahrhunderte zur\u00fcck, als Hunde wei\u00dfer Siedler mit Hunden der Einheimischen gekreuzt wurden, die nicht nur einen \u201eRidge\u201c besa\u00dfen, sondern auch jede Menge Mut.<\/p>\n<p>Die so gez\u00fcchteten Hunde wurden von den Siedlern sowohl zur Bewachung ihrer Farmen als auch zur Jagd auf L\u00f6wen eingesetzt. In Trupps von zwei bis drei Hunden mussten sie den L\u00f6wen solange an Ort und Stelle halten, bis die J\u00e4ger auftauchten. Nur die geschicktesten Hunde eigneten sich f\u00fcr so eine Jagd, sodass sich nach und nach eine Hunderasse mit speziellen Eigenschaften herausbildete. Offiziell anerkannt wurde die Rasse 1926.<\/p>\n<h2>Einsatz als Rettungshunde<\/h2>\n<p>Wer jetzt bef\u00fcrchtet, dass er mit dem Ridgeback einen Hund bekommt, der nur auf K\u00e4mpfe aus ist, wird schnell feststellen, dass dem nicht so ist. Schlie\u00dflich sollten die Hunde nicht direkt mit den L\u00f6wen k\u00e4mpfen, sondern sie im Team am Entkommen gehindert. Das bedeutet, dass Ridgebacks vor allem einen guten Sinn f\u00fcr Gefahr, Teamgeist und viel Geschicklichkeit besitzen. Daher werden sie heute oft als Rettungshunde eingesetzt.<\/p>\n<p>Ihre Herkunft aus Afrika zeigt sich auch im \u00c4u\u00dferen: Die gro\u00dfen Hunde sind gut bemuskelt, ihr r\u00f6tliches Fell ist kurz und besitzt keine Unterwolle. F\u00fcr Ridgebacks ist Laufen ein Grundbed\u00fcrfnis, davon zeugen auch ihre Ausdauer und ihr Durchhalteverm\u00f6gen. Daher eignen sie sich am besten f\u00fcr Menschen, die t\u00e4glich selbst viel drau\u00dfen unterwegs sind.<\/p>\n<h2>Familienhunde f\u00fcr Fortgeschrittene<\/h2>\n<p>Mut wird bei der Vergangenheit des Ridgebacks als Jagdhund gro\u00dfgeschrieben. Fremden gegen\u00fcber sind sie eher zur\u00fcckhaltend, sie bewachen ihr Zuhause und ihre Menschen mit vollem Einsatz. Familienanschluss ist f\u00fcr sie sehr wichtig, Zwingerhaltung ist nichts f\u00fcr sie. Ridgebacks sind im Umgang sehr sensible Hunde, die gerne auch mal schmusen. Sie sind dank ihrer Nervenst\u00e4rke und Gelassenheit nicht so leicht aus der Ruhe zu bringen.<\/p>\n<p>Allerdings geh\u00f6rt ihre Erziehung in erfahrene H\u00e4nde. Konsequenz und viel Einf\u00fchlungsverm\u00f6gen sind n\u00f6tig, Grobheiten verzeihen sie nicht und reagieren mit Verweigerung. Zudem sind Ridgebacks erst mit zwei bis drei Jahren richtig erwachsen, das sollte bei der Erziehung ber\u00fccksichtigt werden. Wer sie feinf\u00fchlig und sachkundig erzieht, den belohnen sie mit ihrer Anh\u00e4nglichkeit und absoluter Treue.<\/p>\n","protected":false},"excerpt":{"rendered":"<p>Kraftvoll, mutig, anschmiegsam: Der Rhodesian Ridgeback ist ein Familienhund, der vor allem f\u00fcr erfahrene Hundehalter geeignet ist. Viel Zuwendung und Bewegung sind Grundbed\u00fcrfnisse des gro\u00dfen Hundes aus dem S\u00fcden Afrikas. Wer zum ersten Mal auf einen Rhodesian Ridgeback trifft, der schaut vermutlich zweimal hin: Auf seinem R\u00fccken ist ein schmaler, gegen den Strich wachsender Haarkamm [&hellip;]<\/p>\n","protected":false},"author":1,"featured_media":10653,"parent":2475,"menu_order":14,"comment_status":"open","ping_status":"open","template":"templates\/blog.php","meta":{"_acf_changed":false,"_crdt_document":"","footnotes":"","beyondwords_generate_audio":"","beyondwords_project_id":"","beyondwords_content_id":"","beyondwords_preview_token":"","beyondwords_player_style":"","beyondwords_language_id":"","beyondwords_title_voice_id":"","beyondwords_body_voice_id":"","beyondwords_summary_voice_id":"","beyondwords_error_message":"","beyondwords_disabled":"","beyondwords_delete_content":"","beyondwords_podcast_id":"","beyondwords_hash":"","publish_post_to_speechkit":"","speechkit_hash":"","speechkit_generate_audio":"","speechkit_project_id":"","speechkit_podcast_id":"","speechkit_error_message":"","speechkit_disabled":"","speechkit_access_key":"","speechkit_error":"","speechkit_info":"","speechkit_response":"","speechkit_retries":"","speechkit_status":"","speechkit_updated_at":"","_speechkit_link":"","_speechkit_text":""},"class_list":["post-10063","page","type-page","status-publish","has-post-thumbnail","hentry"],"acf":[],"yoast_head":"<!-- This site is optimized with the Yoast SEO Premium plugin  - https:\/\/yoast.com\/product\/yoast-seo-premium-wordpress\/ -->\n<title>Rhodesian Ridgeback im Rasseportrait | Uelzener<\/title>\n<meta name=\"description\" content=\"Erfahre alles zur Hunderasse Rhodesian Ridgeback \u2713 Herkunft \u2713 Aussehen \u2713 Charakter \u2713 Haltung \u2713 Erziehung \u25b6 Hier informieren!\" \/>\n<meta name=\"robots\" content=\"index, follow, max-snippet:-1, max-image-preview:large, max-video-preview:-1\" \/>\n<link rel=\"canonical\" href=\"https:\/\/uelzener.de\/magazin\/hund\/rasseportrait\/rhodesian-ridgeback\/\" \/>\n<meta property=\"og:locale\" content=\"de_DE\" \/>\n<meta property=\"og:type\" content=\"article\" \/>\n<meta property=\"og:title\" content=\"Rhodesian Ridgeback: sensibler L\u00f6wenj\u00e4ger\" \/>\n<meta property=\"og:description\" content=\"Erfahre alles zur Hunderasse Rhodesian Ridgeback \u2713 Herkunft \u2713 Aussehen \u2713 Charakter \u2713 Haltung \u2713 Erziehung \u25b6 Hier informieren!\" \/>\n<meta property=\"og:url\" content=\"https:\/\/uelzener.de\/magazin\/hund\/rasseportrait\/rhodesian-ridgeback\/\" \/>\n<meta property=\"og:site_name\" content=\"Uelzener Tier-Magazin\" \/>\n<meta property=\"article:publisher\" content=\"https:\/\/www.facebook.com\/Uelzener\" \/>\n<meta property=\"article:modified_time\" content=\"2023-07-06T10:27:24+00:00\" \/>\n<meta property=\"og:image\" content=\"https:\/\/uelzener.de\/magazin\/app\/uploads\/2016\/03\/2f08e6df-f86d-45c7-9084-c73a3bdc0805.jpg\" \/>\n\t<meta property=\"og:image:width\" content=\"650\" \/>\n\t<meta property=\"og:image:height\" content=\"432\" \/>\n\t<meta property=\"og:image:type\" content=\"image\/jpeg\" \/>\n<meta name=\"twitter:card\" content=\"summary_large_image\" \/>\n<meta name=\"twitter:label1\" content=\"Gesch\u00e4tzte Lesezeit\" \/>\n\t<meta name=\"twitter:data1\" content=\"2\u00a0Minuten\" \/>\n<script type=\"application\/ld+json\" class=\"yoast-schema-graph\">{\"@context\":\"https:\\\/\\\/schema.org\",\"@graph\":[{\"@type\":\"WebPage\",\"@id\":\"https:\\\/\\\/uelzener.de\\\/magazin\\\/hund\\\/rasseportrait\\\/rhodesian-ridgeback\\\/\",\"url\":\"https:\\\/\\\/uelzener.de\\\/magazin\\\/hund\\\/rasseportrait\\\/rhodesian-ridgeback\\\/\",\"name\":\"Rhodesian Ridgeback im Rasseportrait | Uelzener\",\"isPartOf\":{\"@id\":\"https:\\\/\\\/uelzener.de\\\/magazin\\\/#website\"},\"primaryImageOfPage\":{\"@id\":\"https:\\\/\\\/uelzener.de\\\/magazin\\\/hund\\\/rasseportrait\\\/rhodesian-ridgeback\\\/#primaryimage\"},\"image\":{\"@id\":\"https:\\\/\\\/uelzener.de\\\/magazin\\\/hund\\\/rasseportrait\\\/rhodesian-ridgeback\\\/#primaryimage\"},\"thumbnailUrl\":\"https:\\\/\\\/uelzener.de\\\/magazin\\\/app\\\/uploads\\\/2016\\\/03\\\/2f08e6df-f86d-45c7-9084-c73a3bdc0805.jpg\",\"datePublished\":\"2016-03-02T00:00:00+00:00\",\"dateModified\":\"2023-07-06T10:27:24+00:00\",\"description\":\"Erfahre alles zur Hunderasse Rhodesian Ridgeback \u2713 Herkunft \u2713 Aussehen \u2713 Charakter \u2713 Haltung \u2713 Erziehung \u25b6 Hier informieren!\",\"breadcrumb\":{\"@id\":\"https:\\\/\\\/uelzener.de\\\/magazin\\\/hund\\\/rasseportrait\\\/rhodesian-ridgeback\\\/#breadcrumb\"},\"inLanguage\":\"de\",\"potentialAction\":[{\"@type\":\"ReadAction\",\"target\":[\"https:\\\/\\\/uelzener.de\\\/magazin\\\/hund\\\/rasseportrait\\\/rhodesian-ridgeback\\\/\"]}]},{\"@type\":\"ImageObject\",\"inLanguage\":\"de\",\"@id\":\"https:\\\/\\\/uelzener.de\\\/magazin\\\/hund\\\/rasseportrait\\\/rhodesian-ridgeback\\\/#primaryimage\",\"url\":\"https:\\\/\\\/uelzener.de\\\/magazin\\\/app\\\/uploads\\\/2016\\\/03\\\/2f08e6df-f86d-45c7-9084-c73a3bdc0805.jpg\",\"contentUrl\":\"https:\\\/\\\/uelzener.de\\\/magazin\\\/app\\\/uploads\\\/2016\\\/03\\\/2f08e6df-f86d-45c7-9084-c73a3bdc0805.jpg\",\"width\":650,\"height\":432,\"caption\":\"Zwei Rhodesian Ridgebacks sitzen auf einer Wiese unter einem Baum und schauen in verschiedene Richtungen.\"},{\"@type\":\"WebSite\",\"@id\":\"https:\\\/\\\/uelzener.de\\\/magazin\\\/#website\",\"url\":\"https:\\\/\\\/uelzener.de\\\/magazin\\\/\",\"name\":\"Uelzener Tiermagazin\",\"description\":\"Online Tierratgeber der Uelzener Versicherungen\",\"publisher\":{\"@id\":\"https:\\\/\\\/uelzener.de\\\/magazin\\\/#organization\"},\"potentialAction\":[{\"@type\":\"SearchAction\",\"target\":{\"@type\":\"EntryPoint\",\"urlTemplate\":\"https:\\\/\\\/uelzener.de\\\/magazin\\\/?s={search_term_string}\"},\"query-input\":{\"@type\":\"PropertyValueSpecification\",\"valueRequired\":true,\"valueName\":\"search_term_string\"}}],\"inLanguage\":\"de\"},{\"@type\":\"Organization\",\"@id\":\"https:\\\/\\\/uelzener.de\\\/magazin\\\/#organization\",\"name\":\"Uelzener Versicherungen\",\"url\":\"https:\\\/\\\/uelzener.de\\\/magazin\\\/\",\"logo\":{\"@type\":\"ImageObject\",\"inLanguage\":\"de\",\"@id\":\"https:\\\/\\\/uelzener.de\\\/magazin\\\/#\\\/schema\\\/logo\\\/image\\\/\",\"url\":\"https:\\\/\\\/uelzener.de\\\/magazin\\\/app\\\/uploads\\\/2024\\\/11\\\/uelzener_allgemeine_versicherungsgesellschaft_a_g_logo.jpg\",\"contentUrl\":\"https:\\\/\\\/uelzener.de\\\/magazin\\\/app\\\/uploads\\\/2024\\\/11\\\/uelzener_allgemeine_versicherungsgesellschaft_a_g_logo.jpg\",\"width\":200,\"height\":200,\"caption\":\"Uelzener Versicherungen\"},\"image\":{\"@id\":\"https:\\\/\\\/uelzener.de\\\/magazin\\\/#\\\/schema\\\/logo\\\/image\\\/\"},\"sameAs\":[\"https:\\\/\\\/www.facebook.com\\\/Uelzener\",\"https:\\\/\\\/instagram.com\\\/uelzener\",\"https:\\\/\\\/www.xing.com\\\/pages\\\/uelzenerallgemeineversicherungs-gesellschafta-g\",\"https:\\\/\\\/www.youtube.com\\\/UelzenerVersicherungen\"]}]}<\/script>\n<!-- \/ Yoast SEO Premium plugin. -->","yoast_head_json":{"title":"Rhodesian Ridgeback im Rasseportrait | Uelzener","description":"Erfahre alles zur Hunderasse Rhodesian Ridgeback \u2713 Herkunft \u2713 Aussehen \u2713 Charakter \u2713 Haltung \u2713 Erziehung \u25b6 Hier informieren!","robots":{"index":"index","follow":"follow","max-snippet":"max-snippet:-1","max-image-preview":"max-image-preview:large","max-video-preview":"max-video-preview:-1"},"canonical":"https:\/\/uelzener.de\/magazin\/hund\/rasseportrait\/rhodesian-ridgeback\/","og_locale":"de_DE","og_type":"article","og_title":"Rhodesian Ridgeback: sensibler L\u00f6wenj\u00e4ger","og_description":"Erfahre alles zur Hunderasse Rhodesian Ridgeback \u2713 Herkunft \u2713 Aussehen \u2713 Charakter \u2713 Haltung \u2713 Erziehung \u25b6 Hier informieren!","og_url":"https:\/\/uelzener.de\/magazin\/hund\/rasseportrait\/rhodesian-ridgeback\/","og_site_name":"Uelzener Tier-Magazin","article_publisher":"https:\/\/www.facebook.com\/Uelzener","article_modified_time":"2023-07-06T10:27:24+00:00","og_image":[{"width":650,"height":432,"url":"https:\/\/uelzener.de\/magazin\/app\/uploads\/2016\/03\/2f08e6df-f86d-45c7-9084-c73a3bdc0805.jpg","type":"image\/jpeg"}],"twitter_card":"summary_large_image","twitter_misc":{"Gesch\u00e4tzte Lesezeit":"2\u00a0Minuten"},"schema":{"@context":"https:\/\/schema.org","@graph":[{"@type":"WebPage","@id":"https:\/\/uelzener.de\/magazin\/hund\/rasseportrait\/rhodesian-ridgeback\/","url":"https:\/\/uelzener.de\/magazin\/hund\/rasseportrait\/rhodesian-ridgeback\/","name":"Rhodesian Ridgeback im Rasseportrait | Uelzener","isPartOf":{"@id":"https:\/\/uelzener.de\/magazin\/#website"},"primaryImageOfPage":{"@id":"https:\/\/uelzener.de\/magazin\/hund\/rasseportrait\/rhodesian-ridgeback\/#primaryimage"},"image":{"@id":"https:\/\/uelzener.de\/magazin\/hund\/rasseportrait\/rhodesian-ridgeback\/#primaryimage"},"thumbnailUrl":"https:\/\/uelzener.de\/magazin\/app\/uploads\/2016\/03\/2f08e6df-f86d-45c7-9084-c73a3bdc0805.jpg","datePublished":"2016-03-02T00:00:00+00:00","dateModified":"2023-07-06T10:27:24+00:00","description":"Erfahre alles zur Hunderasse Rhodesian Ridgeback \u2713 Herkunft \u2713 Aussehen \u2713 Charakter \u2713 Haltung \u2713 Erziehung \u25b6 Hier informieren!","breadcrumb":{"@id":"https:\/\/uelzener.de\/magazin\/hund\/rasseportrait\/rhodesian-ridgeback\/#breadcrumb"},"inLanguage":"de","potentialAction":[{"@type":"ReadAction","target":["https:\/\/uelzener.de\/magazin\/hund\/rasseportrait\/rhodesian-ridgeback\/"]}]},{"@type":"ImageObject","inLanguage":"de","@id":"https:\/\/uelzener.de\/magazin\/hund\/rasseportrait\/rhodesian-ridgeback\/#primaryimage","url":"https:\/\/uelzener.de\/magazin\/app\/uploads\/2016\/03\/2f08e6df-f86d-45c7-9084-c73a3bdc0805.jpg","contentUrl":"https:\/\/uelzener.de\/magazin\/app\/uploads\/2016\/03\/2f08e6df-f86d-45c7-9084-c73a3bdc0805.jpg","width":650,"height":432,"caption":"Zwei Rhodesian Ridgebacks sitzen auf einer Wiese unter einem Baum und schauen in verschiedene Richtungen."},{"@type":"WebSite","@id":"https:\/\/uelzener.de\/magazin\/#website","url":"https:\/\/uelzener.de\/magazin\/","name":"Uelzener Tiermagazin","description":"Online Tierratgeber der Uelzener Versicherungen","publisher":{"@id":"https:\/\/uelzener.de\/magazin\/#organization"},"potentialAction":[{"@type":"SearchAction","target":{"@type":"EntryPoint","urlTemplate":"https:\/\/uelzener.de\/magazin\/?s={search_term_string}"},"query-input":{"@type":"PropertyValueSpecification","valueRequired":true,"valueName":"search_term_string"}}],"inLanguage":"de"},{"@type":"Organization","@id":"https:\/\/uelzener.de\/magazin\/#organization","name":"Uelzener Versicherungen","url":"https:\/\/uelzener.de\/magazin\/","logo":{"@type":"ImageObject","inLanguage":"de","@id":"https:\/\/uelzener.de\/magazin\/#\/schema\/logo\/image\/","url":"https:\/\/uelzener.de\/magazin\/app\/uploads\/2024\/11\/uelzener_allgemeine_versicherungsgesellschaft_a_g_logo.jpg","contentUrl":"https:\/\/uelzener.de\/magazin\/app\/uploads\/2024\/11\/uelzener_allgemeine_versicherungsgesellschaft_a_g_logo.jpg","width":200,"height":200,"caption":"Uelzener Versicherungen"},"image":{"@id":"https:\/\/uelzener.de\/magazin\/#\/schema\/logo\/image\/"},"sameAs":["https:\/\/www.facebook.com\/Uelzener","https:\/\/instagram.com\/uelzener","https:\/\/www.xing.com\/pages\/uelzenerallgemeineversicherungs-gesellschafta-g","https:\/\/www.youtube.com\/UelzenerVersicherungen"]}]}},"_links":{"self":[{"href":"https:\/\/uelzener.de\/magazin\/wp-json\/wp\/v2\/pages\/10063","targetHints":{"allow":["GET"]}}],"collection":[{"href":"https:\/\/uelzener.de\/magazin\/wp-json\/wp\/v2\/pages"}],"about":[{"href":"https:\/\/uelzener.de\/magazin\/wp-json\/wp\/v2\/types\/page"}],"author":[{"embeddable":true,"href":"https:\/\/uelzener.de\/magazin\/wp-json\/wp\/v2\/users\/1"}],"replies":[{"embeddable":true,"href":"https:\/\/uelzener.de\/magazin\/wp-json\/wp\/v2\/comments?post=10063"}],"version-history":[{"count":6,"href":"https:\/\/uelzener.de\/magazin\/wp-json\/wp\/v2\/pages\/10063\/revisions"}],"predecessor-version":[{"id":15820,"href":"https:\/\/uelzener.de\/magazin\/wp-json\/wp\/v2\/pages\/10063\/revisions\/15820"}],"up":[{"embeddable":true,"href":"https:\/\/uelzener.de\/magazin\/wp-json\/wp\/v2\/pages\/2475"}],"wp:featuredmedia":[{"embeddable":true,"href":"https:\/\/uelzener.de\/magazin\/wp-json\/wp\/v2\/media\/10653"}],"wp:attachment":[{"href":"https:\/\/uelzener.de\/magazin\/wp-json\/wp\/v2\/media?parent=10063"}],"curies":[{"name":"wp","href":"https:\/\/api.w.org\/{rel}","templated":true}]}}