{"id":10059,"date":"2018-07-19T00:00:00","date_gmt":"2018-07-19T00:00:00","guid":{"rendered":""},"modified":"2023-04-19T16:05:40","modified_gmt":"2023-04-19T14:05:40","slug":"dackel","status":"publish","type":"page","link":"https:\/\/uelzener.de\/magazin\/hund\/rasseportrait\/dackel\/","title":{"rendered":"Dackel: vielseitige und intelligente Jagdhunde"},"content":{"rendered":"<p>Ein Dackel ist unverwechselbar: Der kurzbeinige Geselle f\u00e4llt nicht nur durch seinen langgezogenen K\u00f6rperbau auf, er hat auch einen einzigartigen Charakter. Die ersten Dackel wurden bereits im 16. Jahrhundert beschrieben, die Vorl\u00e4ufer der kleinen Hunde gab es aber vermutlich schon im 2. Jahrhundert bei den Kelten. 1888 wurde der Deutsche Teckelclub gegr\u00fcndet, der bis heute das Zuchtbuch f\u00fchrt.<\/p>\n<p>Dackel gibt es in drei Auspr\u00e4gungen: Den schwarz-roten Kurzhaar, den ganz roten oder rot-schwarzen Langhaardackel sowie den Rauhaardackel mit seinem drahtigen, oftmals graumelierten (\u201esaufarbenen\u201c) Fell. Aufgrund seiner Erscheinung wird der Dackel von vielen Menschen nicht ganz ernst genommen. Ein gro\u00dfer Fehler! Denn er ist nicht nur ein vielseitiger Jagdhund, sondern auch ein sehr intelligentes Tier. Gez\u00fcchtet wurde er f\u00fcr die Baujagd auf Fuchs und Dachs (\u201eDachshund\u201c). Daher resultiert auch sein K\u00f6rperbau, der ideal ist f\u00fcr die Jagd unter der Erde. Bei der Baujagd muss der Hund zudem selber entscheiden, wie er vorgehen will. Das erfordert Mut, Intelligenz und Ausdauer. Diese Eigenschaften bekommen Besitzer h\u00e4ufig schon bei der Erziehung zu sp\u00fcren. Dackel sind zwar freundliche und liebevolle Hunde, aber sie stellen die Anweisungen von \u201eoben\u201c gerne mal in Frage (oder ignorieren sie gleich ganz) und entscheiden selbst, was aus ihrer Sicht das Beste ist.<\/p>\n<p>Um einen Dackel zur Mitarbeit zu bewegen, braucht man daher eine Menge Gesp\u00fcr. Wer meint, er k\u00f6nne bei der Erziehung mit H\u00e4rte etwas erreichen, wird definitiv den K\u00fcrzeren ziehen: Druck bewirkt nur, dass der Dackel auf stur schaltet. Und ein sturer Dackel ist zu nichts mehr zu bewegen. Zu viel Nachgiebigkeit bewirkt hingegen, dass der Dackel seinem Boss das Zepter aus der Hand nimmt und die Dinge in seinem eigenen Sinn regelt. Ebenso darf der Dackelblick nicht untersch\u00e4tzt werden, mit dem der Dackel ausnahmslos jeden gekonnt um den Finger wickelt. Um einen Dackel zu erziehen, sind also neben Freundlichkeit starke Nerven und viel Konsequenz erforderlich.<\/p>\n<p>Auch in puncto Bewegung werden Dackel oft untersch\u00e4tzt. Mit ihren kurzen, aber kr\u00e4ftigen Beinen k\u00f6nnen sie sehr schnell laufen und dank ihrer \u201eerdnahen Bauweise\u201c blitzschnelle Haken schlagen. Sie brauchen ausgedehnte Spazierg\u00e4nge, idealerweise in wechselnder Umgebung, damit sie nicht nur k\u00f6rperlich, sondern auch geistig gefordert werden. Denn Dackel haben auch sehr gute Sp\u00fcrnasen, weswegen sie als Jagdhunde oft bei der F\u00e4hrtenarbeit eingesetzt werden. Daher braucht ein Dackel beim Spaziergang viel Zeit zum ausgiebigen Schnuppern. Bei Treppen sollte er getragen werden, da der Dackel wegen seines langen R\u00fcckens zu Bandscheibenvorf\u00e4llen (\u201eDackell\u00e4hme\u201c) neigt.<\/p>\n<p>Der Dackel eignet sich gut als <a href=\"https:\/\/uelzener.de\/magazin\/hund\/haeufige-fragen\/familienhunde\/\"><strong>Familienhund<\/strong><\/a>, da er verspielt ist, gut mit Kindern auskommt und sich auch gerne ausgiebig kraulen l\u00e4sst. Mit einem gut erzogenen Dackel hat man einen liebenswerten Hund, der jeden Spa\u00df mitmacht und bei allen Unternehmungen dabei sein will.<\/p>\n","protected":false},"excerpt":{"rendered":"<p>Ein Dackel ist unverwechselbar: Der kurzbeinige Geselle f\u00e4llt nicht nur durch seinen langgezogenen K\u00f6rperbau auf, er hat auch einen einzigartigen Charakter. Die ersten Dackel wurden bereits im 16. Jahrhundert beschrieben, die Vorl\u00e4ufer der kleinen Hunde gab es aber vermutlich schon im 2. Jahrhundert bei den Kelten. 1888 wurde der Deutsche Teckelclub gegr\u00fcndet, der bis heute [&hellip;]<\/p>\n","protected":false},"author":1,"featured_media":10649,"parent":2475,"menu_order":13,"comment_status":"open","ping_status":"open","template":"templates\/blog.php","meta":{"_acf_changed":false,"_crdt_document":"","footnotes":"","beyondwords_generate_audio":"","beyondwords_project_id":"","beyondwords_content_id":"","beyondwords_preview_token":"","beyondwords_player_style":"","beyondwords_language_id":"","beyondwords_title_voice_id":"","beyondwords_body_voice_id":"","beyondwords_summary_voice_id":"","beyondwords_error_message":"","beyondwords_disabled":"","beyondwords_delete_content":"","beyondwords_podcast_id":"","beyondwords_hash":"","publish_post_to_speechkit":"","speechkit_hash":"","speechkit_generate_audio":"","speechkit_project_id":"","speechkit_podcast_id":"","speechkit_error_message":"","speechkit_disabled":"","speechkit_access_key":"","speechkit_error":"","speechkit_info":"","speechkit_response":"","speechkit_retries":"","speechkit_status":"","speechkit_updated_at":"","_speechkit_link":"","_speechkit_text":""},"class_list":["post-10059","page","type-page","status-publish","has-post-thumbnail","hentry"],"acf":[],"yoast_head":"<!-- This site is optimized with the Yoast SEO Premium plugin  - https:\/\/yoast.com\/product\/yoast-seo-premium-wordpress\/ -->\n<title>Dackel im Rasseportrait \u2013 Herkunft, Charakter &amp; Haltung | Uelzener<\/title>\n<meta name=\"description\" content=\"Erfahre alles zur Hunderasse Dackel \u2713 Herkunft \u2713 Aussehen \u2713 Charakter \u2713 Haltung \u2713 Erziehung \u25b6 Hier informieren!\" \/>\n<meta name=\"robots\" content=\"index, follow, max-snippet:-1, max-image-preview:large, max-video-preview:-1\" \/>\n<link rel=\"canonical\" href=\"https:\/\/uelzener.de\/magazin\/hund\/rasseportrait\/dackel\/\" \/>\n<meta property=\"og:locale\" content=\"de_DE\" \/>\n<meta property=\"og:type\" content=\"article\" \/>\n<meta property=\"og:title\" content=\"Dackel: vielseitige und intelligente Jagdhunde\" \/>\n<meta property=\"og:description\" content=\"Erfahre alles zur Hunderasse Dackel \u2713 Herkunft \u2713 Aussehen \u2713 Charakter \u2713 Haltung \u2713 Erziehung \u25b6 Hier informieren!\" \/>\n<meta property=\"og:url\" content=\"https:\/\/uelzener.de\/magazin\/hund\/rasseportrait\/dackel\/\" \/>\n<meta property=\"og:site_name\" content=\"Uelzener Tier-Magazin\" \/>\n<meta property=\"article:publisher\" content=\"https:\/\/www.facebook.com\/Uelzener\" \/>\n<meta property=\"article:modified_time\" content=\"2023-04-19T14:05:40+00:00\" \/>\n<meta property=\"og:image\" content=\"https:\/\/uelzener.de\/magazin\/app\/uploads\/2018\/07\/0181ba55-25a0-48b0-831c-40937a572b33.jpg\" \/>\n\t<meta property=\"og:image:width\" content=\"850\" \/>\n\t<meta property=\"og:image:height\" content=\"567\" \/>\n\t<meta property=\"og:image:type\" content=\"image\/jpeg\" \/>\n<meta name=\"twitter:card\" content=\"summary_large_image\" \/>\n<meta name=\"twitter:label1\" content=\"Gesch\u00e4tzte Lesezeit\" \/>\n\t<meta name=\"twitter:data1\" content=\"2\u00a0Minuten\" \/>\n<script type=\"application\/ld+json\" class=\"yoast-schema-graph\">{\"@context\":\"https:\/\/schema.org\",\"@graph\":[{\"@type\":\"WebPage\",\"@id\":\"https:\/\/uelzener.de\/magazin\/hund\/rasseportrait\/dackel\/\",\"url\":\"https:\/\/uelzener.de\/magazin\/hund\/rasseportrait\/dackel\/\",\"name\":\"Dackel im Rasseportrait \u2013 Herkunft, Charakter & Haltung | Uelzener\",\"isPartOf\":{\"@id\":\"https:\/\/uelzener.de\/magazin\/#website\"},\"primaryImageOfPage\":{\"@id\":\"https:\/\/uelzener.de\/magazin\/hund\/rasseportrait\/dackel\/#primaryimage\"},\"image\":{\"@id\":\"https:\/\/uelzener.de\/magazin\/hund\/rasseportrait\/dackel\/#primaryimage\"},\"thumbnailUrl\":\"https:\/\/uelzener.de\/magazin\/app\/uploads\/2018\/07\/0181ba55-25a0-48b0-831c-40937a572b33.jpg\",\"datePublished\":\"2018-07-19T00:00:00+00:00\",\"dateModified\":\"2023-04-19T14:05:40+00:00\",\"description\":\"Erfahre alles zur Hunderasse Dackel \u2713 Herkunft \u2713 Aussehen \u2713 Charakter \u2713 Haltung \u2713 Erziehung \u25b6 Hier informieren!\",\"breadcrumb\":{\"@id\":\"https:\/\/uelzener.de\/magazin\/hund\/rasseportrait\/dackel\/#breadcrumb\"},\"inLanguage\":\"de\",\"potentialAction\":[{\"@type\":\"ReadAction\",\"target\":[\"https:\/\/uelzener.de\/magazin\/hund\/rasseportrait\/dackel\/\"]}]},{\"@type\":\"ImageObject\",\"inLanguage\":\"de\",\"@id\":\"https:\/\/uelzener.de\/magazin\/hund\/rasseportrait\/dackel\/#primaryimage\",\"url\":\"https:\/\/uelzener.de\/magazin\/app\/uploads\/2018\/07\/0181ba55-25a0-48b0-831c-40937a572b33.jpg\",\"contentUrl\":\"https:\/\/uelzener.de\/magazin\/app\/uploads\/2018\/07\/0181ba55-25a0-48b0-831c-40937a572b33.jpg\",\"width\":850,\"height\":567,\"caption\":\"Ein kleiner Dackel h\u00fcpft freudig \u00fcber die gr\u00fcne Wiese.\"},{\"@type\":\"WebSite\",\"@id\":\"https:\/\/uelzener.de\/magazin\/#website\",\"url\":\"https:\/\/uelzener.de\/magazin\/\",\"name\":\"Uelzener Tiermagazin\",\"description\":\"Online Tierratgeber der Uelzener Versicherungen\",\"publisher\":{\"@id\":\"https:\/\/uelzener.de\/magazin\/#organization\"},\"potentialAction\":[{\"@type\":\"SearchAction\",\"target\":{\"@type\":\"EntryPoint\",\"urlTemplate\":\"https:\/\/uelzener.de\/magazin\/?s={search_term_string}\"},\"query-input\":{\"@type\":\"PropertyValueSpecification\",\"valueRequired\":true,\"valueName\":\"search_term_string\"}}],\"inLanguage\":\"de\"},{\"@type\":\"Organization\",\"@id\":\"https:\/\/uelzener.de\/magazin\/#organization\",\"name\":\"Uelzener Versicherungen\",\"url\":\"https:\/\/uelzener.de\/magazin\/\",\"logo\":{\"@type\":\"ImageObject\",\"inLanguage\":\"de\",\"@id\":\"https:\/\/uelzener.de\/magazin\/#\/schema\/logo\/image\/\",\"url\":\"https:\/\/uelzener.de\/magazin\/app\/uploads\/2024\/11\/uelzener_allgemeine_versicherungsgesellschaft_a_g_logo.jpg\",\"contentUrl\":\"https:\/\/uelzener.de\/magazin\/app\/uploads\/2024\/11\/uelzener_allgemeine_versicherungsgesellschaft_a_g_logo.jpg\",\"width\":200,\"height\":200,\"caption\":\"Uelzener Versicherungen\"},\"image\":{\"@id\":\"https:\/\/uelzener.de\/magazin\/#\/schema\/logo\/image\/\"},\"sameAs\":[\"https:\/\/www.facebook.com\/Uelzener\",\"https:\/\/instagram.com\/uelzener\",\"https:\/\/www.xing.com\/pages\/uelzenerallgemeineversicherungs-gesellschafta-g\",\"https:\/\/www.youtube.com\/UelzenerVersicherungen\"]}]}<\/script>\n<!-- \/ Yoast SEO Premium plugin. -->","yoast_head_json":{"title":"Dackel im Rasseportrait \u2013 Herkunft, Charakter & Haltung | Uelzener","description":"Erfahre alles zur Hunderasse Dackel \u2713 Herkunft \u2713 Aussehen \u2713 Charakter \u2713 Haltung \u2713 Erziehung \u25b6 Hier informieren!","robots":{"index":"index","follow":"follow","max-snippet":"max-snippet:-1","max-image-preview":"max-image-preview:large","max-video-preview":"max-video-preview:-1"},"canonical":"https:\/\/uelzener.de\/magazin\/hund\/rasseportrait\/dackel\/","og_locale":"de_DE","og_type":"article","og_title":"Dackel: vielseitige und intelligente Jagdhunde","og_description":"Erfahre alles zur Hunderasse Dackel \u2713 Herkunft \u2713 Aussehen \u2713 Charakter \u2713 Haltung \u2713 Erziehung \u25b6 Hier informieren!","og_url":"https:\/\/uelzener.de\/magazin\/hund\/rasseportrait\/dackel\/","og_site_name":"Uelzener Tier-Magazin","article_publisher":"https:\/\/www.facebook.com\/Uelzener","article_modified_time":"2023-04-19T14:05:40+00:00","og_image":[{"width":850,"height":567,"url":"https:\/\/uelzener.de\/magazin\/app\/uploads\/2018\/07\/0181ba55-25a0-48b0-831c-40937a572b33.jpg","type":"image\/jpeg"}],"twitter_card":"summary_large_image","twitter_misc":{"Gesch\u00e4tzte Lesezeit":"2\u00a0Minuten"},"schema":{"@context":"https:\/\/schema.org","@graph":[{"@type":"WebPage","@id":"https:\/\/uelzener.de\/magazin\/hund\/rasseportrait\/dackel\/","url":"https:\/\/uelzener.de\/magazin\/hund\/rasseportrait\/dackel\/","name":"Dackel im Rasseportrait \u2013 Herkunft, Charakter & Haltung | Uelzener","isPartOf":{"@id":"https:\/\/uelzener.de\/magazin\/#website"},"primaryImageOfPage":{"@id":"https:\/\/uelzener.de\/magazin\/hund\/rasseportrait\/dackel\/#primaryimage"},"image":{"@id":"https:\/\/uelzener.de\/magazin\/hund\/rasseportrait\/dackel\/#primaryimage"},"thumbnailUrl":"https:\/\/uelzener.de\/magazin\/app\/uploads\/2018\/07\/0181ba55-25a0-48b0-831c-40937a572b33.jpg","datePublished":"2018-07-19T00:00:00+00:00","dateModified":"2023-04-19T14:05:40+00:00","description":"Erfahre alles zur Hunderasse Dackel \u2713 Herkunft \u2713 Aussehen \u2713 Charakter \u2713 Haltung \u2713 Erziehung \u25b6 Hier informieren!","breadcrumb":{"@id":"https:\/\/uelzener.de\/magazin\/hund\/rasseportrait\/dackel\/#breadcrumb"},"inLanguage":"de","potentialAction":[{"@type":"ReadAction","target":["https:\/\/uelzener.de\/magazin\/hund\/rasseportrait\/dackel\/"]}]},{"@type":"ImageObject","inLanguage":"de","@id":"https:\/\/uelzener.de\/magazin\/hund\/rasseportrait\/dackel\/#primaryimage","url":"https:\/\/uelzener.de\/magazin\/app\/uploads\/2018\/07\/0181ba55-25a0-48b0-831c-40937a572b33.jpg","contentUrl":"https:\/\/uelzener.de\/magazin\/app\/uploads\/2018\/07\/0181ba55-25a0-48b0-831c-40937a572b33.jpg","width":850,"height":567,"caption":"Ein kleiner Dackel h\u00fcpft freudig \u00fcber die gr\u00fcne Wiese."},{"@type":"WebSite","@id":"https:\/\/uelzener.de\/magazin\/#website","url":"https:\/\/uelzener.de\/magazin\/","name":"Uelzener Tiermagazin","description":"Online Tierratgeber der Uelzener Versicherungen","publisher":{"@id":"https:\/\/uelzener.de\/magazin\/#organization"},"potentialAction":[{"@type":"SearchAction","target":{"@type":"EntryPoint","urlTemplate":"https:\/\/uelzener.de\/magazin\/?s={search_term_string}"},"query-input":{"@type":"PropertyValueSpecification","valueRequired":true,"valueName":"search_term_string"}}],"inLanguage":"de"},{"@type":"Organization","@id":"https:\/\/uelzener.de\/magazin\/#organization","name":"Uelzener Versicherungen","url":"https:\/\/uelzener.de\/magazin\/","logo":{"@type":"ImageObject","inLanguage":"de","@id":"https:\/\/uelzener.de\/magazin\/#\/schema\/logo\/image\/","url":"https:\/\/uelzener.de\/magazin\/app\/uploads\/2024\/11\/uelzener_allgemeine_versicherungsgesellschaft_a_g_logo.jpg","contentUrl":"https:\/\/uelzener.de\/magazin\/app\/uploads\/2024\/11\/uelzener_allgemeine_versicherungsgesellschaft_a_g_logo.jpg","width":200,"height":200,"caption":"Uelzener Versicherungen"},"image":{"@id":"https:\/\/uelzener.de\/magazin\/#\/schema\/logo\/image\/"},"sameAs":["https:\/\/www.facebook.com\/Uelzener","https:\/\/instagram.com\/uelzener","https:\/\/www.xing.com\/pages\/uelzenerallgemeineversicherungs-gesellschafta-g","https:\/\/www.youtube.com\/UelzenerVersicherungen"]}]}},"_links":{"self":[{"href":"https:\/\/uelzener.de\/magazin\/wp-json\/wp\/v2\/pages\/10059","targetHints":{"allow":["GET"]}}],"collection":[{"href":"https:\/\/uelzener.de\/magazin\/wp-json\/wp\/v2\/pages"}],"about":[{"href":"https:\/\/uelzener.de\/magazin\/wp-json\/wp\/v2\/types\/page"}],"author":[{"embeddable":true,"href":"https:\/\/uelzener.de\/magazin\/wp-json\/wp\/v2\/users\/1"}],"replies":[{"embeddable":true,"href":"https:\/\/uelzener.de\/magazin\/wp-json\/wp\/v2\/comments?post=10059"}],"version-history":[{"count":8,"href":"https:\/\/uelzener.de\/magazin\/wp-json\/wp\/v2\/pages\/10059\/revisions"}],"predecessor-version":[{"id":15348,"href":"https:\/\/uelzener.de\/magazin\/wp-json\/wp\/v2\/pages\/10059\/revisions\/15348"}],"up":[{"embeddable":true,"href":"https:\/\/uelzener.de\/magazin\/wp-json\/wp\/v2\/pages\/2475"}],"wp:featuredmedia":[{"embeddable":true,"href":"https:\/\/uelzener.de\/magazin\/wp-json\/wp\/v2\/media\/10649"}],"wp:attachment":[{"href":"https:\/\/uelzener.de\/magazin\/wp-json\/wp\/v2\/media?parent=10059"}],"curies":[{"name":"wp","href":"https:\/\/api.w.org\/{rel}","templated":true}]}}