{"id":10054,"date":"2017-10-05T00:00:00","date_gmt":"2017-10-05T00:00:00","guid":{"rendered":""},"modified":"2023-03-01T15:11:25","modified_gmt":"2023-03-01T14:11:25","slug":"border-collie","status":"publish","type":"page","link":"https:\/\/uelzener.de\/magazin\/hund\/rasseportrait\/border-collie\/","title":{"rendered":"Border Collie: intelligenter und quirliger H\u00fctehund"},"content":{"rendered":"<p><strong>Der Border Collie ist in den letzten Jahren in Mode gekommen. Gut verst\u00e4ndlich, denn der quirlige Hund ist intelligent und anscheinend immer gut aufgelegt. Allerdings kann es einige Probleme geben, wenn man das Wesen des Border Collie nicht gen\u00fcgend ber\u00fccksichtigt.<\/strong><\/p>\n<p>Erste Hinweise auf die Vorfahren des Border Collie gibt es schon aus dem fr\u00fchen Mittelalter. In Britannien wurden H\u00fctehunde, genannt Collies, \u00fcber die Jahrhunderte zum Schafeh\u00fcten eingesetzt. Offenbar bedienten sich auch andere V\u00f6lker an den Arbeitshunden, denn sowohl die R\u00f6mer als auch die Wikinger sollen jeweils nach ihrem \u201eBesuch\u201c in Britannien H\u00fctehunde mitgenommen haben.<\/p>\n<p>Der Border Collie stammt aus dem Grenzgebiet zwischen England und Schottland. Eine erste genaue Beschreibung der Arbeitsweise dieser Collies stammt vom Leibarzt von Queen Elisabeth I im Jahr 1570, John Caius, in seinem Buch \u201eDe Canibus Britannicus (\u201e\u00dcber die britischen Hunde\u201c). Die Hunde werden seit dem Ende des 19. Jahrhunderts von der International Sheep Dog Society in sogenannten \u201eSheep trails\u201c auf ihr H\u00fcteverhalten getestet, seit Anfang des 20. Jahrhunderts wird der Name \u201eBorder Collie\u201c verwendet. Als Stammvater der heutigen Zucht gilt \u201eOld Hemp\u201c, ein R\u00fcde mit \u00fcberragenden H\u00fcteeigenschaften, der Ende des 19. Jahrhunderts lebte. Erst seit dem Jahr 1976 ist der Border Collie von der FCI als Rasse anerkannt.<\/p>\n<p>Border Collies wurden seit Jahrhunderten zum Schafeh\u00fcten gez\u00fcchtet. Der Versuch, aus ihnen einen gem\u00fctlichen Sofahund zu machen, wird mit gro\u00dfer Wahrscheinlichkeit scheitern. Nat\u00fcrlich f\u00fchlen sich Border Collies ihren Besitzern sehr verbunden, schlie\u00dflich wurden sie dazu gez\u00fcchtet, auf den leisesten Wink ihres Herrn zu reagieren. Sie sind auch kinderlieb und f\u00fcr jeden Schabernack offen, aber eben nur, wenn sie gleichzeitig gut erzogen sind und genug Auslastung f\u00fcr ihr flinkes K\u00f6pfchen haben. Sonst kann es passieren, dass sie ihren H\u00fctetrieb an Nachbarn, Autos oder allem, was sich sonst noch bewegt, ausleben.<\/p>\n<p>&nbsp;<\/p>\n<p>Neben dem Schafeh\u00fcten kann man den Border Collie nat\u00fcrlich auch mit anderen Dingen besch\u00e4ftigen: Zum Beispiel mit verschiedenen Hundesportarten. Allerdings gilt es hier zu beachten, dass der Border Collie bei andauernder Beanspruchung schnell \u00fcberdreht. Denn er m\u00f6chte gefallen und tut dies auch \u00fcber seine k\u00f6rperlichen Grenzen hinaus, wenn es von ihm gefordert wird. Dauer-Besch\u00e4ftigung (dazu geh\u00f6rt auch endloses B\u00e4llchenwerfen) ist daher keine L\u00f6sung, die richtige Besch\u00e4ftigung muss es sein und dazwischen ausreichend Entspannung.<\/p>\n<p>Auch bei der Erziehung ist Fingerspitzengef\u00fchl gefragt: Border Collies sind sensibel und vertragen keine harte Hand. Und sie lernen sehr schnell. Wer sich einen Border Collie zulegen will, sollte daher Erfahrung mit Hunden haben und sich vorher genau \u00fcberlegen, ob er ihm gerecht werden kann. Die Beratung durch einen seri\u00f6sen Z\u00fcchter kann zudem bei der Suche nach dem geeigneten Welpen helfen. Dann steht einer tollen gemeinsamen Zeit nichts mehr im Weg. Aus diesem Grund ist es wichtig, eine gute <a href=\"https:\/\/uelzener.de\/hund\/hunde-haftpflichtversicherung\/\"><strong>Hunde-Haftpflicht-Versicherung<\/strong><\/a> f\u00fcr den Border Collie abzuschlie\u00dfen.<\/p>\n","protected":false},"excerpt":{"rendered":"<p>Der Border Collie ist in den letzten Jahren in Mode gekommen. Gut verst\u00e4ndlich, denn der quirlige Hund ist intelligent und anscheinend immer gut aufgelegt. Allerdings kann es einige Probleme geben, wenn man das Wesen des Border Collie nicht gen\u00fcgend ber\u00fccksichtigt. Erste Hinweise auf die Vorfahren des Border Collie gibt es schon aus dem fr\u00fchen Mittelalter. [&hellip;]<\/p>\n","protected":false},"author":1,"featured_media":10644,"parent":2475,"menu_order":4,"comment_status":"open","ping_status":"open","template":"templates\/blog.php","meta":{"_acf_changed":false,"_crdt_document":"","footnotes":"","beyondwords_generate_audio":"","beyondwords_project_id":"","beyondwords_content_id":"","beyondwords_preview_token":"","beyondwords_player_style":"","beyondwords_language_id":"","beyondwords_title_voice_id":"","beyondwords_body_voice_id":"","beyondwords_summary_voice_id":"","beyondwords_error_message":"","beyondwords_disabled":"","beyondwords_delete_content":"","beyondwords_podcast_id":"","beyondwords_hash":"","publish_post_to_speechkit":"","speechkit_hash":"","speechkit_generate_audio":"","speechkit_project_id":"","speechkit_podcast_id":"","speechkit_error_message":"","speechkit_disabled":"","speechkit_access_key":"","speechkit_error":"","speechkit_info":"","speechkit_response":"","speechkit_retries":"","speechkit_status":"","speechkit_updated_at":"","_speechkit_link":"","_speechkit_text":""},"class_list":["post-10054","page","type-page","status-publish","has-post-thumbnail","hentry"],"acf":[],"yoast_head":"<!-- This site is optimized with the Yoast SEO Premium plugin  - https:\/\/yoast.com\/product\/yoast-seo-premium-wordpress\/ -->\n<title>Border Collie im Rasseportrait \u2013 Herkunft &amp; Charakter | Uelzener<\/title>\n<meta name=\"description\" content=\"Erfahre alles zur Hunderasse Border Collie \u2713 Herkunft \u2713 Charakter \u2713 Einsatzbereiche \u2713 Besch\u00e4ftigung \u25b6 Hier informieren!\" \/>\n<meta name=\"robots\" content=\"index, follow, max-snippet:-1, max-image-preview:large, max-video-preview:-1\" \/>\n<link rel=\"canonical\" href=\"https:\/\/uelzener.de\/magazin\/hund\/rasseportrait\/border-collie\/\" \/>\n<meta property=\"og:locale\" content=\"de_DE\" \/>\n<meta property=\"og:type\" content=\"article\" \/>\n<meta property=\"og:title\" content=\"Border Collie: intelligenter und quirliger H\u00fctehund\" \/>\n<meta property=\"og:description\" content=\"Erfahre alles zur Hunderasse Border Collie \u2713 Herkunft \u2713 Charakter \u2713 Einsatzbereiche \u2713 Besch\u00e4ftigung \u25b6 Hier informieren!\" \/>\n<meta property=\"og:url\" content=\"https:\/\/uelzener.de\/magazin\/hund\/rasseportrait\/border-collie\/\" \/>\n<meta property=\"og:site_name\" content=\"Uelzener Tier-Magazin\" \/>\n<meta property=\"article:publisher\" content=\"https:\/\/www.facebook.com\/Uelzener\" \/>\n<meta property=\"article:modified_time\" content=\"2023-03-01T14:11:25+00:00\" \/>\n<meta property=\"og:image\" content=\"https:\/\/uelzener.de\/magazin\/app\/uploads\/2017\/10\/bfd90c57-c641-459b-a080-16d8163f0686.jpg\" \/>\n\t<meta property=\"og:image:width\" content=\"650\" \/>\n\t<meta property=\"og:image:height\" content=\"433\" \/>\n\t<meta property=\"og:image:type\" content=\"image\/jpeg\" \/>\n<meta name=\"twitter:card\" content=\"summary_large_image\" \/>\n<meta name=\"twitter:label1\" content=\"Gesch\u00e4tzte Lesezeit\" \/>\n\t<meta name=\"twitter:data1\" content=\"2\u00a0Minuten\" \/>\n<script type=\"application\/ld+json\" class=\"yoast-schema-graph\">{\"@context\":\"https:\/\/schema.org\",\"@graph\":[{\"@type\":\"WebPage\",\"@id\":\"https:\/\/uelzener.de\/magazin\/hund\/rasseportrait\/border-collie\/\",\"url\":\"https:\/\/uelzener.de\/magazin\/hund\/rasseportrait\/border-collie\/\",\"name\":\"Border Collie im Rasseportrait \u2013 Herkunft & Charakter | Uelzener\",\"isPartOf\":{\"@id\":\"https:\/\/uelzener.de\/magazin\/#website\"},\"primaryImageOfPage\":{\"@id\":\"https:\/\/uelzener.de\/magazin\/hund\/rasseportrait\/border-collie\/#primaryimage\"},\"image\":{\"@id\":\"https:\/\/uelzener.de\/magazin\/hund\/rasseportrait\/border-collie\/#primaryimage\"},\"thumbnailUrl\":\"https:\/\/uelzener.de\/magazin\/app\/uploads\/2017\/10\/bfd90c57-c641-459b-a080-16d8163f0686.jpg\",\"datePublished\":\"2017-10-05T00:00:00+00:00\",\"dateModified\":\"2023-03-01T14:11:25+00:00\",\"description\":\"Erfahre alles zur Hunderasse Border Collie \u2713 Herkunft \u2713 Charakter \u2713 Einsatzbereiche \u2713 Besch\u00e4ftigung \u25b6 Hier informieren!\",\"breadcrumb\":{\"@id\":\"https:\/\/uelzener.de\/magazin\/hund\/rasseportrait\/border-collie\/#breadcrumb\"},\"inLanguage\":\"de\",\"potentialAction\":[{\"@type\":\"ReadAction\",\"target\":[\"https:\/\/uelzener.de\/magazin\/hund\/rasseportrait\/border-collie\/\"]}]},{\"@type\":\"ImageObject\",\"inLanguage\":\"de\",\"@id\":\"https:\/\/uelzener.de\/magazin\/hund\/rasseportrait\/border-collie\/#primaryimage\",\"url\":\"https:\/\/uelzener.de\/magazin\/app\/uploads\/2017\/10\/bfd90c57-c641-459b-a080-16d8163f0686.jpg\",\"contentUrl\":\"https:\/\/uelzener.de\/magazin\/app\/uploads\/2017\/10\/bfd90c57-c641-459b-a080-16d8163f0686.jpg\",\"width\":650,\"height\":433,\"caption\":\"Ein schwarz brauner Border Collie liegt auf einer vorm Herbstlaub bedeckten Wiese. Seine Ohren stehen aufrecht.\"},{\"@type\":\"WebSite\",\"@id\":\"https:\/\/uelzener.de\/magazin\/#website\",\"url\":\"https:\/\/uelzener.de\/magazin\/\",\"name\":\"Uelzener Tiermagazin\",\"description\":\"Online Tierratgeber der Uelzener Versicherungen\",\"publisher\":{\"@id\":\"https:\/\/uelzener.de\/magazin\/#organization\"},\"potentialAction\":[{\"@type\":\"SearchAction\",\"target\":{\"@type\":\"EntryPoint\",\"urlTemplate\":\"https:\/\/uelzener.de\/magazin\/?s={search_term_string}\"},\"query-input\":{\"@type\":\"PropertyValueSpecification\",\"valueRequired\":true,\"valueName\":\"search_term_string\"}}],\"inLanguage\":\"de\"},{\"@type\":\"Organization\",\"@id\":\"https:\/\/uelzener.de\/magazin\/#organization\",\"name\":\"Uelzener Versicherungen\",\"url\":\"https:\/\/uelzener.de\/magazin\/\",\"logo\":{\"@type\":\"ImageObject\",\"inLanguage\":\"de\",\"@id\":\"https:\/\/uelzener.de\/magazin\/#\/schema\/logo\/image\/\",\"url\":\"https:\/\/uelzener.de\/magazin\/app\/uploads\/2024\/11\/uelzener_allgemeine_versicherungsgesellschaft_a_g_logo.jpg\",\"contentUrl\":\"https:\/\/uelzener.de\/magazin\/app\/uploads\/2024\/11\/uelzener_allgemeine_versicherungsgesellschaft_a_g_logo.jpg\",\"width\":200,\"height\":200,\"caption\":\"Uelzener Versicherungen\"},\"image\":{\"@id\":\"https:\/\/uelzener.de\/magazin\/#\/schema\/logo\/image\/\"},\"sameAs\":[\"https:\/\/www.facebook.com\/Uelzener\",\"https:\/\/instagram.com\/uelzener\",\"https:\/\/www.xing.com\/pages\/uelzenerallgemeineversicherungs-gesellschafta-g\",\"https:\/\/www.youtube.com\/UelzenerVersicherungen\"]}]}<\/script>\n<!-- \/ Yoast SEO Premium plugin. -->","yoast_head_json":{"title":"Border Collie im Rasseportrait \u2013 Herkunft & Charakter | Uelzener","description":"Erfahre alles zur Hunderasse Border Collie \u2713 Herkunft \u2713 Charakter \u2713 Einsatzbereiche \u2713 Besch\u00e4ftigung \u25b6 Hier informieren!","robots":{"index":"index","follow":"follow","max-snippet":"max-snippet:-1","max-image-preview":"max-image-preview:large","max-video-preview":"max-video-preview:-1"},"canonical":"https:\/\/uelzener.de\/magazin\/hund\/rasseportrait\/border-collie\/","og_locale":"de_DE","og_type":"article","og_title":"Border Collie: intelligenter und quirliger H\u00fctehund","og_description":"Erfahre alles zur Hunderasse Border Collie \u2713 Herkunft \u2713 Charakter \u2713 Einsatzbereiche \u2713 Besch\u00e4ftigung \u25b6 Hier informieren!","og_url":"https:\/\/uelzener.de\/magazin\/hund\/rasseportrait\/border-collie\/","og_site_name":"Uelzener Tier-Magazin","article_publisher":"https:\/\/www.facebook.com\/Uelzener","article_modified_time":"2023-03-01T14:11:25+00:00","og_image":[{"width":650,"height":433,"url":"https:\/\/uelzener.de\/magazin\/app\/uploads\/2017\/10\/bfd90c57-c641-459b-a080-16d8163f0686.jpg","type":"image\/jpeg"}],"twitter_card":"summary_large_image","twitter_misc":{"Gesch\u00e4tzte Lesezeit":"2\u00a0Minuten"},"schema":{"@context":"https:\/\/schema.org","@graph":[{"@type":"WebPage","@id":"https:\/\/uelzener.de\/magazin\/hund\/rasseportrait\/border-collie\/","url":"https:\/\/uelzener.de\/magazin\/hund\/rasseportrait\/border-collie\/","name":"Border Collie im Rasseportrait \u2013 Herkunft & Charakter | Uelzener","isPartOf":{"@id":"https:\/\/uelzener.de\/magazin\/#website"},"primaryImageOfPage":{"@id":"https:\/\/uelzener.de\/magazin\/hund\/rasseportrait\/border-collie\/#primaryimage"},"image":{"@id":"https:\/\/uelzener.de\/magazin\/hund\/rasseportrait\/border-collie\/#primaryimage"},"thumbnailUrl":"https:\/\/uelzener.de\/magazin\/app\/uploads\/2017\/10\/bfd90c57-c641-459b-a080-16d8163f0686.jpg","datePublished":"2017-10-05T00:00:00+00:00","dateModified":"2023-03-01T14:11:25+00:00","description":"Erfahre alles zur Hunderasse Border Collie \u2713 Herkunft \u2713 Charakter \u2713 Einsatzbereiche \u2713 Besch\u00e4ftigung \u25b6 Hier informieren!","breadcrumb":{"@id":"https:\/\/uelzener.de\/magazin\/hund\/rasseportrait\/border-collie\/#breadcrumb"},"inLanguage":"de","potentialAction":[{"@type":"ReadAction","target":["https:\/\/uelzener.de\/magazin\/hund\/rasseportrait\/border-collie\/"]}]},{"@type":"ImageObject","inLanguage":"de","@id":"https:\/\/uelzener.de\/magazin\/hund\/rasseportrait\/border-collie\/#primaryimage","url":"https:\/\/uelzener.de\/magazin\/app\/uploads\/2017\/10\/bfd90c57-c641-459b-a080-16d8163f0686.jpg","contentUrl":"https:\/\/uelzener.de\/magazin\/app\/uploads\/2017\/10\/bfd90c57-c641-459b-a080-16d8163f0686.jpg","width":650,"height":433,"caption":"Ein schwarz brauner Border Collie liegt auf einer vorm Herbstlaub bedeckten Wiese. Seine Ohren stehen aufrecht."},{"@type":"WebSite","@id":"https:\/\/uelzener.de\/magazin\/#website","url":"https:\/\/uelzener.de\/magazin\/","name":"Uelzener Tiermagazin","description":"Online Tierratgeber der Uelzener Versicherungen","publisher":{"@id":"https:\/\/uelzener.de\/magazin\/#organization"},"potentialAction":[{"@type":"SearchAction","target":{"@type":"EntryPoint","urlTemplate":"https:\/\/uelzener.de\/magazin\/?s={search_term_string}"},"query-input":{"@type":"PropertyValueSpecification","valueRequired":true,"valueName":"search_term_string"}}],"inLanguage":"de"},{"@type":"Organization","@id":"https:\/\/uelzener.de\/magazin\/#organization","name":"Uelzener Versicherungen","url":"https:\/\/uelzener.de\/magazin\/","logo":{"@type":"ImageObject","inLanguage":"de","@id":"https:\/\/uelzener.de\/magazin\/#\/schema\/logo\/image\/","url":"https:\/\/uelzener.de\/magazin\/app\/uploads\/2024\/11\/uelzener_allgemeine_versicherungsgesellschaft_a_g_logo.jpg","contentUrl":"https:\/\/uelzener.de\/magazin\/app\/uploads\/2024\/11\/uelzener_allgemeine_versicherungsgesellschaft_a_g_logo.jpg","width":200,"height":200,"caption":"Uelzener Versicherungen"},"image":{"@id":"https:\/\/uelzener.de\/magazin\/#\/schema\/logo\/image\/"},"sameAs":["https:\/\/www.facebook.com\/Uelzener","https:\/\/instagram.com\/uelzener","https:\/\/www.xing.com\/pages\/uelzenerallgemeineversicherungs-gesellschafta-g","https:\/\/www.youtube.com\/UelzenerVersicherungen"]}]}},"_links":{"self":[{"href":"https:\/\/uelzener.de\/magazin\/wp-json\/wp\/v2\/pages\/10054","targetHints":{"allow":["GET"]}}],"collection":[{"href":"https:\/\/uelzener.de\/magazin\/wp-json\/wp\/v2\/pages"}],"about":[{"href":"https:\/\/uelzener.de\/magazin\/wp-json\/wp\/v2\/types\/page"}],"author":[{"embeddable":true,"href":"https:\/\/uelzener.de\/magazin\/wp-json\/wp\/v2\/users\/1"}],"replies":[{"embeddable":true,"href":"https:\/\/uelzener.de\/magazin\/wp-json\/wp\/v2\/comments?post=10054"}],"version-history":[{"count":7,"href":"https:\/\/uelzener.de\/magazin\/wp-json\/wp\/v2\/pages\/10054\/revisions"}],"predecessor-version":[{"id":14488,"href":"https:\/\/uelzener.de\/magazin\/wp-json\/wp\/v2\/pages\/10054\/revisions\/14488"}],"up":[{"embeddable":true,"href":"https:\/\/uelzener.de\/magazin\/wp-json\/wp\/v2\/pages\/2475"}],"wp:featuredmedia":[{"embeddable":true,"href":"https:\/\/uelzener.de\/magazin\/wp-json\/wp\/v2\/media\/10644"}],"wp:attachment":[{"href":"https:\/\/uelzener.de\/magazin\/wp-json\/wp\/v2\/media?parent=10054"}],"curies":[{"name":"wp","href":"https:\/\/api.w.org\/{rel}","templated":true}]}}