{"id":10053,"date":"2023-07-01T12:00:00","date_gmt":"2023-07-01T10:00:00","guid":{"rendered":""},"modified":"2025-06-23T15:46:35","modified_gmt":"2025-06-23T13:46:35","slug":"flyball","status":"publish","type":"page","link":"https:\/\/uelzener.de\/magazin\/hund\/erziehung-und-training\/flyball\/","title":{"rendered":"Flyball: Rasanter Sport f\u00fcr ballverr\u00fcckte Hunde"},"content":{"rendered":"<p class=\"ai-optimize-6 ai-optimize-introduction\">Flyball ist bekannt f\u00fcr seine schnelle und aufregende Natur. Es ist ein Teamwettkampf, bei dem vier Hunde in einem Parcours \u00fcber H\u00fcrden rennen, einen Ausl\u00f6ser bet\u00e4tigen, um einen Ball freizugeben, und den Ball dann zur\u00fcck \u00fcber die H\u00fcrden zu ihren Besitzern bringen. Das schnelle Tempo und die Begeisterung der Hunde machen Flyball zu einer mitrei\u00dfenden Sportart f\u00fcr Zuschauer und Teilnehmer gleicherma\u00dfen.<\/p>\n<h2 class=\"ai-optimize-7\">Wie l\u00e4uft Flyball ab?<\/h2>\n<p class=\"ai-optimize-8\">Beim Flyball geht es wie bei einem Staffellauf darum, B\u00e4lle zu fangen und zum Hundef\u00fchrer zu bringen. Es spielen zwei Mannschaften mit jeweils vier Teams (Hund und Hundef\u00fchrer) gegeneinander. Nach dem Startschuss m\u00fcssen die Hunde zun\u00e4chst vier Spr\u00fcnge \u00fcberwinden. Am Ende der Strecke steht eine Ballmaschine, die die Hunde mit ihren Pfoten bet\u00e4tigen. Der heraus fliegende Ball wird gefangen, anschlie\u00dfend laufen die Hunde mit Ball in der Schnauze den gleichen Weg zur\u00fcck zu ihren Besitzern, die sie zu noch mehr Geschwindigkeit animieren, indem sie mit Anfeuerungsrufen von der Start\/Ziellinie weglaufen. W\u00e4hrend die ersten Hunde die Ziellinie \u00fcberqueren, starten schon die n\u00e4chsten. Gewonnen hat die Mannschaft, die nach vier Durchg\u00e4ngen die schnellste Zeit erreichen konnte.<\/p>\n<p class=\"ai-optimize-9\">Wenn ein Hund einen Fehler macht, muss er den Lauf wiederholen. Als Fehler gelten zum Beispiel das Verlieren des Balls, das Auslassen von H\u00fcrden oder das \u00dcberqueren der Startlinie, wenn der Vorg\u00e4nger die Ziellinie noch nicht \u00fcberquert hat. Die Wettkampfbahnen sind 51 Fu\u00df (15,55 Meter) lang, die H\u00fcrden je nach Hundegr\u00f6\u00dfe zwischen 17,5 und 35 cm hoch. Die H\u00f6hen der H\u00fcrden werden f\u00fcr jede Mannschaft nach dem kleinsten teilnehmenden Hund festgelegt. Damit etwa gleichstarke Teams gegeneinander antreten, m\u00fcssen sie vorher ihre Mannschaftslaufzeit (Referenzzeit) angeben. Anhand dieser Zeiten werden sie in Klassen, sogenannte \u201eDivisionen\u201c, eingeteilt. Die schnellste Laufzeit innerhalb einer Division ergibt die Referenzzeit dieser Division. Sollte eine Mannschaft beim Wettkampf mehr als 0,5 Sekunden schneller sein als die Referenzzeit ihrer Division, hat sie das Rennen verloren (\u201ebreak out\u201c). Ein mehrmaliges \u00dcberschreiten der Referenzzeit f\u00fchrt zur Disqualifikation.<\/p>\n<h2 class=\"ai-optimize-10\">Woher kommt die Sportart Flyball?<\/h2>\n<p class=\"ai-optimize-11\">Die Sportart Flyball entstand in den 1970er Jahren in den Vereinigten Staaten. Der genaue Ursprungsort ist umstritten, aber es wird allgemein angenommen, dass Flyball in Kalifornien entstanden ist. Die Urspr\u00fcnge des Flyball gehen auf das Training von Hunden f\u00fcr Rennveranstaltungen zur\u00fcck.<\/p>\n<p class=\"ai-optimize-12\">Flyball wurde urspr\u00fcnglich als eine M\u00f6glichkeit entwickelt, Hunde k\u00f6rperlich und geistig auszulasten. Es wurde als unterhaltsame Aktivit\u00e4t betrachtet, um die Beziehung zwischen Hund und Mensch zu st\u00e4rken und den nat\u00fcrlichen Spieltrieb der Hunde zu f\u00f6rdern \u00e4hnlich wie beim Agility oder <a href=\"https:\/\/uelzener.de\/magazin\/hund\/erziehung-und-training\/dogdancing\/\">Dogdancing<\/a>.<\/p>\n<p class=\"ai-optimize-13\">Die erste organisierte Flyball-Veranstaltung fand 1983 in den USA statt. Das Interesse an der Sportart wuchs schnell, und Flyball-Teams bildeten sich in verschiedenen Teilen des Landes. In den folgenden Jahren breitete sich Flyball auch in anderen L\u00e4ndern aus, insbesondere in Kanada und Gro\u00dfbritannien.<\/p>\n<p class=\"ai-optimize-14\">Die Popularit\u00e4t des Flyball wuchs weiter, und 1985 wurde die North American Flyball Association (NAFA) gegr\u00fcndet, um den Sport zu f\u00f6rdern und Wettbewerbe zu organisieren. Die NAFA entwickelte Regeln und Standards f\u00fcr Flyball-Wettk\u00e4mpfe und half dabei, den Sport international bekannt zu machen.<\/p>\n<p class=\"ai-optimize-15\">Heute gibt es Flyball-Verb\u00e4nde und -Organisationen in verschiedenen L\u00e4ndern, die Wettbewerbe und Veranstaltungen organisieren. Der Sport hat auch seinen Weg in andere Teile der Welt gefunden und wird von Hundebesitzern und ihren Hunden auf der ganzen Welt genossen.<\/p>\n<h2 class=\"ai-optimize-16\">Welche Vorteile hat Flyball?<\/h2>\n<p class=\"ai-optimize-17\">Flyball eignet sich f\u00fcr Hunde mit viel Spieltrieb und Freunde an Geschwindigkeit und am Apportieren. Zudem f\u00f6rdert der Sport die Sozialvertr\u00e4glichkeit. Wichtig ist, dass der Hund sich nicht durch andere Hunde ablenken l\u00e4sst. Das gilt sowohl f\u00fcr die Hunde der eigenen Mannschaft, die ihm auf der Start-\/Ziellinie begegnen, als auch f\u00fcr die unbekannten Hunde, die auf der vier bis sechs Meter entfernten Nachbarbahn parallel ihre Rennen absolvieren. Z\u00e4une o. \u00e4. als Trennung gibt es nicht. Auch das Apportieren will gelernt sein. Damit der Hund nach dem Ballfang m\u00f6glichst schnell zu seinem Besitzer zur\u00fcckl\u00e4uft, ist ein durchdachtes Training n\u00f6tig.<\/p>\n<h2 class=\"ai-optimize-18\">F\u00fcr welche Hunderassen ist Flyball geeignet?<\/h2>\n<p class=\"ai-optimize-19\">Der Sport ist f\u00fcr gesunde und bewegungsfreudige Hunde aller Rassen offen. Das Mindestalter betr\u00e4gt 15 Monate. Da wie bei jeder Hunde-Sportart auch hier Verletzungsgefahren sind, lies hier alles nach zu <a href=\"https:\/\/uelzener.de\/magazin\/hund\/erziehung-und-training\/verletzungen-beim-hundesport\/\">Statistiken \u00fcber Verletzungen beim Hundesport<\/a> sowie <a href=\"https:\/\/uelzener.de\/magazin\/hund\/tiergesundheit\/erste-hilfe-sportverletzungen-hund\/\">Tipps zur Ersten-Hilfe beim Sport mit Hund<\/a>.<\/p>\n<p class=\"ai-optimize-20\">\n<div class=\"banner\">\n    <a href=\"https:\/\/uelzener.de\/hund\/hunde-krankenversicherung\/?agt=0000104925&sem=true&utm_medium=magazin&utm_source=wordpress&utm_campaign=hund_kv&utm_content=banner\">\n        <img decoding=\"async\" width=\"300\" height=\"212\" src=\"https:\/\/uelzener.de\/magazin\/app\/uploads\/2025\/01\/Hunde-Kranken-Versicherung.jpg\" class=\"attachment-medium size-medium\" alt=\"Banner Hunde-Kranken-Versicherung\" \/>    <\/a>\n<\/div>\n<\/p>\n<h2 class=\"ai-optimize-21\">Wo kann man Flyball trainieren?<\/h2>\n<p class=\"ai-optimize-22\">Ausk\u00fcnfte \u00fcber Flyballvereine gibt es zum Beispiel beim VDH (<a href=\"http:\/\/www.vdh.de\/hundesport\/agility\/\" target=\"_blank\" rel=\"noopener\">http:\/\/www.vdh.de<\/a>) oder beim Deutschen Verband der Gebrauchshundesportvereine (<a href=\"http:\/\/www.dvg-hundesport.de\/\" target=\"_blank\" rel=\"noopener\">http:\/\/www.dvg-hundesport.de<\/a>) oder unter <a href=\"https:\/\/flyball-de.chayns.site\/\" target=\"_blank\" rel=\"noopener\">https:\/\/flyball-de.chayns.site\/<\/a>.<\/p>\n","protected":false},"excerpt":{"rendered":"<p>Flyball ist bekannt f\u00fcr seine schnelle und aufregende Natur. Es ist ein Teamwettkampf, bei dem vier Hunde in einem Parcours \u00fcber H\u00fcrden rennen, einen Ausl\u00f6ser bet\u00e4tigen, um einen Ball freizugeben, und den Ball dann zur\u00fcck \u00fcber die H\u00fcrden zu ihren Besitzern bringen. Das schnelle Tempo und die Begeisterung der Hunde machen Flyball zu einer mitrei\u00dfenden [&hellip;]<\/p>\n","protected":false},"author":1,"featured_media":15858,"parent":11679,"menu_order":24,"comment_status":"open","ping_status":"open","template":"templates\/blog.php","meta":{"_acf_changed":false,"_crdt_document":"","footnotes":"","beyondwords_generate_audio":"","beyondwords_project_id":"","beyondwords_content_id":"","beyondwords_preview_token":"","beyondwords_player_style":"","beyondwords_language_id":"","beyondwords_title_voice_id":"","beyondwords_body_voice_id":"","beyondwords_summary_voice_id":"","beyondwords_error_message":"","beyondwords_disabled":"","beyondwords_delete_content":"","beyondwords_podcast_id":"","beyondwords_hash":"","publish_post_to_speechkit":"","speechkit_hash":"","speechkit_generate_audio":"","speechkit_project_id":"","speechkit_podcast_id":"","speechkit_error_message":"","speechkit_disabled":"","speechkit_access_key":"","speechkit_error":"","speechkit_info":"","speechkit_response":"","speechkit_retries":"","speechkit_status":"","speechkit_updated_at":"","_speechkit_link":"","_speechkit_text":""},"class_list":["post-10053","page","type-page","status-publish","has-post-thumbnail","hentry"],"acf":[],"yoast_head":"<!-- This site is optimized with the Yoast SEO Premium plugin  - https:\/\/yoast.com\/product\/yoast-seo-premium-wordpress\/ -->\n<title>Flyball \u2013 alles zum rasanten Hundesport | Uelzener<\/title>\n<meta name=\"description\" content=\"Erfahre alles zum Hundesport Flyball \u2713 Hintergr\u00fcnde \u2713 Voraussetzungen \u2713 Regeln \u2713 geeignete Rassen \u25b6 Hier informieren!\" \/>\n<meta name=\"robots\" content=\"index, follow, max-snippet:-1, max-image-preview:large, max-video-preview:-1\" \/>\n<link rel=\"canonical\" href=\"https:\/\/uelzener.de\/magazin\/hund\/erziehung-und-training\/flyball\/\" \/>\n<meta property=\"og:locale\" content=\"de_DE\" \/>\n<meta property=\"og:type\" content=\"article\" \/>\n<meta property=\"og:title\" content=\"Flyball: Rasanter Sport f\u00fcr ballverr\u00fcckte Hunde\" \/>\n<meta property=\"og:description\" content=\"Erfahre alles zum Hundesport Flyball \u2713 Hintergr\u00fcnde \u2713 Voraussetzungen \u2713 Regeln \u2713 geeignete Rassen \u25b6 Hier informieren!\" \/>\n<meta property=\"og:url\" content=\"https:\/\/uelzener.de\/magazin\/hund\/erziehung-und-training\/flyball\/\" \/>\n<meta property=\"og:site_name\" content=\"Uelzener Tier-Magazin\" \/>\n<meta property=\"article:publisher\" content=\"https:\/\/www.facebook.com\/Uelzener\" \/>\n<meta property=\"article:modified_time\" content=\"2025-06-23T13:46:35+00:00\" \/>\n<meta property=\"og:image\" content=\"https:\/\/uelzener.de\/magazin\/app\/uploads\/2023\/07\/flyball.jpg\" \/>\n\t<meta property=\"og:image:width\" content=\"1025\" \/>\n\t<meta property=\"og:image:height\" content=\"450\" \/>\n\t<meta property=\"og:image:type\" content=\"image\/jpeg\" \/>\n<meta name=\"twitter:card\" content=\"summary_large_image\" \/>\n<meta name=\"twitter:label1\" content=\"Gesch\u00e4tzte Lesezeit\" \/>\n\t<meta name=\"twitter:data1\" content=\"5\u00a0Minuten\" \/>\n<script type=\"application\/ld+json\" class=\"yoast-schema-graph\">{\"@context\":\"https:\/\/schema.org\",\"@graph\":[{\"@type\":\"WebPage\",\"@id\":\"https:\/\/uelzener.de\/magazin\/hund\/erziehung-und-training\/flyball\/\",\"url\":\"https:\/\/uelzener.de\/magazin\/hund\/erziehung-und-training\/flyball\/\",\"name\":\"Flyball \u2013 alles zum rasanten Hundesport | Uelzener\",\"isPartOf\":{\"@id\":\"https:\/\/uelzener.de\/magazin\/#website\"},\"primaryImageOfPage\":{\"@id\":\"https:\/\/uelzener.de\/magazin\/hund\/erziehung-und-training\/flyball\/#primaryimage\"},\"image\":{\"@id\":\"https:\/\/uelzener.de\/magazin\/hund\/erziehung-und-training\/flyball\/#primaryimage\"},\"thumbnailUrl\":\"https:\/\/uelzener.de\/magazin\/app\/uploads\/2023\/07\/flyball.jpg\",\"datePublished\":\"2023-07-01T10:00:00+00:00\",\"dateModified\":\"2025-06-23T13:46:35+00:00\",\"description\":\"Erfahre alles zum Hundesport Flyball \u2713 Hintergr\u00fcnde \u2713 Voraussetzungen \u2713 Regeln \u2713 geeignete Rassen \u25b6 Hier informieren!\",\"breadcrumb\":{\"@id\":\"https:\/\/uelzener.de\/magazin\/hund\/erziehung-und-training\/flyball\/#breadcrumb\"},\"inLanguage\":\"de\",\"potentialAction\":[{\"@type\":\"ReadAction\",\"target\":[\"https:\/\/uelzener.de\/magazin\/hund\/erziehung-und-training\/flyball\/\"]}]},{\"@type\":\"ImageObject\",\"inLanguage\":\"de\",\"@id\":\"https:\/\/uelzener.de\/magazin\/hund\/erziehung-und-training\/flyball\/#primaryimage\",\"url\":\"https:\/\/uelzener.de\/magazin\/app\/uploads\/2023\/07\/flyball.jpg\",\"contentUrl\":\"https:\/\/uelzener.de\/magazin\/app\/uploads\/2023\/07\/flyball.jpg\",\"width\":1025,\"height\":450,\"caption\":\"Kleiner Hund mit Ball im Maul beim Flyball-Wettbewerb.\"},{\"@type\":\"WebSite\",\"@id\":\"https:\/\/uelzener.de\/magazin\/#website\",\"url\":\"https:\/\/uelzener.de\/magazin\/\",\"name\":\"Uelzener Tiermagazin\",\"description\":\"Online Tierratgeber der Uelzener Versicherungen\",\"publisher\":{\"@id\":\"https:\/\/uelzener.de\/magazin\/#organization\"},\"potentialAction\":[{\"@type\":\"SearchAction\",\"target\":{\"@type\":\"EntryPoint\",\"urlTemplate\":\"https:\/\/uelzener.de\/magazin\/?s={search_term_string}\"},\"query-input\":{\"@type\":\"PropertyValueSpecification\",\"valueRequired\":true,\"valueName\":\"search_term_string\"}}],\"inLanguage\":\"de\"},{\"@type\":\"Organization\",\"@id\":\"https:\/\/uelzener.de\/magazin\/#organization\",\"name\":\"Uelzener Versicherungen\",\"url\":\"https:\/\/uelzener.de\/magazin\/\",\"logo\":{\"@type\":\"ImageObject\",\"inLanguage\":\"de\",\"@id\":\"https:\/\/uelzener.de\/magazin\/#\/schema\/logo\/image\/\",\"url\":\"https:\/\/uelzener.de\/magazin\/app\/uploads\/2024\/11\/uelzener_allgemeine_versicherungsgesellschaft_a_g_logo.jpg\",\"contentUrl\":\"https:\/\/uelzener.de\/magazin\/app\/uploads\/2024\/11\/uelzener_allgemeine_versicherungsgesellschaft_a_g_logo.jpg\",\"width\":200,\"height\":200,\"caption\":\"Uelzener Versicherungen\"},\"image\":{\"@id\":\"https:\/\/uelzener.de\/magazin\/#\/schema\/logo\/image\/\"},\"sameAs\":[\"https:\/\/www.facebook.com\/Uelzener\",\"https:\/\/instagram.com\/uelzener\",\"https:\/\/www.xing.com\/pages\/uelzenerallgemeineversicherungs-gesellschafta-g\",\"https:\/\/www.youtube.com\/UelzenerVersicherungen\"]}]}<\/script>\n<!-- \/ Yoast SEO Premium plugin. -->","yoast_head_json":{"title":"Flyball \u2013 alles zum rasanten Hundesport | Uelzener","description":"Erfahre alles zum Hundesport Flyball \u2713 Hintergr\u00fcnde \u2713 Voraussetzungen \u2713 Regeln \u2713 geeignete Rassen \u25b6 Hier informieren!","robots":{"index":"index","follow":"follow","max-snippet":"max-snippet:-1","max-image-preview":"max-image-preview:large","max-video-preview":"max-video-preview:-1"},"canonical":"https:\/\/uelzener.de\/magazin\/hund\/erziehung-und-training\/flyball\/","og_locale":"de_DE","og_type":"article","og_title":"Flyball: Rasanter Sport f\u00fcr ballverr\u00fcckte Hunde","og_description":"Erfahre alles zum Hundesport Flyball \u2713 Hintergr\u00fcnde \u2713 Voraussetzungen \u2713 Regeln \u2713 geeignete Rassen \u25b6 Hier informieren!","og_url":"https:\/\/uelzener.de\/magazin\/hund\/erziehung-und-training\/flyball\/","og_site_name":"Uelzener Tier-Magazin","article_publisher":"https:\/\/www.facebook.com\/Uelzener","article_modified_time":"2025-06-23T13:46:35+00:00","og_image":[{"width":1025,"height":450,"url":"https:\/\/uelzener.de\/magazin\/app\/uploads\/2023\/07\/flyball.jpg","type":"image\/jpeg"}],"twitter_card":"summary_large_image","twitter_misc":{"Gesch\u00e4tzte Lesezeit":"5\u00a0Minuten"},"schema":{"@context":"https:\/\/schema.org","@graph":[{"@type":"WebPage","@id":"https:\/\/uelzener.de\/magazin\/hund\/erziehung-und-training\/flyball\/","url":"https:\/\/uelzener.de\/magazin\/hund\/erziehung-und-training\/flyball\/","name":"Flyball \u2013 alles zum rasanten Hundesport | Uelzener","isPartOf":{"@id":"https:\/\/uelzener.de\/magazin\/#website"},"primaryImageOfPage":{"@id":"https:\/\/uelzener.de\/magazin\/hund\/erziehung-und-training\/flyball\/#primaryimage"},"image":{"@id":"https:\/\/uelzener.de\/magazin\/hund\/erziehung-und-training\/flyball\/#primaryimage"},"thumbnailUrl":"https:\/\/uelzener.de\/magazin\/app\/uploads\/2023\/07\/flyball.jpg","datePublished":"2023-07-01T10:00:00+00:00","dateModified":"2025-06-23T13:46:35+00:00","description":"Erfahre alles zum Hundesport Flyball \u2713 Hintergr\u00fcnde \u2713 Voraussetzungen \u2713 Regeln \u2713 geeignete Rassen \u25b6 Hier informieren!","breadcrumb":{"@id":"https:\/\/uelzener.de\/magazin\/hund\/erziehung-und-training\/flyball\/#breadcrumb"},"inLanguage":"de","potentialAction":[{"@type":"ReadAction","target":["https:\/\/uelzener.de\/magazin\/hund\/erziehung-und-training\/flyball\/"]}]},{"@type":"ImageObject","inLanguage":"de","@id":"https:\/\/uelzener.de\/magazin\/hund\/erziehung-und-training\/flyball\/#primaryimage","url":"https:\/\/uelzener.de\/magazin\/app\/uploads\/2023\/07\/flyball.jpg","contentUrl":"https:\/\/uelzener.de\/magazin\/app\/uploads\/2023\/07\/flyball.jpg","width":1025,"height":450,"caption":"Kleiner Hund mit Ball im Maul beim Flyball-Wettbewerb."},{"@type":"WebSite","@id":"https:\/\/uelzener.de\/magazin\/#website","url":"https:\/\/uelzener.de\/magazin\/","name":"Uelzener Tiermagazin","description":"Online Tierratgeber der Uelzener Versicherungen","publisher":{"@id":"https:\/\/uelzener.de\/magazin\/#organization"},"potentialAction":[{"@type":"SearchAction","target":{"@type":"EntryPoint","urlTemplate":"https:\/\/uelzener.de\/magazin\/?s={search_term_string}"},"query-input":{"@type":"PropertyValueSpecification","valueRequired":true,"valueName":"search_term_string"}}],"inLanguage":"de"},{"@type":"Organization","@id":"https:\/\/uelzener.de\/magazin\/#organization","name":"Uelzener Versicherungen","url":"https:\/\/uelzener.de\/magazin\/","logo":{"@type":"ImageObject","inLanguage":"de","@id":"https:\/\/uelzener.de\/magazin\/#\/schema\/logo\/image\/","url":"https:\/\/uelzener.de\/magazin\/app\/uploads\/2024\/11\/uelzener_allgemeine_versicherungsgesellschaft_a_g_logo.jpg","contentUrl":"https:\/\/uelzener.de\/magazin\/app\/uploads\/2024\/11\/uelzener_allgemeine_versicherungsgesellschaft_a_g_logo.jpg","width":200,"height":200,"caption":"Uelzener Versicherungen"},"image":{"@id":"https:\/\/uelzener.de\/magazin\/#\/schema\/logo\/image\/"},"sameAs":["https:\/\/www.facebook.com\/Uelzener","https:\/\/instagram.com\/uelzener","https:\/\/www.xing.com\/pages\/uelzenerallgemeineversicherungs-gesellschafta-g","https:\/\/www.youtube.com\/UelzenerVersicherungen"]}]}},"_links":{"self":[{"href":"https:\/\/uelzener.de\/magazin\/wp-json\/wp\/v2\/pages\/10053","targetHints":{"allow":["GET"]}}],"collection":[{"href":"https:\/\/uelzener.de\/magazin\/wp-json\/wp\/v2\/pages"}],"about":[{"href":"https:\/\/uelzener.de\/magazin\/wp-json\/wp\/v2\/types\/page"}],"author":[{"embeddable":true,"href":"https:\/\/uelzener.de\/magazin\/wp-json\/wp\/v2\/users\/1"}],"replies":[{"embeddable":true,"href":"https:\/\/uelzener.de\/magazin\/wp-json\/wp\/v2\/comments?post=10053"}],"version-history":[{"count":10,"href":"https:\/\/uelzener.de\/magazin\/wp-json\/wp\/v2\/pages\/10053\/revisions"}],"predecessor-version":[{"id":18609,"href":"https:\/\/uelzener.de\/magazin\/wp-json\/wp\/v2\/pages\/10053\/revisions\/18609"}],"up":[{"embeddable":true,"href":"https:\/\/uelzener.de\/magazin\/wp-json\/wp\/v2\/pages\/11679"}],"wp:featuredmedia":[{"embeddable":true,"href":"https:\/\/uelzener.de\/magazin\/wp-json\/wp\/v2\/media\/15858"}],"wp:attachment":[{"href":"https:\/\/uelzener.de\/magazin\/wp-json\/wp\/v2\/media?parent=10053"}],"curies":[{"name":"wp","href":"https:\/\/api.w.org\/{rel}","templated":true}]}}