{"id":10048,"date":"2015-03-26T00:00:00","date_gmt":"2015-03-26T00:00:00","guid":{"rendered":""},"modified":"2024-05-02T12:30:56","modified_gmt":"2024-05-02T10:30:56","slug":"australian-shepherd","status":"publish","type":"page","link":"https:\/\/uelzener.de\/magazin\/hund\/rasseportrait\/australian-shepherd\/","title":{"rendered":"Australian Shepherd: arbeitswilliger Begleiter"},"content":{"rendered":"<p>Dieser Hund ist ein Arbeitstier: Der aus den USA stammenden Australian Shepherd wurde fr\u00fcher als Farmhund gehalten, der zum H\u00fcten der Herden und als Wachhund auf der Ranch seinen Dienst tat. Gew\u00fcnscht war ein Hund, der schnell lernt, auf den leisesten Wink gehorcht und selbst\u00e4ndig mitdenkt und -arbeitet.<\/p>\n<h2>Herkunft<\/h2>\n<p>Sein Name stammt vermutlich daher, dass australische Farmer den Hund zusammen mit ihren Schafen mit nach Nordamerika brachten, wo 1957 das erste Zuchtbuch gegr\u00fcndet wurde.<\/p>\n<h2>Charakter<\/h2>\n<p>Ein Australian Shepherd lernt sehr schnell, sodass er leicht zu erziehen ist und f\u00fcr die verschiedensten Verwendungen ausgebildet werden kann. Hauptsache, er hat die M\u00f6glichkeit, seine k\u00f6rperlichen und geistigen F\u00e4higkeiten dabei voll einzubringen. Daher wird er oft als Rettungs- oder Drogenhund genutzt. Allerdings lernt er auch genauso schnell Dinge, die er eigentlich nicht lernen sollte, n\u00e4mlich immer dann, wenn die Erziehung nicht konsequent ist. Dann k\u00f6nnen die cleveren Hunde ihre eigenen Ideen entwickeln, die nicht mehr unbedingt im Einklang mit denen ihrer Menschen stehen. Gleiches kann passieren, wenn der Hund chronisch unterbesch\u00e4ftigt ist. Dann wird er sich seinen eigenen \u201eJob\u201c suchen.<\/p>\n<h2>Haltung<\/h2>\n<p>Der Australian Shepherd kann gut als Familienhund gehalten werden, vorausgesetzt, er bekommt die M\u00f6glichkeit, sich voll auszuleben. Er kommt gut mit Kindern und anderen Hunden aus, aufgrund seiner urspr\u00fcnglichen Verwendung auch mit Schafen, Rindern und Pferden. Da er treu ist und aufmerksam auf die Stimme seines Herrchens h\u00f6rt, ist er ein angenehmer Begleiter.<\/p>\n<p>Als H\u00fcte- und Farmhund hat er einen ausgepr\u00e4gten Schutz- und Wachtrieb, der ihn bei unbekannten Personen zun\u00e4chst etwas fremdeln l\u00e4sst. F\u00fcr die Zwingerhaltung ist der aktive Hund nicht geeignet. Soll er in der Stadt leben, ben\u00f6tigt der <a href=\"https:\/\/uelzener.de\/magazin\/hund\/rasseportrait\/australian-shepherd\/\"><strong>Australian Shepherd<\/strong><\/a> eine ausreichende Zeit zur Gew\u00f6hnung an L\u00e4rm, Ger\u00fcche, viele Menschen und sonstige Eindr\u00fccke, die auf ihn einst\u00fcrmen. Als reiner \u201eLandhund\u201c gez\u00fcchtet, muss er sich erst auf die Reiz\u00fcberflutung der St\u00e4dte einstellen, um gelassen zu bleiben.<\/p>\n\n<div class=\"related_articles boxed\">\n    <h2>Mehr zum Thema<\/h2>\n    \n    <div class=\"wrapper\"><div class=\"title align-center\"><h3><a href=\"https:\/\/uelzener.de\/magazin\/hund\/haltung\/hunde-in-der-stadt-halten\/\">Hunde in der Stadt halten: So funktioniert\u2019s!<\/a><\/h3><\/div><div class=\"img align-center\"><img decoding=\"async\" width=\"315\" height=\"180\" src=\"https:\/\/uelzener.de\/magazin\/app\/uploads\/2024\/05\/hund-in-der-stadt-315x180.jpg\" class=\"attachment-315x180 size-315x180 wp-post-image\" alt=\"Frau mit zwei Hunden beim Gassi in der Stadt.\" \/><\/div><\/div><\/div>\n\n<p>Der agile Hund braucht zudem t\u00e4glich Abwechslung: Zum einen durch viel Bewegung, zum anderen will er auch geistig gefordert werden. Wenn man also zuf\u00e4llig keine Schafe halten kann, sind Hundesportarten wie <a href=\"https:\/\/uelzener.de\/magazin\/hund\/erziehung-und-training\/agility\/\">Agility<\/a>, <a href=\"https:\/\/uelzener.de\/magazin\/hund\/erziehung-und-training\/flyball\/\"><strong>Flyball<\/strong><\/a> oder <a href=\"https:\/\/uelzener.de\/magazin\/hund\/erziehung-und-training\/dogdancing\/\"><strong>Dogdancing<\/strong><\/a> genau richtig f\u00fcr ihn. Aufgaben, die er zusammen mit seinem Menschen vollbringen kann, sind f\u00fcr ihn das Gr\u00f6\u00dfte. Allerdings sollte man ihm auch entsprechende Ruhezeiten verordnen, da er sonst unter Umst\u00e4nden \u00fcberaktiv wird. Ein gutes H\u00e4ndchen f\u00fcr Ausgewogenheit ist hier gefordert. Der Australian Shepherd ist daher nur f\u00fcr Menschen geeignet, die ihm t\u00e4glich die n\u00f6tige Abwechslung bieten und seine Bed\u00fcrfnisse ber\u00fccksichtigen. Ist das der Fall, hat man einen Freund f\u00fcrs Leben gefunden.<\/p>\n<p>Beachte aber, dass Australian Shepherds mit einer Merle-Farbe zu den Qualzuchten geh\u00f6ren.<\/p>\n","protected":false},"excerpt":{"rendered":"<p>Dieser Hund ist ein Arbeitstier: Der aus den USA stammenden Australian Shepherd wurde fr\u00fcher als Farmhund gehalten, der zum H\u00fcten der Herden und als Wachhund auf der Ranch seinen Dienst tat. Gew\u00fcnscht war ein Hund, der schnell lernt, auf den leisesten Wink gehorcht und selbst\u00e4ndig mitdenkt und -arbeitet. Herkunft Sein Name stammt vermutlich daher, dass [&hellip;]<\/p>\n","protected":false},"author":1,"featured_media":10638,"parent":2475,"menu_order":3,"comment_status":"open","ping_status":"open","template":"templates\/blog.php","meta":{"_acf_changed":false,"_crdt_document":"","footnotes":"","beyondwords_generate_audio":"","beyondwords_project_id":"","beyondwords_content_id":"","beyondwords_preview_token":"","beyondwords_player_style":"","beyondwords_language_id":"","beyondwords_title_voice_id":"","beyondwords_body_voice_id":"","beyondwords_summary_voice_id":"","beyondwords_error_message":"","beyondwords_disabled":"","beyondwords_delete_content":"","beyondwords_podcast_id":"","beyondwords_hash":"","publish_post_to_speechkit":"","speechkit_hash":"","speechkit_generate_audio":"","speechkit_project_id":"","speechkit_podcast_id":"","speechkit_error_message":"","speechkit_disabled":"","speechkit_access_key":"","speechkit_error":"","speechkit_info":"","speechkit_response":"","speechkit_retries":"","speechkit_status":"","speechkit_updated_at":"","_speechkit_link":"","_speechkit_text":""},"class_list":["post-10048","page","type-page","status-publish","has-post-thumbnail","hentry"],"acf":[],"yoast_head":"<!-- This site is optimized with the Yoast SEO Premium plugin  - https:\/\/yoast.com\/product\/yoast-seo-premium-wordpress\/ -->\n<title>Australian Shepherd im Rasseportrait \u2013 Herkunft &amp; Charakter | Uelzener<\/title>\n<meta name=\"description\" content=\"Erfahre alles zur Hunderasse Australian Shepherd \u2713 Herkunft \u2713 Charakter \u2713 Haltung \u2713 Besch\u00e4ftigung \u25b6 Hier informieren!\" \/>\n<meta name=\"robots\" content=\"index, follow, max-snippet:-1, max-image-preview:large, max-video-preview:-1\" \/>\n<link rel=\"canonical\" href=\"https:\/\/uelzener.de\/magazin\/hund\/rasseportrait\/australian-shepherd\/\" \/>\n<meta property=\"og:locale\" content=\"de_DE\" \/>\n<meta property=\"og:type\" content=\"article\" \/>\n<meta property=\"og:title\" content=\"Australian Shepherd: arbeitswilliger Begleiter\" \/>\n<meta property=\"og:description\" content=\"Erfahre alles zur Hunderasse Australian Shepherd \u2713 Herkunft \u2713 Charakter \u2713 Haltung \u2713 Besch\u00e4ftigung \u25b6 Hier informieren!\" \/>\n<meta property=\"og:url\" content=\"https:\/\/uelzener.de\/magazin\/hund\/rasseportrait\/australian-shepherd\/\" \/>\n<meta property=\"og:site_name\" content=\"Uelzener Tier-Magazin\" \/>\n<meta property=\"article:publisher\" content=\"https:\/\/www.facebook.com\/Uelzener\" \/>\n<meta property=\"article:modified_time\" content=\"2024-05-02T10:30:56+00:00\" \/>\n<meta property=\"og:image\" content=\"https:\/\/uelzener.de\/magazin\/app\/uploads\/2015\/03\/79758fa8-8143-472c-bea3-e14f635a49f4.jpg\" \/>\n\t<meta property=\"og:image:width\" content=\"650\" \/>\n\t<meta property=\"og:image:height\" content=\"432\" \/>\n\t<meta property=\"og:image:type\" content=\"image\/jpeg\" \/>\n<meta name=\"twitter:card\" content=\"summary_large_image\" \/>\n<meta name=\"twitter:label1\" content=\"Gesch\u00e4tzte Lesezeit\" \/>\n\t<meta name=\"twitter:data1\" content=\"2\u00a0Minuten\" \/>\n<script type=\"application\/ld+json\" class=\"yoast-schema-graph\">{\"@context\":\"https:\/\/schema.org\",\"@graph\":[{\"@type\":\"WebPage\",\"@id\":\"https:\/\/uelzener.de\/magazin\/hund\/rasseportrait\/australian-shepherd\/\",\"url\":\"https:\/\/uelzener.de\/magazin\/hund\/rasseportrait\/australian-shepherd\/\",\"name\":\"Australian Shepherd im Rasseportrait \u2013 Herkunft & Charakter | Uelzener\",\"isPartOf\":{\"@id\":\"https:\/\/uelzener.de\/magazin\/#website\"},\"primaryImageOfPage\":{\"@id\":\"https:\/\/uelzener.de\/magazin\/hund\/rasseportrait\/australian-shepherd\/#primaryimage\"},\"image\":{\"@id\":\"https:\/\/uelzener.de\/magazin\/hund\/rasseportrait\/australian-shepherd\/#primaryimage\"},\"thumbnailUrl\":\"https:\/\/uelzener.de\/magazin\/app\/uploads\/2015\/03\/79758fa8-8143-472c-bea3-e14f635a49f4.jpg\",\"datePublished\":\"2015-03-26T00:00:00+00:00\",\"dateModified\":\"2024-05-02T10:30:56+00:00\",\"description\":\"Erfahre alles zur Hunderasse Australian Shepherd \u2713 Herkunft \u2713 Charakter \u2713 Haltung \u2713 Besch\u00e4ftigung \u25b6 Hier informieren!\",\"breadcrumb\":{\"@id\":\"https:\/\/uelzener.de\/magazin\/hund\/rasseportrait\/australian-shepherd\/#breadcrumb\"},\"inLanguage\":\"de\",\"potentialAction\":[{\"@type\":\"ReadAction\",\"target\":[\"https:\/\/uelzener.de\/magazin\/hund\/rasseportrait\/australian-shepherd\/\"]}]},{\"@type\":\"ImageObject\",\"inLanguage\":\"de\",\"@id\":\"https:\/\/uelzener.de\/magazin\/hund\/rasseportrait\/australian-shepherd\/#primaryimage\",\"url\":\"https:\/\/uelzener.de\/magazin\/app\/uploads\/2015\/03\/79758fa8-8143-472c-bea3-e14f635a49f4.jpg\",\"contentUrl\":\"https:\/\/uelzener.de\/magazin\/app\/uploads\/2015\/03\/79758fa8-8143-472c-bea3-e14f635a49f4.jpg\",\"width\":650,\"height\":432,\"caption\":\"Australian Shepherd liegt auf einer gr\u00fcner Wiese und guckt in dieFerne.\"},{\"@type\":\"WebSite\",\"@id\":\"https:\/\/uelzener.de\/magazin\/#website\",\"url\":\"https:\/\/uelzener.de\/magazin\/\",\"name\":\"Uelzener Tiermagazin\",\"description\":\"Online Tierratgeber der Uelzener Versicherungen\",\"publisher\":{\"@id\":\"https:\/\/uelzener.de\/magazin\/#organization\"},\"potentialAction\":[{\"@type\":\"SearchAction\",\"target\":{\"@type\":\"EntryPoint\",\"urlTemplate\":\"https:\/\/uelzener.de\/magazin\/?s={search_term_string}\"},\"query-input\":{\"@type\":\"PropertyValueSpecification\",\"valueRequired\":true,\"valueName\":\"search_term_string\"}}],\"inLanguage\":\"de\"},{\"@type\":\"Organization\",\"@id\":\"https:\/\/uelzener.de\/magazin\/#organization\",\"name\":\"Uelzener Versicherungen\",\"url\":\"https:\/\/uelzener.de\/magazin\/\",\"logo\":{\"@type\":\"ImageObject\",\"inLanguage\":\"de\",\"@id\":\"https:\/\/uelzener.de\/magazin\/#\/schema\/logo\/image\/\",\"url\":\"https:\/\/uelzener.de\/magazin\/app\/uploads\/2024\/11\/uelzener_allgemeine_versicherungsgesellschaft_a_g_logo.jpg\",\"contentUrl\":\"https:\/\/uelzener.de\/magazin\/app\/uploads\/2024\/11\/uelzener_allgemeine_versicherungsgesellschaft_a_g_logo.jpg\",\"width\":200,\"height\":200,\"caption\":\"Uelzener Versicherungen\"},\"image\":{\"@id\":\"https:\/\/uelzener.de\/magazin\/#\/schema\/logo\/image\/\"},\"sameAs\":[\"https:\/\/www.facebook.com\/Uelzener\",\"https:\/\/instagram.com\/uelzener\",\"https:\/\/www.xing.com\/pages\/uelzenerallgemeineversicherungs-gesellschafta-g\",\"https:\/\/www.youtube.com\/UelzenerVersicherungen\"]}]}<\/script>\n<!-- \/ Yoast SEO Premium plugin. -->","yoast_head_json":{"title":"Australian Shepherd im Rasseportrait \u2013 Herkunft & Charakter | Uelzener","description":"Erfahre alles zur Hunderasse Australian Shepherd \u2713 Herkunft \u2713 Charakter \u2713 Haltung \u2713 Besch\u00e4ftigung \u25b6 Hier informieren!","robots":{"index":"index","follow":"follow","max-snippet":"max-snippet:-1","max-image-preview":"max-image-preview:large","max-video-preview":"max-video-preview:-1"},"canonical":"https:\/\/uelzener.de\/magazin\/hund\/rasseportrait\/australian-shepherd\/","og_locale":"de_DE","og_type":"article","og_title":"Australian Shepherd: arbeitswilliger Begleiter","og_description":"Erfahre alles zur Hunderasse Australian Shepherd \u2713 Herkunft \u2713 Charakter \u2713 Haltung \u2713 Besch\u00e4ftigung \u25b6 Hier informieren!","og_url":"https:\/\/uelzener.de\/magazin\/hund\/rasseportrait\/australian-shepherd\/","og_site_name":"Uelzener Tier-Magazin","article_publisher":"https:\/\/www.facebook.com\/Uelzener","article_modified_time":"2024-05-02T10:30:56+00:00","og_image":[{"width":650,"height":432,"url":"https:\/\/uelzener.de\/magazin\/app\/uploads\/2015\/03\/79758fa8-8143-472c-bea3-e14f635a49f4.jpg","type":"image\/jpeg"}],"twitter_card":"summary_large_image","twitter_misc":{"Gesch\u00e4tzte Lesezeit":"2\u00a0Minuten"},"schema":{"@context":"https:\/\/schema.org","@graph":[{"@type":"WebPage","@id":"https:\/\/uelzener.de\/magazin\/hund\/rasseportrait\/australian-shepherd\/","url":"https:\/\/uelzener.de\/magazin\/hund\/rasseportrait\/australian-shepherd\/","name":"Australian Shepherd im Rasseportrait \u2013 Herkunft & Charakter | Uelzener","isPartOf":{"@id":"https:\/\/uelzener.de\/magazin\/#website"},"primaryImageOfPage":{"@id":"https:\/\/uelzener.de\/magazin\/hund\/rasseportrait\/australian-shepherd\/#primaryimage"},"image":{"@id":"https:\/\/uelzener.de\/magazin\/hund\/rasseportrait\/australian-shepherd\/#primaryimage"},"thumbnailUrl":"https:\/\/uelzener.de\/magazin\/app\/uploads\/2015\/03\/79758fa8-8143-472c-bea3-e14f635a49f4.jpg","datePublished":"2015-03-26T00:00:00+00:00","dateModified":"2024-05-02T10:30:56+00:00","description":"Erfahre alles zur Hunderasse Australian Shepherd \u2713 Herkunft \u2713 Charakter \u2713 Haltung \u2713 Besch\u00e4ftigung \u25b6 Hier informieren!","breadcrumb":{"@id":"https:\/\/uelzener.de\/magazin\/hund\/rasseportrait\/australian-shepherd\/#breadcrumb"},"inLanguage":"de","potentialAction":[{"@type":"ReadAction","target":["https:\/\/uelzener.de\/magazin\/hund\/rasseportrait\/australian-shepherd\/"]}]},{"@type":"ImageObject","inLanguage":"de","@id":"https:\/\/uelzener.de\/magazin\/hund\/rasseportrait\/australian-shepherd\/#primaryimage","url":"https:\/\/uelzener.de\/magazin\/app\/uploads\/2015\/03\/79758fa8-8143-472c-bea3-e14f635a49f4.jpg","contentUrl":"https:\/\/uelzener.de\/magazin\/app\/uploads\/2015\/03\/79758fa8-8143-472c-bea3-e14f635a49f4.jpg","width":650,"height":432,"caption":"Australian Shepherd liegt auf einer gr\u00fcner Wiese und guckt in dieFerne."},{"@type":"WebSite","@id":"https:\/\/uelzener.de\/magazin\/#website","url":"https:\/\/uelzener.de\/magazin\/","name":"Uelzener Tiermagazin","description":"Online Tierratgeber der Uelzener Versicherungen","publisher":{"@id":"https:\/\/uelzener.de\/magazin\/#organization"},"potentialAction":[{"@type":"SearchAction","target":{"@type":"EntryPoint","urlTemplate":"https:\/\/uelzener.de\/magazin\/?s={search_term_string}"},"query-input":{"@type":"PropertyValueSpecification","valueRequired":true,"valueName":"search_term_string"}}],"inLanguage":"de"},{"@type":"Organization","@id":"https:\/\/uelzener.de\/magazin\/#organization","name":"Uelzener Versicherungen","url":"https:\/\/uelzener.de\/magazin\/","logo":{"@type":"ImageObject","inLanguage":"de","@id":"https:\/\/uelzener.de\/magazin\/#\/schema\/logo\/image\/","url":"https:\/\/uelzener.de\/magazin\/app\/uploads\/2024\/11\/uelzener_allgemeine_versicherungsgesellschaft_a_g_logo.jpg","contentUrl":"https:\/\/uelzener.de\/magazin\/app\/uploads\/2024\/11\/uelzener_allgemeine_versicherungsgesellschaft_a_g_logo.jpg","width":200,"height":200,"caption":"Uelzener Versicherungen"},"image":{"@id":"https:\/\/uelzener.de\/magazin\/#\/schema\/logo\/image\/"},"sameAs":["https:\/\/www.facebook.com\/Uelzener","https:\/\/instagram.com\/uelzener","https:\/\/www.xing.com\/pages\/uelzenerallgemeineversicherungs-gesellschafta-g","https:\/\/www.youtube.com\/UelzenerVersicherungen"]}]}},"_links":{"self":[{"href":"https:\/\/uelzener.de\/magazin\/wp-json\/wp\/v2\/pages\/10048","targetHints":{"allow":["GET"]}}],"collection":[{"href":"https:\/\/uelzener.de\/magazin\/wp-json\/wp\/v2\/pages"}],"about":[{"href":"https:\/\/uelzener.de\/magazin\/wp-json\/wp\/v2\/types\/page"}],"author":[{"embeddable":true,"href":"https:\/\/uelzener.de\/magazin\/wp-json\/wp\/v2\/users\/1"}],"replies":[{"embeddable":true,"href":"https:\/\/uelzener.de\/magazin\/wp-json\/wp\/v2\/comments?post=10048"}],"version-history":[{"count":13,"href":"https:\/\/uelzener.de\/magazin\/wp-json\/wp\/v2\/pages\/10048\/revisions"}],"predecessor-version":[{"id":17372,"href":"https:\/\/uelzener.de\/magazin\/wp-json\/wp\/v2\/pages\/10048\/revisions\/17372"}],"up":[{"embeddable":true,"href":"https:\/\/uelzener.de\/magazin\/wp-json\/wp\/v2\/pages\/2475"}],"wp:featuredmedia":[{"embeddable":true,"href":"https:\/\/uelzener.de\/magazin\/wp-json\/wp\/v2\/media\/10638"}],"wp:attachment":[{"href":"https:\/\/uelzener.de\/magazin\/wp-json\/wp\/v2\/media?parent=10048"}],"curies":[{"name":"wp","href":"https:\/\/api.w.org\/{rel}","templated":true}]}}