{"id":10046,"date":"2023-08-03T12:00:00","date_gmt":"2023-08-03T10:00:00","guid":{"rendered":""},"modified":"2023-08-03T17:10:43","modified_gmt":"2023-08-03T15:10:43","slug":"ein-patenhund-im-tierheim","status":"publish","type":"page","link":"https:\/\/uelzener.de\/magazin\/hund\/haeufige-fragen\/ein-patenhund-im-tierheim\/","title":{"rendered":"Ein Patenhund im Tierheim"},"content":{"rendered":"<p>Die meisten Tierheime bieten neben der Tiervermittlung an, Patenschaften f\u00fcr Tiere zu \u00fcbernehmen. Diese Patenschaften sind zum Teil rein passiver Art, ein Tier oder eine Tierart wird mit finanziellen Beitr\u00e4gen unterst\u00fctzt. Patenschaften k\u00f6nnen jedoch auch aktiv gepflegt werden. Gerade Tierheimhunde profitieren sehr von Paten oder Patinnen, die sie regelm\u00e4\u00dfig besuchen, besch\u00e4ftigen und ausf\u00fchren. Aber nicht nur die Hunde ziehen aus einer Patenschaft Vorteile: Tierliebe Menschen, die keinen Hund halten k\u00f6nnen, haben so die M\u00f6glichkeit, ihrer Leidenschaft nachzugehen.<\/p>\n<p>Der Aufenthalt im Tierheim ist f\u00fcr Hunde immer eine schwierige Situation: Gut, wenn der dortige Zwinger m\u00f6glichst schnell durch ein richtiges Zuhause abgel\u00f6st werden kann. Manche Hunde m\u00fcssen jedoch l\u00e4nger im Tierheim bleiben, da sich aufgrund von Gr\u00f6\u00dfe, Alter, Charakter oder Gesundheitszustand nicht so leicht neue Besitzer:innen finden lassen. Damit bei diesen Hunden die Bindung zum Menschen aufrechterhalten bleibt, ist es wichtig, dass sie regelm\u00e4\u00dfig besch\u00e4ftigt und gef\u00f6rdert werden.<\/p>\n<h2><strong>Hundepatenschaften: Wichtige St\u00fctzen im Tierheimalltag<\/strong><\/h2>\n<p>In einem Tierheim sind meist mehrere Dutzend Hunde untergebracht. Trotz gro\u00dfen Engagements fehlt Mitarbeitenden und ehrenamtlichen Helfer:innen h\u00e4ufig die Zeit f\u00fcr eine intensive Betreuung: An dieser Stelle sind deshalb aktive Patenschaften von au\u00dferhalb gefragt, die sich zum Beispiel als Spazierg\u00e4nger:innen anbieten. Wenn die Hunde ein oder mehrmals am Tag zum Spaziergang abgeholt werden, bekommen sie dabei nicht nur Auslauf, sondern au\u00dferdem Besch\u00e4ftigung und Zuwendung. F\u00fcr die psychische Gesundheit der Tiere ist dies unentbehrlich.<\/p>\n<h2><strong>Warum ein Patenhund?<\/strong><\/h2>\n<p>Die Gr\u00fcnde, sich als Pate oder Patin um einen Hund zu k\u00fcmmern, sind vielf\u00e4ltig: Zum einen geht es nat\u00fcrlich darum, dem Hund das Leben im <a href=\"https:\/\/uelzener.de\/magazin\/wir\/tierheim-aktion-der-uelzener-zum-150-jubilaeum\/\">Tierheim<\/a> so angenehm wie m\u00f6glich zu machen. Zum anderen bekommen manch einer oder eine w\u00e4hrend einer Hundepatenschaft die Gelegenheit, Zeit mit einem Tier zu verbringen, das sie aufgrund von Berufst\u00e4tigkeit oder Wohnsituation nicht vollst\u00e4ndig in den Alltag integrieren k\u00f6nnten.<\/p>\n<p>Wer noch nie einen Hund besessen hat, f\u00fcr den kann die Patenschaft obendrein eine Chance sein, in die Hundehaltung \u201ereinzuschnuppern\u201c und Erfahrungen zu sammeln. Manche Tierheime bieten sogar Wochenendbesuche der Patenhunde an, sodass das Leben mit Hund auch zu Hause erprobt werden kann.<\/p>\n<p>Voraussetzung f\u00fcr das Ausf\u00fchren von Hunden ist in vielen Tierheimen allerdings der Besuch einer Spazierg\u00e4nger:innen-Schulung, die vor allem Hundeneulingen das n\u00f6tige Knowhow vermittelt. Schwierige Hunde brauchen dar\u00fcber hinaus eine l\u00e4ngere Gew\u00f6hnungszeit, bis sie sich auf einen Paten oder eine Patin einlassen und ihm oder ihr guten Gewissens anvertraut werden k\u00f6nnen.<\/p>\n<h2><strong>Win-win-Situation f\u00fcr Mensch und Hund<\/strong><\/h2>\n<p>Wird ein Hund regelm\u00e4\u00dfig im Rahmen einer Patenschaft betreut, ist er aufgeschlossener und ausgeglichener, und seine Chancen auf Vermittlung steigen. Auch bei einer Vermittlung werden Paten oder Patinnen oftmals mit einbezogen, da diese \u201eihre\u201c Hunde am besten kennen.<\/p>\n<p>Und noch etwas kommt immer wieder vor: Aus einer Beziehung auf Probe in einer Patenschaft, wird manchmal eine echte Lebensgemeinschaft. Dann zieht der vormalige Patenhund sogar bei seinem Paten oder seiner Patin ein!<\/p>\n<p>Interessierst du dich f\u00fcr die Arbeit von Tierheimen? Dann schau doch mal bei unserer Tierheim-Aktion vorbei. Im Laufe unseres Jubil\u00e4umsjahrs 2023 haben wir eine ganze Reihe Tierheime besucht und mit den Mitarbeitenden dort \u00fcber ihre Arbeit und ihre Tiere gesprochen: <a href=\"https:\/\/uelzener.de\/magazin\/wir\/tierheim-aktion-der-uelzener-zum-150-jubilaeum\/\">Tierheim-Aktion im Jubil\u00e4umsjahr 2023<\/a><\/p>\n","protected":false},"excerpt":{"rendered":"<p>Die meisten Tierheime bieten neben der Tiervermittlung an, Patenschaften f\u00fcr Tiere zu \u00fcbernehmen. Diese Patenschaften sind zum Teil rein passiver Art, ein Tier oder eine Tierart wird mit finanziellen Beitr\u00e4gen unterst\u00fctzt. Patenschaften k\u00f6nnen jedoch auch aktiv gepflegt werden. Gerade Tierheimhunde profitieren sehr von Paten oder Patinnen, die sie regelm\u00e4\u00dfig besuchen, besch\u00e4ftigen und ausf\u00fchren. Aber nicht [&hellip;]<\/p>\n","protected":false},"author":1,"featured_media":15991,"parent":11687,"menu_order":27,"comment_status":"open","ping_status":"open","template":"templates\/blog.php","meta":{"_acf_changed":false,"_crdt_document":"","footnotes":"","beyondwords_generate_audio":"","beyondwords_project_id":"","beyondwords_content_id":"","beyondwords_preview_token":"","beyondwords_player_style":"","beyondwords_language_id":"","beyondwords_title_voice_id":"","beyondwords_body_voice_id":"","beyondwords_summary_voice_id":"","beyondwords_error_message":"","beyondwords_disabled":"","beyondwords_delete_content":"","beyondwords_podcast_id":"","beyondwords_hash":"","publish_post_to_speechkit":"","speechkit_hash":"","speechkit_generate_audio":"","speechkit_project_id":"","speechkit_podcast_id":"","speechkit_error_message":"","speechkit_disabled":"","speechkit_access_key":"","speechkit_error":"","speechkit_info":"","speechkit_response":"","speechkit_retries":"","speechkit_status":"","speechkit_updated_at":"","_speechkit_link":"","_speechkit_text":""},"class_list":["post-10046","page","type-page","status-publish","has-post-thumbnail","hentry"],"acf":[],"yoast_head":"<!-- This site is optimized with the Yoast SEO Premium plugin  - https:\/\/yoast.com\/product\/yoast-seo-premium-wordpress\/ -->\n<title>Ein Patenhund im Tierheim | Uelzener<\/title>\n<meta name=\"description\" content=\"Vorteile eines Patenhunds im Tierheim. Deswegen ist eine Patenschaft eine Win-win-Situation f\u00fcr Mensch und Hund.\" \/>\n<meta name=\"robots\" content=\"index, follow, max-snippet:-1, max-image-preview:large, max-video-preview:-1\" \/>\n<link rel=\"canonical\" href=\"https:\/\/uelzener.de\/magazin\/hund\/haeufige-fragen\/ein-patenhund-im-tierheim\/\" \/>\n<meta property=\"og:locale\" content=\"de_DE\" \/>\n<meta property=\"og:type\" content=\"article\" \/>\n<meta property=\"og:title\" content=\"Ein Patenhund im Tierheim\" \/>\n<meta property=\"og:description\" content=\"Vorteile eines Patenhunds im Tierheim. Deswegen ist eine Patenschaft eine Win-win-Situation f\u00fcr Mensch und Hund.\" \/>\n<meta property=\"og:url\" content=\"https:\/\/uelzener.de\/magazin\/hund\/haeufige-fragen\/ein-patenhund-im-tierheim\/\" \/>\n<meta property=\"og:site_name\" content=\"Uelzener Tier-Magazin\" \/>\n<meta property=\"article:publisher\" content=\"https:\/\/www.facebook.com\/Uelzener\" \/>\n<meta property=\"article:modified_time\" content=\"2023-08-03T15:10:43+00:00\" \/>\n<meta property=\"og:image\" content=\"https:\/\/uelzener.de\/magazin\/app\/uploads\/2023\/08\/patenhund.jpg\" \/>\n\t<meta property=\"og:image:width\" content=\"1025\" \/>\n\t<meta property=\"og:image:height\" content=\"450\" \/>\n\t<meta property=\"og:image:type\" content=\"image\/jpeg\" \/>\n<meta name=\"twitter:card\" content=\"summary_large_image\" \/>\n<meta name=\"twitter:label1\" content=\"Gesch\u00e4tzte Lesezeit\" \/>\n\t<meta name=\"twitter:data1\" content=\"3\u00a0Minuten\" \/>\n<script type=\"application\/ld+json\" class=\"yoast-schema-graph\">{\"@context\":\"https:\\\/\\\/schema.org\",\"@graph\":[{\"@type\":\"WebPage\",\"@id\":\"https:\\\/\\\/uelzener.de\\\/magazin\\\/hund\\\/haeufige-fragen\\\/ein-patenhund-im-tierheim\\\/\",\"url\":\"https:\\\/\\\/uelzener.de\\\/magazin\\\/hund\\\/haeufige-fragen\\\/ein-patenhund-im-tierheim\\\/\",\"name\":\"Ein Patenhund im Tierheim | Uelzener\",\"isPartOf\":{\"@id\":\"https:\\\/\\\/uelzener.de\\\/magazin\\\/#website\"},\"primaryImageOfPage\":{\"@id\":\"https:\\\/\\\/uelzener.de\\\/magazin\\\/hund\\\/haeufige-fragen\\\/ein-patenhund-im-tierheim\\\/#primaryimage\"},\"image\":{\"@id\":\"https:\\\/\\\/uelzener.de\\\/magazin\\\/hund\\\/haeufige-fragen\\\/ein-patenhund-im-tierheim\\\/#primaryimage\"},\"thumbnailUrl\":\"https:\\\/\\\/uelzener.de\\\/magazin\\\/app\\\/uploads\\\/2023\\\/08\\\/patenhund.jpg\",\"datePublished\":\"2023-08-03T10:00:00+00:00\",\"dateModified\":\"2023-08-03T15:10:43+00:00\",\"description\":\"Vorteile eines Patenhunds im Tierheim. Deswegen ist eine Patenschaft eine Win-win-Situation f\u00fcr Mensch und Hund.\",\"breadcrumb\":{\"@id\":\"https:\\\/\\\/uelzener.de\\\/magazin\\\/hund\\\/haeufige-fragen\\\/ein-patenhund-im-tierheim\\\/#breadcrumb\"},\"inLanguage\":\"de\",\"potentialAction\":[{\"@type\":\"ReadAction\",\"target\":[\"https:\\\/\\\/uelzener.de\\\/magazin\\\/hund\\\/haeufige-fragen\\\/ein-patenhund-im-tierheim\\\/\"]}]},{\"@type\":\"ImageObject\",\"inLanguage\":\"de\",\"@id\":\"https:\\\/\\\/uelzener.de\\\/magazin\\\/hund\\\/haeufige-fragen\\\/ein-patenhund-im-tierheim\\\/#primaryimage\",\"url\":\"https:\\\/\\\/uelzener.de\\\/magazin\\\/app\\\/uploads\\\/2023\\\/08\\\/patenhund.jpg\",\"contentUrl\":\"https:\\\/\\\/uelzener.de\\\/magazin\\\/app\\\/uploads\\\/2023\\\/08\\\/patenhund.jpg\",\"width\":1025,\"height\":450,\"caption\":\"Hunde und sich selbst gl\u00fccklich machen mit einem Patenhund.\"},{\"@type\":\"WebSite\",\"@id\":\"https:\\\/\\\/uelzener.de\\\/magazin\\\/#website\",\"url\":\"https:\\\/\\\/uelzener.de\\\/magazin\\\/\",\"name\":\"Uelzener Tiermagazin\",\"description\":\"Online Tierratgeber der Uelzener Versicherungen\",\"publisher\":{\"@id\":\"https:\\\/\\\/uelzener.de\\\/magazin\\\/#organization\"},\"potentialAction\":[{\"@type\":\"SearchAction\",\"target\":{\"@type\":\"EntryPoint\",\"urlTemplate\":\"https:\\\/\\\/uelzener.de\\\/magazin\\\/?s={search_term_string}\"},\"query-input\":{\"@type\":\"PropertyValueSpecification\",\"valueRequired\":true,\"valueName\":\"search_term_string\"}}],\"inLanguage\":\"de\"},{\"@type\":\"Organization\",\"@id\":\"https:\\\/\\\/uelzener.de\\\/magazin\\\/#organization\",\"name\":\"Uelzener Versicherungen\",\"url\":\"https:\\\/\\\/uelzener.de\\\/magazin\\\/\",\"logo\":{\"@type\":\"ImageObject\",\"inLanguage\":\"de\",\"@id\":\"https:\\\/\\\/uelzener.de\\\/magazin\\\/#\\\/schema\\\/logo\\\/image\\\/\",\"url\":\"https:\\\/\\\/uelzener.de\\\/magazin\\\/app\\\/uploads\\\/2024\\\/11\\\/uelzener_allgemeine_versicherungsgesellschaft_a_g_logo.jpg\",\"contentUrl\":\"https:\\\/\\\/uelzener.de\\\/magazin\\\/app\\\/uploads\\\/2024\\\/11\\\/uelzener_allgemeine_versicherungsgesellschaft_a_g_logo.jpg\",\"width\":200,\"height\":200,\"caption\":\"Uelzener Versicherungen\"},\"image\":{\"@id\":\"https:\\\/\\\/uelzener.de\\\/magazin\\\/#\\\/schema\\\/logo\\\/image\\\/\"},\"sameAs\":[\"https:\\\/\\\/www.facebook.com\\\/Uelzener\",\"https:\\\/\\\/instagram.com\\\/uelzener\",\"https:\\\/\\\/www.xing.com\\\/pages\\\/uelzenerallgemeineversicherungs-gesellschafta-g\",\"https:\\\/\\\/www.youtube.com\\\/UelzenerVersicherungen\"]}]}<\/script>\n<!-- \/ Yoast SEO Premium plugin. -->","yoast_head_json":{"title":"Ein Patenhund im Tierheim | Uelzener","description":"Vorteile eines Patenhunds im Tierheim. Deswegen ist eine Patenschaft eine Win-win-Situation f\u00fcr Mensch und Hund.","robots":{"index":"index","follow":"follow","max-snippet":"max-snippet:-1","max-image-preview":"max-image-preview:large","max-video-preview":"max-video-preview:-1"},"canonical":"https:\/\/uelzener.de\/magazin\/hund\/haeufige-fragen\/ein-patenhund-im-tierheim\/","og_locale":"de_DE","og_type":"article","og_title":"Ein Patenhund im Tierheim","og_description":"Vorteile eines Patenhunds im Tierheim. Deswegen ist eine Patenschaft eine Win-win-Situation f\u00fcr Mensch und Hund.","og_url":"https:\/\/uelzener.de\/magazin\/hund\/haeufige-fragen\/ein-patenhund-im-tierheim\/","og_site_name":"Uelzener Tier-Magazin","article_publisher":"https:\/\/www.facebook.com\/Uelzener","article_modified_time":"2023-08-03T15:10:43+00:00","og_image":[{"width":1025,"height":450,"url":"https:\/\/uelzener.de\/magazin\/app\/uploads\/2023\/08\/patenhund.jpg","type":"image\/jpeg"}],"twitter_card":"summary_large_image","twitter_misc":{"Gesch\u00e4tzte Lesezeit":"3\u00a0Minuten"},"schema":{"@context":"https:\/\/schema.org","@graph":[{"@type":"WebPage","@id":"https:\/\/uelzener.de\/magazin\/hund\/haeufige-fragen\/ein-patenhund-im-tierheim\/","url":"https:\/\/uelzener.de\/magazin\/hund\/haeufige-fragen\/ein-patenhund-im-tierheim\/","name":"Ein Patenhund im Tierheim | Uelzener","isPartOf":{"@id":"https:\/\/uelzener.de\/magazin\/#website"},"primaryImageOfPage":{"@id":"https:\/\/uelzener.de\/magazin\/hund\/haeufige-fragen\/ein-patenhund-im-tierheim\/#primaryimage"},"image":{"@id":"https:\/\/uelzener.de\/magazin\/hund\/haeufige-fragen\/ein-patenhund-im-tierheim\/#primaryimage"},"thumbnailUrl":"https:\/\/uelzener.de\/magazin\/app\/uploads\/2023\/08\/patenhund.jpg","datePublished":"2023-08-03T10:00:00+00:00","dateModified":"2023-08-03T15:10:43+00:00","description":"Vorteile eines Patenhunds im Tierheim. Deswegen ist eine Patenschaft eine Win-win-Situation f\u00fcr Mensch und Hund.","breadcrumb":{"@id":"https:\/\/uelzener.de\/magazin\/hund\/haeufige-fragen\/ein-patenhund-im-tierheim\/#breadcrumb"},"inLanguage":"de","potentialAction":[{"@type":"ReadAction","target":["https:\/\/uelzener.de\/magazin\/hund\/haeufige-fragen\/ein-patenhund-im-tierheim\/"]}]},{"@type":"ImageObject","inLanguage":"de","@id":"https:\/\/uelzener.de\/magazin\/hund\/haeufige-fragen\/ein-patenhund-im-tierheim\/#primaryimage","url":"https:\/\/uelzener.de\/magazin\/app\/uploads\/2023\/08\/patenhund.jpg","contentUrl":"https:\/\/uelzener.de\/magazin\/app\/uploads\/2023\/08\/patenhund.jpg","width":1025,"height":450,"caption":"Hunde und sich selbst gl\u00fccklich machen mit einem Patenhund."},{"@type":"WebSite","@id":"https:\/\/uelzener.de\/magazin\/#website","url":"https:\/\/uelzener.de\/magazin\/","name":"Uelzener Tiermagazin","description":"Online Tierratgeber der Uelzener Versicherungen","publisher":{"@id":"https:\/\/uelzener.de\/magazin\/#organization"},"potentialAction":[{"@type":"SearchAction","target":{"@type":"EntryPoint","urlTemplate":"https:\/\/uelzener.de\/magazin\/?s={search_term_string}"},"query-input":{"@type":"PropertyValueSpecification","valueRequired":true,"valueName":"search_term_string"}}],"inLanguage":"de"},{"@type":"Organization","@id":"https:\/\/uelzener.de\/magazin\/#organization","name":"Uelzener Versicherungen","url":"https:\/\/uelzener.de\/magazin\/","logo":{"@type":"ImageObject","inLanguage":"de","@id":"https:\/\/uelzener.de\/magazin\/#\/schema\/logo\/image\/","url":"https:\/\/uelzener.de\/magazin\/app\/uploads\/2024\/11\/uelzener_allgemeine_versicherungsgesellschaft_a_g_logo.jpg","contentUrl":"https:\/\/uelzener.de\/magazin\/app\/uploads\/2024\/11\/uelzener_allgemeine_versicherungsgesellschaft_a_g_logo.jpg","width":200,"height":200,"caption":"Uelzener Versicherungen"},"image":{"@id":"https:\/\/uelzener.de\/magazin\/#\/schema\/logo\/image\/"},"sameAs":["https:\/\/www.facebook.com\/Uelzener","https:\/\/instagram.com\/uelzener","https:\/\/www.xing.com\/pages\/uelzenerallgemeineversicherungs-gesellschafta-g","https:\/\/www.youtube.com\/UelzenerVersicherungen"]}]}},"_links":{"self":[{"href":"https:\/\/uelzener.de\/magazin\/wp-json\/wp\/v2\/pages\/10046","targetHints":{"allow":["GET"]}}],"collection":[{"href":"https:\/\/uelzener.de\/magazin\/wp-json\/wp\/v2\/pages"}],"about":[{"href":"https:\/\/uelzener.de\/magazin\/wp-json\/wp\/v2\/types\/page"}],"author":[{"embeddable":true,"href":"https:\/\/uelzener.de\/magazin\/wp-json\/wp\/v2\/users\/1"}],"replies":[{"embeddable":true,"href":"https:\/\/uelzener.de\/magazin\/wp-json\/wp\/v2\/comments?post=10046"}],"version-history":[{"count":12,"href":"https:\/\/uelzener.de\/magazin\/wp-json\/wp\/v2\/pages\/10046\/revisions"}],"predecessor-version":[{"id":15992,"href":"https:\/\/uelzener.de\/magazin\/wp-json\/wp\/v2\/pages\/10046\/revisions\/15992"}],"up":[{"embeddable":true,"href":"https:\/\/uelzener.de\/magazin\/wp-json\/wp\/v2\/pages\/11687"}],"wp:featuredmedia":[{"embeddable":true,"href":"https:\/\/uelzener.de\/magazin\/wp-json\/wp\/v2\/media\/15991"}],"wp:attachment":[{"href":"https:\/\/uelzener.de\/magazin\/wp-json\/wp\/v2\/media?parent=10046"}],"curies":[{"name":"wp","href":"https:\/\/api.w.org\/{rel}","templated":true}]}}