{"id":10043,"date":"2015-07-31T00:00:00","date_gmt":"2015-07-31T00:00:00","guid":{"rendered":""},"modified":"2023-04-19T16:07:18","modified_gmt":"2023-04-19T14:07:18","slug":"deutscher-schaeferhund","status":"publish","type":"page","link":"https:\/\/uelzener.de\/magazin\/hund\/rasseportrait\/deutscher-schaeferhund\/","title":{"rendered":"Deutscher Sch\u00e4ferhund: vielseitige Arbeitshunde"},"content":{"rendered":"<p>Der Deutsche Sch\u00e4ferhund ist heutzutage eine der weltweit beliebtesten Hunderassen. Er entstand Ende des 19. Jahrhunderts aus verschiedenen s\u00fcddeutschen H\u00fctehundrassen. Als erster eingetragener Deutscher Sch\u00e4ferhund gilt der R\u00fcde \u201eHorand von Grafrath\u201c.<\/p>\n<p>Nach dem Willen seines Besitzers Max von Stephanitz, der auch Gr\u00fcnder des \u201eVereins f\u00fcr Deutsche Sch\u00e4ferhunde\u201c war, sollte ein Sch\u00e4ferhund als H\u00fcte- und Schutzhund nicht nur Schafherden bewachen, sondern als vielseitiger Gebrauchshund verwendbar sein. So ist auch heute noch das erkl\u00e4rte Zuchtziel, einen Hund zu erhalten, der als Rettungs-, Schutz-, Therapie- und Blindenf\u00fchrhund eingesetzt werden kann. Tats\u00e4chlich ist der Deutsche Sch\u00e4ferhund heute eine der am h\u00e4ufigsten verwendeten Rassen f\u00fcr den Einsatz als Diensthund bei der Polizei und beim Milit\u00e4r. Mit seiner \u201eSupernase\u201c hilft er beim Aufsp\u00fcren von Drogen und Sprengstoff sowie als Rettungshund bei der Suche nach versch\u00fctteten Menschen. Auch als Blindenhund wird der gelehrige Sch\u00e4ferhund oftmals eingesetzt.<\/p>\n<p>Um diese Aufgaben zu bew\u00e4ltigen, muss der Sch\u00e4ferhund sehr lernf\u00e4hig sein und physische sowie psychische Belastbarkeit mitbringen. Sein selbstbewusstes Wesen, seine Robustheit sowie seine Nervenst\u00e4rke machen den Deutschen Sch\u00e4ferhund zu einem idealen Begleiter im Einsatz. Aber auch als reiner Freizeit- und <a href=\"https:\/\/uelzener.de\/magazin\/hund\/haeufige-fragen\/familienhunde\/\"><strong>Familienhund<\/strong><\/a> ist der Sch\u00e4ferhund geeignet. Voraussetzung sind allerdings eine gute Sozialisierung im Welpenalter, eine konsequente, freundliche Erziehung und eine Aufgabe, die der Hund ausf\u00fcllen kann \u2013 sei es als Wachhund, als H\u00fctehund oder beim Hundesport.<\/p>\n<p>Sch\u00e4ferhunde werden in zwei verschiedene Fellvarianten eingeteilt: Stockhaar\u00a0 und Langstockhaar. Bei den Fellfarben ist der schwarz-gelbe Typ am bekanntesten, es gibt aber auch graue oder schwarze Vertreter. Das dichte, robuste Fell der Hunde ist abgesehen von gelegentlichem B\u00fcsten pflegeleicht. Schlechtes Wetter macht ihnen daher wenig aus. Als Besitzer eines Sch\u00e4ferhundes sollte man selber gerne bei jedem Wetter drau\u00dfen unterwegs sein. Sch\u00e4ferhunde sind ideale Begleiter beim Radfahren oder Joggen, da sie viel Bewegungsdrang haben.<\/p>\n<p>Die Erziehung sollte freundlich, aber bestimmt sein, um dem Hund klar zu zeigen, wer das Sagen hat. Denn Sch\u00e4ferhunde sind mutig und haben durchaus auch eine k\u00e4mpferische Seite, die sie je nach Situation zeigen k\u00f6nnen. Harte Erziehung im Kasernenton bringt hingegen nichts, sondern verunsichert den Hund nur. Stattdessen braucht der Sch\u00e4ferhund viel Lob und Zuwendung, denn\u00a0er ist stets bem\u00fcht, es seinem Herrchen recht zu machen. Wer sich daher zum ersten Mal einen Sch\u00e4ferhund zulegt, sollte schon Erfahrung bei der Hundeerziehung mitbringen. Wer noch unerfahren ist, kann in einer guten <a href=\"https:\/\/uelzener.de\/magazin\/hund\/erziehung-und-training\/hundeschule-ja-oder-nein\/\"><strong>Hundeschule<\/strong><\/a> oder bei speziellen Kursen f\u00fcr Sch\u00e4ferhunde unter professioneller Anleitung den harmonischen Umgang mit dem Hund lernen. Denn unter den richtigen Bedingungen ist ein Sch\u00e4ferhund ein treuer Begleiter und Besch\u00fctzer der gesamten Familie.<\/p>\n","protected":false},"excerpt":{"rendered":"<p>Der Deutsche Sch\u00e4ferhund ist heutzutage eine der weltweit beliebtesten Hunderassen. Er entstand Ende des 19. Jahrhunderts aus verschiedenen s\u00fcddeutschen H\u00fctehundrassen. Als erster eingetragener Deutscher Sch\u00e4ferhund gilt der R\u00fcde \u201eHorand von Grafrath\u201c. Nach dem Willen seines Besitzers Max von Stephanitz, der auch Gr\u00fcnder des \u201eVereins f\u00fcr Deutsche Sch\u00e4ferhunde\u201c war, sollte ein Sch\u00e4ferhund als H\u00fcte- und Schutzhund [&hellip;]<\/p>\n","protected":false},"author":1,"featured_media":10633,"parent":2475,"menu_order":12,"comment_status":"open","ping_status":"open","template":"templates\/blog.php","meta":{"_acf_changed":false,"_crdt_document":"","footnotes":"","beyondwords_generate_audio":"","beyondwords_project_id":"","beyondwords_content_id":"","beyondwords_preview_token":"","beyondwords_player_style":"","beyondwords_language_id":"","beyondwords_title_voice_id":"","beyondwords_body_voice_id":"","beyondwords_summary_voice_id":"","beyondwords_error_message":"","beyondwords_disabled":"","beyondwords_delete_content":"","beyondwords_podcast_id":"","beyondwords_hash":"","publish_post_to_speechkit":"","speechkit_hash":"","speechkit_generate_audio":"","speechkit_project_id":"","speechkit_podcast_id":"","speechkit_error_message":"","speechkit_disabled":"","speechkit_access_key":"","speechkit_error":"","speechkit_info":"","speechkit_response":"","speechkit_retries":"","speechkit_status":"","speechkit_updated_at":"","_speechkit_link":"","_speechkit_text":""},"class_list":["post-10043","page","type-page","status-publish","has-post-thumbnail","hentry"],"acf":[],"yoast_head":"<!-- This site is optimized with the Yoast SEO Premium plugin  - https:\/\/yoast.com\/product\/yoast-seo-premium-wordpress\/ -->\n<title>Deutscher Sch\u00e4ferhund im Rasseportrait | Uelzener<\/title>\n<meta name=\"description\" content=\"Erfahre alles zur Hunderasse Deutscher Sch\u00e4ferhund \u2713 Aussehen \u2713 Charakter \u2713 Einsatzbereiche \u2713 Erziehung \u25b6 Hier informieren!\" \/>\n<meta name=\"robots\" content=\"index, follow, max-snippet:-1, max-image-preview:large, max-video-preview:-1\" \/>\n<link rel=\"canonical\" href=\"https:\/\/uelzener.de\/magazin\/hund\/rasseportrait\/deutscher-schaeferhund\/\" \/>\n<meta property=\"og:locale\" content=\"de_DE\" \/>\n<meta property=\"og:type\" content=\"article\" \/>\n<meta property=\"og:title\" content=\"Deutscher Sch\u00e4ferhund: vielseitige Arbeitshunde\" \/>\n<meta property=\"og:description\" content=\"Erfahre alles zur Hunderasse Deutscher Sch\u00e4ferhund \u2713 Aussehen \u2713 Charakter \u2713 Einsatzbereiche \u2713 Erziehung \u25b6 Hier informieren!\" \/>\n<meta property=\"og:url\" content=\"https:\/\/uelzener.de\/magazin\/hund\/rasseportrait\/deutscher-schaeferhund\/\" \/>\n<meta property=\"og:site_name\" content=\"Uelzener Tier-Magazin\" \/>\n<meta property=\"article:publisher\" content=\"https:\/\/www.facebook.com\/Uelzener\" \/>\n<meta property=\"article:modified_time\" content=\"2023-04-19T14:07:18+00:00\" \/>\n<meta property=\"og:image\" content=\"https:\/\/uelzener.de\/magazin\/app\/uploads\/2015\/07\/1096cde4-162e-4c1f-9b57-2ea98fba71f0.jpg\" \/>\n\t<meta property=\"og:image:width\" content=\"650\" \/>\n\t<meta property=\"og:image:height\" content=\"432\" \/>\n\t<meta property=\"og:image:type\" content=\"image\/jpeg\" \/>\n<meta name=\"twitter:card\" content=\"summary_large_image\" \/>\n<meta name=\"twitter:label1\" content=\"Gesch\u00e4tzte Lesezeit\" \/>\n\t<meta name=\"twitter:data1\" content=\"2\u00a0Minuten\" \/>\n<script type=\"application\/ld+json\" class=\"yoast-schema-graph\">{\"@context\":\"https:\/\/schema.org\",\"@graph\":[{\"@type\":\"WebPage\",\"@id\":\"https:\/\/uelzener.de\/magazin\/hund\/rasseportrait\/deutscher-schaeferhund\/\",\"url\":\"https:\/\/uelzener.de\/magazin\/hund\/rasseportrait\/deutscher-schaeferhund\/\",\"name\":\"Deutscher Sch\u00e4ferhund im Rasseportrait | Uelzener\",\"isPartOf\":{\"@id\":\"https:\/\/uelzener.de\/magazin\/#website\"},\"primaryImageOfPage\":{\"@id\":\"https:\/\/uelzener.de\/magazin\/hund\/rasseportrait\/deutscher-schaeferhund\/#primaryimage\"},\"image\":{\"@id\":\"https:\/\/uelzener.de\/magazin\/hund\/rasseportrait\/deutscher-schaeferhund\/#primaryimage\"},\"thumbnailUrl\":\"https:\/\/uelzener.de\/magazin\/app\/uploads\/2015\/07\/1096cde4-162e-4c1f-9b57-2ea98fba71f0.jpg\",\"datePublished\":\"2015-07-31T00:00:00+00:00\",\"dateModified\":\"2023-04-19T14:07:18+00:00\",\"description\":\"Erfahre alles zur Hunderasse Deutscher Sch\u00e4ferhund \u2713 Aussehen \u2713 Charakter \u2713 Einsatzbereiche \u2713 Erziehung \u25b6 Hier informieren!\",\"breadcrumb\":{\"@id\":\"https:\/\/uelzener.de\/magazin\/hund\/rasseportrait\/deutscher-schaeferhund\/#breadcrumb\"},\"inLanguage\":\"de\",\"potentialAction\":[{\"@type\":\"ReadAction\",\"target\":[\"https:\/\/uelzener.de\/magazin\/hund\/rasseportrait\/deutscher-schaeferhund\/\"]}]},{\"@type\":\"ImageObject\",\"inLanguage\":\"de\",\"@id\":\"https:\/\/uelzener.de\/magazin\/hund\/rasseportrait\/deutscher-schaeferhund\/#primaryimage\",\"url\":\"https:\/\/uelzener.de\/magazin\/app\/uploads\/2015\/07\/1096cde4-162e-4c1f-9b57-2ea98fba71f0.jpg\",\"contentUrl\":\"https:\/\/uelzener.de\/magazin\/app\/uploads\/2015\/07\/1096cde4-162e-4c1f-9b57-2ea98fba71f0.jpg\",\"width\":650,\"height\":432,\"caption\":\"Deutscher Sch\u00e4ferhund liegt auf dem Boden, vor einer wei\u00dfen Wand und schaut gespannt.\"},{\"@type\":\"WebSite\",\"@id\":\"https:\/\/uelzener.de\/magazin\/#website\",\"url\":\"https:\/\/uelzener.de\/magazin\/\",\"name\":\"Uelzener Tiermagazin\",\"description\":\"Online Tierratgeber der Uelzener Versicherungen\",\"publisher\":{\"@id\":\"https:\/\/uelzener.de\/magazin\/#organization\"},\"potentialAction\":[{\"@type\":\"SearchAction\",\"target\":{\"@type\":\"EntryPoint\",\"urlTemplate\":\"https:\/\/uelzener.de\/magazin\/?s={search_term_string}\"},\"query-input\":{\"@type\":\"PropertyValueSpecification\",\"valueRequired\":true,\"valueName\":\"search_term_string\"}}],\"inLanguage\":\"de\"},{\"@type\":\"Organization\",\"@id\":\"https:\/\/uelzener.de\/magazin\/#organization\",\"name\":\"Uelzener Versicherungen\",\"url\":\"https:\/\/uelzener.de\/magazin\/\",\"logo\":{\"@type\":\"ImageObject\",\"inLanguage\":\"de\",\"@id\":\"https:\/\/uelzener.de\/magazin\/#\/schema\/logo\/image\/\",\"url\":\"https:\/\/uelzener.de\/magazin\/app\/uploads\/2024\/11\/uelzener_allgemeine_versicherungsgesellschaft_a_g_logo.jpg\",\"contentUrl\":\"https:\/\/uelzener.de\/magazin\/app\/uploads\/2024\/11\/uelzener_allgemeine_versicherungsgesellschaft_a_g_logo.jpg\",\"width\":200,\"height\":200,\"caption\":\"Uelzener Versicherungen\"},\"image\":{\"@id\":\"https:\/\/uelzener.de\/magazin\/#\/schema\/logo\/image\/\"},\"sameAs\":[\"https:\/\/www.facebook.com\/Uelzener\",\"https:\/\/instagram.com\/uelzener\",\"https:\/\/www.xing.com\/pages\/uelzenerallgemeineversicherungs-gesellschafta-g\",\"https:\/\/www.youtube.com\/UelzenerVersicherungen\"]}]}<\/script>\n<!-- \/ Yoast SEO Premium plugin. -->","yoast_head_json":{"title":"Deutscher Sch\u00e4ferhund im Rasseportrait | Uelzener","description":"Erfahre alles zur Hunderasse Deutscher Sch\u00e4ferhund \u2713 Aussehen \u2713 Charakter \u2713 Einsatzbereiche \u2713 Erziehung \u25b6 Hier informieren!","robots":{"index":"index","follow":"follow","max-snippet":"max-snippet:-1","max-image-preview":"max-image-preview:large","max-video-preview":"max-video-preview:-1"},"canonical":"https:\/\/uelzener.de\/magazin\/hund\/rasseportrait\/deutscher-schaeferhund\/","og_locale":"de_DE","og_type":"article","og_title":"Deutscher Sch\u00e4ferhund: vielseitige Arbeitshunde","og_description":"Erfahre alles zur Hunderasse Deutscher Sch\u00e4ferhund \u2713 Aussehen \u2713 Charakter \u2713 Einsatzbereiche \u2713 Erziehung \u25b6 Hier informieren!","og_url":"https:\/\/uelzener.de\/magazin\/hund\/rasseportrait\/deutscher-schaeferhund\/","og_site_name":"Uelzener Tier-Magazin","article_publisher":"https:\/\/www.facebook.com\/Uelzener","article_modified_time":"2023-04-19T14:07:18+00:00","og_image":[{"width":650,"height":432,"url":"https:\/\/uelzener.de\/magazin\/app\/uploads\/2015\/07\/1096cde4-162e-4c1f-9b57-2ea98fba71f0.jpg","type":"image\/jpeg"}],"twitter_card":"summary_large_image","twitter_misc":{"Gesch\u00e4tzte Lesezeit":"2\u00a0Minuten"},"schema":{"@context":"https:\/\/schema.org","@graph":[{"@type":"WebPage","@id":"https:\/\/uelzener.de\/magazin\/hund\/rasseportrait\/deutscher-schaeferhund\/","url":"https:\/\/uelzener.de\/magazin\/hund\/rasseportrait\/deutscher-schaeferhund\/","name":"Deutscher Sch\u00e4ferhund im Rasseportrait | Uelzener","isPartOf":{"@id":"https:\/\/uelzener.de\/magazin\/#website"},"primaryImageOfPage":{"@id":"https:\/\/uelzener.de\/magazin\/hund\/rasseportrait\/deutscher-schaeferhund\/#primaryimage"},"image":{"@id":"https:\/\/uelzener.de\/magazin\/hund\/rasseportrait\/deutscher-schaeferhund\/#primaryimage"},"thumbnailUrl":"https:\/\/uelzener.de\/magazin\/app\/uploads\/2015\/07\/1096cde4-162e-4c1f-9b57-2ea98fba71f0.jpg","datePublished":"2015-07-31T00:00:00+00:00","dateModified":"2023-04-19T14:07:18+00:00","description":"Erfahre alles zur Hunderasse Deutscher Sch\u00e4ferhund \u2713 Aussehen \u2713 Charakter \u2713 Einsatzbereiche \u2713 Erziehung \u25b6 Hier informieren!","breadcrumb":{"@id":"https:\/\/uelzener.de\/magazin\/hund\/rasseportrait\/deutscher-schaeferhund\/#breadcrumb"},"inLanguage":"de","potentialAction":[{"@type":"ReadAction","target":["https:\/\/uelzener.de\/magazin\/hund\/rasseportrait\/deutscher-schaeferhund\/"]}]},{"@type":"ImageObject","inLanguage":"de","@id":"https:\/\/uelzener.de\/magazin\/hund\/rasseportrait\/deutscher-schaeferhund\/#primaryimage","url":"https:\/\/uelzener.de\/magazin\/app\/uploads\/2015\/07\/1096cde4-162e-4c1f-9b57-2ea98fba71f0.jpg","contentUrl":"https:\/\/uelzener.de\/magazin\/app\/uploads\/2015\/07\/1096cde4-162e-4c1f-9b57-2ea98fba71f0.jpg","width":650,"height":432,"caption":"Deutscher Sch\u00e4ferhund liegt auf dem Boden, vor einer wei\u00dfen Wand und schaut gespannt."},{"@type":"WebSite","@id":"https:\/\/uelzener.de\/magazin\/#website","url":"https:\/\/uelzener.de\/magazin\/","name":"Uelzener Tiermagazin","description":"Online Tierratgeber der Uelzener Versicherungen","publisher":{"@id":"https:\/\/uelzener.de\/magazin\/#organization"},"potentialAction":[{"@type":"SearchAction","target":{"@type":"EntryPoint","urlTemplate":"https:\/\/uelzener.de\/magazin\/?s={search_term_string}"},"query-input":{"@type":"PropertyValueSpecification","valueRequired":true,"valueName":"search_term_string"}}],"inLanguage":"de"},{"@type":"Organization","@id":"https:\/\/uelzener.de\/magazin\/#organization","name":"Uelzener Versicherungen","url":"https:\/\/uelzener.de\/magazin\/","logo":{"@type":"ImageObject","inLanguage":"de","@id":"https:\/\/uelzener.de\/magazin\/#\/schema\/logo\/image\/","url":"https:\/\/uelzener.de\/magazin\/app\/uploads\/2024\/11\/uelzener_allgemeine_versicherungsgesellschaft_a_g_logo.jpg","contentUrl":"https:\/\/uelzener.de\/magazin\/app\/uploads\/2024\/11\/uelzener_allgemeine_versicherungsgesellschaft_a_g_logo.jpg","width":200,"height":200,"caption":"Uelzener Versicherungen"},"image":{"@id":"https:\/\/uelzener.de\/magazin\/#\/schema\/logo\/image\/"},"sameAs":["https:\/\/www.facebook.com\/Uelzener","https:\/\/instagram.com\/uelzener","https:\/\/www.xing.com\/pages\/uelzenerallgemeineversicherungs-gesellschafta-g","https:\/\/www.youtube.com\/UelzenerVersicherungen"]}]}},"_links":{"self":[{"href":"https:\/\/uelzener.de\/magazin\/wp-json\/wp\/v2\/pages\/10043","targetHints":{"allow":["GET"]}}],"collection":[{"href":"https:\/\/uelzener.de\/magazin\/wp-json\/wp\/v2\/pages"}],"about":[{"href":"https:\/\/uelzener.de\/magazin\/wp-json\/wp\/v2\/types\/page"}],"author":[{"embeddable":true,"href":"https:\/\/uelzener.de\/magazin\/wp-json\/wp\/v2\/users\/1"}],"replies":[{"embeddable":true,"href":"https:\/\/uelzener.de\/magazin\/wp-json\/wp\/v2\/comments?post=10043"}],"version-history":[{"count":8,"href":"https:\/\/uelzener.de\/magazin\/wp-json\/wp\/v2\/pages\/10043\/revisions"}],"predecessor-version":[{"id":15352,"href":"https:\/\/uelzener.de\/magazin\/wp-json\/wp\/v2\/pages\/10043\/revisions\/15352"}],"up":[{"embeddable":true,"href":"https:\/\/uelzener.de\/magazin\/wp-json\/wp\/v2\/pages\/2475"}],"wp:featuredmedia":[{"embeddable":true,"href":"https:\/\/uelzener.de\/magazin\/wp-json\/wp\/v2\/media\/10633"}],"wp:attachment":[{"href":"https:\/\/uelzener.de\/magazin\/wp-json\/wp\/v2\/media?parent=10043"}],"curies":[{"name":"wp","href":"https:\/\/api.w.org\/{rel}","templated":true}]}}