{"id":10042,"date":"2023-02-11T07:00:00","date_gmt":"2023-02-11T06:00:00","guid":{"rendered":""},"modified":"2024-01-31T16:13:47","modified_gmt":"2024-01-31T15:13:47","slug":"trennung-mit-hund","status":"publish","type":"page","link":"https:\/\/uelzener.de\/magazin\/hund\/tipps-fuer-den-alltag\/trennung-mit-hund\/","title":{"rendered":"Wo bleibt der Hund bei Trennung?"},"content":{"rendered":"<p>Bei einer Trennung stellt sich die Frage, was mit dem gemeinsamen Hund passiert. Damit der Hund mit dieser, auch f\u00fcr ihn schwierigen Situation zurechtkommt, gibt es allerhand zu bedenken. Mit den Hinweisen aus diesem Artikel hast du eine ganz Reihe guter Anregungen, um die Trennung f\u00fcr dich und deinen Vierbeiner m\u00f6glichst gut zu gestalten.<\/p>\n<h2>Paar trennt sich: Was passiert mit dem Hund?<\/h2>\n<p>F\u00fcr viele Menschen ist der Hund ein festes Familienmitglied, das beinahe die Stelle eines eigenen Kindes einnimmt. Vor allem bei gemeinsam angeschafften Tieren ist die Entscheidung deshalb schwierig, wie es nach der Scheidung oder Trennung mit dessen Versorgung weitergehen soll.<\/p>\n<p>Bei einer Trennung mit Kindern ist es die Regel, dass der Kontakt zu beiden Elternteilen erhalten bleibt. Aber funktioniert das beim Trennungshund eigentlich genauso? Nicht ganz, denn w\u00e4hrend man Kindern ab einem gewissen Alter die Trennungssituation erkl\u00e4ren kann, muss der Hund einfach hinnehmen, dass er ein Herrchen oder Frauchen pl\u00f6tzlich nur noch ab und zu treffen kann.<\/p>\n<h2>Individuelle L\u00f6sungen<\/h2>\n<p>Wenn es darum geht, es dem Hund nach einer Trennung so angenehm wie m\u00f6glich zu machen, gibt es keine Patentrezepte. Hunde sind so unterschiedlich wie wir Menschen, und was f\u00fcr den einen funktioniert, kann f\u00fcr den anderen eine psychische Tortur darstellen. Ein paar Dinge lassen sich aber dennoch festhalten.<\/p>\n<h3>Wer ist Bezugsperson des Hundes?<\/h3>\n<p>Hatte der Hund w\u00e4hrend der Partnerschaft eine klare Bezugsperson, ist es vermutlich das Beste, ihn ganz bei dieser Person zu lassen. Aber auch Hunde, die ihre Liebe vorher gleichm\u00e4\u00dfig verteilt haben, k\u00f6nnen sich \u2013 nach einer Phase des <a href=\"https:\/\/uelzener.de\/magazin\/hund\/erziehung-und-training\/trennungsangst-hund\/\" target=\"_blank\" rel=\"noopener\">Trennungsschmerzes<\/a> \u2013 in der Regel gut auf einen Partner einstellen. Hier bietet sich derjenige an, der zuk\u00fcnftig die meiste Zeit f\u00fcr den Hund aufbringen kann.<\/p>\n<h3>Vermehrt mit Hund unternehmen<\/h3>\n<p>Da Hunde sehr sensibel f\u00fcr die Psyche ihres Menschen sind, leiden sie besonders dann, wenn der Zweibeiner selbst die Trennung nicht verschmerzt. In einer solchen Phase hilft es Mensch und Tier gleicherma\u00dfen, sich durch gemeinsame Aktivit\u00e4ten abzulenken. Wer seinen Hund langfristig allein versorgen will, sollte in der ersten Zeit au\u00dferdem vermeiden, den ehemaligen Partner zu treffen. Dies w\u00fcrde den Hund unn\u00f6tig verwirren.<\/p>\n<h3>Dogsharing<\/h3>\n<p>Komplizierter wird es in F\u00e4llen, in denen eine einseitige Betreuung nicht m\u00f6glich oder nicht gew\u00fcnscht ist. Manches Ex-Paar unternimmt den Versuch, den Hund \u201eaufzuteilen\u201c, was dazu f\u00fchrt, dass der Hund alle paar Tage oder Wochen das Zuhause wechselt. Auch wenn eine solche Situation Hunden grunds\u00e4tzlich mehr abverlangt, muss sie kein No-Go sein. Hunde sind flexibler, als wir oft meinen, und so mancher kommt mit dem Wohnungs- und Personenwechsel gut zurecht. Wichtig ist jedoch, den Hund genau zu beobachten: Wirkt er entspannt? Frisst er gut? Geht er mit beiden gerne spazieren?<\/p>\n<p>Auch die Verweildauer bei einer Person spielt in diesem Konzept eine Rolle. So vertragen manche Hunde einen Wechsel nach ein oder zwei Tagen gut, w\u00e4hrend andere gr\u00f6\u00dfere Intervalle bevorzugen.<\/p>\n<p>Hat man allerdings den Eindruck, dass der Hund \u00fcber l\u00e4ngere Zeit negativ auf die unstete Lebenssituation reagiert, sollte eine eindeutige L\u00f6sung gefunden werden \u2013 auch wenn es schwerf\u00e4llt.<\/p>\n<h3>Neues Zuhause geben (aka neue Besitzer:in)<\/h3>\n<p>Kann oder will weder die eine noch die andere Person den Hund behalten oder bleibt es kein gemeinsamer Hund nach Trennung, freut sich sicher ein anderer Hundemensch und gibt dem Vierbeiner gerne ein neues Heim. Um ein neues Zuhause f\u00fcr einen Trennungs-Hund zu finden, gibt es verschiedene M\u00f6glichkeiten.<\/p>\n<ul>\n<li>Manch ein Hund hat schon im Bekannten- und Freundeskreis seiner Menschen ein neues Zuhause gefunden. Denn viele w\u00fcnschen sich einen Hund, scheuen aber die M\u00fchen der Welpenzeit. Einen erwachsenen Hund aufzunehmen, stellt somit f\u00fcr manch eine:n Hundefreund:in die bessere Alternative dar. Es lohnt sich, im pers\u00f6nlichen Umfeld die Nachricht zu streuen: \u201eHund in liebevolles Zuhause abzugeben\u201c. Nat\u00fcrlich sollte man sorgf\u00e4ltig darauf achten, dass der geliebte Vierbeiner tats\u00e4chlich ein gutes neues Zuhause bekommt. Dass die neuen Hundehalter:innen beispielsweise gekl\u00e4rt haben, ob sie den <a href=\"https:\/\/uelzener.de\/magazin\/hund\/haltung\/zeitaufwand-hund\/\">Zeitaufwand f\u00fcr einen Hund<\/a>, aufbringen k\u00f6nnen und bereit sind, ihr Leben auf das neue Familienmitglied umzustellen. Dabei geht es beispielsweise darum, die <a href=\"https:\/\/uelzener.de\/magazin\/hund\/haltung\/wohnung-hundesicher-machen\/\">Wohnung hundesicher zu machen<\/a> oder auch darum, seine Urlaubsgewohnheiten umzustellen, weil man zuk\u00fcnftig den <a href=\"https:\/\/uelzener.de\/magazin\/hund\/tipps-fuer-den-alltag\/urlaub-mit-hund-tipps\/\">Urlaub mit Hund<\/a> verbringen wird.<\/li>\n<li>Weitere Chancen f\u00fcr ein neues Heim bieten Multiplikatoren, die mit anderen Tierliebhaber:innen in Kontakt stehen. Dazu geh\u00f6ren beispielsweise Tier\u00e4rzt:innen, Hundefreund:innen die man von Gassirunden kennt, auf dem Hundeplatz trifft oder im Hundesportverein. Die Chance, dass sich \u00fcber diese ein sch\u00f6nes Zuhause f\u00fcr den Hund finden l\u00e4sst, stehen gut. Kennen sie doch andere Hundeliebhaber:innen, die wom\u00f6glich gerade \u00fcberlegen noch einen zweiten Hund aufzunehmen oder die wiederum jemanden kennen, der sich gerade brennend f\u00fcr einen vierbeinigen Mitbewohner interessiert.<\/li>\n<li>Findet sich \u00fcber das pers\u00f6nliche Netzwerk kein neues Zuhause, stellt die Vermittlung \u00fcber ein Tierheim eine seri\u00f6se und gute M\u00f6glichkeit dar. W\u00e4hrend der Suche nach einem neuen Heim, bleibt der Hund im Idealfall noch in der vertrauten Umgebung und zieht, wenn ein neues Zuhause gefunden wurde, direkt von dort aus um. Hat man nicht die M\u00f6glichkeit, den Hund weiterhin bei sich zu behalten, kann auch eine zeitweise Unterbringung im Tierheim infrage kommen. Nimm in diesem Fall m\u00f6glichst fr\u00fchzeitig mit dem Tierheim in deiner N\u00e4he Kontakt auf und besprich, welche M\u00f6glichkeiten es in der Zusammenarbeit mit ihm gibt.<\/li>\n<\/ul>\n<h2>Fazit:<\/h2>\n<p>Bei einer Trennung leiden Mensch und Tier. Ziel f\u00fcr das Wohl des Hundes sollte es sein, Leid m\u00f6glichst zu vermeiden. Dazu sollte ein Paar das Wohl des Hundes im Blick behalten und sich bem\u00fchen, eine f\u00fcr den Hund wenig belastende L\u00f6sung zu finden. Dazu kann geh\u00f6ren, gemeinsam \u00fcber etwas Vergleichbares wie eine Art Sorgerecht oder bzw. und Umgangsrecht zu entscheiden. Auch wenn es dies bei Hunden tats\u00e4chlich, anders als bei Menschen, gar nicht gibt. Kann der Hund bei keinem der beiden Partner:innen bleiben, findet man am besten ein neues Zuhause, in dem sich der vierbeinige Freund schon bald als neues Familienmitglied wohlf\u00fchlen kann.<\/p>\n<h2>FAQ: H\u00e4ufig gestellte Fragen<\/h2>\n<h3>Wer zahlt die Versicherungen f\u00fcr den Hund bei Trennung?<\/h3>\n<p>Es gibt f\u00fcr diese Situation keine gesetzliche Regelung. Die Hunderhalter:innen m\u00fcssen sich selbst einige oder ein Gericht muss diese Frage kl\u00e4ren.<\/p>\n<h3>Wer \u00fcbernimmt restliche Kosten f\u00fcr Hund bei Trennung?<\/h3>\n<p>Auch hierf\u00fcr gibt es keine gesetzlichen Regelungen. K\u00f6nnen sich Hundehalter:innen nicht einigen, muss ein Gericht kl\u00e4ren, wer die Kosten \u00fcbernimmt. Es hilft, wenn der Eigentumsnachweis erbracht werden kann. Das Gericht betrachtet die Situation im Streitfall unterschiedlich. Je nachdem, ob das Paar verheiratet oder unverheiratet ist.<\/p>\n<h3>Hund vermisst Bezugsperson \u2013 was nun?<\/h3>\n<p>Dass ein Hund seine Bezugsperson nach einer Trennung vermisst, ist nur verst\u00e4ndlich. Hunde sind Rudeltiere. Ein Hund leidet, wenn ein wichtiges Mitglied das Rudel verl\u00e4sst. Wichtig ist jetzt, dem Hund m\u00f6glichst viel Vertrautes und Verl\u00e4sslichkeit zu geben. Das erreicht man beispielsweise, indem man dem Hund vertraute Spielsachen, Fressnapf, K\u00f6rbchen und Decke zur Verf\u00fcgung stellt. Auch die t\u00e4glichen Routinen sollten m\u00f6glichst beibehalten werden. Je mehr Vertrautes der Hund beh\u00e4lt, desto leichter kann er die Trennung verwinden.<\/p>\n","protected":false},"excerpt":{"rendered":"<p>Bei einer Trennung stellt sich die Frage, was mit dem gemeinsamen Hund passiert. Damit der Hund mit dieser, auch f\u00fcr ihn schwierigen Situation zurechtkommt, gibt es allerhand zu bedenken. Mit den Hinweisen aus diesem Artikel hast du eine ganz Reihe guter Anregungen, um die Trennung f\u00fcr dich und deinen Vierbeiner m\u00f6glichst gut zu gestalten. Paar [&hellip;]<\/p>\n","protected":false},"author":1,"featured_media":14892,"parent":11707,"menu_order":16,"comment_status":"open","ping_status":"open","template":"templates\/blog.php","meta":{"_acf_changed":false,"_crdt_document":"","footnotes":"","beyondwords_generate_audio":"0","beyondwords_project_id":"","beyondwords_content_id":"","beyondwords_preview_token":"","beyondwords_player_style":"","beyondwords_language_id":"","beyondwords_title_voice_id":"","beyondwords_body_voice_id":"","beyondwords_summary_voice_id":"","beyondwords_error_message":"","beyondwords_disabled":"","beyondwords_delete_content":"","beyondwords_podcast_id":"","beyondwords_hash":"","publish_post_to_speechkit":"","speechkit_hash":"","speechkit_generate_audio":"","speechkit_project_id":"","speechkit_podcast_id":"","speechkit_error_message":"","speechkit_disabled":"","speechkit_access_key":"","speechkit_error":"","speechkit_info":"","speechkit_response":"","speechkit_retries":"","speechkit_status":"","speechkit_updated_at":"","_speechkit_link":"","_speechkit_text":""},"class_list":["post-10042","page","type-page","status-publish","has-post-thumbnail","hentry"],"acf":[],"yoast_head":"<!-- This site is optimized with the Yoast SEO Premium plugin  - https:\/\/yoast.com\/product\/yoast-seo-premium-wordpress\/ -->\n<title>Wo bleibt der Hund bei Trennung? | Uelzener Tier-Magazin<\/title>\n<meta name=\"description\" content=\"Die Trennung f\u00fcr den Hund belastungsfrei gestalten. Tipps f\u00fcr Sorgerecht, Dogsharing oder ein neues Zuhause.\" \/>\n<meta name=\"robots\" content=\"index, follow, max-snippet:-1, max-image-preview:large, max-video-preview:-1\" \/>\n<link rel=\"canonical\" href=\"https:\/\/uelzener.de\/magazin\/hund\/tipps-fuer-den-alltag\/trennung-mit-hund\/\" \/>\n<meta property=\"og:locale\" content=\"de_DE\" \/>\n<meta property=\"og:type\" content=\"article\" \/>\n<meta property=\"og:title\" content=\"Wo bleibt der Hund bei Trennung?\" \/>\n<meta property=\"og:description\" content=\"Die Trennung f\u00fcr den Hund belastungsfrei gestalten. Tipps f\u00fcr Sorgerecht, Dogsharing oder ein neues Zuhause.\" \/>\n<meta property=\"og:url\" content=\"https:\/\/uelzener.de\/magazin\/hund\/tipps-fuer-den-alltag\/trennung-mit-hund\/\" \/>\n<meta property=\"og:site_name\" content=\"Uelzener Tier-Magazin\" \/>\n<meta property=\"article:publisher\" content=\"https:\/\/www.facebook.com\/Uelzener\" \/>\n<meta property=\"article:modified_time\" content=\"2024-01-31T15:13:47+00:00\" \/>\n<meta property=\"og:image\" content=\"https:\/\/uelzener.de\/magazin\/app\/uploads\/2023\/01\/wo-bleibt-hund-bei-trennung.jpg\" \/>\n\t<meta property=\"og:image:width\" content=\"1025\" \/>\n\t<meta property=\"og:image:height\" content=\"450\" \/>\n\t<meta property=\"og:image:type\" content=\"image\/jpeg\" \/>\n<meta name=\"twitter:card\" content=\"summary_large_image\" \/>\n<meta name=\"twitter:label1\" content=\"Gesch\u00e4tzte Lesezeit\" \/>\n\t<meta name=\"twitter:data1\" content=\"5\u00a0Minuten\" \/>\n<script type=\"application\/ld+json\" class=\"yoast-schema-graph\">{\"@context\":\"https:\/\/schema.org\",\"@graph\":[{\"@type\":\"WebPage\",\"@id\":\"https:\/\/uelzener.de\/magazin\/hund\/tipps-fuer-den-alltag\/trennung-mit-hund\/\",\"url\":\"https:\/\/uelzener.de\/magazin\/hund\/tipps-fuer-den-alltag\/trennung-mit-hund\/\",\"name\":\"Wo bleibt der Hund bei Trennung? | Uelzener Tier-Magazin\",\"isPartOf\":{\"@id\":\"https:\/\/uelzener.de\/magazin\/#website\"},\"primaryImageOfPage\":{\"@id\":\"https:\/\/uelzener.de\/magazin\/hund\/tipps-fuer-den-alltag\/trennung-mit-hund\/#primaryimage\"},\"image\":{\"@id\":\"https:\/\/uelzener.de\/magazin\/hund\/tipps-fuer-den-alltag\/trennung-mit-hund\/#primaryimage\"},\"thumbnailUrl\":\"https:\/\/uelzener.de\/magazin\/app\/uploads\/2023\/01\/wo-bleibt-hund-bei-trennung.jpg\",\"datePublished\":\"2023-02-11T06:00:00+00:00\",\"dateModified\":\"2024-01-31T15:13:47+00:00\",\"description\":\"Die Trennung f\u00fcr den Hund belastungsfrei gestalten. Tipps f\u00fcr Sorgerecht, Dogsharing oder ein neues Zuhause.\",\"breadcrumb\":{\"@id\":\"https:\/\/uelzener.de\/magazin\/hund\/tipps-fuer-den-alltag\/trennung-mit-hund\/#breadcrumb\"},\"inLanguage\":\"de\",\"potentialAction\":[{\"@type\":\"ReadAction\",\"target\":[\"https:\/\/uelzener.de\/magazin\/hund\/tipps-fuer-den-alltag\/trennung-mit-hund\/\"]}]},{\"@type\":\"ImageObject\",\"inLanguage\":\"de\",\"@id\":\"https:\/\/uelzener.de\/magazin\/hund\/tipps-fuer-den-alltag\/trennung-mit-hund\/#primaryimage\",\"url\":\"https:\/\/uelzener.de\/magazin\/app\/uploads\/2023\/01\/wo-bleibt-hund-bei-trennung.jpg\",\"contentUrl\":\"https:\/\/uelzener.de\/magazin\/app\/uploads\/2023\/01\/wo-bleibt-hund-bei-trennung.jpg\",\"width\":1025,\"height\":450,\"caption\":\"Frau alleine mit Hund am dunkelgr\u00fcnen See. Wo bleibt der Hund bei einer Trennung?\"},{\"@type\":\"WebSite\",\"@id\":\"https:\/\/uelzener.de\/magazin\/#website\",\"url\":\"https:\/\/uelzener.de\/magazin\/\",\"name\":\"Uelzener Tiermagazin\",\"description\":\"Online Tierratgeber der Uelzener Versicherungen\",\"publisher\":{\"@id\":\"https:\/\/uelzener.de\/magazin\/#organization\"},\"potentialAction\":[{\"@type\":\"SearchAction\",\"target\":{\"@type\":\"EntryPoint\",\"urlTemplate\":\"https:\/\/uelzener.de\/magazin\/?s={search_term_string}\"},\"query-input\":{\"@type\":\"PropertyValueSpecification\",\"valueRequired\":true,\"valueName\":\"search_term_string\"}}],\"inLanguage\":\"de\"},{\"@type\":\"Organization\",\"@id\":\"https:\/\/uelzener.de\/magazin\/#organization\",\"name\":\"Uelzener Versicherungen\",\"url\":\"https:\/\/uelzener.de\/magazin\/\",\"logo\":{\"@type\":\"ImageObject\",\"inLanguage\":\"de\",\"@id\":\"https:\/\/uelzener.de\/magazin\/#\/schema\/logo\/image\/\",\"url\":\"https:\/\/uelzener.de\/magazin\/app\/uploads\/2024\/11\/uelzener_allgemeine_versicherungsgesellschaft_a_g_logo.jpg\",\"contentUrl\":\"https:\/\/uelzener.de\/magazin\/app\/uploads\/2024\/11\/uelzener_allgemeine_versicherungsgesellschaft_a_g_logo.jpg\",\"width\":200,\"height\":200,\"caption\":\"Uelzener Versicherungen\"},\"image\":{\"@id\":\"https:\/\/uelzener.de\/magazin\/#\/schema\/logo\/image\/\"},\"sameAs\":[\"https:\/\/www.facebook.com\/Uelzener\",\"https:\/\/instagram.com\/uelzener\",\"https:\/\/www.xing.com\/pages\/uelzenerallgemeineversicherungs-gesellschafta-g\",\"https:\/\/www.youtube.com\/UelzenerVersicherungen\"]}]}<\/script>\n<!-- \/ Yoast SEO Premium plugin. -->","yoast_head_json":{"title":"Wo bleibt der Hund bei Trennung? | Uelzener Tier-Magazin","description":"Die Trennung f\u00fcr den Hund belastungsfrei gestalten. Tipps f\u00fcr Sorgerecht, Dogsharing oder ein neues Zuhause.","robots":{"index":"index","follow":"follow","max-snippet":"max-snippet:-1","max-image-preview":"max-image-preview:large","max-video-preview":"max-video-preview:-1"},"canonical":"https:\/\/uelzener.de\/magazin\/hund\/tipps-fuer-den-alltag\/trennung-mit-hund\/","og_locale":"de_DE","og_type":"article","og_title":"Wo bleibt der Hund bei Trennung?","og_description":"Die Trennung f\u00fcr den Hund belastungsfrei gestalten. Tipps f\u00fcr Sorgerecht, Dogsharing oder ein neues Zuhause.","og_url":"https:\/\/uelzener.de\/magazin\/hund\/tipps-fuer-den-alltag\/trennung-mit-hund\/","og_site_name":"Uelzener Tier-Magazin","article_publisher":"https:\/\/www.facebook.com\/Uelzener","article_modified_time":"2024-01-31T15:13:47+00:00","og_image":[{"width":1025,"height":450,"url":"https:\/\/uelzener.de\/magazin\/app\/uploads\/2023\/01\/wo-bleibt-hund-bei-trennung.jpg","type":"image\/jpeg"}],"twitter_card":"summary_large_image","twitter_misc":{"Gesch\u00e4tzte Lesezeit":"5\u00a0Minuten"},"schema":{"@context":"https:\/\/schema.org","@graph":[{"@type":"WebPage","@id":"https:\/\/uelzener.de\/magazin\/hund\/tipps-fuer-den-alltag\/trennung-mit-hund\/","url":"https:\/\/uelzener.de\/magazin\/hund\/tipps-fuer-den-alltag\/trennung-mit-hund\/","name":"Wo bleibt der Hund bei Trennung? | Uelzener Tier-Magazin","isPartOf":{"@id":"https:\/\/uelzener.de\/magazin\/#website"},"primaryImageOfPage":{"@id":"https:\/\/uelzener.de\/magazin\/hund\/tipps-fuer-den-alltag\/trennung-mit-hund\/#primaryimage"},"image":{"@id":"https:\/\/uelzener.de\/magazin\/hund\/tipps-fuer-den-alltag\/trennung-mit-hund\/#primaryimage"},"thumbnailUrl":"https:\/\/uelzener.de\/magazin\/app\/uploads\/2023\/01\/wo-bleibt-hund-bei-trennung.jpg","datePublished":"2023-02-11T06:00:00+00:00","dateModified":"2024-01-31T15:13:47+00:00","description":"Die Trennung f\u00fcr den Hund belastungsfrei gestalten. Tipps f\u00fcr Sorgerecht, Dogsharing oder ein neues Zuhause.","breadcrumb":{"@id":"https:\/\/uelzener.de\/magazin\/hund\/tipps-fuer-den-alltag\/trennung-mit-hund\/#breadcrumb"},"inLanguage":"de","potentialAction":[{"@type":"ReadAction","target":["https:\/\/uelzener.de\/magazin\/hund\/tipps-fuer-den-alltag\/trennung-mit-hund\/"]}]},{"@type":"ImageObject","inLanguage":"de","@id":"https:\/\/uelzener.de\/magazin\/hund\/tipps-fuer-den-alltag\/trennung-mit-hund\/#primaryimage","url":"https:\/\/uelzener.de\/magazin\/app\/uploads\/2023\/01\/wo-bleibt-hund-bei-trennung.jpg","contentUrl":"https:\/\/uelzener.de\/magazin\/app\/uploads\/2023\/01\/wo-bleibt-hund-bei-trennung.jpg","width":1025,"height":450,"caption":"Frau alleine mit Hund am dunkelgr\u00fcnen See. Wo bleibt der Hund bei einer Trennung?"},{"@type":"WebSite","@id":"https:\/\/uelzener.de\/magazin\/#website","url":"https:\/\/uelzener.de\/magazin\/","name":"Uelzener Tiermagazin","description":"Online Tierratgeber der Uelzener Versicherungen","publisher":{"@id":"https:\/\/uelzener.de\/magazin\/#organization"},"potentialAction":[{"@type":"SearchAction","target":{"@type":"EntryPoint","urlTemplate":"https:\/\/uelzener.de\/magazin\/?s={search_term_string}"},"query-input":{"@type":"PropertyValueSpecification","valueRequired":true,"valueName":"search_term_string"}}],"inLanguage":"de"},{"@type":"Organization","@id":"https:\/\/uelzener.de\/magazin\/#organization","name":"Uelzener Versicherungen","url":"https:\/\/uelzener.de\/magazin\/","logo":{"@type":"ImageObject","inLanguage":"de","@id":"https:\/\/uelzener.de\/magazin\/#\/schema\/logo\/image\/","url":"https:\/\/uelzener.de\/magazin\/app\/uploads\/2024\/11\/uelzener_allgemeine_versicherungsgesellschaft_a_g_logo.jpg","contentUrl":"https:\/\/uelzener.de\/magazin\/app\/uploads\/2024\/11\/uelzener_allgemeine_versicherungsgesellschaft_a_g_logo.jpg","width":200,"height":200,"caption":"Uelzener Versicherungen"},"image":{"@id":"https:\/\/uelzener.de\/magazin\/#\/schema\/logo\/image\/"},"sameAs":["https:\/\/www.facebook.com\/Uelzener","https:\/\/instagram.com\/uelzener","https:\/\/www.xing.com\/pages\/uelzenerallgemeineversicherungs-gesellschafta-g","https:\/\/www.youtube.com\/UelzenerVersicherungen"]}]}},"_links":{"self":[{"href":"https:\/\/uelzener.de\/magazin\/wp-json\/wp\/v2\/pages\/10042","targetHints":{"allow":["GET"]}}],"collection":[{"href":"https:\/\/uelzener.de\/magazin\/wp-json\/wp\/v2\/pages"}],"about":[{"href":"https:\/\/uelzener.de\/magazin\/wp-json\/wp\/v2\/types\/page"}],"author":[{"embeddable":true,"href":"https:\/\/uelzener.de\/magazin\/wp-json\/wp\/v2\/users\/1"}],"replies":[{"embeddable":true,"href":"https:\/\/uelzener.de\/magazin\/wp-json\/wp\/v2\/comments?post=10042"}],"version-history":[{"count":6,"href":"https:\/\/uelzener.de\/magazin\/wp-json\/wp\/v2\/pages\/10042\/revisions"}],"predecessor-version":[{"id":17019,"href":"https:\/\/uelzener.de\/magazin\/wp-json\/wp\/v2\/pages\/10042\/revisions\/17019"}],"up":[{"embeddable":true,"href":"https:\/\/uelzener.de\/magazin\/wp-json\/wp\/v2\/pages\/11707"}],"wp:featuredmedia":[{"embeddable":true,"href":"https:\/\/uelzener.de\/magazin\/wp-json\/wp\/v2\/media\/14892"}],"wp:attachment":[{"href":"https:\/\/uelzener.de\/magazin\/wp-json\/wp\/v2\/media?parent=10042"}],"curies":[{"name":"wp","href":"https:\/\/api.w.org\/{rel}","templated":true}]}}