{"id":10041,"date":"2016-05-10T00:00:00","date_gmt":"2016-05-09T22:00:00","guid":{"rendered":""},"modified":"2023-10-25T11:13:35","modified_gmt":"2023-10-25T09:13:35","slug":"welches-spielzeug-fuer-hunde","status":"publish","type":"page","link":"https:\/\/uelzener.de\/magazin\/hund\/erziehung-und-training\/welches-spielzeug-fuer-hunde\/","title":{"rendered":"Hundespielzeug: Spiel und Spa\u00df f\u00fcr Hunde"},"content":{"rendered":"<p>Genau wie wir Menschen spielen auch Hunde gerne. Dementsprechend ist die Auswahl an Hundespielzeug riesengro\u00df. Aber l\u00e4ngst nicht jedes Spielzeug ist geeignet. Denn bei Hundespielzeugen muss man zun\u00e4chst nicht nur etwas herumprobieren, bis man das Spielzeug gefunden hat, das dem Hund am meisten Spa\u00df bringt, sondern auch auf folgende Punkte achten.<\/p>\n<h2>Worauf achten beim Hundespielzeug?<\/h2>\n<p>Hundespielzeuge sollten:<\/p>\n<ul>\n<li>zur Gr\u00f6\u00dfe des Hundes passen<\/li>\n<li>ohne scharfe Kanten sein<\/li>\n<li>frei von Schadstoffen sein<\/li>\n<li>robust sein<\/li>\n<\/ul>\n<p>Vermeiden sollte man Billig-Spielzeug, da es oft Schadstoffe enth\u00e4lt oder splittert. Kleine, abgebrochene Teile k\u00f6nnen verschluckt werden oder Verletzungen im Mundraum bewirken. Gleiches gilt f\u00fcr Tennisb\u00e4lle, die die Z\u00e4hne abnutzen und oft mit Chemikalien behandelt sind. Steine sind zum Spielen komplett tabu. Auch die beliebten St\u00f6ckchen k\u00f6nnen ihre T\u00fccken haben: Spitze St\u00f6cker oder Holzsplitter k\u00f6nnen schwere Verletzungen im Mund- und Rachenraum bewirken. Zum Spielen daher m\u00f6glichst stumpfe, dicke St\u00f6cker nutzen und den Hund damit nicht allein lassen.<\/p>\n<h2>Apportieren \u00fcben mit Spielzeug<\/h2>\n<p>Stattdessen gibt es tolle Besch\u00e4ftigungsm\u00f6glichkeiten f\u00fcr Hund und Herrchen. Wer Apportieren \u00fcben m\u00f6chte, kann auf ein \u201e<strong>Apportel<\/strong>\u201c zur\u00fcckgreifen. Apportel gibt es in der schwimmf\u00e4higen Variante oder auch in Hantelform. Beachten sollte man, dass Apportieren besonders f\u00fcr Hunde geeignet ist, denen es im Blut liegt, wie beispielsweise Jagd- und Apportierhunde.<br \/>\nAndere Hunde kann man beispielsweise mit einem <strong>Ball <\/strong>prima besch\u00e4ftigen. Er sollte aus unkaputtbarem Material bestehen und zur Gr\u00f6\u00dfe des Hundes passen, damit er nicht verschluckt wird. Manche Hunde spielen auch gerne <strong>Frisbee<\/strong>. Hier sollten nicht die Frisbees f\u00fcr Menschen genommen werden, da sie zu hart sind. Weiche Hundefrisbees sind ideal, da es sonst zu schweren Verletzungen kommen kann. Leider k\u00f6nnen Unf\u00e4lle allerdings zu jeder Zeit passieren und aus dem Grund ist es allgemein ratsam, eine gute <strong>Hunde-Krankenversicherung<\/strong> abzuschlie\u00dfen.<\/p>\n\n<div class=\"banner\">\n    <a href=\"https:\/\/uelzener.de\/hund\/hunde-krankenversicherung\/?agt=0000104925&sem=true&utm_medium=magazin&utm_source=wordpress&utm_campaign=hund_kv&utm_content=banner\">\n        <img decoding=\"async\" width=\"300\" height=\"212\" src=\"https:\/\/uelzener.de\/magazin\/app\/uploads\/2025\/01\/Hunde-Kranken-Versicherung.jpg\" class=\"attachment-medium size-medium\" alt=\"Banner Hunde-Kranken-Versicherung\" \/>    <\/a>\n<\/div>\n\n<h2>Zerrspielzeug f\u00fcr Hunde<\/h2>\n<p>Sehr beliebt ist <strong>Zerrspielzeug<\/strong>: Dicke Kordeln aus Baumwolle oder Gummiringe, an denen der Hund kr\u00e4ftig zerren kann, w\u00e4hrend Herrchen am anderen Ende h\u00e4ngt. Allerdings darf das Tauziehen nicht \u00fcberhandnehmen. Neben dem eigentlichen Spiel kann man hiermit auch gut trainieren, das Spiel auf Kommando abzubrechen oder das \u201egewonnene\u201c Seil artig wieder abzugeben.<\/p>\n<h2>Futterspielzeug<\/h2>\n<p><strong>Futterspielzeug <\/strong>besteht aus einer festen H\u00fclle (Ball oder Kunststoffkegel, bzw. Kong), in die Leckerlis oder Futterpaste gef\u00fcllt werden. Der Hund ist die n\u00e4chste Zeit damit besch\u00e4ftigt, das Futter durch Schlecken oder Bewegen aus der H\u00fclle zu bekommen, muss also zus\u00e4tzlich seinen Kopf einsetzen. Es eignet sich daher prima, um Hunde in der Wohnung zu besch\u00e4ftigen. Allerdings sollte der Leckerlieinsatz dabei nicht \u00fcberhandnehmen.<\/p>\n<h2>Brauchen Welpen Spielzeuge?<\/h2>\n<p>Besonders interessant ist Spielzeug nat\u00fcrlich f\u00fcr junge Hunde. F\u00fcr Welpen eignen sich weiche Spielzeuge zum Kauen, die sich nicht zerbei\u00dfen lassen. Damit verhindert man, dass der Welpe seine ersten Kau\u00fcbungen an Schuhen oder M\u00f6beln macht. Das kann besonders bei Verwanden und Freunden unangenehm werden. Damit man allerdings auch f\u00fcr solche F\u00e4lle abgesichert ist, sollte eine <strong>Hundehalter-Haftpflicht Versicherung<\/strong> abgeschlossen werden. Verzichten sollte man auf hartes Spielzeug, Holz oder Zerrspielzeug, da mancher Welpe dabei schon Z\u00e4hne lassen musste. Nach dem <a href=\"https:\/\/uelzener.de\/magazin\/hund\/tiergesundheit\/zahnwechsel-beim-hund\/\">Zahnwechsel<\/a> (ab dem 6. Monat) k\u00f6nnen nach und nach auch andere Spielzeuge verwendet werden. Viel Spa\u00df beim Spielen!<\/p>\n\n<div class=\"banner\">\n    <a href=\"https:\/\/uelzener.de\/hund\/hunde-haftpflichtversicherung\/?agt=0000104925&sem=true&utm_medium=magazin&utm_source=wordpress&utm_campaign=hund_haf&utm_content=banner\">\n        <img decoding=\"async\" width=\"300\" height=\"212\" src=\"https:\/\/uelzener.de\/magazin\/app\/uploads\/2025\/01\/Hundehalter-Haftpflicht-Versicherung.jpg\" class=\"attachment-medium size-medium\" alt=\"Banner Hundehalter-Haftpflicht-Versicherung\" \/>    <\/a>\n<\/div>\n\n","protected":false},"excerpt":{"rendered":"<p>Genau wie wir Menschen spielen auch Hunde gerne. Dementsprechend ist die Auswahl an Hundespielzeug riesengro\u00df. Aber l\u00e4ngst nicht jedes Spielzeug ist geeignet. Denn bei Hundespielzeugen muss man zun\u00e4chst nicht nur etwas herumprobieren, bis man das Spielzeug gefunden hat, das dem Hund am meisten Spa\u00df bringt, sondern auch auf folgende Punkte achten. Worauf achten beim Hundespielzeug? [&hellip;]<\/p>\n","protected":false},"author":1,"featured_media":10631,"parent":11679,"menu_order":23,"comment_status":"closed","ping_status":"closed","template":"templates\/blog.php","meta":{"_acf_changed":false,"_crdt_document":"","footnotes":"","beyondwords_generate_audio":"0","beyondwords_project_id":"","beyondwords_content_id":"","beyondwords_preview_token":"","beyondwords_player_style":"","beyondwords_language_id":"","beyondwords_title_voice_id":"","beyondwords_body_voice_id":"","beyondwords_summary_voice_id":"","beyondwords_error_message":"","beyondwords_disabled":"","beyondwords_delete_content":"","beyondwords_podcast_id":"","beyondwords_hash":"","publish_post_to_speechkit":"","speechkit_hash":"","speechkit_generate_audio":"","speechkit_project_id":"","speechkit_podcast_id":"","speechkit_error_message":"","speechkit_disabled":"","speechkit_access_key":"","speechkit_error":"","speechkit_info":"","speechkit_response":"","speechkit_retries":"","speechkit_status":"","speechkit_updated_at":"","_speechkit_link":"","_speechkit_text":""},"class_list":["post-10041","page","type-page","status-publish","has-post-thumbnail","hentry"],"acf":[],"yoast_head":"<!-- This site is optimized with the Yoast SEO Premium plugin  - https:\/\/yoast.com\/product\/yoast-seo-premium-wordpress\/ -->\n<title>Hundespielzeug: Spiel und Spa\u00df f\u00fcr Hunde | Uelzener<\/title>\n<meta name=\"robots\" content=\"index, follow, max-snippet:-1, max-image-preview:large, max-video-preview:-1\" \/>\n<link rel=\"canonical\" href=\"https:\/\/uelzener.de\/magazin\/hund\/erziehung-und-training\/welches-spielzeug-fuer-hunde\/\" \/>\n<meta property=\"og:locale\" content=\"de_DE\" \/>\n<meta property=\"og:type\" content=\"article\" \/>\n<meta property=\"og:title\" content=\"Hundespielzeug: Spiel und Spa\u00df f\u00fcr Hunde\" \/>\n<meta property=\"og:description\" content=\"Genau wie wir Menschen spielen auch Hunde gerne. Dementsprechend ist die Auswahl an Hundespielzeug riesengro\u00df. Aber l\u00e4ngst nicht jedes Spielzeug ist geeignet. Denn bei Hundespielzeugen muss man zun\u00e4chst nicht nur etwas herumprobieren, bis man das Spielzeug gefunden hat, das dem Hund am meisten Spa\u00df bringt, sondern auch auf folgende Punkte achten. Worauf achten beim Hundespielzeug? [&hellip;]\" \/>\n<meta property=\"og:url\" content=\"https:\/\/uelzener.de\/magazin\/hund\/erziehung-und-training\/welches-spielzeug-fuer-hunde\/\" \/>\n<meta property=\"og:site_name\" content=\"Uelzener Tier-Magazin\" \/>\n<meta property=\"article:publisher\" content=\"https:\/\/www.facebook.com\/Uelzener\" \/>\n<meta property=\"article:modified_time\" content=\"2023-10-25T09:13:35+00:00\" \/>\n<meta property=\"og:image\" content=\"https:\/\/uelzener.de\/magazin\/app\/uploads\/2016\/05\/4d1f84b4-c733-438a-98f2-aeae0f3d65df.jpg\" \/>\n\t<meta property=\"og:image:width\" content=\"650\" \/>\n\t<meta property=\"og:image:height\" content=\"432\" \/>\n\t<meta property=\"og:image:type\" content=\"image\/jpeg\" \/>\n<meta name=\"twitter:card\" content=\"summary_large_image\" \/>\n<meta name=\"twitter:label1\" content=\"Gesch\u00e4tzte Lesezeit\" \/>\n\t<meta name=\"twitter:data1\" content=\"3\u00a0Minuten\" \/>\n<script type=\"application\/ld+json\" class=\"yoast-schema-graph\">{\"@context\":\"https:\/\/schema.org\",\"@graph\":[{\"@type\":\"WebPage\",\"@id\":\"https:\/\/uelzener.de\/magazin\/hund\/erziehung-und-training\/welches-spielzeug-fuer-hunde\/\",\"url\":\"https:\/\/uelzener.de\/magazin\/hund\/erziehung-und-training\/welches-spielzeug-fuer-hunde\/\",\"name\":\"Hundespielzeug: Spiel und Spa\u00df f\u00fcr Hunde | Uelzener\",\"isPartOf\":{\"@id\":\"https:\/\/uelzener.de\/magazin\/#website\"},\"primaryImageOfPage\":{\"@id\":\"https:\/\/uelzener.de\/magazin\/hund\/erziehung-und-training\/welches-spielzeug-fuer-hunde\/#primaryimage\"},\"image\":{\"@id\":\"https:\/\/uelzener.de\/magazin\/hund\/erziehung-und-training\/welches-spielzeug-fuer-hunde\/#primaryimage\"},\"thumbnailUrl\":\"https:\/\/uelzener.de\/magazin\/app\/uploads\/2016\/05\/4d1f84b4-c733-438a-98f2-aeae0f3d65df.jpg\",\"datePublished\":\"2016-05-09T22:00:00+00:00\",\"dateModified\":\"2023-10-25T09:13:35+00:00\",\"breadcrumb\":{\"@id\":\"https:\/\/uelzener.de\/magazin\/hund\/erziehung-und-training\/welches-spielzeug-fuer-hunde\/#breadcrumb\"},\"inLanguage\":\"de\",\"potentialAction\":[{\"@type\":\"ReadAction\",\"target\":[\"https:\/\/uelzener.de\/magazin\/hund\/erziehung-und-training\/welches-spielzeug-fuer-hunde\/\"]}]},{\"@type\":\"ImageObject\",\"inLanguage\":\"de\",\"@id\":\"https:\/\/uelzener.de\/magazin\/hund\/erziehung-und-training\/welches-spielzeug-fuer-hunde\/#primaryimage\",\"url\":\"https:\/\/uelzener.de\/magazin\/app\/uploads\/2016\/05\/4d1f84b4-c733-438a-98f2-aeae0f3d65df.jpg\",\"contentUrl\":\"https:\/\/uelzener.de\/magazin\/app\/uploads\/2016\/05\/4d1f84b4-c733-438a-98f2-aeae0f3d65df.jpg\",\"width\":650,\"height\":432,\"caption\":\"Ein schwarz- wei\u00dfer Welpe spielt mit seinem Spielzeug auf dem Rasen\"},{\"@type\":\"WebSite\",\"@id\":\"https:\/\/uelzener.de\/magazin\/#website\",\"url\":\"https:\/\/uelzener.de\/magazin\/\",\"name\":\"Uelzener Tiermagazin\",\"description\":\"Online Tierratgeber der Uelzener Versicherungen\",\"publisher\":{\"@id\":\"https:\/\/uelzener.de\/magazin\/#organization\"},\"potentialAction\":[{\"@type\":\"SearchAction\",\"target\":{\"@type\":\"EntryPoint\",\"urlTemplate\":\"https:\/\/uelzener.de\/magazin\/?s={search_term_string}\"},\"query-input\":{\"@type\":\"PropertyValueSpecification\",\"valueRequired\":true,\"valueName\":\"search_term_string\"}}],\"inLanguage\":\"de\"},{\"@type\":\"Organization\",\"@id\":\"https:\/\/uelzener.de\/magazin\/#organization\",\"name\":\"Uelzener Versicherungen\",\"url\":\"https:\/\/uelzener.de\/magazin\/\",\"logo\":{\"@type\":\"ImageObject\",\"inLanguage\":\"de\",\"@id\":\"https:\/\/uelzener.de\/magazin\/#\/schema\/logo\/image\/\",\"url\":\"https:\/\/uelzener.de\/magazin\/app\/uploads\/2024\/11\/uelzener_allgemeine_versicherungsgesellschaft_a_g_logo.jpg\",\"contentUrl\":\"https:\/\/uelzener.de\/magazin\/app\/uploads\/2024\/11\/uelzener_allgemeine_versicherungsgesellschaft_a_g_logo.jpg\",\"width\":200,\"height\":200,\"caption\":\"Uelzener Versicherungen\"},\"image\":{\"@id\":\"https:\/\/uelzener.de\/magazin\/#\/schema\/logo\/image\/\"},\"sameAs\":[\"https:\/\/www.facebook.com\/Uelzener\",\"https:\/\/instagram.com\/uelzener\",\"https:\/\/www.xing.com\/pages\/uelzenerallgemeineversicherungs-gesellschafta-g\",\"https:\/\/www.youtube.com\/UelzenerVersicherungen\"]}]}<\/script>\n<!-- \/ Yoast SEO Premium plugin. -->","yoast_head_json":{"title":"Hundespielzeug: Spiel und Spa\u00df f\u00fcr Hunde | Uelzener","robots":{"index":"index","follow":"follow","max-snippet":"max-snippet:-1","max-image-preview":"max-image-preview:large","max-video-preview":"max-video-preview:-1"},"canonical":"https:\/\/uelzener.de\/magazin\/hund\/erziehung-und-training\/welches-spielzeug-fuer-hunde\/","og_locale":"de_DE","og_type":"article","og_title":"Hundespielzeug: Spiel und Spa\u00df f\u00fcr Hunde","og_description":"Genau wie wir Menschen spielen auch Hunde gerne. Dementsprechend ist die Auswahl an Hundespielzeug riesengro\u00df. Aber l\u00e4ngst nicht jedes Spielzeug ist geeignet. Denn bei Hundespielzeugen muss man zun\u00e4chst nicht nur etwas herumprobieren, bis man das Spielzeug gefunden hat, das dem Hund am meisten Spa\u00df bringt, sondern auch auf folgende Punkte achten. Worauf achten beim Hundespielzeug? [&hellip;]","og_url":"https:\/\/uelzener.de\/magazin\/hund\/erziehung-und-training\/welches-spielzeug-fuer-hunde\/","og_site_name":"Uelzener Tier-Magazin","article_publisher":"https:\/\/www.facebook.com\/Uelzener","article_modified_time":"2023-10-25T09:13:35+00:00","og_image":[{"width":650,"height":432,"url":"https:\/\/uelzener.de\/magazin\/app\/uploads\/2016\/05\/4d1f84b4-c733-438a-98f2-aeae0f3d65df.jpg","type":"image\/jpeg"}],"twitter_card":"summary_large_image","twitter_misc":{"Gesch\u00e4tzte Lesezeit":"3\u00a0Minuten"},"schema":{"@context":"https:\/\/schema.org","@graph":[{"@type":"WebPage","@id":"https:\/\/uelzener.de\/magazin\/hund\/erziehung-und-training\/welches-spielzeug-fuer-hunde\/","url":"https:\/\/uelzener.de\/magazin\/hund\/erziehung-und-training\/welches-spielzeug-fuer-hunde\/","name":"Hundespielzeug: Spiel und Spa\u00df f\u00fcr Hunde | Uelzener","isPartOf":{"@id":"https:\/\/uelzener.de\/magazin\/#website"},"primaryImageOfPage":{"@id":"https:\/\/uelzener.de\/magazin\/hund\/erziehung-und-training\/welches-spielzeug-fuer-hunde\/#primaryimage"},"image":{"@id":"https:\/\/uelzener.de\/magazin\/hund\/erziehung-und-training\/welches-spielzeug-fuer-hunde\/#primaryimage"},"thumbnailUrl":"https:\/\/uelzener.de\/magazin\/app\/uploads\/2016\/05\/4d1f84b4-c733-438a-98f2-aeae0f3d65df.jpg","datePublished":"2016-05-09T22:00:00+00:00","dateModified":"2023-10-25T09:13:35+00:00","breadcrumb":{"@id":"https:\/\/uelzener.de\/magazin\/hund\/erziehung-und-training\/welches-spielzeug-fuer-hunde\/#breadcrumb"},"inLanguage":"de","potentialAction":[{"@type":"ReadAction","target":["https:\/\/uelzener.de\/magazin\/hund\/erziehung-und-training\/welches-spielzeug-fuer-hunde\/"]}]},{"@type":"ImageObject","inLanguage":"de","@id":"https:\/\/uelzener.de\/magazin\/hund\/erziehung-und-training\/welches-spielzeug-fuer-hunde\/#primaryimage","url":"https:\/\/uelzener.de\/magazin\/app\/uploads\/2016\/05\/4d1f84b4-c733-438a-98f2-aeae0f3d65df.jpg","contentUrl":"https:\/\/uelzener.de\/magazin\/app\/uploads\/2016\/05\/4d1f84b4-c733-438a-98f2-aeae0f3d65df.jpg","width":650,"height":432,"caption":"Ein schwarz- wei\u00dfer Welpe spielt mit seinem Spielzeug auf dem Rasen"},{"@type":"WebSite","@id":"https:\/\/uelzener.de\/magazin\/#website","url":"https:\/\/uelzener.de\/magazin\/","name":"Uelzener Tiermagazin","description":"Online Tierratgeber der Uelzener Versicherungen","publisher":{"@id":"https:\/\/uelzener.de\/magazin\/#organization"},"potentialAction":[{"@type":"SearchAction","target":{"@type":"EntryPoint","urlTemplate":"https:\/\/uelzener.de\/magazin\/?s={search_term_string}"},"query-input":{"@type":"PropertyValueSpecification","valueRequired":true,"valueName":"search_term_string"}}],"inLanguage":"de"},{"@type":"Organization","@id":"https:\/\/uelzener.de\/magazin\/#organization","name":"Uelzener Versicherungen","url":"https:\/\/uelzener.de\/magazin\/","logo":{"@type":"ImageObject","inLanguage":"de","@id":"https:\/\/uelzener.de\/magazin\/#\/schema\/logo\/image\/","url":"https:\/\/uelzener.de\/magazin\/app\/uploads\/2024\/11\/uelzener_allgemeine_versicherungsgesellschaft_a_g_logo.jpg","contentUrl":"https:\/\/uelzener.de\/magazin\/app\/uploads\/2024\/11\/uelzener_allgemeine_versicherungsgesellschaft_a_g_logo.jpg","width":200,"height":200,"caption":"Uelzener Versicherungen"},"image":{"@id":"https:\/\/uelzener.de\/magazin\/#\/schema\/logo\/image\/"},"sameAs":["https:\/\/www.facebook.com\/Uelzener","https:\/\/instagram.com\/uelzener","https:\/\/www.xing.com\/pages\/uelzenerallgemeineversicherungs-gesellschafta-g","https:\/\/www.youtube.com\/UelzenerVersicherungen"]}]}},"_links":{"self":[{"href":"https:\/\/uelzener.de\/magazin\/wp-json\/wp\/v2\/pages\/10041","targetHints":{"allow":["GET"]}}],"collection":[{"href":"https:\/\/uelzener.de\/magazin\/wp-json\/wp\/v2\/pages"}],"about":[{"href":"https:\/\/uelzener.de\/magazin\/wp-json\/wp\/v2\/types\/page"}],"author":[{"embeddable":true,"href":"https:\/\/uelzener.de\/magazin\/wp-json\/wp\/v2\/users\/1"}],"replies":[{"embeddable":true,"href":"https:\/\/uelzener.de\/magazin\/wp-json\/wp\/v2\/comments?post=10041"}],"version-history":[{"count":11,"href":"https:\/\/uelzener.de\/magazin\/wp-json\/wp\/v2\/pages\/10041\/revisions"}],"predecessor-version":[{"id":16483,"href":"https:\/\/uelzener.de\/magazin\/wp-json\/wp\/v2\/pages\/10041\/revisions\/16483"}],"up":[{"embeddable":true,"href":"https:\/\/uelzener.de\/magazin\/wp-json\/wp\/v2\/pages\/11679"}],"wp:featuredmedia":[{"embeddable":true,"href":"https:\/\/uelzener.de\/magazin\/wp-json\/wp\/v2\/media\/10631"}],"wp:attachment":[{"href":"https:\/\/uelzener.de\/magazin\/wp-json\/wp\/v2\/media?parent=10041"}],"curies":[{"name":"wp","href":"https:\/\/api.w.org\/{rel}","templated":true}]}}