{"id":10040,"date":"2021-06-09T00:00:00","date_gmt":"2021-06-08T22:00:00","guid":{"rendered":""},"modified":"2025-11-13T11:47:54","modified_gmt":"2025-11-13T10:47:54","slug":"hundestrand-ostsee","status":"publish","type":"page","link":"https:\/\/uelzener.de\/magazin\/hund\/tipps-fuer-den-alltag\/hundestrand-ostsee\/","title":{"rendered":"Die beliebtesten Hundestr\u00e4nde an der Ostsee"},"content":{"rendered":"<p>Strandurlaub mit Hund: Davon tr\u00e4umen Hundebesitzer:innen. Den ganzen Tag am Strand liegen, mit dem Hund schwimmen gehen, zwischendurch Ball spielen oder St\u00f6ckchen werfen. Allerdings sind Hunde nicht an jedem Strand erlaubt.<\/p>\n<p>Die Ostseeregion ist eine der sonnenreichsten Gegenden Deutschlands und bietet eine abwechslungsreiche K\u00fcste mit Steilk\u00fcsten, Lagunen, Sand- und Kiesstr\u00e4nden. Die Gezeiten merkt man an der Ostsee kaum.<\/p>\n<p>F\u00fcr Hunde und ihre Besitzer:innen gibt es in vielen Gemeinden an der Ostsee extra eingerichtete Hundestr\u00e4nde. Hier k\u00f6nnen die Hunde herumtollen, an einigen Str\u00e4nden herrscht Leinenzwang (meist wegen nahegelegener Naturschutzgebiete). Im Sommer wird an den meisten Str\u00e4nden Kurtaxe erhoben. Spender mit Hundet\u00fcten sind in der Regel vorhanden.<\/p>\n<p>Beachte beim Spazieren und <a href=\"https:\/\/uelzener.de\/magazin\/hund\/tipps-fuer-den-alltag\/wandern-mit-hund-tipps-tricks\/\">Wandern mit deinem Hund<\/a>, dass D\u00fcnen eine wichtige Funktion im K\u00fcstenschutz haben. Sie stehen unter Naturschutz, ebenso wie Salzwiesen, Wattbereiche, Lagunen und Strandseen und d\u00fcrfen au\u00dferhalb gekennzeichneter Wege nicht betreten werden.<\/p>\n<h2>Sch\u00f6ne Hundestr\u00e4nde an der Ostsee<\/h2>\n<ul>\n<li>Ostseeheilbad <strong>Zingst<\/strong> (Fischland-Dar\u00df-Zingst): An den Strandabschnitten 3a und 15b gibt es Hundestr\u00e4nde mit sch\u00f6nem, feinem Sandstrand. Gastronomie in der N\u00e4he. Es herrscht Leinenzwang, Kurtaxe f\u00fcr Hunde und ihre Besitzer:innen.<\/li>\n<li>Ostseebad <strong>Binz<\/strong> auf R\u00fcgen: Recht breiter Sandstrand, in Richtung Steilk\u00fcste mit Steinen. Hunde sind erlaubt im Bereich der Strandabschnitte 1 und 52. Kein Leinenzwang am Hundestrand. Die Strandpromenade ist in direkter Nachbarschaft. Kurtaxe f\u00fcr Mensch und Hund.<\/li>\n<li>Ostseeheilbad <strong>Boltenhagen\/Tarnewitz<\/strong>: Sch\u00f6ner, breiter Sandstrand, das Wasser ist in einem breiten Streifen recht flach. Strandk\u00f6rbe k\u00f6nnen angemietet werden, die Promenade ist mit Gastronomie und WC in Reichweite. Kein Leinenzwang am Hundestrand. Der Strand liegt zwischen den Aufg\u00e4ngen 21 und 22. Kurtaxe f\u00fcr Mensch und Hund.<\/li>\n<li>Ostseeheilbad <strong>Gr\u00f6mitz<\/strong>: N\u00f6rdlich des Hauptstrandes schlie\u00dft sich ein 1,7 km langer Hundestrand an. Hier gibt es einen breiten Sandstrand, das Wasser ist in Strandn\u00e4he flach. Strandk\u00f6rbe k\u00f6nnen gemietet werden, Gastronomie und WCs sind in der N\u00e4he. Kein Leinenzwang am Hundestrand, Kurtaxe erforderlich.<\/li>\n<li>Ostseeheilbad <strong>Scharbeutz<\/strong> OT Haffkrug: Am Strandaufgang 31 befindet sich ein kleiner Hundestrand mit sch\u00f6nem Sandstrand, wenig Steinen und flachem Wasser. Kein Leinenzwang am Hundestrand. Strandk\u00f6rbe k\u00f6nnen gemietet werden, WC und Gastronomie sind in erreichbarer N\u00e4he. Kurtaxe erforderlich.<\/li>\n<li><strong>L\u00fcbeck-Travem\u00fcnde\/Priwall<\/strong>: Breiter Sandstrand direkt an der Travem\u00fcndung mit Blick auf den Schiffsverkehr. Wenig Steine, flaches Wasser direkt am Strand. Der Hundestrand liegt am vorderen Strandabschnitt. Kein Leinenzwang auf dem Hundestrand. Kurtaxe wird erhoben.<\/li>\n<li><strong>Pottloch\/Kronsgaard<\/strong>: Der Hundestrand liegt zwischen Kronsgaard und Pottloch (zwischen Kappeln und Flensburg). Sandstrand mit feinem Sand, flachem Wasser und wenig Steinen. Kein Leinenzwang am Hundestrand, keine Kurabgabe. Strandk\u00f6rbe k\u00f6nnen angemietet werden, WCs sind vorhanden.<\/li>\n<\/ul>\n","protected":false},"excerpt":{"rendered":"<p>Strandurlaub mit Hund: Davon tr\u00e4umen Hundebesitzer:innen. Den ganzen Tag am Strand liegen, mit dem Hund schwimmen gehen, zwischendurch Ball spielen oder St\u00f6ckchen werfen. Allerdings sind Hunde nicht an jedem Strand erlaubt. Die Ostseeregion ist eine der sonnenreichsten Gegenden Deutschlands und bietet eine abwechslungsreiche K\u00fcste mit Steilk\u00fcsten, Lagunen, Sand- und Kiesstr\u00e4nden. Die Gezeiten merkt man an [&hellip;]<\/p>\n","protected":false},"author":1,"featured_media":14890,"parent":11707,"menu_order":15,"comment_status":"open","ping_status":"open","template":"templates\/blog.php","meta":{"_acf_changed":false,"_crdt_document":"","footnotes":"","beyondwords_generate_audio":"","beyondwords_project_id":"","beyondwords_content_id":"","beyondwords_preview_token":"","beyondwords_player_style":"","beyondwords_language_id":"","beyondwords_title_voice_id":"","beyondwords_body_voice_id":"","beyondwords_summary_voice_id":"","beyondwords_error_message":"","beyondwords_disabled":"","beyondwords_delete_content":"","beyondwords_podcast_id":"","beyondwords_hash":"","publish_post_to_speechkit":"","speechkit_hash":"","speechkit_generate_audio":"","speechkit_project_id":"","speechkit_podcast_id":"","speechkit_error_message":"","speechkit_disabled":"","speechkit_access_key":"","speechkit_error":"","speechkit_info":"","speechkit_response":"","speechkit_retries":"","speechkit_status":"","speechkit_updated_at":"","_speechkit_link":"","_speechkit_text":""},"class_list":["post-10040","page","type-page","status-publish","has-post-thumbnail","hentry"],"acf":[],"yoast_head":"<!-- This site is optimized with the Yoast SEO Premium plugin  - https:\/\/yoast.com\/product\/yoast-seo-premium-wordpress\/ -->\n<title>Hundestr\u00e4nde Ostsee \u2013 entdecke die sch\u00f6nsten Str\u00e4nde | Uelzener<\/title>\n<meta name=\"description\" content=\"Wir zeigen Dir die beliebtesten Hundestr\u00e4nde an der Ostsee \u2713 Gr\u00f6mitz \u2713 Zingst \u2713 Binz \u2713 Boltenhagen \u2713 uvm. \u25b6 Mehr erfahren!\" \/>\n<meta name=\"robots\" content=\"index, follow, max-snippet:-1, max-image-preview:large, max-video-preview:-1\" \/>\n<link rel=\"canonical\" href=\"https:\/\/uelzener.de\/magazin\/hund\/tipps-fuer-den-alltag\/hundestrand-ostsee\/\" \/>\n<meta property=\"og:locale\" content=\"de_DE\" \/>\n<meta property=\"og:type\" content=\"article\" \/>\n<meta property=\"og:title\" content=\"Die beliebtesten Hundestr\u00e4nde an der Ostsee\" \/>\n<meta property=\"og:description\" content=\"Wir zeigen Dir die beliebtesten Hundestr\u00e4nde an der Ostsee \u2713 Gr\u00f6mitz \u2713 Zingst \u2713 Binz \u2713 Boltenhagen \u2713 uvm. \u25b6 Mehr erfahren!\" \/>\n<meta property=\"og:url\" content=\"https:\/\/uelzener.de\/magazin\/hund\/tipps-fuer-den-alltag\/hundestrand-ostsee\/\" \/>\n<meta property=\"og:site_name\" content=\"Uelzener Tier-Magazin\" \/>\n<meta property=\"article:publisher\" content=\"https:\/\/www.facebook.com\/Uelzener\" \/>\n<meta property=\"article:modified_time\" content=\"2025-11-13T10:47:54+00:00\" \/>\n<meta property=\"og:image\" content=\"https:\/\/uelzener.de\/magazin\/app\/uploads\/2023\/01\/beste-hundestraende.jpg\" \/>\n\t<meta property=\"og:image:width\" content=\"1025\" \/>\n\t<meta property=\"og:image:height\" content=\"450\" \/>\n\t<meta property=\"og:image:type\" content=\"image\/jpeg\" \/>\n<meta name=\"twitter:card\" content=\"summary_large_image\" \/>\n<meta name=\"twitter:label1\" content=\"Gesch\u00e4tzte Lesezeit\" \/>\n\t<meta name=\"twitter:data1\" content=\"3\u00a0Minuten\" \/>\n<script type=\"application\/ld+json\" class=\"yoast-schema-graph\">{\"@context\":\"https:\/\/schema.org\",\"@graph\":[{\"@type\":\"WebPage\",\"@id\":\"https:\/\/uelzener.de\/magazin\/hund\/tipps-fuer-den-alltag\/hundestrand-ostsee\/\",\"url\":\"https:\/\/uelzener.de\/magazin\/hund\/tipps-fuer-den-alltag\/hundestrand-ostsee\/\",\"name\":\"Hundestr\u00e4nde Ostsee \u2013 entdecke die sch\u00f6nsten Str\u00e4nde | Uelzener\",\"isPartOf\":{\"@id\":\"https:\/\/uelzener.de\/magazin\/#website\"},\"primaryImageOfPage\":{\"@id\":\"https:\/\/uelzener.de\/magazin\/hund\/tipps-fuer-den-alltag\/hundestrand-ostsee\/#primaryimage\"},\"image\":{\"@id\":\"https:\/\/uelzener.de\/magazin\/hund\/tipps-fuer-den-alltag\/hundestrand-ostsee\/#primaryimage\"},\"thumbnailUrl\":\"https:\/\/uelzener.de\/magazin\/app\/uploads\/2023\/01\/beste-hundestraende.jpg\",\"datePublished\":\"2021-06-08T22:00:00+00:00\",\"dateModified\":\"2025-11-13T10:47:54+00:00\",\"description\":\"Wir zeigen Dir die beliebtesten Hundestr\u00e4nde an der Ostsee \u2713 Gr\u00f6mitz \u2713 Zingst \u2713 Binz \u2713 Boltenhagen \u2713 uvm. \u25b6 Mehr erfahren!\",\"breadcrumb\":{\"@id\":\"https:\/\/uelzener.de\/magazin\/hund\/tipps-fuer-den-alltag\/hundestrand-ostsee\/#breadcrumb\"},\"inLanguage\":\"de\",\"potentialAction\":[{\"@type\":\"ReadAction\",\"target\":[\"https:\/\/uelzener.de\/magazin\/hund\/tipps-fuer-den-alltag\/hundestrand-ostsee\/\"]}]},{\"@type\":\"ImageObject\",\"inLanguage\":\"de\",\"@id\":\"https:\/\/uelzener.de\/magazin\/hund\/tipps-fuer-den-alltag\/hundestrand-ostsee\/#primaryimage\",\"url\":\"https:\/\/uelzener.de\/magazin\/app\/uploads\/2023\/01\/beste-hundestraende.jpg\",\"contentUrl\":\"https:\/\/uelzener.de\/magazin\/app\/uploads\/2023\/01\/beste-hundestraende.jpg\",\"width\":1025,\"height\":450,\"caption\":\"Wo sind die besten Hundestr\u00e4nde an der Ostsee?\"},{\"@type\":\"WebSite\",\"@id\":\"https:\/\/uelzener.de\/magazin\/#website\",\"url\":\"https:\/\/uelzener.de\/magazin\/\",\"name\":\"Uelzener Tiermagazin\",\"description\":\"Online Tierratgeber der Uelzener Versicherungen\",\"publisher\":{\"@id\":\"https:\/\/uelzener.de\/magazin\/#organization\"},\"potentialAction\":[{\"@type\":\"SearchAction\",\"target\":{\"@type\":\"EntryPoint\",\"urlTemplate\":\"https:\/\/uelzener.de\/magazin\/?s={search_term_string}\"},\"query-input\":{\"@type\":\"PropertyValueSpecification\",\"valueRequired\":true,\"valueName\":\"search_term_string\"}}],\"inLanguage\":\"de\"},{\"@type\":\"Organization\",\"@id\":\"https:\/\/uelzener.de\/magazin\/#organization\",\"name\":\"Uelzener Versicherungen\",\"url\":\"https:\/\/uelzener.de\/magazin\/\",\"logo\":{\"@type\":\"ImageObject\",\"inLanguage\":\"de\",\"@id\":\"https:\/\/uelzener.de\/magazin\/#\/schema\/logo\/image\/\",\"url\":\"https:\/\/uelzener.de\/magazin\/app\/uploads\/2024\/11\/uelzener_allgemeine_versicherungsgesellschaft_a_g_logo.jpg\",\"contentUrl\":\"https:\/\/uelzener.de\/magazin\/app\/uploads\/2024\/11\/uelzener_allgemeine_versicherungsgesellschaft_a_g_logo.jpg\",\"width\":200,\"height\":200,\"caption\":\"Uelzener Versicherungen\"},\"image\":{\"@id\":\"https:\/\/uelzener.de\/magazin\/#\/schema\/logo\/image\/\"},\"sameAs\":[\"https:\/\/www.facebook.com\/Uelzener\",\"https:\/\/instagram.com\/uelzener\",\"https:\/\/www.xing.com\/pages\/uelzenerallgemeineversicherungs-gesellschafta-g\",\"https:\/\/www.youtube.com\/UelzenerVersicherungen\"]}]}<\/script>\n<!-- \/ Yoast SEO Premium plugin. -->","yoast_head_json":{"title":"Hundestr\u00e4nde Ostsee \u2013 entdecke die sch\u00f6nsten Str\u00e4nde | Uelzener","description":"Wir zeigen Dir die beliebtesten Hundestr\u00e4nde an der Ostsee \u2713 Gr\u00f6mitz \u2713 Zingst \u2713 Binz \u2713 Boltenhagen \u2713 uvm. \u25b6 Mehr erfahren!","robots":{"index":"index","follow":"follow","max-snippet":"max-snippet:-1","max-image-preview":"max-image-preview:large","max-video-preview":"max-video-preview:-1"},"canonical":"https:\/\/uelzener.de\/magazin\/hund\/tipps-fuer-den-alltag\/hundestrand-ostsee\/","og_locale":"de_DE","og_type":"article","og_title":"Die beliebtesten Hundestr\u00e4nde an der Ostsee","og_description":"Wir zeigen Dir die beliebtesten Hundestr\u00e4nde an der Ostsee \u2713 Gr\u00f6mitz \u2713 Zingst \u2713 Binz \u2713 Boltenhagen \u2713 uvm. \u25b6 Mehr erfahren!","og_url":"https:\/\/uelzener.de\/magazin\/hund\/tipps-fuer-den-alltag\/hundestrand-ostsee\/","og_site_name":"Uelzener Tier-Magazin","article_publisher":"https:\/\/www.facebook.com\/Uelzener","article_modified_time":"2025-11-13T10:47:54+00:00","og_image":[{"width":1025,"height":450,"url":"https:\/\/uelzener.de\/magazin\/app\/uploads\/2023\/01\/beste-hundestraende.jpg","type":"image\/jpeg"}],"twitter_card":"summary_large_image","twitter_misc":{"Gesch\u00e4tzte Lesezeit":"3\u00a0Minuten"},"schema":{"@context":"https:\/\/schema.org","@graph":[{"@type":"WebPage","@id":"https:\/\/uelzener.de\/magazin\/hund\/tipps-fuer-den-alltag\/hundestrand-ostsee\/","url":"https:\/\/uelzener.de\/magazin\/hund\/tipps-fuer-den-alltag\/hundestrand-ostsee\/","name":"Hundestr\u00e4nde Ostsee \u2013 entdecke die sch\u00f6nsten Str\u00e4nde | Uelzener","isPartOf":{"@id":"https:\/\/uelzener.de\/magazin\/#website"},"primaryImageOfPage":{"@id":"https:\/\/uelzener.de\/magazin\/hund\/tipps-fuer-den-alltag\/hundestrand-ostsee\/#primaryimage"},"image":{"@id":"https:\/\/uelzener.de\/magazin\/hund\/tipps-fuer-den-alltag\/hundestrand-ostsee\/#primaryimage"},"thumbnailUrl":"https:\/\/uelzener.de\/magazin\/app\/uploads\/2023\/01\/beste-hundestraende.jpg","datePublished":"2021-06-08T22:00:00+00:00","dateModified":"2025-11-13T10:47:54+00:00","description":"Wir zeigen Dir die beliebtesten Hundestr\u00e4nde an der Ostsee \u2713 Gr\u00f6mitz \u2713 Zingst \u2713 Binz \u2713 Boltenhagen \u2713 uvm. \u25b6 Mehr erfahren!","breadcrumb":{"@id":"https:\/\/uelzener.de\/magazin\/hund\/tipps-fuer-den-alltag\/hundestrand-ostsee\/#breadcrumb"},"inLanguage":"de","potentialAction":[{"@type":"ReadAction","target":["https:\/\/uelzener.de\/magazin\/hund\/tipps-fuer-den-alltag\/hundestrand-ostsee\/"]}]},{"@type":"ImageObject","inLanguage":"de","@id":"https:\/\/uelzener.de\/magazin\/hund\/tipps-fuer-den-alltag\/hundestrand-ostsee\/#primaryimage","url":"https:\/\/uelzener.de\/magazin\/app\/uploads\/2023\/01\/beste-hundestraende.jpg","contentUrl":"https:\/\/uelzener.de\/magazin\/app\/uploads\/2023\/01\/beste-hundestraende.jpg","width":1025,"height":450,"caption":"Wo sind die besten Hundestr\u00e4nde an der Ostsee?"},{"@type":"WebSite","@id":"https:\/\/uelzener.de\/magazin\/#website","url":"https:\/\/uelzener.de\/magazin\/","name":"Uelzener Tiermagazin","description":"Online Tierratgeber der Uelzener Versicherungen","publisher":{"@id":"https:\/\/uelzener.de\/magazin\/#organization"},"potentialAction":[{"@type":"SearchAction","target":{"@type":"EntryPoint","urlTemplate":"https:\/\/uelzener.de\/magazin\/?s={search_term_string}"},"query-input":{"@type":"PropertyValueSpecification","valueRequired":true,"valueName":"search_term_string"}}],"inLanguage":"de"},{"@type":"Organization","@id":"https:\/\/uelzener.de\/magazin\/#organization","name":"Uelzener Versicherungen","url":"https:\/\/uelzener.de\/magazin\/","logo":{"@type":"ImageObject","inLanguage":"de","@id":"https:\/\/uelzener.de\/magazin\/#\/schema\/logo\/image\/","url":"https:\/\/uelzener.de\/magazin\/app\/uploads\/2024\/11\/uelzener_allgemeine_versicherungsgesellschaft_a_g_logo.jpg","contentUrl":"https:\/\/uelzener.de\/magazin\/app\/uploads\/2024\/11\/uelzener_allgemeine_versicherungsgesellschaft_a_g_logo.jpg","width":200,"height":200,"caption":"Uelzener Versicherungen"},"image":{"@id":"https:\/\/uelzener.de\/magazin\/#\/schema\/logo\/image\/"},"sameAs":["https:\/\/www.facebook.com\/Uelzener","https:\/\/instagram.com\/uelzener","https:\/\/www.xing.com\/pages\/uelzenerallgemeineversicherungs-gesellschafta-g","https:\/\/www.youtube.com\/UelzenerVersicherungen"]}]}},"_links":{"self":[{"href":"https:\/\/uelzener.de\/magazin\/wp-json\/wp\/v2\/pages\/10040","targetHints":{"allow":["GET"]}}],"collection":[{"href":"https:\/\/uelzener.de\/magazin\/wp-json\/wp\/v2\/pages"}],"about":[{"href":"https:\/\/uelzener.de\/magazin\/wp-json\/wp\/v2\/types\/page"}],"author":[{"embeddable":true,"href":"https:\/\/uelzener.de\/magazin\/wp-json\/wp\/v2\/users\/1"}],"replies":[{"embeddable":true,"href":"https:\/\/uelzener.de\/magazin\/wp-json\/wp\/v2\/comments?post=10040"}],"version-history":[{"count":9,"href":"https:\/\/uelzener.de\/magazin\/wp-json\/wp\/v2\/pages\/10040\/revisions"}],"predecessor-version":[{"id":19494,"href":"https:\/\/uelzener.de\/magazin\/wp-json\/wp\/v2\/pages\/10040\/revisions\/19494"}],"up":[{"embeddable":true,"href":"https:\/\/uelzener.de\/magazin\/wp-json\/wp\/v2\/pages\/11707"}],"wp:featuredmedia":[{"embeddable":true,"href":"https:\/\/uelzener.de\/magazin\/wp-json\/wp\/v2\/media\/14890"}],"wp:attachment":[{"href":"https:\/\/uelzener.de\/magazin\/wp-json\/wp\/v2\/media?parent=10040"}],"curies":[{"name":"wp","href":"https:\/\/api.w.org\/{rel}","templated":true}]}}