{"id":10039,"date":"2016-05-31T00:00:00","date_gmt":"2016-05-31T00:00:00","guid":{"rendered":""},"modified":"2025-11-13T11:43:21","modified_gmt":"2025-11-13T10:43:21","slug":"hundestrand-nordsee","status":"publish","type":"page","link":"https:\/\/uelzener.de\/magazin\/hund\/tipps-fuer-den-alltag\/hundestrand-nordsee\/","title":{"rendered":"Die beliebtesten Hundestr\u00e4nde an der Nordsee"},"content":{"rendered":"<p><strong>Im Gegensatz zur Ostsee hat man an der Nordsee deutlich sichtbare Gezeiten, die man immer im Blick haben sollte. Auch an der Nordsee stehen D\u00fcnen, Salzwiesen und Watten unter Naturschutz. Im Nationalpark Wattenmeer gilt generell Leinenpflicht, ebenso wie auf Deichen. Oftmals sind Hunde auf den Deichen ganz verboten (Schutz der Deichschafe). Somit sind an gro\u00dfen Teilen der Nordseek\u00fcste zum Schutz der Natur Hunde an der Leine zu f\u00fchren.<\/strong><\/p>\n<p>An den Hundestr\u00e4nden gibt es Hundet\u00fctenspender und Papierk\u00f6rbe zur Entsorgung. Das Liegenlassen von Hundekot und das Nichtbefolgen der Anleinpflicht k\u00f6nnen mit Bu\u00dfgeld geahndet werden. W\u00e4hrend der Saison (meist 1. April bis 31. Oktober) d\u00fcrfen Hunde in der Regel die Badestr\u00e4nde nicht betreten. Genauere Informationen gibt es vor Ort.<\/p>\n<p>Sch\u00f6ne Hundestr\u00e4nde an der Nordsee findet man beispielsweise im<\/p>\n<p>Nordseeheilbad <strong>St. Peter Ording<\/strong>: Wer kennt ihn nicht, den riesigen Sandstrand in Ording. Ein Hundestrand ist ausgewiesen, es gilt Leinenpflicht, ebenso wie an den vier anderen Badestellen. Gastronomie und WCs sind in den Pfahlbauten zu finden. Strandk\u00f6rbe k\u00f6nnen gemietet werden. Kurtaxe wird erhoben.<\/p>\n<p>Nordseeheilbad <strong>Cuxhaven\/Sahlenburg<\/strong>: Breiter, feiner Sandstrand\/Watt, mit flachem Wasser. Gastronomie und WCs in der N\u00e4he. Hundedusche und Trinkwasser f\u00fcr Hunde vorhanden. Leinenpflicht. Kurtaxe wird verlangt.<\/p>\n<p>Nordseeheilbad <strong>Norden-Norddeich<\/strong>: Gro\u00dfer Sandstrand am westlichen Strandabschnitt (etwa zwei Hektar). Standk\u00f6rbe k\u00f6nnen gemietet werden. Gastronomie und WCs in der N\u00e4he. Keine Kurtaxe f\u00fcr den Hundestrand. Kein Leinenzwang am Hundestrand.<\/p>\n<p>Nordseeheilbad <strong>Juist<\/strong>: Zwei Hundestr\u00e4nde gibt es auf der sch\u00f6nsten Sandbank der Nordsee, einen an der Dom\u00e4ne Loog und einen am Strandabgang Goldfischteiche. Generell gilt Leinenpflicht. Kurtaxe wird erhoben.<\/p>\n<p>Nordseeheilbad <strong>Borkum<\/strong>: Hier gibt es gleich drei Hundestr\u00e4nde, einen am Nordbad, einen am S\u00fcdbad und einen zwischen FKK-Strand und dem Jugendbad. Genereller Leinenzwang. Strandk\u00f6rbe k\u00f6nnen am Nord- und S\u00fcdbad gemietet werden. Gastronomie und WCs in der N\u00e4he. Kurtaxe wird erhoben.<\/p>\n<p>Nordseebad <strong>Rantum (Sylt)<\/strong>: F\u00fcnf ausgewiesene Hundestr\u00e4nde kann man allein im Bereich Rantum besuchen. Strandabschnitt Nord 15 (Campingplatz) und S\u00fcd 5 (Henning-Rinken-Wai) sowie an den FKK-Str\u00e4nden S\u00fcd 9 Tandjem Deel, Samoa und Sansibar. Kein Leinenzwang an den Hundestr\u00e4nden. Strandk\u00f6rbe k\u00f6nnen gemietet werden, Gastronomie und WCs sind in der N\u00e4he. Kurtaxe wird erhoben.<\/p>\n<p>Apropos Camping: Hier im Magazin verraten wir euch auch die sch\u00f6nsten <a href=\"https:\/\/uelzener.de\/magazin\/hund\/tipps-fuer-den-alltag\/camping-mit-hund\/\" target=\"_blank\" rel=\"noopener\">Camping-Pl\u00e4tze f\u00fcr dich und deinen Hund<\/a> (Stand 2024).<\/p>\n<p>Nordseeheilbad <strong>Norddorf (Amrum)<\/strong>: Auf dem sch\u00f6nen, breiten Sandstrand gibt es n\u00f6rdlich des Badestrandes einen Hundestrand. WCs und Gastronomie sind in der N\u00e4he. Strandk\u00f6rbe k\u00f6nnen gemietet werden. Kurtaxe wird erhoben. Zwei weitere Hundestr\u00e4nde gibt es auf Amrum bei Nebel\/S\u00fcddorf und bei Wittd\u00fcn. Auf Amrum herrscht wegen der vielen br\u00fctenden V\u00f6gel generell Leinenpflicht, auch auf den Hundestr\u00e4nden.<\/p>\n<p>Alle Angaben ohne Gew\u00e4hr.<\/p>\n","protected":false},"excerpt":{"rendered":"<p>Im Gegensatz zur Ostsee hat man an der Nordsee deutlich sichtbare Gezeiten, die man immer im Blick haben sollte. Auch an der Nordsee stehen D\u00fcnen, Salzwiesen und Watten unter Naturschutz. Im Nationalpark Wattenmeer gilt generell Leinenpflicht, ebenso wie auf Deichen. Oftmals sind Hunde auf den Deichen ganz verboten (Schutz der Deichschafe). Somit sind an gro\u00dfen [&hellip;]<\/p>\n","protected":false},"author":1,"featured_media":10629,"parent":11707,"menu_order":14,"comment_status":"open","ping_status":"open","template":"templates\/blog.php","meta":{"_acf_changed":false,"_crdt_document":"","footnotes":"","beyondwords_generate_audio":"","beyondwords_project_id":"","beyondwords_content_id":"","beyondwords_preview_token":"","beyondwords_player_style":"","beyondwords_language_id":"","beyondwords_title_voice_id":"","beyondwords_body_voice_id":"","beyondwords_summary_voice_id":"","beyondwords_error_message":"","beyondwords_disabled":"","beyondwords_delete_content":"","beyondwords_podcast_id":"","beyondwords_hash":"","publish_post_to_speechkit":"","speechkit_hash":"","speechkit_generate_audio":"","speechkit_project_id":"","speechkit_podcast_id":"","speechkit_error_message":"","speechkit_disabled":"","speechkit_access_key":"","speechkit_error":"","speechkit_info":"","speechkit_response":"","speechkit_retries":"","speechkit_status":"","speechkit_updated_at":"","_speechkit_link":"","_speechkit_text":""},"class_list":["post-10039","page","type-page","status-publish","has-post-thumbnail","hentry"],"acf":[],"yoast_head":"<!-- This site is optimized with the Yoast SEO Premium plugin  - https:\/\/yoast.com\/product\/yoast-seo-premium-wordpress\/ -->\n<title>Hundestr\u00e4nde Nordsee \u2013 entdecke die sch\u00f6nsten Str\u00e4nde | Uelzener<\/title>\n<meta name=\"description\" content=\"Wir zeigen Dir die beliebtesten Hundestr\u00e4nde an der Nordsee \u2713 Norddeich \u2713 Cuxhaven \u2713 Sylt \u2713 Borkum \u2713 uvm. \u25b6 Mehr erfahren!\" \/>\n<meta name=\"robots\" content=\"index, follow, max-snippet:-1, max-image-preview:large, max-video-preview:-1\" \/>\n<link rel=\"canonical\" href=\"https:\/\/uelzener.de\/magazin\/hund\/tipps-fuer-den-alltag\/hundestrand-nordsee\/\" \/>\n<meta property=\"og:locale\" content=\"de_DE\" \/>\n<meta property=\"og:type\" content=\"article\" \/>\n<meta property=\"og:title\" content=\"Die beliebtesten Hundestr\u00e4nde an der Nordsee\" \/>\n<meta property=\"og:description\" content=\"Wir zeigen Dir die beliebtesten Hundestr\u00e4nde an der Nordsee \u2713 Norddeich \u2713 Cuxhaven \u2713 Sylt \u2713 Borkum \u2713 uvm. \u25b6 Mehr erfahren!\" \/>\n<meta property=\"og:url\" content=\"https:\/\/uelzener.de\/magazin\/hund\/tipps-fuer-den-alltag\/hundestrand-nordsee\/\" \/>\n<meta property=\"og:site_name\" content=\"Uelzener Tier-Magazin\" \/>\n<meta property=\"article:publisher\" content=\"https:\/\/www.facebook.com\/Uelzener\" \/>\n<meta property=\"article:modified_time\" content=\"2025-11-13T10:43:21+00:00\" \/>\n<meta property=\"og:image\" content=\"https:\/\/uelzener.de\/magazin\/app\/uploads\/2016\/05\/41251b04-656a-4858-b359-ba86fcea2640.jpg\" \/>\n\t<meta property=\"og:image:width\" content=\"650\" \/>\n\t<meta property=\"og:image:height\" content=\"432\" \/>\n\t<meta property=\"og:image:type\" content=\"image\/jpeg\" \/>\n<meta name=\"twitter:card\" content=\"summary_large_image\" \/>\n<meta name=\"twitter:label1\" content=\"Gesch\u00e4tzte Lesezeit\" \/>\n\t<meta name=\"twitter:data1\" content=\"3\u00a0Minuten\" \/>\n<script type=\"application\/ld+json\" class=\"yoast-schema-graph\">{\"@context\":\"https:\/\/schema.org\",\"@graph\":[{\"@type\":\"WebPage\",\"@id\":\"https:\/\/uelzener.de\/magazin\/hund\/tipps-fuer-den-alltag\/hundestrand-nordsee\/\",\"url\":\"https:\/\/uelzener.de\/magazin\/hund\/tipps-fuer-den-alltag\/hundestrand-nordsee\/\",\"name\":\"Hundestr\u00e4nde Nordsee \u2013 entdecke die sch\u00f6nsten Str\u00e4nde | Uelzener\",\"isPartOf\":{\"@id\":\"https:\/\/uelzener.de\/magazin\/#website\"},\"primaryImageOfPage\":{\"@id\":\"https:\/\/uelzener.de\/magazin\/hund\/tipps-fuer-den-alltag\/hundestrand-nordsee\/#primaryimage\"},\"image\":{\"@id\":\"https:\/\/uelzener.de\/magazin\/hund\/tipps-fuer-den-alltag\/hundestrand-nordsee\/#primaryimage\"},\"thumbnailUrl\":\"https:\/\/uelzener.de\/magazin\/app\/uploads\/2016\/05\/41251b04-656a-4858-b359-ba86fcea2640.jpg\",\"datePublished\":\"2016-05-31T00:00:00+00:00\",\"dateModified\":\"2025-11-13T10:43:21+00:00\",\"description\":\"Wir zeigen Dir die beliebtesten Hundestr\u00e4nde an der Nordsee \u2713 Norddeich \u2713 Cuxhaven \u2713 Sylt \u2713 Borkum \u2713 uvm. \u25b6 Mehr erfahren!\",\"breadcrumb\":{\"@id\":\"https:\/\/uelzener.de\/magazin\/hund\/tipps-fuer-den-alltag\/hundestrand-nordsee\/#breadcrumb\"},\"inLanguage\":\"de\",\"potentialAction\":[{\"@type\":\"ReadAction\",\"target\":[\"https:\/\/uelzener.de\/magazin\/hund\/tipps-fuer-den-alltag\/hundestrand-nordsee\/\"]}]},{\"@type\":\"ImageObject\",\"inLanguage\":\"de\",\"@id\":\"https:\/\/uelzener.de\/magazin\/hund\/tipps-fuer-den-alltag\/hundestrand-nordsee\/#primaryimage\",\"url\":\"https:\/\/uelzener.de\/magazin\/app\/uploads\/2016\/05\/41251b04-656a-4858-b359-ba86fcea2640.jpg\",\"contentUrl\":\"https:\/\/uelzener.de\/magazin\/app\/uploads\/2016\/05\/41251b04-656a-4858-b359-ba86fcea2640.jpg\",\"width\":650,\"height\":432,\"caption\":\"Gro\u00dfer Hund steht im Wattenmeer, er genie\u00dft seinen Urlaub an einem der Hundestr\u00e4nde der Nordsee.\"},{\"@type\":\"WebSite\",\"@id\":\"https:\/\/uelzener.de\/magazin\/#website\",\"url\":\"https:\/\/uelzener.de\/magazin\/\",\"name\":\"Uelzener Tiermagazin\",\"description\":\"Online Tierratgeber der Uelzener Versicherungen\",\"publisher\":{\"@id\":\"https:\/\/uelzener.de\/magazin\/#organization\"},\"potentialAction\":[{\"@type\":\"SearchAction\",\"target\":{\"@type\":\"EntryPoint\",\"urlTemplate\":\"https:\/\/uelzener.de\/magazin\/?s={search_term_string}\"},\"query-input\":{\"@type\":\"PropertyValueSpecification\",\"valueRequired\":true,\"valueName\":\"search_term_string\"}}],\"inLanguage\":\"de\"},{\"@type\":\"Organization\",\"@id\":\"https:\/\/uelzener.de\/magazin\/#organization\",\"name\":\"Uelzener Versicherungen\",\"url\":\"https:\/\/uelzener.de\/magazin\/\",\"logo\":{\"@type\":\"ImageObject\",\"inLanguage\":\"de\",\"@id\":\"https:\/\/uelzener.de\/magazin\/#\/schema\/logo\/image\/\",\"url\":\"https:\/\/uelzener.de\/magazin\/app\/uploads\/2024\/11\/uelzener_allgemeine_versicherungsgesellschaft_a_g_logo.jpg\",\"contentUrl\":\"https:\/\/uelzener.de\/magazin\/app\/uploads\/2024\/11\/uelzener_allgemeine_versicherungsgesellschaft_a_g_logo.jpg\",\"width\":200,\"height\":200,\"caption\":\"Uelzener Versicherungen\"},\"image\":{\"@id\":\"https:\/\/uelzener.de\/magazin\/#\/schema\/logo\/image\/\"},\"sameAs\":[\"https:\/\/www.facebook.com\/Uelzener\",\"https:\/\/instagram.com\/uelzener\",\"https:\/\/www.xing.com\/pages\/uelzenerallgemeineversicherungs-gesellschafta-g\",\"https:\/\/www.youtube.com\/UelzenerVersicherungen\"]}]}<\/script>\n<!-- \/ Yoast SEO Premium plugin. -->","yoast_head_json":{"title":"Hundestr\u00e4nde Nordsee \u2013 entdecke die sch\u00f6nsten Str\u00e4nde | Uelzener","description":"Wir zeigen Dir die beliebtesten Hundestr\u00e4nde an der Nordsee \u2713 Norddeich \u2713 Cuxhaven \u2713 Sylt \u2713 Borkum \u2713 uvm. \u25b6 Mehr erfahren!","robots":{"index":"index","follow":"follow","max-snippet":"max-snippet:-1","max-image-preview":"max-image-preview:large","max-video-preview":"max-video-preview:-1"},"canonical":"https:\/\/uelzener.de\/magazin\/hund\/tipps-fuer-den-alltag\/hundestrand-nordsee\/","og_locale":"de_DE","og_type":"article","og_title":"Die beliebtesten Hundestr\u00e4nde an der Nordsee","og_description":"Wir zeigen Dir die beliebtesten Hundestr\u00e4nde an der Nordsee \u2713 Norddeich \u2713 Cuxhaven \u2713 Sylt \u2713 Borkum \u2713 uvm. \u25b6 Mehr erfahren!","og_url":"https:\/\/uelzener.de\/magazin\/hund\/tipps-fuer-den-alltag\/hundestrand-nordsee\/","og_site_name":"Uelzener Tier-Magazin","article_publisher":"https:\/\/www.facebook.com\/Uelzener","article_modified_time":"2025-11-13T10:43:21+00:00","og_image":[{"width":650,"height":432,"url":"https:\/\/uelzener.de\/magazin\/app\/uploads\/2016\/05\/41251b04-656a-4858-b359-ba86fcea2640.jpg","type":"image\/jpeg"}],"twitter_card":"summary_large_image","twitter_misc":{"Gesch\u00e4tzte Lesezeit":"3\u00a0Minuten"},"schema":{"@context":"https:\/\/schema.org","@graph":[{"@type":"WebPage","@id":"https:\/\/uelzener.de\/magazin\/hund\/tipps-fuer-den-alltag\/hundestrand-nordsee\/","url":"https:\/\/uelzener.de\/magazin\/hund\/tipps-fuer-den-alltag\/hundestrand-nordsee\/","name":"Hundestr\u00e4nde Nordsee \u2013 entdecke die sch\u00f6nsten Str\u00e4nde | Uelzener","isPartOf":{"@id":"https:\/\/uelzener.de\/magazin\/#website"},"primaryImageOfPage":{"@id":"https:\/\/uelzener.de\/magazin\/hund\/tipps-fuer-den-alltag\/hundestrand-nordsee\/#primaryimage"},"image":{"@id":"https:\/\/uelzener.de\/magazin\/hund\/tipps-fuer-den-alltag\/hundestrand-nordsee\/#primaryimage"},"thumbnailUrl":"https:\/\/uelzener.de\/magazin\/app\/uploads\/2016\/05\/41251b04-656a-4858-b359-ba86fcea2640.jpg","datePublished":"2016-05-31T00:00:00+00:00","dateModified":"2025-11-13T10:43:21+00:00","description":"Wir zeigen Dir die beliebtesten Hundestr\u00e4nde an der Nordsee \u2713 Norddeich \u2713 Cuxhaven \u2713 Sylt \u2713 Borkum \u2713 uvm. \u25b6 Mehr erfahren!","breadcrumb":{"@id":"https:\/\/uelzener.de\/magazin\/hund\/tipps-fuer-den-alltag\/hundestrand-nordsee\/#breadcrumb"},"inLanguage":"de","potentialAction":[{"@type":"ReadAction","target":["https:\/\/uelzener.de\/magazin\/hund\/tipps-fuer-den-alltag\/hundestrand-nordsee\/"]}]},{"@type":"ImageObject","inLanguage":"de","@id":"https:\/\/uelzener.de\/magazin\/hund\/tipps-fuer-den-alltag\/hundestrand-nordsee\/#primaryimage","url":"https:\/\/uelzener.de\/magazin\/app\/uploads\/2016\/05\/41251b04-656a-4858-b359-ba86fcea2640.jpg","contentUrl":"https:\/\/uelzener.de\/magazin\/app\/uploads\/2016\/05\/41251b04-656a-4858-b359-ba86fcea2640.jpg","width":650,"height":432,"caption":"Gro\u00dfer Hund steht im Wattenmeer, er genie\u00dft seinen Urlaub an einem der Hundestr\u00e4nde der Nordsee."},{"@type":"WebSite","@id":"https:\/\/uelzener.de\/magazin\/#website","url":"https:\/\/uelzener.de\/magazin\/","name":"Uelzener Tiermagazin","description":"Online Tierratgeber der Uelzener Versicherungen","publisher":{"@id":"https:\/\/uelzener.de\/magazin\/#organization"},"potentialAction":[{"@type":"SearchAction","target":{"@type":"EntryPoint","urlTemplate":"https:\/\/uelzener.de\/magazin\/?s={search_term_string}"},"query-input":{"@type":"PropertyValueSpecification","valueRequired":true,"valueName":"search_term_string"}}],"inLanguage":"de"},{"@type":"Organization","@id":"https:\/\/uelzener.de\/magazin\/#organization","name":"Uelzener Versicherungen","url":"https:\/\/uelzener.de\/magazin\/","logo":{"@type":"ImageObject","inLanguage":"de","@id":"https:\/\/uelzener.de\/magazin\/#\/schema\/logo\/image\/","url":"https:\/\/uelzener.de\/magazin\/app\/uploads\/2024\/11\/uelzener_allgemeine_versicherungsgesellschaft_a_g_logo.jpg","contentUrl":"https:\/\/uelzener.de\/magazin\/app\/uploads\/2024\/11\/uelzener_allgemeine_versicherungsgesellschaft_a_g_logo.jpg","width":200,"height":200,"caption":"Uelzener Versicherungen"},"image":{"@id":"https:\/\/uelzener.de\/magazin\/#\/schema\/logo\/image\/"},"sameAs":["https:\/\/www.facebook.com\/Uelzener","https:\/\/instagram.com\/uelzener","https:\/\/www.xing.com\/pages\/uelzenerallgemeineversicherungs-gesellschafta-g","https:\/\/www.youtube.com\/UelzenerVersicherungen"]}]}},"_links":{"self":[{"href":"https:\/\/uelzener.de\/magazin\/wp-json\/wp\/v2\/pages\/10039","targetHints":{"allow":["GET"]}}],"collection":[{"href":"https:\/\/uelzener.de\/magazin\/wp-json\/wp\/v2\/pages"}],"about":[{"href":"https:\/\/uelzener.de\/magazin\/wp-json\/wp\/v2\/types\/page"}],"author":[{"embeddable":true,"href":"https:\/\/uelzener.de\/magazin\/wp-json\/wp\/v2\/users\/1"}],"replies":[{"embeddable":true,"href":"https:\/\/uelzener.de\/magazin\/wp-json\/wp\/v2\/comments?post=10039"}],"version-history":[{"count":7,"href":"https:\/\/uelzener.de\/magazin\/wp-json\/wp\/v2\/pages\/10039\/revisions"}],"predecessor-version":[{"id":19476,"href":"https:\/\/uelzener.de\/magazin\/wp-json\/wp\/v2\/pages\/10039\/revisions\/19476"}],"up":[{"embeddable":true,"href":"https:\/\/uelzener.de\/magazin\/wp-json\/wp\/v2\/pages\/11707"}],"wp:featuredmedia":[{"embeddable":true,"href":"https:\/\/uelzener.de\/magazin\/wp-json\/wp\/v2\/media\/10629"}],"wp:attachment":[{"href":"https:\/\/uelzener.de\/magazin\/wp-json\/wp\/v2\/media?parent=10039"}],"curies":[{"name":"wp","href":"https:\/\/api.w.org\/{rel}","templated":true}]}}