{"id":10038,"date":"2016-06-23T00:00:00","date_gmt":"2016-06-22T22:00:00","guid":{"rendered":""},"modified":"2025-06-23T15:50:23","modified_gmt":"2025-06-23T13:50:23","slug":"wasserarbeit-hund","status":"publish","type":"page","link":"https:\/\/uelzener.de\/magazin\/hund\/erziehung-und-training\/wasserarbeit-hund\/","title":{"rendered":"Wassersport mit Hunden: Ab ins Wasser!"},"content":{"rendered":"<p class=\"ai-optimize-6 ai-optimize-introduction\">Zusammen mit seinem Hund einen Sport aus\u00fcben, davon tr\u00e4umt so mancher Hundebesitzer. Und das Angebot wird immer gr\u00f6\u00dfer: Von <a href=\"https:\/\/uelzener.de\/magazin\/hund\/erziehung-und-training\/flyball\/\">Flyball<\/a> und <a href=\"https:\/\/uelzener.de\/magazin\/hund\/erziehung-und-training\/agility\/\">Agility<\/a> \u00fcber Obedience und Mantrailing bis hin zu <a href=\"https:\/\/uelzener.de\/magazin\/hund\/erziehung-und-training\/dogdancing\/\">Dogdance<\/a> reicht das Angebot. Und auch f\u00fcr Wasserratten gibt es einen Sport: Die Wasserarbeit.<\/p>\n<h2 class=\"ai-optimize-7\">Was ist Wasserarbeit mit Hund?<\/h2>\n<p class=\"ai-optimize-8\">Wasserarbeit kommt urspr\u00fcnglich aus Neufundland, wo Hunde schon vor \u00fcber 200 Jahren beim Fischen halfen \u2013 mit allem, was so dazu geh\u00f6rt, wie ins Wasser gefallene Paddel apportieren, Boote ziehen und Ertrinkende retten.<\/p>\n<p class=\"ai-optimize-9\">In den einzelnen Aufgaben \u00e4hnelt die Wasserarbeit als Sport daher der Arbeit von Rettungshunden, die ebenfalls Menschen aus dem Wasser bergen. Daher wird sie auch als Rettungshundesportart bezeichnet. Besonders geeignet sind Hunde, die von Natur aus gerne ins Wasser gehen. Dazu geh\u00f6ren Neufundl\u00e4nder und Landseer sowie <a href=\"https:\/\/uelzener.de\/magazin\/hund\/rasseportrait\/labrador\/\"><strong>Labradore<\/strong><\/a>, Golden Retriever und Leonberger oder Wasserhunde. Aber auch andere Rassen k\u00f6nnen grunds\u00e4tzlich in der Wasserarbeit eingesetzt werden. Wichtig ist, dass der Hund eine gewisse Gr\u00f6\u00dfe mitbringt, um schwere Gegenst\u00e4nde wie Paddel \u00fcber eine l\u00e4ngere Strecke (in der Regel 25 bis 50 m) im Wasser apportieren zu k\u00f6nnen. Und dass er \u00fcber einen guten Grundgehorsam verf\u00fcgt, Kondition hat und nat\u00fcrlich, dass er gerne ins Wasser geht.<\/p>\n<p class=\"ai-optimize-10\">Denn Wasserarbeit bringt zwar viel Spa\u00df, verlangt dem Hund aber auch einiges ab: Das Schwimmen \u00fcber eine l\u00e4ngere Strecke ist anstrengend, und dazu muss der Hund auch noch den Anweisungen seines Besitzers folgen und Gegenst\u00e4nde von einem Boot zum andere apportieren, vom Boot ins Wasser springen oder leblose Personen aus dem Wasser bergen. Aber die Wasserarbeit kommt dem Hund auch zugute: Neben einer artgerechten Besch\u00e4ftigung verbessert das Schwimmen die Kondition, ist gut f\u00fcr die Gelenke, st\u00e4rkt die Muskeln und kommt so insbesondere dem R\u00fccken zugute. Dazu f\u00f6rdert sie die Konzentration und st\u00e4rkt das Vertrauen zwischen Mensch und Hund. Und sie bringt nat\u00fcrlich jede Menge Spa\u00df. Da es dabei auch immer mal zu Unf\u00e4llen kommen kann, sollte eine gute <strong>Hunde-Krankenversicherung<\/strong> und auch eine <strong>Hund-OP-Versicherung<\/strong> abgeschlossen werden.<\/p>\n<p class=\"ai-optimize-11\">\n<div class=\"banner\">\n    <a href=\"https:\/\/uelzener.de\/hund\/hunde-krankenversicherung\/?agt=0000104925&sem=true&utm_medium=magazin&utm_source=wordpress&utm_campaign=hund_kv&utm_content=banner\">\n        <img decoding=\"async\" width=\"300\" height=\"212\" src=\"https:\/\/uelzener.de\/magazin\/app\/uploads\/2025\/01\/Hunde-Kranken-Versicherung.jpg\" class=\"attachment-medium size-medium\" alt=\"Banner Hunde-Kranken-Versicherung\" \/>    <\/a>\n<\/div>\n<\/p>\n<p class=\"ai-optimize-12\">\n<div class=\"banner\">\n    <a href=\"https:\/\/uelzener.de\/hund\/hunde-op-versicherung\/?agt=0000104925&sem=true&utm_medium=magazin&utm_source=wordpress&utm_campaign=hund_op&utm_content=banner\">\n        <img decoding=\"async\" width=\"300\" height=\"212\" src=\"https:\/\/uelzener.de\/magazin\/app\/uploads\/2025\/01\/Hunde-OP-Versicherung.jpg\" class=\"attachment-medium size-medium\" alt=\"Banner Hunde-OP-Versicherung\" \/>    <\/a>\n<\/div>\n<\/p>\n<p class=\"ai-optimize-13\">Klar, dass auch der Mensch mit ins Wasser muss: Beim Teamschwimmen und bei Rettungs\u00fcbungen kommt es darauf an, dass Mensch und Hund im Wasser als Team zusammen arbeiten k\u00f6nnen. Wer sich f\u00fcr die Wasserarbeit interessiert, sollte daher nicht nur gut schwimmen k\u00f6nnen, sondern auch gerne l\u00e4ngere Zeit im Wasser sein. Es wird mit einem Neoprenanzug trainiert, der die K\u00e4lte abh\u00e4lt und auch vor den Krallen des Hundes sch\u00fctzt. F\u00fcr den Hund braucht man schwimmf\u00e4hige Apportel, eine lange Leine und ein spezielles Wasserarbeitsgeschirr, um den Hund leichter aus dem Wasser ins Boot heben zu k\u00f6nnen. Neben dem Wassertraining im Sommer arbeiten viele Vereine in den Wintermonaten an Land. Dann stehen Grundgehorsam, Erste-Hilfe f\u00fcr Mensch und Hund sowie Trocken\u00fcbungen f\u00fcr die Wasserarbeit auf dem Programm.<\/p>\n<p class=\"ai-optimize-14\">Wasserarbeit als Rettungshundesport ist eine noch sehr junge Hundesportart. Sie ist erst seit 2011 offiziell in Deutschland anerkannt. Weitere Informationen gibt es beim Deutschen Verband der Gebrauchshundsportvereine (DVG): <a href=\"http:\/\/www.dvg-hundesport.de\/\">www.dvg-hundesport.de<\/a>.<\/p>\n<p class=\"ai-optimize-15\">Die Uelzener Versicherungen unterst\u00fctzen einen regionalen Verein dieser jungen Sportart: <a href=\"https:\/\/wavp.de\/\" target=\"_blank\" rel=\"noopener\">https:\/\/wavp.de\/<\/a>. Denn Wasserarbeit macht Mensch und Hund nicht nur Spa\u00df, sondern diese gute Ausbildung tr\u00e4gt auch im hohen Ma\u00dfe dazu bei, dass Hund und Frauchen oder Herrchen sicher zusammen unterwegs sind. Und das Thema Sicherheit hat f\u00fcr die Uelzener oberste Priorit\u00e4t.<\/p>\n","protected":false},"excerpt":{"rendered":"<p>Zusammen mit seinem Hund einen Sport aus\u00fcben, davon tr\u00e4umt so mancher Hundebesitzer. Und das Angebot wird immer gr\u00f6\u00dfer: Von Flyball und Agility \u00fcber Obedience und Mantrailing bis hin zu Dogdance reicht das Angebot. Und auch f\u00fcr Wasserratten gibt es einen Sport: Die Wasserarbeit. Was ist Wasserarbeit mit Hund? Wasserarbeit kommt urspr\u00fcnglich aus Neufundland, wo Hunde [&hellip;]<\/p>\n","protected":false},"author":1,"featured_media":10628,"parent":11679,"menu_order":22,"comment_status":"closed","ping_status":"closed","template":"templates\/blog.php","meta":{"_acf_changed":false,"_crdt_document":"","footnotes":"","beyondwords_generate_audio":"0","beyondwords_project_id":"","beyondwords_content_id":"","beyondwords_preview_token":"","beyondwords_player_style":"","beyondwords_language_id":"","beyondwords_title_voice_id":"","beyondwords_body_voice_id":"","beyondwords_summary_voice_id":"","beyondwords_error_message":"","beyondwords_disabled":"","beyondwords_delete_content":"","beyondwords_podcast_id":"","beyondwords_hash":"","publish_post_to_speechkit":"","speechkit_hash":"","speechkit_generate_audio":"","speechkit_project_id":"","speechkit_podcast_id":"","speechkit_error_message":"","speechkit_disabled":"","speechkit_access_key":"","speechkit_error":"","speechkit_info":"","speechkit_response":"","speechkit_retries":"","speechkit_status":"","speechkit_updated_at":"","_speechkit_link":"","_speechkit_text":""},"class_list":["post-10038","page","type-page","status-publish","has-post-thumbnail","hentry"],"acf":[],"yoast_head":"<!-- This site is optimized with the Yoast SEO Premium plugin  - https:\/\/yoast.com\/product\/yoast-seo-premium-wordpress\/ -->\n<title>Wassersport mit Hunden: Ab ins Wasser! | Uelzener<\/title>\n<meta name=\"robots\" content=\"index, follow, max-snippet:-1, max-image-preview:large, max-video-preview:-1\" \/>\n<link rel=\"canonical\" href=\"https:\/\/uelzener.de\/magazin\/hund\/erziehung-und-training\/wasserarbeit-hund\/\" \/>\n<meta property=\"og:locale\" content=\"de_DE\" \/>\n<meta property=\"og:type\" content=\"article\" \/>\n<meta property=\"og:title\" content=\"Wassersport mit Hunden: Ab ins Wasser!\" \/>\n<meta property=\"og:description\" content=\"Zusammen mit seinem Hund einen Sport aus\u00fcben, davon tr\u00e4umt so mancher Hundebesitzer. Und das Angebot wird immer gr\u00f6\u00dfer: Von Flyball und Agility \u00fcber Obedience und Mantrailing bis hin zu Dogdance reicht das Angebot. Und auch f\u00fcr Wasserratten gibt es einen Sport: Die Wasserarbeit. Was ist Wasserarbeit mit Hund? Wasserarbeit kommt urspr\u00fcnglich aus Neufundland, wo Hunde [&hellip;]\" \/>\n<meta property=\"og:url\" content=\"https:\/\/uelzener.de\/magazin\/hund\/erziehung-und-training\/wasserarbeit-hund\/\" \/>\n<meta property=\"og:site_name\" content=\"Uelzener Tier-Magazin\" \/>\n<meta property=\"article:publisher\" content=\"https:\/\/www.facebook.com\/Uelzener\" \/>\n<meta property=\"article:modified_time\" content=\"2025-06-23T13:50:23+00:00\" \/>\n<meta property=\"og:image\" content=\"https:\/\/uelzener.de\/magazin\/app\/uploads\/2016\/06\/83c0584f-a6ea-440e-86d0-3b9423ae403f.jpg\" \/>\n\t<meta property=\"og:image:width\" content=\"650\" \/>\n\t<meta property=\"og:image:height\" content=\"432\" \/>\n\t<meta property=\"og:image:type\" content=\"image\/jpeg\" \/>\n<meta name=\"twitter:card\" content=\"summary_large_image\" \/>\n<meta name=\"twitter:label1\" content=\"Gesch\u00e4tzte Lesezeit\" \/>\n\t<meta name=\"twitter:data1\" content=\"4\u00a0Minuten\" \/>\n<script type=\"application\/ld+json\" class=\"yoast-schema-graph\">{\"@context\":\"https:\/\/schema.org\",\"@graph\":[{\"@type\":\"WebPage\",\"@id\":\"https:\/\/uelzener.de\/magazin\/hund\/erziehung-und-training\/wasserarbeit-hund\/\",\"url\":\"https:\/\/uelzener.de\/magazin\/hund\/erziehung-und-training\/wasserarbeit-hund\/\",\"name\":\"Wassersport mit Hunden: Ab ins Wasser! | Uelzener\",\"isPartOf\":{\"@id\":\"https:\/\/uelzener.de\/magazin\/#website\"},\"primaryImageOfPage\":{\"@id\":\"https:\/\/uelzener.de\/magazin\/hund\/erziehung-und-training\/wasserarbeit-hund\/#primaryimage\"},\"image\":{\"@id\":\"https:\/\/uelzener.de\/magazin\/hund\/erziehung-und-training\/wasserarbeit-hund\/#primaryimage\"},\"thumbnailUrl\":\"https:\/\/uelzener.de\/magazin\/app\/uploads\/2016\/06\/83c0584f-a6ea-440e-86d0-3b9423ae403f.jpg\",\"datePublished\":\"2016-06-22T22:00:00+00:00\",\"dateModified\":\"2025-06-23T13:50:23+00:00\",\"breadcrumb\":{\"@id\":\"https:\/\/uelzener.de\/magazin\/hund\/erziehung-und-training\/wasserarbeit-hund\/#breadcrumb\"},\"inLanguage\":\"de\",\"potentialAction\":[{\"@type\":\"ReadAction\",\"target\":[\"https:\/\/uelzener.de\/magazin\/hund\/erziehung-und-training\/wasserarbeit-hund\/\"]}]},{\"@type\":\"ImageObject\",\"inLanguage\":\"de\",\"@id\":\"https:\/\/uelzener.de\/magazin\/hund\/erziehung-und-training\/wasserarbeit-hund\/#primaryimage\",\"url\":\"https:\/\/uelzener.de\/magazin\/app\/uploads\/2016\/06\/83c0584f-a6ea-440e-86d0-3b9423ae403f.jpg\",\"contentUrl\":\"https:\/\/uelzener.de\/magazin\/app\/uploads\/2016\/06\/83c0584f-a6ea-440e-86d0-3b9423ae403f.jpg\",\"width\":650,\"height\":432,\"caption\":\"Eine schwarzer Hund schwimmt mit seinem Wasserspielzeug durch einen See.\"},{\"@type\":\"WebSite\",\"@id\":\"https:\/\/uelzener.de\/magazin\/#website\",\"url\":\"https:\/\/uelzener.de\/magazin\/\",\"name\":\"Uelzener Tiermagazin\",\"description\":\"Online Tierratgeber der Uelzener Versicherungen\",\"publisher\":{\"@id\":\"https:\/\/uelzener.de\/magazin\/#organization\"},\"potentialAction\":[{\"@type\":\"SearchAction\",\"target\":{\"@type\":\"EntryPoint\",\"urlTemplate\":\"https:\/\/uelzener.de\/magazin\/?s={search_term_string}\"},\"query-input\":{\"@type\":\"PropertyValueSpecification\",\"valueRequired\":true,\"valueName\":\"search_term_string\"}}],\"inLanguage\":\"de\"},{\"@type\":\"Organization\",\"@id\":\"https:\/\/uelzener.de\/magazin\/#organization\",\"name\":\"Uelzener Versicherungen\",\"url\":\"https:\/\/uelzener.de\/magazin\/\",\"logo\":{\"@type\":\"ImageObject\",\"inLanguage\":\"de\",\"@id\":\"https:\/\/uelzener.de\/magazin\/#\/schema\/logo\/image\/\",\"url\":\"https:\/\/uelzener.de\/magazin\/app\/uploads\/2024\/11\/uelzener_allgemeine_versicherungsgesellschaft_a_g_logo.jpg\",\"contentUrl\":\"https:\/\/uelzener.de\/magazin\/app\/uploads\/2024\/11\/uelzener_allgemeine_versicherungsgesellschaft_a_g_logo.jpg\",\"width\":200,\"height\":200,\"caption\":\"Uelzener Versicherungen\"},\"image\":{\"@id\":\"https:\/\/uelzener.de\/magazin\/#\/schema\/logo\/image\/\"},\"sameAs\":[\"https:\/\/www.facebook.com\/Uelzener\",\"https:\/\/instagram.com\/uelzener\",\"https:\/\/www.xing.com\/pages\/uelzenerallgemeineversicherungs-gesellschafta-g\",\"https:\/\/www.youtube.com\/UelzenerVersicherungen\"]}]}<\/script>\n<!-- \/ Yoast SEO Premium plugin. -->","yoast_head_json":{"title":"Wassersport mit Hunden: Ab ins Wasser! | Uelzener","robots":{"index":"index","follow":"follow","max-snippet":"max-snippet:-1","max-image-preview":"max-image-preview:large","max-video-preview":"max-video-preview:-1"},"canonical":"https:\/\/uelzener.de\/magazin\/hund\/erziehung-und-training\/wasserarbeit-hund\/","og_locale":"de_DE","og_type":"article","og_title":"Wassersport mit Hunden: Ab ins Wasser!","og_description":"Zusammen mit seinem Hund einen Sport aus\u00fcben, davon tr\u00e4umt so mancher Hundebesitzer. Und das Angebot wird immer gr\u00f6\u00dfer: Von Flyball und Agility \u00fcber Obedience und Mantrailing bis hin zu Dogdance reicht das Angebot. Und auch f\u00fcr Wasserratten gibt es einen Sport: Die Wasserarbeit. Was ist Wasserarbeit mit Hund? Wasserarbeit kommt urspr\u00fcnglich aus Neufundland, wo Hunde [&hellip;]","og_url":"https:\/\/uelzener.de\/magazin\/hund\/erziehung-und-training\/wasserarbeit-hund\/","og_site_name":"Uelzener Tier-Magazin","article_publisher":"https:\/\/www.facebook.com\/Uelzener","article_modified_time":"2025-06-23T13:50:23+00:00","og_image":[{"width":650,"height":432,"url":"https:\/\/uelzener.de\/magazin\/app\/uploads\/2016\/06\/83c0584f-a6ea-440e-86d0-3b9423ae403f.jpg","type":"image\/jpeg"}],"twitter_card":"summary_large_image","twitter_misc":{"Gesch\u00e4tzte Lesezeit":"4\u00a0Minuten"},"schema":{"@context":"https:\/\/schema.org","@graph":[{"@type":"WebPage","@id":"https:\/\/uelzener.de\/magazin\/hund\/erziehung-und-training\/wasserarbeit-hund\/","url":"https:\/\/uelzener.de\/magazin\/hund\/erziehung-und-training\/wasserarbeit-hund\/","name":"Wassersport mit Hunden: Ab ins Wasser! | Uelzener","isPartOf":{"@id":"https:\/\/uelzener.de\/magazin\/#website"},"primaryImageOfPage":{"@id":"https:\/\/uelzener.de\/magazin\/hund\/erziehung-und-training\/wasserarbeit-hund\/#primaryimage"},"image":{"@id":"https:\/\/uelzener.de\/magazin\/hund\/erziehung-und-training\/wasserarbeit-hund\/#primaryimage"},"thumbnailUrl":"https:\/\/uelzener.de\/magazin\/app\/uploads\/2016\/06\/83c0584f-a6ea-440e-86d0-3b9423ae403f.jpg","datePublished":"2016-06-22T22:00:00+00:00","dateModified":"2025-06-23T13:50:23+00:00","breadcrumb":{"@id":"https:\/\/uelzener.de\/magazin\/hund\/erziehung-und-training\/wasserarbeit-hund\/#breadcrumb"},"inLanguage":"de","potentialAction":[{"@type":"ReadAction","target":["https:\/\/uelzener.de\/magazin\/hund\/erziehung-und-training\/wasserarbeit-hund\/"]}]},{"@type":"ImageObject","inLanguage":"de","@id":"https:\/\/uelzener.de\/magazin\/hund\/erziehung-und-training\/wasserarbeit-hund\/#primaryimage","url":"https:\/\/uelzener.de\/magazin\/app\/uploads\/2016\/06\/83c0584f-a6ea-440e-86d0-3b9423ae403f.jpg","contentUrl":"https:\/\/uelzener.de\/magazin\/app\/uploads\/2016\/06\/83c0584f-a6ea-440e-86d0-3b9423ae403f.jpg","width":650,"height":432,"caption":"Eine schwarzer Hund schwimmt mit seinem Wasserspielzeug durch einen See."},{"@type":"WebSite","@id":"https:\/\/uelzener.de\/magazin\/#website","url":"https:\/\/uelzener.de\/magazin\/","name":"Uelzener Tiermagazin","description":"Online Tierratgeber der Uelzener Versicherungen","publisher":{"@id":"https:\/\/uelzener.de\/magazin\/#organization"},"potentialAction":[{"@type":"SearchAction","target":{"@type":"EntryPoint","urlTemplate":"https:\/\/uelzener.de\/magazin\/?s={search_term_string}"},"query-input":{"@type":"PropertyValueSpecification","valueRequired":true,"valueName":"search_term_string"}}],"inLanguage":"de"},{"@type":"Organization","@id":"https:\/\/uelzener.de\/magazin\/#organization","name":"Uelzener Versicherungen","url":"https:\/\/uelzener.de\/magazin\/","logo":{"@type":"ImageObject","inLanguage":"de","@id":"https:\/\/uelzener.de\/magazin\/#\/schema\/logo\/image\/","url":"https:\/\/uelzener.de\/magazin\/app\/uploads\/2024\/11\/uelzener_allgemeine_versicherungsgesellschaft_a_g_logo.jpg","contentUrl":"https:\/\/uelzener.de\/magazin\/app\/uploads\/2024\/11\/uelzener_allgemeine_versicherungsgesellschaft_a_g_logo.jpg","width":200,"height":200,"caption":"Uelzener Versicherungen"},"image":{"@id":"https:\/\/uelzener.de\/magazin\/#\/schema\/logo\/image\/"},"sameAs":["https:\/\/www.facebook.com\/Uelzener","https:\/\/instagram.com\/uelzener","https:\/\/www.xing.com\/pages\/uelzenerallgemeineversicherungs-gesellschafta-g","https:\/\/www.youtube.com\/UelzenerVersicherungen"]}]}},"_links":{"self":[{"href":"https:\/\/uelzener.de\/magazin\/wp-json\/wp\/v2\/pages\/10038","targetHints":{"allow":["GET"]}}],"collection":[{"href":"https:\/\/uelzener.de\/magazin\/wp-json\/wp\/v2\/pages"}],"about":[{"href":"https:\/\/uelzener.de\/magazin\/wp-json\/wp\/v2\/types\/page"}],"author":[{"embeddable":true,"href":"https:\/\/uelzener.de\/magazin\/wp-json\/wp\/v2\/users\/1"}],"replies":[{"embeddable":true,"href":"https:\/\/uelzener.de\/magazin\/wp-json\/wp\/v2\/comments?post=10038"}],"version-history":[{"count":8,"href":"https:\/\/uelzener.de\/magazin\/wp-json\/wp\/v2\/pages\/10038\/revisions"}],"predecessor-version":[{"id":18610,"href":"https:\/\/uelzener.de\/magazin\/wp-json\/wp\/v2\/pages\/10038\/revisions\/18610"}],"up":[{"embeddable":true,"href":"https:\/\/uelzener.de\/magazin\/wp-json\/wp\/v2\/pages\/11679"}],"wp:featuredmedia":[{"embeddable":true,"href":"https:\/\/uelzener.de\/magazin\/wp-json\/wp\/v2\/media\/10628"}],"wp:attachment":[{"href":"https:\/\/uelzener.de\/magazin\/wp-json\/wp\/v2\/media?parent=10038"}],"curies":[{"name":"wp","href":"https:\/\/api.w.org\/{rel}","templated":true}]}}