{"id":10036,"date":"2016-10-20T00:00:00","date_gmt":"2016-10-20T00:00:00","guid":{"rendered":""},"modified":"2024-04-10T16:27:19","modified_gmt":"2024-04-10T14:27:19","slug":"deutsche-dogge","status":"publish","type":"page","link":"https:\/\/uelzener.de\/magazin\/hund\/rasseportrait\/deutsche-dogge\/","title":{"rendered":"Deutsche Dogge: sanfte Riesen"},"content":{"rendered":"<p>Deutsche Doggen sind vor allem eins: Gro\u00df. Auch wenn man es schon tausend Mal geh\u00f6rt hat, ist es doch beeindruckend, zum ersten Mal einer Dogge zu begegnen. Aber trotz ihrer Gr\u00f6\u00dfe sind Doggen vom Charakter her sehr freundliche Hunde und geh\u00f6ren zu den beliebtesten Hunderassen in Deutschland.<\/p>\n<h2>Herkunft<\/h2>\n<p>Die Vorfahren der Doggen waren englische Mastiffs und die gro\u00dfen irischen Wolfshunde. Bis ins 19. Jahrhundert wurden Doggen als Jagdhunde f\u00fcr Gro\u00dfwild genutzt. Man setzte sie auf Wildschweine, Hirsche und B\u00e4ren an, die sie packten und festhielten, bis der J\u00e4ger mit einer Stichwaffe zur Stelle war. Wegen ihres eleganten \u00c4u\u00dferen mit langen Beinen und stolzer Kopfhaltung waren die Doggen zudem besonders in F\u00fcrstenh\u00e4usern beliebt, wo die sch\u00f6nsten Exemplare als \u201eKammerhunde\u201c \u00fcber den Schlaf der adligen Bewohner wachten.<\/p>\n<h2>Charakter<\/h2>\n<p>Nachdem im 19. Jahrhundert die Jagd mit Schusswaffen in Mode gekommen war, verschwand auch die Dogge immer mehr von der Bildfl\u00e4che. Nur einige wenige Menschen hielten sich weiterhin Doggen und z\u00fcchteten mit ihnen. Allerdings ging es jetzt weniger um den n\u00f6tigen \u201eBiss\u201c, sondern um Gehorsam, Friedfertigkeit und Gelassenheit. Diese Zuchtziele sorgen bis heute daf\u00fcr, dass aus der Dogge ein sehr anh\u00e4nglicher, menschenbezogener und ausgesprochen kinderlieber Hund geworden ist. Aggression ist ihr nahezu fremd. Darum eignet sie sich auch als Therapiehund. Doggen beherrschen es allerdings perfekt, mit ihrem imposanten K\u00f6rperbau Eindruck zu machen. Eine aufmerksame Dogge ist ein erhabenes und Respekt einfl\u00f6\u00dfendes Bild. Allein das macht die Dogge zu einem idealen Wachhund, sie eignet sich jedoch nicht als Zwingerhund. Denn sie m\u00f6chte am liebsten immer mit ihrem Menschen zusammen sein und kann bei Einsamkeit krank werden.<\/p>\n<h2>Umgang mit Doggen<\/h2>\n<p>Die Erziehung sollte sanft, aber konsequent sein, denn Doggen sind zum einen echte Sensibelchen, zum anderen k\u00f6nnen sie sich auch komplett quer stellen, wenn sie etwas nicht wollen. Die meisten <a href=\"https:\/\/uelzener.de\/magazin\/hund\/rasseportrait\/verschmuste-hunderassen-top-10\/\" target=\"_blank\" rel=\"noopener\">Doggen sind sehr verschmust<\/a>, was aufgrund ihrer Gr\u00f6\u00dfe und ihres Gewichts (bis zu 85 cm Stockma\u00df und mehr als 80 Kilo) ein paar Problemchen mit sich bringen k\u00f6nnte, wenn sie mit aufs Sofa m\u00f6chten.<\/p>\n<p>Eine Dogge braucht zwar viel Bewegung, aber ausgedehnte Spazierg\u00e4nge mit viel Abwechslung reichen vollkommen aus. Gelegentlich kann es beim Spaziergang passieren, dass man mit seiner Dogge misstrauisch be\u00e4ugt wird. Manche Menschen haben schlichtweg Angst vor soviel Hund. Gelassenheit und eine wohlerzogene Dogge leisten hier gute \u00dcberzeugungsarbeit.<\/p>\n<h2>Wie gesund ist ein Dogge?<\/h2>\n<p>Leider haben Doggen unter anderem die Neigung zu Herzkrankheiten und Knochenkrebs. Ihre Lebenserwartung liegt bei etwa acht Jahren. Wichtig ist deshalb, jungen Doggen entsprechendes Spezialfutter zu geben, damit die Knochen ausreichend mit N\u00e4hrstoffen versorgt werden. \u00dcberforderungen sind zu vermeiden. Mit regelm\u00e4\u00dfigen Check-ups beim Tierarzt, einer guten <strong>Hunde-Krankenversicherung<\/strong> und der Vermeidung von \u00dcbergewicht und einer guten Vorsorge hat man trotzdem viel Freude an seiner Dogge.<\/p>\n\n<div class=\"banner\">\n    <a href=\"https:\/\/uelzener.de\/hund\/hunde-krankenversicherung\/?agt=0000104925&sem=true&utm_medium=magazin&utm_source=wordpress&utm_campaign=hund_kv&utm_content=banner\">\n        <img decoding=\"async\" width=\"300\" height=\"212\" src=\"https:\/\/uelzener.de\/magazin\/app\/uploads\/2025\/01\/Hunde-Kranken-Versicherung.jpg\" class=\"attachment-medium size-medium\" alt=\"Banner Hunde-Kranken-Versicherung\" \/>    <\/a>\n<\/div>\n\n","protected":false},"excerpt":{"rendered":"<p>Deutsche Doggen sind vor allem eins: Gro\u00df. Auch wenn man es schon tausend Mal geh\u00f6rt hat, ist es doch beeindruckend, zum ersten Mal einer Dogge zu begegnen. Aber trotz ihrer Gr\u00f6\u00dfe sind Doggen vom Charakter her sehr freundliche Hunde und geh\u00f6ren zu den beliebtesten Hunderassen in Deutschland. Herkunft Die Vorfahren der Doggen waren englische Mastiffs [&hellip;]<\/p>\n","protected":false},"author":1,"featured_media":10626,"parent":2475,"menu_order":11,"comment_status":"open","ping_status":"open","template":"templates\/blog.php","meta":{"_acf_changed":false,"_crdt_document":"","footnotes":"","beyondwords_generate_audio":"0","beyondwords_project_id":"","beyondwords_content_id":"","beyondwords_preview_token":"","beyondwords_player_style":"","beyondwords_language_id":"","beyondwords_title_voice_id":"","beyondwords_body_voice_id":"","beyondwords_summary_voice_id":"","beyondwords_error_message":"","beyondwords_disabled":"","beyondwords_delete_content":"","beyondwords_podcast_id":"","beyondwords_hash":"","publish_post_to_speechkit":"","speechkit_hash":"","speechkit_generate_audio":"","speechkit_project_id":"","speechkit_podcast_id":"","speechkit_error_message":"","speechkit_disabled":"","speechkit_access_key":"","speechkit_error":"","speechkit_info":"","speechkit_response":"","speechkit_retries":"","speechkit_status":"","speechkit_updated_at":"","_speechkit_link":"","_speechkit_text":""},"class_list":["post-10036","page","type-page","status-publish","has-post-thumbnail","hentry"],"acf":[],"yoast_head":"<!-- This site is optimized with the Yoast SEO Premium plugin  - https:\/\/yoast.com\/product\/yoast-seo-premium-wordpress\/ -->\n<title>Deutsche Dogge im Rasseportrait \u2013 Aussehen &amp; Charakter | Uelzener<\/title>\n<meta name=\"description\" content=\"Erfahre alles zur Deutschen Dogge \u2713 Herkunft \u2713 Aussehen \u2713 Charakter \u2713 rassetypische Krankheiten \u2713 Lebenserwartung \u25b6 Mehr lesen!\" \/>\n<meta name=\"robots\" content=\"index, follow, max-snippet:-1, max-image-preview:large, max-video-preview:-1\" \/>\n<link rel=\"canonical\" href=\"https:\/\/uelzener.de\/magazin\/hund\/rasseportrait\/deutsche-dogge\/\" \/>\n<meta property=\"og:locale\" content=\"de_DE\" \/>\n<meta property=\"og:type\" content=\"article\" \/>\n<meta property=\"og:title\" content=\"Deutsche Dogge: sanfte Riesen\" \/>\n<meta property=\"og:description\" content=\"Erfahre alles zur Deutschen Dogge \u2713 Herkunft \u2713 Aussehen \u2713 Charakter \u2713 rassetypische Krankheiten \u2713 Lebenserwartung \u25b6 Mehr lesen!\" \/>\n<meta property=\"og:url\" content=\"https:\/\/uelzener.de\/magazin\/hund\/rasseportrait\/deutsche-dogge\/\" \/>\n<meta property=\"og:site_name\" content=\"Uelzener Tier-Magazin\" \/>\n<meta property=\"article:publisher\" content=\"https:\/\/www.facebook.com\/Uelzener\" \/>\n<meta property=\"article:modified_time\" content=\"2024-04-10T14:27:19+00:00\" \/>\n<meta property=\"og:image\" content=\"https:\/\/uelzener.de\/magazin\/app\/uploads\/2016\/10\/d5dac0b4-0b8b-4963-9579-594e460ac736.jpg\" \/>\n\t<meta property=\"og:image:width\" content=\"650\" \/>\n\t<meta property=\"og:image:height\" content=\"432\" \/>\n\t<meta property=\"og:image:type\" content=\"image\/jpeg\" \/>\n<meta name=\"twitter:card\" content=\"summary_large_image\" \/>\n<meta name=\"twitter:label1\" content=\"Gesch\u00e4tzte Lesezeit\" \/>\n\t<meta name=\"twitter:data1\" content=\"2\u00a0Minuten\" \/>\n<script type=\"application\/ld+json\" class=\"yoast-schema-graph\">{\"@context\":\"https:\\\/\\\/schema.org\",\"@graph\":[{\"@type\":\"WebPage\",\"@id\":\"https:\\\/\\\/uelzener.de\\\/magazin\\\/hund\\\/rasseportrait\\\/deutsche-dogge\\\/\",\"url\":\"https:\\\/\\\/uelzener.de\\\/magazin\\\/hund\\\/rasseportrait\\\/deutsche-dogge\\\/\",\"name\":\"Deutsche Dogge im Rasseportrait \u2013 Aussehen & Charakter | Uelzener\",\"isPartOf\":{\"@id\":\"https:\\\/\\\/uelzener.de\\\/magazin\\\/#website\"},\"primaryImageOfPage\":{\"@id\":\"https:\\\/\\\/uelzener.de\\\/magazin\\\/hund\\\/rasseportrait\\\/deutsche-dogge\\\/#primaryimage\"},\"image\":{\"@id\":\"https:\\\/\\\/uelzener.de\\\/magazin\\\/hund\\\/rasseportrait\\\/deutsche-dogge\\\/#primaryimage\"},\"thumbnailUrl\":\"https:\\\/\\\/uelzener.de\\\/magazin\\\/app\\\/uploads\\\/2016\\\/10\\\/d5dac0b4-0b8b-4963-9579-594e460ac736.jpg\",\"datePublished\":\"2016-10-20T00:00:00+00:00\",\"dateModified\":\"2024-04-10T14:27:19+00:00\",\"description\":\"Erfahre alles zur Deutschen Dogge \u2713 Herkunft \u2713 Aussehen \u2713 Charakter \u2713 rassetypische Krankheiten \u2713 Lebenserwartung \u25b6 Mehr lesen!\",\"breadcrumb\":{\"@id\":\"https:\\\/\\\/uelzener.de\\\/magazin\\\/hund\\\/rasseportrait\\\/deutsche-dogge\\\/#breadcrumb\"},\"inLanguage\":\"de\",\"potentialAction\":[{\"@type\":\"ReadAction\",\"target\":[\"https:\\\/\\\/uelzener.de\\\/magazin\\\/hund\\\/rasseportrait\\\/deutsche-dogge\\\/\"]}]},{\"@type\":\"ImageObject\",\"inLanguage\":\"de\",\"@id\":\"https:\\\/\\\/uelzener.de\\\/magazin\\\/hund\\\/rasseportrait\\\/deutsche-dogge\\\/#primaryimage\",\"url\":\"https:\\\/\\\/uelzener.de\\\/magazin\\\/app\\\/uploads\\\/2016\\\/10\\\/d5dac0b4-0b8b-4963-9579-594e460ac736.jpg\",\"contentUrl\":\"https:\\\/\\\/uelzener.de\\\/magazin\\\/app\\\/uploads\\\/2016\\\/10\\\/d5dac0b4-0b8b-4963-9579-594e460ac736.jpg\",\"width\":650,\"height\":432,\"caption\":\"Deutsche Dogge liegt auf einer gr\u00fcnen Wiese mit der Zunge aus dem Maul und schaut sanftm\u00fctig.\"},{\"@type\":\"WebSite\",\"@id\":\"https:\\\/\\\/uelzener.de\\\/magazin\\\/#website\",\"url\":\"https:\\\/\\\/uelzener.de\\\/magazin\\\/\",\"name\":\"Uelzener Tiermagazin\",\"description\":\"Online Tierratgeber der Uelzener Versicherungen\",\"publisher\":{\"@id\":\"https:\\\/\\\/uelzener.de\\\/magazin\\\/#organization\"},\"potentialAction\":[{\"@type\":\"SearchAction\",\"target\":{\"@type\":\"EntryPoint\",\"urlTemplate\":\"https:\\\/\\\/uelzener.de\\\/magazin\\\/?s={search_term_string}\"},\"query-input\":{\"@type\":\"PropertyValueSpecification\",\"valueRequired\":true,\"valueName\":\"search_term_string\"}}],\"inLanguage\":\"de\"},{\"@type\":\"Organization\",\"@id\":\"https:\\\/\\\/uelzener.de\\\/magazin\\\/#organization\",\"name\":\"Uelzener Versicherungen\",\"url\":\"https:\\\/\\\/uelzener.de\\\/magazin\\\/\",\"logo\":{\"@type\":\"ImageObject\",\"inLanguage\":\"de\",\"@id\":\"https:\\\/\\\/uelzener.de\\\/magazin\\\/#\\\/schema\\\/logo\\\/image\\\/\",\"url\":\"https:\\\/\\\/uelzener.de\\\/magazin\\\/app\\\/uploads\\\/2024\\\/11\\\/uelzener_allgemeine_versicherungsgesellschaft_a_g_logo.jpg\",\"contentUrl\":\"https:\\\/\\\/uelzener.de\\\/magazin\\\/app\\\/uploads\\\/2024\\\/11\\\/uelzener_allgemeine_versicherungsgesellschaft_a_g_logo.jpg\",\"width\":200,\"height\":200,\"caption\":\"Uelzener Versicherungen\"},\"image\":{\"@id\":\"https:\\\/\\\/uelzener.de\\\/magazin\\\/#\\\/schema\\\/logo\\\/image\\\/\"},\"sameAs\":[\"https:\\\/\\\/www.facebook.com\\\/Uelzener\",\"https:\\\/\\\/instagram.com\\\/uelzener\",\"https:\\\/\\\/www.xing.com\\\/pages\\\/uelzenerallgemeineversicherungs-gesellschafta-g\",\"https:\\\/\\\/www.youtube.com\\\/UelzenerVersicherungen\"]}]}<\/script>\n<!-- \/ Yoast SEO Premium plugin. -->","yoast_head_json":{"title":"Deutsche Dogge im Rasseportrait \u2013 Aussehen & Charakter | Uelzener","description":"Erfahre alles zur Deutschen Dogge \u2713 Herkunft \u2713 Aussehen \u2713 Charakter \u2713 rassetypische Krankheiten \u2713 Lebenserwartung \u25b6 Mehr lesen!","robots":{"index":"index","follow":"follow","max-snippet":"max-snippet:-1","max-image-preview":"max-image-preview:large","max-video-preview":"max-video-preview:-1"},"canonical":"https:\/\/uelzener.de\/magazin\/hund\/rasseportrait\/deutsche-dogge\/","og_locale":"de_DE","og_type":"article","og_title":"Deutsche Dogge: sanfte Riesen","og_description":"Erfahre alles zur Deutschen Dogge \u2713 Herkunft \u2713 Aussehen \u2713 Charakter \u2713 rassetypische Krankheiten \u2713 Lebenserwartung \u25b6 Mehr lesen!","og_url":"https:\/\/uelzener.de\/magazin\/hund\/rasseportrait\/deutsche-dogge\/","og_site_name":"Uelzener Tier-Magazin","article_publisher":"https:\/\/www.facebook.com\/Uelzener","article_modified_time":"2024-04-10T14:27:19+00:00","og_image":[{"width":650,"height":432,"url":"https:\/\/uelzener.de\/magazin\/app\/uploads\/2016\/10\/d5dac0b4-0b8b-4963-9579-594e460ac736.jpg","type":"image\/jpeg"}],"twitter_card":"summary_large_image","twitter_misc":{"Gesch\u00e4tzte Lesezeit":"2\u00a0Minuten"},"schema":{"@context":"https:\/\/schema.org","@graph":[{"@type":"WebPage","@id":"https:\/\/uelzener.de\/magazin\/hund\/rasseportrait\/deutsche-dogge\/","url":"https:\/\/uelzener.de\/magazin\/hund\/rasseportrait\/deutsche-dogge\/","name":"Deutsche Dogge im Rasseportrait \u2013 Aussehen & Charakter | Uelzener","isPartOf":{"@id":"https:\/\/uelzener.de\/magazin\/#website"},"primaryImageOfPage":{"@id":"https:\/\/uelzener.de\/magazin\/hund\/rasseportrait\/deutsche-dogge\/#primaryimage"},"image":{"@id":"https:\/\/uelzener.de\/magazin\/hund\/rasseportrait\/deutsche-dogge\/#primaryimage"},"thumbnailUrl":"https:\/\/uelzener.de\/magazin\/app\/uploads\/2016\/10\/d5dac0b4-0b8b-4963-9579-594e460ac736.jpg","datePublished":"2016-10-20T00:00:00+00:00","dateModified":"2024-04-10T14:27:19+00:00","description":"Erfahre alles zur Deutschen Dogge \u2713 Herkunft \u2713 Aussehen \u2713 Charakter \u2713 rassetypische Krankheiten \u2713 Lebenserwartung \u25b6 Mehr lesen!","breadcrumb":{"@id":"https:\/\/uelzener.de\/magazin\/hund\/rasseportrait\/deutsche-dogge\/#breadcrumb"},"inLanguage":"de","potentialAction":[{"@type":"ReadAction","target":["https:\/\/uelzener.de\/magazin\/hund\/rasseportrait\/deutsche-dogge\/"]}]},{"@type":"ImageObject","inLanguage":"de","@id":"https:\/\/uelzener.de\/magazin\/hund\/rasseportrait\/deutsche-dogge\/#primaryimage","url":"https:\/\/uelzener.de\/magazin\/app\/uploads\/2016\/10\/d5dac0b4-0b8b-4963-9579-594e460ac736.jpg","contentUrl":"https:\/\/uelzener.de\/magazin\/app\/uploads\/2016\/10\/d5dac0b4-0b8b-4963-9579-594e460ac736.jpg","width":650,"height":432,"caption":"Deutsche Dogge liegt auf einer gr\u00fcnen Wiese mit der Zunge aus dem Maul und schaut sanftm\u00fctig."},{"@type":"WebSite","@id":"https:\/\/uelzener.de\/magazin\/#website","url":"https:\/\/uelzener.de\/magazin\/","name":"Uelzener Tiermagazin","description":"Online Tierratgeber der Uelzener Versicherungen","publisher":{"@id":"https:\/\/uelzener.de\/magazin\/#organization"},"potentialAction":[{"@type":"SearchAction","target":{"@type":"EntryPoint","urlTemplate":"https:\/\/uelzener.de\/magazin\/?s={search_term_string}"},"query-input":{"@type":"PropertyValueSpecification","valueRequired":true,"valueName":"search_term_string"}}],"inLanguage":"de"},{"@type":"Organization","@id":"https:\/\/uelzener.de\/magazin\/#organization","name":"Uelzener Versicherungen","url":"https:\/\/uelzener.de\/magazin\/","logo":{"@type":"ImageObject","inLanguage":"de","@id":"https:\/\/uelzener.de\/magazin\/#\/schema\/logo\/image\/","url":"https:\/\/uelzener.de\/magazin\/app\/uploads\/2024\/11\/uelzener_allgemeine_versicherungsgesellschaft_a_g_logo.jpg","contentUrl":"https:\/\/uelzener.de\/magazin\/app\/uploads\/2024\/11\/uelzener_allgemeine_versicherungsgesellschaft_a_g_logo.jpg","width":200,"height":200,"caption":"Uelzener Versicherungen"},"image":{"@id":"https:\/\/uelzener.de\/magazin\/#\/schema\/logo\/image\/"},"sameAs":["https:\/\/www.facebook.com\/Uelzener","https:\/\/instagram.com\/uelzener","https:\/\/www.xing.com\/pages\/uelzenerallgemeineversicherungs-gesellschafta-g","https:\/\/www.youtube.com\/UelzenerVersicherungen"]}]}},"_links":{"self":[{"href":"https:\/\/uelzener.de\/magazin\/wp-json\/wp\/v2\/pages\/10036","targetHints":{"allow":["GET"]}}],"collection":[{"href":"https:\/\/uelzener.de\/magazin\/wp-json\/wp\/v2\/pages"}],"about":[{"href":"https:\/\/uelzener.de\/magazin\/wp-json\/wp\/v2\/types\/page"}],"author":[{"embeddable":true,"href":"https:\/\/uelzener.de\/magazin\/wp-json\/wp\/v2\/users\/1"}],"replies":[{"embeddable":true,"href":"https:\/\/uelzener.de\/magazin\/wp-json\/wp\/v2\/comments?post=10036"}],"version-history":[{"count":10,"href":"https:\/\/uelzener.de\/magazin\/wp-json\/wp\/v2\/pages\/10036\/revisions"}],"predecessor-version":[{"id":17274,"href":"https:\/\/uelzener.de\/magazin\/wp-json\/wp\/v2\/pages\/10036\/revisions\/17274"}],"up":[{"embeddable":true,"href":"https:\/\/uelzener.de\/magazin\/wp-json\/wp\/v2\/pages\/2475"}],"wp:featuredmedia":[{"embeddable":true,"href":"https:\/\/uelzener.de\/magazin\/wp-json\/wp\/v2\/media\/10626"}],"wp:attachment":[{"href":"https:\/\/uelzener.de\/magazin\/wp-json\/wp\/v2\/media?parent=10036"}],"curies":[{"name":"wp","href":"https:\/\/api.w.org\/{rel}","templated":true}]}}