{"id":10035,"date":"2023-05-23T15:00:00","date_gmt":"2023-05-23T13:00:00","guid":{"rendered":""},"modified":"2025-09-02T13:27:56","modified_gmt":"2025-09-02T11:27:56","slug":"hundenamen","status":"publish","type":"page","link":"https:\/\/uelzener.de\/magazin\/hund\/tipps-fuer-den-alltag\/hundenamen\/","title":{"rendered":"Hundenamen: Tipps zur Namenswahl"},"content":{"rendered":"<p>Der Tag ist gekommen, an dem ein neuer Hund in dein Leben tritt und deine Familie um ein weiteres Mitglied bereichert. W\u00e4hrend du bereits voller Vorfreude auf die kommenden Abenteuer wartest, steht noch eine wichtige Entscheidung aus: Wie soll dein neues Familienmitglied hei\u00dfen? Die Wahl des richtigen Hundenamens ist eine spannende Aufgabe, die viel \u00fcber die Pers\u00f6nlichkeit und das Wesen deines Hundes verraten kann. Erfahre wie du den perfekten Namen f\u00fcr deinen treuen Begleiter findest und erhalte wertvolle Tipps und Inspirationen, um den Namensfindungsprozess zu erleichtern.<\/p>\n<h2>Den richtigen Hundenamen w\u00e4hlen<\/h2>\n<p>Ein neuer <a href=\"https:\/\/uelzener.de\/magazin\/hund\/haltung\/welpe-zieht-ein\/\">Welpe zieht ein<\/a> und bringt Freude, Liebe und Abenteuer mit sich. Dabei ist die Wahl des richtigen Namens f\u00fcr den Vierbeiner nicht nur eine Frage des Geschmacks, sondern kann auch Einfluss auf die Beziehung zu deinem neuen Gef\u00e4hrten haben. F\u00fcr die Namensgebung solltest du dir ausreichend Ruhe und Zeit lassen, am besten du stellst sogar eine ganze Liste mit m\u00f6glichen Varianten zusammen, die nach und nach gek\u00fcrzt wird, bis ein Name \u00fcbrigbleibt.<\/p>\n<p>Folgende Faktoren k\u00f6nnen dabei ber\u00fccksichtigt werden:<\/p>\n<ul>\n<li>Charakter des Tieres<\/li>\n<li>Hunderasse<\/li>\n<li>Vorlieben des Hundes<\/li>\n<li>Pr\u00e4gnanz des Namens<\/li>\n<\/ul>\n<p><strong>Wichtig:<\/strong> Es ist ratsam, den Namen nach der Vergabe m\u00f6glichst nicht mehr zu \u00e4ndern. Vor allem <a href=\"https:\/\/uelzener.de\/magazin\/hund\/tiergesundheit\/alter-hund\/\">\u00e4ltere Hunde<\/a> k\u00f6nnten Schwierigkeiten haben, die Umstellung zu verstehen und den neuen Namen zu erlernen.<\/p>\n<h2>Die beliebtesten Hundenamen in Deutschland<\/h2>\n<p>Hunde sind oftmals nicht nur Haustiere, sondern oft auch vollwertige Familienmitglieder. Bei der Wahl eines Namens f\u00fcr deinen pelzigen Freund legen Hundebesitzer gro\u00dfen Wert auf Individualit\u00e4t und Pers\u00f6nlichkeit. Doch welche Namen sind eigentlich am beliebtesten?<\/p>\n<h3>Beliebteste Hundenamen f\u00fcr R\u00fcden<\/h3>\n<ul>\n<li>Balu<\/li>\n<li>Buddy<\/li>\n<li>Rocky<\/li>\n<li>Lucky<\/li>\n<li>Milo<\/li>\n<li>Sam<\/li>\n<li>Jack<\/li>\n<li>Bruno<\/li>\n<li>Sammy<\/li>\n<li>Chico<\/li>\n<\/ul>\n<h3>Beliebteste Hundenamen weiblich<\/h3>\n<ul>\n<li>Luna<\/li>\n<li>Bella<\/li>\n<li>Nala<\/li>\n<li>Lucy<\/li>\n<li>Emma<\/li>\n<li>Kira<\/li>\n<li>Lotte<\/li>\n<li>Lilly<\/li>\n<li>Maya<\/li>\n<li>Amy<\/li>\n<\/ul>\n<h3>S\u00fc\u00dfe Hundenamen<\/h3>\n<p>Bei der Auswahl eines s\u00fc\u00dfen Hundenamens f\u00fcr deinen <a href=\"https:\/\/uelzener.de\/welpen\/\">Welpen<\/a> ist es wichtig zu bedenken, ob der Name auch zu ihm passt, wenn er ausgewachsen ist. Ein Name, der in der Welpenphase s\u00fc\u00df und passend erscheint, sollte auch noch angemessen sein, wenn der Hund seine volle Gr\u00f6\u00dfe erreicht hat.<\/p>\n<p><strong>Zur Info: <\/strong>Denke daran, deinen Welpen richtig zu versichern. Eine <a href=\"https:\/\/uelzener.de\/welpen\/\">Welpenversicherung<\/a> bietet umfassenden Schutz f\u00fcr deinen kleinen Liebling und hilft bei unvorhergesehenen Tierarztkosten, Unf\u00e4llen oder Krankheiten.<\/p>\n<p>Einige Beispiele f\u00fcr s\u00fc\u00dfe Hundenamen sind:<\/p>\n<ul>\n<li>Dino<\/li>\n<li>Janosch<\/li>\n<li>Kr\u00fcmel<\/li>\n<li>Mogli<\/li>\n<li>Teddy<\/li>\n<li>Blume<\/li>\n<li>Buffy<\/li>\n<li>Flocke<\/li>\n<li>Melody<\/li>\n<li>Sunny<\/li>\n<\/ul>\n<p>2022 hat die Uelzener Versicherung eine Studie auf eigener Kundendaten basierend durchgef\u00fchrt und festgestellt, welche die beliebtesten Hundenamen bei uns sind:<\/p>\n<p><img decoding=\"async\" class=\"alignnone wp-image-18698 size-large\" src=\"https:\/\/uelzener.de\/magazin\/app\/uploads\/2025\/07\/Uelzener-Medienservice_Hundenamen_quer_RGB-1024x758.jpg\" alt=\"Infografik zu &quot;Die beliebtesten Hundenamen&quot; aus Kundendaten der Uelzener Versicherungen.\" width=\"1024\" height=\"758\" srcset=\"https:\/\/uelzener.de\/magazin\/app\/uploads\/2025\/07\/Uelzener-Medienservice_Hundenamen_quer_RGB-1024x758.jpg 1024w, https:\/\/uelzener.de\/magazin\/app\/uploads\/2025\/07\/Uelzener-Medienservice_Hundenamen_quer_RGB-300x222.jpg 300w, https:\/\/uelzener.de\/magazin\/app\/uploads\/2025\/07\/Uelzener-Medienservice_Hundenamen_quer_RGB-768x569.jpg 768w, https:\/\/uelzener.de\/magazin\/app\/uploads\/2025\/07\/Uelzener-Medienservice_Hundenamen_quer_RGB-1536x1138.jpg 1536w, https:\/\/uelzener.de\/magazin\/app\/uploads\/2025\/07\/Uelzener-Medienservice_Hundenamen_quer_RGB-150x110.jpg 150w, https:\/\/uelzener.de\/magazin\/app\/uploads\/2025\/07\/Uelzener-Medienservice_Hundenamen_quer_RGB-1026x760.jpg 1026w, https:\/\/uelzener.de\/magazin\/app\/uploads\/2025\/07\/Uelzener-Medienservice_Hundenamen_quer_RGB-668x495.jpg 668w, https:\/\/uelzener.de\/magazin\/app\/uploads\/2025\/07\/Uelzener-Medienservice_Hundenamen_quer_RGB.jpg 1596w\" sizes=\"(max-width: 1024px) 100vw, 1024px\" \/><\/p>\n<h2>Hundenamen im Wandel der Zeit<\/h2>\n<p>W\u00e4hrend noch vor drei\u00dfig Jahren ein Gro\u00dfteil aller Welpen auf \u201eHasso\u201c, \u201eRex\u201c oder \u201eBello\u201c h\u00f6rte, scheinen diese Namen mittlerweile ausgedient zu haben. Vernimmt man heute im Park allerdings ein energisches \u201ePaul, nun komm aber auch!\u201c, ist damit fast ebenso oft ein Hund wie ein Nachwuchs auf zwei Beinen gemeint. Gleichzeitig erfreut sich auch Ausgefallenes wie \u201eBonatella\u201c, \u201eLord Byron\u201c oder gar \u201ePingpong\u201c bei der Namensgebung von Hunden immer gr\u00f6\u00dferer Beliebtheit. Wie aber lassen sich diese Entwicklungen eigentlich erkl\u00e4ren?<\/p>\n<h3>Klassische Hundenamen<\/h3>\n<p>Bis vor einiger Zeit wurden Hunde meist aus ganz pragmatischen Gr\u00fcnden gehalten: Sie sollten das Haus bewachen, eine Herde zusammenhalten oder andere Aufgaben erf\u00fcllen. Nach dem Tod gaben \u201eHasso\u201c oder \u201eBello\u201c ihren Namen an den Nachfolger weiter \u2013 oft sogar dann, wenn es sich dabei um eine H\u00fcndin handelte.<\/p>\n<h3>So hei\u00dfen Hunde heute<\/h3>\n<p>Wer heutzutage auf Hunde trifft, wird feststellen, dass diese immer h\u00e4ufiger wie Menschen hei\u00dfen. Ob \u201eEmma\u201c oder \u201eMax\u201c, \u201eKira\u201c oder \u201ePaul\u201c: Was f\u00fcr den menschlichen Nachwuchs gut ist, scheint auch f\u00fcr tierische Begleiter geeignet zu sein. Doch woher kommt ein solcher Trend?<\/p>\n<p>Tatsache ist, dass Hunde heute nicht mehr vordergr\u00fcndig als Arbeitstiere, sondern als Partner und Familienmitglieder angesehen werden. Diese neuen Rollen sollen sich auch in ihren Namen widerspiegeln. Au\u00dferdem misst man den individuellen Eigenschaften eines Hundes gr\u00f6\u00dfere Bedeutung bei: So wird ein Hund mit besonders viel Fell zum Beispiel \u201eF\u00f6rby\u201c genannt \u2013 vom englischen \u201efurry\u201c = pelzig \u2013 und die anspruchsvolle Hundedame eben \u201eDiva\u201c.<\/p>\n<h3>Namen ohne Grenzen<\/h3>\n<p>Idole aus Funk und Fernsehen, Lied- und Filmtitel, Lieblingsgetr\u00e4nke \u2013 all das kann als Inspiration f\u00fcr den Namen des Hundes herhalten. Wer wundert sich da noch, wenn er auf dem Spaziergang einem munteren \u201eJackson\u201c, einem stockn\u00fcchternen \u201eBaileys\u201c oder sogar einem leicht bedenklichen \u201e<a href=\"https:\/\/uelzener.de\/magazin\/hund\/haeufige-fragen\/horrorfilme-mit-hunden\/\">Cujo<\/a>\u201c begegnet.<\/p>\n<p>In der Promiwelt, die bereits f\u00fcr ihre ganz speziellen Kindernamen bekannt ist, setzt sich der Hang zum Ungew\u00f6hnlichen auch beim Vierbeiner fort: Als H\u00fcndin von Paris Hilton ist man deshalb nicht einmal vor einem Namen wie \u201eHarabuju Bitch\u201c gefeit.<\/p>\n<p>PS: Hunde mit reinrassiger Abstammung werden offiziell nach dem jeweiligen Wurf und dem Zwinger benannt.<\/p>\n\n<div class=\"related_articles boxed\">\n    <h2>Mehr zum Thema<\/h2>\n    \n    <div class=\"wrapper\"><div class=\"title align-center\"><h3><a href=\"https:\/\/uelzener.de\/magazin\/hund\/erziehung-und-training\/hundekommandos\/\">Hundekommandos, die sitzen sollten<\/a><\/h3><\/div><div class=\"img align-center\"><img decoding=\"async\" width=\"315\" height=\"180\" src=\"https:\/\/uelzener.de\/magazin\/app\/uploads\/2022\/09\/Aufmerksamer-Hund-trainiert-mit-Besitzerin-Grundkommandos-315x180.jpg\" class=\"attachment-315x180 size-315x180 wp-post-image\" alt=\"Aufmerksamer Hund trainiert mit Frauchen das Hundekommando, gib Pfote.\" \/><\/div><\/div><div class=\"wrapper\"><div class=\"title align-center\"><h3><a href=\"https:\/\/uelzener.de\/magazin\/hund\/tiergesundheit\/hundekrankheiten-unfaelle\/\">Hundekrankheiten und Unf\u00e4lle, die du unbedingt kennen musst<\/a><\/h3><\/div><div class=\"img align-center\"><img decoding=\"async\" width=\"315\" height=\"180\" src=\"https:\/\/uelzener.de\/magazin\/app\/uploads\/2023\/01\/haeufige-hundekrankheiten-unfaelle-315x180.jpg\" class=\"attachment-315x180 size-315x180 wp-post-image\" alt=\"Kranker Hund wird gestreichelt.\" \/><\/div><\/div><div class=\"wrapper\"><div class=\"title align-center\"><h3><a href=\"https:\/\/uelzener.de\/magazin\/hund\/rasseportrait\/hunderassen-uebersicht-welcher-hund-passt-zu-mir\/\">F\u00fcr jeden Topf ein Deckel: Welche Hunderasse passt zu mir? Hunderassen in der \u00dcbersicht<\/a><\/h3><\/div><div class=\"img align-center\"><img decoding=\"async\" width=\"315\" height=\"180\" src=\"https:\/\/uelzener.de\/magazin\/app\/uploads\/2022\/08\/Drei-verschiedene-Hunderassen-sitzen-auf-Rasen-315x180.jpg\" class=\"attachment-315x180 size-315x180 wp-post-image\" alt=\"Drei Hunderassen sitzen nebeneinander auf einer Wiese.\" \/><\/div><\/div><\/div>\n\n<h2>Fazit<\/h2>\n<p>Die Wahl des richtigen Namens f\u00fcr einen neuen Hund ist spannend und enth\u00fcllt viel \u00fcber seine Pers\u00f6nlichkeit und sein Wesen. Bei der Entscheidung sollten Aspekte wie Charakter, Rasse und Vorlieben ber\u00fccksichtigt werden. Erstelle eine Liste mit potenziellen Namen und k\u00fcrze diese um den passenden Namen zu finden. Steht der Name fest, sollte dieser nach der Vergabe nicht mehr ge\u00e4ndert werden, um Verwirrung beim Hund zu vermeiden.<\/p>\n<h2>FAQs: H\u00e4ufige Fragen zum Thema Hundenamen<\/h2>\n<h3>Auf welche Namen reagieren Hunde am besten?<\/h3>\n<p>Manche Anfangsbuchstaben oder Lautkombinationen kommen bei Hunden besonders gut an. Zum Beispiel haben Buchstaben wie \u201es\u201c, \u201esch\u201c, \u201ech\u201c oder \u201ek\u201c eine besondere Bedeutung f\u00fcr Hunde. Es ist auch vorteilhaft, wenn der Name des Hundes mit einem Vokal endet. Einige Beispiele daf\u00fcr sind Charly, Simba oder Balou. Der Klang des Namens ist wichtiger als seine Bedeutung.<\/p>\n<h3>Wie soll ein Hundename klingen?<\/h3>\n<p>Ein idealerer Hundename sollte idealerweise zwei Silben haben. Ein einsilbiger Name ist zu kurz, um vom Hund akustisch erkannt zu werden. Namen mit mehr als zwei Silben sind jedoch oft zu lang, wenn der Hund gerufen wird.<\/p>\n<h3>Kann man einen 1-j\u00e4hrigen Hund noch umbenennen?<\/h3>\n<p>Im besten Fall sollte der Name nach der Vergabe m\u00f6glichst nicht mehr ge\u00e4ndert werden. Eine Namens\u00e4nderung bedarf bei \u00e4lteren Hunden viel Geduld und Disziplin, bis sich der Vierbeiner an den neuen Namen gew\u00f6hnt hat.<\/p>\n","protected":false},"excerpt":{"rendered":"<p>Der Tag ist gekommen, an dem ein neuer Hund in dein Leben tritt und deine Familie um ein weiteres Mitglied bereichert. W\u00e4hrend du bereits voller Vorfreude auf die kommenden Abenteuer wartest, steht noch eine wichtige Entscheidung aus: Wie soll dein neues Familienmitglied hei\u00dfen? Die Wahl des richtigen Hundenamens ist eine spannende Aufgabe, die viel \u00fcber [&hellip;]<\/p>\n","protected":false},"author":1,"featured_media":15601,"parent":11707,"menu_order":13,"comment_status":"open","ping_status":"open","template":"templates\/blog.php","meta":{"_acf_changed":false,"_crdt_document":"","footnotes":"","beyondwords_generate_audio":"0","beyondwords_project_id":"","beyondwords_content_id":"","beyondwords_preview_token":"","beyondwords_player_style":"","beyondwords_language_id":"","beyondwords_title_voice_id":"","beyondwords_body_voice_id":"","beyondwords_summary_voice_id":"","beyondwords_error_message":"","beyondwords_disabled":"","beyondwords_delete_content":"","beyondwords_podcast_id":"","beyondwords_hash":"","publish_post_to_speechkit":"","speechkit_hash":"","speechkit_generate_audio":"","speechkit_project_id":"","speechkit_podcast_id":"","speechkit_error_message":"","speechkit_disabled":"","speechkit_access_key":"","speechkit_error":"","speechkit_info":"","speechkit_response":"","speechkit_retries":"","speechkit_status":"","speechkit_updated_at":"","_speechkit_link":"","_speechkit_text":""},"class_list":["post-10035","page","type-page","status-publish","has-post-thumbnail","hentry"],"acf":[],"yoast_head":"<!-- This site is optimized with the Yoast SEO Premium plugin  - https:\/\/yoast.com\/product\/yoast-seo-premium-wordpress\/ -->\n<title>Den passenden Hundenamen f\u00fcr deinen Hund finden | Uelzener Tier-Magazin<\/title>\n<meta name=\"description\" content=\"Welcher Name passt zu deinem Hund? \u25b6 Wir geben dir Tipps, wie du den passenden Namen f\u00fcr deinen Vierbeiner findest!\" \/>\n<meta name=\"robots\" content=\"index, follow, max-snippet:-1, max-image-preview:large, max-video-preview:-1\" \/>\n<link rel=\"canonical\" href=\"https:\/\/uelzener.de\/magazin\/hund\/tipps-fuer-den-alltag\/hundenamen\/\" \/>\n<meta property=\"og:locale\" content=\"de_DE\" \/>\n<meta property=\"og:type\" content=\"article\" \/>\n<meta property=\"og:title\" content=\"Hundenamen: Tipps zur Namenswahl\" \/>\n<meta property=\"og:description\" content=\"Welcher Name passt zu deinem Hund? \u25b6 Wir geben dir Tipps, wie du den passenden Namen f\u00fcr deinen Vierbeiner findest!\" \/>\n<meta property=\"og:url\" content=\"https:\/\/uelzener.de\/magazin\/hund\/tipps-fuer-den-alltag\/hundenamen\/\" \/>\n<meta property=\"og:site_name\" content=\"Uelzener Tier-Magazin\" \/>\n<meta property=\"article:publisher\" content=\"https:\/\/www.facebook.com\/Uelzener\" \/>\n<meta property=\"article:modified_time\" content=\"2025-09-02T11:27:56+00:00\" \/>\n<meta property=\"og:image\" content=\"https:\/\/uelzener.de\/magazin\/app\/uploads\/2023\/05\/hundenamen.jpg\" \/>\n\t<meta property=\"og:image:width\" content=\"1025\" \/>\n\t<meta property=\"og:image:height\" content=\"450\" \/>\n\t<meta property=\"og:image:type\" content=\"image\/jpeg\" \/>\n<meta name=\"twitter:card\" content=\"summary_large_image\" \/>\n<meta name=\"twitter:label1\" content=\"Gesch\u00e4tzte Lesezeit\" \/>\n\t<meta name=\"twitter:data1\" content=\"6\u00a0Minuten\" \/>\n<script type=\"application\/ld+json\" class=\"yoast-schema-graph\">{\"@context\":\"https:\/\/schema.org\",\"@graph\":[{\"@type\":\"WebPage\",\"@id\":\"https:\/\/uelzener.de\/magazin\/hund\/tipps-fuer-den-alltag\/hundenamen\/\",\"url\":\"https:\/\/uelzener.de\/magazin\/hund\/tipps-fuer-den-alltag\/hundenamen\/\",\"name\":\"Den passenden Hundenamen f\u00fcr deinen Hund finden | Uelzener Tier-Magazin\",\"isPartOf\":{\"@id\":\"https:\/\/uelzener.de\/magazin\/#website\"},\"primaryImageOfPage\":{\"@id\":\"https:\/\/uelzener.de\/magazin\/hund\/tipps-fuer-den-alltag\/hundenamen\/#primaryimage\"},\"image\":{\"@id\":\"https:\/\/uelzener.de\/magazin\/hund\/tipps-fuer-den-alltag\/hundenamen\/#primaryimage\"},\"thumbnailUrl\":\"https:\/\/uelzener.de\/magazin\/app\/uploads\/2023\/05\/hundenamen.jpg\",\"datePublished\":\"2023-05-23T13:00:00+00:00\",\"dateModified\":\"2025-09-02T11:27:56+00:00\",\"description\":\"Welcher Name passt zu deinem Hund? \u25b6 Wir geben dir Tipps, wie du den passenden Namen f\u00fcr deinen Vierbeiner findest!\",\"breadcrumb\":{\"@id\":\"https:\/\/uelzener.de\/magazin\/hund\/tipps-fuer-den-alltag\/hundenamen\/#breadcrumb\"},\"inLanguage\":\"de\",\"potentialAction\":[{\"@type\":\"ReadAction\",\"target\":[\"https:\/\/uelzener.de\/magazin\/hund\/tipps-fuer-den-alltag\/hundenamen\/\"]}]},{\"@type\":\"ImageObject\",\"inLanguage\":\"de\",\"@id\":\"https:\/\/uelzener.de\/magazin\/hund\/tipps-fuer-den-alltag\/hundenamen\/#primaryimage\",\"url\":\"https:\/\/uelzener.de\/magazin\/app\/uploads\/2023\/05\/hundenamen.jpg\",\"contentUrl\":\"https:\/\/uelzener.de\/magazin\/app\/uploads\/2023\/05\/hundenamen.jpg\",\"width\":1025,\"height\":450,\"caption\":\"Hund mit tollem Hundenamen schaut freudig hoch.\"},{\"@type\":\"WebSite\",\"@id\":\"https:\/\/uelzener.de\/magazin\/#website\",\"url\":\"https:\/\/uelzener.de\/magazin\/\",\"name\":\"Uelzener Tiermagazin\",\"description\":\"Online Tierratgeber der Uelzener Versicherungen\",\"publisher\":{\"@id\":\"https:\/\/uelzener.de\/magazin\/#organization\"},\"potentialAction\":[{\"@type\":\"SearchAction\",\"target\":{\"@type\":\"EntryPoint\",\"urlTemplate\":\"https:\/\/uelzener.de\/magazin\/?s={search_term_string}\"},\"query-input\":{\"@type\":\"PropertyValueSpecification\",\"valueRequired\":true,\"valueName\":\"search_term_string\"}}],\"inLanguage\":\"de\"},{\"@type\":\"Organization\",\"@id\":\"https:\/\/uelzener.de\/magazin\/#organization\",\"name\":\"Uelzener Versicherungen\",\"url\":\"https:\/\/uelzener.de\/magazin\/\",\"logo\":{\"@type\":\"ImageObject\",\"inLanguage\":\"de\",\"@id\":\"https:\/\/uelzener.de\/magazin\/#\/schema\/logo\/image\/\",\"url\":\"https:\/\/uelzener.de\/magazin\/app\/uploads\/2024\/11\/uelzener_allgemeine_versicherungsgesellschaft_a_g_logo.jpg\",\"contentUrl\":\"https:\/\/uelzener.de\/magazin\/app\/uploads\/2024\/11\/uelzener_allgemeine_versicherungsgesellschaft_a_g_logo.jpg\",\"width\":200,\"height\":200,\"caption\":\"Uelzener Versicherungen\"},\"image\":{\"@id\":\"https:\/\/uelzener.de\/magazin\/#\/schema\/logo\/image\/\"},\"sameAs\":[\"https:\/\/www.facebook.com\/Uelzener\",\"https:\/\/instagram.com\/uelzener\",\"https:\/\/www.xing.com\/pages\/uelzenerallgemeineversicherungs-gesellschafta-g\",\"https:\/\/www.youtube.com\/UelzenerVersicherungen\"]}]}<\/script>\n<!-- \/ Yoast SEO Premium plugin. -->","yoast_head_json":{"title":"Den passenden Hundenamen f\u00fcr deinen Hund finden | Uelzener Tier-Magazin","description":"Welcher Name passt zu deinem Hund? \u25b6 Wir geben dir Tipps, wie du den passenden Namen f\u00fcr deinen Vierbeiner findest!","robots":{"index":"index","follow":"follow","max-snippet":"max-snippet:-1","max-image-preview":"max-image-preview:large","max-video-preview":"max-video-preview:-1"},"canonical":"https:\/\/uelzener.de\/magazin\/hund\/tipps-fuer-den-alltag\/hundenamen\/","og_locale":"de_DE","og_type":"article","og_title":"Hundenamen: Tipps zur Namenswahl","og_description":"Welcher Name passt zu deinem Hund? \u25b6 Wir geben dir Tipps, wie du den passenden Namen f\u00fcr deinen Vierbeiner findest!","og_url":"https:\/\/uelzener.de\/magazin\/hund\/tipps-fuer-den-alltag\/hundenamen\/","og_site_name":"Uelzener Tier-Magazin","article_publisher":"https:\/\/www.facebook.com\/Uelzener","article_modified_time":"2025-09-02T11:27:56+00:00","og_image":[{"width":1025,"height":450,"url":"https:\/\/uelzener.de\/magazin\/app\/uploads\/2023\/05\/hundenamen.jpg","type":"image\/jpeg"}],"twitter_card":"summary_large_image","twitter_misc":{"Gesch\u00e4tzte Lesezeit":"6\u00a0Minuten"},"schema":{"@context":"https:\/\/schema.org","@graph":[{"@type":"WebPage","@id":"https:\/\/uelzener.de\/magazin\/hund\/tipps-fuer-den-alltag\/hundenamen\/","url":"https:\/\/uelzener.de\/magazin\/hund\/tipps-fuer-den-alltag\/hundenamen\/","name":"Den passenden Hundenamen f\u00fcr deinen Hund finden | Uelzener Tier-Magazin","isPartOf":{"@id":"https:\/\/uelzener.de\/magazin\/#website"},"primaryImageOfPage":{"@id":"https:\/\/uelzener.de\/magazin\/hund\/tipps-fuer-den-alltag\/hundenamen\/#primaryimage"},"image":{"@id":"https:\/\/uelzener.de\/magazin\/hund\/tipps-fuer-den-alltag\/hundenamen\/#primaryimage"},"thumbnailUrl":"https:\/\/uelzener.de\/magazin\/app\/uploads\/2023\/05\/hundenamen.jpg","datePublished":"2023-05-23T13:00:00+00:00","dateModified":"2025-09-02T11:27:56+00:00","description":"Welcher Name passt zu deinem Hund? \u25b6 Wir geben dir Tipps, wie du den passenden Namen f\u00fcr deinen Vierbeiner findest!","breadcrumb":{"@id":"https:\/\/uelzener.de\/magazin\/hund\/tipps-fuer-den-alltag\/hundenamen\/#breadcrumb"},"inLanguage":"de","potentialAction":[{"@type":"ReadAction","target":["https:\/\/uelzener.de\/magazin\/hund\/tipps-fuer-den-alltag\/hundenamen\/"]}]},{"@type":"ImageObject","inLanguage":"de","@id":"https:\/\/uelzener.de\/magazin\/hund\/tipps-fuer-den-alltag\/hundenamen\/#primaryimage","url":"https:\/\/uelzener.de\/magazin\/app\/uploads\/2023\/05\/hundenamen.jpg","contentUrl":"https:\/\/uelzener.de\/magazin\/app\/uploads\/2023\/05\/hundenamen.jpg","width":1025,"height":450,"caption":"Hund mit tollem Hundenamen schaut freudig hoch."},{"@type":"WebSite","@id":"https:\/\/uelzener.de\/magazin\/#website","url":"https:\/\/uelzener.de\/magazin\/","name":"Uelzener Tiermagazin","description":"Online Tierratgeber der Uelzener Versicherungen","publisher":{"@id":"https:\/\/uelzener.de\/magazin\/#organization"},"potentialAction":[{"@type":"SearchAction","target":{"@type":"EntryPoint","urlTemplate":"https:\/\/uelzener.de\/magazin\/?s={search_term_string}"},"query-input":{"@type":"PropertyValueSpecification","valueRequired":true,"valueName":"search_term_string"}}],"inLanguage":"de"},{"@type":"Organization","@id":"https:\/\/uelzener.de\/magazin\/#organization","name":"Uelzener Versicherungen","url":"https:\/\/uelzener.de\/magazin\/","logo":{"@type":"ImageObject","inLanguage":"de","@id":"https:\/\/uelzener.de\/magazin\/#\/schema\/logo\/image\/","url":"https:\/\/uelzener.de\/magazin\/app\/uploads\/2024\/11\/uelzener_allgemeine_versicherungsgesellschaft_a_g_logo.jpg","contentUrl":"https:\/\/uelzener.de\/magazin\/app\/uploads\/2024\/11\/uelzener_allgemeine_versicherungsgesellschaft_a_g_logo.jpg","width":200,"height":200,"caption":"Uelzener Versicherungen"},"image":{"@id":"https:\/\/uelzener.de\/magazin\/#\/schema\/logo\/image\/"},"sameAs":["https:\/\/www.facebook.com\/Uelzener","https:\/\/instagram.com\/uelzener","https:\/\/www.xing.com\/pages\/uelzenerallgemeineversicherungs-gesellschafta-g","https:\/\/www.youtube.com\/UelzenerVersicherungen"]}]}},"_links":{"self":[{"href":"https:\/\/uelzener.de\/magazin\/wp-json\/wp\/v2\/pages\/10035","targetHints":{"allow":["GET"]}}],"collection":[{"href":"https:\/\/uelzener.de\/magazin\/wp-json\/wp\/v2\/pages"}],"about":[{"href":"https:\/\/uelzener.de\/magazin\/wp-json\/wp\/v2\/types\/page"}],"author":[{"embeddable":true,"href":"https:\/\/uelzener.de\/magazin\/wp-json\/wp\/v2\/users\/1"}],"replies":[{"embeddable":true,"href":"https:\/\/uelzener.de\/magazin\/wp-json\/wp\/v2\/comments?post=10035"}],"version-history":[{"count":10,"href":"https:\/\/uelzener.de\/magazin\/wp-json\/wp\/v2\/pages\/10035\/revisions"}],"predecessor-version":[{"id":19104,"href":"https:\/\/uelzener.de\/magazin\/wp-json\/wp\/v2\/pages\/10035\/revisions\/19104"}],"up":[{"embeddable":true,"href":"https:\/\/uelzener.de\/magazin\/wp-json\/wp\/v2\/pages\/11707"}],"wp:featuredmedia":[{"embeddable":true,"href":"https:\/\/uelzener.de\/magazin\/wp-json\/wp\/v2\/media\/15601"}],"wp:attachment":[{"href":"https:\/\/uelzener.de\/magazin\/wp-json\/wp\/v2\/media?parent=10035"}],"curies":[{"name":"wp","href":"https:\/\/api.w.org\/{rel}","templated":true}]}}