{"id":10030,"date":"2015-11-24T00:00:00","date_gmt":"2015-11-23T23:00:00","guid":{"rendered":""},"modified":"2025-04-15T10:46:34","modified_gmt":"2025-04-15T08:46:34","slug":"mit-hund-im-schnee","status":"publish","type":"page","link":"https:\/\/uelzener.de\/magazin\/hund\/tiergesundheit\/mit-hund-im-schnee\/","title":{"rendered":"Hund im Schnee: Den Winter gefahrlos genie\u00dfen"},"content":{"rendered":"<p><strong>Es ist wieder soweit: Der Winter steht vor der T\u00fcr und damit Schnee, Frost und K\u00e4lte. Den meisten Hunden macht es viel Spa\u00df, durch den Schnee zu toben. Damit dieses Vergn\u00fcgen keine Nachteile mit sich bringt, m\u00fcssen allerdings ein paar Kleinigkeiten beachtet werden.<\/strong><\/p>\n<p>Schnee ist toll. Man kann darin herum w\u00fchlen, sich eingraben oder sich genussvoll w\u00e4lzen. Allerdings hat Schnee auch die unangenehme Eigenschaft, zwischen den Zehenballen der Hundepfote zu verklumpen. Das kann dr\u00fccken und scheuern, so dass der Hund nicht mehr auftreten mag. Als Vorbeugung kann man vorher die Haare zwischen den Zehenballen etwas eink\u00fcrzen, damit sich dort nicht so viel Schnee zusammen ballt. Das wird idealerweise von einem Fachmann durchgef\u00fchrt (Hundefriseur oder Tierarzt), damit der empfindliche Ballen nicht verletzt wird.<\/p>\n<p>Ein Spaziergang im Schnee sollte generell nicht zu lange dauern, denn besonders das Laufen auf frostigem Boden oder verharschtem Schnee strapaziert die Pfoten. Als Schutz kann man die Hundepfote vor dem Spaziergang mit Vaseline einreiben. Sind die Wege gestreut, sollte man die Pfoten nach dem Gang mit k\u00fchlem Wasser abwaschen. Wichtig ist, dass der Hund seine Pfoten nicht selbst ableckt und dabei Salz aufnimmt. Das kann zu Magenproblemen f\u00fchren. Besser noch, man meidet Strecken mit Salz oder auch Streusplitt. Denn die scharfkantigen kleinen Gesteinssplitter k\u00f6nnen den Hundepfoten schmerzhafte Schnitte zuf\u00fcgen. Notfalls helfen hier auch <strong><a href=\"https:\/\/uelzener.de\/magazin\/hund\/haltung\/hundeschuhe-winter\/\">Hundeschuhe<\/a><\/strong>.<\/p>\n<p>A propos Hundekleidung: Die oftmals bel\u00e4chelten M\u00e4ntelchen k\u00f6nnen zum Beispiel f\u00fcr alte oder kranke Hunde im Winter durchaus sinnvoll sein. Wichtig ist, dass sie gut sitzen und nirgendwo einengen oder scheuern. Allerdings sind nicht alle Hunde davon begeistert, so ein J\u00e4ckchen zu tragen und verkneifen sich unter Umst\u00e4nden das kleine oder gro\u00dfe Gesch\u00e4ft.<\/p>\n<p>Ansonsten kommen gesunde Hunde mit Schnee und K\u00e4lte gut zurecht, vorausgesetzt, dass sie sich ausreichend bewegen k\u00f6nnen. Herumstehen oder -sitzen ist Gift f\u00fcr sie. Lediglich das Baden im eisigen Wasser sollte im Winter eingestellt werden, denn auch Hunde k\u00f6nnen sich verk\u00fchlen. Eisfl\u00e4chen \u00fcber Gew\u00e4ssern, die nicht freigegeben sind, d\u00fcrfen \u00fcbrigens auch von Hunden nicht betreten werden! Vorsicht ist auch bei glatten Wegen geboten, damit die Hunde nicht ausrutschen und sich verletzen.<\/p>\n<p>Beim Spaziergang muss darauf geachtet werden, dass der Hund nicht zu viel Schnee aufnimmt. Ein Maul voll Schnee macht noch nichts, aber gr\u00f6\u00dfere Mengen des eiskalten, oft auch noch mit Salzresten verunreinigten Zeugs k\u00f6nnen Magenschmerzen (\u201eSchneegastritis\u201c) mit <a href=\"https:\/\/uelzener.de\/magazin\/hund\/haeufige-fragen\/durchfall-beim-hund-verdauung\/\">Durchfall<\/a> und Erbrechen hervorrufen. Zudem besteht besonders bei kleinen Hunden die Gefahr des Ausk\u00fchlens. Beginnt der <strong>Hund zu frieren<\/strong>, sollte er schleunigst ins Warme oder wenigstens in eine mollige Decke gewickelt werden. Im Haus wird der Hund trocken gerubbelt und\u00a0 darf sich anschlie\u00dfend an einem warmen Platz einkuscheln. Bis zur n\u00e4chsten Schnee-Runde.<\/p>\n","protected":false},"excerpt":{"rendered":"<p>Es ist wieder soweit: Der Winter steht vor der T\u00fcr und damit Schnee, Frost und K\u00e4lte. Den meisten Hunden macht es viel Spa\u00df, durch den Schnee zu toben. Damit dieses Vergn\u00fcgen keine Nachteile mit sich bringt, m\u00fcssen allerdings ein paar Kleinigkeiten beachtet werden. Schnee ist toll. Man kann darin herum w\u00fchlen, sich eingraben oder sich [&hellip;]<\/p>\n","protected":false},"author":1,"featured_media":10620,"parent":11701,"menu_order":47,"comment_status":"closed","ping_status":"closed","template":"templates\/blog.php","meta":{"_acf_changed":false,"_crdt_document":"","footnotes":"","beyondwords_generate_audio":"","beyondwords_project_id":"","beyondwords_content_id":"","beyondwords_preview_token":"","beyondwords_player_style":"","beyondwords_language_id":"","beyondwords_title_voice_id":"","beyondwords_body_voice_id":"","beyondwords_summary_voice_id":"","beyondwords_error_message":"","beyondwords_disabled":"","beyondwords_delete_content":"","beyondwords_podcast_id":"","beyondwords_hash":"","publish_post_to_speechkit":"","speechkit_hash":"","speechkit_generate_audio":"","speechkit_project_id":"","speechkit_podcast_id":"","speechkit_error_message":"","speechkit_disabled":"","speechkit_access_key":"","speechkit_error":"","speechkit_info":"","speechkit_response":"","speechkit_retries":"","speechkit_status":"","speechkit_updated_at":"","_speechkit_link":"","_speechkit_text":""},"class_list":["post-10030","page","type-page","status-publish","has-post-thumbnail","hentry"],"acf":[],"yoast_head":"<!-- This site is optimized with the Yoast SEO Premium plugin  - https:\/\/yoast.com\/product\/yoast-seo-premium-wordpress\/ -->\n<title>Hund im Schnee \u2013 den Winter mit Hund gefahrlos genie\u00dfen | Uelzener<\/title>\n<meta name=\"description\" content=\"So kannst Du mit Deinem Hund im Winter gefahrlos den Schnee genie\u00dfen \u2713 Spazierg\u00e4nge \u2713 Pfotenpflege \u2713 uvm. \u25b6 Hier informieren!\" \/>\n<meta name=\"robots\" content=\"index, follow, max-snippet:-1, max-image-preview:large, max-video-preview:-1\" \/>\n<link rel=\"canonical\" href=\"https:\/\/uelzener.de\/magazin\/hund\/tiergesundheit\/mit-hund-im-schnee\/\" \/>\n<meta property=\"og:locale\" content=\"de_DE\" \/>\n<meta property=\"og:type\" content=\"article\" \/>\n<meta property=\"og:title\" content=\"Hund im Schnee: Den Winter gefahrlos genie\u00dfen\" \/>\n<meta property=\"og:description\" content=\"So kannst Du mit Deinem Hund im Winter gefahrlos den Schnee genie\u00dfen \u2713 Spazierg\u00e4nge \u2713 Pfotenpflege \u2713 uvm. \u25b6 Hier informieren!\" \/>\n<meta property=\"og:url\" content=\"https:\/\/uelzener.de\/magazin\/hund\/tiergesundheit\/mit-hund-im-schnee\/\" \/>\n<meta property=\"og:site_name\" content=\"Uelzener Tier-Magazin\" \/>\n<meta property=\"article:publisher\" content=\"https:\/\/www.facebook.com\/Uelzener\" \/>\n<meta property=\"article:modified_time\" content=\"2025-04-15T08:46:34+00:00\" \/>\n<meta property=\"og:image\" content=\"https:\/\/uelzener.de\/magazin\/app\/uploads\/2015\/11\/249775dd-c36b-4331-9daa-9aa920420be2.jpg\" \/>\n\t<meta property=\"og:image:width\" content=\"650\" \/>\n\t<meta property=\"og:image:height\" content=\"432\" \/>\n\t<meta property=\"og:image:type\" content=\"image\/jpeg\" \/>\n<meta name=\"twitter:card\" content=\"summary_large_image\" \/>\n<meta name=\"twitter:label1\" content=\"Gesch\u00e4tzte Lesezeit\" \/>\n\t<meta name=\"twitter:data1\" content=\"3\u00a0Minuten\" \/>\n<script type=\"application\/ld+json\" class=\"yoast-schema-graph\">{\"@context\":\"https:\/\/schema.org\",\"@graph\":[{\"@type\":\"WebPage\",\"@id\":\"https:\/\/uelzener.de\/magazin\/hund\/tiergesundheit\/mit-hund-im-schnee\/\",\"url\":\"https:\/\/uelzener.de\/magazin\/hund\/tiergesundheit\/mit-hund-im-schnee\/\",\"name\":\"Hund im Schnee \u2013 den Winter mit Hund gefahrlos genie\u00dfen | Uelzener\",\"isPartOf\":{\"@id\":\"https:\/\/uelzener.de\/magazin\/#website\"},\"primaryImageOfPage\":{\"@id\":\"https:\/\/uelzener.de\/magazin\/hund\/tiergesundheit\/mit-hund-im-schnee\/#primaryimage\"},\"image\":{\"@id\":\"https:\/\/uelzener.de\/magazin\/hund\/tiergesundheit\/mit-hund-im-schnee\/#primaryimage\"},\"thumbnailUrl\":\"https:\/\/uelzener.de\/magazin\/app\/uploads\/2015\/11\/249775dd-c36b-4331-9daa-9aa920420be2.jpg\",\"datePublished\":\"2015-11-23T23:00:00+00:00\",\"dateModified\":\"2025-04-15T08:46:34+00:00\",\"description\":\"So kannst Du mit Deinem Hund im Winter gefahrlos den Schnee genie\u00dfen \u2713 Spazierg\u00e4nge \u2713 Pfotenpflege \u2713 uvm. \u25b6 Hier informieren!\",\"breadcrumb\":{\"@id\":\"https:\/\/uelzener.de\/magazin\/hund\/tiergesundheit\/mit-hund-im-schnee\/#breadcrumb\"},\"inLanguage\":\"de\",\"potentialAction\":[{\"@type\":\"ReadAction\",\"target\":[\"https:\/\/uelzener.de\/magazin\/hund\/tiergesundheit\/mit-hund-im-schnee\/\"]}]},{\"@type\":\"ImageObject\",\"inLanguage\":\"de\",\"@id\":\"https:\/\/uelzener.de\/magazin\/hund\/tiergesundheit\/mit-hund-im-schnee\/#primaryimage\",\"url\":\"https:\/\/uelzener.de\/magazin\/app\/uploads\/2015\/11\/249775dd-c36b-4331-9daa-9aa920420be2.jpg\",\"contentUrl\":\"https:\/\/uelzener.de\/magazin\/app\/uploads\/2015\/11\/249775dd-c36b-4331-9daa-9aa920420be2.jpg\",\"width\":650,\"height\":432,\"caption\":\"Ein kleiner wei\u00dfer Hund wirbelt durch den Schnee. Er spielt ausgelassen.\"},{\"@type\":\"WebSite\",\"@id\":\"https:\/\/uelzener.de\/magazin\/#website\",\"url\":\"https:\/\/uelzener.de\/magazin\/\",\"name\":\"Uelzener Tiermagazin\",\"description\":\"Online Tierratgeber der Uelzener Versicherungen\",\"publisher\":{\"@id\":\"https:\/\/uelzener.de\/magazin\/#organization\"},\"potentialAction\":[{\"@type\":\"SearchAction\",\"target\":{\"@type\":\"EntryPoint\",\"urlTemplate\":\"https:\/\/uelzener.de\/magazin\/?s={search_term_string}\"},\"query-input\":{\"@type\":\"PropertyValueSpecification\",\"valueRequired\":true,\"valueName\":\"search_term_string\"}}],\"inLanguage\":\"de\"},{\"@type\":\"Organization\",\"@id\":\"https:\/\/uelzener.de\/magazin\/#organization\",\"name\":\"Uelzener Versicherungen\",\"url\":\"https:\/\/uelzener.de\/magazin\/\",\"logo\":{\"@type\":\"ImageObject\",\"inLanguage\":\"de\",\"@id\":\"https:\/\/uelzener.de\/magazin\/#\/schema\/logo\/image\/\",\"url\":\"https:\/\/uelzener.de\/magazin\/app\/uploads\/2024\/11\/uelzener_allgemeine_versicherungsgesellschaft_a_g_logo.jpg\",\"contentUrl\":\"https:\/\/uelzener.de\/magazin\/app\/uploads\/2024\/11\/uelzener_allgemeine_versicherungsgesellschaft_a_g_logo.jpg\",\"width\":200,\"height\":200,\"caption\":\"Uelzener Versicherungen\"},\"image\":{\"@id\":\"https:\/\/uelzener.de\/magazin\/#\/schema\/logo\/image\/\"},\"sameAs\":[\"https:\/\/www.facebook.com\/Uelzener\",\"https:\/\/instagram.com\/uelzener\",\"https:\/\/www.xing.com\/pages\/uelzenerallgemeineversicherungs-gesellschafta-g\",\"https:\/\/www.youtube.com\/UelzenerVersicherungen\"]}]}<\/script>\n<!-- \/ Yoast SEO Premium plugin. -->","yoast_head_json":{"title":"Hund im Schnee \u2013 den Winter mit Hund gefahrlos genie\u00dfen | Uelzener","description":"So kannst Du mit Deinem Hund im Winter gefahrlos den Schnee genie\u00dfen \u2713 Spazierg\u00e4nge \u2713 Pfotenpflege \u2713 uvm. \u25b6 Hier informieren!","robots":{"index":"index","follow":"follow","max-snippet":"max-snippet:-1","max-image-preview":"max-image-preview:large","max-video-preview":"max-video-preview:-1"},"canonical":"https:\/\/uelzener.de\/magazin\/hund\/tiergesundheit\/mit-hund-im-schnee\/","og_locale":"de_DE","og_type":"article","og_title":"Hund im Schnee: Den Winter gefahrlos genie\u00dfen","og_description":"So kannst Du mit Deinem Hund im Winter gefahrlos den Schnee genie\u00dfen \u2713 Spazierg\u00e4nge \u2713 Pfotenpflege \u2713 uvm. \u25b6 Hier informieren!","og_url":"https:\/\/uelzener.de\/magazin\/hund\/tiergesundheit\/mit-hund-im-schnee\/","og_site_name":"Uelzener Tier-Magazin","article_publisher":"https:\/\/www.facebook.com\/Uelzener","article_modified_time":"2025-04-15T08:46:34+00:00","og_image":[{"width":650,"height":432,"url":"https:\/\/uelzener.de\/magazin\/app\/uploads\/2015\/11\/249775dd-c36b-4331-9daa-9aa920420be2.jpg","type":"image\/jpeg"}],"twitter_card":"summary_large_image","twitter_misc":{"Gesch\u00e4tzte Lesezeit":"3\u00a0Minuten"},"schema":{"@context":"https:\/\/schema.org","@graph":[{"@type":"WebPage","@id":"https:\/\/uelzener.de\/magazin\/hund\/tiergesundheit\/mit-hund-im-schnee\/","url":"https:\/\/uelzener.de\/magazin\/hund\/tiergesundheit\/mit-hund-im-schnee\/","name":"Hund im Schnee \u2013 den Winter mit Hund gefahrlos genie\u00dfen | Uelzener","isPartOf":{"@id":"https:\/\/uelzener.de\/magazin\/#website"},"primaryImageOfPage":{"@id":"https:\/\/uelzener.de\/magazin\/hund\/tiergesundheit\/mit-hund-im-schnee\/#primaryimage"},"image":{"@id":"https:\/\/uelzener.de\/magazin\/hund\/tiergesundheit\/mit-hund-im-schnee\/#primaryimage"},"thumbnailUrl":"https:\/\/uelzener.de\/magazin\/app\/uploads\/2015\/11\/249775dd-c36b-4331-9daa-9aa920420be2.jpg","datePublished":"2015-11-23T23:00:00+00:00","dateModified":"2025-04-15T08:46:34+00:00","description":"So kannst Du mit Deinem Hund im Winter gefahrlos den Schnee genie\u00dfen \u2713 Spazierg\u00e4nge \u2713 Pfotenpflege \u2713 uvm. \u25b6 Hier informieren!","breadcrumb":{"@id":"https:\/\/uelzener.de\/magazin\/hund\/tiergesundheit\/mit-hund-im-schnee\/#breadcrumb"},"inLanguage":"de","potentialAction":[{"@type":"ReadAction","target":["https:\/\/uelzener.de\/magazin\/hund\/tiergesundheit\/mit-hund-im-schnee\/"]}]},{"@type":"ImageObject","inLanguage":"de","@id":"https:\/\/uelzener.de\/magazin\/hund\/tiergesundheit\/mit-hund-im-schnee\/#primaryimage","url":"https:\/\/uelzener.de\/magazin\/app\/uploads\/2015\/11\/249775dd-c36b-4331-9daa-9aa920420be2.jpg","contentUrl":"https:\/\/uelzener.de\/magazin\/app\/uploads\/2015\/11\/249775dd-c36b-4331-9daa-9aa920420be2.jpg","width":650,"height":432,"caption":"Ein kleiner wei\u00dfer Hund wirbelt durch den Schnee. Er spielt ausgelassen."},{"@type":"WebSite","@id":"https:\/\/uelzener.de\/magazin\/#website","url":"https:\/\/uelzener.de\/magazin\/","name":"Uelzener Tiermagazin","description":"Online Tierratgeber der Uelzener Versicherungen","publisher":{"@id":"https:\/\/uelzener.de\/magazin\/#organization"},"potentialAction":[{"@type":"SearchAction","target":{"@type":"EntryPoint","urlTemplate":"https:\/\/uelzener.de\/magazin\/?s={search_term_string}"},"query-input":{"@type":"PropertyValueSpecification","valueRequired":true,"valueName":"search_term_string"}}],"inLanguage":"de"},{"@type":"Organization","@id":"https:\/\/uelzener.de\/magazin\/#organization","name":"Uelzener Versicherungen","url":"https:\/\/uelzener.de\/magazin\/","logo":{"@type":"ImageObject","inLanguage":"de","@id":"https:\/\/uelzener.de\/magazin\/#\/schema\/logo\/image\/","url":"https:\/\/uelzener.de\/magazin\/app\/uploads\/2024\/11\/uelzener_allgemeine_versicherungsgesellschaft_a_g_logo.jpg","contentUrl":"https:\/\/uelzener.de\/magazin\/app\/uploads\/2024\/11\/uelzener_allgemeine_versicherungsgesellschaft_a_g_logo.jpg","width":200,"height":200,"caption":"Uelzener Versicherungen"},"image":{"@id":"https:\/\/uelzener.de\/magazin\/#\/schema\/logo\/image\/"},"sameAs":["https:\/\/www.facebook.com\/Uelzener","https:\/\/instagram.com\/uelzener","https:\/\/www.xing.com\/pages\/uelzenerallgemeineversicherungs-gesellschafta-g","https:\/\/www.youtube.com\/UelzenerVersicherungen"]}]}},"_links":{"self":[{"href":"https:\/\/uelzener.de\/magazin\/wp-json\/wp\/v2\/pages\/10030","targetHints":{"allow":["GET"]}}],"collection":[{"href":"https:\/\/uelzener.de\/magazin\/wp-json\/wp\/v2\/pages"}],"about":[{"href":"https:\/\/uelzener.de\/magazin\/wp-json\/wp\/v2\/types\/page"}],"author":[{"embeddable":true,"href":"https:\/\/uelzener.de\/magazin\/wp-json\/wp\/v2\/users\/1"}],"replies":[{"embeddable":true,"href":"https:\/\/uelzener.de\/magazin\/wp-json\/wp\/v2\/comments?post=10030"}],"version-history":[{"count":9,"href":"https:\/\/uelzener.de\/magazin\/wp-json\/wp\/v2\/pages\/10030\/revisions"}],"predecessor-version":[{"id":18413,"href":"https:\/\/uelzener.de\/magazin\/wp-json\/wp\/v2\/pages\/10030\/revisions\/18413"}],"up":[{"embeddable":true,"href":"https:\/\/uelzener.de\/magazin\/wp-json\/wp\/v2\/pages\/11701"}],"wp:featuredmedia":[{"embeddable":true,"href":"https:\/\/uelzener.de\/magazin\/wp-json\/wp\/v2\/media\/10620"}],"wp:attachment":[{"href":"https:\/\/uelzener.de\/magazin\/wp-json\/wp\/v2\/media?parent=10030"}],"curies":[{"name":"wp","href":"https:\/\/api.w.org\/{rel}","templated":true}]}}