{"id":10028,"date":"2016-01-25T00:00:00","date_gmt":"2016-01-25T00:00:00","guid":{"rendered":""},"modified":"2025-08-26T13:26:49","modified_gmt":"2025-08-26T11:26:49","slug":"hund-und-katze-aneinander-gewoehnen","status":"publish","type":"page","link":"https:\/\/uelzener.de\/magazin\/katze\/haltung\/hund-und-katze-aneinander-gewoehnen\/","title":{"rendered":"Katze und Hund erfolgreich aneinander gew\u00f6hnen"},"content":{"rendered":"<p>Wenn zwei Menschen wie Hund und Katze sind, hei\u00dft das in der Regel, dass sie nicht miteinander auskommen k\u00f6nnen. Aber stimmt das auch f\u00fcr die echten tierischen Vorbilder? &#8211; Nicht unbedingt. Katzen und Hunde sind zwar sehr unterschiedlich, doch wenn im Vorhinein einige Dinge ber\u00fccksichtigt werden und die Zusammenf\u00fchrung gut durchdacht ist, kann auch eine solche Wohngemeinschaft funktionieren!<\/p>\n<h2>Jungtiere zusammenf\u00fchren<\/h2>\n<p>Was K\u00e4tzchen lernt, davon profitiert die gro\u00dfe Mieze: Das gilt auch f\u00fcr die Kontaktaufnahme mit artfremden Mitbewohnern. Wer von Anfang an wei\u00df, dass er Stubentiger und Sofawolf gemeinsam halten m\u00f6chte, holt sich am besten zwei Jungtiere ins Haus. Sie sind naturgem\u00e4\u00df neugierig, haben noch keine schlechten Erfahrungen gemacht und lernen schnell, die \u201efremdsprachlichen\u201c Signale des anderen zu deuten.<\/p>\n<h2>Wer zu wem?<\/h2>\n<p>Manche Halter entscheiden sich erst sp\u00e4ter f\u00fcr eine Zusammenf\u00fchrung von Hund und Katze. In diesem Fall ist es meist leichter, wenn der Hund zuerst da ist. Im Gegensatz zu Katzen sind Hunde Rudeltiere und deshalb eher bereit, ein neues Mitglied in die Familie aufzunehmen.<\/p>\n<p>Bedenken Sie au\u00dferdem, dass die Regel \u201eGleich und gleich gesellt sich gern.\u201c auch bei Vierbeinern ihre Berechtigung hat. Wer sich ein zweites Tier anschafft, muss R\u00fccksicht auf den Charakter des ersten nehmen. Ein gem\u00fctlicher Hund w\u00fcnscht sich keinen wilden Jungkater und ruhige Miezen w\u00e4ren sehr bald genervt von bellfreudigen Wirbelwinden. Ideal ist es, wenn sich die Tiere in Alter und Gem\u00fct \u00e4hneln.<\/p>\n<h2>Tipps zur Wohnung<\/h2>\n<p>Hunde fressen vornehmlich schnell, und viele vertilgen neben ihrem eigenen Futter auch noch das s\u00e4mtlicher Mitbewohner. Um \u00c4rger zu vermeiden, solltest Du der Katze zuk\u00fcnftig einen erh\u00f6hten Futterplatz zur Verf\u00fcgung stellen. So kann sie ihr Fressen in Ruhe genie\u00dfen.<\/p>\n<p>Ebenso wichtig ist es, beiden Tieren genug R\u00fcckzugsm\u00f6glichkeiten zu gew\u00e4hren. Katzen lieben zum Beispiel luftige Aussichtspl\u00e4tze, die der Hund nicht erreichen kann. Gleichzeitig sollte der Schlafplatz des Hundes f\u00fcr die Katze tabu sein \u2013 auch wenn diese das nur schwer akzeptieren wird.<\/p>\n\n<div class=\"related_articles boxed\">\n    <h2>Mehr zum Thema<\/h2>\n    \n    <div class=\"wrapper\"><div class=\"title align-center\"><h3><a href=\"https:\/\/uelzener.de\/magazin\/katze\/haeufige-fragen\/wie-verhalten-sich-katzen-im-rudel\/\">Wie verhalten sich Katzen im Rudel?<\/a><\/h3><\/div><div class=\"img align-center\"><img decoding=\"async\" width=\"315\" height=\"180\" src=\"https:\/\/uelzener.de\/magazin\/app\/uploads\/2024\/10\/katzenrudel-315x180.jpg\" class=\"attachment-315x180 size-315x180 wp-post-image\" alt=\"Katzen im Rudel\" \/><\/div><\/div><div class=\"wrapper\"><div class=\"title align-center\"><h3><a href=\"https:\/\/uelzener.de\/magazin\/hund\/rasseportrait\/hunderassen-uebersicht-welcher-hund-passt-zu-mir\/\">F\u00fcr jeden Topf ein Deckel: Welche Hunderasse passt zu mir? Hunderassen in der \u00dcbersicht<\/a><\/h3><\/div><div class=\"img align-center\"><img decoding=\"async\" width=\"315\" height=\"180\" src=\"https:\/\/uelzener.de\/magazin\/app\/uploads\/2022\/08\/Drei-verschiedene-Hunderassen-sitzen-auf-Rasen-315x180.jpg\" class=\"attachment-315x180 size-315x180 wp-post-image\" alt=\"Drei Hunderassen sitzen nebeneinander auf einer Wiese.\" \/><\/div><\/div><div class=\"wrapper\"><div class=\"title align-center\"><h3><a href=\"https:\/\/uelzener.de\/magazin\/katze\/rasseportrait\/die-javanese-katze-eleganz-auf-samtpfoten\/\">Die Javanese-Katze: Eleganz auf Samtpfoten<\/a><\/h3><\/div><div class=\"img align-center\"><img decoding=\"async\" width=\"315\" height=\"180\" src=\"https:\/\/uelzener.de\/magazin\/app\/uploads\/2025\/06\/Javaneser-315x180.jpg\" class=\"attachment-315x180 size-315x180 wp-post-image\" alt=\"Eine graue Javanese Katze liegt auf einer Decke.\" \/><\/div><\/div><\/div>\n\n<h2>Der Beginn einer Beziehung<\/h2>\n<p>Bevor Katze und Hund zum ersten Mal aufeinandertreffen, kann man sie bereits mit dem Geruch des anderen vertraut machen, indem man sie an Decke oder Kissen des zuk\u00fcnftigen Gef\u00e4hrten schnuppern l\u00e4sst. Auch sollte der Neuzugang Gelegenheit haben, sich zun\u00e4chst allein mit der Umgebung vertraut zu machen.<\/p>\n<p>Bei der ersten Zusammenf\u00fchrung, die nat\u00fcrlich in Begleitung des Menschen geschieht, ist der Hund an der Leine zu halten. Die Katze kann sich ihm dann nach Belieben n\u00e4hern. Zeigt einer von beiden Aggressionen oder der Hund Jagdtrieb, m\u00fcssen diese Reaktionen sofort unterbunden werden. Leckerchen sind hilfreich, um richtiges Verhalten zu honorieren. Denn wer belohnt wird, lernt, das neue Tier von Anfang an mit positiven Effekten in Verbindung zu bringen.<\/p>\n<h2>Mit Geduld Katze und Hund aneinander gew\u00f6hnen<\/h2>\n<p>Manchmal klappt die Beziehung auf Anhieb \u2013 vor allem dann, wenn die Tiere schon vorher an Vertreter der anderen Art gew\u00f6hnt waren. Meist dauert es jedoch eine Weile, bis Furcht und Fremdheit gegenseitiger Akzeptanz oder sogar Sympathie weichen. Hier ist die Geduld von uns Menschen gefragt.<\/p>\n<p><strong>Und wundere Dich nicht: So manches Tierp\u00e4rchen, bei dem es zu Beginn kriselt, findet eines Tages kuschelnd zueinander \u2013 auf Deinem Sofa.<\/strong><\/p>\n","protected":false},"excerpt":{"rendered":"<p>Wenn zwei Menschen wie Hund und Katze sind, hei\u00dft das in der Regel, dass sie nicht miteinander auskommen k\u00f6nnen. Aber stimmt das auch f\u00fcr die echten tierischen Vorbilder? &#8211; Nicht unbedingt. Katzen und Hunde sind zwar sehr unterschiedlich, doch wenn im Vorhinein einige Dinge ber\u00fccksichtigt werden und die Zusammenf\u00fchrung gut durchdacht ist, kann auch eine [&hellip;]<\/p>\n","protected":false},"author":1,"featured_media":10618,"parent":11683,"menu_order":0,"comment_status":"open","ping_status":"open","template":"templates\/blog.php","meta":{"_acf_changed":false,"_crdt_document":"","footnotes":"","beyondwords_generate_audio":"","beyondwords_project_id":"","beyondwords_content_id":"","beyondwords_preview_token":"","beyondwords_player_style":"","beyondwords_language_id":"","beyondwords_title_voice_id":"","beyondwords_body_voice_id":"","beyondwords_summary_voice_id":"","beyondwords_error_message":"","beyondwords_disabled":"","beyondwords_delete_content":"","beyondwords_podcast_id":"","beyondwords_hash":"","publish_post_to_speechkit":"","speechkit_hash":"","speechkit_generate_audio":"","speechkit_project_id":"","speechkit_podcast_id":"","speechkit_error_message":"","speechkit_disabled":"","speechkit_access_key":"","speechkit_error":"","speechkit_info":"","speechkit_response":"","speechkit_retries":"","speechkit_status":"","speechkit_updated_at":"","_speechkit_link":"","_speechkit_text":""},"class_list":["post-10028","page","type-page","status-publish","has-post-thumbnail","hentry"],"acf":[],"yoast_head":"<!-- This site is optimized with the Yoast SEO Premium plugin  - https:\/\/yoast.com\/product\/yoast-seo-premium-wordpress\/ -->\n<title>Hund und Katze aneinander gew\u00f6hnen \u2013 so klappt es! | Uelzener<\/title>\n<meta name=\"description\" content=\"Erfahre, wie Du Hund und Katze zusammenf\u00fchren und aneinander gew\u00f6hnen kannst! \u2713 erfolgreich vergesellschaften \u25b6 Mehr lesen!\" \/>\n<meta name=\"robots\" content=\"index, follow, max-snippet:-1, max-image-preview:large, max-video-preview:-1\" \/>\n<link rel=\"canonical\" href=\"https:\/\/uelzener.de\/magazin\/katze\/haltung\/hund-und-katze-aneinander-gewoehnen\/\" \/>\n<meta property=\"og:locale\" content=\"de_DE\" \/>\n<meta property=\"og:type\" content=\"article\" \/>\n<meta property=\"og:title\" content=\"Katze und Hund erfolgreich aneinander gew\u00f6hnen\" \/>\n<meta property=\"og:description\" content=\"Erfahre, wie Du Hund und Katze zusammenf\u00fchren und aneinander gew\u00f6hnen kannst! \u2713 erfolgreich vergesellschaften \u25b6 Mehr lesen!\" \/>\n<meta property=\"og:url\" content=\"https:\/\/uelzener.de\/magazin\/katze\/haltung\/hund-und-katze-aneinander-gewoehnen\/\" \/>\n<meta property=\"og:site_name\" content=\"Uelzener Tier-Magazin\" \/>\n<meta property=\"article:publisher\" content=\"https:\/\/www.facebook.com\/Uelzener\" \/>\n<meta property=\"article:modified_time\" content=\"2025-08-26T11:26:49+00:00\" \/>\n<meta property=\"og:image\" content=\"https:\/\/uelzener.de\/magazin\/app\/uploads\/2016\/01\/bc506c05-52ac-4275-bb9d-e5861bd4b780.jpg\" \/>\n\t<meta property=\"og:image:width\" content=\"650\" \/>\n\t<meta property=\"og:image:height\" content=\"432\" \/>\n\t<meta property=\"og:image:type\" content=\"image\/jpeg\" \/>\n<meta name=\"twitter:card\" content=\"summary_large_image\" \/>\n<meta name=\"twitter:label1\" content=\"Gesch\u00e4tzte Lesezeit\" \/>\n\t<meta name=\"twitter:data1\" content=\"4\u00a0Minuten\" \/>\n<script type=\"application\/ld+json\" class=\"yoast-schema-graph\">{\"@context\":\"https:\/\/schema.org\",\"@graph\":[{\"@type\":\"WebPage\",\"@id\":\"https:\/\/uelzener.de\/magazin\/katze\/haltung\/hund-und-katze-aneinander-gewoehnen\/\",\"url\":\"https:\/\/uelzener.de\/magazin\/katze\/haltung\/hund-und-katze-aneinander-gewoehnen\/\",\"name\":\"Hund und Katze aneinander gew\u00f6hnen \u2013 so klappt es! | Uelzener\",\"isPartOf\":{\"@id\":\"https:\/\/uelzener.de\/magazin\/#website\"},\"primaryImageOfPage\":{\"@id\":\"https:\/\/uelzener.de\/magazin\/katze\/haltung\/hund-und-katze-aneinander-gewoehnen\/#primaryimage\"},\"image\":{\"@id\":\"https:\/\/uelzener.de\/magazin\/katze\/haltung\/hund-und-katze-aneinander-gewoehnen\/#primaryimage\"},\"thumbnailUrl\":\"https:\/\/uelzener.de\/magazin\/app\/uploads\/2016\/01\/bc506c05-52ac-4275-bb9d-e5861bd4b780.jpg\",\"datePublished\":\"2016-01-25T00:00:00+00:00\",\"dateModified\":\"2025-08-26T11:26:49+00:00\",\"description\":\"Erfahre, wie Du Hund und Katze zusammenf\u00fchren und aneinander gew\u00f6hnen kannst! \u2713 erfolgreich vergesellschaften \u25b6 Mehr lesen!\",\"breadcrumb\":{\"@id\":\"https:\/\/uelzener.de\/magazin\/katze\/haltung\/hund-und-katze-aneinander-gewoehnen\/#breadcrumb\"},\"inLanguage\":\"de\",\"potentialAction\":[{\"@type\":\"ReadAction\",\"target\":[\"https:\/\/uelzener.de\/magazin\/katze\/haltung\/hund-und-katze-aneinander-gewoehnen\/\"]}]},{\"@type\":\"ImageObject\",\"inLanguage\":\"de\",\"@id\":\"https:\/\/uelzener.de\/magazin\/katze\/haltung\/hund-und-katze-aneinander-gewoehnen\/#primaryimage\",\"url\":\"https:\/\/uelzener.de\/magazin\/app\/uploads\/2016\/01\/bc506c05-52ac-4275-bb9d-e5861bd4b780.jpg\",\"contentUrl\":\"https:\/\/uelzener.de\/magazin\/app\/uploads\/2016\/01\/bc506c05-52ac-4275-bb9d-e5861bd4b780.jpg\",\"width\":650,\"height\":432,\"caption\":\"Hunde und Katzen aneinander zu gew\u00f6hnen ist nicht leicht. Damit sie wie der wei\u00dfe Hund und die Katze zusammen im K\u00f6rbchen liegen ist viel Arbeit n\u00f6tig.\"},{\"@type\":\"WebSite\",\"@id\":\"https:\/\/uelzener.de\/magazin\/#website\",\"url\":\"https:\/\/uelzener.de\/magazin\/\",\"name\":\"Uelzener Tiermagazin\",\"description\":\"Online Tierratgeber der Uelzener Versicherungen\",\"publisher\":{\"@id\":\"https:\/\/uelzener.de\/magazin\/#organization\"},\"potentialAction\":[{\"@type\":\"SearchAction\",\"target\":{\"@type\":\"EntryPoint\",\"urlTemplate\":\"https:\/\/uelzener.de\/magazin\/?s={search_term_string}\"},\"query-input\":{\"@type\":\"PropertyValueSpecification\",\"valueRequired\":true,\"valueName\":\"search_term_string\"}}],\"inLanguage\":\"de\"},{\"@type\":\"Organization\",\"@id\":\"https:\/\/uelzener.de\/magazin\/#organization\",\"name\":\"Uelzener Versicherungen\",\"url\":\"https:\/\/uelzener.de\/magazin\/\",\"logo\":{\"@type\":\"ImageObject\",\"inLanguage\":\"de\",\"@id\":\"https:\/\/uelzener.de\/magazin\/#\/schema\/logo\/image\/\",\"url\":\"https:\/\/uelzener.de\/magazin\/app\/uploads\/2024\/11\/uelzener_allgemeine_versicherungsgesellschaft_a_g_logo.jpg\",\"contentUrl\":\"https:\/\/uelzener.de\/magazin\/app\/uploads\/2024\/11\/uelzener_allgemeine_versicherungsgesellschaft_a_g_logo.jpg\",\"width\":200,\"height\":200,\"caption\":\"Uelzener Versicherungen\"},\"image\":{\"@id\":\"https:\/\/uelzener.de\/magazin\/#\/schema\/logo\/image\/\"},\"sameAs\":[\"https:\/\/www.facebook.com\/Uelzener\",\"https:\/\/instagram.com\/uelzener\",\"https:\/\/www.xing.com\/pages\/uelzenerallgemeineversicherungs-gesellschafta-g\",\"https:\/\/www.youtube.com\/UelzenerVersicherungen\"]}]}<\/script>\n<!-- \/ Yoast SEO Premium plugin. -->","yoast_head_json":{"title":"Hund und Katze aneinander gew\u00f6hnen \u2013 so klappt es! | Uelzener","description":"Erfahre, wie Du Hund und Katze zusammenf\u00fchren und aneinander gew\u00f6hnen kannst! \u2713 erfolgreich vergesellschaften \u25b6 Mehr lesen!","robots":{"index":"index","follow":"follow","max-snippet":"max-snippet:-1","max-image-preview":"max-image-preview:large","max-video-preview":"max-video-preview:-1"},"canonical":"https:\/\/uelzener.de\/magazin\/katze\/haltung\/hund-und-katze-aneinander-gewoehnen\/","og_locale":"de_DE","og_type":"article","og_title":"Katze und Hund erfolgreich aneinander gew\u00f6hnen","og_description":"Erfahre, wie Du Hund und Katze zusammenf\u00fchren und aneinander gew\u00f6hnen kannst! \u2713 erfolgreich vergesellschaften \u25b6 Mehr lesen!","og_url":"https:\/\/uelzener.de\/magazin\/katze\/haltung\/hund-und-katze-aneinander-gewoehnen\/","og_site_name":"Uelzener Tier-Magazin","article_publisher":"https:\/\/www.facebook.com\/Uelzener","article_modified_time":"2025-08-26T11:26:49+00:00","og_image":[{"width":650,"height":432,"url":"https:\/\/uelzener.de\/magazin\/app\/uploads\/2016\/01\/bc506c05-52ac-4275-bb9d-e5861bd4b780.jpg","type":"image\/jpeg"}],"twitter_card":"summary_large_image","twitter_misc":{"Gesch\u00e4tzte Lesezeit":"4\u00a0Minuten"},"schema":{"@context":"https:\/\/schema.org","@graph":[{"@type":"WebPage","@id":"https:\/\/uelzener.de\/magazin\/katze\/haltung\/hund-und-katze-aneinander-gewoehnen\/","url":"https:\/\/uelzener.de\/magazin\/katze\/haltung\/hund-und-katze-aneinander-gewoehnen\/","name":"Hund und Katze aneinander gew\u00f6hnen \u2013 so klappt es! | Uelzener","isPartOf":{"@id":"https:\/\/uelzener.de\/magazin\/#website"},"primaryImageOfPage":{"@id":"https:\/\/uelzener.de\/magazin\/katze\/haltung\/hund-und-katze-aneinander-gewoehnen\/#primaryimage"},"image":{"@id":"https:\/\/uelzener.de\/magazin\/katze\/haltung\/hund-und-katze-aneinander-gewoehnen\/#primaryimage"},"thumbnailUrl":"https:\/\/uelzener.de\/magazin\/app\/uploads\/2016\/01\/bc506c05-52ac-4275-bb9d-e5861bd4b780.jpg","datePublished":"2016-01-25T00:00:00+00:00","dateModified":"2025-08-26T11:26:49+00:00","description":"Erfahre, wie Du Hund und Katze zusammenf\u00fchren und aneinander gew\u00f6hnen kannst! \u2713 erfolgreich vergesellschaften \u25b6 Mehr lesen!","breadcrumb":{"@id":"https:\/\/uelzener.de\/magazin\/katze\/haltung\/hund-und-katze-aneinander-gewoehnen\/#breadcrumb"},"inLanguage":"de","potentialAction":[{"@type":"ReadAction","target":["https:\/\/uelzener.de\/magazin\/katze\/haltung\/hund-und-katze-aneinander-gewoehnen\/"]}]},{"@type":"ImageObject","inLanguage":"de","@id":"https:\/\/uelzener.de\/magazin\/katze\/haltung\/hund-und-katze-aneinander-gewoehnen\/#primaryimage","url":"https:\/\/uelzener.de\/magazin\/app\/uploads\/2016\/01\/bc506c05-52ac-4275-bb9d-e5861bd4b780.jpg","contentUrl":"https:\/\/uelzener.de\/magazin\/app\/uploads\/2016\/01\/bc506c05-52ac-4275-bb9d-e5861bd4b780.jpg","width":650,"height":432,"caption":"Hunde und Katzen aneinander zu gew\u00f6hnen ist nicht leicht. Damit sie wie der wei\u00dfe Hund und die Katze zusammen im K\u00f6rbchen liegen ist viel Arbeit n\u00f6tig."},{"@type":"WebSite","@id":"https:\/\/uelzener.de\/magazin\/#website","url":"https:\/\/uelzener.de\/magazin\/","name":"Uelzener Tiermagazin","description":"Online Tierratgeber der Uelzener Versicherungen","publisher":{"@id":"https:\/\/uelzener.de\/magazin\/#organization"},"potentialAction":[{"@type":"SearchAction","target":{"@type":"EntryPoint","urlTemplate":"https:\/\/uelzener.de\/magazin\/?s={search_term_string}"},"query-input":{"@type":"PropertyValueSpecification","valueRequired":true,"valueName":"search_term_string"}}],"inLanguage":"de"},{"@type":"Organization","@id":"https:\/\/uelzener.de\/magazin\/#organization","name":"Uelzener Versicherungen","url":"https:\/\/uelzener.de\/magazin\/","logo":{"@type":"ImageObject","inLanguage":"de","@id":"https:\/\/uelzener.de\/magazin\/#\/schema\/logo\/image\/","url":"https:\/\/uelzener.de\/magazin\/app\/uploads\/2024\/11\/uelzener_allgemeine_versicherungsgesellschaft_a_g_logo.jpg","contentUrl":"https:\/\/uelzener.de\/magazin\/app\/uploads\/2024\/11\/uelzener_allgemeine_versicherungsgesellschaft_a_g_logo.jpg","width":200,"height":200,"caption":"Uelzener Versicherungen"},"image":{"@id":"https:\/\/uelzener.de\/magazin\/#\/schema\/logo\/image\/"},"sameAs":["https:\/\/www.facebook.com\/Uelzener","https:\/\/instagram.com\/uelzener","https:\/\/www.xing.com\/pages\/uelzenerallgemeineversicherungs-gesellschafta-g","https:\/\/www.youtube.com\/UelzenerVersicherungen"]}]}},"_links":{"self":[{"href":"https:\/\/uelzener.de\/magazin\/wp-json\/wp\/v2\/pages\/10028","targetHints":{"allow":["GET"]}}],"collection":[{"href":"https:\/\/uelzener.de\/magazin\/wp-json\/wp\/v2\/pages"}],"about":[{"href":"https:\/\/uelzener.de\/magazin\/wp-json\/wp\/v2\/types\/page"}],"author":[{"embeddable":true,"href":"https:\/\/uelzener.de\/magazin\/wp-json\/wp\/v2\/users\/1"}],"replies":[{"embeddable":true,"href":"https:\/\/uelzener.de\/magazin\/wp-json\/wp\/v2\/comments?post=10028"}],"version-history":[{"count":9,"href":"https:\/\/uelzener.de\/magazin\/wp-json\/wp\/v2\/pages\/10028\/revisions"}],"predecessor-version":[{"id":18992,"href":"https:\/\/uelzener.de\/magazin\/wp-json\/wp\/v2\/pages\/10028\/revisions\/18992"}],"up":[{"embeddable":true,"href":"https:\/\/uelzener.de\/magazin\/wp-json\/wp\/v2\/pages\/11683"}],"wp:featuredmedia":[{"embeddable":true,"href":"https:\/\/uelzener.de\/magazin\/wp-json\/wp\/v2\/media\/10618"}],"wp:attachment":[{"href":"https:\/\/uelzener.de\/magazin\/wp-json\/wp\/v2\/media?parent=10028"}],"curies":[{"name":"wp","href":"https:\/\/api.w.org\/{rel}","templated":true}]}}