{"id":10027,"date":"2022-02-20T00:00:00","date_gmt":"2022-02-19T23:00:00","guid":{"rendered":""},"modified":"2024-05-10T09:27:50","modified_gmt":"2024-05-10T07:27:50","slug":"leinenfuehrigkeit-hund","status":"publish","type":"page","link":"https:\/\/uelzener.de\/magazin\/hund\/erziehung-und-training\/leinenfuehrigkeit-hund\/","title":{"rendered":"Leinenf\u00fchrigkeit beim Hund erfolgreich trainieren"},"content":{"rendered":"<p>Nicht nur w\u00e4hrend der Brut- und Setzzeit gilt Leinenpflicht, auch in anderen Situationen muss der Hund an der Leine gef\u00fchrt werden. Damit eure Spazierg\u00e4nge nicht zur Zerrei\u00dfprobe werden, wann und wo Leinenpflicht herrscht und alles rund ums Thema Leinenf\u00fchrigkeit findest du in diesem Artikel.<\/p>\n<h2>Wann und wo herrscht Leinenpflicht?<\/h2>\n<p>Es gibt <strong>keine bundesweite Regelung<\/strong> zur Leinenpflicht bei Hunden. Stattdessen werden die Regeln von den Bundesl\u00e4ndern und Kommunen selbst aufgestellt. In vielen Bundesl\u00e4ndern gilt eine ganzj\u00e4hrige Leinenpflicht abh\u00e4ngig von den Fl\u00e4chen, auf denen Hund und Mensch unterwegs sind.<\/p>\n<h3>Orte, an denen h\u00e4ufig eine ganzj\u00e4hrige Leinenpflicht herrscht:<\/h3>\n<ul>\n<li>belebte Gegenden<\/li>\n<li>Innenst\u00e4dte<\/li>\n<li>Parks<\/li>\n<li>\u00f6ffentliche Geb\u00e4ude<\/li>\n<li>Naturschutzgebiete<\/li>\n<\/ul>\n<p>Eine generelle Leinenpflicht unabh\u00e4ngig vom Ort gibt es in einigen Bundesl\u00e4ndern w\u00e4hrend der <strong>Brut- und Setzzeit<\/strong>. Diese dauert je nach Bundesland vom 15. M\u00e4rz bzw. 1. April bis 15. Juli. Da sich bei Verst\u00f6\u00dfen gegen die Leinenpflicht <strong>Bu\u00dfgelder bis zu 5.000 \u20ac<\/strong> f\u00e4llig werden k\u00f6nnen, solltest du dich am Besten \u00fcber die Bestimmungen in deinem Landkreis oder vor einem Ausflug in ein anderes Bundesland informieren.<\/p>\n\n<div class=\"related_articles boxed\">\n    <h2>Mehr zum Thema<\/h2>\n    \n    <div class=\"wrapper\"><div class=\"title align-center\"><h3><a href=\"https:\/\/uelzener.de\/magazin\/hund\/erziehung-und-training\/ohne-leine-gassi-gehen-tipps-tricks\/\">Ohne Leine Gassi gehen: Tipps und Tricks f\u00fcr einen sicheren Freilauf<\/a><\/h3><\/div><div class=\"img align-center\"><img decoding=\"async\" width=\"315\" height=\"180\" src=\"https:\/\/uelzener.de\/magazin\/app\/uploads\/2024\/05\/ohne-leine-gassi-gehen-315x180.jpg\" class=\"attachment-315x180 size-315x180 wp-post-image\" alt=\"Frau geht ohne Leine mit Hund Gassi.\" \/><\/div><\/div><div class=\"wrapper\"><div class=\"title align-center\"><h3><a href=\"https:\/\/uelzener.de\/magazin\/hund\/haltung\/hunde-in-der-stadt-halten\/\">Hunde in der Stadt halten: So funktioniert\u2019s!<\/a><\/h3><\/div><div class=\"img align-center\"><img decoding=\"async\" width=\"315\" height=\"180\" src=\"https:\/\/uelzener.de\/magazin\/app\/uploads\/2024\/05\/hund-in-der-stadt-315x180.jpg\" class=\"attachment-315x180 size-315x180 wp-post-image\" alt=\"Frau mit zwei Hunden beim Gassi in der Stadt.\" \/><\/div><\/div><\/div>\n\n<h2>Warum zieht mein Hund an der Leine?<\/h2>\n<p>Auch wenn es sich als Hundehalter:in manchmal anders anf\u00fchlt: Dein Hund zieht vermutlich nicht aus B\u00f6swilligkeit oder Dominanz. An erster Stelle steht nat\u00fcrlich die <strong>Neugierde<\/strong>, die in jedem Hund steckt. Wenn ein toller Duft oder etwas anderes die Aufmerksamkeit des Vierbeiners erweckt, wird er in diese Richtung ziehen.<\/p>\n<p>Das <strong>Schritttempo<\/strong> von uns Menschen ist f\u00fcr die meisten Hunde auch eher unnat\u00fcrlich. Freilaufende Hunde bewegen sich im gleichm\u00e4\u00dfigen Trab vorw\u00e4rts und stoppen ohne Ablenkung ziemlich selten. Gerade junge Hunde haben Schwierigkeiten damit, sich auf das <strong>langsamere Tempo<\/strong> anzupassen und auf den Menschen zu achten.<\/p>\n<h2>Was sollte ich beim Leinentraining vermeiden?<\/h2>\n<p>Der <strong>gr\u00f6\u00dfte Fehler<\/strong>, den der Mensch beim Training der Leinenf\u00fchrigkeit machen kann, ist, dem <strong>Zug an der Leine nachzugeben<\/strong>. Dann hat der Hund sein Ziel erreicht und wird nun diesen Erfolg weiter ausbauen wollen. Darum ist es sehr wichtig, <strong>standhaft und konsequent<\/strong> zu bleiben und schon jungen Hunden in der Erziehung klarzumachen, dass sie durch Ziehen nicht an ihr Ziel gelangen.<\/p>\n<p>Im \u00dcbrigen sollte auch der Mensch <strong>nicht gedankenlos<\/strong> oder <strong>aus Ungeduld an der Leine ziehen<\/strong>. Auch Rucken als Bestrafung oder scharfe Halsb\u00e4nder helfen nicht, den Hund zu erziehen, sondern f\u00fcgen ihm unter Umst\u00e4nden gesundheitliche Sch\u00e4den zu.<\/p>\n<p><img decoding=\"async\" class=\"aligncenter wp-image-13036 size-full\" src=\"https:\/\/uelzener.de\/magazin\/app\/uploads\/2022\/02\/Leinenfuehrigkeit.jpg\" alt=\"Labradorwelpe zieht an roter Leine\" width=\"650\" height=\"432\" srcset=\"https:\/\/uelzener.de\/magazin\/app\/uploads\/2022\/02\/Leinenfuehrigkeit.jpg 650w, https:\/\/uelzener.de\/magazin\/app\/uploads\/2022\/02\/Leinenfuehrigkeit-300x199.jpg 300w, https:\/\/uelzener.de\/magazin\/app\/uploads\/2022\/02\/Leinenfuehrigkeit-150x100.jpg 150w\" sizes=\"(max-width: 650px) 100vw, 650px\" \/><\/p>\n<h2>Wie gew\u00f6hne ich meinem Hund das Ziehen an der Leine ab?<\/h2>\n<p>Bei jungen Hunden, aber auch bei \u00e4lteren Vierbeinern, die gern an der Leine ziehen, kannst du das auf freundliche Weise tun: Du <strong>bleibst sofort stehen<\/strong>, wenn dein Hund zieht, bis die <strong>Leine wieder locker<\/strong> durchh\u00e4ngt. Wenn dein Hund dann stehen bleibt, sich dir zuwendet oder zu dir zur\u00fcckkommt, kannst du deinen Hund loben.<\/p>\n<p>Erst wenn die <strong>Aufmerksamkeit<\/strong> deines Hundes vollkommen <strong>bei dir <\/strong>liegt, kann es mit dem Spaziergang weiter gehen. Wird diese \u00dcbung konsequent durchgef\u00fchrt, lernt dein Hund schnell, dass ein Weiterkommen nur mit lockerer Leine gelingt.<\/p>\n<h2>Den Spaziergang trotz Leine angenehm gestalten<\/h2>\n<p>Weil die st\u00e4ndige Konzentration aufs \u201eBei Fu\u00df laufen\u201c auf Dauer langweilig und unerf\u00fcllend f\u00fcr deinen Hund sein kann, solltest du wann immer es die Situation erlaubt, die Leine etwas l\u00e4nger lassen. \u00a0So hat dein Hund die M\u00f6glichkeit, beim <strong>Spaziergang ungest\u00f6rt zu schnuppern<\/strong>. Achte dabei immer auf eine <strong>geeignete Leine und <a href=\"https:\/\/uelzener.de\/magazin\/hund\/haeufige-fragen\/halsband-oder-geschirr\/\" target=\"_blank\" rel=\"noopener\">Halsband bzw. Geschirr<\/a><\/strong>.<\/p>\n<p>Wenn du deinem Hund einen <strong>weiten Auslauf<\/strong> an der Leine erm\u00f6glichen m\u00f6chtest, kannst du es mit der <strong>Schleppleine <\/strong>oder <strong>Rollleine<\/strong> probieren. Doch diese besonderen Leinenarten erfordern separates Training.<\/p>\n<p>Solltest du deinen Hund trotz Training in bestimmten Situationen an der Leine <strong>nur schwer kontrollieren<\/strong> k\u00f6nnen, solltest du bei einer <strong>guten <a href=\"https:\/\/uelzener.de\/magazin\/hund\/erziehung-und-training\/hundeschule-ja-oder-nein\/\">Hundeschule<\/a><\/strong> Rat suchen, um den Ursachen auf den Grund zu gehen. Durch <strong>konsequentes Training der Leinenf\u00fchrigkeit<\/strong> mit deinem Hund sind Bereiche mit Leinenpflicht bald kein Problem mehr f\u00fcr euch!<\/p>\n","protected":false},"excerpt":{"rendered":"<p>Nicht nur w\u00e4hrend der Brut- und Setzzeit gilt Leinenpflicht, auch in anderen Situationen muss der Hund an der Leine gef\u00fchrt werden. Damit eure Spazierg\u00e4nge nicht zur Zerrei\u00dfprobe werden, wann und wo Leinenpflicht herrscht und alles rund ums Thema Leinenf\u00fchrigkeit findest du in diesem Artikel. Wann und wo herrscht Leinenpflicht? Es gibt keine bundesweite Regelung zur [&hellip;]<\/p>\n","protected":false},"author":1,"featured_media":13037,"parent":11679,"menu_order":21,"comment_status":"open","ping_status":"open","template":"templates\/blog.php","meta":{"_acf_changed":false,"_crdt_document":"","footnotes":"","beyondwords_generate_audio":"0","beyondwords_project_id":"","beyondwords_content_id":"","beyondwords_preview_token":"","beyondwords_player_style":"","beyondwords_language_id":"","beyondwords_title_voice_id":"","beyondwords_body_voice_id":"","beyondwords_summary_voice_id":"","beyondwords_error_message":"","beyondwords_disabled":"","beyondwords_delete_content":"","beyondwords_podcast_id":"","beyondwords_hash":"","publish_post_to_speechkit":"","speechkit_hash":"","speechkit_generate_audio":"","speechkit_project_id":"","speechkit_podcast_id":"","speechkit_error_message":"","speechkit_disabled":"","speechkit_access_key":"","speechkit_error":"","speechkit_info":"","speechkit_response":"","speechkit_retries":"","speechkit_status":"","speechkit_updated_at":"","_speechkit_link":"","_speechkit_text":""},"class_list":["post-10027","page","type-page","status-publish","has-post-thumbnail","hentry"],"acf":[],"yoast_head":"<!-- This site is optimized with the Yoast SEO Premium plugin  - https:\/\/yoast.com\/product\/yoast-seo-premium-wordpress\/ -->\n<title>Leinenf\u00fchrigkeit beim Hund \u2013 So klappt es! | Uelzener<\/title>\n<meta name=\"description\" content=\"Wir zeigen Dir, wie Du die Leinenf\u00fchrigkeit mit Deinem Hund \u00fcben kannst. \u25b6 Entdecke hier unsere Trainingstipps &amp; erfahre mehr!\" \/>\n<meta name=\"robots\" content=\"index, follow, max-snippet:-1, max-image-preview:large, max-video-preview:-1\" \/>\n<link rel=\"canonical\" href=\"https:\/\/uelzener.de\/magazin\/hund\/erziehung-und-training\/leinenfuehrigkeit-hund\/\" \/>\n<meta property=\"og:locale\" content=\"de_DE\" \/>\n<meta property=\"og:type\" content=\"article\" \/>\n<meta property=\"og:title\" content=\"Leinenf\u00fchrigkeit beim Hund erfolgreich trainieren\" \/>\n<meta property=\"og:description\" content=\"Wir zeigen Dir, wie Du die Leinenf\u00fchrigkeit mit Deinem Hund \u00fcben kannst. \u25b6 Entdecke hier unsere Trainingstipps &amp; erfahre mehr!\" \/>\n<meta property=\"og:url\" content=\"https:\/\/uelzener.de\/magazin\/hund\/erziehung-und-training\/leinenfuehrigkeit-hund\/\" \/>\n<meta property=\"og:site_name\" content=\"Uelzener Tier-Magazin\" \/>\n<meta property=\"article:publisher\" content=\"https:\/\/www.facebook.com\/Uelzener\" \/>\n<meta property=\"article:modified_time\" content=\"2024-05-10T07:27:50+00:00\" \/>\n<meta property=\"og:image\" content=\"https:\/\/uelzener.de\/magazin\/app\/uploads\/2022\/02\/Hund_Leinenfuehrigkeit.jpg\" \/>\n\t<meta property=\"og:image:width\" content=\"1024\" \/>\n\t<meta property=\"og:image:height\" content=\"450\" \/>\n\t<meta property=\"og:image:type\" content=\"image\/jpeg\" \/>\n<meta name=\"twitter:card\" content=\"summary_large_image\" \/>\n<meta name=\"twitter:label1\" content=\"Gesch\u00e4tzte Lesezeit\" \/>\n\t<meta name=\"twitter:data1\" content=\"3\u00a0Minuten\" \/>\n<script type=\"application\/ld+json\" class=\"yoast-schema-graph\">{\"@context\":\"https:\\\/\\\/schema.org\",\"@graph\":[{\"@type\":\"WebPage\",\"@id\":\"https:\\\/\\\/uelzener.de\\\/magazin\\\/hund\\\/erziehung-und-training\\\/leinenfuehrigkeit-hund\\\/\",\"url\":\"https:\\\/\\\/uelzener.de\\\/magazin\\\/hund\\\/erziehung-und-training\\\/leinenfuehrigkeit-hund\\\/\",\"name\":\"Leinenf\u00fchrigkeit beim Hund \u2013 So klappt es! | Uelzener\",\"isPartOf\":{\"@id\":\"https:\\\/\\\/uelzener.de\\\/magazin\\\/#website\"},\"primaryImageOfPage\":{\"@id\":\"https:\\\/\\\/uelzener.de\\\/magazin\\\/hund\\\/erziehung-und-training\\\/leinenfuehrigkeit-hund\\\/#primaryimage\"},\"image\":{\"@id\":\"https:\\\/\\\/uelzener.de\\\/magazin\\\/hund\\\/erziehung-und-training\\\/leinenfuehrigkeit-hund\\\/#primaryimage\"},\"thumbnailUrl\":\"https:\\\/\\\/uelzener.de\\\/magazin\\\/app\\\/uploads\\\/2022\\\/02\\\/Hund_Leinenfuehrigkeit.jpg\",\"datePublished\":\"2022-02-19T23:00:00+00:00\",\"dateModified\":\"2024-05-10T07:27:50+00:00\",\"description\":\"Wir zeigen Dir, wie Du die Leinenf\u00fchrigkeit mit Deinem Hund \u00fcben kannst. \u25b6 Entdecke hier unsere Trainingstipps & erfahre mehr!\",\"breadcrumb\":{\"@id\":\"https:\\\/\\\/uelzener.de\\\/magazin\\\/hund\\\/erziehung-und-training\\\/leinenfuehrigkeit-hund\\\/#breadcrumb\"},\"inLanguage\":\"de\",\"potentialAction\":[{\"@type\":\"ReadAction\",\"target\":[\"https:\\\/\\\/uelzener.de\\\/magazin\\\/hund\\\/erziehung-und-training\\\/leinenfuehrigkeit-hund\\\/\"]}]},{\"@type\":\"ImageObject\",\"inLanguage\":\"de\",\"@id\":\"https:\\\/\\\/uelzener.de\\\/magazin\\\/hund\\\/erziehung-und-training\\\/leinenfuehrigkeit-hund\\\/#primaryimage\",\"url\":\"https:\\\/\\\/uelzener.de\\\/magazin\\\/app\\\/uploads\\\/2022\\\/02\\\/Hund_Leinenfuehrigkeit.jpg\",\"contentUrl\":\"https:\\\/\\\/uelzener.de\\\/magazin\\\/app\\\/uploads\\\/2022\\\/02\\\/Hund_Leinenfuehrigkeit.jpg\",\"width\":1024,\"height\":450,\"caption\":\"Kleiner Hund l\u00e4uft neben Frau auf dem Gehweg an einer Leine.\"},{\"@type\":\"WebSite\",\"@id\":\"https:\\\/\\\/uelzener.de\\\/magazin\\\/#website\",\"url\":\"https:\\\/\\\/uelzener.de\\\/magazin\\\/\",\"name\":\"Uelzener Tiermagazin\",\"description\":\"Online Tierratgeber der Uelzener Versicherungen\",\"publisher\":{\"@id\":\"https:\\\/\\\/uelzener.de\\\/magazin\\\/#organization\"},\"potentialAction\":[{\"@type\":\"SearchAction\",\"target\":{\"@type\":\"EntryPoint\",\"urlTemplate\":\"https:\\\/\\\/uelzener.de\\\/magazin\\\/?s={search_term_string}\"},\"query-input\":{\"@type\":\"PropertyValueSpecification\",\"valueRequired\":true,\"valueName\":\"search_term_string\"}}],\"inLanguage\":\"de\"},{\"@type\":\"Organization\",\"@id\":\"https:\\\/\\\/uelzener.de\\\/magazin\\\/#organization\",\"name\":\"Uelzener Versicherungen\",\"url\":\"https:\\\/\\\/uelzener.de\\\/magazin\\\/\",\"logo\":{\"@type\":\"ImageObject\",\"inLanguage\":\"de\",\"@id\":\"https:\\\/\\\/uelzener.de\\\/magazin\\\/#\\\/schema\\\/logo\\\/image\\\/\",\"url\":\"https:\\\/\\\/uelzener.de\\\/magazin\\\/app\\\/uploads\\\/2024\\\/11\\\/uelzener_allgemeine_versicherungsgesellschaft_a_g_logo.jpg\",\"contentUrl\":\"https:\\\/\\\/uelzener.de\\\/magazin\\\/app\\\/uploads\\\/2024\\\/11\\\/uelzener_allgemeine_versicherungsgesellschaft_a_g_logo.jpg\",\"width\":200,\"height\":200,\"caption\":\"Uelzener Versicherungen\"},\"image\":{\"@id\":\"https:\\\/\\\/uelzener.de\\\/magazin\\\/#\\\/schema\\\/logo\\\/image\\\/\"},\"sameAs\":[\"https:\\\/\\\/www.facebook.com\\\/Uelzener\",\"https:\\\/\\\/instagram.com\\\/uelzener\",\"https:\\\/\\\/www.xing.com\\\/pages\\\/uelzenerallgemeineversicherungs-gesellschafta-g\",\"https:\\\/\\\/www.youtube.com\\\/UelzenerVersicherungen\"]}]}<\/script>\n<!-- \/ Yoast SEO Premium plugin. -->","yoast_head_json":{"title":"Leinenf\u00fchrigkeit beim Hund \u2013 So klappt es! | Uelzener","description":"Wir zeigen Dir, wie Du die Leinenf\u00fchrigkeit mit Deinem Hund \u00fcben kannst. \u25b6 Entdecke hier unsere Trainingstipps & erfahre mehr!","robots":{"index":"index","follow":"follow","max-snippet":"max-snippet:-1","max-image-preview":"max-image-preview:large","max-video-preview":"max-video-preview:-1"},"canonical":"https:\/\/uelzener.de\/magazin\/hund\/erziehung-und-training\/leinenfuehrigkeit-hund\/","og_locale":"de_DE","og_type":"article","og_title":"Leinenf\u00fchrigkeit beim Hund erfolgreich trainieren","og_description":"Wir zeigen Dir, wie Du die Leinenf\u00fchrigkeit mit Deinem Hund \u00fcben kannst. \u25b6 Entdecke hier unsere Trainingstipps & erfahre mehr!","og_url":"https:\/\/uelzener.de\/magazin\/hund\/erziehung-und-training\/leinenfuehrigkeit-hund\/","og_site_name":"Uelzener Tier-Magazin","article_publisher":"https:\/\/www.facebook.com\/Uelzener","article_modified_time":"2024-05-10T07:27:50+00:00","og_image":[{"width":1024,"height":450,"url":"https:\/\/uelzener.de\/magazin\/app\/uploads\/2022\/02\/Hund_Leinenfuehrigkeit.jpg","type":"image\/jpeg"}],"twitter_card":"summary_large_image","twitter_misc":{"Gesch\u00e4tzte Lesezeit":"3\u00a0Minuten"},"schema":{"@context":"https:\/\/schema.org","@graph":[{"@type":"WebPage","@id":"https:\/\/uelzener.de\/magazin\/hund\/erziehung-und-training\/leinenfuehrigkeit-hund\/","url":"https:\/\/uelzener.de\/magazin\/hund\/erziehung-und-training\/leinenfuehrigkeit-hund\/","name":"Leinenf\u00fchrigkeit beim Hund \u2013 So klappt es! | Uelzener","isPartOf":{"@id":"https:\/\/uelzener.de\/magazin\/#website"},"primaryImageOfPage":{"@id":"https:\/\/uelzener.de\/magazin\/hund\/erziehung-und-training\/leinenfuehrigkeit-hund\/#primaryimage"},"image":{"@id":"https:\/\/uelzener.de\/magazin\/hund\/erziehung-und-training\/leinenfuehrigkeit-hund\/#primaryimage"},"thumbnailUrl":"https:\/\/uelzener.de\/magazin\/app\/uploads\/2022\/02\/Hund_Leinenfuehrigkeit.jpg","datePublished":"2022-02-19T23:00:00+00:00","dateModified":"2024-05-10T07:27:50+00:00","description":"Wir zeigen Dir, wie Du die Leinenf\u00fchrigkeit mit Deinem Hund \u00fcben kannst. \u25b6 Entdecke hier unsere Trainingstipps & erfahre mehr!","breadcrumb":{"@id":"https:\/\/uelzener.de\/magazin\/hund\/erziehung-und-training\/leinenfuehrigkeit-hund\/#breadcrumb"},"inLanguage":"de","potentialAction":[{"@type":"ReadAction","target":["https:\/\/uelzener.de\/magazin\/hund\/erziehung-und-training\/leinenfuehrigkeit-hund\/"]}]},{"@type":"ImageObject","inLanguage":"de","@id":"https:\/\/uelzener.de\/magazin\/hund\/erziehung-und-training\/leinenfuehrigkeit-hund\/#primaryimage","url":"https:\/\/uelzener.de\/magazin\/app\/uploads\/2022\/02\/Hund_Leinenfuehrigkeit.jpg","contentUrl":"https:\/\/uelzener.de\/magazin\/app\/uploads\/2022\/02\/Hund_Leinenfuehrigkeit.jpg","width":1024,"height":450,"caption":"Kleiner Hund l\u00e4uft neben Frau auf dem Gehweg an einer Leine."},{"@type":"WebSite","@id":"https:\/\/uelzener.de\/magazin\/#website","url":"https:\/\/uelzener.de\/magazin\/","name":"Uelzener Tiermagazin","description":"Online Tierratgeber der Uelzener Versicherungen","publisher":{"@id":"https:\/\/uelzener.de\/magazin\/#organization"},"potentialAction":[{"@type":"SearchAction","target":{"@type":"EntryPoint","urlTemplate":"https:\/\/uelzener.de\/magazin\/?s={search_term_string}"},"query-input":{"@type":"PropertyValueSpecification","valueRequired":true,"valueName":"search_term_string"}}],"inLanguage":"de"},{"@type":"Organization","@id":"https:\/\/uelzener.de\/magazin\/#organization","name":"Uelzener Versicherungen","url":"https:\/\/uelzener.de\/magazin\/","logo":{"@type":"ImageObject","inLanguage":"de","@id":"https:\/\/uelzener.de\/magazin\/#\/schema\/logo\/image\/","url":"https:\/\/uelzener.de\/magazin\/app\/uploads\/2024\/11\/uelzener_allgemeine_versicherungsgesellschaft_a_g_logo.jpg","contentUrl":"https:\/\/uelzener.de\/magazin\/app\/uploads\/2024\/11\/uelzener_allgemeine_versicherungsgesellschaft_a_g_logo.jpg","width":200,"height":200,"caption":"Uelzener Versicherungen"},"image":{"@id":"https:\/\/uelzener.de\/magazin\/#\/schema\/logo\/image\/"},"sameAs":["https:\/\/www.facebook.com\/Uelzener","https:\/\/instagram.com\/uelzener","https:\/\/www.xing.com\/pages\/uelzenerallgemeineversicherungs-gesellschafta-g","https:\/\/www.youtube.com\/UelzenerVersicherungen"]}]}},"_links":{"self":[{"href":"https:\/\/uelzener.de\/magazin\/wp-json\/wp\/v2\/pages\/10027","targetHints":{"allow":["GET"]}}],"collection":[{"href":"https:\/\/uelzener.de\/magazin\/wp-json\/wp\/v2\/pages"}],"about":[{"href":"https:\/\/uelzener.de\/magazin\/wp-json\/wp\/v2\/types\/page"}],"author":[{"embeddable":true,"href":"https:\/\/uelzener.de\/magazin\/wp-json\/wp\/v2\/users\/1"}],"replies":[{"embeddable":true,"href":"https:\/\/uelzener.de\/magazin\/wp-json\/wp\/v2\/comments?post=10027"}],"version-history":[{"count":9,"href":"https:\/\/uelzener.de\/magazin\/wp-json\/wp\/v2\/pages\/10027\/revisions"}],"predecessor-version":[{"id":17403,"href":"https:\/\/uelzener.de\/magazin\/wp-json\/wp\/v2\/pages\/10027\/revisions\/17403"}],"up":[{"embeddable":true,"href":"https:\/\/uelzener.de\/magazin\/wp-json\/wp\/v2\/pages\/11679"}],"wp:featuredmedia":[{"embeddable":true,"href":"https:\/\/uelzener.de\/magazin\/wp-json\/wp\/v2\/media\/13037"}],"wp:attachment":[{"href":"https:\/\/uelzener.de\/magazin\/wp-json\/wp\/v2\/media?parent=10027"}],"curies":[{"name":"wp","href":"https:\/\/api.w.org\/{rel}","templated":true}]}}