{"id":10023,"date":"2016-07-29T00:00:00","date_gmt":"2016-07-28T22:00:00","guid":{"rendered":""},"modified":"2023-07-06T13:31:34","modified_gmt":"2023-07-06T11:31:34","slug":"jack-russell","status":"publish","type":"page","link":"https:\/\/uelzener.de\/magazin\/hund\/rasseportrait\/jack-russell\/","title":{"rendered":"Jack Russell Terrier im Rasseportrait"},"content":{"rendered":"<p>Klein, wendig, schnell: Jack Russell Terrier sind gewitzte Hunde und auch in ihrem Aussehen unverkennbar. Neben einer Widerristh\u00f6he um die 30 cm sind sie wei\u00df mit ein- oder mehrfarbigen Abzeichen (braun, schwarz) und glattem oder rauem Fell. Jack Russells werden oft mit dem eng verwandten Parson Russell Terrier verwechselt, der aber etwas gr\u00f6\u00dfer ist.<\/p>\n<p>Die Rasse entstand Anfang des 19. Jahrhunderts aus den in England f\u00fcr die Jagd auf F\u00fcchse eingesetzten Foxterriern. Der Pfarrer John (Jack) Russell, selbst begeisterter J\u00e4ger, w\u00fcnschte sich einen kleineren Hund, der zum einen den Fuchs aus dem Bau treiben und zum anderen bei der anschlie\u00dfenden Jagd mit gr\u00f6\u00dferen Hunden mithalten konnte. Die von ihm begr\u00fcndete Zucht brachte einen schnellen und wendigen Hund hervor, der bald aufgrund seiner hervorragenden Jagdeigenschaften einen sehr guten Ruf genoss. Er wurde nach seinem Z\u00fcchter Jack Russell Terrier genannt. Aufgrund seiner F\u00e4higkeiten wurde der Jack Russell auch in Australien sehr beliebt. Dort waren Mitte des 19. Jahrhunderts F\u00fcchse ausgesetzt worden, die sich schnell vermehrten und zu einem Problem wurden. Mithilfe der kleinen \u201eJackies\u201c konnte man den F\u00fcchsen, die sich gerne in engen Kaninchenbauten verkrochen, besser zu Leibe r\u00fccken.<\/p>\n<p>So haben Jack Russell Terrier bis heute ihre Jagdvergangenheit im Blut. Darum ben\u00f6tigen sie trotz ihrer Gr\u00f6\u00dfe sehr viel Bewegung und es k\u00f6nnte von Vorteil sein, besondere \u00dcbungen oder eine Hundeschule zu besuchen, um <a href=\"https:\/\/uelzener.de\/magazin\/hund\/erziehung-und-training\/jagdtrieb-hund-abgewoehnen\/\"><strong>den Jagdtrieb des Hundes abzugew\u00f6hnen<\/strong><\/a>. Sie sind keinesfalls Sofahunde (auch wenn sie nat\u00fcrlich gerne auf einem liegen), sondern brauchen neben Bewegung auch viel Besch\u00e4ftigung, die ihrem wachen, intelligenten Wesen gerecht wird. Sie eignen sich f\u00fcr Hundesportarten wie <a href=\"https:\/\/uelzener.de\/magazin\/hund\/erziehung-und-training\/agility\/\">Agility<\/a> und freuen sich nat\u00fcrlich \u00fcber lange Spazierg\u00e4nge und h\u00e4ufige Spielstunden mit Ball oder St\u00f6ckchen. Viele Jackies sind zudem gro\u00dfe Badefans.<\/p>\n<p>Ein Jack Russell Terrier ist <a href=\"https:\/\/uelzener.de\/magazin\/hund\/haeufige-fragen\/familienhunde\/\"><strong>ein guter Familienhund<\/strong><\/a>, der f\u00fcr \u201eseine\u201c Familie alles tun w\u00fcrde. Er hat einen ausgepr\u00e4gten Besch\u00fctzerinstinkt und ist ein guter Aufpasser. Durch sein freundliches, aktives Wesen eignet er sich gut f\u00fcr Kinder. Allerdings muss man ihn von klein auf sehr konsequent erziehen, auch wenn der s\u00fc\u00dfe Welpe mit seinen gro\u00dfen Kulleraugen jeden um den Finger wickelt. Denn seine Eigenst\u00e4ndigkeit, sein Durchhalteverm\u00f6gen und seine Intelligenz, die er bei der Fuchsjagd brauchte, k\u00f6nnen sonst sehr anstrengend werden. Sein Jagd- und Buddeltrieb ist stark ausgepr\u00e4gt und er verf\u00fcgt \u00fcber ein enormes Sprungverm\u00f6gen. Auch das sehr stabile Selbstbewusstsein und die \u201egro\u00dfe Klappe\u201c k\u00f6nnen etwas l\u00e4stig werden. Der Besuch einer guten Hundeschule hilft daher, m\u00f6gliche Probleme bei der Erziehung von Anfang an zu vermeiden. Dann wird der Jackie zu einem echten Familienmitglied, das man nicht mehr missen m\u00f6chte.<\/p>\n<p>Und wie steht es um die nahe Verwandschaft, dem <a href=\"https:\/\/uelzener.de\/magazin\/hund\/rasseportrait\/west-highland-terrier\/\">West Highland Terrier<\/a>? Jetzt nachlesen.<\/p>\n","protected":false},"excerpt":{"rendered":"<p>Klein, wendig, schnell: Jack Russell Terrier sind gewitzte Hunde und auch in ihrem Aussehen unverkennbar. Neben einer Widerristh\u00f6he um die 30 cm sind sie wei\u00df mit ein- oder mehrfarbigen Abzeichen (braun, schwarz) und glattem oder rauem Fell. Jack Russells werden oft mit dem eng verwandten Parson Russell Terrier verwechselt, der aber etwas gr\u00f6\u00dfer ist. Die [&hellip;]<\/p>\n","protected":false},"author":1,"featured_media":10613,"parent":2475,"menu_order":10,"comment_status":"closed","ping_status":"closed","template":"templates\/blog.php","meta":{"_acf_changed":false,"_crdt_document":"","footnotes":"","beyondwords_generate_audio":"","beyondwords_project_id":"","beyondwords_content_id":"","beyondwords_preview_token":"","beyondwords_player_style":"","beyondwords_language_id":"","beyondwords_title_voice_id":"","beyondwords_body_voice_id":"","beyondwords_summary_voice_id":"","beyondwords_error_message":"","beyondwords_disabled":"","beyondwords_delete_content":"","beyondwords_podcast_id":"","beyondwords_hash":"","publish_post_to_speechkit":"","speechkit_hash":"","speechkit_generate_audio":"","speechkit_project_id":"","speechkit_podcast_id":"","speechkit_error_message":"","speechkit_disabled":"","speechkit_access_key":"","speechkit_error":"","speechkit_info":"","speechkit_response":"","speechkit_retries":"","speechkit_status":"","speechkit_updated_at":"","_speechkit_link":"","_speechkit_text":""},"class_list":["post-10023","page","type-page","status-publish","has-post-thumbnail","hentry"],"acf":[],"yoast_head":"<!-- This site is optimized with the Yoast SEO Premium plugin  - https:\/\/yoast.com\/product\/yoast-seo-premium-wordpress\/ -->\n<title>Jack Russell Terrier im Rasseportrait | Uelzener<\/title>\n<meta name=\"description\" content=\"Erfahre alles zur Hunderasse Jack Russell Terrier \u2713 Herkunft \u2713 Aussehen \u2713 Charakter \u2713 Haltung \u2713 Erziehung \u25b6 Hier informieren!\" \/>\n<meta name=\"robots\" content=\"index, follow, max-snippet:-1, max-image-preview:large, max-video-preview:-1\" \/>\n<link rel=\"canonical\" href=\"https:\/\/uelzener.de\/magazin\/hund\/rasseportrait\/jack-russell\/\" \/>\n<meta property=\"og:locale\" content=\"de_DE\" \/>\n<meta property=\"og:type\" content=\"article\" \/>\n<meta property=\"og:title\" content=\"Jack Russell Terrier im Rasseportrait\" \/>\n<meta property=\"og:description\" content=\"Erfahre alles zur Hunderasse Jack Russell Terrier \u2713 Herkunft \u2713 Aussehen \u2713 Charakter \u2713 Haltung \u2713 Erziehung \u25b6 Hier informieren!\" \/>\n<meta property=\"og:url\" content=\"https:\/\/uelzener.de\/magazin\/hund\/rasseportrait\/jack-russell\/\" \/>\n<meta property=\"og:site_name\" content=\"Uelzener Tier-Magazin\" \/>\n<meta property=\"article:publisher\" content=\"https:\/\/www.facebook.com\/Uelzener\" \/>\n<meta property=\"article:modified_time\" content=\"2023-07-06T11:31:34+00:00\" \/>\n<meta property=\"og:image\" content=\"https:\/\/uelzener.de\/magazin\/app\/uploads\/2016\/07\/34da6384-b49f-4d35-8a7c-4d103393bf70.jpg\" \/>\n\t<meta property=\"og:image:width\" content=\"650\" \/>\n\t<meta property=\"og:image:height\" content=\"432\" \/>\n\t<meta property=\"og:image:type\" content=\"image\/jpeg\" \/>\n<meta name=\"twitter:card\" content=\"summary_large_image\" \/>\n<meta name=\"twitter:label1\" content=\"Gesch\u00e4tzte Lesezeit\" \/>\n\t<meta name=\"twitter:data1\" content=\"2\u00a0Minuten\" \/>\n<script type=\"application\/ld+json\" class=\"yoast-schema-graph\">{\"@context\":\"https:\/\/schema.org\",\"@graph\":[{\"@type\":\"WebPage\",\"@id\":\"https:\/\/uelzener.de\/magazin\/hund\/rasseportrait\/jack-russell\/\",\"url\":\"https:\/\/uelzener.de\/magazin\/hund\/rasseportrait\/jack-russell\/\",\"name\":\"Jack Russell Terrier im Rasseportrait | Uelzener\",\"isPartOf\":{\"@id\":\"https:\/\/uelzener.de\/magazin\/#website\"},\"primaryImageOfPage\":{\"@id\":\"https:\/\/uelzener.de\/magazin\/hund\/rasseportrait\/jack-russell\/#primaryimage\"},\"image\":{\"@id\":\"https:\/\/uelzener.de\/magazin\/hund\/rasseportrait\/jack-russell\/#primaryimage\"},\"thumbnailUrl\":\"https:\/\/uelzener.de\/magazin\/app\/uploads\/2016\/07\/34da6384-b49f-4d35-8a7c-4d103393bf70.jpg\",\"datePublished\":\"2016-07-28T22:00:00+00:00\",\"dateModified\":\"2023-07-06T11:31:34+00:00\",\"description\":\"Erfahre alles zur Hunderasse Jack Russell Terrier \u2713 Herkunft \u2713 Aussehen \u2713 Charakter \u2713 Haltung \u2713 Erziehung \u25b6 Hier informieren!\",\"breadcrumb\":{\"@id\":\"https:\/\/uelzener.de\/magazin\/hund\/rasseportrait\/jack-russell\/#breadcrumb\"},\"inLanguage\":\"de\",\"potentialAction\":[{\"@type\":\"ReadAction\",\"target\":[\"https:\/\/uelzener.de\/magazin\/hund\/rasseportrait\/jack-russell\/\"]}]},{\"@type\":\"ImageObject\",\"inLanguage\":\"de\",\"@id\":\"https:\/\/uelzener.de\/magazin\/hund\/rasseportrait\/jack-russell\/#primaryimage\",\"url\":\"https:\/\/uelzener.de\/magazin\/app\/uploads\/2016\/07\/34da6384-b49f-4d35-8a7c-4d103393bf70.jpg\",\"contentUrl\":\"https:\/\/uelzener.de\/magazin\/app\/uploads\/2016\/07\/34da6384-b49f-4d35-8a7c-4d103393bf70.jpg\",\"width\":650,\"height\":432,\"caption\":\"2 Jack Russel Terrier spielen zusammen auf der gr\u00fcnen Wiese mit einem Seil.\"},{\"@type\":\"WebSite\",\"@id\":\"https:\/\/uelzener.de\/magazin\/#website\",\"url\":\"https:\/\/uelzener.de\/magazin\/\",\"name\":\"Uelzener Tiermagazin\",\"description\":\"Online Tierratgeber der Uelzener Versicherungen\",\"publisher\":{\"@id\":\"https:\/\/uelzener.de\/magazin\/#organization\"},\"potentialAction\":[{\"@type\":\"SearchAction\",\"target\":{\"@type\":\"EntryPoint\",\"urlTemplate\":\"https:\/\/uelzener.de\/magazin\/?s={search_term_string}\"},\"query-input\":{\"@type\":\"PropertyValueSpecification\",\"valueRequired\":true,\"valueName\":\"search_term_string\"}}],\"inLanguage\":\"de\"},{\"@type\":\"Organization\",\"@id\":\"https:\/\/uelzener.de\/magazin\/#organization\",\"name\":\"Uelzener Versicherungen\",\"url\":\"https:\/\/uelzener.de\/magazin\/\",\"logo\":{\"@type\":\"ImageObject\",\"inLanguage\":\"de\",\"@id\":\"https:\/\/uelzener.de\/magazin\/#\/schema\/logo\/image\/\",\"url\":\"https:\/\/uelzener.de\/magazin\/app\/uploads\/2024\/11\/uelzener_allgemeine_versicherungsgesellschaft_a_g_logo.jpg\",\"contentUrl\":\"https:\/\/uelzener.de\/magazin\/app\/uploads\/2024\/11\/uelzener_allgemeine_versicherungsgesellschaft_a_g_logo.jpg\",\"width\":200,\"height\":200,\"caption\":\"Uelzener Versicherungen\"},\"image\":{\"@id\":\"https:\/\/uelzener.de\/magazin\/#\/schema\/logo\/image\/\"},\"sameAs\":[\"https:\/\/www.facebook.com\/Uelzener\",\"https:\/\/instagram.com\/uelzener\",\"https:\/\/www.xing.com\/pages\/uelzenerallgemeineversicherungs-gesellschafta-g\",\"https:\/\/www.youtube.com\/UelzenerVersicherungen\"]}]}<\/script>\n<!-- \/ Yoast SEO Premium plugin. -->","yoast_head_json":{"title":"Jack Russell Terrier im Rasseportrait | Uelzener","description":"Erfahre alles zur Hunderasse Jack Russell Terrier \u2713 Herkunft \u2713 Aussehen \u2713 Charakter \u2713 Haltung \u2713 Erziehung \u25b6 Hier informieren!","robots":{"index":"index","follow":"follow","max-snippet":"max-snippet:-1","max-image-preview":"max-image-preview:large","max-video-preview":"max-video-preview:-1"},"canonical":"https:\/\/uelzener.de\/magazin\/hund\/rasseportrait\/jack-russell\/","og_locale":"de_DE","og_type":"article","og_title":"Jack Russell Terrier im Rasseportrait","og_description":"Erfahre alles zur Hunderasse Jack Russell Terrier \u2713 Herkunft \u2713 Aussehen \u2713 Charakter \u2713 Haltung \u2713 Erziehung \u25b6 Hier informieren!","og_url":"https:\/\/uelzener.de\/magazin\/hund\/rasseportrait\/jack-russell\/","og_site_name":"Uelzener Tier-Magazin","article_publisher":"https:\/\/www.facebook.com\/Uelzener","article_modified_time":"2023-07-06T11:31:34+00:00","og_image":[{"width":650,"height":432,"url":"https:\/\/uelzener.de\/magazin\/app\/uploads\/2016\/07\/34da6384-b49f-4d35-8a7c-4d103393bf70.jpg","type":"image\/jpeg"}],"twitter_card":"summary_large_image","twitter_misc":{"Gesch\u00e4tzte Lesezeit":"2\u00a0Minuten"},"schema":{"@context":"https:\/\/schema.org","@graph":[{"@type":"WebPage","@id":"https:\/\/uelzener.de\/magazin\/hund\/rasseportrait\/jack-russell\/","url":"https:\/\/uelzener.de\/magazin\/hund\/rasseportrait\/jack-russell\/","name":"Jack Russell Terrier im Rasseportrait | Uelzener","isPartOf":{"@id":"https:\/\/uelzener.de\/magazin\/#website"},"primaryImageOfPage":{"@id":"https:\/\/uelzener.de\/magazin\/hund\/rasseportrait\/jack-russell\/#primaryimage"},"image":{"@id":"https:\/\/uelzener.de\/magazin\/hund\/rasseportrait\/jack-russell\/#primaryimage"},"thumbnailUrl":"https:\/\/uelzener.de\/magazin\/app\/uploads\/2016\/07\/34da6384-b49f-4d35-8a7c-4d103393bf70.jpg","datePublished":"2016-07-28T22:00:00+00:00","dateModified":"2023-07-06T11:31:34+00:00","description":"Erfahre alles zur Hunderasse Jack Russell Terrier \u2713 Herkunft \u2713 Aussehen \u2713 Charakter \u2713 Haltung \u2713 Erziehung \u25b6 Hier informieren!","breadcrumb":{"@id":"https:\/\/uelzener.de\/magazin\/hund\/rasseportrait\/jack-russell\/#breadcrumb"},"inLanguage":"de","potentialAction":[{"@type":"ReadAction","target":["https:\/\/uelzener.de\/magazin\/hund\/rasseportrait\/jack-russell\/"]}]},{"@type":"ImageObject","inLanguage":"de","@id":"https:\/\/uelzener.de\/magazin\/hund\/rasseportrait\/jack-russell\/#primaryimage","url":"https:\/\/uelzener.de\/magazin\/app\/uploads\/2016\/07\/34da6384-b49f-4d35-8a7c-4d103393bf70.jpg","contentUrl":"https:\/\/uelzener.de\/magazin\/app\/uploads\/2016\/07\/34da6384-b49f-4d35-8a7c-4d103393bf70.jpg","width":650,"height":432,"caption":"2 Jack Russel Terrier spielen zusammen auf der gr\u00fcnen Wiese mit einem Seil."},{"@type":"WebSite","@id":"https:\/\/uelzener.de\/magazin\/#website","url":"https:\/\/uelzener.de\/magazin\/","name":"Uelzener Tiermagazin","description":"Online Tierratgeber der Uelzener Versicherungen","publisher":{"@id":"https:\/\/uelzener.de\/magazin\/#organization"},"potentialAction":[{"@type":"SearchAction","target":{"@type":"EntryPoint","urlTemplate":"https:\/\/uelzener.de\/magazin\/?s={search_term_string}"},"query-input":{"@type":"PropertyValueSpecification","valueRequired":true,"valueName":"search_term_string"}}],"inLanguage":"de"},{"@type":"Organization","@id":"https:\/\/uelzener.de\/magazin\/#organization","name":"Uelzener Versicherungen","url":"https:\/\/uelzener.de\/magazin\/","logo":{"@type":"ImageObject","inLanguage":"de","@id":"https:\/\/uelzener.de\/magazin\/#\/schema\/logo\/image\/","url":"https:\/\/uelzener.de\/magazin\/app\/uploads\/2024\/11\/uelzener_allgemeine_versicherungsgesellschaft_a_g_logo.jpg","contentUrl":"https:\/\/uelzener.de\/magazin\/app\/uploads\/2024\/11\/uelzener_allgemeine_versicherungsgesellschaft_a_g_logo.jpg","width":200,"height":200,"caption":"Uelzener Versicherungen"},"image":{"@id":"https:\/\/uelzener.de\/magazin\/#\/schema\/logo\/image\/"},"sameAs":["https:\/\/www.facebook.com\/Uelzener","https:\/\/instagram.com\/uelzener","https:\/\/www.xing.com\/pages\/uelzenerallgemeineversicherungs-gesellschafta-g","https:\/\/www.youtube.com\/UelzenerVersicherungen"]}]}},"_links":{"self":[{"href":"https:\/\/uelzener.de\/magazin\/wp-json\/wp\/v2\/pages\/10023","targetHints":{"allow":["GET"]}}],"collection":[{"href":"https:\/\/uelzener.de\/magazin\/wp-json\/wp\/v2\/pages"}],"about":[{"href":"https:\/\/uelzener.de\/magazin\/wp-json\/wp\/v2\/types\/page"}],"author":[{"embeddable":true,"href":"https:\/\/uelzener.de\/magazin\/wp-json\/wp\/v2\/users\/1"}],"replies":[{"embeddable":true,"href":"https:\/\/uelzener.de\/magazin\/wp-json\/wp\/v2\/comments?post=10023"}],"version-history":[{"count":12,"href":"https:\/\/uelzener.de\/magazin\/wp-json\/wp\/v2\/pages\/10023\/revisions"}],"predecessor-version":[{"id":15843,"href":"https:\/\/uelzener.de\/magazin\/wp-json\/wp\/v2\/pages\/10023\/revisions\/15843"}],"up":[{"embeddable":true,"href":"https:\/\/uelzener.de\/magazin\/wp-json\/wp\/v2\/pages\/2475"}],"wp:featuredmedia":[{"embeddable":true,"href":"https:\/\/uelzener.de\/magazin\/wp-json\/wp\/v2\/media\/10613"}],"wp:attachment":[{"href":"https:\/\/uelzener.de\/magazin\/wp-json\/wp\/v2\/media?parent=10023"}],"curies":[{"name":"wp","href":"https:\/\/api.w.org\/{rel}","templated":true}]}}