{"id":10022,"date":"2016-11-08T00:00:00","date_gmt":"2016-11-07T23:00:00","guid":{"rendered":""},"modified":"2023-02-21T14:20:27","modified_gmt":"2023-02-21T13:20:27","slug":"erster-hund","status":"publish","type":"page","link":"https:\/\/uelzener.de\/magazin\/hund\/tipps-fuer-den-alltag\/erster-hund\/","title":{"rendered":"Der erste Hund: Was muss ich beachten?"},"content":{"rendered":"<p><strong>Bevor man sich zum ersten Mal einen Hund anschafft, m\u00fcssen eine Menge Dinge gekl\u00e4rt werden. Neben der finanziellen Seite sind auch einige rechtliche Dinge zu beachten, die zuk\u00fcnftige Hundehalter vorher abkl\u00e4ren sollten.<\/strong><\/p>\n<p>F\u00fcr alle, die zur Miete wohnen: Ein ganz wichtiger Punkt ist der Blick in den Mietvertrag. Hier ist geregelt, ob Hundehaltung erlaubt ist. Ist ein individuelles Verbot vereinbart worden, stehen die Chancen eher schlecht. Steht im Vertrag nichts zur Hundehaltung, z\u00e4hlt die Interessenabw\u00e4gung zwischen Mieter, Vermieter und den Parteien eines Mietshauses. Ein gro\u00dfer Hund in einer Einzimmerwohnung d\u00fcrfte beispielsweise schwerer durchzusetzen sein als bei einem gemieteten Einfamilienhaus. Wenn andere Mieter bereits einen Hund halten oder eine Seniorin einen kleinen Gesellschaftshund haben m\u00f6chte, stehen die Chancen gut. Andererseits kann der Vermieter bei an sich erlaubter Hundehaltung diese auch wieder verbieten, wenn von dem Hund eine Gefahr ausgeht oder er durch andauerndes Gebell besonders nachts die Nachbarn st\u00f6rt. Ein pauschales Verbot der Hundehaltung, wie es in manchen Mietvertr\u00e4gen bereits vorformuliert ist, ist nach der neueren Rechtsprechung unzul\u00e4ssig. Auch hier z\u00e4hlt die Interessenabw\u00e4gung.<\/p>\n<p>Als n\u00e4chstes steht ein Gang zum Ordnungsamt der Gemeinde auf dem Programm. Hier erf\u00e4hrt man, welche Bedingungen f\u00fcr die Hundehaltung erf\u00fcllt werden m\u00fcssen, zum Beispiel ein Sachkundenachweis, der Abschluss einer Tierhalterhaftpflicht und ob der Hund gechipt werden muss. Hier bekommt man auch Unterlagen f\u00fcr die Meldung des Hundes, f\u00fcr die Hundesteuer und Informationen, wo er noch gemeldet sein muss (in Niedersachsen und Hamburg beispielsweise beim Hunderegister).<\/p>\n<p>Der Sachkundenachweis (\u201eHundef\u00fchrerschein\u201c) ist in Niedersachsen f\u00fcr alle Rassen Pflicht. Jeder, der plant, sich einen Hund anzuschaffen (\u201eErsthundehalter\u201c), muss vor dem Kauf des Hundes eine theoretische Pr\u00fcfung ablegen. Das bedeutet, dass man sich rechtzeitig vor dem Kauf um einen solchen Kurs bem\u00fchen muss. Im ersten Jahr nach der Aufnahme der Hundehaltung muss eine praktische Pr\u00fcfung mit Hund durchgef\u00fchrt werden. Des Weiteren besteht nat\u00fcrlich immer die M\u00f6glichkeit, freiwillig einen Hundef\u00fchrerschein abzulegen, etwa beim Verband f\u00fcr das Deutsche Hundewesen (VDH). In Hamburg kann der Hundehalter sich durch das Ablegen einer Gehorsamspr\u00fcfung von der allgemein geltenden Leinenpflicht befreien lassen.<\/p>\n<p>Wer einen Kampfhund kaufen m\u00f6chte, muss gesonderte Regelungen (zum Beispiel in Bezug auf Sachkundenachweis, Wesenstest) je nach Bundesland beachten.<\/p>\n<p>Sehr sinnvoll ist der Abschluss einer Tierhalterhaftpflicht. In Niedersachsen, Hamburg, Berlin, Sachsen-Anhalt und Th\u00fcringen ist sie Voraussetzung f\u00fcr die Hundehaltung. Bei als gef\u00e4hrlich eingestuften Hunden\/Hunderassen ist sie mittlerweile in vielen Bundesl\u00e4ndern Pflicht.<\/p>\n<p>Sind diese Dinge erst einmal abgekl\u00e4rt, steht dem Familienzuwachs nichts mehr im Wege. Sehr sinnvoll ist der Abschluss einer <a href=\"https:\/\/uelzener.de\/hund\/hunde-haftpflichtversicherung\/\"><strong>Hunde-Haftpflicht-Versicherung<\/strong><\/a>.<\/p>\n","protected":false},"excerpt":{"rendered":"<p>Bevor man sich zum ersten Mal einen Hund anschafft, m\u00fcssen eine Menge Dinge gekl\u00e4rt werden. Neben der finanziellen Seite sind auch einige rechtliche Dinge zu beachten, die zuk\u00fcnftige Hundehalter vorher abkl\u00e4ren sollten. F\u00fcr alle, die zur Miete wohnen: Ein ganz wichtiger Punkt ist der Blick in den Mietvertrag. Hier ist geregelt, ob Hundehaltung erlaubt ist. [&hellip;]<\/p>\n","protected":false},"author":1,"featured_media":10612,"parent":11707,"menu_order":12,"comment_status":"closed","ping_status":"closed","template":"templates\/blog.php","meta":{"_acf_changed":false,"_crdt_document":"","footnotes":"","beyondwords_generate_audio":"","beyondwords_project_id":"","beyondwords_content_id":"","beyondwords_preview_token":"","beyondwords_player_style":"","beyondwords_language_id":"","beyondwords_title_voice_id":"","beyondwords_body_voice_id":"","beyondwords_summary_voice_id":"","beyondwords_error_message":"","beyondwords_disabled":"","beyondwords_delete_content":"","beyondwords_podcast_id":"","beyondwords_hash":"","publish_post_to_speechkit":"","speechkit_hash":"","speechkit_generate_audio":"","speechkit_project_id":"","speechkit_podcast_id":"","speechkit_error_message":"","speechkit_disabled":"","speechkit_access_key":"","speechkit_error":"","speechkit_info":"","speechkit_response":"","speechkit_retries":"","speechkit_status":"","speechkit_updated_at":"","_speechkit_link":"","_speechkit_text":""},"class_list":["post-10022","page","type-page","status-publish","has-post-thumbnail","hentry"],"acf":[],"yoast_head":"<!-- This site is optimized with the Yoast SEO Premium plugin  - https:\/\/yoast.com\/product\/yoast-seo-premium-wordpress\/ -->\n<title>Erster Hund \u2013 das solltest Du beachten | Uelzener<\/title>\n<meta name=\"description\" content=\"Darauf solltest Du bei der Anschaffung Deines ersten Hundes achten \u2713 Hundef\u00fchrerschein \u2713 Versicherung \u2713 uvm. \u25b6 Mehr erfahren!\" \/>\n<meta name=\"robots\" content=\"index, follow, max-snippet:-1, max-image-preview:large, max-video-preview:-1\" \/>\n<link rel=\"canonical\" href=\"https:\/\/uelzener.de\/magazin\/hund\/tipps-fuer-den-alltag\/erster-hund\/\" \/>\n<meta property=\"og:locale\" content=\"de_DE\" \/>\n<meta property=\"og:type\" content=\"article\" \/>\n<meta property=\"og:title\" content=\"Der erste Hund: Was muss ich beachten?\" \/>\n<meta property=\"og:description\" content=\"Darauf solltest Du bei der Anschaffung Deines ersten Hundes achten \u2713 Hundef\u00fchrerschein \u2713 Versicherung \u2713 uvm. \u25b6 Mehr erfahren!\" \/>\n<meta property=\"og:url\" content=\"https:\/\/uelzener.de\/magazin\/hund\/tipps-fuer-den-alltag\/erster-hund\/\" \/>\n<meta property=\"og:site_name\" content=\"Uelzener Tier-Magazin\" \/>\n<meta property=\"article:publisher\" content=\"https:\/\/www.facebook.com\/Uelzener\" \/>\n<meta property=\"article:modified_time\" content=\"2023-02-21T13:20:27+00:00\" \/>\n<meta property=\"og:image\" content=\"https:\/\/uelzener.de\/magazin\/app\/uploads\/2016\/11\/63c4bfb4-8b5f-4008-b324-0928643d34d5.jpg\" \/>\n\t<meta property=\"og:image:width\" content=\"650\" \/>\n\t<meta property=\"og:image:height\" content=\"432\" \/>\n\t<meta property=\"og:image:type\" content=\"image\/jpeg\" \/>\n<meta name=\"twitter:card\" content=\"summary_large_image\" \/>\n<meta name=\"twitter:label1\" content=\"Gesch\u00e4tzte Lesezeit\" \/>\n\t<meta name=\"twitter:data1\" content=\"2\u00a0Minuten\" \/>\n<script type=\"application\/ld+json\" class=\"yoast-schema-graph\">{\"@context\":\"https:\/\/schema.org\",\"@graph\":[{\"@type\":\"WebPage\",\"@id\":\"https:\/\/uelzener.de\/magazin\/hund\/tipps-fuer-den-alltag\/erster-hund\/\",\"url\":\"https:\/\/uelzener.de\/magazin\/hund\/tipps-fuer-den-alltag\/erster-hund\/\",\"name\":\"Erster Hund \u2013 das solltest Du beachten | Uelzener\",\"isPartOf\":{\"@id\":\"https:\/\/uelzener.de\/magazin\/#website\"},\"primaryImageOfPage\":{\"@id\":\"https:\/\/uelzener.de\/magazin\/hund\/tipps-fuer-den-alltag\/erster-hund\/#primaryimage\"},\"image\":{\"@id\":\"https:\/\/uelzener.de\/magazin\/hund\/tipps-fuer-den-alltag\/erster-hund\/#primaryimage\"},\"thumbnailUrl\":\"https:\/\/uelzener.de\/magazin\/app\/uploads\/2016\/11\/63c4bfb4-8b5f-4008-b324-0928643d34d5.jpg\",\"datePublished\":\"2016-11-07T23:00:00+00:00\",\"dateModified\":\"2023-02-21T13:20:27+00:00\",\"description\":\"Darauf solltest Du bei der Anschaffung Deines ersten Hundes achten \u2713 Hundef\u00fchrerschein \u2713 Versicherung \u2713 uvm. \u25b6 Mehr erfahren!\",\"breadcrumb\":{\"@id\":\"https:\/\/uelzener.de\/magazin\/hund\/tipps-fuer-den-alltag\/erster-hund\/#breadcrumb\"},\"inLanguage\":\"de\",\"potentialAction\":[{\"@type\":\"ReadAction\",\"target\":[\"https:\/\/uelzener.de\/magazin\/hund\/tipps-fuer-den-alltag\/erster-hund\/\"]}]},{\"@type\":\"ImageObject\",\"inLanguage\":\"de\",\"@id\":\"https:\/\/uelzener.de\/magazin\/hund\/tipps-fuer-den-alltag\/erster-hund\/#primaryimage\",\"url\":\"https:\/\/uelzener.de\/magazin\/app\/uploads\/2016\/11\/63c4bfb4-8b5f-4008-b324-0928643d34d5.jpg\",\"contentUrl\":\"https:\/\/uelzener.de\/magazin\/app\/uploads\/2016\/11\/63c4bfb4-8b5f-4008-b324-0928643d34d5.jpg\",\"width\":650,\"height\":432,\"caption\":\"Zwei Welpen sitzen drau\u00dfen im K\u00f6rbchen bei Sonne, wer wird der erste Hund f\u00fcr den neuen Besitzer sein.\"},{\"@type\":\"WebSite\",\"@id\":\"https:\/\/uelzener.de\/magazin\/#website\",\"url\":\"https:\/\/uelzener.de\/magazin\/\",\"name\":\"Uelzener Tiermagazin\",\"description\":\"Online Tierratgeber der Uelzener Versicherungen\",\"publisher\":{\"@id\":\"https:\/\/uelzener.de\/magazin\/#organization\"},\"potentialAction\":[{\"@type\":\"SearchAction\",\"target\":{\"@type\":\"EntryPoint\",\"urlTemplate\":\"https:\/\/uelzener.de\/magazin\/?s={search_term_string}\"},\"query-input\":{\"@type\":\"PropertyValueSpecification\",\"valueRequired\":true,\"valueName\":\"search_term_string\"}}],\"inLanguage\":\"de\"},{\"@type\":\"Organization\",\"@id\":\"https:\/\/uelzener.de\/magazin\/#organization\",\"name\":\"Uelzener Versicherungen\",\"url\":\"https:\/\/uelzener.de\/magazin\/\",\"logo\":{\"@type\":\"ImageObject\",\"inLanguage\":\"de\",\"@id\":\"https:\/\/uelzener.de\/magazin\/#\/schema\/logo\/image\/\",\"url\":\"https:\/\/uelzener.de\/magazin\/app\/uploads\/2024\/11\/uelzener_allgemeine_versicherungsgesellschaft_a_g_logo.jpg\",\"contentUrl\":\"https:\/\/uelzener.de\/magazin\/app\/uploads\/2024\/11\/uelzener_allgemeine_versicherungsgesellschaft_a_g_logo.jpg\",\"width\":200,\"height\":200,\"caption\":\"Uelzener Versicherungen\"},\"image\":{\"@id\":\"https:\/\/uelzener.de\/magazin\/#\/schema\/logo\/image\/\"},\"sameAs\":[\"https:\/\/www.facebook.com\/Uelzener\",\"https:\/\/instagram.com\/uelzener\",\"https:\/\/www.xing.com\/pages\/uelzenerallgemeineversicherungs-gesellschafta-g\",\"https:\/\/www.youtube.com\/UelzenerVersicherungen\"]}]}<\/script>\n<!-- \/ Yoast SEO Premium plugin. -->","yoast_head_json":{"title":"Erster Hund \u2013 das solltest Du beachten | Uelzener","description":"Darauf solltest Du bei der Anschaffung Deines ersten Hundes achten \u2713 Hundef\u00fchrerschein \u2713 Versicherung \u2713 uvm. \u25b6 Mehr erfahren!","robots":{"index":"index","follow":"follow","max-snippet":"max-snippet:-1","max-image-preview":"max-image-preview:large","max-video-preview":"max-video-preview:-1"},"canonical":"https:\/\/uelzener.de\/magazin\/hund\/tipps-fuer-den-alltag\/erster-hund\/","og_locale":"de_DE","og_type":"article","og_title":"Der erste Hund: Was muss ich beachten?","og_description":"Darauf solltest Du bei der Anschaffung Deines ersten Hundes achten \u2713 Hundef\u00fchrerschein \u2713 Versicherung \u2713 uvm. \u25b6 Mehr erfahren!","og_url":"https:\/\/uelzener.de\/magazin\/hund\/tipps-fuer-den-alltag\/erster-hund\/","og_site_name":"Uelzener Tier-Magazin","article_publisher":"https:\/\/www.facebook.com\/Uelzener","article_modified_time":"2023-02-21T13:20:27+00:00","og_image":[{"width":650,"height":432,"url":"https:\/\/uelzener.de\/magazin\/app\/uploads\/2016\/11\/63c4bfb4-8b5f-4008-b324-0928643d34d5.jpg","type":"image\/jpeg"}],"twitter_card":"summary_large_image","twitter_misc":{"Gesch\u00e4tzte Lesezeit":"2\u00a0Minuten"},"schema":{"@context":"https:\/\/schema.org","@graph":[{"@type":"WebPage","@id":"https:\/\/uelzener.de\/magazin\/hund\/tipps-fuer-den-alltag\/erster-hund\/","url":"https:\/\/uelzener.de\/magazin\/hund\/tipps-fuer-den-alltag\/erster-hund\/","name":"Erster Hund \u2013 das solltest Du beachten | Uelzener","isPartOf":{"@id":"https:\/\/uelzener.de\/magazin\/#website"},"primaryImageOfPage":{"@id":"https:\/\/uelzener.de\/magazin\/hund\/tipps-fuer-den-alltag\/erster-hund\/#primaryimage"},"image":{"@id":"https:\/\/uelzener.de\/magazin\/hund\/tipps-fuer-den-alltag\/erster-hund\/#primaryimage"},"thumbnailUrl":"https:\/\/uelzener.de\/magazin\/app\/uploads\/2016\/11\/63c4bfb4-8b5f-4008-b324-0928643d34d5.jpg","datePublished":"2016-11-07T23:00:00+00:00","dateModified":"2023-02-21T13:20:27+00:00","description":"Darauf solltest Du bei der Anschaffung Deines ersten Hundes achten \u2713 Hundef\u00fchrerschein \u2713 Versicherung \u2713 uvm. \u25b6 Mehr erfahren!","breadcrumb":{"@id":"https:\/\/uelzener.de\/magazin\/hund\/tipps-fuer-den-alltag\/erster-hund\/#breadcrumb"},"inLanguage":"de","potentialAction":[{"@type":"ReadAction","target":["https:\/\/uelzener.de\/magazin\/hund\/tipps-fuer-den-alltag\/erster-hund\/"]}]},{"@type":"ImageObject","inLanguage":"de","@id":"https:\/\/uelzener.de\/magazin\/hund\/tipps-fuer-den-alltag\/erster-hund\/#primaryimage","url":"https:\/\/uelzener.de\/magazin\/app\/uploads\/2016\/11\/63c4bfb4-8b5f-4008-b324-0928643d34d5.jpg","contentUrl":"https:\/\/uelzener.de\/magazin\/app\/uploads\/2016\/11\/63c4bfb4-8b5f-4008-b324-0928643d34d5.jpg","width":650,"height":432,"caption":"Zwei Welpen sitzen drau\u00dfen im K\u00f6rbchen bei Sonne, wer wird der erste Hund f\u00fcr den neuen Besitzer sein."},{"@type":"WebSite","@id":"https:\/\/uelzener.de\/magazin\/#website","url":"https:\/\/uelzener.de\/magazin\/","name":"Uelzener Tiermagazin","description":"Online Tierratgeber der Uelzener Versicherungen","publisher":{"@id":"https:\/\/uelzener.de\/magazin\/#organization"},"potentialAction":[{"@type":"SearchAction","target":{"@type":"EntryPoint","urlTemplate":"https:\/\/uelzener.de\/magazin\/?s={search_term_string}"},"query-input":{"@type":"PropertyValueSpecification","valueRequired":true,"valueName":"search_term_string"}}],"inLanguage":"de"},{"@type":"Organization","@id":"https:\/\/uelzener.de\/magazin\/#organization","name":"Uelzener Versicherungen","url":"https:\/\/uelzener.de\/magazin\/","logo":{"@type":"ImageObject","inLanguage":"de","@id":"https:\/\/uelzener.de\/magazin\/#\/schema\/logo\/image\/","url":"https:\/\/uelzener.de\/magazin\/app\/uploads\/2024\/11\/uelzener_allgemeine_versicherungsgesellschaft_a_g_logo.jpg","contentUrl":"https:\/\/uelzener.de\/magazin\/app\/uploads\/2024\/11\/uelzener_allgemeine_versicherungsgesellschaft_a_g_logo.jpg","width":200,"height":200,"caption":"Uelzener Versicherungen"},"image":{"@id":"https:\/\/uelzener.de\/magazin\/#\/schema\/logo\/image\/"},"sameAs":["https:\/\/www.facebook.com\/Uelzener","https:\/\/instagram.com\/uelzener","https:\/\/www.xing.com\/pages\/uelzenerallgemeineversicherungs-gesellschafta-g","https:\/\/www.youtube.com\/UelzenerVersicherungen"]}]}},"_links":{"self":[{"href":"https:\/\/uelzener.de\/magazin\/wp-json\/wp\/v2\/pages\/10022","targetHints":{"allow":["GET"]}}],"collection":[{"href":"https:\/\/uelzener.de\/magazin\/wp-json\/wp\/v2\/pages"}],"about":[{"href":"https:\/\/uelzener.de\/magazin\/wp-json\/wp\/v2\/types\/page"}],"author":[{"embeddable":true,"href":"https:\/\/uelzener.de\/magazin\/wp-json\/wp\/v2\/users\/1"}],"replies":[{"embeddable":true,"href":"https:\/\/uelzener.de\/magazin\/wp-json\/wp\/v2\/comments?post=10022"}],"version-history":[{"count":4,"href":"https:\/\/uelzener.de\/magazin\/wp-json\/wp\/v2\/pages\/10022\/revisions"}],"predecessor-version":[{"id":14141,"href":"https:\/\/uelzener.de\/magazin\/wp-json\/wp\/v2\/pages\/10022\/revisions\/14141"}],"up":[{"embeddable":true,"href":"https:\/\/uelzener.de\/magazin\/wp-json\/wp\/v2\/pages\/11707"}],"wp:featuredmedia":[{"embeddable":true,"href":"https:\/\/uelzener.de\/magazin\/wp-json\/wp\/v2\/media\/10612"}],"wp:attachment":[{"href":"https:\/\/uelzener.de\/magazin\/wp-json\/wp\/v2\/media?parent=10022"}],"curies":[{"name":"wp","href":"https:\/\/api.w.org\/{rel}","templated":true}]}}